{"id":5959,"date":"2025-05-19T16:20:16","date_gmt":"2025-05-19T14:20:16","guid":{"rendered":"https:\/\/ge24h.com\/producto\/suhagra-100mg\/"},"modified":"2026-01-16T11:10:31","modified_gmt":"2026-01-16T10:10:31","slug":"suhagra-100mg","status":"publish","type":"product","link":"https:\/\/ge24h.com\/it\/producto\/suhagra-100mg\/","title":{"rendered":"Suhagra 100mg"},"content":{"rendered":"<h3>Nome del farmaco: Suhagra<\/h3>\n<h3>Nome generico: citrato di sildenafil<\/h3>\n<p>&nbsp;<\/p>\n<h4><strong>Qual \u00e8 la cosa pi\u00f9 importante che dovrei sapere su Suhagra?<\/strong><\/h4>\n<ul>\n<li>Contiene esattamente lo stesso principio attivo e nello stesso dosaggio di altri prodotti simili, come il Viagra, producendo lo stesso effetto.<\/li>\n<li>Viene venduto a un prezzo molto pi\u00f9 basso, il che lo rende un&#8217;alternativa conveniente per molti uomini.<\/li>\n<li>Non assumere Suhagra per scopi diversi da quelli prescritti dal medico.<\/li>\n<li>Non condividere questo medicinale con altre persone.<\/li>\n<li>Questo medicinale non protegge dalle malattie sessualmente trasmissibili (ad esempio HIV, epatite B, gonorrea, sifilide).<\/li>\n<\/ul>\n<p>&nbsp;<\/p>\n<h4><strong>Che cos&#8217;\u00e8 Suhagra?<\/strong><\/h4>\n<p>Suhagra \u00e8 una delle varianti pi\u00f9 popolari di citrato di sildenafil. Contiene esattamente lo stesso principio attivo e nello stesso dosaggio di altri farmaci come il Viagra, producendo lo stesso effetto. Viene venduto a un prezzo considerevolmente inferiore, il che ha portato molti uomini a preferirlo.  <\/p>\n<p><strong>Perch\u00e9 pagare di pi\u00f9 quando con Suhagra puoi ottenere gli stessi risultati a un costo inferiore?<\/strong><\/p>\n<h4><strong>Cosa dovrei discutere con il mio medico prima di assumere Suhagra?<\/strong><\/h4>\n<ul>\n<li>Utilizzare questo medicinale solo se prescritto dal medico.<\/li>\n<li>Non utilizzarlo per scopi diversi da quelli prescritti dal medico.<\/li>\n<li>Informa il tuo medico se hai avuto reazioni avverse ad altri medicinali simili.<\/li>\n<li>Controlla se stai assumendo altri farmaci o se hai patologie che potrebbero interferire.<\/li>\n<\/ul>\n<p>&nbsp;<\/p>\n<h4><strong>Come dovrei assumere Suhagra?<\/strong><\/h4>\n<ul>\n<li>Suhagra (citrato di sildenafil) viene somministrato per via orale, da 30 minuti a 4 ore prima dell&#8217;attivit\u00e0 sessuale.<\/li>\n<li>L&#8217;effetto migliore si ottiene assumendo il farmaco 1 ora prima del rapporto sessuale.<\/li>\n<li>Si consiglia di assumere una sola compressa al giorno, solo quando necessario.<\/li>\n<li>Questo farmaco funziona solo in presenza di stimolazione sessuale.<\/li>\n<\/ul>\n<p>&nbsp;<\/p>\n<h4><strong>Cosa succede se assumo una dose?<\/strong><\/h4>\n<p>Suhagra (citrato di sildenafil) viene assunto solo quando necessario, quindi <strong>Non \u00e8 comune dimenticare una dose.<\/strong><\/p>\n<h4><strong>Cosa succede in caso di sovradosaggio?<\/strong><\/h4>\n<p>In caso di sospetto sovradosaggio, <strong>consultare immediatamente un medico.<\/strong> I sintomi possono includere: <\/p>\n<ul>\n<li>Vertigini gravi<\/li>\n<li>Fatica<\/li>\n<li>erezioni prolungate<\/li>\n<\/ul>\n<p>&nbsp;<\/p>\n<h4><strong>Cosa dovrei evitare durante l&#8217;assunzione di Suhagra?<\/strong><\/h4>\n<ul>\n<li>Non assumere Suhagra per scopi diversi da quelli indicati.<\/li>\n<li>Non condividere il medicinale con altre persone.<\/li>\n<li>Evita di avere rapporti sessuali se il tuo medico te lo ha consigliato.<\/li>\n<\/ul>\n<p>&nbsp;<\/p>\n<h4><strong>Quali sono i possibili effetti collaterali di Suhagra?<\/strong><\/h4>\n<h4><strong>Effetti minori<\/strong><\/h4>\n<ul>\n<li>Mal di testa<\/li>\n<li>Rossore del viso<\/li>\n<li>Stomaco sconvolto<\/li>\n<li>Congestione nasale<\/li>\n<li>Diarrea<\/li>\n<li>Vertigini<\/li>\n<\/ul>\n<p>Se questi sintomi persistono o peggiorano, <strong> informare immediatamente il medico. <\/strong><\/p>\n<h4><strong>Effetti gravi:<\/strong><\/h4>\n<ul>\n<li>Dolore o altro fastidio durante la minzione<\/li>\n<li>Problemi di vista<\/li>\n<li>Eruzioni cutanee<\/li>\n<li>Dolore al petto<\/li>\n<li>Svenimento<\/li>\n<li>Gonfiore delle caviglie o dei piedi<\/li>\n<li>Erezione prolungata (pi\u00f9 di 4 ore) o dolorosa<\/li>\n<\/ul>\n<p>In questi casi, <strong> interrompere l&#8217;uso e consultare immediatamente un medico. <\/strong> Se si notano altri sintomi non elencati sopra, consultare il medico o il farmacista. <\/p>\n<p>&nbsp;<\/p>\n<h4><strong>Come si conserva Suhagra?<\/strong><\/h4>\n<p>Conservare il medicinale a <strong>temperatura ambiente tra 15 e 30 gradi C <\/strong> (59 e 86 gradi F), al riparo dalla luce e dall&#8217;umidit\u00e0.<\/p>\n<p>HO QUESTO E QUALSIASI ALTRO MEDICINALE FUORI DALLA PORTATA DEI BAMBINI.<\/p>\n<p>&nbsp;<\/p>\n<h4><strong>Nota importante:<\/strong><\/h4>\n<p>Le informazioni fornite sono solo a scopo informativo e non devono essere <strong>utilizzate come supplemento o sostituzione del parere del medico, del farmacista o di un operatore sanitario.<\/strong> L&#8217;assunzione di questo farmaco non deve essere considerata sicura, appropriata o efficace senza un adeguato consulto medico. <\/p>\n","protected":false},"excerpt":{"rendered":"<p>Essendo uno dei produttori di farmaci generici pi\u00f9 rinomati, Cipla si \u00e8 impegnata a sviluppare e perfezionare il citrato di sildenafil affinch\u00e9 corrisponda sotto ogni aspetto alla sua formula originale.<\/p>\n<ul>\n<li>Stesso effetto del Viagra a un costo inferiore.<\/li>\n<li>Azione rapida ed efficace.<\/li>\n<li>Una delle scelte pi\u00f9 popolari tra gli uomini.<\/li>\n<\/ul>\n","protected":false},"featured_media":4137,"comment_status":"open","ping_status":"closed","template":"","meta":[],"product_brand":[498],"product_cat":[350,360],"product_tag":[],"class_list":{"0":"post-5959","1":"product","2":"type-product","3":"status-publish","4":"has-post-thumbnail","6":"product_brand-cipla-it","7":"product_cat-salute-delluomo","8":"product_cat-in-primo-piano","10":"first","11":"instock","12":"taxable","13":"shipping-taxable","14":"purchasable","15":"product-type-variable"},"yoast_head":"<!-- This site is optimized with the Yoast SEO plugin v25.6 - https:\/\/yoast.com\/wordpress\/plugins\/seo\/ -->\n<title>Suhagra 100mg - Ge24h<\/title>\n<meta name=\"description\" content=\"Acquista Suhagra 100 mg. Ottieni subito i migliori farmaci generici al miglior prezzo sul nostro sito web. Acquista farmaci generici.\" \/>\n<meta name=\"robots\" content=\"index, follow, max-snippet:-1, max-image-preview:large, max-video-preview:-1\" \/>\n<link rel=\"canonical\" href=\"https:\/\/ge24h.com\/it\/producto\/suhagra-100mg\/\" \/>\n<meta property=\"og:locale\" content=\"it_IT\" \/>\n<meta property=\"og:type\" content=\"article\" \/>\n<meta property=\"og:title\" content=\"Suhagra 100mg - Ge24h\" \/>\n<meta property=\"og:description\" content=\"Acquista Suhagra 100 mg. Ottieni subito i migliori farmaci generici al miglior prezzo sul nostro sito web. Acquista farmaci generici.\" \/>\n<meta property=\"og:url\" content=\"https:\/\/ge24h.com\/it\/producto\/suhagra-100mg\/\" \/>\n<meta property=\"og:site_name\" content=\"Ge24h\" \/>\n<meta property=\"article:modified_time\" content=\"2026-01-16T10:10:31+00:00\" \/>\n<meta property=\"og:image\" content=\"https:\/\/ge24h.com\/wp-content\/uploads\/suhagra.webp\" \/>\n\t<meta property=\"og:image:width\" content=\"700\" \/>\n\t<meta property=\"og:image:height\" content=\"700\" \/>\n\t<meta property=\"og:image:type\" content=\"image\/webp\" \/>\n<meta name=\"twitter:card\" content=\"summary_large_image\" \/>\n<meta name=\"twitter:label1\" content=\"Tempo di lettura stimato\" \/>\n\t<meta name=\"twitter:data1\" content=\"3 minuti\" \/>\n<script type=\"application\/ld+json\" class=\"yoast-schema-graph\">{\"@context\":\"https:\/\/schema.org\",\"@graph\":[{\"@type\":\"WebPage\",\"@id\":\"https:\/\/ge24h.com\/it\/producto\/suhagra-100mg\/\",\"url\":\"https:\/\/ge24h.com\/it\/producto\/suhagra-100mg\/\",\"name\":\"Suhagra 100mg - Ge24h\",\"isPartOf\":{\"@id\":\"https:\/\/ge24h.com\/#website\"},\"primaryImageOfPage\":{\"@id\":\"https:\/\/ge24h.com\/it\/producto\/suhagra-100mg\/#primaryimage\"},\"image\":{\"@id\":\"https:\/\/ge24h.com\/it\/producto\/suhagra-100mg\/#primaryimage\"},\"thumbnailUrl\":\"https:\/\/ge24h.com\/wp-content\/uploads\/suhagra.webp\",\"datePublished\":\"2025-05-19T14:20:16+00:00\",\"dateModified\":\"2026-01-16T10:10:31+00:00\",\"description\":\"Acquista Suhagra 100 mg. Ottieni subito i migliori farmaci generici al miglior prezzo sul nostro sito web. Acquista farmaci generici.\",\"breadcrumb\":{\"@id\":\"https:\/\/ge24h.com\/it\/producto\/suhagra-100mg\/#breadcrumb\"},\"inLanguage\":\"it-IT\",\"potentialAction\":[{\"@type\":\"ReadAction\",\"target\":[\"https:\/\/ge24h.com\/it\/producto\/suhagra-100mg\/\"]}]},{\"@type\":\"ImageObject\",\"inLanguage\":\"it-IT\",\"@id\":\"https:\/\/ge24h.com\/it\/producto\/suhagra-100mg\/#primaryimage\",\"url\":\"https:\/\/ge24h.com\/wp-content\/uploads\/suhagra.webp\",\"contentUrl\":\"https:\/\/ge24h.com\/wp-content\/uploads\/suhagra.webp\",\"width\":700,\"height\":700,\"caption\":\"Suhagra 100mg\"},{\"@type\":\"BreadcrumbList\",\"@id\":\"https:\/\/ge24h.com\/it\/producto\/suhagra-100mg\/#breadcrumb\",\"itemListElement\":[{\"@type\":\"ListItem\",\"position\":1,\"name\":\"Portada\",\"item\":\"https:\/\/ge24h.com\/it\/\"},{\"@type\":\"ListItem\",\"position\":2,\"name\":\"negozio\",\"item\":\"https:\/\/ge24h.com\/it\/negozio\/\"},{\"@type\":\"ListItem\",\"position\":3,\"name\":\"Suhagra 100mg\"}]},{\"@type\":\"WebSite\",\"@id\":\"https:\/\/ge24h.com\/#website\",\"url\":\"https:\/\/ge24h.com\/\",\"name\":\"Ge24h\",\"description\":\"Medicamentos Gen\u00e9ricos, Finpecia, Kamagra, Sidenafil, Tadalafil\",\"publisher\":{\"@id\":\"https:\/\/ge24h.com\/#organization\"},\"potentialAction\":[{\"@type\":\"SearchAction\",\"target\":{\"@type\":\"EntryPoint\",\"urlTemplate\":\"https:\/\/ge24h.com\/?s={search_term_string}\"},\"query-input\":{\"@type\":\"PropertyValueSpecification\",\"valueRequired\":true,\"valueName\":\"search_term_string\"}}],\"inLanguage\":\"it-IT\"},{\"@type\":\"Organization\",\"@id\":\"https:\/\/ge24h.com\/#organization\",\"name\":\"Ge24h\",\"url\":\"https:\/\/ge24h.com\/\",\"logo\":{\"@type\":\"ImageObject\",\"inLanguage\":\"it-IT\",\"@id\":\"https:\/\/ge24h.com\/#\/schema\/logo\/image\/\",\"url\":\"https:\/\/ge24h.com\/wp-content\/uploads\/logo-1.svg\",\"contentUrl\":\"https:\/\/ge24h.com\/wp-content\/uploads\/logo-1.svg\",\"width\":200,\"height\":58,\"caption\":\"Ge24h\"},\"image\":{\"@id\":\"https:\/\/ge24h.com\/#\/schema\/logo\/image\/\"}}]}<\/script>\n<!-- \/ Yoast SEO plugin. -->","yoast_head_json":{"title":"Suhagra 100mg - Ge24h","description":"Acquista Suhagra 100 mg. Ottieni subito i migliori farmaci generici al miglior prezzo sul nostro sito web. Acquista farmaci generici.","robots":{"index":"index","follow":"follow","max-snippet":"max-snippet:-1","max-image-preview":"max-image-preview:large","max-video-preview":"max-video-preview:-1"},"canonical":"https:\/\/ge24h.com\/it\/producto\/suhagra-100mg\/","og_locale":"it_IT","og_type":"article","og_title":"Suhagra 100mg - Ge24h","og_description":"Acquista Suhagra 100 mg. Ottieni subito i migliori farmaci generici al miglior prezzo sul nostro sito web. Acquista farmaci generici.","og_url":"https:\/\/ge24h.com\/it\/producto\/suhagra-100mg\/","og_site_name":"Ge24h","article_modified_time":"2026-01-16T10:10:31+00:00","og_image":[{"width":700,"height":700,"url":"https:\/\/ge24h.com\/wp-content\/uploads\/suhagra.webp","type":"image\/webp"}],"twitter_card":"summary_large_image","twitter_misc":{"Tempo di lettura stimato":"3 minuti"},"schema":{"@context":"https:\/\/schema.org","@graph":[{"@type":"WebPage","@id":"https:\/\/ge24h.com\/it\/producto\/suhagra-100mg\/","url":"https:\/\/ge24h.com\/it\/producto\/suhagra-100mg\/","name":"Suhagra 100mg - Ge24h","isPartOf":{"@id":"https:\/\/ge24h.com\/#website"},"primaryImageOfPage":{"@id":"https:\/\/ge24h.com\/it\/producto\/suhagra-100mg\/#primaryimage"},"image":{"@id":"https:\/\/ge24h.com\/it\/producto\/suhagra-100mg\/#primaryimage"},"thumbnailUrl":"https:\/\/ge24h.com\/wp-content\/uploads\/suhagra.webp","datePublished":"2025-05-19T14:20:16+00:00","dateModified":"2026-01-16T10:10:31+00:00","description":"Acquista Suhagra 100 mg. Ottieni subito i migliori farmaci generici al miglior prezzo sul nostro sito web. Acquista farmaci generici.","breadcrumb":{"@id":"https:\/\/ge24h.com\/it\/producto\/suhagra-100mg\/#breadcrumb"},"inLanguage":"it-IT","potentialAction":[{"@type":"ReadAction","target":["https:\/\/ge24h.com\/it\/producto\/suhagra-100mg\/"]}]},{"@type":"ImageObject","inLanguage":"it-IT","@id":"https:\/\/ge24h.com\/it\/producto\/suhagra-100mg\/#primaryimage","url":"https:\/\/ge24h.com\/wp-content\/uploads\/suhagra.webp","contentUrl":"https:\/\/ge24h.com\/wp-content\/uploads\/suhagra.webp","width":700,"height":700,"caption":"Suhagra 100mg"},{"@type":"BreadcrumbList","@id":"https:\/\/ge24h.com\/it\/producto\/suhagra-100mg\/#breadcrumb","itemListElement":[{"@type":"ListItem","position":1,"name":"Portada","item":"https:\/\/ge24h.com\/it\/"},{"@type":"ListItem","position":2,"name":"negozio","item":"https:\/\/ge24h.com\/it\/negozio\/"},{"@type":"ListItem","position":3,"name":"Suhagra 100mg"}]},{"@type":"WebSite","@id":"https:\/\/ge24h.com\/#website","url":"https:\/\/ge24h.com\/","name":"Ge24h","description":"Medicamentos Gen\u00e9ricos, Finpecia, Kamagra, Sidenafil, Tadalafil","publisher":{"@id":"https:\/\/ge24h.com\/#organization"},"potentialAction":[{"@type":"SearchAction","target":{"@type":"EntryPoint","urlTemplate":"https:\/\/ge24h.com\/?s={search_term_string}"},"query-input":{"@type":"PropertyValueSpecification","valueRequired":true,"valueName":"search_term_string"}}],"inLanguage":"it-IT"},{"@type":"Organization","@id":"https:\/\/ge24h.com\/#organization","name":"Ge24h","url":"https:\/\/ge24h.com\/","logo":{"@type":"ImageObject","inLanguage":"it-IT","@id":"https:\/\/ge24h.com\/#\/schema\/logo\/image\/","url":"https:\/\/ge24h.com\/wp-content\/uploads\/logo-1.svg","contentUrl":"https:\/\/ge24h.com\/wp-content\/uploads\/logo-1.svg","width":200,"height":58,"caption":"Ge24h"},"image":{"@id":"https:\/\/ge24h.com\/#\/schema\/logo\/image\/"}}]}},"_links":{"self":[{"href":"https:\/\/ge24h.com\/it\/wp-json\/wp\/v2\/product\/5959","targetHints":{"allow":["GET"]}}],"collection":[{"href":"https:\/\/ge24h.com\/it\/wp-json\/wp\/v2\/product"}],"about":[{"href":"https:\/\/ge24h.com\/it\/wp-json\/wp\/v2\/types\/product"}],"replies":[{"embeddable":true,"href":"https:\/\/ge24h.com\/it\/wp-json\/wp\/v2\/comments?post=5959"}],"wp:featuredmedia":[{"embeddable":true,"href":"https:\/\/ge24h.com\/it\/wp-json\/wp\/v2\/media\/4137"}],"wp:attachment":[{"href":"https:\/\/ge24h.com\/it\/wp-json\/wp\/v2\/media?parent=5959"}],"wp:term":[{"taxonomy":"product_brand","embeddable":true,"href":"https:\/\/ge24h.com\/it\/wp-json\/wp\/v2\/product_brand?post=5959"},{"taxonomy":"product_cat","embeddable":true,"href":"https:\/\/ge24h.com\/it\/wp-json\/wp\/v2\/product_cat?post=5959"},{"taxonomy":"product_tag","embeddable":true,"href":"https:\/\/ge24h.com\/it\/wp-json\/wp\/v2\/product_tag?post=5959"}],"curies":[{"name":"wp","href":"https:\/\/api.w.org\/{rel}","templated":true}]}}