{"id":5952,"date":"2025-05-21T13:09:33","date_gmt":"2025-05-21T11:09:33","guid":{"rendered":"https:\/\/ge24h.com\/producto\/tadacip-20mg\/"},"modified":"2025-07-18T15:18:43","modified_gmt":"2025-07-18T13:18:43","slug":"tadacip-20mg","status":"publish","type":"product","link":"https:\/\/ge24h.com\/it\/producto\/tadacip-20mg\/","title":{"rendered":"Tadacip 20mg"},"content":{"rendered":"<h3><strong>Nome del farmaco: <\/strong> Tadacip<\/h3>\n<h3><strong>Nome generico:<\/strong> Tadalafil<\/h3>\n<p>&nbsp;<\/p>\n<h4><strong>Qual \u00e8 la cosa pi\u00f9 importante che dovrei sapere su Tadacip?<\/strong><\/h4>\n<ul>\n<li>Tadacip (Tadalafil) deve essere assunto solo come indicato dal medico.<\/li>\n<li>Non usare Tadacip per scopi diversi da quelli prescritti dal medico.<\/li>\n<li>L&#8217;uso di Tadacip non protegge dalle malattie sessualmente trasmissibili (ad esempio HIV, epatite B, gonorrea, sifilide).<\/li>\n<li>Non condividere questo medicinale con altre persone, poich\u00e9 potrebbero non avere la stessa diagnosi o non ricevere la stessa cura appropriata.<\/li>\n<\/ul>\n<p>&nbsp;<\/p>\n<h4><strong>Che cos&#8217;\u00e8 Tadacip?<\/strong><\/h4>\n<p>Tadacip (Tadalafil) \u00e8 un farmaco sviluppato da Cipla, uno dei produttori di farmaci generici pi\u00f9 rinomati. \u00c8 una versione generica del Tadalafil originale, utilizzato per il trattamento della disfunzione erettile. <\/p>\n<p>Tadacip \u00e8 diventato il prodotto di punta della gamma di prodotti generici di Cipla.<\/p>\n<p><strong>I clienti ne elogiano l&#8217;efficacia e il costo contenuto r<\/strong>ispetto ai farmaci di marca. Con Tadacip (Tadalafil), puoi godere di tutti i benefici del Tadalafil&#8230; a un prezzo inferiore! <\/p>\n<p>&nbsp;<\/p>\n<h4><strong>Cosa dovrei discutere con il mio medico prima di assumere Tadacip?<\/strong><\/h4>\n<ul>\n<li><strong>Consultare il medico se si stanno assumendo altri medicinali<\/strong> o si soffre di qualsiasi condizione medica che potrebbe interferire con l&#8217;uso di Tadacip.<\/li>\n<li>Non usare Tadacip per scopi diversi da quelli prescritti dal medico.<\/li>\n<\/ul>\n<p>&nbsp;<\/p>\n<h4><strong>Come dovrei assumere Tadacip?<\/strong><\/h4>\n<ul>\n<li><strong>Assumere Tadacip (Tadalafil) secondo necessit\u00e0, fino a una volta al giorno, o come indicato dal medico.<\/strong><\/li>\n<li>Deve essere assunto per via orale con un bicchiere pieno d&#8217;acqua, <strong> almeno mezz&#8217;ora prima dell&#8217;attivit\u00e0 sessuale.<\/strong><\/li>\n<li>Questo medicinale pu\u00f2 essere assunto <strong>con o senza cibo.<\/strong><\/li>\n<li>Tadacip aiuta a raggiungere l&#8217;erezione durante la <strong>stimolazione sessuale.<\/strong> Non provoca <strong>automaticamente l&#8217;erezione.<\/strong><\/li>\n<\/ul>\n<p>&nbsp;<\/p>\n<h4><strong>Cosa succede se assumo una dose?<\/strong><\/h4>\n<p>Tadacip (Tadalafil) si assume quando necessario, quindi non \u00e8 possibile dimenticare una dose.<\/p>\n<p>Tuttavia, se assume questo medicinale regolarmente ogni giorno e dimentica una dose, la assuma non appena se ne ricorda. Se \u00e8 quasi l&#8217;ora della dose successiva, salti la dose dimenticata e continui con il suo normale regime di assunzione.  <strong>Non assumere una dose doppia per compensare la dimenticanza della dose.<\/strong><\/p>\n<p>&nbsp;<\/p>\n<h4><strong>Cosa succede in caso di sovradosaggio?<\/strong><\/h4>\n<p>Se si sospetta di aver assunto un sovradosaggio di questo medicinale, <strong>rivolgersi al pronto soccorso.<\/strong><\/p>\n<p><strong>I sintomi di un sovradosaggio possono includere:<\/strong><\/p>\n<ul>\n<li>Dolore al petto<\/li>\n<li>Nausea<\/li>\n<li>Battiti cardiaci irregolari<\/li>\n<li>Sensazione di vertigini o perdita di coscienza<\/li>\n<\/ul>\n<p>&nbsp;<\/p>\n<h4><strong>Cosa dovrei evitare durante l&#8217;assunzione di Tadacip?<\/strong><\/h4>\n<ul>\n<li><strong>Non utilizzare Tadacip per scopi diversi da quelli prescritti.<\/strong><\/li>\n<li><strong>Non condividere questo medicinale con altre persone.<\/strong><\/li>\n<li><strong>Non usare questo medicinale come metodo di protezione contro le malattie sessualmente trasmissibili.<\/strong><\/li>\n<\/ul>\n<p>&nbsp;<\/p>\n<h4><strong>Quali sono i possibili effetti collaterali di Tadacip?<\/strong><\/h4>\n<h4><strong>Effetti gravi:<\/strong><\/h4>\n<ul>\n<li><strong>Reazione allergica (difficolt\u00e0 respiratorie, chiusura della gola, gonfiore delle labbra, della lingua o del viso, orticaria)<\/strong><\/li>\n<li><strong>Dolore al petto o battito cardiaco irregolare<\/strong><\/li>\n<li><strong>Vertigini, nausea o angina (dolore, tensione, fastidio, intorpidimento)<\/strong><\/li>\n<\/ul>\n<p>&nbsp;<\/p>\n<h4><strong>Effetti minori<\/strong><\/h4>\n<p>Non sono stati segnalati effetti collaterali minori specifici. Se si verificano sintomi insoliti o fastidiosi, consultare il medico. <\/p>\n<p>&nbsp;<\/p>\n<h4><strong>Quali farmaci possono interagire con Tadacip?<\/strong><\/h4>\n<p>Il contenuto fornito non menziona alcun farmaco specifico che interagisca con Tadacip. <strong>Consultare sempre il medico prima di associarlo<\/strong> ad altri trattamenti. <\/p>\n<p>&nbsp;<\/p>\n<h4><strong>Come devo conservare Tadacip?<\/strong><\/h4>\n<ul>\n<li>Conservare il medicinale a temperatura ambiente, tra 15 e 30 gradi C <strong>(59 e 86 gradi F).<\/strong><\/li>\n<li>Proteggere dalla luce e dall&#8217;umidit\u00e0.<\/li>\n<li><strong>TENERE QUESTO E TUTTI I MEDICINALI FUORI DALLA PORTATA DEI BAMBINI.<\/strong><\/li>\n<\/ul>\n","protected":false},"excerpt":{"rendered":"<p><span class=\"hps\">Grazie <\/span> <span class=\"hps\">ai suoi effetti<\/span> <span class=\"hps\">rapidi e <\/span><span class=\"hps\">duraturi,<\/span> <span class=\"hps\">il <\/span> <span class=\"hps\">Tadalafil<\/span> \u00e8 rapidamente <span class=\"hps\">diventato uno<\/span> <span class=\"hps\"><span class=\"hps\">dei farmaci pi\u00f9 popolari tra tutti <\/span> <span class=\"hps\">per la DE.<\/span><\/span><\/p>\n<ul>\n<li>Efficacia elevata e comprovata.<\/li>\n<li>Lunga durata.<\/li>\n<li>Maggiore risparmio.<\/li>\n<\/ul>\n","protected":false},"featured_media":5049,"comment_status":"open","ping_status":"closed","template":"","meta":[],"product_brand":[498],"product_cat":[350,360],"product_tag":[],"class_list":{"0":"post-5952","1":"product","2":"type-product","3":"status-publish","4":"has-post-thumbnail","6":"product_brand-cipla-it","7":"product_cat-salute-delluomo","8":"product_cat-in-primo-piano","10":"first","11":"instock","12":"taxable","13":"shipping-taxable","14":"purchasable","15":"product-type-variable"},"yoast_head":"<!-- This site is optimized with the Yoast SEO plugin v25.6 - https:\/\/yoast.com\/wordpress\/plugins\/seo\/ -->\n<title>Tadacip 20mg - Ge24h<\/title>\n<meta name=\"description\" content=\"Acquista Tadacip 20 mg. Ottieni subito i migliori farmaci generici al miglior prezzo sul nostro sito web. Acquista farmaci generici.\" \/>\n<meta name=\"robots\" content=\"index, follow, max-snippet:-1, max-image-preview:large, max-video-preview:-1\" \/>\n<link rel=\"canonical\" href=\"https:\/\/ge24h.com\/it\/producto\/tadacip-20mg\/\" \/>\n<meta property=\"og:locale\" content=\"it_IT\" \/>\n<meta property=\"og:type\" content=\"article\" \/>\n<meta property=\"og:title\" content=\"Tadacip 20mg - Ge24h\" \/>\n<meta property=\"og:description\" content=\"Acquista Tadacip 20 mg. Ottieni subito i migliori farmaci generici al miglior prezzo sul nostro sito web. Acquista farmaci generici.\" \/>\n<meta property=\"og:url\" content=\"https:\/\/ge24h.com\/it\/producto\/tadacip-20mg\/\" \/>\n<meta property=\"og:site_name\" content=\"Ge24h\" \/>\n<meta property=\"article:modified_time\" content=\"2025-07-18T13:18:43+00:00\" \/>\n<meta property=\"og:image\" content=\"https:\/\/ge24h.com\/wp-content\/uploads\/tadacip-1.png\" \/>\n\t<meta property=\"og:image:width\" content=\"800\" \/>\n\t<meta property=\"og:image:height\" content=\"800\" \/>\n\t<meta property=\"og:image:type\" content=\"image\/png\" \/>\n<meta name=\"twitter:card\" content=\"summary_large_image\" \/>\n<meta name=\"twitter:label1\" content=\"Tempo di lettura stimato\" \/>\n\t<meta name=\"twitter:data1\" content=\"3 minuti\" \/>\n<script type=\"application\/ld+json\" class=\"yoast-schema-graph\">{\"@context\":\"https:\/\/schema.org\",\"@graph\":[{\"@type\":\"WebPage\",\"@id\":\"https:\/\/ge24h.com\/it\/producto\/tadacip-20mg\/\",\"url\":\"https:\/\/ge24h.com\/it\/producto\/tadacip-20mg\/\",\"name\":\"Tadacip 20mg - Ge24h\",\"isPartOf\":{\"@id\":\"https:\/\/ge24h.com\/#website\"},\"primaryImageOfPage\":{\"@id\":\"https:\/\/ge24h.com\/it\/producto\/tadacip-20mg\/#primaryimage\"},\"image\":{\"@id\":\"https:\/\/ge24h.com\/it\/producto\/tadacip-20mg\/#primaryimage\"},\"thumbnailUrl\":\"https:\/\/ge24h.com\/wp-content\/uploads\/tadacip-1.png\",\"datePublished\":\"2025-05-21T11:09:33+00:00\",\"dateModified\":\"2025-07-18T13:18:43+00:00\",\"description\":\"Acquista Tadacip 20 mg. Ottieni subito i migliori farmaci generici al miglior prezzo sul nostro sito web. Acquista farmaci generici.\",\"breadcrumb\":{\"@id\":\"https:\/\/ge24h.com\/it\/producto\/tadacip-20mg\/#breadcrumb\"},\"inLanguage\":\"it-IT\",\"potentialAction\":[{\"@type\":\"ReadAction\",\"target\":[\"https:\/\/ge24h.com\/it\/producto\/tadacip-20mg\/\"]}]},{\"@type\":\"ImageObject\",\"inLanguage\":\"it-IT\",\"@id\":\"https:\/\/ge24h.com\/it\/producto\/tadacip-20mg\/#primaryimage\",\"url\":\"https:\/\/ge24h.com\/wp-content\/uploads\/tadacip-1.png\",\"contentUrl\":\"https:\/\/ge24h.com\/wp-content\/uploads\/tadacip-1.png\",\"width\":800,\"height\":800,\"caption\":\"Tadacip 20mg\"},{\"@type\":\"BreadcrumbList\",\"@id\":\"https:\/\/ge24h.com\/it\/producto\/tadacip-20mg\/#breadcrumb\",\"itemListElement\":[{\"@type\":\"ListItem\",\"position\":1,\"name\":\"Portada\",\"item\":\"https:\/\/ge24h.com\/it\/\"},{\"@type\":\"ListItem\",\"position\":2,\"name\":\"negozio\",\"item\":\"https:\/\/ge24h.com\/it\/negozio\/\"},{\"@type\":\"ListItem\",\"position\":3,\"name\":\"Tadacip 20mg\"}]},{\"@type\":\"WebSite\",\"@id\":\"https:\/\/ge24h.com\/#website\",\"url\":\"https:\/\/ge24h.com\/\",\"name\":\"Ge24h\",\"description\":\"Medicamentos Gen\u00e9ricos, Finpecia, Kamagra, Sidenafil, Tadalafil\",\"publisher\":{\"@id\":\"https:\/\/ge24h.com\/#organization\"},\"potentialAction\":[{\"@type\":\"SearchAction\",\"target\":{\"@type\":\"EntryPoint\",\"urlTemplate\":\"https:\/\/ge24h.com\/?s={search_term_string}\"},\"query-input\":{\"@type\":\"PropertyValueSpecification\",\"valueRequired\":true,\"valueName\":\"search_term_string\"}}],\"inLanguage\":\"it-IT\"},{\"@type\":\"Organization\",\"@id\":\"https:\/\/ge24h.com\/#organization\",\"name\":\"Ge24h\",\"url\":\"https:\/\/ge24h.com\/\",\"logo\":{\"@type\":\"ImageObject\",\"inLanguage\":\"it-IT\",\"@id\":\"https:\/\/ge24h.com\/#\/schema\/logo\/image\/\",\"url\":\"https:\/\/ge24h.com\/wp-content\/uploads\/logo-1.svg\",\"contentUrl\":\"https:\/\/ge24h.com\/wp-content\/uploads\/logo-1.svg\",\"width\":200,\"height\":58,\"caption\":\"Ge24h\"},\"image\":{\"@id\":\"https:\/\/ge24h.com\/#\/schema\/logo\/image\/\"}}]}<\/script>\n<!-- \/ Yoast SEO plugin. -->","yoast_head_json":{"title":"Tadacip 20mg - Ge24h","description":"Acquista Tadacip 20 mg. Ottieni subito i migliori farmaci generici al miglior prezzo sul nostro sito web. Acquista farmaci generici.","robots":{"index":"index","follow":"follow","max-snippet":"max-snippet:-1","max-image-preview":"max-image-preview:large","max-video-preview":"max-video-preview:-1"},"canonical":"https:\/\/ge24h.com\/it\/producto\/tadacip-20mg\/","og_locale":"it_IT","og_type":"article","og_title":"Tadacip 20mg - Ge24h","og_description":"Acquista Tadacip 20 mg. Ottieni subito i migliori farmaci generici al miglior prezzo sul nostro sito web. Acquista farmaci generici.","og_url":"https:\/\/ge24h.com\/it\/producto\/tadacip-20mg\/","og_site_name":"Ge24h","article_modified_time":"2025-07-18T13:18:43+00:00","og_image":[{"width":800,"height":800,"url":"https:\/\/ge24h.com\/wp-content\/uploads\/tadacip-1.png","type":"image\/png"}],"twitter_card":"summary_large_image","twitter_misc":{"Tempo di lettura stimato":"3 minuti"},"schema":{"@context":"https:\/\/schema.org","@graph":[{"@type":"WebPage","@id":"https:\/\/ge24h.com\/it\/producto\/tadacip-20mg\/","url":"https:\/\/ge24h.com\/it\/producto\/tadacip-20mg\/","name":"Tadacip 20mg - Ge24h","isPartOf":{"@id":"https:\/\/ge24h.com\/#website"},"primaryImageOfPage":{"@id":"https:\/\/ge24h.com\/it\/producto\/tadacip-20mg\/#primaryimage"},"image":{"@id":"https:\/\/ge24h.com\/it\/producto\/tadacip-20mg\/#primaryimage"},"thumbnailUrl":"https:\/\/ge24h.com\/wp-content\/uploads\/tadacip-1.png","datePublished":"2025-05-21T11:09:33+00:00","dateModified":"2025-07-18T13:18:43+00:00","description":"Acquista Tadacip 20 mg. Ottieni subito i migliori farmaci generici al miglior prezzo sul nostro sito web. Acquista farmaci generici.","breadcrumb":{"@id":"https:\/\/ge24h.com\/it\/producto\/tadacip-20mg\/#breadcrumb"},"inLanguage":"it-IT","potentialAction":[{"@type":"ReadAction","target":["https:\/\/ge24h.com\/it\/producto\/tadacip-20mg\/"]}]},{"@type":"ImageObject","inLanguage":"it-IT","@id":"https:\/\/ge24h.com\/it\/producto\/tadacip-20mg\/#primaryimage","url":"https:\/\/ge24h.com\/wp-content\/uploads\/tadacip-1.png","contentUrl":"https:\/\/ge24h.com\/wp-content\/uploads\/tadacip-1.png","width":800,"height":800,"caption":"Tadacip 20mg"},{"@type":"BreadcrumbList","@id":"https:\/\/ge24h.com\/it\/producto\/tadacip-20mg\/#breadcrumb","itemListElement":[{"@type":"ListItem","position":1,"name":"Portada","item":"https:\/\/ge24h.com\/it\/"},{"@type":"ListItem","position":2,"name":"negozio","item":"https:\/\/ge24h.com\/it\/negozio\/"},{"@type":"ListItem","position":3,"name":"Tadacip 20mg"}]},{"@type":"WebSite","@id":"https:\/\/ge24h.com\/#website","url":"https:\/\/ge24h.com\/","name":"Ge24h","description":"Medicamentos Gen\u00e9ricos, Finpecia, Kamagra, Sidenafil, Tadalafil","publisher":{"@id":"https:\/\/ge24h.com\/#organization"},"potentialAction":[{"@type":"SearchAction","target":{"@type":"EntryPoint","urlTemplate":"https:\/\/ge24h.com\/?s={search_term_string}"},"query-input":{"@type":"PropertyValueSpecification","valueRequired":true,"valueName":"search_term_string"}}],"inLanguage":"it-IT"},{"@type":"Organization","@id":"https:\/\/ge24h.com\/#organization","name":"Ge24h","url":"https:\/\/ge24h.com\/","logo":{"@type":"ImageObject","inLanguage":"it-IT","@id":"https:\/\/ge24h.com\/#\/schema\/logo\/image\/","url":"https:\/\/ge24h.com\/wp-content\/uploads\/logo-1.svg","contentUrl":"https:\/\/ge24h.com\/wp-content\/uploads\/logo-1.svg","width":200,"height":58,"caption":"Ge24h"},"image":{"@id":"https:\/\/ge24h.com\/#\/schema\/logo\/image\/"}}]}},"_links":{"self":[{"href":"https:\/\/ge24h.com\/it\/wp-json\/wp\/v2\/product\/5952","targetHints":{"allow":["GET"]}}],"collection":[{"href":"https:\/\/ge24h.com\/it\/wp-json\/wp\/v2\/product"}],"about":[{"href":"https:\/\/ge24h.com\/it\/wp-json\/wp\/v2\/types\/product"}],"replies":[{"embeddable":true,"href":"https:\/\/ge24h.com\/it\/wp-json\/wp\/v2\/comments?post=5952"}],"wp:featuredmedia":[{"embeddable":true,"href":"https:\/\/ge24h.com\/it\/wp-json\/wp\/v2\/media\/5049"}],"wp:attachment":[{"href":"https:\/\/ge24h.com\/it\/wp-json\/wp\/v2\/media?parent=5952"}],"wp:term":[{"taxonomy":"product_brand","embeddable":true,"href":"https:\/\/ge24h.com\/it\/wp-json\/wp\/v2\/product_brand?post=5952"},{"taxonomy":"product_cat","embeddable":true,"href":"https:\/\/ge24h.com\/it\/wp-json\/wp\/v2\/product_cat?post=5952"},{"taxonomy":"product_tag","embeddable":true,"href":"https:\/\/ge24h.com\/it\/wp-json\/wp\/v2\/product_tag?post=5952"}],"curies":[{"name":"wp","href":"https:\/\/api.w.org\/{rel}","templated":true}]}}