{"id":5920,"date":"2025-05-19T12:52:24","date_gmt":"2025-05-19T10:52:24","guid":{"rendered":"https:\/\/ge24h.com\/producto\/trial-pack\/"},"modified":"2026-01-16T11:24:38","modified_gmt":"2026-01-16T10:24:38","slug":"trial-pack","status":"publish","type":"product","link":"https:\/\/ge24h.com\/it\/producto\/trial-pack\/","title":{"rendered":"Trial Pack"},"content":{"rendered":"<p>Offriamo confezioni di prova per la disfunzione erettile contenenti tutti e tre i farmaci (Viagra, Cialis e Levitra). Questa eccellente variet\u00e0 di diversi tipi di pillole pu\u00f2 aiutarti a confrontarne gli effetti e a scegliere l&#8217;opzione migliore. Tutti questi farmaci generici appartengono alla classe degli inibitori della PDE5. Tutte le informazioni necessarie su questa confezione sono disponibili online. Puoi anche acquistare la confezione di prova presso le farmacie locali, ma di solito vendono pillole di marca anzich\u00e9 generici.    <\/p>\n<p>&nbsp;<\/p>\n<h4>Domande frequenti sul pacchetto di prova ED<\/h4>\n<h4>Come funziona il pacchetto di prova ED?<\/h4>\n<p>Tutti i trattamenti per la disfunzione erettile agiscono allo stesso modo, bloccando l&#8217;effetto dell&#8217;enzima PDE5. La differenza sta essenzialmente negli ingredienti. Ad esempio, il sildenafil citrato \u00e8 presente nel Viagra, il varfenafil cloridrato nel Levitra e il tadalafil nel Cialis. Tutti contribuiscono ad aumentare il flusso sanguigno al pene, consentendo agli uomini di avere erezioni pi\u00f9 forti e quindi di completare il rapporto sessuale.  <\/p>\n<p>Questi tre farmaci sono stati approvati dalla FDA. Online \u00e8 disponibile una grande quantit\u00e0 di informazioni su questi prodotti e, grazie alla loro popolarit\u00e0, \u00e8 possibile trovare forum e blog dove discutere le proprie domande e comprenderne meglio il funzionamento. <\/p>\n<h4>Effetti collaterali del pacchetto di prova ED<\/h4>\n<p>Gli effetti collaterali pi\u00f9 comuni di tutti i farmaci per la disfunzione erettile sono nausea, mal di testa, rossore al viso e congestione nasale. Si consiglia di consultare il medico per qualsiasi possibile effetto collaterale e di cercare di evitarlo. \u00c8 importante prestare attenzione al dosaggio. Le donne dovrebbero evitare di assumere questi farmaci, soprattutto durante la gravidanza e l&#8217;allattamento. Evitate alcol e succo di pompelmo, poich\u00e9 possono causare un pericoloso calo della pressione sanguigna.    <\/p>\n<h4>Raccomandazioni<\/h4>\n<p>Non assumere contemporaneamente due farmaci della confezione di prova per la disfunzione erettile. Lasciare sempre trascorrere un intervallo di 24-48 ore tra una dose e l&#8217;altra, soprattutto se si sta valutando di passare a un altro farmaco. Tutti e tre i farmaci impiegano dai 30 minuti a un&#8217;ora per fare effetto, e tenere presente che \u00e8 necessario essere sessualmente stimolati.  <\/p>\n<p>Qual \u00e8 la dose contenuta in ogni compressa della confezione di prova ED?<\/p>\n<p><strong>La confezione contiene 100 mg di citrato di Sildenafil (dose forte), 20 mg di Vardenafil e 20 mg di Tadalafil.<\/strong><\/p>\n<h4>Dove e come posso acquistare?<\/h4>\n<p>Puoi acquistare il kit di prova per la disfunzione erettile su Ge24h.com. Acquistando questo kit di prova, potrai determinare quale farmaco \u00e8 pi\u00f9 adatto a te.<br \/>\nConfronta i prezzi dei farmaci su vari siti web e scoprirai che i nostri prezzi sono i migliori sul mercato.   <\/p>\n<h4>Perch\u00e9 il pacchetto di prova ED di Ge24h.com \u00e8 pi\u00f9 economico rispetto ad altre farmacie?<\/h4>\n<p>Ge24h offre prodotti ai migliori prezzi sul mercato.<br \/>\nDado que importamos grandes cantidades de productos de distintos fabricantes aprobados por la FDA, nos permite obtener mejores precios y descuentos, y ese beneficio es trasmitido a nuestros clientes. <\/p>\n","protected":false},"excerpt":{"rendered":"<p><strong>Confezione 1:<\/strong> 5 Sildenafil Citrato 100 mg + 5 Levitra + 5 Tadalafil<\/p>\n<p><strong>Confezione da 2: <\/strong> 10 Sildenafil Citrato 100 mg + 10 Levitra + 10 Tadalafilwpml_linebreak<\/p>\n<p><strong>Confezione da 3:<\/strong>20 Sildenafil Citrato 100mg + 20 Levitra + 20 Tadalafi<\/p>\n","protected":false},"featured_media":14101,"comment_status":"open","ping_status":"closed","template":"","meta":[],"product_brand":[],"product_cat":[350,360],"product_tag":[],"class_list":{"0":"post-5920","1":"product","2":"type-product","3":"status-publish","4":"has-post-thumbnail","6":"product_cat-salute-delluomo","7":"product_cat-in-primo-piano","9":"first","10":"instock","11":"taxable","12":"shipping-taxable","13":"purchasable","14":"product-type-variable"},"yoast_head":"<!-- This site is optimized with the Yoast SEO plugin v25.6 - https:\/\/yoast.com\/wordpress\/plugins\/seo\/ -->\n<title>Trial Pack - Ge24h<\/title>\n<meta name=\"description\" content=\"Pacchetto di prova: acquista un pacchetto di prova generico. Ottieni i migliori farmaci generici al miglior prezzo sul nostro sito web. Acquista farmaci generici.\" \/>\n<meta name=\"robots\" content=\"index, follow, max-snippet:-1, max-image-preview:large, max-video-preview:-1\" \/>\n<link rel=\"canonical\" href=\"https:\/\/ge24h.com\/it\/producto\/trial-pack\/\" \/>\n<meta property=\"og:locale\" content=\"it_IT\" \/>\n<meta property=\"og:type\" content=\"article\" \/>\n<meta property=\"og:title\" content=\"Trial Pack - Ge24h\" \/>\n<meta property=\"og:description\" content=\"Pacchetto di prova: acquista un pacchetto di prova generico. Ottieni i migliori farmaci generici al miglior prezzo sul nostro sito web. Acquista farmaci generici.\" \/>\n<meta property=\"og:url\" content=\"https:\/\/ge24h.com\/it\/producto\/trial-pack\/\" \/>\n<meta property=\"og:site_name\" content=\"Ge24h\" \/>\n<meta property=\"article:modified_time\" content=\"2026-01-16T10:24:38+00:00\" \/>\n<meta property=\"og:image\" content=\"https:\/\/ge24h.com\/wp-content\/uploads\/pack-viagra.png\" \/>\n\t<meta property=\"og:image:width\" content=\"600\" \/>\n\t<meta property=\"og:image:height\" content=\"600\" \/>\n\t<meta property=\"og:image:type\" content=\"image\/png\" \/>\n<meta name=\"twitter:card\" content=\"summary_large_image\" \/>\n<meta name=\"twitter:label1\" content=\"Tempo di lettura stimato\" \/>\n\t<meta name=\"twitter:data1\" content=\"2 minuti\" \/>\n<script type=\"application\/ld+json\" class=\"yoast-schema-graph\">{\"@context\":\"https:\/\/schema.org\",\"@graph\":[{\"@type\":\"WebPage\",\"@id\":\"https:\/\/ge24h.com\/it\/producto\/trial-pack\/\",\"url\":\"https:\/\/ge24h.com\/it\/producto\/trial-pack\/\",\"name\":\"Trial Pack - Ge24h\",\"isPartOf\":{\"@id\":\"https:\/\/ge24h.com\/#website\"},\"primaryImageOfPage\":{\"@id\":\"https:\/\/ge24h.com\/it\/producto\/trial-pack\/#primaryimage\"},\"image\":{\"@id\":\"https:\/\/ge24h.com\/it\/producto\/trial-pack\/#primaryimage\"},\"thumbnailUrl\":\"https:\/\/ge24h.com\/wp-content\/uploads\/pack-viagra.png\",\"datePublished\":\"2025-05-19T10:52:24+00:00\",\"dateModified\":\"2026-01-16T10:24:38+00:00\",\"description\":\"Pacchetto di prova: acquista un pacchetto di prova generico. Ottieni i migliori farmaci generici al miglior prezzo sul nostro sito web. Acquista farmaci generici.\",\"breadcrumb\":{\"@id\":\"https:\/\/ge24h.com\/it\/producto\/trial-pack\/#breadcrumb\"},\"inLanguage\":\"it-IT\",\"potentialAction\":[{\"@type\":\"ReadAction\",\"target\":[\"https:\/\/ge24h.com\/it\/producto\/trial-pack\/\"]}]},{\"@type\":\"ImageObject\",\"inLanguage\":\"it-IT\",\"@id\":\"https:\/\/ge24h.com\/it\/producto\/trial-pack\/#primaryimage\",\"url\":\"https:\/\/ge24h.com\/wp-content\/uploads\/pack-viagra.png\",\"contentUrl\":\"https:\/\/ge24h.com\/wp-content\/uploads\/pack-viagra.png\",\"width\":600,\"height\":600},{\"@type\":\"BreadcrumbList\",\"@id\":\"https:\/\/ge24h.com\/it\/producto\/trial-pack\/#breadcrumb\",\"itemListElement\":[{\"@type\":\"ListItem\",\"position\":1,\"name\":\"Portada\",\"item\":\"https:\/\/ge24h.com\/it\/\"},{\"@type\":\"ListItem\",\"position\":2,\"name\":\"negozio\",\"item\":\"https:\/\/ge24h.com\/it\/negozio\/\"},{\"@type\":\"ListItem\",\"position\":3,\"name\":\"Trial Pack\"}]},{\"@type\":\"WebSite\",\"@id\":\"https:\/\/ge24h.com\/#website\",\"url\":\"https:\/\/ge24h.com\/\",\"name\":\"Ge24h\",\"description\":\"Medicamentos Gen\u00e9ricos, Finpecia, Kamagra, Sidenafil, Tadalafil\",\"publisher\":{\"@id\":\"https:\/\/ge24h.com\/#organization\"},\"potentialAction\":[{\"@type\":\"SearchAction\",\"target\":{\"@type\":\"EntryPoint\",\"urlTemplate\":\"https:\/\/ge24h.com\/?s={search_term_string}\"},\"query-input\":{\"@type\":\"PropertyValueSpecification\",\"valueRequired\":true,\"valueName\":\"search_term_string\"}}],\"inLanguage\":\"it-IT\"},{\"@type\":\"Organization\",\"@id\":\"https:\/\/ge24h.com\/#organization\",\"name\":\"Ge24h\",\"url\":\"https:\/\/ge24h.com\/\",\"logo\":{\"@type\":\"ImageObject\",\"inLanguage\":\"it-IT\",\"@id\":\"https:\/\/ge24h.com\/#\/schema\/logo\/image\/\",\"url\":\"https:\/\/ge24h.com\/wp-content\/uploads\/logo-1.svg\",\"contentUrl\":\"https:\/\/ge24h.com\/wp-content\/uploads\/logo-1.svg\",\"width\":200,\"height\":58,\"caption\":\"Ge24h\"},\"image\":{\"@id\":\"https:\/\/ge24h.com\/#\/schema\/logo\/image\/\"}}]}<\/script>\n<!-- \/ Yoast SEO plugin. -->","yoast_head_json":{"title":"Trial Pack - Ge24h","description":"Pacchetto di prova: acquista un pacchetto di prova generico. Ottieni i migliori farmaci generici al miglior prezzo sul nostro sito web. Acquista farmaci generici.","robots":{"index":"index","follow":"follow","max-snippet":"max-snippet:-1","max-image-preview":"max-image-preview:large","max-video-preview":"max-video-preview:-1"},"canonical":"https:\/\/ge24h.com\/it\/producto\/trial-pack\/","og_locale":"it_IT","og_type":"article","og_title":"Trial Pack - Ge24h","og_description":"Pacchetto di prova: acquista un pacchetto di prova generico. Ottieni i migliori farmaci generici al miglior prezzo sul nostro sito web. Acquista farmaci generici.","og_url":"https:\/\/ge24h.com\/it\/producto\/trial-pack\/","og_site_name":"Ge24h","article_modified_time":"2026-01-16T10:24:38+00:00","og_image":[{"width":600,"height":600,"url":"https:\/\/ge24h.com\/wp-content\/uploads\/pack-viagra.png","type":"image\/png"}],"twitter_card":"summary_large_image","twitter_misc":{"Tempo di lettura stimato":"2 minuti"},"schema":{"@context":"https:\/\/schema.org","@graph":[{"@type":"WebPage","@id":"https:\/\/ge24h.com\/it\/producto\/trial-pack\/","url":"https:\/\/ge24h.com\/it\/producto\/trial-pack\/","name":"Trial Pack - Ge24h","isPartOf":{"@id":"https:\/\/ge24h.com\/#website"},"primaryImageOfPage":{"@id":"https:\/\/ge24h.com\/it\/producto\/trial-pack\/#primaryimage"},"image":{"@id":"https:\/\/ge24h.com\/it\/producto\/trial-pack\/#primaryimage"},"thumbnailUrl":"https:\/\/ge24h.com\/wp-content\/uploads\/pack-viagra.png","datePublished":"2025-05-19T10:52:24+00:00","dateModified":"2026-01-16T10:24:38+00:00","description":"Pacchetto di prova: acquista un pacchetto di prova generico. Ottieni i migliori farmaci generici al miglior prezzo sul nostro sito web. Acquista farmaci generici.","breadcrumb":{"@id":"https:\/\/ge24h.com\/it\/producto\/trial-pack\/#breadcrumb"},"inLanguage":"it-IT","potentialAction":[{"@type":"ReadAction","target":["https:\/\/ge24h.com\/it\/producto\/trial-pack\/"]}]},{"@type":"ImageObject","inLanguage":"it-IT","@id":"https:\/\/ge24h.com\/it\/producto\/trial-pack\/#primaryimage","url":"https:\/\/ge24h.com\/wp-content\/uploads\/pack-viagra.png","contentUrl":"https:\/\/ge24h.com\/wp-content\/uploads\/pack-viagra.png","width":600,"height":600},{"@type":"BreadcrumbList","@id":"https:\/\/ge24h.com\/it\/producto\/trial-pack\/#breadcrumb","itemListElement":[{"@type":"ListItem","position":1,"name":"Portada","item":"https:\/\/ge24h.com\/it\/"},{"@type":"ListItem","position":2,"name":"negozio","item":"https:\/\/ge24h.com\/it\/negozio\/"},{"@type":"ListItem","position":3,"name":"Trial Pack"}]},{"@type":"WebSite","@id":"https:\/\/ge24h.com\/#website","url":"https:\/\/ge24h.com\/","name":"Ge24h","description":"Medicamentos Gen\u00e9ricos, Finpecia, Kamagra, Sidenafil, Tadalafil","publisher":{"@id":"https:\/\/ge24h.com\/#organization"},"potentialAction":[{"@type":"SearchAction","target":{"@type":"EntryPoint","urlTemplate":"https:\/\/ge24h.com\/?s={search_term_string}"},"query-input":{"@type":"PropertyValueSpecification","valueRequired":true,"valueName":"search_term_string"}}],"inLanguage":"it-IT"},{"@type":"Organization","@id":"https:\/\/ge24h.com\/#organization","name":"Ge24h","url":"https:\/\/ge24h.com\/","logo":{"@type":"ImageObject","inLanguage":"it-IT","@id":"https:\/\/ge24h.com\/#\/schema\/logo\/image\/","url":"https:\/\/ge24h.com\/wp-content\/uploads\/logo-1.svg","contentUrl":"https:\/\/ge24h.com\/wp-content\/uploads\/logo-1.svg","width":200,"height":58,"caption":"Ge24h"},"image":{"@id":"https:\/\/ge24h.com\/#\/schema\/logo\/image\/"}}]}},"_links":{"self":[{"href":"https:\/\/ge24h.com\/it\/wp-json\/wp\/v2\/product\/5920","targetHints":{"allow":["GET"]}}],"collection":[{"href":"https:\/\/ge24h.com\/it\/wp-json\/wp\/v2\/product"}],"about":[{"href":"https:\/\/ge24h.com\/it\/wp-json\/wp\/v2\/types\/product"}],"replies":[{"embeddable":true,"href":"https:\/\/ge24h.com\/it\/wp-json\/wp\/v2\/comments?post=5920"}],"wp:featuredmedia":[{"embeddable":true,"href":"https:\/\/ge24h.com\/it\/wp-json\/wp\/v2\/media\/14101"}],"wp:attachment":[{"href":"https:\/\/ge24h.com\/it\/wp-json\/wp\/v2\/media?parent=5920"}],"wp:term":[{"taxonomy":"product_brand","embeddable":true,"href":"https:\/\/ge24h.com\/it\/wp-json\/wp\/v2\/product_brand?post=5920"},{"taxonomy":"product_cat","embeddable":true,"href":"https:\/\/ge24h.com\/it\/wp-json\/wp\/v2\/product_cat?post=5920"},{"taxonomy":"product_tag","embeddable":true,"href":"https:\/\/ge24h.com\/it\/wp-json\/wp\/v2\/product_tag?post=5920"}],"curies":[{"name":"wp","href":"https:\/\/api.w.org\/{rel}","templated":true}]}}