{"id":5913,"date":"2025-05-21T13:19:25","date_gmt":"2025-05-21T11:19:25","guid":{"rendered":"https:\/\/ge24h.com\/producto\/tadalis-sx-20mg\/"},"modified":"2025-07-18T15:04:31","modified_gmt":"2025-07-18T13:04:31","slug":"tadalis-sx-20mg","status":"publish","type":"product","link":"https:\/\/ge24h.com\/it\/producto\/tadalis-sx-20mg\/","title":{"rendered":"Tadalis SX 20mg"},"content":{"rendered":"<h3><strong>Nome del farmaco: <\/strong> Tadalis SX<\/h3>\n<h3><strong>Nome generico:<\/strong> Tadalafil<\/h3>\n<p>&nbsp;<\/p>\n<h4><strong>Qual \u00e8 la cosa pi\u00f9 importante che dovrei sapere su Tadalis SX?<\/strong><\/h4>\n<ul>\n<li><strong>Tadalis SX promette un&#8217;erezione gi\u00e0 dopo 45 minuti dall&#8217;assunzione<\/strong> e la sua <strong>efficacia dura circa 24-36 ore.<\/strong><\/li>\n<li><strong>Deve essere assunto sotto la supervisione del medico.<\/strong><\/li>\n<li><strong>Non \u00e8 possibile ottenere un&#8217;erezione semplicemente prendendo la pillola:<\/strong> \u00e8 necessaria la stimolazione sessuale.<\/li>\n<\/ul>\n<p>&nbsp;<\/p>\n<h4><strong>Che cos&#8217;\u00e8 Tadalis SX?<\/strong><\/h4>\n<p>Tadalis SX (Tadalafil) \u00e8 un farmaco che aiuta a stimolare l&#8217;eccitazione. \u00c8 pi\u00f9 efficace se assunto almeno 30 minuti prima dell&#8217;attivit\u00e0 sessuale e pu\u00f2 durare fino a 24-36 ore dopo l&#8217;uso. <\/p>\n<p>Pu\u00f2 anche essere menzionato come un&#8217;opzione conveniente per coloro che cercano un trattamento efficace per la disfunzione erettile a un <strong> prezzo ragionevolmente basso.<\/strong><\/p>\n<p>&nbsp;<\/p>\n<h4><strong>Cosa dovrei discutere con il mio medico prima di assumere Tadalis SX?<\/strong><\/h4>\n<ul>\n<li>Prima di iniziare il trattamento dovresti sempre consultare il tuo medico.<\/li>\n<li>Non usare Tadalis SX per scopi diversi da quelli prescritti dal medico.<\/li>\n<li>Non condividere questo medicinale con altre persone, poich\u00e9 potrebbero reagire in modo diverso e presentare rischi maggiori.<\/li>\n<li>Questo farmaco non protegge dalle malattie sessualmente trasmissibili come l&#8217;HIV, l&#8217;epatite B, la gonorrea o la sifilide.<\/li>\n<\/ul>\n<p>&nbsp;<\/p>\n<h4><strong>Come dovrei assumere Tadalis SX?<\/strong><\/h4>\n<ul>\n<li>Assumere questo medicinale una volta al giorno, secondo necessit\u00e0 o come indicato dal medico.<\/li>\n<li>Deve essere assunto per via orale con un bicchiere pieno d&#8217;acqua, almeno 30 minuti prima dell&#8217;attivit\u00e0 sessuale pianificata.<\/li>\n<li>Pu\u00f2 essere assunto con o senza cibo.<\/li>\n<li>Pu\u00f2 aiutare a raggiungere l&#8217;erezione solo in presenza di stimolazione sessuale.<\/li>\n<\/ul>\n<p>&nbsp;<\/p>\n<h4><strong>Cosa succede se assumo una dose?<\/strong><\/h4>\n<p>Tadalis SX (Tadalafil) va assunto solo quando necessario e non richiede uno schema posologico strutturato. Tuttavia, se assume questo medicinale ogni giorno e dimentica una dose, la assuma non appena se ne ricorda. Se \u00e8 quasi ora della dose successiva, attenda fino a quel momento per assumere il medicinale e salti la dose dimenticata. <strong>Non prenda altri medicinali per compensare la dose dimenticata.<\/strong>  <\/p>\n<p>&nbsp;<\/p>\n<h4><strong>Cosa succede in caso di sovradosaggio?<\/strong><\/h4>\n<p>Se si verifica uno qualsiasi dei seguenti sintomi durante l&#8217;uso di questo medicinale o si pensa di averne assunto una dose eccessiva, <strong>consultare immediatamente un medico:<\/strong> <\/p>\n<ul>\n<li>Dolore al petto<\/li>\n<li>Nausea<\/li>\n<li>Battiti cardiaci irregolari<\/li>\n<li>Sensazione di vertigini o perdita di coscienza<\/li>\n<\/ul>\n<p>Contattare il centro antiveleni locale o <strong> il servizio medico di emergenza.<\/strong><\/p>\n<p>&nbsp;<\/p>\n<h4><strong>Cosa dovrei evitare durante l&#8217;assunzione di Tadalis SX?<\/strong><\/h4>\n<ul>\n<li><strong>Non usare questo medicinale per scopi diversi da quelli prescritti dal medico.<\/strong><\/li>\n<li><strong>Non condividerlo con altre persone, <\/strong> anche se presentano sintomi simili.<\/li>\n<\/ul>\n<p>&nbsp;<\/p>\n<h4><strong>Quali sono i possibili effetti collaterali di Tadalis SX?<\/strong><\/h4>\n<h4><strong>Effetti gravi:<\/strong><\/h4>\n<ul>\n<li>Dolore al petto<\/li>\n<li>Nausea<\/li>\n<li>Battiti cardiaci irregolari<\/li>\n<li>Sensazione di vertigini o perdita di coscienza<\/li>\n<\/ul>\n<p>&nbsp;<\/p>\n<h4><strong>Come devo conservare Tadalis SX?<\/strong><\/h4>\n<ul>\n<li>Conservare il medicinale a temperatura ambiente, tra <strong>15 e 30 gradi C (59 e 86 gradi F)<\/strong>, al riparo dalla luce e dall&#8217;umidit\u00e0.<\/li>\n<li><strong>Tenere questo e tutti i medicinali fuori dalla portata dei bambini.<\/strong><\/li>\n<\/ul>\n<p>&nbsp;<\/p>\n<h4><strong>Nota importante:<\/strong><\/h4>\n<p>Le informazioni di cui sopra intendono <strong>integrare, e non sostituire, le conoscenze<\/strong> e il giudizio del medico, del farmacista o di altri operatori sanitari. <strong>L&#8217;assunzione di questo farmaco non deve essere considerata sicura, appropriata o efficace senza il parere di un professionista sanitario..<\/strong> <\/p>\n","protected":false},"excerpt":{"rendered":"<p><span class=\"hps\">Vuoi fare il tuo<\/span> <span class=\"hps\">di pi\u00f9 la vita sessuale<\/span> <span class=\"hps\">emozionante?<\/span> <span class=\"hps\">COS\u00cc<\/span> <span class=\"hps\">Tadalis<\/span> <span class=\"hps\">SX<\/span> <span class=\"hps\">\u00e8 una medicina<\/span> <span class=\"hps\">generico<\/span> <span class=\"hps\">a cosa serve<\/span> <span class=\"hps\">Voi!<\/span> <span class=\"hps\">Questa medicina<\/span> <span class=\"hps\">consente agli uomini<\/span> <span class=\"hps\">per godersi il<\/span> <span class=\"hps\">effetto<\/span> <span class=\"hps\">soddisfacente<\/span> <span class=\"hps\">Di<\/span> <span class=\"hps\">un<\/span> <span class=\"hps\">erezione duratura.<\/span><\/p>\n<ul>\n<li>Erezione efficace in soli 45 minuti.<\/li>\n<li>Lunga durata, da 24 a 36 ore.<\/li>\n<li>Pu\u00f2 essere assunto con o senza cibo.<\/li>\n<\/ul>\n","protected":false},"featured_media":5057,"comment_status":"open","ping_status":"closed","template":"","meta":[],"product_brand":[500],"product_cat":[350,360],"product_tag":[],"class_list":{"0":"post-5913","1":"product","2":"type-product","3":"status-publish","4":"has-post-thumbnail","6":"product_brand-ajanta-it","7":"product_cat-salute-delluomo","8":"product_cat-in-primo-piano","10":"first","11":"instock","12":"taxable","13":"shipping-taxable","14":"purchasable","15":"product-type-variable"},"yoast_head":"<!-- This site is optimized with the Yoast SEO plugin v25.6 - https:\/\/yoast.com\/wordpress\/plugins\/seo\/ -->\n<title>Tadalis SX 20mg - Ge24h<\/title>\n<meta name=\"description\" content=\"Acquista Tadalis SX 20 mg. Ottieni subito i migliori farmaci generici al miglior prezzo sul nostro sito web. Acquista farmaci generici.\" \/>\n<meta name=\"robots\" content=\"index, follow, max-snippet:-1, max-image-preview:large, max-video-preview:-1\" \/>\n<link rel=\"canonical\" href=\"https:\/\/ge24h.com\/it\/producto\/tadalis-sx-20mg\/\" \/>\n<meta property=\"og:locale\" content=\"it_IT\" \/>\n<meta property=\"og:type\" content=\"article\" \/>\n<meta property=\"og:title\" content=\"Tadalis SX 20mg - Ge24h\" \/>\n<meta property=\"og:description\" content=\"Acquista Tadalis SX 20 mg. Ottieni subito i migliori farmaci generici al miglior prezzo sul nostro sito web. Acquista farmaci generici.\" \/>\n<meta property=\"og:url\" content=\"https:\/\/ge24h.com\/it\/producto\/tadalis-sx-20mg\/\" \/>\n<meta property=\"og:site_name\" content=\"Ge24h\" \/>\n<meta property=\"article:modified_time\" content=\"2025-07-18T13:04:31+00:00\" \/>\n<meta property=\"og:image\" content=\"https:\/\/ge24h.com\/wp-content\/uploads\/tadalis-sx-1.png\" \/>\n\t<meta property=\"og:image:width\" content=\"800\" \/>\n\t<meta property=\"og:image:height\" content=\"800\" \/>\n\t<meta property=\"og:image:type\" content=\"image\/png\" \/>\n<meta name=\"twitter:card\" content=\"summary_large_image\" \/>\n<meta name=\"twitter:label1\" content=\"Tempo di lettura stimato\" \/>\n\t<meta name=\"twitter:data1\" content=\"3 minuti\" \/>\n<script type=\"application\/ld+json\" class=\"yoast-schema-graph\">{\"@context\":\"https:\/\/schema.org\",\"@graph\":[{\"@type\":\"WebPage\",\"@id\":\"https:\/\/ge24h.com\/it\/producto\/tadalis-sx-20mg\/\",\"url\":\"https:\/\/ge24h.com\/it\/producto\/tadalis-sx-20mg\/\",\"name\":\"Tadalis SX 20mg - Ge24h\",\"isPartOf\":{\"@id\":\"https:\/\/ge24h.com\/#website\"},\"primaryImageOfPage\":{\"@id\":\"https:\/\/ge24h.com\/it\/producto\/tadalis-sx-20mg\/#primaryimage\"},\"image\":{\"@id\":\"https:\/\/ge24h.com\/it\/producto\/tadalis-sx-20mg\/#primaryimage\"},\"thumbnailUrl\":\"https:\/\/ge24h.com\/wp-content\/uploads\/tadalis-sx-1.png\",\"datePublished\":\"2025-05-21T11:19:25+00:00\",\"dateModified\":\"2025-07-18T13:04:31+00:00\",\"description\":\"Acquista Tadalis SX 20 mg. Ottieni subito i migliori farmaci generici al miglior prezzo sul nostro sito web. Acquista farmaci generici.\",\"breadcrumb\":{\"@id\":\"https:\/\/ge24h.com\/it\/producto\/tadalis-sx-20mg\/#breadcrumb\"},\"inLanguage\":\"it-IT\",\"potentialAction\":[{\"@type\":\"ReadAction\",\"target\":[\"https:\/\/ge24h.com\/it\/producto\/tadalis-sx-20mg\/\"]}]},{\"@type\":\"ImageObject\",\"inLanguage\":\"it-IT\",\"@id\":\"https:\/\/ge24h.com\/it\/producto\/tadalis-sx-20mg\/#primaryimage\",\"url\":\"https:\/\/ge24h.com\/wp-content\/uploads\/tadalis-sx-1.png\",\"contentUrl\":\"https:\/\/ge24h.com\/wp-content\/uploads\/tadalis-sx-1.png\",\"width\":800,\"height\":800,\"caption\":\"Tadalis SX 20mg\"},{\"@type\":\"BreadcrumbList\",\"@id\":\"https:\/\/ge24h.com\/it\/producto\/tadalis-sx-20mg\/#breadcrumb\",\"itemListElement\":[{\"@type\":\"ListItem\",\"position\":1,\"name\":\"Portada\",\"item\":\"https:\/\/ge24h.com\/it\/\"},{\"@type\":\"ListItem\",\"position\":2,\"name\":\"negozio\",\"item\":\"https:\/\/ge24h.com\/it\/negozio\/\"},{\"@type\":\"ListItem\",\"position\":3,\"name\":\"Tadalis SX 20mg\"}]},{\"@type\":\"WebSite\",\"@id\":\"https:\/\/ge24h.com\/#website\",\"url\":\"https:\/\/ge24h.com\/\",\"name\":\"Ge24h\",\"description\":\"Medicamentos Gen\u00e9ricos, Finpecia, Kamagra, Sidenafil, Tadalafil\",\"publisher\":{\"@id\":\"https:\/\/ge24h.com\/#organization\"},\"potentialAction\":[{\"@type\":\"SearchAction\",\"target\":{\"@type\":\"EntryPoint\",\"urlTemplate\":\"https:\/\/ge24h.com\/?s={search_term_string}\"},\"query-input\":{\"@type\":\"PropertyValueSpecification\",\"valueRequired\":true,\"valueName\":\"search_term_string\"}}],\"inLanguage\":\"it-IT\"},{\"@type\":\"Organization\",\"@id\":\"https:\/\/ge24h.com\/#organization\",\"name\":\"Ge24h\",\"url\":\"https:\/\/ge24h.com\/\",\"logo\":{\"@type\":\"ImageObject\",\"inLanguage\":\"it-IT\",\"@id\":\"https:\/\/ge24h.com\/#\/schema\/logo\/image\/\",\"url\":\"https:\/\/ge24h.com\/wp-content\/uploads\/logo-1.svg\",\"contentUrl\":\"https:\/\/ge24h.com\/wp-content\/uploads\/logo-1.svg\",\"width\":200,\"height\":58,\"caption\":\"Ge24h\"},\"image\":{\"@id\":\"https:\/\/ge24h.com\/#\/schema\/logo\/image\/\"}}]}<\/script>\n<!-- \/ Yoast SEO plugin. -->","yoast_head_json":{"title":"Tadalis SX 20mg - Ge24h","description":"Acquista Tadalis SX 20 mg. Ottieni subito i migliori farmaci generici al miglior prezzo sul nostro sito web. Acquista farmaci generici.","robots":{"index":"index","follow":"follow","max-snippet":"max-snippet:-1","max-image-preview":"max-image-preview:large","max-video-preview":"max-video-preview:-1"},"canonical":"https:\/\/ge24h.com\/it\/producto\/tadalis-sx-20mg\/","og_locale":"it_IT","og_type":"article","og_title":"Tadalis SX 20mg - Ge24h","og_description":"Acquista Tadalis SX 20 mg. Ottieni subito i migliori farmaci generici al miglior prezzo sul nostro sito web. Acquista farmaci generici.","og_url":"https:\/\/ge24h.com\/it\/producto\/tadalis-sx-20mg\/","og_site_name":"Ge24h","article_modified_time":"2025-07-18T13:04:31+00:00","og_image":[{"width":800,"height":800,"url":"https:\/\/ge24h.com\/wp-content\/uploads\/tadalis-sx-1.png","type":"image\/png"}],"twitter_card":"summary_large_image","twitter_misc":{"Tempo di lettura stimato":"3 minuti"},"schema":{"@context":"https:\/\/schema.org","@graph":[{"@type":"WebPage","@id":"https:\/\/ge24h.com\/it\/producto\/tadalis-sx-20mg\/","url":"https:\/\/ge24h.com\/it\/producto\/tadalis-sx-20mg\/","name":"Tadalis SX 20mg - Ge24h","isPartOf":{"@id":"https:\/\/ge24h.com\/#website"},"primaryImageOfPage":{"@id":"https:\/\/ge24h.com\/it\/producto\/tadalis-sx-20mg\/#primaryimage"},"image":{"@id":"https:\/\/ge24h.com\/it\/producto\/tadalis-sx-20mg\/#primaryimage"},"thumbnailUrl":"https:\/\/ge24h.com\/wp-content\/uploads\/tadalis-sx-1.png","datePublished":"2025-05-21T11:19:25+00:00","dateModified":"2025-07-18T13:04:31+00:00","description":"Acquista Tadalis SX 20 mg. Ottieni subito i migliori farmaci generici al miglior prezzo sul nostro sito web. Acquista farmaci generici.","breadcrumb":{"@id":"https:\/\/ge24h.com\/it\/producto\/tadalis-sx-20mg\/#breadcrumb"},"inLanguage":"it-IT","potentialAction":[{"@type":"ReadAction","target":["https:\/\/ge24h.com\/it\/producto\/tadalis-sx-20mg\/"]}]},{"@type":"ImageObject","inLanguage":"it-IT","@id":"https:\/\/ge24h.com\/it\/producto\/tadalis-sx-20mg\/#primaryimage","url":"https:\/\/ge24h.com\/wp-content\/uploads\/tadalis-sx-1.png","contentUrl":"https:\/\/ge24h.com\/wp-content\/uploads\/tadalis-sx-1.png","width":800,"height":800,"caption":"Tadalis SX 20mg"},{"@type":"BreadcrumbList","@id":"https:\/\/ge24h.com\/it\/producto\/tadalis-sx-20mg\/#breadcrumb","itemListElement":[{"@type":"ListItem","position":1,"name":"Portada","item":"https:\/\/ge24h.com\/it\/"},{"@type":"ListItem","position":2,"name":"negozio","item":"https:\/\/ge24h.com\/it\/negozio\/"},{"@type":"ListItem","position":3,"name":"Tadalis SX 20mg"}]},{"@type":"WebSite","@id":"https:\/\/ge24h.com\/#website","url":"https:\/\/ge24h.com\/","name":"Ge24h","description":"Medicamentos Gen\u00e9ricos, Finpecia, Kamagra, Sidenafil, Tadalafil","publisher":{"@id":"https:\/\/ge24h.com\/#organization"},"potentialAction":[{"@type":"SearchAction","target":{"@type":"EntryPoint","urlTemplate":"https:\/\/ge24h.com\/?s={search_term_string}"},"query-input":{"@type":"PropertyValueSpecification","valueRequired":true,"valueName":"search_term_string"}}],"inLanguage":"it-IT"},{"@type":"Organization","@id":"https:\/\/ge24h.com\/#organization","name":"Ge24h","url":"https:\/\/ge24h.com\/","logo":{"@type":"ImageObject","inLanguage":"it-IT","@id":"https:\/\/ge24h.com\/#\/schema\/logo\/image\/","url":"https:\/\/ge24h.com\/wp-content\/uploads\/logo-1.svg","contentUrl":"https:\/\/ge24h.com\/wp-content\/uploads\/logo-1.svg","width":200,"height":58,"caption":"Ge24h"},"image":{"@id":"https:\/\/ge24h.com\/#\/schema\/logo\/image\/"}}]}},"_links":{"self":[{"href":"https:\/\/ge24h.com\/it\/wp-json\/wp\/v2\/product\/5913","targetHints":{"allow":["GET"]}}],"collection":[{"href":"https:\/\/ge24h.com\/it\/wp-json\/wp\/v2\/product"}],"about":[{"href":"https:\/\/ge24h.com\/it\/wp-json\/wp\/v2\/types\/product"}],"replies":[{"embeddable":true,"href":"https:\/\/ge24h.com\/it\/wp-json\/wp\/v2\/comments?post=5913"}],"wp:featuredmedia":[{"embeddable":true,"href":"https:\/\/ge24h.com\/it\/wp-json\/wp\/v2\/media\/5057"}],"wp:attachment":[{"href":"https:\/\/ge24h.com\/it\/wp-json\/wp\/v2\/media?parent=5913"}],"wp:term":[{"taxonomy":"product_brand","embeddable":true,"href":"https:\/\/ge24h.com\/it\/wp-json\/wp\/v2\/product_brand?post=5913"},{"taxonomy":"product_cat","embeddable":true,"href":"https:\/\/ge24h.com\/it\/wp-json\/wp\/v2\/product_cat?post=5913"},{"taxonomy":"product_tag","embeddable":true,"href":"https:\/\/ge24h.com\/it\/wp-json\/wp\/v2\/product_tag?post=5913"}],"curies":[{"name":"wp","href":"https:\/\/api.w.org\/{rel}","templated":true}]}}