{"id":5900,"date":"2025-05-16T16:14:49","date_gmt":"2025-05-16T14:14:49","guid":{"rendered":"https:\/\/ge24h.com\/producto\/kamagra-100mg\/"},"modified":"2025-07-17T17:01:12","modified_gmt":"2025-07-17T15:01:12","slug":"kamagra-100mg","status":"publish","type":"product","link":"https:\/\/ge24h.com\/it\/producto\/kamagra-100mg\/","title":{"rendered":"Kamagra 100mg"},"content":{"rendered":"<h3><strong>Nome del farmaco:<\/strong>Kamagra<\/h3>\n<h3><strong>Nome generico:<\/strong> Sildenafil<\/h3>\n<p>&nbsp;<\/p>\n<h4><strong>Qual \u00e8 la cosa pi\u00f9 importante che dovrei sapere su Kamagra?<\/strong><\/h4>\n<ul>\n<li>Non assumere Kamagra se stai assumendo nitrati per il dolore toracico o problemi cardiaci. Questi includono nitroglicerina (Nitrostat, Nitrolingual, Nitro-Dur, Nitro-Bid, altri), isosorbide dinitrato (Dilatrate-SR, Isordril, Sorbitrate) e isosorbide mononitrato (Imdur, ISMO, Monoket). I nitrati si possono trovare anche in droghe ricreative come il nitrato di amile o il nitrito (&#8220;poppers&#8221;). L&#8217;assunzione di Kamagra con nitrati pu\u00f2 causare gravi problemi di pressione sanguigna, affaticamento, infarto o arresto cardiaco.   <\/li>\n<li>Se durante l&#8217;attivit\u00e0 sessuale avverti vertigini, nausea o dolore, intorpidimento o formicolio al petto, alle braccia, al collo o alla mascella, interrompi l&#8217;assunzione di Kamagra e contatta immediatamente il medico.<\/li>\n<li>Non assumere Kamagra pi\u00f9 di una volta al giorno. Lasciare trascorrere 24 ore tra le dosi. <\/li>\n<li>Contatta immediatamente il tuo medico o rivolgiti a un medico d&#8217;urgenza se avverti un&#8217;erezione dolorosa o che dura pi\u00f9 di 4 ore. Potrebbe trattarsi di priapismo, che pu\u00f2 causare danni permanenti al pene. <\/li>\n<li>Un piccolo numero di pazienti ha sperimentato un&#8217;improvvisa perdita della vista durante l&#8217;assunzione di Kamagra. Ci\u00f2 potrebbe essere dovuto a una riduzione del flusso sanguigno al nervo ottico. Sebbene non sia chiaro se Kamagra ne sia la causa diretta, ci\u00f2 si \u00e8 verificato pi\u00f9 frequentemente in persone con malattie cardiache, diabete, ipertensione, colesterolo alto, problemi di vista, fumatori o di et\u00e0 superiore ai 50 anni.  <\/li>\n<\/ul>\n<p>&nbsp;<\/p>\n<h4><strong>Che cosa \u00e8 il Kamagra?<\/strong><\/h4>\n<p>Il Kamagra \u00e8 un farmaco che rilassa i muscoli e aumenta il flusso sanguigno in aree specifiche del corpo.<br \/>\n\u00c8 indicato per il trattamento della <strong>disfunzione erettile (impotenza).<\/strong> Un altro nome commerciale di questo farmaco \u00e8 Revatio, utilizzato per trattare l&#8217;ipertensione arteriosa polmonare e migliorare la capacit\u00e0 di esercizio fisico negli uomini e nelle donne. <\/p>\n<p>Il Kamagra pu\u00f2 essere utilizzato anche per altri scopi prescritti dal medico.<\/p>\n<p>&nbsp;<\/p>\n<h4><strong>Cosa dovrei discutere con il mio medico prima di assumere Kamagra?<\/strong><\/h4>\n<ul>\n<li><strong>Non assumere Kamagra se stai assumendo nitrati.<\/strong> Tra questi rientrano farmaci come nitroglicerina, isosorbide dinitrato e isosorbide mononitrato. Da evitare anche se si assumono popper. <\/li>\n<li>Un piccolo numero di pazienti ha sperimentato un&#8217;improvvisa perdita della vista durante l&#8217;assunzione di Kamagra. Questo fenomeno \u00e8 stato osservato pi\u00f9 comunemente in pazienti con fattori di rischio come malattie cardiache, diabete, ipertensione, colesterolo alto, malattie oculari, fumatori e persone di et\u00e0 superiore ai 50 anni. <\/li>\n<\/ul>\n<p>Prima di assumere Kamagra, informa il tuo medico se soffri di:<\/p>\n<ul>\n<li>Malattie cardiache o problemi del ritmo cardiaco.<\/li>\n<li>Anamnesi recente di infarto o arresto cardiaco (negli ultimi 6 mesi).<\/li>\n<li>Insufficienza cardiaca.<\/li>\n<li>Pressione sanguigna alta o bassa.<\/li>\n<li>Coronaropatia.<\/li>\n<li>Malattia del fegato.<\/li>\n<li>Malattie del sangue come l&#8217;anemia falciforme, il mieloma multiplo o la leucemia.<\/li>\n<li>Emofilia.<\/li>\n<li>Ulcera allo stomaco.<\/li>\n<li>Retinite pigmentosa (malattia ereditaria degli occhi).<\/li>\n<li>Deformit\u00e0 fisica del pene (come la malattia di Peyronie).<\/li>\n<li>Se ti \u00e8 stato consigliato di evitare rapporti sessuali per ragioni mediche.<\/li>\n<\/ul>\n<p>Se si soffre di una di queste condizioni, potrebbe <strong>non essere possibile assumere Kamagra <\/strong> oppure potrebbe essere necessario un aggiustamento della dose o un monitoraggio speciale durante il trattamento.<br \/>\n<strong>Gravidanza: <\/strong> Categoria B secondo la FDA. Non si prevede che causi danni al feto. Non assumere Kamagra senza consultare il medico in caso di gravidanza o se si sta pianificando una gravidanza.  <\/p>\n<p><strong>Allattamento: <\/strong> non \u00e8 noto se il Kamagra venga escreto nel latte materno. Consultare il medico prima di assumerlo se si sta allattando. <\/p>\n<h4><strong>Come dovrei assumere il Kamagra?<\/strong><\/h4>\n<ul>\n<li>Assumere Kamagra seguendo le istruzioni del medico. <strong>Non assumere dosaggi o periodi di tempo diversi da quelli raccomandati.<\/strong><\/li>\n<li>Revatio viene solitamente assunto 3 volte al giorno, a distanza di 4-6 ore tra una dose e l&#8217;altra.<\/li>\n<li>Il Viagra (Kamagra) si assume solitamente da 30 minuti a 1 ora prima dell&#8217;attivit\u00e0 sessuale. Pu\u00f2 essere assunto fino a 4 ore prima.  <strong>Non datelo per scontato ancora a volta.<\/strong><\/li>\n<li>Il Kamagra <strong>migliora l&#8217;erezione solo durante la stimolazione sessuale<\/strong>. Non provoca un&#8217;erezione spontanea. <\/li>\n<li>Conservare il medicinale a temperatura ambiente, lontano da umidit\u00e0 e calore.<\/li>\n<\/ul>\n<p>&nbsp;<\/p>\n<h4><strong>Cosa succede se assumo una dose?<\/strong><\/h4>\n<p>Il Kamagra (Viagra) viene assunto al momento del bisogno, in modo da non dimenticare nessuna dose.<br \/>\nSe stai assumendo Revatio e dimentichi una dose, prendila non appena te ne ricordi. Se la dose successiva \u00e8 vicina, salta la dose dimenticata.  <strong>Non assumere una dose doppia.<\/strong><\/p>\n<h4><strong>Cosa succede in caso di sovradosaggio?<\/strong><\/h4>\n<p>Se pensi di aver assunto una dose eccessiva, rivolgiti immediatamente a un medico. <strong>I sintomi includono dolore al petto, nausea, battito cardiaco irregolare, vertigini o svenimento.<\/strong><\/p>\n<h4><strong>Cosa dovrei evitare durante l&#8217;assunzione di Kamagra?<\/strong><\/h4>\n<ul>\n<li><strong>Evitare il consumo di alcol, <\/strong> poich\u00e9 potrebbe aumentare gli effetti collaterali del Kamagra.<\/li>\n<li><strong>Non assumere altri farmaci per la disfunzione erettile <\/strong> come alprostadil (Caverject, Muse, Edex) o yohimbina (Yocon, Yodoxin) senza consultare il medico.<\/li>\n<\/ul>\n<p>&nbsp;<\/p>\n<h4><strong>Quali sono i possibili effetti collaterali del Kamagra?<\/strong><\/h4>\n<h4><strong>Effetti gravi:<\/strong><\/h4>\n<ul>\n<li>Improvvisa perdita della vista.<\/li>\n<li>Dolore al petto o dolore che si diffonde al braccio o alla spalla, nausea, sudorazione, malessere generale.<\/li>\n<li>Attacchi cardiaci irresistibili.<\/li>\n<li>Gonfiore a mani, caviglie o piedi.<\/li>\n<li>Difficolt\u00e0 respiratorie.<\/li>\n<li>Cambiamenti nella vista.<\/li>\n<li>Vertigini o svenimenti<\/li>\n<li>Erezione dolorosa o che dura pi\u00f9 di 4 ore (priapismo).<\/li>\n<li>Sintomi di reazione allergica: orticaria, difficolt\u00e0 respiratorie, gonfiore del viso, delle labbra, della lingua o della gola.<\/li>\n<\/ul>\n<p>&nbsp;<\/p>\n<h4><strong>Effetti minori:<\/strong><\/h4>\n<ul>\n<li>Arrossamento del viso, del collo o del petto.<\/li>\n<li>Congestione nasale.<\/li>\n<li>Brutta testa.<\/li>\n<li>Mal di stomaco.<\/li>\n<li>Mal di schiena.<\/li>\n<\/ul>\n<p>Potrebbero verificarsi altri effetti collaterali non menzionati. <strong>Consulta il tuo medico se avverti sintomi insoliti o fastidiosi.<\/strong><\/p>\n<h4><strong>Quali farmaci possono interagire con il Kamagra?<\/strong><\/h4>\n<p>Prima di assumere Kamagra, informa il tuo medico se stai assumendo uno qualsiasi dei seguenti farmaci:<\/p>\n<ul>\n<li>Bosentan (Tracleer)<\/li>\n<li>Cimetidina (Tagamet, Tagamet HB)<\/li>\n<li>Antibiotici come l&#8217;eritromicina o la claritromicina<\/li>\n<li>Doxazosina (Cardura), Prazosina (Minipress), Terazosina (Hytrin)<\/li>\n<li>Medicinali per l\u2019HIV come amprenavir, tipranavir, darunavir, efavirenz, nevirapina, indinavir, saquinavir, lopinavir\/ritonavir, fosamprenavir, ritonavir, atazanavir, nelfinavir<\/li>\n<li>Antimicotici come l&#8217;itraconazolo (Sporanox) o il ketoconazolo (Nizoral)<\/li>\n<li>Carbamazepina, fenobarbitale, fenitoina<\/li>\n<li>Rifampicina o rifabutina<\/li>\n<\/ul>\n<p>Se stai assumendo uno qualsiasi di questi farmaci, potresti n<strong>on essere in grado di assumere Kamagra<\/strong> o potrebbe essere necessario un aggiustamento della dose o un monitoraggio aggiuntivo.<br \/>\nAnche altri farmaci non elencati possono influenzare l&#8217;uso di Kamagra. <strong>Informi il medico di tutti i farmaci che sta assumendo, <\/strong> inclusi vitamine, integratori a base di erbe e prodotti da banco. Non inizi un nuovo trattamento senza prima consultare il medico. <\/p>\n","protected":false},"excerpt":{"rendered":"<p>Kamagra (Sildenafil) Sinonimi: Viagra Kamagra (Seldanafil) \u00e8 un farmaco generico a base di citrato di Sildenafil prodotto da Ajanta Pharma, Ltd.<\/p>\n<ul>\n<li>Aumenta la sicurezza sessuale.<\/li>\n<li>Effetto prolungato.<\/li>\n<li>Soluzione orale.<\/li>\n<\/ul>\n","protected":false},"featured_media":4938,"comment_status":"open","ping_status":"closed","template":"","meta":[],"product_brand":[500],"product_cat":[350,360],"product_tag":[],"class_list":{"0":"post-5900","1":"product","2":"type-product","3":"status-publish","4":"has-post-thumbnail","6":"product_brand-ajanta-it","7":"product_cat-salute-delluomo","8":"product_cat-in-primo-piano","10":"first","11":"instock","12":"taxable","13":"shipping-taxable","14":"purchasable","15":"product-type-variable"},"yoast_head":"<!-- This site is optimized with the Yoast SEO plugin v25.6 - https:\/\/yoast.com\/wordpress\/plugins\/seo\/ -->\n<title>Kamagra 100mg - Ge24h<\/title>\n<meta name=\"description\" content=\"Acquista Kamagra 100 mg. Per continuare, trova le migliori farmacie generiche ai prezzi migliori sul nostro sito web. Acquista farmaci generici.\" \/>\n<meta name=\"robots\" content=\"index, follow, max-snippet:-1, max-image-preview:large, max-video-preview:-1\" \/>\n<link rel=\"canonical\" href=\"https:\/\/ge24h.com\/it\/producto\/kamagra-100mg\/\" \/>\n<meta property=\"og:locale\" content=\"it_IT\" \/>\n<meta property=\"og:type\" content=\"article\" \/>\n<meta property=\"og:title\" content=\"Kamagra 100mg - Ge24h\" \/>\n<meta property=\"og:description\" content=\"Acquista Kamagra 100 mg. Per continuare, trova le migliori farmacie generiche ai prezzi migliori sul nostro sito web. Acquista farmaci generici.\" \/>\n<meta property=\"og:url\" content=\"https:\/\/ge24h.com\/it\/producto\/kamagra-100mg\/\" \/>\n<meta property=\"og:site_name\" content=\"Ge24h\" \/>\n<meta property=\"article:modified_time\" content=\"2025-07-17T15:01:12+00:00\" \/>\n<meta property=\"og:image\" content=\"https:\/\/ge24h.com\/wp-content\/uploads\/kamagra-100mg-1.png\" \/>\n\t<meta property=\"og:image:width\" content=\"800\" \/>\n\t<meta property=\"og:image:height\" content=\"800\" \/>\n\t<meta property=\"og:image:type\" content=\"image\/png\" \/>\n<meta name=\"twitter:card\" content=\"summary_large_image\" \/>\n<meta name=\"twitter:label1\" content=\"Tempo di lettura stimato\" \/>\n\t<meta name=\"twitter:data1\" content=\"5 minuti\" \/>\n<script type=\"application\/ld+json\" class=\"yoast-schema-graph\">{\"@context\":\"https:\/\/schema.org\",\"@graph\":[{\"@type\":\"WebPage\",\"@id\":\"https:\/\/ge24h.com\/it\/producto\/kamagra-100mg\/\",\"url\":\"https:\/\/ge24h.com\/it\/producto\/kamagra-100mg\/\",\"name\":\"Kamagra 100mg - Ge24h\",\"isPartOf\":{\"@id\":\"https:\/\/ge24h.com\/#website\"},\"primaryImageOfPage\":{\"@id\":\"https:\/\/ge24h.com\/it\/producto\/kamagra-100mg\/#primaryimage\"},\"image\":{\"@id\":\"https:\/\/ge24h.com\/it\/producto\/kamagra-100mg\/#primaryimage\"},\"thumbnailUrl\":\"https:\/\/ge24h.com\/wp-content\/uploads\/kamagra-100mg-1.png\",\"datePublished\":\"2025-05-16T14:14:49+00:00\",\"dateModified\":\"2025-07-17T15:01:12+00:00\",\"description\":\"Acquista Kamagra 100 mg. Per continuare, trova le migliori farmacie generiche ai prezzi migliori sul nostro sito web. Acquista farmaci generici.\",\"breadcrumb\":{\"@id\":\"https:\/\/ge24h.com\/it\/producto\/kamagra-100mg\/#breadcrumb\"},\"inLanguage\":\"it-IT\",\"potentialAction\":[{\"@type\":\"ReadAction\",\"target\":[\"https:\/\/ge24h.com\/it\/producto\/kamagra-100mg\/\"]}]},{\"@type\":\"ImageObject\",\"inLanguage\":\"it-IT\",\"@id\":\"https:\/\/ge24h.com\/it\/producto\/kamagra-100mg\/#primaryimage\",\"url\":\"https:\/\/ge24h.com\/wp-content\/uploads\/kamagra-100mg-1.png\",\"contentUrl\":\"https:\/\/ge24h.com\/wp-content\/uploads\/kamagra-100mg-1.png\",\"width\":800,\"height\":800,\"caption\":\"Kamagra 100mg\"},{\"@type\":\"BreadcrumbList\",\"@id\":\"https:\/\/ge24h.com\/it\/producto\/kamagra-100mg\/#breadcrumb\",\"itemListElement\":[{\"@type\":\"ListItem\",\"position\":1,\"name\":\"Portada\",\"item\":\"https:\/\/ge24h.com\/it\/\"},{\"@type\":\"ListItem\",\"position\":2,\"name\":\"negozio\",\"item\":\"https:\/\/ge24h.com\/it\/negozio\/\"},{\"@type\":\"ListItem\",\"position\":3,\"name\":\"Kamagra 100mg\"}]},{\"@type\":\"WebSite\",\"@id\":\"https:\/\/ge24h.com\/#website\",\"url\":\"https:\/\/ge24h.com\/\",\"name\":\"Ge24h\",\"description\":\"Medicamentos Gen\u00e9ricos, Finpecia, Kamagra, Sidenafil, Tadalafil\",\"publisher\":{\"@id\":\"https:\/\/ge24h.com\/#organization\"},\"potentialAction\":[{\"@type\":\"SearchAction\",\"target\":{\"@type\":\"EntryPoint\",\"urlTemplate\":\"https:\/\/ge24h.com\/?s={search_term_string}\"},\"query-input\":{\"@type\":\"PropertyValueSpecification\",\"valueRequired\":true,\"valueName\":\"search_term_string\"}}],\"inLanguage\":\"it-IT\"},{\"@type\":\"Organization\",\"@id\":\"https:\/\/ge24h.com\/#organization\",\"name\":\"Ge24h\",\"url\":\"https:\/\/ge24h.com\/\",\"logo\":{\"@type\":\"ImageObject\",\"inLanguage\":\"it-IT\",\"@id\":\"https:\/\/ge24h.com\/#\/schema\/logo\/image\/\",\"url\":\"https:\/\/ge24h.com\/wp-content\/uploads\/logo-1.svg\",\"contentUrl\":\"https:\/\/ge24h.com\/wp-content\/uploads\/logo-1.svg\",\"width\":200,\"height\":58,\"caption\":\"Ge24h\"},\"image\":{\"@id\":\"https:\/\/ge24h.com\/#\/schema\/logo\/image\/\"}}]}<\/script>\n<!-- \/ Yoast SEO plugin. -->","yoast_head_json":{"title":"Kamagra 100mg - Ge24h","description":"Acquista Kamagra 100 mg. Per continuare, trova le migliori farmacie generiche ai prezzi migliori sul nostro sito web. Acquista farmaci generici.","robots":{"index":"index","follow":"follow","max-snippet":"max-snippet:-1","max-image-preview":"max-image-preview:large","max-video-preview":"max-video-preview:-1"},"canonical":"https:\/\/ge24h.com\/it\/producto\/kamagra-100mg\/","og_locale":"it_IT","og_type":"article","og_title":"Kamagra 100mg - Ge24h","og_description":"Acquista Kamagra 100 mg. Per continuare, trova le migliori farmacie generiche ai prezzi migliori sul nostro sito web. Acquista farmaci generici.","og_url":"https:\/\/ge24h.com\/it\/producto\/kamagra-100mg\/","og_site_name":"Ge24h","article_modified_time":"2025-07-17T15:01:12+00:00","og_image":[{"width":800,"height":800,"url":"https:\/\/ge24h.com\/wp-content\/uploads\/kamagra-100mg-1.png","type":"image\/png"}],"twitter_card":"summary_large_image","twitter_misc":{"Tempo di lettura stimato":"5 minuti"},"schema":{"@context":"https:\/\/schema.org","@graph":[{"@type":"WebPage","@id":"https:\/\/ge24h.com\/it\/producto\/kamagra-100mg\/","url":"https:\/\/ge24h.com\/it\/producto\/kamagra-100mg\/","name":"Kamagra 100mg - Ge24h","isPartOf":{"@id":"https:\/\/ge24h.com\/#website"},"primaryImageOfPage":{"@id":"https:\/\/ge24h.com\/it\/producto\/kamagra-100mg\/#primaryimage"},"image":{"@id":"https:\/\/ge24h.com\/it\/producto\/kamagra-100mg\/#primaryimage"},"thumbnailUrl":"https:\/\/ge24h.com\/wp-content\/uploads\/kamagra-100mg-1.png","datePublished":"2025-05-16T14:14:49+00:00","dateModified":"2025-07-17T15:01:12+00:00","description":"Acquista Kamagra 100 mg. Per continuare, trova le migliori farmacie generiche ai prezzi migliori sul nostro sito web. Acquista farmaci generici.","breadcrumb":{"@id":"https:\/\/ge24h.com\/it\/producto\/kamagra-100mg\/#breadcrumb"},"inLanguage":"it-IT","potentialAction":[{"@type":"ReadAction","target":["https:\/\/ge24h.com\/it\/producto\/kamagra-100mg\/"]}]},{"@type":"ImageObject","inLanguage":"it-IT","@id":"https:\/\/ge24h.com\/it\/producto\/kamagra-100mg\/#primaryimage","url":"https:\/\/ge24h.com\/wp-content\/uploads\/kamagra-100mg-1.png","contentUrl":"https:\/\/ge24h.com\/wp-content\/uploads\/kamagra-100mg-1.png","width":800,"height":800,"caption":"Kamagra 100mg"},{"@type":"BreadcrumbList","@id":"https:\/\/ge24h.com\/it\/producto\/kamagra-100mg\/#breadcrumb","itemListElement":[{"@type":"ListItem","position":1,"name":"Portada","item":"https:\/\/ge24h.com\/it\/"},{"@type":"ListItem","position":2,"name":"negozio","item":"https:\/\/ge24h.com\/it\/negozio\/"},{"@type":"ListItem","position":3,"name":"Kamagra 100mg"}]},{"@type":"WebSite","@id":"https:\/\/ge24h.com\/#website","url":"https:\/\/ge24h.com\/","name":"Ge24h","description":"Medicamentos Gen\u00e9ricos, Finpecia, Kamagra, Sidenafil, Tadalafil","publisher":{"@id":"https:\/\/ge24h.com\/#organization"},"potentialAction":[{"@type":"SearchAction","target":{"@type":"EntryPoint","urlTemplate":"https:\/\/ge24h.com\/?s={search_term_string}"},"query-input":{"@type":"PropertyValueSpecification","valueRequired":true,"valueName":"search_term_string"}}],"inLanguage":"it-IT"},{"@type":"Organization","@id":"https:\/\/ge24h.com\/#organization","name":"Ge24h","url":"https:\/\/ge24h.com\/","logo":{"@type":"ImageObject","inLanguage":"it-IT","@id":"https:\/\/ge24h.com\/#\/schema\/logo\/image\/","url":"https:\/\/ge24h.com\/wp-content\/uploads\/logo-1.svg","contentUrl":"https:\/\/ge24h.com\/wp-content\/uploads\/logo-1.svg","width":200,"height":58,"caption":"Ge24h"},"image":{"@id":"https:\/\/ge24h.com\/#\/schema\/logo\/image\/"}}]}},"_links":{"self":[{"href":"https:\/\/ge24h.com\/it\/wp-json\/wp\/v2\/product\/5900","targetHints":{"allow":["GET"]}}],"collection":[{"href":"https:\/\/ge24h.com\/it\/wp-json\/wp\/v2\/product"}],"about":[{"href":"https:\/\/ge24h.com\/it\/wp-json\/wp\/v2\/types\/product"}],"replies":[{"embeddable":true,"href":"https:\/\/ge24h.com\/it\/wp-json\/wp\/v2\/comments?post=5900"}],"wp:featuredmedia":[{"embeddable":true,"href":"https:\/\/ge24h.com\/it\/wp-json\/wp\/v2\/media\/4938"}],"wp:attachment":[{"href":"https:\/\/ge24h.com\/it\/wp-json\/wp\/v2\/media?parent=5900"}],"wp:term":[{"taxonomy":"product_brand","embeddable":true,"href":"https:\/\/ge24h.com\/it\/wp-json\/wp\/v2\/product_brand?post=5900"},{"taxonomy":"product_cat","embeddable":true,"href":"https:\/\/ge24h.com\/it\/wp-json\/wp\/v2\/product_cat?post=5900"},{"taxonomy":"product_tag","embeddable":true,"href":"https:\/\/ge24h.com\/it\/wp-json\/wp\/v2\/product_tag?post=5900"}],"curies":[{"name":"wp","href":"https:\/\/api.w.org\/{rel}","templated":true}]}}