{"id":5876,"date":"2025-05-21T16:13:36","date_gmt":"2025-05-21T14:13:36","guid":{"rendered":"https:\/\/ge24h.com\/producto\/generic-viagra-super-active-100-mg\/"},"modified":"2025-07-18T12:07:52","modified_gmt":"2025-07-18T10:07:52","slug":"generic-viagra-super-active-100-mg","status":"publish","type":"product","link":"https:\/\/ge24h.com\/it\/producto\/generic-viagra-super-active-100-mg\/","title":{"rendered":"Generic Viagra Super Active 100 mg"},"content":{"rendered":"<h3><strong>Nome del farmaco:<\/strong> Generic Viagra Super Active 100 mg<\/h3>\n<h3><strong>Numero generico:<\/strong> Fildena Super Active 100 mg<\/h3>\n<p>&nbsp;<\/p>\n<h4><strong>\u00bfChe cosa \u00e8 pi\u00f9 importante sapere su Fildena?<\/strong><\/h4>\n<ul>\n<li>Fildena 100 mg deve essere utilizzato solo se un medico lo prescrive.<\/li>\n<li>Si tratta di un farmaco adatto esclusivamente all&#8217;uso da parte di uomini e donne; i bambini e gli adolescenti non devono assumere compresse di sildenafil citrato intenzionalmente o accidentalmente.<\/li>\n<li>Non assumere questo farmaco se stai gi\u00e0 assumendo farmaci contenenti nitrati. Questa combinazione pu\u00f2 essere pericolosa e causare un calo pericoloso della pressione sanguigna, vertigini, svenimenti o persino un ictus. <\/li>\n<li>Non usare questo medicinale con altri farmaci da prescrizione contenenti nitrati quali nitroglicerina, isosorbide mononitrato o isosorbide dinitrato, o droghe ricreative quali nitrito o nitrato di amile.<\/li>\n<li>Non assumere questo medicinale se sei allergico al citrato di sildenafil o a qualsiasi tipo di nitrato.<\/li>\n<\/ul>\n<p>&nbsp;<\/p>\n<h4><strong>Cos&#8217;\u00e8 Fildena?<\/strong><\/h4>\n<p>Fildena consente a pi\u00f9 sangue di fluire verso l&#8217;apparato riproduttivo maschile, mantenendolo forte e duro pi\u00f9 a lungo quando l&#8217;uomo \u00e8 stimolato sessualmente. <strong>I vasi sanguigni del pene si gonfiano e si induriscono.<\/strong> Affinch\u00e9 questo medicinale funzioni efficacemente, <strong>deve essere eccitato sessualmente.<\/strong><\/p>\n<p>L&#8217;effetto del citrato di sildenafil dura circa <strong>4-6 ore,<\/strong> a seconda della persona.<\/p>\n<p>Grazie al citrato di sildenafil presente in questo farmaco, l&#8217;uomo pu\u00f2 rispondere alla stimolazione sessuale senza interferire con il suo metabolismo sano, poich\u00e9 agisce in modo naturale. <strong>Senza stimolazione sessuale non \u00e8 possibile raggiungere un&#8217;erezione adeguata.<\/strong><\/p>\n<h4><strong>Cosa dovrei discutere con il mio medico prima di assumere Fildena?<\/strong><\/h4>\n<ul>\n<li>Non assumere Fildena se stai assumendo nitrati.<\/li>\n<li>Consulta il tuo medico se soffri di una delle seguenti patologie: ipertensione, angina, malattie cardiache, anemia falciforme, malattie del fegato, leucemia, retinite pigmentosa o malattie renali.<\/li>\n<li>Se soffri della malattia di Peyronie o di altri problemi medici, consulta un professionista prima di usare Fildena.<\/li>\n<li>Non dovresti assumere Fildena se sei allergico ad altri inibitori della PDE-5.<\/li>\n<\/ul>\n<p>&nbsp;<\/p>\n<h4><strong>Come dovrei assumere Fildena?<\/strong><\/h4>\n<ul>\n<li>La dose raccomandata \u00e8 di 100 mg una volta al giorno. Per ottenere i migliori risultati, si consiglia di assumere il farmaco un&#8217;ora prima del rapporto sessuale. <\/li>\n<li>Non assumere pi\u00f9 compresse di quelle prescritte dal medico.<\/li>\n<li>Non assumere pi\u00f9 di una pillola al giorno.<\/li>\n<li>Se hai pi\u00f9 di 65 anni, soffri di gravi problemi al fegato o ai reni o sei in terapia contro l&#8217;HIV, dovresti iniziare con la dose pi\u00f9 bassa: 25 mg.<\/li>\n<li>I pazienti sottoposti a terapia con inibitori della proteasi (ad esempio per l&#8217;HIV) non devono superare una singola dose di 100 mg nell&#8217;arco di 48 ore.<\/li>\n<\/ul>\n<p>&nbsp;<\/p>\n<h4><strong>Cosa succede se assumo una dose?<\/strong><\/h4>\n<p>Fildena si assume al bisogno, quindi non \u00e8 necessario assumerlo regolarmente e non vi \u00e8 alcun rischio significativo di dimenticare una dose.<\/p>\n<h4><strong>Cosa succede in caso di sovradosaggio?<\/strong><\/h4>\n<p>In caso di sovradosaggio, <strong>consultare immediatamente un medico.<\/strong> Prestare attenzione a sintomi quali forti capogiri, svenimenti o dolore al petto.<\/p>\n<h4><strong>Cosa dovrei evitare durante l&#8217;assunzione di Fildena?<\/strong><\/h4>\n<ul>\n<li>Non guidare o utilizzare macchinari pesanti subito dopo l&#8217;assunzione, poich\u00e9 potrebbe causare vertigini.<\/li>\n<li>Non consumare alcol immediatamente prima o dopo l&#8217;assunzione di Fildena, poich\u00e9 potrebbe ridurne temporaneamente l&#8217;efficacia.<\/li>\n<li>Evitare pasti pesanti prima di assumere il farmaco, poich\u00e9 potrebbero ritardarne o diminuirne l&#8217;effetto.<\/li>\n<\/ul>\n<p>&nbsp;<\/p>\n<h4><strong>Quali sono i possibili effetti collaterali di Fildena?<\/strong><\/h4>\n<h4><strong>Effetti comuni:<\/strong><\/h4>\n<ul>\n<li>Mal di testa<\/li>\n<li>Rossore del viso<\/li>\n<li>Mal di stomaco<\/li>\n<li>Visione blu o offuscata temporanea<\/li>\n<li>Sensibilit\u00e0 alla luce<\/li>\n<\/ul>\n<h4><strong>Effetti gravi (rari):<\/strong><\/h4>\n<ul>\n<li><strong>Erezione che dura pi\u00f9 di 4 ore:<\/strong> consultare immediatamente un medico.<\/li>\n<\/ul>\n<p>La maggior parte degli effetti collaterali sono <strong>lievi e temporanei <\/strong> e scompaiono quando l&#8217;organismo si abitua alla dose.<\/p>\n","protected":false},"excerpt":{"rendered":"<p>Generic Viagra Super Active 100 mg | Fildena Super Active 100 mg<\/p>\n<p>Le pillole Fildena consentono un maggiore afflusso di sangue all&#8217;apparato riproduttivo maschile, mantenendolo forte e duro pi\u00f9 a lungo quando l&#8217;uomo \u00e8 stimolato sessualmente.<\/p>\n<ul>\n<li>Risposta pi\u00f9 rapida alla stimolazione sessuale.<\/li>\n<li>Erezione ferma e duratura.<\/li>\n<li>Dose efficace e sicura.<\/li>\n<\/ul>\n","protected":false},"featured_media":4344,"comment_status":"open","ping_status":"closed","template":"","meta":[],"product_brand":[514],"product_cat":[350],"product_tag":[],"class_list":{"0":"post-5876","1":"product","2":"type-product","3":"status-publish","4":"has-post-thumbnail","6":"product_brand-fildena-2","7":"product_cat-salute-delluomo","9":"first","10":"instock","11":"taxable","12":"shipping-taxable","13":"purchasable","14":"product-type-variable"},"yoast_head":"<!-- This site is optimized with the Yoast SEO plugin v25.6 - https:\/\/yoast.com\/wordpress\/plugins\/seo\/ -->\n<title>Generic Viagra Super Active 100 mg - Ge24h<\/title>\n<meta name=\"description\" content=\"Compra Viagra Super Active generico 100 mg su GE24h. Consigue ora i migliori farmaci generici al miglior prezzo nel nostro web. Comprare prodotti generici.\" \/>\n<meta name=\"robots\" content=\"index, follow, max-snippet:-1, max-image-preview:large, max-video-preview:-1\" \/>\n<link rel=\"canonical\" href=\"https:\/\/ge24h.com\/it\/producto\/generic-viagra-super-active-100-mg\/\" \/>\n<meta property=\"og:locale\" content=\"it_IT\" \/>\n<meta property=\"og:type\" content=\"article\" \/>\n<meta property=\"og:title\" content=\"Generic Viagra Super Active 100 mg - Ge24h\" \/>\n<meta property=\"og:description\" content=\"Compra Viagra Super Active generico 100 mg su GE24h. Consigue ora i migliori farmaci generici al miglior prezzo nel nostro web. Comprare prodotti generici.\" \/>\n<meta property=\"og:url\" content=\"https:\/\/ge24h.com\/it\/producto\/generic-viagra-super-active-100-mg\/\" \/>\n<meta property=\"og:site_name\" content=\"Ge24h\" \/>\n<meta property=\"article:modified_time\" content=\"2025-07-18T10:07:52+00:00\" \/>\n<meta property=\"og:image\" content=\"https:\/\/ge24h.com\/wp-content\/uploads\/generic-viagra-super-active-100-mg.jpg\" \/>\n\t<meta property=\"og:image:width\" content=\"800\" \/>\n\t<meta property=\"og:image:height\" content=\"800\" \/>\n\t<meta property=\"og:image:type\" content=\"image\/jpeg\" \/>\n<meta name=\"twitter:card\" content=\"summary_large_image\" \/>\n<meta name=\"twitter:label1\" content=\"Tempo di lettura stimato\" \/>\n\t<meta name=\"twitter:data1\" content=\"3 minuti\" \/>\n<script type=\"application\/ld+json\" class=\"yoast-schema-graph\">{\"@context\":\"https:\/\/schema.org\",\"@graph\":[{\"@type\":\"WebPage\",\"@id\":\"https:\/\/ge24h.com\/it\/producto\/generic-viagra-super-active-100-mg\/\",\"url\":\"https:\/\/ge24h.com\/it\/producto\/generic-viagra-super-active-100-mg\/\",\"name\":\"Generic Viagra Super Active 100 mg - Ge24h\",\"isPartOf\":{\"@id\":\"https:\/\/ge24h.com\/#website\"},\"primaryImageOfPage\":{\"@id\":\"https:\/\/ge24h.com\/it\/producto\/generic-viagra-super-active-100-mg\/#primaryimage\"},\"image\":{\"@id\":\"https:\/\/ge24h.com\/it\/producto\/generic-viagra-super-active-100-mg\/#primaryimage\"},\"thumbnailUrl\":\"https:\/\/ge24h.com\/wp-content\/uploads\/generic-viagra-super-active-100-mg.jpg\",\"datePublished\":\"2025-05-21T14:13:36+00:00\",\"dateModified\":\"2025-07-18T10:07:52+00:00\",\"description\":\"Compra Viagra Super Active generico 100 mg su GE24h. Consigue ora i migliori farmaci generici al miglior prezzo nel nostro web. Comprare prodotti generici.\",\"breadcrumb\":{\"@id\":\"https:\/\/ge24h.com\/it\/producto\/generic-viagra-super-active-100-mg\/#breadcrumb\"},\"inLanguage\":\"it-IT\",\"potentialAction\":[{\"@type\":\"ReadAction\",\"target\":[\"https:\/\/ge24h.com\/it\/producto\/generic-viagra-super-active-100-mg\/\"]}]},{\"@type\":\"ImageObject\",\"inLanguage\":\"it-IT\",\"@id\":\"https:\/\/ge24h.com\/it\/producto\/generic-viagra-super-active-100-mg\/#primaryimage\",\"url\":\"https:\/\/ge24h.com\/wp-content\/uploads\/generic-viagra-super-active-100-mg.jpg\",\"contentUrl\":\"https:\/\/ge24h.com\/wp-content\/uploads\/generic-viagra-super-active-100-mg.jpg\",\"width\":800,\"height\":800,\"caption\":\"Generic Viagra Super Active 100 mg\"},{\"@type\":\"BreadcrumbList\",\"@id\":\"https:\/\/ge24h.com\/it\/producto\/generic-viagra-super-active-100-mg\/#breadcrumb\",\"itemListElement\":[{\"@type\":\"ListItem\",\"position\":1,\"name\":\"Portada\",\"item\":\"https:\/\/ge24h.com\/it\/\"},{\"@type\":\"ListItem\",\"position\":2,\"name\":\"negozio\",\"item\":\"https:\/\/ge24h.com\/it\/negozio\/\"},{\"@type\":\"ListItem\",\"position\":3,\"name\":\"Generic Viagra Super Active 100 mg\"}]},{\"@type\":\"WebSite\",\"@id\":\"https:\/\/ge24h.com\/#website\",\"url\":\"https:\/\/ge24h.com\/\",\"name\":\"Ge24h\",\"description\":\"Medicamentos Gen\u00e9ricos, Finpecia, Kamagra, Sidenafil, Tadalafil\",\"publisher\":{\"@id\":\"https:\/\/ge24h.com\/#organization\"},\"potentialAction\":[{\"@type\":\"SearchAction\",\"target\":{\"@type\":\"EntryPoint\",\"urlTemplate\":\"https:\/\/ge24h.com\/?s={search_term_string}\"},\"query-input\":{\"@type\":\"PropertyValueSpecification\",\"valueRequired\":true,\"valueName\":\"search_term_string\"}}],\"inLanguage\":\"it-IT\"},{\"@type\":\"Organization\",\"@id\":\"https:\/\/ge24h.com\/#organization\",\"name\":\"Ge24h\",\"url\":\"https:\/\/ge24h.com\/\",\"logo\":{\"@type\":\"ImageObject\",\"inLanguage\":\"it-IT\",\"@id\":\"https:\/\/ge24h.com\/#\/schema\/logo\/image\/\",\"url\":\"https:\/\/ge24h.com\/wp-content\/uploads\/logo-1.svg\",\"contentUrl\":\"https:\/\/ge24h.com\/wp-content\/uploads\/logo-1.svg\",\"width\":200,\"height\":58,\"caption\":\"Ge24h\"},\"image\":{\"@id\":\"https:\/\/ge24h.com\/#\/schema\/logo\/image\/\"}}]}<\/script>\n<!-- \/ Yoast SEO plugin. -->","yoast_head_json":{"title":"Generic Viagra Super Active 100 mg - Ge24h","description":"Compra Viagra Super Active generico 100 mg su GE24h. Consigue ora i migliori farmaci generici al miglior prezzo nel nostro web. Comprare prodotti generici.","robots":{"index":"index","follow":"follow","max-snippet":"max-snippet:-1","max-image-preview":"max-image-preview:large","max-video-preview":"max-video-preview:-1"},"canonical":"https:\/\/ge24h.com\/it\/producto\/generic-viagra-super-active-100-mg\/","og_locale":"it_IT","og_type":"article","og_title":"Generic Viagra Super Active 100 mg - Ge24h","og_description":"Compra Viagra Super Active generico 100 mg su GE24h. Consigue ora i migliori farmaci generici al miglior prezzo nel nostro web. Comprare prodotti generici.","og_url":"https:\/\/ge24h.com\/it\/producto\/generic-viagra-super-active-100-mg\/","og_site_name":"Ge24h","article_modified_time":"2025-07-18T10:07:52+00:00","og_image":[{"width":800,"height":800,"url":"https:\/\/ge24h.com\/wp-content\/uploads\/generic-viagra-super-active-100-mg.jpg","type":"image\/jpeg"}],"twitter_card":"summary_large_image","twitter_misc":{"Tempo di lettura stimato":"3 minuti"},"schema":{"@context":"https:\/\/schema.org","@graph":[{"@type":"WebPage","@id":"https:\/\/ge24h.com\/it\/producto\/generic-viagra-super-active-100-mg\/","url":"https:\/\/ge24h.com\/it\/producto\/generic-viagra-super-active-100-mg\/","name":"Generic Viagra Super Active 100 mg - Ge24h","isPartOf":{"@id":"https:\/\/ge24h.com\/#website"},"primaryImageOfPage":{"@id":"https:\/\/ge24h.com\/it\/producto\/generic-viagra-super-active-100-mg\/#primaryimage"},"image":{"@id":"https:\/\/ge24h.com\/it\/producto\/generic-viagra-super-active-100-mg\/#primaryimage"},"thumbnailUrl":"https:\/\/ge24h.com\/wp-content\/uploads\/generic-viagra-super-active-100-mg.jpg","datePublished":"2025-05-21T14:13:36+00:00","dateModified":"2025-07-18T10:07:52+00:00","description":"Compra Viagra Super Active generico 100 mg su GE24h. Consigue ora i migliori farmaci generici al miglior prezzo nel nostro web. Comprare prodotti generici.","breadcrumb":{"@id":"https:\/\/ge24h.com\/it\/producto\/generic-viagra-super-active-100-mg\/#breadcrumb"},"inLanguage":"it-IT","potentialAction":[{"@type":"ReadAction","target":["https:\/\/ge24h.com\/it\/producto\/generic-viagra-super-active-100-mg\/"]}]},{"@type":"ImageObject","inLanguage":"it-IT","@id":"https:\/\/ge24h.com\/it\/producto\/generic-viagra-super-active-100-mg\/#primaryimage","url":"https:\/\/ge24h.com\/wp-content\/uploads\/generic-viagra-super-active-100-mg.jpg","contentUrl":"https:\/\/ge24h.com\/wp-content\/uploads\/generic-viagra-super-active-100-mg.jpg","width":800,"height":800,"caption":"Generic Viagra Super Active 100 mg"},{"@type":"BreadcrumbList","@id":"https:\/\/ge24h.com\/it\/producto\/generic-viagra-super-active-100-mg\/#breadcrumb","itemListElement":[{"@type":"ListItem","position":1,"name":"Portada","item":"https:\/\/ge24h.com\/it\/"},{"@type":"ListItem","position":2,"name":"negozio","item":"https:\/\/ge24h.com\/it\/negozio\/"},{"@type":"ListItem","position":3,"name":"Generic Viagra Super Active 100 mg"}]},{"@type":"WebSite","@id":"https:\/\/ge24h.com\/#website","url":"https:\/\/ge24h.com\/","name":"Ge24h","description":"Medicamentos Gen\u00e9ricos, Finpecia, Kamagra, Sidenafil, Tadalafil","publisher":{"@id":"https:\/\/ge24h.com\/#organization"},"potentialAction":[{"@type":"SearchAction","target":{"@type":"EntryPoint","urlTemplate":"https:\/\/ge24h.com\/?s={search_term_string}"},"query-input":{"@type":"PropertyValueSpecification","valueRequired":true,"valueName":"search_term_string"}}],"inLanguage":"it-IT"},{"@type":"Organization","@id":"https:\/\/ge24h.com\/#organization","name":"Ge24h","url":"https:\/\/ge24h.com\/","logo":{"@type":"ImageObject","inLanguage":"it-IT","@id":"https:\/\/ge24h.com\/#\/schema\/logo\/image\/","url":"https:\/\/ge24h.com\/wp-content\/uploads\/logo-1.svg","contentUrl":"https:\/\/ge24h.com\/wp-content\/uploads\/logo-1.svg","width":200,"height":58,"caption":"Ge24h"},"image":{"@id":"https:\/\/ge24h.com\/#\/schema\/logo\/image\/"}}]}},"_links":{"self":[{"href":"https:\/\/ge24h.com\/it\/wp-json\/wp\/v2\/product\/5876","targetHints":{"allow":["GET"]}}],"collection":[{"href":"https:\/\/ge24h.com\/it\/wp-json\/wp\/v2\/product"}],"about":[{"href":"https:\/\/ge24h.com\/it\/wp-json\/wp\/v2\/types\/product"}],"replies":[{"embeddable":true,"href":"https:\/\/ge24h.com\/it\/wp-json\/wp\/v2\/comments?post=5876"}],"wp:featuredmedia":[{"embeddable":true,"href":"https:\/\/ge24h.com\/it\/wp-json\/wp\/v2\/media\/4344"}],"wp:attachment":[{"href":"https:\/\/ge24h.com\/it\/wp-json\/wp\/v2\/media?parent=5876"}],"wp:term":[{"taxonomy":"product_brand","embeddable":true,"href":"https:\/\/ge24h.com\/it\/wp-json\/wp\/v2\/product_brand?post=5876"},{"taxonomy":"product_cat","embeddable":true,"href":"https:\/\/ge24h.com\/it\/wp-json\/wp\/v2\/product_cat?post=5876"},{"taxonomy":"product_tag","embeddable":true,"href":"https:\/\/ge24h.com\/it\/wp-json\/wp\/v2\/product_tag?post=5876"}],"curies":[{"name":"wp","href":"https:\/\/api.w.org\/{rel}","templated":true}]}}