{"id":5871,"date":"2025-05-21T17:01:03","date_gmt":"2025-05-21T15:01:03","guid":{"rendered":"https:\/\/ge24h.com\/producto\/clarinex-5mg\/"},"modified":"2026-01-15T17:47:31","modified_gmt":"2026-01-15T16:47:31","slug":"clarinex-5mg","status":"publish","type":"product","link":"https:\/\/ge24h.com\/it\/producto\/clarinex-5mg\/","title":{"rendered":"Clarinex 5mg"},"content":{"rendered":"<h3><strong>Nome del farmaco<\/strong>: Clarinex<\/h3>\n<h3><strong>Nome generico:<\/strong> Desloratadina<\/h3>\n<p>&nbsp;<\/p>\n<h4><strong>Qual \u00e8 la cosa pi\u00f9 importante che dovrei sapere su Clarinex?<\/strong><\/h4>\n<ul>\n<li><strong>A differenza di altri farmaci, \u00e8 improbabile che Clarinex provochi vertigini o sonnolenza.<\/strong><\/li>\n<li>Prestate attenzione quando venite guidati, se usate una macchina o se non la azionate.<\/li>\n<li><strong>Se avvertite vertigini o sonnolenza, evitate questo tipo di attivit\u00e0.<\/strong><\/li>\n<\/ul>\n<p>&nbsp;<\/p>\n<h4><strong>Che cos&#8217;\u00e8 Clarinex?<\/strong><\/h4>\n<p>Clarinex \u00e8 un antistaminico. Gli antistaminici prevengono starnuti, naso che cola, lacrimazione oculare e altri sintomi allergici.<br \/>Clarinex \u00e8 usato per trattare i sintomi allergici.<br \/>Clarinex pu\u00f2 essere utilizzato anche per altri scopi elencati nella guida medica. <\/p>\n<h4><strong>Cosa dovrei discutere con il mio medico prima di assumere Clarinex?<\/strong><\/h4>\n<ul>\n<li>Prima di assumere Clarinex, informi il medico se ha mai manifestato i seguenti sintomi:\n<ul>\n<li><strong>Una volta ha avuto una reazione allergica a un antistaminico;<\/strong><\/li>\n<li><strong>Nefropatia.<\/strong><\/li>\n<li><strong>Malattia del fegato.<\/strong><\/li>\n<\/ul>\n<\/li>\n<li>Se si soffre di una delle condizioni sopra menzionate, potrebbe non essere possibile assumere Clarinex, potrebbe essere necessario ridurre la dose o potrebbe essere necessario un monitoraggio speciale durante il trattamento.<\/li>\n<li><strong>Clarinex rientra nella categoria di rischio C della FDA in gravidanza: <\/strong>non \u00e8 stato dimostrato che causi difetti alla nascita, ma consultare il medico se si \u00e8 in gravidanza o si sta pianificando una gravidanza.<\/li>\n<li>Clarinex si trasmette attraverso il latte materno e pu\u00f2 essere dannoso per il bambino. Consultare il medico se si sta allattando. <\/li>\n<\/ul>\n<p>&nbsp;<\/p>\n<h4><strong>Come dovrei assumere Clarinex?<\/strong><\/h4>\n<ul>\n<li>Assumere Clarinex esattamente come prescritto dal medico.<\/li>\n<li>Se non capisci le istruzioni, contatta il tuo farmacista, infermiere o medico.<\/li>\n<li><strong>Assumere ogni dose con un bicchiere pieno d&#8217;acqua (230 ml).<\/strong><\/li>\n<li>Posizionare le compresse disintegrabili (Clarinex Reditabs) sulla lingua e lasciarle sciogliere. Deglutire con o senza acqua. <\/li>\n<li>Assumere le compresse che si disintegrano subito dopo aver rimosso la pellicola protettiva. <strong>Non conservarli per dopo.<\/strong><\/li>\n<li>Clarinex pu\u00f2 essere assunto con o senza cibo.<\/li>\n<li><strong>Di solito si assume una volta al giorno.<\/strong><\/li>\n<li>Non assumere mai una dose superiore a quella raccomandata. Se i sintomi persistono, contattare il medico.<\/li>\n<li>Conservare Clarinex a temperatura ambiente, lontano da umidit\u00e0 e calore eccessivo. Non esporre a temperature superiori a 30 \u00b0C (86 \u00b0F). <\/li>\n<\/ul>\n<p>&nbsp;<\/p>\n<h4><strong>Cosa succede se assumo una dose?<\/strong><\/h4>\n<ul>\n<li>Assumere la dose non appena se ne ricorda.<\/li>\n<li>Se \u00e8 quasi ora della dose successiva, saltare la dose dimenticata e assumere quella successiva all&#8217;orario consueto.<\/li>\n<li><strong>Non raddoppiare la dose.<\/strong><\/li>\n<\/ul>\n<p>&nbsp;<\/p>\n<h4><strong>Cosa succede in caso di sovradosaggio?<\/strong><\/h4>\n<ul>\n<li><strong>Richiedere immediatamente assistenza medica.<\/strong><\/li>\n<li>Non si conoscono i sintomi esatti di un sovradosaggio di Clarinex, ma potrebbero includere sonnolenza.<\/li>\n<\/ul>\n<p>&nbsp;<\/p>\n<h4><strong>Cosa dovrei evitare durante l&#8217;assunzione di Clarinex?<\/strong><\/h4>\n<ul>\n<li>\u00c8 improbabile che causi vertigini o sonnolenza, ma \u00e8 necessario prestare attenzione se si svolgono attivit\u00e0 rischiose.<\/li>\n<li>Se si verificano questi effetti, evitare di guidare o di usare macchinari.<\/li>\n<\/ul>\n<p>&nbsp;<\/p>\n<h4><strong>Quali sono i possibili effetti collaterali di Clarinex?<\/strong><\/h4>\n<h4><strong>Effetti gravi:<\/strong><\/h4>\n<ul>\n<li>Reazione allergica: difficolt\u00e0 respiratorie, chiusura della gola, gonfiore di labbra, lingua o viso, orticaria.<\/li>\n<li><strong>Battiti cardiaci irregolari o rapidi.<\/strong><\/li>\n<\/ul>\n<p>&nbsp;<\/p>\n<h4><strong>Effetti minori<\/strong><\/h4>\n<ul>\n<li>Sonnolenza o vertigini.<\/li>\n<li>Nausea.<\/li>\n<li>Bocca o gola secche.<\/li>\n<li>Dolore muscolare.<\/li>\n<\/ul>\n<p>Se si verificano effetti collaterali indesiderati o fastidiosi, consultare il medico.<\/p>\n<h4><strong>Quali farmaci possono interagire con Clarinex?<\/strong><\/h4>\n<p>Non sono note interazioni con altri farmaci.<\/p>\n<p>Consultare il medico o il farmacista prima di assumere qualsiasi medicinale, comprese vitamine, minerali e prodotti a base di erbe, durante il trattamento con Clarinex.<\/p>\n","protected":false},"excerpt":{"rendered":"<p>Clarinex (Desloratadina)<br \/>\nSinonimi: Desloratina, Dloratin, Aerius, Alavert, Claritin, Desloratidina, Loratadina<br \/>\nClarinex (Desloratadina) \u00e8 un antistaminico utilizzato per alleviare i sintomi associati alla febbre da fieno e ad altre condizioni allergiche come lacrimazione oculare, congestione nasale, prurito agli occhi e starnuti.<\/p>\n","protected":false},"featured_media":4914,"comment_status":"open","ping_status":"closed","template":"","meta":[],"product_brand":[509],"product_cat":[354],"product_tag":[],"class_list":{"0":"post-5871","1":"product","2":"type-product","3":"status-publish","4":"has-post-thumbnail","6":"product_brand-rx-pharmacy-it","7":"product_cat-allergia","9":"first","10":"instock","11":"taxable","12":"shipping-taxable","13":"purchasable","14":"product-type-variable"},"yoast_head":"<!-- This site is optimized with the Yoast SEO plugin v25.6 - https:\/\/yoast.com\/wordpress\/plugins\/seo\/ -->\n<title>Clarinex 5mg - Ge24h<\/title>\n<meta name=\"description\" content=\"Acquista Clarinex 5 mg su GE24h. Ottieni i migliori farmaci generici al miglior prezzo sul nostro sito web. Acquista farmaci generici.\" \/>\n<meta name=\"robots\" content=\"index, follow, max-snippet:-1, max-image-preview:large, max-video-preview:-1\" \/>\n<link rel=\"canonical\" href=\"https:\/\/ge24h.com\/it\/producto\/clarinex-5mg\/\" \/>\n<meta property=\"og:locale\" content=\"it_IT\" \/>\n<meta property=\"og:type\" content=\"article\" \/>\n<meta property=\"og:title\" content=\"Clarinex 5mg - Ge24h\" \/>\n<meta property=\"og:description\" content=\"Acquista Clarinex 5 mg su GE24h. Ottieni i migliori farmaci generici al miglior prezzo sul nostro sito web. Acquista farmaci generici.\" \/>\n<meta property=\"og:url\" content=\"https:\/\/ge24h.com\/it\/producto\/clarinex-5mg\/\" \/>\n<meta property=\"og:site_name\" content=\"Ge24h\" \/>\n<meta property=\"article:modified_time\" content=\"2026-01-15T16:47:31+00:00\" \/>\n<meta property=\"og:image\" content=\"https:\/\/ge24h.com\/wp-content\/uploads\/Clarinex-5mg-2.png\" \/>\n\t<meta property=\"og:image:width\" content=\"800\" \/>\n\t<meta property=\"og:image:height\" content=\"800\" \/>\n\t<meta property=\"og:image:type\" content=\"image\/png\" \/>\n<meta name=\"twitter:card\" content=\"summary_large_image\" \/>\n<meta name=\"twitter:label1\" content=\"Tempo di lettura stimato\" \/>\n\t<meta name=\"twitter:data1\" content=\"3 minuti\" \/>\n<script type=\"application\/ld+json\" class=\"yoast-schema-graph\">{\"@context\":\"https:\/\/schema.org\",\"@graph\":[{\"@type\":\"WebPage\",\"@id\":\"https:\/\/ge24h.com\/it\/producto\/clarinex-5mg\/\",\"url\":\"https:\/\/ge24h.com\/it\/producto\/clarinex-5mg\/\",\"name\":\"Clarinex 5mg - Ge24h\",\"isPartOf\":{\"@id\":\"https:\/\/ge24h.com\/#website\"},\"primaryImageOfPage\":{\"@id\":\"https:\/\/ge24h.com\/it\/producto\/clarinex-5mg\/#primaryimage\"},\"image\":{\"@id\":\"https:\/\/ge24h.com\/it\/producto\/clarinex-5mg\/#primaryimage\"},\"thumbnailUrl\":\"https:\/\/ge24h.com\/wp-content\/uploads\/Clarinex-5mg-2.png\",\"datePublished\":\"2025-05-21T15:01:03+00:00\",\"dateModified\":\"2026-01-15T16:47:31+00:00\",\"description\":\"Acquista Clarinex 5 mg su GE24h. Ottieni i migliori farmaci generici al miglior prezzo sul nostro sito web. Acquista farmaci generici.\",\"breadcrumb\":{\"@id\":\"https:\/\/ge24h.com\/it\/producto\/clarinex-5mg\/#breadcrumb\"},\"inLanguage\":\"it-IT\",\"potentialAction\":[{\"@type\":\"ReadAction\",\"target\":[\"https:\/\/ge24h.com\/it\/producto\/clarinex-5mg\/\"]}]},{\"@type\":\"ImageObject\",\"inLanguage\":\"it-IT\",\"@id\":\"https:\/\/ge24h.com\/it\/producto\/clarinex-5mg\/#primaryimage\",\"url\":\"https:\/\/ge24h.com\/wp-content\/uploads\/Clarinex-5mg-2.png\",\"contentUrl\":\"https:\/\/ge24h.com\/wp-content\/uploads\/Clarinex-5mg-2.png\",\"width\":800,\"height\":800,\"caption\":\"Clarinex 5mg\"},{\"@type\":\"BreadcrumbList\",\"@id\":\"https:\/\/ge24h.com\/it\/producto\/clarinex-5mg\/#breadcrumb\",\"itemListElement\":[{\"@type\":\"ListItem\",\"position\":1,\"name\":\"Portada\",\"item\":\"https:\/\/ge24h.com\/it\/\"},{\"@type\":\"ListItem\",\"position\":2,\"name\":\"negozio\",\"item\":\"https:\/\/ge24h.com\/it\/negozio\/\"},{\"@type\":\"ListItem\",\"position\":3,\"name\":\"Clarinex 5mg\"}]},{\"@type\":\"WebSite\",\"@id\":\"https:\/\/ge24h.com\/#website\",\"url\":\"https:\/\/ge24h.com\/\",\"name\":\"Ge24h\",\"description\":\"Medicamentos Gen\u00e9ricos, Finpecia, Kamagra, Sidenafil, Tadalafil\",\"publisher\":{\"@id\":\"https:\/\/ge24h.com\/#organization\"},\"potentialAction\":[{\"@type\":\"SearchAction\",\"target\":{\"@type\":\"EntryPoint\",\"urlTemplate\":\"https:\/\/ge24h.com\/?s={search_term_string}\"},\"query-input\":{\"@type\":\"PropertyValueSpecification\",\"valueRequired\":true,\"valueName\":\"search_term_string\"}}],\"inLanguage\":\"it-IT\"},{\"@type\":\"Organization\",\"@id\":\"https:\/\/ge24h.com\/#organization\",\"name\":\"Ge24h\",\"url\":\"https:\/\/ge24h.com\/\",\"logo\":{\"@type\":\"ImageObject\",\"inLanguage\":\"it-IT\",\"@id\":\"https:\/\/ge24h.com\/#\/schema\/logo\/image\/\",\"url\":\"https:\/\/ge24h.com\/wp-content\/uploads\/logo-1.svg\",\"contentUrl\":\"https:\/\/ge24h.com\/wp-content\/uploads\/logo-1.svg\",\"width\":200,\"height\":58,\"caption\":\"Ge24h\"},\"image\":{\"@id\":\"https:\/\/ge24h.com\/#\/schema\/logo\/image\/\"}}]}<\/script>\n<!-- \/ Yoast SEO plugin. -->","yoast_head_json":{"title":"Clarinex 5mg - Ge24h","description":"Acquista Clarinex 5 mg su GE24h. Ottieni i migliori farmaci generici al miglior prezzo sul nostro sito web. Acquista farmaci generici.","robots":{"index":"index","follow":"follow","max-snippet":"max-snippet:-1","max-image-preview":"max-image-preview:large","max-video-preview":"max-video-preview:-1"},"canonical":"https:\/\/ge24h.com\/it\/producto\/clarinex-5mg\/","og_locale":"it_IT","og_type":"article","og_title":"Clarinex 5mg - Ge24h","og_description":"Acquista Clarinex 5 mg su GE24h. Ottieni i migliori farmaci generici al miglior prezzo sul nostro sito web. Acquista farmaci generici.","og_url":"https:\/\/ge24h.com\/it\/producto\/clarinex-5mg\/","og_site_name":"Ge24h","article_modified_time":"2026-01-15T16:47:31+00:00","og_image":[{"width":800,"height":800,"url":"https:\/\/ge24h.com\/wp-content\/uploads\/Clarinex-5mg-2.png","type":"image\/png"}],"twitter_card":"summary_large_image","twitter_misc":{"Tempo di lettura stimato":"3 minuti"},"schema":{"@context":"https:\/\/schema.org","@graph":[{"@type":"WebPage","@id":"https:\/\/ge24h.com\/it\/producto\/clarinex-5mg\/","url":"https:\/\/ge24h.com\/it\/producto\/clarinex-5mg\/","name":"Clarinex 5mg - Ge24h","isPartOf":{"@id":"https:\/\/ge24h.com\/#website"},"primaryImageOfPage":{"@id":"https:\/\/ge24h.com\/it\/producto\/clarinex-5mg\/#primaryimage"},"image":{"@id":"https:\/\/ge24h.com\/it\/producto\/clarinex-5mg\/#primaryimage"},"thumbnailUrl":"https:\/\/ge24h.com\/wp-content\/uploads\/Clarinex-5mg-2.png","datePublished":"2025-05-21T15:01:03+00:00","dateModified":"2026-01-15T16:47:31+00:00","description":"Acquista Clarinex 5 mg su GE24h. Ottieni i migliori farmaci generici al miglior prezzo sul nostro sito web. Acquista farmaci generici.","breadcrumb":{"@id":"https:\/\/ge24h.com\/it\/producto\/clarinex-5mg\/#breadcrumb"},"inLanguage":"it-IT","potentialAction":[{"@type":"ReadAction","target":["https:\/\/ge24h.com\/it\/producto\/clarinex-5mg\/"]}]},{"@type":"ImageObject","inLanguage":"it-IT","@id":"https:\/\/ge24h.com\/it\/producto\/clarinex-5mg\/#primaryimage","url":"https:\/\/ge24h.com\/wp-content\/uploads\/Clarinex-5mg-2.png","contentUrl":"https:\/\/ge24h.com\/wp-content\/uploads\/Clarinex-5mg-2.png","width":800,"height":800,"caption":"Clarinex 5mg"},{"@type":"BreadcrumbList","@id":"https:\/\/ge24h.com\/it\/producto\/clarinex-5mg\/#breadcrumb","itemListElement":[{"@type":"ListItem","position":1,"name":"Portada","item":"https:\/\/ge24h.com\/it\/"},{"@type":"ListItem","position":2,"name":"negozio","item":"https:\/\/ge24h.com\/it\/negozio\/"},{"@type":"ListItem","position":3,"name":"Clarinex 5mg"}]},{"@type":"WebSite","@id":"https:\/\/ge24h.com\/#website","url":"https:\/\/ge24h.com\/","name":"Ge24h","description":"Medicamentos Gen\u00e9ricos, Finpecia, Kamagra, Sidenafil, Tadalafil","publisher":{"@id":"https:\/\/ge24h.com\/#organization"},"potentialAction":[{"@type":"SearchAction","target":{"@type":"EntryPoint","urlTemplate":"https:\/\/ge24h.com\/?s={search_term_string}"},"query-input":{"@type":"PropertyValueSpecification","valueRequired":true,"valueName":"search_term_string"}}],"inLanguage":"it-IT"},{"@type":"Organization","@id":"https:\/\/ge24h.com\/#organization","name":"Ge24h","url":"https:\/\/ge24h.com\/","logo":{"@type":"ImageObject","inLanguage":"it-IT","@id":"https:\/\/ge24h.com\/#\/schema\/logo\/image\/","url":"https:\/\/ge24h.com\/wp-content\/uploads\/logo-1.svg","contentUrl":"https:\/\/ge24h.com\/wp-content\/uploads\/logo-1.svg","width":200,"height":58,"caption":"Ge24h"},"image":{"@id":"https:\/\/ge24h.com\/#\/schema\/logo\/image\/"}}]}},"_links":{"self":[{"href":"https:\/\/ge24h.com\/it\/wp-json\/wp\/v2\/product\/5871","targetHints":{"allow":["GET"]}}],"collection":[{"href":"https:\/\/ge24h.com\/it\/wp-json\/wp\/v2\/product"}],"about":[{"href":"https:\/\/ge24h.com\/it\/wp-json\/wp\/v2\/types\/product"}],"replies":[{"embeddable":true,"href":"https:\/\/ge24h.com\/it\/wp-json\/wp\/v2\/comments?post=5871"}],"wp:featuredmedia":[{"embeddable":true,"href":"https:\/\/ge24h.com\/it\/wp-json\/wp\/v2\/media\/4914"}],"wp:attachment":[{"href":"https:\/\/ge24h.com\/it\/wp-json\/wp\/v2\/media?parent=5871"}],"wp:term":[{"taxonomy":"product_brand","embeddable":true,"href":"https:\/\/ge24h.com\/it\/wp-json\/wp\/v2\/product_brand?post=5871"},{"taxonomy":"product_cat","embeddable":true,"href":"https:\/\/ge24h.com\/it\/wp-json\/wp\/v2\/product_cat?post=5871"},{"taxonomy":"product_tag","embeddable":true,"href":"https:\/\/ge24h.com\/it\/wp-json\/wp\/v2\/product_tag?post=5871"}],"curies":[{"name":"wp","href":"https:\/\/api.w.org\/{rel}","templated":true}]}}