{"id":5858,"date":"2025-05-16T13:06:39","date_gmt":"2025-05-16T11:06:39","guid":{"rendered":"https:\/\/ge24h.com\/producto\/tadalafil-20mg\/"},"modified":"2026-01-16T11:23:04","modified_gmt":"2026-01-16T10:23:04","slug":"tadalafil-20mg","status":"publish","type":"product","link":"https:\/\/ge24h.com\/it\/producto\/tadalafil-20mg\/","title":{"rendered":"Tadalafil 20mg"},"content":{"rendered":"<h3><strong>Nome del farmaco: <\/strong> Tadalafil<\/h3>\n<h3><strong>Nome generico:<\/strong> Tadalafil<\/h3>\n<p>&nbsp;<\/p>\n<h4><strong>Qual \u00e8 la cosa pi\u00f9 importante che dovrei sapere sul Tadalafil?<\/strong><\/h4>\n<ul>\n<li><strong>Non assumere Tadalafil se stai assumendo nitrati per il dolore al petto o problemi cardiaci.<\/strong> Tra questi rientrano nitroglicerina (Nitrostat, Nitrolingual, Nitro-Dur, Nitro-Bid, altri), isosorbide dinitrato (Dilatrate-SR, Isordril, Sorbitrate) e isosorbide mononitrato (Imdur, ISMO, Monoket). <strong>I nitrati si possono trovare anche nelle droghe ricreative, come il nitrito o il nitrito di amile (&#8220;poppers&#8221;).<\/strong> L&#8217;assunzione di Tadalafil insieme a un nitrato pu\u00f2 causare <strong>gravi problemi di pressione sanguigna,<\/strong> come affaticamento, infarto o arresto cardiaco<\/li>\n<li><strong>Se avverti vertigini o nausea, oppure dolore, intorpidimento o formicolio al petto, alle braccia, <\/strong> al collo o alla mascella durante l&#8217;attivit\u00e0 sessuale, interrompi l&#8217;assunzione del farmaco e contatta immediatamente il medico. Potresti manifestare gravi effetti <strong>collaterali correlati al tadalafil.<\/strong><\/li>\n<li><strong>Non assumere il tadalafil pi\u00f9 di una volta al giorno.<\/strong> Assicurati di lasciare <strong>trascorrere 24 ore tra le dosi.<\/strong><\/li>\n<li><strong>Consultare immediatamente un medico se si verifica un&#8217;erezione dolorosa o che dura pi\u00f9 di quattro ore. <\/strong> Potrebbe trattarsi di <strong>priapismo<\/strong>, una condizione che pu\u00f2 <strong>causare danni permanenti al pene.<\/strong><\/li>\n<li>Un piccolo numero di pazienti ha sperimentato un&#8217;improvvisa <strong>perdita della vista durante l&#8217;assunzione di tadalafil.<\/strong> Ci\u00f2 \u00e8 dovuto alla riduzione del flusso sanguigno al nervo ottico.  <strong>Non \u00e8 chiaro se il Tadalafil sia la causa diretta di questa perdita.<\/strong> Questo effetto si \u00e8 verificato pi\u00f9 frequentemente nelle persone affette da malattie cardiache, diabete, ipertensione, colesterolo alto, problemi di vista preesistenti, fumatori o di et\u00e0 superiore ai 50 anni.<\/li>\n<li><strong>In caso di improvvisa perdita della vista, interrompere l&#8217;assunzione di Tadalafil e consultare urgentemente un medico.<\/strong><\/li>\n<\/ul>\n<p>&nbsp;<\/p>\n<h4><strong>Che cos&#8217;\u00e8 il Tadalafil?<\/strong><\/h4>\n<p>Il tadalafil rilassa i muscoli e aumenta il flusso sanguigno verso aree specifiche del corpo.<br \/>\n<strong>Il tadalafil \u00e8 utilizzato per trattare la disfunzione erettile (impotenza).<\/strong><br \/>\nPu\u00f2 essere utilizzato anche per altri scopi menzionati nella guida medica.<\/p>\n<p>&nbsp;<\/p>\n<h4><strong>Cosa dovrei discutere con il mio medico prima di assumere Tadalafil?<\/strong><\/h4>\n<ul>\n<li><strong>Non assumere Tadalafil se stai assumendo nitrati per il dolore al petto o problemi cardiaci.<\/strong><\/li>\n<li>Tra questi rientrano la nitroglicerina (Nitrostat, Nitrolingual, Nitro-Dur, Nitro-Bid, altri), l&#8217;isosorbide dinitrato (Dilatrate-SR, Isordril, Sorbitrate) e l&#8217;isosorbide mononitrato (Imdur, ISMO, Monoket).<\/li>\n<li>I nitrati si possono trovare anche in droghe <strong>ricreative come il nitrito<\/strong> o il nitrito di amile (&#8220;poppers&#8221;).<\/li>\n<li>L&#8217;assunzione di Tadalafil insieme ai nitrati pu\u00f2 <strong>causare un grave calo della pressione sanguigna, affaticamento, infarto o arresto cardiaco. <\/strong><\/li>\n<\/ul>\n<p>&nbsp;<\/p>\n<h4><strong>Come dovrei assumere il Tadalafil?<\/strong><\/h4>\n<ul>\n<li>Assumere il <strong>Tadalafil come indicato dal medico. <\/strong><\/li>\n<li><strong>Non assumere dosaggi o periodi di tempo diversi da quelli raccomandati.<\/strong><\/li>\n<li><strong>Non assumerlo pi\u00f9 di una volta al giorno.<\/strong> Tra una dose e l&#8217;altra devono <strong>trascorrere 24 ore.<\/strong><\/li>\n<\/ul>\n<p>&nbsp;<\/p>\n<h4><strong>Cosa succede se assumo una dose?<\/strong><\/h4>\n<p>Solitamente il tadalafil viene assunto quando necessario.<br \/>\nPertanto, non bisogna dimenticare una dose.<\/p>\n<h4><strong>Cosa succede in caso di sovradosaggio?<\/strong><\/h4>\n<p><strong>Se pensi di aver assunto una dose eccessiva, rivolgiti immediatamente a un medico.<br \/>\nI sintomi possono includere affaticamento, problemi di pressione sanguigna, infarto o perdita di coscienza.<\/strong><\/p>\n<h4><strong>Cosa dovrei evitare durante l&#8217;assunzione di Tadalafil?<\/strong><\/h4>\n<ul>\n<li><strong>Evitare il consumo di alcol, <\/strong> poich\u00e9 potrebbe aumentare gli effetti collaterali del Tadalafil.<\/li>\n<li><strong>Non assumere altri farmaci per la disfunzione erettile<\/strong>, come alprostadil o yohimbina, senza consultare il medico.<\/li>\n<\/ul>\n<p>&nbsp;<\/p>\n<h4><strong>Quali sono i possibili effetti collaterali del Tadalafil?<\/strong><\/h4>\n<h4><strong>Effetti gravi:<\/strong><\/h4>\n<ul>\n<li><strong>Improvvisa perdita della vista.<\/strong><\/li>\n<li><strong>Dolore al petto, infarto o sintomi simili (dolore che si irradia al braccio o alla spalla, nausea, sudorazione).<\/strong><\/li>\n<li><strong>Battiti cardiaci irregolari.<\/strong><\/li>\n<li><strong>Erezione dolorosa o che dura pi\u00f9 di 4 ore (priapismo).<\/strong><\/li>\n<\/ul>\n<p>&nbsp;<\/p>\n<h4><strong>Effetti minori<\/strong><\/h4>\n<ul>\n<li>Testa bruta.<\/li>\n<li>Mal di stomaco.<\/li>\n<li>Arricciamento della fronte.<\/li>\n<\/ul>\n<p>Se si verificano effetti collaterali fastidiosi o insoliti, consultare il medico.<\/p>\n<h4><strong>Quali farmaci possono interagire con il Tadalafil?<\/strong><\/h4>\n<p><strong>Non assumere Tadalafil se stai assumendo nitrati.<\/strong><br \/>\nInoltre, parlate con il vostro medico di tutti i farmaci che state assumendo, compresi gli integratori vitaminici, i prodotti a base di erbe e altri farmaci con o senza prescrizione medica..<br \/>\nCi\u00f2 include in particolare:<\/p>\n<ul>\n<li>Farmaci per malattie cardiache o ipertensione.<\/li>\n<li>Antibiotici o farmaci antimicotici.<\/li>\n<li>Farmacia contro l&#8217;HIV.<\/li>\n<li>Altri trattamenti per la disfunzione erettile.<\/li>\n<\/ul>\n<p><strong>In caso di dubbio, consultare sempre il medico per determinare se questo medicinale \u00e8 adatto a voi.<\/strong><\/p>\n","protected":false},"excerpt":{"rendered":"<p>Il tadanafil \u00e8 un farmaco orale da prescrizione utilizzato per trattare la disfunzione erettile. Questa condizione \u00e8 caratterizzata dall&#8217;incapacit\u00e0 del pene di indurirsi e allungarsi durante l&#8217;eccitazione, o dall&#8217;incapacit\u00e0 di mantenere l&#8217;erezione. Il tadanafil aiuta gli uomini con disfunzione erettile a mantenere l&#8217;erezione.  <\/p>\n<p><strong>Sinonimi:<\/strong> Cialis, ICOS 351, Tadalafil<em><\/em><\/p>\n<ul>\n<li>Rapida entrata in azione.<\/li>\n<li>Effetto prolungato.<\/li>\n<li> Tratta l&#8217;iperplasia prostatica benigna<\/li>\n<\/ul>\n","protected":false},"featured_media":5053,"comment_status":"open","ping_status":"closed","template":"","meta":[],"product_brand":[509],"product_cat":[350,360],"product_tag":[],"class_list":{"0":"post-5858","1":"product","2":"type-product","3":"status-publish","4":"has-post-thumbnail","6":"product_brand-rx-pharmacy-it","7":"product_cat-salute-delluomo","8":"product_cat-in-primo-piano","10":"first","11":"instock","12":"taxable","13":"shipping-taxable","14":"purchasable","15":"product-type-variable"},"yoast_head":"<!-- This site is optimized with the Yoast SEO plugin v25.6 - https:\/\/yoast.com\/wordpress\/plugins\/seo\/ -->\n<title>Tadalafil 20mg - Ge24h<\/title>\n<meta name=\"description\" content=\"Acquista Tadalafil 20 mg. Ottieni subito i migliori farmaci generici al miglior prezzo sul nostro sito web. Acquista farmaci generici.\" \/>\n<meta name=\"robots\" content=\"index, follow, max-snippet:-1, max-image-preview:large, max-video-preview:-1\" \/>\n<link rel=\"canonical\" href=\"https:\/\/ge24h.com\/it\/producto\/tadalafil-20mg\/\" \/>\n<meta property=\"og:locale\" content=\"it_IT\" \/>\n<meta property=\"og:type\" content=\"article\" \/>\n<meta property=\"og:title\" content=\"Tadalafil 20mg - Ge24h\" \/>\n<meta property=\"og:description\" content=\"Acquista Tadalafil 20 mg. Ottieni subito i migliori farmaci generici al miglior prezzo sul nostro sito web. Acquista farmaci generici.\" \/>\n<meta property=\"og:url\" content=\"https:\/\/ge24h.com\/it\/producto\/tadalafil-20mg\/\" \/>\n<meta property=\"og:site_name\" content=\"Ge24h\" \/>\n<meta property=\"article:modified_time\" content=\"2026-01-16T10:23:04+00:00\" \/>\n<meta property=\"og:image\" content=\"https:\/\/ge24h.com\/wp-content\/uploads\/tadalafil-2.png\" \/>\n\t<meta property=\"og:image:width\" content=\"800\" \/>\n\t<meta property=\"og:image:height\" content=\"800\" \/>\n\t<meta property=\"og:image:type\" content=\"image\/png\" \/>\n<meta name=\"twitter:card\" content=\"summary_large_image\" \/>\n<meta name=\"twitter:label1\" content=\"Tempo di lettura stimato\" \/>\n\t<meta name=\"twitter:data1\" content=\"3 minuti\" \/>\n<script type=\"application\/ld+json\" class=\"yoast-schema-graph\">{\"@context\":\"https:\/\/schema.org\",\"@graph\":[{\"@type\":\"WebPage\",\"@id\":\"https:\/\/ge24h.com\/it\/producto\/tadalafil-20mg\/\",\"url\":\"https:\/\/ge24h.com\/it\/producto\/tadalafil-20mg\/\",\"name\":\"Tadalafil 20mg - Ge24h\",\"isPartOf\":{\"@id\":\"https:\/\/ge24h.com\/#website\"},\"primaryImageOfPage\":{\"@id\":\"https:\/\/ge24h.com\/it\/producto\/tadalafil-20mg\/#primaryimage\"},\"image\":{\"@id\":\"https:\/\/ge24h.com\/it\/producto\/tadalafil-20mg\/#primaryimage\"},\"thumbnailUrl\":\"https:\/\/ge24h.com\/wp-content\/uploads\/tadalafil-2.png\",\"datePublished\":\"2025-05-16T11:06:39+00:00\",\"dateModified\":\"2026-01-16T10:23:04+00:00\",\"description\":\"Acquista Tadalafil 20 mg. Ottieni subito i migliori farmaci generici al miglior prezzo sul nostro sito web. Acquista farmaci generici.\",\"breadcrumb\":{\"@id\":\"https:\/\/ge24h.com\/it\/producto\/tadalafil-20mg\/#breadcrumb\"},\"inLanguage\":\"it-IT\",\"potentialAction\":[{\"@type\":\"ReadAction\",\"target\":[\"https:\/\/ge24h.com\/it\/producto\/tadalafil-20mg\/\"]}]},{\"@type\":\"ImageObject\",\"inLanguage\":\"it-IT\",\"@id\":\"https:\/\/ge24h.com\/it\/producto\/tadalafil-20mg\/#primaryimage\",\"url\":\"https:\/\/ge24h.com\/wp-content\/uploads\/tadalafil-2.png\",\"contentUrl\":\"https:\/\/ge24h.com\/wp-content\/uploads\/tadalafil-2.png\",\"width\":800,\"height\":800,\"caption\":\"Tadalafil 20mg\"},{\"@type\":\"BreadcrumbList\",\"@id\":\"https:\/\/ge24h.com\/it\/producto\/tadalafil-20mg\/#breadcrumb\",\"itemListElement\":[{\"@type\":\"ListItem\",\"position\":1,\"name\":\"Portada\",\"item\":\"https:\/\/ge24h.com\/it\/\"},{\"@type\":\"ListItem\",\"position\":2,\"name\":\"negozio\",\"item\":\"https:\/\/ge24h.com\/it\/negozio\/\"},{\"@type\":\"ListItem\",\"position\":3,\"name\":\"Tadalafil 20mg\"}]},{\"@type\":\"WebSite\",\"@id\":\"https:\/\/ge24h.com\/#website\",\"url\":\"https:\/\/ge24h.com\/\",\"name\":\"Ge24h\",\"description\":\"Medicamentos Gen\u00e9ricos, Finpecia, Kamagra, Sidenafil, Tadalafil\",\"publisher\":{\"@id\":\"https:\/\/ge24h.com\/#organization\"},\"potentialAction\":[{\"@type\":\"SearchAction\",\"target\":{\"@type\":\"EntryPoint\",\"urlTemplate\":\"https:\/\/ge24h.com\/?s={search_term_string}\"},\"query-input\":{\"@type\":\"PropertyValueSpecification\",\"valueRequired\":true,\"valueName\":\"search_term_string\"}}],\"inLanguage\":\"it-IT\"},{\"@type\":\"Organization\",\"@id\":\"https:\/\/ge24h.com\/#organization\",\"name\":\"Ge24h\",\"url\":\"https:\/\/ge24h.com\/\",\"logo\":{\"@type\":\"ImageObject\",\"inLanguage\":\"it-IT\",\"@id\":\"https:\/\/ge24h.com\/#\/schema\/logo\/image\/\",\"url\":\"https:\/\/ge24h.com\/wp-content\/uploads\/logo-1.svg\",\"contentUrl\":\"https:\/\/ge24h.com\/wp-content\/uploads\/logo-1.svg\",\"width\":200,\"height\":58,\"caption\":\"Ge24h\"},\"image\":{\"@id\":\"https:\/\/ge24h.com\/#\/schema\/logo\/image\/\"}}]}<\/script>\n<!-- \/ Yoast SEO plugin. -->","yoast_head_json":{"title":"Tadalafil 20mg - Ge24h","description":"Acquista Tadalafil 20 mg. Ottieni subito i migliori farmaci generici al miglior prezzo sul nostro sito web. Acquista farmaci generici.","robots":{"index":"index","follow":"follow","max-snippet":"max-snippet:-1","max-image-preview":"max-image-preview:large","max-video-preview":"max-video-preview:-1"},"canonical":"https:\/\/ge24h.com\/it\/producto\/tadalafil-20mg\/","og_locale":"it_IT","og_type":"article","og_title":"Tadalafil 20mg - Ge24h","og_description":"Acquista Tadalafil 20 mg. Ottieni subito i migliori farmaci generici al miglior prezzo sul nostro sito web. Acquista farmaci generici.","og_url":"https:\/\/ge24h.com\/it\/producto\/tadalafil-20mg\/","og_site_name":"Ge24h","article_modified_time":"2026-01-16T10:23:04+00:00","og_image":[{"width":800,"height":800,"url":"https:\/\/ge24h.com\/wp-content\/uploads\/tadalafil-2.png","type":"image\/png"}],"twitter_card":"summary_large_image","twitter_misc":{"Tempo di lettura stimato":"3 minuti"},"schema":{"@context":"https:\/\/schema.org","@graph":[{"@type":"WebPage","@id":"https:\/\/ge24h.com\/it\/producto\/tadalafil-20mg\/","url":"https:\/\/ge24h.com\/it\/producto\/tadalafil-20mg\/","name":"Tadalafil 20mg - Ge24h","isPartOf":{"@id":"https:\/\/ge24h.com\/#website"},"primaryImageOfPage":{"@id":"https:\/\/ge24h.com\/it\/producto\/tadalafil-20mg\/#primaryimage"},"image":{"@id":"https:\/\/ge24h.com\/it\/producto\/tadalafil-20mg\/#primaryimage"},"thumbnailUrl":"https:\/\/ge24h.com\/wp-content\/uploads\/tadalafil-2.png","datePublished":"2025-05-16T11:06:39+00:00","dateModified":"2026-01-16T10:23:04+00:00","description":"Acquista Tadalafil 20 mg. Ottieni subito i migliori farmaci generici al miglior prezzo sul nostro sito web. Acquista farmaci generici.","breadcrumb":{"@id":"https:\/\/ge24h.com\/it\/producto\/tadalafil-20mg\/#breadcrumb"},"inLanguage":"it-IT","potentialAction":[{"@type":"ReadAction","target":["https:\/\/ge24h.com\/it\/producto\/tadalafil-20mg\/"]}]},{"@type":"ImageObject","inLanguage":"it-IT","@id":"https:\/\/ge24h.com\/it\/producto\/tadalafil-20mg\/#primaryimage","url":"https:\/\/ge24h.com\/wp-content\/uploads\/tadalafil-2.png","contentUrl":"https:\/\/ge24h.com\/wp-content\/uploads\/tadalafil-2.png","width":800,"height":800,"caption":"Tadalafil 20mg"},{"@type":"BreadcrumbList","@id":"https:\/\/ge24h.com\/it\/producto\/tadalafil-20mg\/#breadcrumb","itemListElement":[{"@type":"ListItem","position":1,"name":"Portada","item":"https:\/\/ge24h.com\/it\/"},{"@type":"ListItem","position":2,"name":"negozio","item":"https:\/\/ge24h.com\/it\/negozio\/"},{"@type":"ListItem","position":3,"name":"Tadalafil 20mg"}]},{"@type":"WebSite","@id":"https:\/\/ge24h.com\/#website","url":"https:\/\/ge24h.com\/","name":"Ge24h","description":"Medicamentos Gen\u00e9ricos, Finpecia, Kamagra, Sidenafil, Tadalafil","publisher":{"@id":"https:\/\/ge24h.com\/#organization"},"potentialAction":[{"@type":"SearchAction","target":{"@type":"EntryPoint","urlTemplate":"https:\/\/ge24h.com\/?s={search_term_string}"},"query-input":{"@type":"PropertyValueSpecification","valueRequired":true,"valueName":"search_term_string"}}],"inLanguage":"it-IT"},{"@type":"Organization","@id":"https:\/\/ge24h.com\/#organization","name":"Ge24h","url":"https:\/\/ge24h.com\/","logo":{"@type":"ImageObject","inLanguage":"it-IT","@id":"https:\/\/ge24h.com\/#\/schema\/logo\/image\/","url":"https:\/\/ge24h.com\/wp-content\/uploads\/logo-1.svg","contentUrl":"https:\/\/ge24h.com\/wp-content\/uploads\/logo-1.svg","width":200,"height":58,"caption":"Ge24h"},"image":{"@id":"https:\/\/ge24h.com\/#\/schema\/logo\/image\/"}}]}},"_links":{"self":[{"href":"https:\/\/ge24h.com\/it\/wp-json\/wp\/v2\/product\/5858","targetHints":{"allow":["GET"]}}],"collection":[{"href":"https:\/\/ge24h.com\/it\/wp-json\/wp\/v2\/product"}],"about":[{"href":"https:\/\/ge24h.com\/it\/wp-json\/wp\/v2\/types\/product"}],"replies":[{"embeddable":true,"href":"https:\/\/ge24h.com\/it\/wp-json\/wp\/v2\/comments?post=5858"}],"wp:featuredmedia":[{"embeddable":true,"href":"https:\/\/ge24h.com\/it\/wp-json\/wp\/v2\/media\/5053"}],"wp:attachment":[{"href":"https:\/\/ge24h.com\/it\/wp-json\/wp\/v2\/media?parent=5858"}],"wp:term":[{"taxonomy":"product_brand","embeddable":true,"href":"https:\/\/ge24h.com\/it\/wp-json\/wp\/v2\/product_brand?post=5858"},{"taxonomy":"product_cat","embeddable":true,"href":"https:\/\/ge24h.com\/it\/wp-json\/wp\/v2\/product_cat?post=5858"},{"taxonomy":"product_tag","embeddable":true,"href":"https:\/\/ge24h.com\/it\/wp-json\/wp\/v2\/product_tag?post=5858"}],"curies":[{"name":"wp","href":"https:\/\/api.w.org\/{rel}","templated":true}]}}