{"id":5815,"date":"2025-05-13T10:02:18","date_gmt":"2025-05-13T08:02:18","guid":{"rendered":"https:\/\/ge24h.com\/producto\/caverta-100mg\/"},"modified":"2026-01-16T11:28:09","modified_gmt":"2026-01-16T10:28:09","slug":"caverta-100mg","status":"publish","type":"product","link":"https:\/\/ge24h.com\/it\/producto\/caverta-100mg\/","title":{"rendered":"Caverta 100mg"},"content":{"rendered":"<h3><strong>Nome del farmaco:<\/strong> Caverta<\/h3>\n<h3><strong>Nome generico: <\/strong> Sildenafil Caverta<\/h3>\n<p>&nbsp;<\/p>\n<h4><strong>Qual \u00e8 la cosa pi\u00f9 importante che dovrei sapere su Caverta?<\/strong><\/h4>\n<ul>\n<li>Non assumere Caverta se si stanno assumendo nitrati per il dolore toracico o problemi cardiaci. Questi includono nitroglicerina (Nitrostat, Nitrolingual, Nitro-Dur, Nitro-Bid, altri), isosorbide dinitrato (Dilatrate-SR, Isordril, Sorbitrate) e isosorbide mononitrato (Imdur, ISMO, Monoket). L&#8217;assunzione di Caverta contemporaneamente a un nitrato pu\u00f2 causare gravi problemi di pressione sanguigna.  <\/li>\n<li>Se durante l&#8217;attivit\u00e0 sessuale si avvertono vertigini, nausea, dolore, intorpidimento o formicolio al petto, alle braccia, al collo o alla mascella, interrompere l&#8217;assunzione del farmaco e consultare immediatamente il medico.<\/li>\n<li>Non assumere Caverta pi\u00f9 di una volta al giorno. Assicurati di lasciare trascorrere 24 ore tra le dosi. <\/li>\n<li>Se l&#8217;erezione \u00e8 dolorosa o dura pi\u00f9 di 4 ore, consultare immediatamente un medico. Potrebbe trattarsi di priapismo, che pu\u00f2 causare danni permanenti al pene. <\/li>\n<li>Perdita improvvisa della vista: un piccolo numero di pazienti ha manifestato una perdita improvvisa della vista durante l&#8217;assunzione di Caverta. In tal caso, interrompere l&#8217;assunzione e consultare immediatamente un medico. <\/li>\n<\/ul>\n<p>&nbsp;<\/p>\n<h4><strong>Che cosa \u00e8 Caverta?<\/strong><\/h4>\n<p>Caverta \u00e8 un farmaco che rilassa i muscoli e aumenta il flusso sanguigno in specifiche aree del corpo. \u00c8 indicato per il trattamento della disfunzione erettile (impotenza) negli uomini. <\/p>\n<p>Un altro nome con cui viene commercializzato \u00e8 Revatio, utilizzato per trattare l&#8217;ipertensione arteriosa polmonare e migliorare la capacit\u00e0 di esercizio fisico negli uomini e nelle donne.<\/p>\n<p>Caverta pu\u00f2 essere utilizzato anche per altri scopi, secondo le indicazioni del medico.<\/p>\n<h4><strong>Cosa dovrei discutere con il mio medico prima di assumere Caverta?<\/strong><\/h4>\n<ul>\n<li>Non assumere Caverta se si stanno assumendo nitrati.<\/li>\n<li>Informa il tuo medico se hai sofferto di malattie cardiache, insufficienza cardiaca, pressione alta o bassa o problemi agli occhi.<\/li>\n<li>Malattie del fegato o dei reni, disturbi del sangue come l&#8217;anemia falciforme, il mieloma multiplo o la leucemia e se ti \u00e8 stata diagnosticata una disfunzione del pene o ulcere allo stomaco.<\/li>\n<li>Se hai una storia di priapismo o ti \u00e8 stato consigliato di non avere rapporti sessuali per motivi medici.<\/li>\n<li>Caverta non ha effetti sui feti, ma se sei incinta o stai pianificando una gravidanza, consulta il tuo medico.<\/li>\n<li>Non \u00e8 noto se Caverta passi nel latte materno, pertanto \u00e8 opportuno consultare il medico prima di assumerlo se si sta allattando.<\/li>\n<\/ul>\n<p>&nbsp;<\/p>\n<h4><strong>Come devo assumere Caverta?<\/strong><\/h4>\n<ul>\n<li>Assumere Caverta seguendo le istruzioni del medico. Non assumere dosaggi o periodi di tempo diversi da quelli raccomandati.<\/li>\n<li>Il Revatio viene solitamente assunto 3 volte al giorno, con un intervallo di 4-6 ore tra ogni dose.<\/li>\n<li>Caverta (Viagra) si assume solitamente da 30 minuti a 1 ora prima dell&#8217;attivit\u00e0 sessuale. Pu\u00f2 essere assunto fino a 4 ore prima.  Non datelo per scontato ancora a volta.<\/li>\n<li>Ricorda: Caverta migliora l&#8217;erezione solo durante la stimolazione sessuale. L&#8217;erezione non si verifica automaticamente con la sola assunzione del farmaco. <\/li>\n<\/ul>\n<p>&nbsp;<\/p>\n<h4><strong>Cosa succede se assumo una dose?<\/strong><\/h4>\n<p>Caverta si assume al bisogno, quindi non si dimentica mai una dose. Se si assume Revatio e si dimentica una dose, la si assuma non appena se ne ricorda.  Se \u00e8 vicina la dose successiva, saltare la dose dimenticata e continuare con il normale orario di assunzione. Non assumere una dose doppia.<\/p>\n<h4><strong>Cosa succede in caso di sovradosaggio?<\/strong><\/h4>\n<p>Se pensi di aver assunto una dose eccessiva di farmaco, consulta immediatamente un medico. I sintomi da sovradosaggio includono dolore al petto, nausea, battito cardiaco irregolare, vertigini o svenimento. <\/p>\n<h4><strong>Cosa dovrei evitare durante l&#8217;assunzione di Caverta?<\/strong><\/h4>\n<ul>\n<li>Evitare il consumo di alcol, poich\u00e9 potrebbe aumentare gli effetti collaterali di Caverta.<\/li>\n<li>Non assumere altri farmaci contro l&#8217;impotenza, come alprostadil (caverject, muse, edex) o yohimbina (yukon, iodoxin), senza consultare il medico.<\/li>\n<\/ul>\n<p>&nbsp;<\/p>\n<h4><strong>Quali sono i possibili effetti collaterali di Caverta?<\/strong><\/h4>\n<h4><strong>Effetti gravi:<\/strong><\/h4>\n<ul>\n<li>Improvvisa perdita della vista.<\/li>\n<li>Dolore al petto o dolore intenso che si irradia al braccio o alla spalla, nausea, sudorazione, malessere generale.<\/li>\n<li>Attacchi cardiaci irresistibili.<\/li>\n<li>Fiato corto.<\/li>\n<li>Erezione dolorosa o che dura pi\u00f9 di 4 ore (priapismo).<\/li>\n<\/ul>\n<p>&nbsp;<\/p>\n<h4><strong>Effetti minori<\/strong><\/h4>\n<ul>\n<li>Arrossamento del viso, del collo o del petto.<\/li>\n<li>Congestione nasale.<\/li>\n<li>Testa bruta.<\/li>\n<li>Mal di stomaco o mal di schiena.<\/li>\n<\/ul>\n<p>Se si verificano effetti collaterali indesiderati o fastidiosi, consultare il medico.<\/p>\n<h4><strong>Quali farmaci possono interagire con Caverta?<\/strong><\/h4>\n<p>Non assumere Caverta se si stanno assumendo nitrati. Inoltre, informa il tuo medico se stai assumendo: <\/p>\n<ul>\n<li>Bosentan (Tracleer)<\/li>\n<li>Cimetidina (Tagamet)<\/li>\n<li>Antibiotici come l&#8217;eritromicina o la claritromicina<\/li>\n<li>Farmacia per l&#8217;HIV<\/li>\n<li>Farmaci antimicotici come Itraconazolo o Ketoconazolo<\/li>\n<li>Carbamazepine, phenobarbitale or phenytoin<\/li>\n<li>Rifampin or Rifabutin<\/li>\n<\/ul>\n<p>Parlate con il vostro medico di tutte le farmacie che sta assumendo, comprimendo le vitamine integrative e i prodotti a base di erbe e altre farmacie senza prescrizione medica.<\/p>\n<p>In caso di dubbio, consultare sempre il medico per determinare se questo medicinale \u00e8 adatto a voi.<\/p>\n<p>&nbsp;<\/p>\n","protected":false},"excerpt":{"rendered":"<p>Caverta (Sildenafil Caverta) Cavera (Sildenafil Caverta) \u00e8 un marchio generico del citrato di Sildenafil elaborato da Ranbaxy Laboratories., LTd.<\/p>\n<ul>\n<li>Migliora la costruzione in forma efficace<\/li>\n<li>Basta azionarlo per 30-60 minuti<\/li>\n<li>Favorisce una vita sessuale piena e sicura<\/li>\n<\/ul>\n","protected":false},"featured_media":4910,"comment_status":"open","ping_status":"closed","template":"","meta":[],"product_brand":[509],"product_cat":[350],"product_tag":[],"class_list":{"0":"post-5815","1":"product","2":"type-product","3":"status-publish","4":"has-post-thumbnail","6":"product_brand-rx-pharmacy-it","7":"product_cat-salute-delluomo","9":"first","10":"instock","11":"taxable","12":"shipping-taxable","13":"purchasable","14":"product-type-variable"},"yoast_head":"<!-- This site is optimized with the Yoast SEO plugin v25.6 - https:\/\/yoast.com\/wordpress\/plugins\/seo\/ -->\n<title>Caverta 100mg - Ge24h<\/title>\n<meta name=\"description\" content=\"Acquista Atarax 25 mg. Ottieni subito i migliori farmaci generici al miglior prezzo sul nostro sito web. Acquista farmaci generici.\" \/>\n<meta name=\"robots\" content=\"index, follow, max-snippet:-1, max-image-preview:large, max-video-preview:-1\" \/>\n<link rel=\"canonical\" href=\"https:\/\/ge24h.com\/it\/producto\/caverta-100mg\/\" \/>\n<meta property=\"og:locale\" content=\"it_IT\" \/>\n<meta property=\"og:type\" content=\"article\" \/>\n<meta property=\"og:title\" content=\"Caverta 100mg - Ge24h\" \/>\n<meta property=\"og:description\" content=\"Acquista Atarax 25 mg. Ottieni subito i migliori farmaci generici al miglior prezzo sul nostro sito web. Acquista farmaci generici.\" \/>\n<meta property=\"og:url\" content=\"https:\/\/ge24h.com\/it\/producto\/caverta-100mg\/\" \/>\n<meta property=\"og:site_name\" content=\"Ge24h\" \/>\n<meta property=\"article:modified_time\" content=\"2026-01-16T10:28:09+00:00\" \/>\n<meta property=\"og:image\" content=\"https:\/\/ge24h.com\/wp-content\/uploads\/caverta-100mg-2.png\" \/>\n\t<meta property=\"og:image:width\" content=\"800\" \/>\n\t<meta property=\"og:image:height\" content=\"800\" \/>\n\t<meta property=\"og:image:type\" content=\"image\/png\" \/>\n<meta name=\"twitter:card\" content=\"summary_large_image\" \/>\n<meta name=\"twitter:label1\" content=\"Tempo di lettura stimato\" \/>\n\t<meta name=\"twitter:data1\" content=\"4 minuti\" \/>\n<script type=\"application\/ld+json\" class=\"yoast-schema-graph\">{\"@context\":\"https:\/\/schema.org\",\"@graph\":[{\"@type\":\"WebPage\",\"@id\":\"https:\/\/ge24h.com\/it\/producto\/caverta-100mg\/\",\"url\":\"https:\/\/ge24h.com\/it\/producto\/caverta-100mg\/\",\"name\":\"Caverta 100mg - Ge24h\",\"isPartOf\":{\"@id\":\"https:\/\/ge24h.com\/#website\"},\"primaryImageOfPage\":{\"@id\":\"https:\/\/ge24h.com\/it\/producto\/caverta-100mg\/#primaryimage\"},\"image\":{\"@id\":\"https:\/\/ge24h.com\/it\/producto\/caverta-100mg\/#primaryimage\"},\"thumbnailUrl\":\"https:\/\/ge24h.com\/wp-content\/uploads\/caverta-100mg-2.png\",\"datePublished\":\"2025-05-13T08:02:18+00:00\",\"dateModified\":\"2026-01-16T10:28:09+00:00\",\"description\":\"Acquista Atarax 25 mg. Ottieni subito i migliori farmaci generici al miglior prezzo sul nostro sito web. Acquista farmaci generici.\",\"breadcrumb\":{\"@id\":\"https:\/\/ge24h.com\/it\/producto\/caverta-100mg\/#breadcrumb\"},\"inLanguage\":\"it-IT\",\"potentialAction\":[{\"@type\":\"ReadAction\",\"target\":[\"https:\/\/ge24h.com\/it\/producto\/caverta-100mg\/\"]}]},{\"@type\":\"ImageObject\",\"inLanguage\":\"it-IT\",\"@id\":\"https:\/\/ge24h.com\/it\/producto\/caverta-100mg\/#primaryimage\",\"url\":\"https:\/\/ge24h.com\/wp-content\/uploads\/caverta-100mg-2.png\",\"contentUrl\":\"https:\/\/ge24h.com\/wp-content\/uploads\/caverta-100mg-2.png\",\"width\":800,\"height\":800,\"caption\":\"Caverta 100mg\"},{\"@type\":\"BreadcrumbList\",\"@id\":\"https:\/\/ge24h.com\/it\/producto\/caverta-100mg\/#breadcrumb\",\"itemListElement\":[{\"@type\":\"ListItem\",\"position\":1,\"name\":\"Portada\",\"item\":\"https:\/\/ge24h.com\/it\/\"},{\"@type\":\"ListItem\",\"position\":2,\"name\":\"negozio\",\"item\":\"https:\/\/ge24h.com\/it\/negozio\/\"},{\"@type\":\"ListItem\",\"position\":3,\"name\":\"Caverta 100mg\"}]},{\"@type\":\"WebSite\",\"@id\":\"https:\/\/ge24h.com\/#website\",\"url\":\"https:\/\/ge24h.com\/\",\"name\":\"Ge24h\",\"description\":\"Medicamentos Gen\u00e9ricos, Finpecia, Kamagra, Sidenafil, Tadalafil\",\"publisher\":{\"@id\":\"https:\/\/ge24h.com\/#organization\"},\"potentialAction\":[{\"@type\":\"SearchAction\",\"target\":{\"@type\":\"EntryPoint\",\"urlTemplate\":\"https:\/\/ge24h.com\/?s={search_term_string}\"},\"query-input\":{\"@type\":\"PropertyValueSpecification\",\"valueRequired\":true,\"valueName\":\"search_term_string\"}}],\"inLanguage\":\"it-IT\"},{\"@type\":\"Organization\",\"@id\":\"https:\/\/ge24h.com\/#organization\",\"name\":\"Ge24h\",\"url\":\"https:\/\/ge24h.com\/\",\"logo\":{\"@type\":\"ImageObject\",\"inLanguage\":\"it-IT\",\"@id\":\"https:\/\/ge24h.com\/#\/schema\/logo\/image\/\",\"url\":\"https:\/\/ge24h.com\/wp-content\/uploads\/logo-1.svg\",\"contentUrl\":\"https:\/\/ge24h.com\/wp-content\/uploads\/logo-1.svg\",\"width\":200,\"height\":58,\"caption\":\"Ge24h\"},\"image\":{\"@id\":\"https:\/\/ge24h.com\/#\/schema\/logo\/image\/\"}}]}<\/script>\n<!-- \/ Yoast SEO plugin. -->","yoast_head_json":{"title":"Caverta 100mg - Ge24h","description":"Acquista Atarax 25 mg. Ottieni subito i migliori farmaci generici al miglior prezzo sul nostro sito web. Acquista farmaci generici.","robots":{"index":"index","follow":"follow","max-snippet":"max-snippet:-1","max-image-preview":"max-image-preview:large","max-video-preview":"max-video-preview:-1"},"canonical":"https:\/\/ge24h.com\/it\/producto\/caverta-100mg\/","og_locale":"it_IT","og_type":"article","og_title":"Caverta 100mg - Ge24h","og_description":"Acquista Atarax 25 mg. Ottieni subito i migliori farmaci generici al miglior prezzo sul nostro sito web. Acquista farmaci generici.","og_url":"https:\/\/ge24h.com\/it\/producto\/caverta-100mg\/","og_site_name":"Ge24h","article_modified_time":"2026-01-16T10:28:09+00:00","og_image":[{"width":800,"height":800,"url":"https:\/\/ge24h.com\/wp-content\/uploads\/caverta-100mg-2.png","type":"image\/png"}],"twitter_card":"summary_large_image","twitter_misc":{"Tempo di lettura stimato":"4 minuti"},"schema":{"@context":"https:\/\/schema.org","@graph":[{"@type":"WebPage","@id":"https:\/\/ge24h.com\/it\/producto\/caverta-100mg\/","url":"https:\/\/ge24h.com\/it\/producto\/caverta-100mg\/","name":"Caverta 100mg - Ge24h","isPartOf":{"@id":"https:\/\/ge24h.com\/#website"},"primaryImageOfPage":{"@id":"https:\/\/ge24h.com\/it\/producto\/caverta-100mg\/#primaryimage"},"image":{"@id":"https:\/\/ge24h.com\/it\/producto\/caverta-100mg\/#primaryimage"},"thumbnailUrl":"https:\/\/ge24h.com\/wp-content\/uploads\/caverta-100mg-2.png","datePublished":"2025-05-13T08:02:18+00:00","dateModified":"2026-01-16T10:28:09+00:00","description":"Acquista Atarax 25 mg. Ottieni subito i migliori farmaci generici al miglior prezzo sul nostro sito web. Acquista farmaci generici.","breadcrumb":{"@id":"https:\/\/ge24h.com\/it\/producto\/caverta-100mg\/#breadcrumb"},"inLanguage":"it-IT","potentialAction":[{"@type":"ReadAction","target":["https:\/\/ge24h.com\/it\/producto\/caverta-100mg\/"]}]},{"@type":"ImageObject","inLanguage":"it-IT","@id":"https:\/\/ge24h.com\/it\/producto\/caverta-100mg\/#primaryimage","url":"https:\/\/ge24h.com\/wp-content\/uploads\/caverta-100mg-2.png","contentUrl":"https:\/\/ge24h.com\/wp-content\/uploads\/caverta-100mg-2.png","width":800,"height":800,"caption":"Caverta 100mg"},{"@type":"BreadcrumbList","@id":"https:\/\/ge24h.com\/it\/producto\/caverta-100mg\/#breadcrumb","itemListElement":[{"@type":"ListItem","position":1,"name":"Portada","item":"https:\/\/ge24h.com\/it\/"},{"@type":"ListItem","position":2,"name":"negozio","item":"https:\/\/ge24h.com\/it\/negozio\/"},{"@type":"ListItem","position":3,"name":"Caverta 100mg"}]},{"@type":"WebSite","@id":"https:\/\/ge24h.com\/#website","url":"https:\/\/ge24h.com\/","name":"Ge24h","description":"Medicamentos Gen\u00e9ricos, Finpecia, Kamagra, Sidenafil, Tadalafil","publisher":{"@id":"https:\/\/ge24h.com\/#organization"},"potentialAction":[{"@type":"SearchAction","target":{"@type":"EntryPoint","urlTemplate":"https:\/\/ge24h.com\/?s={search_term_string}"},"query-input":{"@type":"PropertyValueSpecification","valueRequired":true,"valueName":"search_term_string"}}],"inLanguage":"it-IT"},{"@type":"Organization","@id":"https:\/\/ge24h.com\/#organization","name":"Ge24h","url":"https:\/\/ge24h.com\/","logo":{"@type":"ImageObject","inLanguage":"it-IT","@id":"https:\/\/ge24h.com\/#\/schema\/logo\/image\/","url":"https:\/\/ge24h.com\/wp-content\/uploads\/logo-1.svg","contentUrl":"https:\/\/ge24h.com\/wp-content\/uploads\/logo-1.svg","width":200,"height":58,"caption":"Ge24h"},"image":{"@id":"https:\/\/ge24h.com\/#\/schema\/logo\/image\/"}}]}},"_links":{"self":[{"href":"https:\/\/ge24h.com\/it\/wp-json\/wp\/v2\/product\/5815","targetHints":{"allow":["GET"]}}],"collection":[{"href":"https:\/\/ge24h.com\/it\/wp-json\/wp\/v2\/product"}],"about":[{"href":"https:\/\/ge24h.com\/it\/wp-json\/wp\/v2\/types\/product"}],"replies":[{"embeddable":true,"href":"https:\/\/ge24h.com\/it\/wp-json\/wp\/v2\/comments?post=5815"}],"wp:featuredmedia":[{"embeddable":true,"href":"https:\/\/ge24h.com\/it\/wp-json\/wp\/v2\/media\/4910"}],"wp:attachment":[{"href":"https:\/\/ge24h.com\/it\/wp-json\/wp\/v2\/media?parent=5815"}],"wp:term":[{"taxonomy":"product_brand","embeddable":true,"href":"https:\/\/ge24h.com\/it\/wp-json\/wp\/v2\/product_brand?post=5815"},{"taxonomy":"product_cat","embeddable":true,"href":"https:\/\/ge24h.com\/it\/wp-json\/wp\/v2\/product_cat?post=5815"},{"taxonomy":"product_tag","embeddable":true,"href":"https:\/\/ge24h.com\/it\/wp-json\/wp\/v2\/product_tag?post=5815"}],"curies":[{"name":"wp","href":"https:\/\/api.w.org\/{rel}","templated":true}]}}