{"id":5807,"date":"2025-05-12T13:04:14","date_gmt":"2025-05-12T11:04:14","guid":{"rendered":"https:\/\/ge24h.com\/producto\/kamagra-oral-jelly-5mg\/"},"modified":"2026-01-16T11:22:11","modified_gmt":"2026-01-16T10:22:11","slug":"kamagra-oral-jelly-5mg","status":"publish","type":"product","link":"https:\/\/ge24h.com\/it\/producto\/kamagra-oral-jelly-5mg\/","title":{"rendered":"Kamagra Oral Jelly 5mg"},"content":{"rendered":"<h3><strong>Drug name:<\/strong> Sildenafil Oral Jelly<\/h3>\n<p>&nbsp;<\/p>\n<h4><strong>Qual \u00e8 la cosa pi\u00f9 importante che devo sapere sul Sildenafil?<\/strong><\/h4>\n<ul>\n<li>Qual \u00e8 la cosa pi\u00f9 importante che dovrei sapere sul Sildenafil?<br \/>\nEstos incluyen nitroglicerina (Nitrostat, Nitrolingual, Nitro-Dur, Nitro-Bid, otros), dinitrato de isosorbida (Dilatrate-SR, Isordril, Sorbitrate), y mononitrato de isosorbida (Imdur, ISMO, Monoket).  I nitrati possono essere presenti anche in droghe ricreative come il nitrato di amile o il nitrito (&#8220;poppers&#8221;) L&#8217;assunzione di Sildenafil insieme a un nitrato pu\u00f2 causare gravi problemi di pressione sanguigna, con conseguenti affaticamento, infarto o arresto cardiaco.<\/li>\n<li>Se durante l&#8217;attivit\u00e0 sessuale si avvertono vertigini, nausea, dolore, intorpidimento o formicolio al petto, alle braccia, al collo o alla mascella, interrompere l&#8217;assunzione del farmaco e contattare immediatamente il medico.<\/li>\n<li>Non assumere il sildenafil pi\u00f9 di una volta al giorno. Assicurati di lasciare trascorrere 24 ore tra le dosi. <\/li>\n<li>Se l&#8217;erezione \u00e8 dolorosa o dura pi\u00f9 di 4 ore, consultare immediatamente un medico. Potrebbe trattarsi di priapismo, che pu\u00f2 causare danni permanenti al pene. <\/li>\n<li>Sudden vision loss: A small number of patients have experienced sudden vision loss when taking sildenafil. This is due to a decrease in blood flow to the optic nerve of the eye. If this occurs, stop taking it and seek immediate medical help.  <\/li>\n<\/ul>\n<p>&nbsp;<\/p>\n<h4><strong>Che cos&#8217;\u00e8 il Sildenafil?<\/strong><\/h4>\n<p>Sildenafil relaxes muscles and increases blood flow to specific areas of the body. It is indicated for treating erectile dysfunction (impotence) in men. Another brand name, Revatio, is used to treat pulmonary arterial hypertension and improve exercise capacity in men and women.  <\/p>\n<p>Sildenafil may also be used for other purposes as directed by your doctor.<\/p>\n<p>&nbsp;<\/p>\n<h4><strong>Cosa dovrei discutere con il mio medico prima di assumere Sildenafil?<\/strong><\/h4>\n<ul>\n<li>Do not take sildenafil if you are taking nitrates for chest pain or heart problems. These include nitroglycerin (Nitrostat, Nitrolingual, Nitro-Dur, Nitro-Bid, others), isosorbide dinitrate (Dilatrate-SR, Isordril, Sorbitrate), and isosorbide mononitrate (Imdur, ISMO, Monoket). Nitrates may also be found in recreational drugs such as amyl nitrate or nitrite (&#8220;poppers&#8221;). Taking sildenafil with a nitrate may cause serious blood pressure problems, fatigue, heart attack, or cardiac arrest.   <\/li>\n<li>A small number of patients have experienced sudden vision loss when taking sildenafil, due to decreased blood flow to the optic nerve of the eye. This has commonly occurred in patients with a history of heart disease, diabetes, high blood pressure, high cholesterol, vision problems, smokers, or those over the age of 50. <\/li>\n<li>Prima di assumere Sildenafil, consultare il medico se si soffre di una delle seguenti condizioni:\n<ul>\n<li>Malattie cardiache o problemi del ritmo cardiaco<\/li>\n<li>Storia recente di arresto cardiaco o ictus, disturbi del ritmo cardiaco (ultimi 6 mesi)<\/li>\n<li>heart failure<\/li>\n<li>Pressione sanguigna alta o bassa<\/li>\n<li>Coronaropatia<\/li>\n<li>Malattia del fegato o dei reni<\/li>\n<li>Malattie del sangue come l&#8217;anemia falciforme, il mieloma multiplo o la leucemia<\/li>\n<li>Ulcera allo stomaco<\/li>\n<li>Retinite pigmentosa (malattia oculare ereditaria)<\/li>\n<li>Deformit\u00e0 fisica del pene (come la malattia di Peyronie)<\/li>\n<li>Se ti \u00e8 stato consigliato di non avere rapporti sessuali per motivi di salute<\/li>\n<\/ul>\n<\/li>\n<li>Categoria FDA per la gravidanza B: questo farmaco non dovrebbe causare danni al feto. Consultare il medico in caso di gravidanza o se si pianifica una gravidanza durante il trattamento. <\/li>\n<li>Non \u00e8 noto se il sildenafil passi nel latte materno. Consultare il medico se si sta allattando prima di assumere questo medicinale. <\/li>\n<\/ul>\n<p>&nbsp;<\/p>\n<h4><strong>Come si assume il Sildenafil?<\/strong><\/h4>\n<ul>\n<li>Assumere Sildenafil come indicato dal medico. Non assumere dosaggi o periodi di tempo diversi da quelli raccomandati.<\/li>\n<li>Il Revatio viene solitamente assunto 3 volte al giorno, con un intervallo di 4-6 ore tra ogni dose.<\/li>\n<li>Il Viagra (Sildenafil) viene solitamente assunto da 30 minuti a 1 ora prima dell&#8217;attivit\u00e0 sessuale. Pu\u00f2 essere assunto fino a 4 ore prima.  Non datelo per scontato ancora a volta.<\/li>\n<li>Ricorda: il sildenafil migliora l&#8217;erezione solo durante la stimolazione sessuale. L&#8217;erezione non si verifica automaticamente con la sola assunzione del farmaco. <\/li>\n<\/ul>\n<p>&nbsp;<\/p>\n<h4><strong>Cosa succede se assumo una dose?<\/strong><\/h4>\n<p>Il sildenafil va assunto solo quando necessario, quindi non si rischia di dimenticare una dose. Se assume Revatio e dimentica una dose, la prenda non appena se ne ricorda. Se \u00e8 quasi ora della dose successiva, salti la dose dimenticata e continui con il suo schema di assunzione regolare.   Non assumere una dose doppia.<\/p>\n<p>&nbsp;<\/p>\n<h4><strong>Cosa succede in caso di sovradosaggio?<\/strong><\/h4>\n<p>Se pensi di aver assunto una dose eccessiva di farmaco, consulta immediatamente un medico. I sintomi da sovradosaggio includono dolore al petto, nausea, battito cardiaco irregolare, sensazione di vertigini o svenimento. <\/p>\n<p>&nbsp;<\/p>\n<h4><strong>Cosa dovrei evitare durante l\u2019assunzione di Sildenafil?<\/strong><\/h4>\n<ul>\n<li>Avoid alcohol consumption, as it may increase the side effects of Sildenafil.<\/li>\n<li>Non assumere altri farmaci contro l&#8217;impotenza, come alprostadil (caverject, muse, edex) o yohimbina (yukon, iodoxin), senza consultare il medico.<\/li>\n<\/ul>\n<p>&nbsp;<\/p>\n<h4><strong>Quali sono i possibili effetti collaterali del Sildenafil?<\/strong><\/h4>\n<h4><strong>Effetti gravi:<\/strong><\/h4>\n<ul>\n<li>Improvvisa perdita della vista.<\/li>\n<li>Dolore al petto o dolore intenso che si irradia al braccio o alla spalla, nausea, sudorazione, malessere generale.<\/li>\n<li>Attacchi cardiaci irresistibili.<\/li>\n<li>Fiato corto.<\/li>\n<li>Erezione dolorosa o che dura pi\u00f9 di 4 ore (priapismo).<\/li>\n<\/ul>\n<p>&nbsp;<\/p>\n<h4><strong>Effetti minori<\/strong><\/h4>\n<ul>\n<li>Arrossamento del viso, del collo o del petto.<\/li>\n<li>Congestione nasale.<\/li>\n<li>Testa bruta.<\/li>\n<li>Mal di stomaco o mal di schiena.<\/li>\n<\/ul>\n<p>Se si verificano effetti collaterali insoliti o fastidiosi, consultare il medico.<\/p>\n<h4><strong>Con quali farmaci si pu\u00f2 interagire con il Sildenafil?<\/strong><\/h4>\n<p>Non assumere sildenafil se stai assumendo nitrati. Inoltre, informa il tuo medico se stai assumendo: <\/p>\n<ul>\n<li>Bosentan (Tracleer)<\/li>\n<li>Cimetidina (Tagamet)<\/li>\n<li>Antibiotici come l&#8217;eritromicina o la claritromicina<\/li>\n<li>Farmacia per l&#8217;HIV<\/li>\n<li>Antifungal medications such as Itraconazole or Ketoconazole<\/li>\n<li>Carbamazepine, phenobarbitale or phenytoin<\/li>\n<li>Rifampin or Rifabutin<\/li>\n<\/ul>\n<p>Parla con il tuo medico di tutti i farmaci che stai assumendo, compresi gli integratori vitaminici, i prodotti a base di erbe e altri farmaci da prescrizione o da banco.<\/p>\n<p>In caso di dubbio, consultare sempre il medico per determinare se questo medicinale \u00e8 adatto a voi.<\/p>\n","protected":false},"excerpt":{"rendered":"<p><span style=\"vertical-align: inherit;\"><span style=\"vertical-align: inherit;\">Kamagra Oral Jelly Sildenafil Oral Jelly has revolutionized the way doctors treat men with Erectile Dysfunction (ED).<\/span><\/span><\/p>\n<ul>\n<li><span style=\"vertical-align: inherit;\"><span style=\"vertical-align: inherit;\">Agisci rapidamente<\/span><\/span><\/li>\n<li><span style=\"vertical-align: inherit;\"><span style=\"vertical-align: inherit;\">Migliora la funzione erettile<\/span><\/span><\/li>\n<li><span style=\"vertical-align: inherit;\"><span style=\"vertical-align: inherit;\">Easy to take<\/span><\/span><\/li>\n<\/ul>\n","protected":false},"featured_media":4946,"comment_status":"open","ping_status":"closed","template":"","meta":[],"product_brand":[500],"product_cat":[350],"product_tag":[],"class_list":{"0":"post-5807","1":"product","2":"type-product","3":"status-publish","4":"has-post-thumbnail","6":"product_brand-ajanta-it","7":"product_cat-salute-delluomo","9":"first","10":"instock","11":"taxable","12":"shipping-taxable","13":"purchasable","14":"product-type-variable"},"yoast_head":"<!-- This site is optimized with the Yoast SEO plugin v25.6 - https:\/\/yoast.com\/wordpress\/plugins\/seo\/ -->\n<title>Kamagra Oral Jelly 5mg - Ge24h<\/title>\n<meta name=\"description\" content=\"Acquista Atarax 25 mg. Ottieni subito i migliori farmaci generici al miglior prezzo sul nostro sito web. Acquista farmaci generici.\" \/>\n<meta name=\"robots\" content=\"index, follow, max-snippet:-1, max-image-preview:large, max-video-preview:-1\" \/>\n<link rel=\"canonical\" href=\"https:\/\/ge24h.com\/it\/producto\/kamagra-oral-jelly-5mg\/\" \/>\n<meta property=\"og:locale\" content=\"it_IT\" \/>\n<meta property=\"og:type\" content=\"article\" \/>\n<meta property=\"og:title\" content=\"Kamagra Oral Jelly 5mg - Ge24h\" \/>\n<meta property=\"og:description\" content=\"Acquista Atarax 25 mg. Ottieni subito i migliori farmaci generici al miglior prezzo sul nostro sito web. Acquista farmaci generici.\" \/>\n<meta property=\"og:url\" content=\"https:\/\/ge24h.com\/it\/producto\/kamagra-oral-jelly-5mg\/\" \/>\n<meta property=\"og:site_name\" content=\"Ge24h\" \/>\n<meta property=\"article:modified_time\" content=\"2026-01-16T10:22:11+00:00\" \/>\n<meta property=\"og:image\" content=\"https:\/\/ge24h.com\/wp-content\/uploads\/kamagra-oral-jelly.jpg\" \/>\n\t<meta property=\"og:image:width\" content=\"800\" \/>\n\t<meta property=\"og:image:height\" content=\"800\" \/>\n\t<meta property=\"og:image:type\" content=\"image\/jpeg\" \/>\n<meta name=\"twitter:card\" content=\"summary_large_image\" \/>\n<meta name=\"twitter:label1\" content=\"Tempo di lettura stimato\" \/>\n\t<meta name=\"twitter:data1\" content=\"5 minuti\" \/>\n<script type=\"application\/ld+json\" class=\"yoast-schema-graph\">{\"@context\":\"https:\/\/schema.org\",\"@graph\":[{\"@type\":\"WebPage\",\"@id\":\"https:\/\/ge24h.com\/it\/producto\/kamagra-oral-jelly-5mg\/\",\"url\":\"https:\/\/ge24h.com\/it\/producto\/kamagra-oral-jelly-5mg\/\",\"name\":\"Kamagra Oral Jelly 5mg - Ge24h\",\"isPartOf\":{\"@id\":\"https:\/\/ge24h.com\/#website\"},\"primaryImageOfPage\":{\"@id\":\"https:\/\/ge24h.com\/it\/producto\/kamagra-oral-jelly-5mg\/#primaryimage\"},\"image\":{\"@id\":\"https:\/\/ge24h.com\/it\/producto\/kamagra-oral-jelly-5mg\/#primaryimage\"},\"thumbnailUrl\":\"https:\/\/ge24h.com\/wp-content\/uploads\/kamagra-oral-jelly.jpg\",\"datePublished\":\"2025-05-12T11:04:14+00:00\",\"dateModified\":\"2026-01-16T10:22:11+00:00\",\"description\":\"Acquista Atarax 25 mg. Ottieni subito i migliori farmaci generici al miglior prezzo sul nostro sito web. Acquista farmaci generici.\",\"breadcrumb\":{\"@id\":\"https:\/\/ge24h.com\/it\/producto\/kamagra-oral-jelly-5mg\/#breadcrumb\"},\"inLanguage\":\"it-IT\",\"potentialAction\":[{\"@type\":\"ReadAction\",\"target\":[\"https:\/\/ge24h.com\/it\/producto\/kamagra-oral-jelly-5mg\/\"]}]},{\"@type\":\"ImageObject\",\"inLanguage\":\"it-IT\",\"@id\":\"https:\/\/ge24h.com\/it\/producto\/kamagra-oral-jelly-5mg\/#primaryimage\",\"url\":\"https:\/\/ge24h.com\/wp-content\/uploads\/kamagra-oral-jelly.jpg\",\"contentUrl\":\"https:\/\/ge24h.com\/wp-content\/uploads\/kamagra-oral-jelly.jpg\",\"width\":800,\"height\":800,\"caption\":\"Kamagra Oral Jelly 5mg\"},{\"@type\":\"BreadcrumbList\",\"@id\":\"https:\/\/ge24h.com\/it\/producto\/kamagra-oral-jelly-5mg\/#breadcrumb\",\"itemListElement\":[{\"@type\":\"ListItem\",\"position\":1,\"name\":\"Portada\",\"item\":\"https:\/\/ge24h.com\/it\/\"},{\"@type\":\"ListItem\",\"position\":2,\"name\":\"negozio\",\"item\":\"https:\/\/ge24h.com\/it\/negozio\/\"},{\"@type\":\"ListItem\",\"position\":3,\"name\":\"Kamagra Oral Jelly 5mg\"}]},{\"@type\":\"WebSite\",\"@id\":\"https:\/\/ge24h.com\/#website\",\"url\":\"https:\/\/ge24h.com\/\",\"name\":\"Ge24h\",\"description\":\"Medicamentos Gen\u00e9ricos, Finpecia, Kamagra, Sidenafil, Tadalafil\",\"publisher\":{\"@id\":\"https:\/\/ge24h.com\/#organization\"},\"potentialAction\":[{\"@type\":\"SearchAction\",\"target\":{\"@type\":\"EntryPoint\",\"urlTemplate\":\"https:\/\/ge24h.com\/?s={search_term_string}\"},\"query-input\":{\"@type\":\"PropertyValueSpecification\",\"valueRequired\":true,\"valueName\":\"search_term_string\"}}],\"inLanguage\":\"it-IT\"},{\"@type\":\"Organization\",\"@id\":\"https:\/\/ge24h.com\/#organization\",\"name\":\"Ge24h\",\"url\":\"https:\/\/ge24h.com\/\",\"logo\":{\"@type\":\"ImageObject\",\"inLanguage\":\"it-IT\",\"@id\":\"https:\/\/ge24h.com\/#\/schema\/logo\/image\/\",\"url\":\"https:\/\/ge24h.com\/wp-content\/uploads\/logo-1.svg\",\"contentUrl\":\"https:\/\/ge24h.com\/wp-content\/uploads\/logo-1.svg\",\"width\":200,\"height\":58,\"caption\":\"Ge24h\"},\"image\":{\"@id\":\"https:\/\/ge24h.com\/#\/schema\/logo\/image\/\"}}]}<\/script>\n<!-- \/ Yoast SEO plugin. -->","yoast_head_json":{"title":"Kamagra Oral Jelly 5mg - Ge24h","description":"Acquista Atarax 25 mg. Ottieni subito i migliori farmaci generici al miglior prezzo sul nostro sito web. Acquista farmaci generici.","robots":{"index":"index","follow":"follow","max-snippet":"max-snippet:-1","max-image-preview":"max-image-preview:large","max-video-preview":"max-video-preview:-1"},"canonical":"https:\/\/ge24h.com\/it\/producto\/kamagra-oral-jelly-5mg\/","og_locale":"it_IT","og_type":"article","og_title":"Kamagra Oral Jelly 5mg - Ge24h","og_description":"Acquista Atarax 25 mg. Ottieni subito i migliori farmaci generici al miglior prezzo sul nostro sito web. Acquista farmaci generici.","og_url":"https:\/\/ge24h.com\/it\/producto\/kamagra-oral-jelly-5mg\/","og_site_name":"Ge24h","article_modified_time":"2026-01-16T10:22:11+00:00","og_image":[{"width":800,"height":800,"url":"https:\/\/ge24h.com\/wp-content\/uploads\/kamagra-oral-jelly.jpg","type":"image\/jpeg"}],"twitter_card":"summary_large_image","twitter_misc":{"Tempo di lettura stimato":"5 minuti"},"schema":{"@context":"https:\/\/schema.org","@graph":[{"@type":"WebPage","@id":"https:\/\/ge24h.com\/it\/producto\/kamagra-oral-jelly-5mg\/","url":"https:\/\/ge24h.com\/it\/producto\/kamagra-oral-jelly-5mg\/","name":"Kamagra Oral Jelly 5mg - Ge24h","isPartOf":{"@id":"https:\/\/ge24h.com\/#website"},"primaryImageOfPage":{"@id":"https:\/\/ge24h.com\/it\/producto\/kamagra-oral-jelly-5mg\/#primaryimage"},"image":{"@id":"https:\/\/ge24h.com\/it\/producto\/kamagra-oral-jelly-5mg\/#primaryimage"},"thumbnailUrl":"https:\/\/ge24h.com\/wp-content\/uploads\/kamagra-oral-jelly.jpg","datePublished":"2025-05-12T11:04:14+00:00","dateModified":"2026-01-16T10:22:11+00:00","description":"Acquista Atarax 25 mg. Ottieni subito i migliori farmaci generici al miglior prezzo sul nostro sito web. Acquista farmaci generici.","breadcrumb":{"@id":"https:\/\/ge24h.com\/it\/producto\/kamagra-oral-jelly-5mg\/#breadcrumb"},"inLanguage":"it-IT","potentialAction":[{"@type":"ReadAction","target":["https:\/\/ge24h.com\/it\/producto\/kamagra-oral-jelly-5mg\/"]}]},{"@type":"ImageObject","inLanguage":"it-IT","@id":"https:\/\/ge24h.com\/it\/producto\/kamagra-oral-jelly-5mg\/#primaryimage","url":"https:\/\/ge24h.com\/wp-content\/uploads\/kamagra-oral-jelly.jpg","contentUrl":"https:\/\/ge24h.com\/wp-content\/uploads\/kamagra-oral-jelly.jpg","width":800,"height":800,"caption":"Kamagra Oral Jelly 5mg"},{"@type":"BreadcrumbList","@id":"https:\/\/ge24h.com\/it\/producto\/kamagra-oral-jelly-5mg\/#breadcrumb","itemListElement":[{"@type":"ListItem","position":1,"name":"Portada","item":"https:\/\/ge24h.com\/it\/"},{"@type":"ListItem","position":2,"name":"negozio","item":"https:\/\/ge24h.com\/it\/negozio\/"},{"@type":"ListItem","position":3,"name":"Kamagra Oral Jelly 5mg"}]},{"@type":"WebSite","@id":"https:\/\/ge24h.com\/#website","url":"https:\/\/ge24h.com\/","name":"Ge24h","description":"Medicamentos Gen\u00e9ricos, Finpecia, Kamagra, Sidenafil, Tadalafil","publisher":{"@id":"https:\/\/ge24h.com\/#organization"},"potentialAction":[{"@type":"SearchAction","target":{"@type":"EntryPoint","urlTemplate":"https:\/\/ge24h.com\/?s={search_term_string}"},"query-input":{"@type":"PropertyValueSpecification","valueRequired":true,"valueName":"search_term_string"}}],"inLanguage":"it-IT"},{"@type":"Organization","@id":"https:\/\/ge24h.com\/#organization","name":"Ge24h","url":"https:\/\/ge24h.com\/","logo":{"@type":"ImageObject","inLanguage":"it-IT","@id":"https:\/\/ge24h.com\/#\/schema\/logo\/image\/","url":"https:\/\/ge24h.com\/wp-content\/uploads\/logo-1.svg","contentUrl":"https:\/\/ge24h.com\/wp-content\/uploads\/logo-1.svg","width":200,"height":58,"caption":"Ge24h"},"image":{"@id":"https:\/\/ge24h.com\/#\/schema\/logo\/image\/"}}]}},"_links":{"self":[{"href":"https:\/\/ge24h.com\/it\/wp-json\/wp\/v2\/product\/5807","targetHints":{"allow":["GET"]}}],"collection":[{"href":"https:\/\/ge24h.com\/it\/wp-json\/wp\/v2\/product"}],"about":[{"href":"https:\/\/ge24h.com\/it\/wp-json\/wp\/v2\/types\/product"}],"replies":[{"embeddable":true,"href":"https:\/\/ge24h.com\/it\/wp-json\/wp\/v2\/comments?post=5807"}],"wp:featuredmedia":[{"embeddable":true,"href":"https:\/\/ge24h.com\/it\/wp-json\/wp\/v2\/media\/4946"}],"wp:attachment":[{"href":"https:\/\/ge24h.com\/it\/wp-json\/wp\/v2\/media?parent=5807"}],"wp:term":[{"taxonomy":"product_brand","embeddable":true,"href":"https:\/\/ge24h.com\/it\/wp-json\/wp\/v2\/product_brand?post=5807"},{"taxonomy":"product_cat","embeddable":true,"href":"https:\/\/ge24h.com\/it\/wp-json\/wp\/v2\/product_cat?post=5807"},{"taxonomy":"product_tag","embeddable":true,"href":"https:\/\/ge24h.com\/it\/wp-json\/wp\/v2\/product_tag?post=5807"}],"curies":[{"name":"wp","href":"https:\/\/api.w.org\/{rel}","templated":true}]}}