{"id":5773,"date":"2025-05-22T10:45:04","date_gmt":"2025-05-22T08:45:04","guid":{"rendered":"https:\/\/ge24h.com\/producto\/duphaston-10mg\/"},"modified":"2025-07-16T17:59:36","modified_gmt":"2025-07-16T15:59:36","slug":"duphaston-10mg","status":"publish","type":"product","link":"https:\/\/ge24h.com\/it\/producto\/duphaston-10mg\/","title":{"rendered":"Duphaston 10mg"},"content":{"rendered":"<h3><strong>Nome del farmaco:<\/strong> Duphaston<\/h3>\n<h3><strong>Nome generico: <\/strong> Didrogesterone<\/h3>\n<p>&nbsp;<\/p>\n<h4><strong>Qual \u00e8 la cosa pi\u00f9 importante che dovrei sapere su Duphaston?<\/strong><\/h4>\n<ul>\n<li>Il didrogesterone \u00e8 un progestinico attivo per via orale che agisce direttamente sull&#8217;utero, producendo un endometrio secretorio completo in un utero predisposto agli estrogeni.<\/li>\n<li>A livelli terapeutici, il didrogesterone non ha effetto contraccettivo perch\u00e9 non inibisce n\u00e9 interferisce con l&#8217;ovulazione o con il corpo luteo.<\/li>\n<li>Il duphaston non \u00e8 androgeno, non \u00e8 estrogenico, non \u00e8 corticoide, non \u00e8 anabolizzante e non viene escreto come pregnandiolo.<\/li>\n<\/ul>\n<p>&nbsp;<\/p>\n<h4><strong>Che cosa \u00e8 Dufaston?<\/strong><\/h4>\n<p>Duphaston \u00e8 utilizzato per trattare la lunghezza irregolare del ciclo, l&#8217;inizio e la durata irregolari delle mestruazioni causati dalla carenza di progesterone.<\/p>\n<p>In combinazione con una sostanza estrogenica, Duphaston pu\u00f2 essere applicato in caso di amenorrea secondaria, sanguinamento uterino disfunzionale e disturbi post-menopausali in cui \u00e8 coinvolta una carenza endogena di progesterone.<\/p>\n<p>&nbsp;<\/p>\n<h4><strong>Cosa dovrei discutere con il mio medico prima di assumere Dufaston?<\/strong><\/h4>\n<ul>\n<li>Duphaston non deve essere somministrato a pazienti con sanguinamento vaginale non diagnosticato o a quelle con una storia di disturbi tromboembolici.<\/li>\n<li>Usare con cautela nei pazienti con insufficienza cardiovascolare, renale o epatica, diabete mellito, asma, epilessia ed emicrania.<\/li>\n<li>Deve essere usato con cautela nei soggetti con una storia di depressione mentale.<\/li>\n<\/ul>\n<p>&nbsp;<\/p>\n<h4><strong>Come dovrei assumere Dufaston?<\/strong><\/h4>\n<p>I dosaggi indicati di seguito sono raccomandazioni generali. Per un effetto terapeutico ottimale, le dosi devono essere adattate alla natura e alla gravit\u00e0 del disturbo. <\/p>\n<ul>\n<li><strong>Nei cicli irregolari dovuti a carenza di progesterone endogeno: <\/strong> si raccomanda Duphaston da 5 a 10 mg, soprattutto nei cicli irregolari dovuti a una fase luteale abbreviata (prima della menopausa). Il trattamento deve essere ripetuto per diversi cicli. <\/li>\n<li><strong>Nell&#8217;amenorrea secondaria:<\/strong> somministrazione di Duphaston in combinazione con estrogeni. Si raccomandano 0,05 mg di etinilestradiolo al giorno dal giorno 1 al giorno 25 del ciclo e 5 mg di Duphaston due volte al giorno dall&#8217;11\u00b0 al giorno 25. Cinque giorni dopo l&#8217;emorragia da sospensione, il ciclo viene ripetuto per simulare un ciclo naturale.  <\/li>\n<li><strong>In caso di sanguinamento uterino disfunzionale:<\/strong> per arrestare il sanguinamento, Duphaston 10 mg con 0,10 mg di etinilestradiolo due volte al giorno per 5-7 giorni.<\/li>\n<li>Per prevenire emorragie abbondanti, Duphaston 5 mg due volte al giorno dall&#8217;11\u00b0 al 25\u00b0 giorno del ciclo, se necessario, in combinazione con estrogeni durante la prima met\u00e0 del ciclo.<\/li>\n<li><strong>Nei disturbi post-menopausali:<\/strong> se si utilizzano estrogeni (terapia ormonale sostitutiva &#8211; TOS), Duphaston 10 mg viene utilizzato per contrastare gli effetti degli estrogeni non contrastati sull&#8217;endometrio, inducendo sanguinamento da sospensione.<\/li>\n<li>Se la terapia con estrogeni \u00e8 continua: Duphaston 10 mg due volte al giorno per i primi 12-14 giorni di ogni mese solare.<\/li>\n<li>Se il trattamento con estrogeni \u00e8 ciclico: Duphaston 10 mg due volte al giorno per gli ultimi 12-14 giorni di trattamento.<\/li>\n<\/ul>\n<p>&nbsp;<\/p>\n<h4><strong>Cosa succede se assumo una dose?<\/strong><\/h4>\n<p>Nelle informazioni fornite non \u00e8 previsto un regime rigoroso per le dosi dimenticate. Consultare il medico o il farmacista per qualsiasi domanda. <\/p>\n<p>&nbsp;<\/p>\n<h4><strong>Cosa succede in caso di sovradosaggio?<\/strong><\/h4>\n<p>Consultare le sezioni sui <strong>possibili effetti avversi e sulle precauzioni.<\/strong> Il trattamento \u00e8 sintomatico e di <strong>supporto.<\/strong> <\/p>\n<p>&nbsp;<\/p>\n<h4><strong>Cosa dovrei evitare durante l&#8217;assunzione di Dufaston?<\/strong><\/h4>\n<p>Nelle informazioni fornite non sono indicate precauzioni specifiche su cosa evitare durante il trattamento, ad eccezione delle controindicazioni e precauzioni sopra descritte.<\/p>\n<p>&nbsp;<\/p>\n<h4><strong>Quali sono i possibili effetti collaterali di Duphaston?<\/strong><\/h4>\n<ul>\n<li>Disturbi gastrointestinali.<\/li>\n<li>Eruzioni cutanee allergiche o orticaria.<\/li>\n<li>Cambiamenti nella libido.<\/li>\n<li>Acne.<\/li>\n<li>Ritenzione idrica e aumento della massa corporea.<\/li>\n<li>Depressione e cambiamenti mentali, che possono includere disagio o ginecomastia.<\/li>\n<li>Anomalie nei test di funzionalit\u00e0 epatica, segnalate meno frequentemente, tra cui l&#8217;ittero.<\/li>\n<\/ul>\n<p>In una piccola percentuale di casi pu\u00f2 verificarsi un&#8217;emorragia, che pu\u00f2 essere prevenuta aumentando la dose.<\/p>\n<p>Non sono stati osservati effetti collaterali virilizzanti durante l&#8217;applicazione clinica di Duphaston.<\/p>\n<p>&nbsp;<\/p>\n<h4><strong>Quali farmaci possono interagire con Dufaston?<\/strong><\/h4>\n<p>Le interazioni con altri farmaci possono causare effetti collaterali indesiderati o impedire il corretto funzionamento di un medicinale.<\/p>\n<p>Informa il tuo medico o il farmacista di tutti i farmaci con o senza obbligo di prescrizione che stai assumendo.<\/p>\n<p>In caso di dubbi, consultare sempre il medico per accertarsi che questo medicinale sia adatto a voi.<\/p>\n","protected":false},"excerpt":{"rendered":"<p>Il didrogesterone \u00e8 un progestinico attivo per via orale che agisce direttamente sull&#8217;utero, producendo un endometrio secretorio completo in un utero predisposto agli estrogeni. A livelli terapeutici, il didrogesterone non ha effetto contraccettivo poich\u00e9 non inibisce n\u00e9 interferisce con l&#8217;ovulazione o con il corpo luteo.<\/p>\n<ul>\n<li>Regola i cicli mestruali irregolari.<\/li>\n<li>Trattamento efficace per l&#8217;amenorrea secondaria e il sanguinamento uterino disfunzionale.<\/li>\n<li>Contrasta gli effetti negativi degli estrogeni sull&#8217;endometrio.<\/li>\n<\/ul>\n","protected":false},"featured_media":4922,"comment_status":"open","ping_status":"closed","template":"","meta":[],"product_brand":[521],"product_cat":[366],"product_tag":[],"class_list":{"0":"post-5773","1":"product","2":"type-product","3":"status-publish","4":"has-post-thumbnail","6":"product_brand-mylan-healthcare-it","7":"product_cat-la-salute-delle-donne","9":"first","10":"instock","11":"taxable","12":"shipping-taxable","13":"purchasable","14":"product-type-variable"},"yoast_head":"<!-- This site is optimized with the Yoast SEO plugin v25.6 - https:\/\/yoast.com\/wordpress\/plugins\/seo\/ -->\n<title>Duphaston 10mg - Ge24h<\/title>\n<meta name=\"description\" content=\"Acquista Duphaston 10 mg su GE24h. Ottieni subito i migliori farmaci generici al miglior prezzo sul nostro sito web. Acquista farmaci generici.\" \/>\n<meta name=\"robots\" content=\"index, follow, max-snippet:-1, max-image-preview:large, max-video-preview:-1\" \/>\n<link rel=\"canonical\" href=\"https:\/\/ge24h.com\/it\/producto\/duphaston-10mg\/\" \/>\n<meta property=\"og:locale\" content=\"it_IT\" \/>\n<meta property=\"og:type\" content=\"article\" \/>\n<meta property=\"og:title\" content=\"Duphaston 10mg - Ge24h\" \/>\n<meta property=\"og:description\" content=\"Acquista Duphaston 10 mg su GE24h. Ottieni subito i migliori farmaci generici al miglior prezzo sul nostro sito web. Acquista farmaci generici.\" \/>\n<meta property=\"og:url\" content=\"https:\/\/ge24h.com\/it\/producto\/duphaston-10mg\/\" \/>\n<meta property=\"og:site_name\" content=\"Ge24h\" \/>\n<meta property=\"article:modified_time\" content=\"2025-07-16T15:59:36+00:00\" \/>\n<meta property=\"og:image\" content=\"https:\/\/ge24h.com\/wp-content\/uploads\/duphaston-10mg-1.png\" \/>\n\t<meta property=\"og:image:width\" content=\"800\" \/>\n\t<meta property=\"og:image:height\" content=\"800\" \/>\n\t<meta property=\"og:image:type\" content=\"image\/png\" \/>\n<meta name=\"twitter:card\" content=\"summary_large_image\" \/>\n<meta name=\"twitter:label1\" content=\"Tempo di lettura stimato\" \/>\n\t<meta name=\"twitter:data1\" content=\"3 minuti\" \/>\n<script type=\"application\/ld+json\" class=\"yoast-schema-graph\">{\"@context\":\"https:\/\/schema.org\",\"@graph\":[{\"@type\":\"WebPage\",\"@id\":\"https:\/\/ge24h.com\/it\/producto\/duphaston-10mg\/\",\"url\":\"https:\/\/ge24h.com\/it\/producto\/duphaston-10mg\/\",\"name\":\"Duphaston 10mg - Ge24h\",\"isPartOf\":{\"@id\":\"https:\/\/ge24h.com\/#website\"},\"primaryImageOfPage\":{\"@id\":\"https:\/\/ge24h.com\/it\/producto\/duphaston-10mg\/#primaryimage\"},\"image\":{\"@id\":\"https:\/\/ge24h.com\/it\/producto\/duphaston-10mg\/#primaryimage\"},\"thumbnailUrl\":\"https:\/\/ge24h.com\/wp-content\/uploads\/duphaston-10mg-1.png\",\"datePublished\":\"2025-05-22T08:45:04+00:00\",\"dateModified\":\"2025-07-16T15:59:36+00:00\",\"description\":\"Acquista Duphaston 10 mg su GE24h. Ottieni subito i migliori farmaci generici al miglior prezzo sul nostro sito web. Acquista farmaci generici.\",\"breadcrumb\":{\"@id\":\"https:\/\/ge24h.com\/it\/producto\/duphaston-10mg\/#breadcrumb\"},\"inLanguage\":\"it-IT\",\"potentialAction\":[{\"@type\":\"ReadAction\",\"target\":[\"https:\/\/ge24h.com\/it\/producto\/duphaston-10mg\/\"]}]},{\"@type\":\"ImageObject\",\"inLanguage\":\"it-IT\",\"@id\":\"https:\/\/ge24h.com\/it\/producto\/duphaston-10mg\/#primaryimage\",\"url\":\"https:\/\/ge24h.com\/wp-content\/uploads\/duphaston-10mg-1.png\",\"contentUrl\":\"https:\/\/ge24h.com\/wp-content\/uploads\/duphaston-10mg-1.png\",\"width\":800,\"height\":800,\"caption\":\"Duphaston 10mg\"},{\"@type\":\"BreadcrumbList\",\"@id\":\"https:\/\/ge24h.com\/it\/producto\/duphaston-10mg\/#breadcrumb\",\"itemListElement\":[{\"@type\":\"ListItem\",\"position\":1,\"name\":\"Portada\",\"item\":\"https:\/\/ge24h.com\/it\/\"},{\"@type\":\"ListItem\",\"position\":2,\"name\":\"negozio\",\"item\":\"https:\/\/ge24h.com\/it\/negozio\/\"},{\"@type\":\"ListItem\",\"position\":3,\"name\":\"Duphaston 10mg\"}]},{\"@type\":\"WebSite\",\"@id\":\"https:\/\/ge24h.com\/#website\",\"url\":\"https:\/\/ge24h.com\/\",\"name\":\"Ge24h\",\"description\":\"Medicamentos Gen\u00e9ricos, Finpecia, Kamagra, Sidenafil, Tadalafil\",\"publisher\":{\"@id\":\"https:\/\/ge24h.com\/#organization\"},\"potentialAction\":[{\"@type\":\"SearchAction\",\"target\":{\"@type\":\"EntryPoint\",\"urlTemplate\":\"https:\/\/ge24h.com\/?s={search_term_string}\"},\"query-input\":{\"@type\":\"PropertyValueSpecification\",\"valueRequired\":true,\"valueName\":\"search_term_string\"}}],\"inLanguage\":\"it-IT\"},{\"@type\":\"Organization\",\"@id\":\"https:\/\/ge24h.com\/#organization\",\"name\":\"Ge24h\",\"url\":\"https:\/\/ge24h.com\/\",\"logo\":{\"@type\":\"ImageObject\",\"inLanguage\":\"it-IT\",\"@id\":\"https:\/\/ge24h.com\/#\/schema\/logo\/image\/\",\"url\":\"https:\/\/ge24h.com\/wp-content\/uploads\/logo-1.svg\",\"contentUrl\":\"https:\/\/ge24h.com\/wp-content\/uploads\/logo-1.svg\",\"width\":200,\"height\":58,\"caption\":\"Ge24h\"},\"image\":{\"@id\":\"https:\/\/ge24h.com\/#\/schema\/logo\/image\/\"}}]}<\/script>\n<!-- \/ Yoast SEO plugin. -->","yoast_head_json":{"title":"Duphaston 10mg - Ge24h","description":"Acquista Duphaston 10 mg su GE24h. Ottieni subito i migliori farmaci generici al miglior prezzo sul nostro sito web. Acquista farmaci generici.","robots":{"index":"index","follow":"follow","max-snippet":"max-snippet:-1","max-image-preview":"max-image-preview:large","max-video-preview":"max-video-preview:-1"},"canonical":"https:\/\/ge24h.com\/it\/producto\/duphaston-10mg\/","og_locale":"it_IT","og_type":"article","og_title":"Duphaston 10mg - Ge24h","og_description":"Acquista Duphaston 10 mg su GE24h. Ottieni subito i migliori farmaci generici al miglior prezzo sul nostro sito web. Acquista farmaci generici.","og_url":"https:\/\/ge24h.com\/it\/producto\/duphaston-10mg\/","og_site_name":"Ge24h","article_modified_time":"2025-07-16T15:59:36+00:00","og_image":[{"width":800,"height":800,"url":"https:\/\/ge24h.com\/wp-content\/uploads\/duphaston-10mg-1.png","type":"image\/png"}],"twitter_card":"summary_large_image","twitter_misc":{"Tempo di lettura stimato":"3 minuti"},"schema":{"@context":"https:\/\/schema.org","@graph":[{"@type":"WebPage","@id":"https:\/\/ge24h.com\/it\/producto\/duphaston-10mg\/","url":"https:\/\/ge24h.com\/it\/producto\/duphaston-10mg\/","name":"Duphaston 10mg - Ge24h","isPartOf":{"@id":"https:\/\/ge24h.com\/#website"},"primaryImageOfPage":{"@id":"https:\/\/ge24h.com\/it\/producto\/duphaston-10mg\/#primaryimage"},"image":{"@id":"https:\/\/ge24h.com\/it\/producto\/duphaston-10mg\/#primaryimage"},"thumbnailUrl":"https:\/\/ge24h.com\/wp-content\/uploads\/duphaston-10mg-1.png","datePublished":"2025-05-22T08:45:04+00:00","dateModified":"2025-07-16T15:59:36+00:00","description":"Acquista Duphaston 10 mg su GE24h. Ottieni subito i migliori farmaci generici al miglior prezzo sul nostro sito web. Acquista farmaci generici.","breadcrumb":{"@id":"https:\/\/ge24h.com\/it\/producto\/duphaston-10mg\/#breadcrumb"},"inLanguage":"it-IT","potentialAction":[{"@type":"ReadAction","target":["https:\/\/ge24h.com\/it\/producto\/duphaston-10mg\/"]}]},{"@type":"ImageObject","inLanguage":"it-IT","@id":"https:\/\/ge24h.com\/it\/producto\/duphaston-10mg\/#primaryimage","url":"https:\/\/ge24h.com\/wp-content\/uploads\/duphaston-10mg-1.png","contentUrl":"https:\/\/ge24h.com\/wp-content\/uploads\/duphaston-10mg-1.png","width":800,"height":800,"caption":"Duphaston 10mg"},{"@type":"BreadcrumbList","@id":"https:\/\/ge24h.com\/it\/producto\/duphaston-10mg\/#breadcrumb","itemListElement":[{"@type":"ListItem","position":1,"name":"Portada","item":"https:\/\/ge24h.com\/it\/"},{"@type":"ListItem","position":2,"name":"negozio","item":"https:\/\/ge24h.com\/it\/negozio\/"},{"@type":"ListItem","position":3,"name":"Duphaston 10mg"}]},{"@type":"WebSite","@id":"https:\/\/ge24h.com\/#website","url":"https:\/\/ge24h.com\/","name":"Ge24h","description":"Medicamentos Gen\u00e9ricos, Finpecia, Kamagra, Sidenafil, Tadalafil","publisher":{"@id":"https:\/\/ge24h.com\/#organization"},"potentialAction":[{"@type":"SearchAction","target":{"@type":"EntryPoint","urlTemplate":"https:\/\/ge24h.com\/?s={search_term_string}"},"query-input":{"@type":"PropertyValueSpecification","valueRequired":true,"valueName":"search_term_string"}}],"inLanguage":"it-IT"},{"@type":"Organization","@id":"https:\/\/ge24h.com\/#organization","name":"Ge24h","url":"https:\/\/ge24h.com\/","logo":{"@type":"ImageObject","inLanguage":"it-IT","@id":"https:\/\/ge24h.com\/#\/schema\/logo\/image\/","url":"https:\/\/ge24h.com\/wp-content\/uploads\/logo-1.svg","contentUrl":"https:\/\/ge24h.com\/wp-content\/uploads\/logo-1.svg","width":200,"height":58,"caption":"Ge24h"},"image":{"@id":"https:\/\/ge24h.com\/#\/schema\/logo\/image\/"}}]}},"_links":{"self":[{"href":"https:\/\/ge24h.com\/it\/wp-json\/wp\/v2\/product\/5773","targetHints":{"allow":["GET"]}}],"collection":[{"href":"https:\/\/ge24h.com\/it\/wp-json\/wp\/v2\/product"}],"about":[{"href":"https:\/\/ge24h.com\/it\/wp-json\/wp\/v2\/types\/product"}],"replies":[{"embeddable":true,"href":"https:\/\/ge24h.com\/it\/wp-json\/wp\/v2\/comments?post=5773"}],"wp:featuredmedia":[{"embeddable":true,"href":"https:\/\/ge24h.com\/it\/wp-json\/wp\/v2\/media\/4922"}],"wp:attachment":[{"href":"https:\/\/ge24h.com\/it\/wp-json\/wp\/v2\/media?parent=5773"}],"wp:term":[{"taxonomy":"product_brand","embeddable":true,"href":"https:\/\/ge24h.com\/it\/wp-json\/wp\/v2\/product_brand?post=5773"},{"taxonomy":"product_cat","embeddable":true,"href":"https:\/\/ge24h.com\/it\/wp-json\/wp\/v2\/product_cat?post=5773"},{"taxonomy":"product_tag","embeddable":true,"href":"https:\/\/ge24h.com\/it\/wp-json\/wp\/v2\/product_tag?post=5773"}],"curies":[{"name":"wp","href":"https:\/\/api.w.org\/{rel}","templated":true}]}}