{"id":5767,"date":"2025-05-22T10:53:39","date_gmt":"2025-05-22T08:53:39","guid":{"rendered":"https:\/\/ge24h.com\/producto\/evista-60mg\/"},"modified":"2025-07-16T17:52:17","modified_gmt":"2025-07-16T15:52:17","slug":"evista-60mg","status":"publish","type":"product","link":"https:\/\/ge24h.com\/it\/producto\/evista-60mg\/","title":{"rendered":"Evista 60mg"},"content":{"rendered":"<h3><strong>Nome del farmaco<\/strong>: Evista<\/h3>\n<p>&nbsp;<\/p>\n<h4><strong>Qual \u00e8 la cosa pi\u00f9 importante che dovrei sapere su Evista?<\/strong><\/h4>\n<ul>\n<li><strong>Evista \u00e8 un modulatore selettivo del recettore degli estrogeni (SERM) <\/strong> utilizzato per trattare e prevenire l&#8217;osteoporosi nelle donne in postmenopausa.<\/li>\n<li>Questi farmaci sono strutturalmente diversi dagli ormoni, compresi gli estrogeni e i progestinici.<\/li>\n<li>Informi il medico se ha avuto in passato coaguli di sangue, poich\u00e9 Evista non \u00e8 raccomandato in questi casi.<\/li>\n<li>Prima di usare questo medicinale, informa il tuo medico di eventuali altre condizioni mediche, allergie, gravidanza o allattamento.<\/li>\n<\/ul>\n<p>&nbsp;<\/p>\n<h4><strong>Che cosa \u00e8 Evista?<\/strong><\/h4>\n<p>Evista \u00e8 un farmaco utilizzato principalmente per <strong>trattare e prevenire l&#8217;osteoporosi nelle donne dopo la menopausa<\/strong>. Pu\u00f2 essere utilizzato anche per trattare altre patologie, secondo quanto stabilito dal medico.<\/p>\n<p>Evista appartiene a un gruppo di farmaci noti come modulatori selettivi del recettore degli estrogeni (SERM), che agiscono in modo diverso rispetto agli ormoni come estrogeni e progestinici.<\/p>\n<p>&nbsp;<\/p>\n<h4><strong>Cosa dovrei discutere con il mio medico prima di assumere Evista?<\/strong><\/h4>\n<ul>\n<li>Informa il tuo medico se hai avuto in passato casi di coaguli di sangue.<\/li>\n<li>Si prega di segnalare eventuali altre condizioni mediche, allergie, gravidanza o allattamento.<\/li>\n<li>Se hai riscontrato aumenti del colesterolo e\/o dei trigliceridi dovuti al precedente utilizzo di estrogeni, informane il medico.<\/li>\n<li>Non usare questo medicinale se sei incinta.<\/li>\n<li>Se sospetti di essere incinta, consulta immediatamente il tuo medico.<\/li>\n<li>Non \u00e8 noto se Evista venga escreto nel latte materno; non allattare durante l&#8217;assunzione di questo medicinale.<\/li>\n<\/ul>\n<p>&nbsp;<\/p>\n<h4><strong>Come dovrei assumere Evista?<\/strong><\/h4>\n<ul>\n<li>Per l&#8217;uso di questo medicinale, seguire le istruzioni del medico.<\/li>\n<li>Evista pu\u00f2 essere assunto a stomaco vuoto o con il cibo.<\/li>\n<li>Se si dimentica una dose, saltare la dose dimenticata e riprendere il normale programma di assunzione. <strong>Non assumere due dosi contemporaneamente.<\/strong><\/li>\n<li>Conservare il medicinale a temperatura ambiente, lontano da fonti di calore e luce.<\/li>\n<\/ul>\n<p>&nbsp;<\/p>\n<h4><strong>Cosa succede se assumo una dose?<\/strong><\/h4>\n<p>Saltare la dose dimenticata e riprendere il normale programma di assunzione. <strong>Non assumere due dosi contemporaneamente.<\/strong><\/p>\n<p>&nbsp;<\/p>\n<h4><strong>Cosa succede in caso di sovradosaggio?<\/strong><\/h4>\n<p>In caso di sospetto sovradosaggio, contattare il centro antiveleni o recarsi al pronto soccorso.<\/p>\n<p>&nbsp;<\/p>\n<h4><strong>Cosa dovrei evitare durante l&#8217;assunzione di Evista?<\/strong><\/h4>\n<ul>\n<li>Evitare periodi prolungati di immobilit\u00e0, poich\u00e9 ci\u00f2 potrebbe aumentare il rischio di coaguli di sangue.<\/li>\n<li>Durante i viaggi lunghi, alzatevi e muovetevi il pi\u00f9 spesso possibile.<\/li>\n<li>Non condividere questo medicinale con altre persone a cui non \u00e8 stato prescritto.<\/li>\n<\/ul>\n<p>&nbsp;<\/p>\n<h4><strong>Quali sono i possibili effetti collaterali di Evista?<\/strong><\/h4>\n<ul>\n<li>Vampate di calore o crampi alle gambe. Se questi sintomi persistono o sono fastidiosi, consultare il medico. <\/li>\n<li>Gonfiore di mani, piedi o gambe, dolore o ingrossamento del seno, aumento di peso anomalo, sanguinamento vaginale anomalo o spotting.<\/li>\n<\/ul>\n<p><strong>Contattare immediatamente il medico se si verificano:<\/strong><\/p>\n<ul>\n<li>Dolore ai polpacci, gonfiore alle gambe, dolore improvviso al petto, mancanza di respiro o cambiamenti della vista.<\/li>\n<\/ul>\n<p>Se noti altri effetti non elencati, consulta il medico, l&#8217;infermiere o il farmacista.<\/p>\n<p>&nbsp;<\/p>\n<h4><strong>Interazione con altri farmaci<\/strong><\/h4>\n<p>Le interazioni con altri farmaci possono causare effetti collaterali indesiderati o impedire il corretto funzionamento di un farmaco.<\/p>\n<p>Informa il tuo medico o il farmacista di tutti i farmaci con o senza obbligo di prescrizione che stai assumendo.<\/p>\n<p>&nbsp;<\/p>\n<h4><strong>Ulteriori informazioni<\/strong><\/h4>\n<ul>\n<li>Tenere questo medicinale fuori dalla portata dei bambini.<\/li>\n<li>Se si utilizza questo medicinale per periodi prolungati, procurarsi una nuova dose prima che la scorta si esaurisca.<\/li>\n<\/ul>\n","protected":false},"excerpt":{"rendered":"<p><span class=\"hps\">Questo farmaco \u00e8 un <\/span> <span class=\"hps\">modulatore selettivo del recettore<\/span> <span class=\"hps atn\">degli estrogeni <\/span> (SERM) utilizzato per <span class=\"hps\">trattare e prevenire<\/span> <span class=\"hps\"> l&#8217;osteoporosi <\/span> <span class=\"hps\">nelle donne dopo<\/span> <span class=\"hps\">la menopausa<\/span>. <span class=\"hps\">Pu\u00f2 essere utilizzato <\/span> <span class=\"hps\"> anche per trattare<\/span> <span class=\"hps\">altre patologie,<\/span> <span class=\"hps\">secondo quanto<\/span> <span class=\"hps\">stabilito dal medico.<\/span><\/p>\n<ul>\n<li>Prevenzione e trattamento dell&#8217;osteoporosi.<\/li>\n<li>Non \u00e8 un ormone.<\/li>\n<li>Riduzione del rischio di alcuni tipi di cancro al seno.<\/li>\n<\/ul>\n","protected":false},"featured_media":4926,"comment_status":"open","ping_status":"closed","template":"","meta":[],"product_brand":[523],"product_cat":[366],"product_tag":[],"class_list":{"0":"post-5767","1":"product","2":"type-product","3":"status-publish","4":"has-post-thumbnail","6":"product_brand-lilly-it","7":"product_cat-la-salute-delle-donne","9":"first","10":"instock","11":"taxable","12":"shipping-taxable","13":"purchasable","14":"product-type-variable"},"yoast_head":"<!-- This site is optimized with the Yoast SEO plugin v25.6 - https:\/\/yoast.com\/wordpress\/plugins\/seo\/ -->\n<title>Evista 60mg - Ge24h<\/title>\n<meta name=\"description\" content=\"Acquista Evista 60 mg su GE24h. Ottieni subito i migliori farmaci generici al miglior prezzo sul nostro sito web. Acquista farmaci generici.\" \/>\n<meta name=\"robots\" content=\"index, follow, max-snippet:-1, max-image-preview:large, max-video-preview:-1\" \/>\n<link rel=\"canonical\" href=\"https:\/\/ge24h.com\/it\/producto\/evista-60mg\/\" \/>\n<meta property=\"og:locale\" content=\"it_IT\" \/>\n<meta property=\"og:type\" content=\"article\" \/>\n<meta property=\"og:title\" content=\"Evista 60mg - Ge24h\" \/>\n<meta property=\"og:description\" content=\"Acquista Evista 60 mg su GE24h. Ottieni subito i migliori farmaci generici al miglior prezzo sul nostro sito web. Acquista farmaci generici.\" \/>\n<meta property=\"og:url\" content=\"https:\/\/ge24h.com\/it\/producto\/evista-60mg\/\" \/>\n<meta property=\"og:site_name\" content=\"Ge24h\" \/>\n<meta property=\"article:modified_time\" content=\"2025-07-16T15:52:17+00:00\" \/>\n<meta property=\"og:image\" content=\"https:\/\/ge24h.com\/wp-content\/uploads\/evista-60mg-1.png\" \/>\n\t<meta property=\"og:image:width\" content=\"800\" \/>\n\t<meta property=\"og:image:height\" content=\"800\" \/>\n\t<meta property=\"og:image:type\" content=\"image\/png\" \/>\n<meta name=\"twitter:card\" content=\"summary_large_image\" \/>\n<meta name=\"twitter:label1\" content=\"Tempo di lettura stimato\" \/>\n\t<meta name=\"twitter:data1\" content=\"3 minuti\" \/>\n<script type=\"application\/ld+json\" class=\"yoast-schema-graph\">{\"@context\":\"https:\/\/schema.org\",\"@graph\":[{\"@type\":\"WebPage\",\"@id\":\"https:\/\/ge24h.com\/it\/producto\/evista-60mg\/\",\"url\":\"https:\/\/ge24h.com\/it\/producto\/evista-60mg\/\",\"name\":\"Evista 60mg - Ge24h\",\"isPartOf\":{\"@id\":\"https:\/\/ge24h.com\/#website\"},\"primaryImageOfPage\":{\"@id\":\"https:\/\/ge24h.com\/it\/producto\/evista-60mg\/#primaryimage\"},\"image\":{\"@id\":\"https:\/\/ge24h.com\/it\/producto\/evista-60mg\/#primaryimage\"},\"thumbnailUrl\":\"https:\/\/ge24h.com\/wp-content\/uploads\/evista-60mg-1.png\",\"datePublished\":\"2025-05-22T08:53:39+00:00\",\"dateModified\":\"2025-07-16T15:52:17+00:00\",\"description\":\"Acquista Evista 60 mg su GE24h. Ottieni subito i migliori farmaci generici al miglior prezzo sul nostro sito web. Acquista farmaci generici.\",\"breadcrumb\":{\"@id\":\"https:\/\/ge24h.com\/it\/producto\/evista-60mg\/#breadcrumb\"},\"inLanguage\":\"it-IT\",\"potentialAction\":[{\"@type\":\"ReadAction\",\"target\":[\"https:\/\/ge24h.com\/it\/producto\/evista-60mg\/\"]}]},{\"@type\":\"ImageObject\",\"inLanguage\":\"it-IT\",\"@id\":\"https:\/\/ge24h.com\/it\/producto\/evista-60mg\/#primaryimage\",\"url\":\"https:\/\/ge24h.com\/wp-content\/uploads\/evista-60mg-1.png\",\"contentUrl\":\"https:\/\/ge24h.com\/wp-content\/uploads\/evista-60mg-1.png\",\"width\":800,\"height\":800,\"caption\":\"Evista 60mg\"},{\"@type\":\"BreadcrumbList\",\"@id\":\"https:\/\/ge24h.com\/it\/producto\/evista-60mg\/#breadcrumb\",\"itemListElement\":[{\"@type\":\"ListItem\",\"position\":1,\"name\":\"Portada\",\"item\":\"https:\/\/ge24h.com\/it\/\"},{\"@type\":\"ListItem\",\"position\":2,\"name\":\"negozio\",\"item\":\"https:\/\/ge24h.com\/it\/negozio\/\"},{\"@type\":\"ListItem\",\"position\":3,\"name\":\"Evista 60mg\"}]},{\"@type\":\"WebSite\",\"@id\":\"https:\/\/ge24h.com\/#website\",\"url\":\"https:\/\/ge24h.com\/\",\"name\":\"Ge24h\",\"description\":\"Medicamentos Gen\u00e9ricos, Finpecia, Kamagra, Sidenafil, Tadalafil\",\"publisher\":{\"@id\":\"https:\/\/ge24h.com\/#organization\"},\"potentialAction\":[{\"@type\":\"SearchAction\",\"target\":{\"@type\":\"EntryPoint\",\"urlTemplate\":\"https:\/\/ge24h.com\/?s={search_term_string}\"},\"query-input\":{\"@type\":\"PropertyValueSpecification\",\"valueRequired\":true,\"valueName\":\"search_term_string\"}}],\"inLanguage\":\"it-IT\"},{\"@type\":\"Organization\",\"@id\":\"https:\/\/ge24h.com\/#organization\",\"name\":\"Ge24h\",\"url\":\"https:\/\/ge24h.com\/\",\"logo\":{\"@type\":\"ImageObject\",\"inLanguage\":\"it-IT\",\"@id\":\"https:\/\/ge24h.com\/#\/schema\/logo\/image\/\",\"url\":\"https:\/\/ge24h.com\/wp-content\/uploads\/logo-1.svg\",\"contentUrl\":\"https:\/\/ge24h.com\/wp-content\/uploads\/logo-1.svg\",\"width\":200,\"height\":58,\"caption\":\"Ge24h\"},\"image\":{\"@id\":\"https:\/\/ge24h.com\/#\/schema\/logo\/image\/\"}}]}<\/script>\n<!-- \/ Yoast SEO plugin. -->","yoast_head_json":{"title":"Evista 60mg - Ge24h","description":"Acquista Evista 60 mg su GE24h. Ottieni subito i migliori farmaci generici al miglior prezzo sul nostro sito web. Acquista farmaci generici.","robots":{"index":"index","follow":"follow","max-snippet":"max-snippet:-1","max-image-preview":"max-image-preview:large","max-video-preview":"max-video-preview:-1"},"canonical":"https:\/\/ge24h.com\/it\/producto\/evista-60mg\/","og_locale":"it_IT","og_type":"article","og_title":"Evista 60mg - Ge24h","og_description":"Acquista Evista 60 mg su GE24h. Ottieni subito i migliori farmaci generici al miglior prezzo sul nostro sito web. Acquista farmaci generici.","og_url":"https:\/\/ge24h.com\/it\/producto\/evista-60mg\/","og_site_name":"Ge24h","article_modified_time":"2025-07-16T15:52:17+00:00","og_image":[{"width":800,"height":800,"url":"https:\/\/ge24h.com\/wp-content\/uploads\/evista-60mg-1.png","type":"image\/png"}],"twitter_card":"summary_large_image","twitter_misc":{"Tempo di lettura stimato":"3 minuti"},"schema":{"@context":"https:\/\/schema.org","@graph":[{"@type":"WebPage","@id":"https:\/\/ge24h.com\/it\/producto\/evista-60mg\/","url":"https:\/\/ge24h.com\/it\/producto\/evista-60mg\/","name":"Evista 60mg - Ge24h","isPartOf":{"@id":"https:\/\/ge24h.com\/#website"},"primaryImageOfPage":{"@id":"https:\/\/ge24h.com\/it\/producto\/evista-60mg\/#primaryimage"},"image":{"@id":"https:\/\/ge24h.com\/it\/producto\/evista-60mg\/#primaryimage"},"thumbnailUrl":"https:\/\/ge24h.com\/wp-content\/uploads\/evista-60mg-1.png","datePublished":"2025-05-22T08:53:39+00:00","dateModified":"2025-07-16T15:52:17+00:00","description":"Acquista Evista 60 mg su GE24h. Ottieni subito i migliori farmaci generici al miglior prezzo sul nostro sito web. Acquista farmaci generici.","breadcrumb":{"@id":"https:\/\/ge24h.com\/it\/producto\/evista-60mg\/#breadcrumb"},"inLanguage":"it-IT","potentialAction":[{"@type":"ReadAction","target":["https:\/\/ge24h.com\/it\/producto\/evista-60mg\/"]}]},{"@type":"ImageObject","inLanguage":"it-IT","@id":"https:\/\/ge24h.com\/it\/producto\/evista-60mg\/#primaryimage","url":"https:\/\/ge24h.com\/wp-content\/uploads\/evista-60mg-1.png","contentUrl":"https:\/\/ge24h.com\/wp-content\/uploads\/evista-60mg-1.png","width":800,"height":800,"caption":"Evista 60mg"},{"@type":"BreadcrumbList","@id":"https:\/\/ge24h.com\/it\/producto\/evista-60mg\/#breadcrumb","itemListElement":[{"@type":"ListItem","position":1,"name":"Portada","item":"https:\/\/ge24h.com\/it\/"},{"@type":"ListItem","position":2,"name":"negozio","item":"https:\/\/ge24h.com\/it\/negozio\/"},{"@type":"ListItem","position":3,"name":"Evista 60mg"}]},{"@type":"WebSite","@id":"https:\/\/ge24h.com\/#website","url":"https:\/\/ge24h.com\/","name":"Ge24h","description":"Medicamentos Gen\u00e9ricos, Finpecia, Kamagra, Sidenafil, Tadalafil","publisher":{"@id":"https:\/\/ge24h.com\/#organization"},"potentialAction":[{"@type":"SearchAction","target":{"@type":"EntryPoint","urlTemplate":"https:\/\/ge24h.com\/?s={search_term_string}"},"query-input":{"@type":"PropertyValueSpecification","valueRequired":true,"valueName":"search_term_string"}}],"inLanguage":"it-IT"},{"@type":"Organization","@id":"https:\/\/ge24h.com\/#organization","name":"Ge24h","url":"https:\/\/ge24h.com\/","logo":{"@type":"ImageObject","inLanguage":"it-IT","@id":"https:\/\/ge24h.com\/#\/schema\/logo\/image\/","url":"https:\/\/ge24h.com\/wp-content\/uploads\/logo-1.svg","contentUrl":"https:\/\/ge24h.com\/wp-content\/uploads\/logo-1.svg","width":200,"height":58,"caption":"Ge24h"},"image":{"@id":"https:\/\/ge24h.com\/#\/schema\/logo\/image\/"}}]}},"_links":{"self":[{"href":"https:\/\/ge24h.com\/it\/wp-json\/wp\/v2\/product\/5767","targetHints":{"allow":["GET"]}}],"collection":[{"href":"https:\/\/ge24h.com\/it\/wp-json\/wp\/v2\/product"}],"about":[{"href":"https:\/\/ge24h.com\/it\/wp-json\/wp\/v2\/types\/product"}],"replies":[{"embeddable":true,"href":"https:\/\/ge24h.com\/it\/wp-json\/wp\/v2\/comments?post=5767"}],"wp:featuredmedia":[{"embeddable":true,"href":"https:\/\/ge24h.com\/it\/wp-json\/wp\/v2\/media\/4926"}],"wp:attachment":[{"href":"https:\/\/ge24h.com\/it\/wp-json\/wp\/v2\/media?parent=5767"}],"wp:term":[{"taxonomy":"product_brand","embeddable":true,"href":"https:\/\/ge24h.com\/it\/wp-json\/wp\/v2\/product_brand?post=5767"},{"taxonomy":"product_cat","embeddable":true,"href":"https:\/\/ge24h.com\/it\/wp-json\/wp\/v2\/product_cat?post=5767"},{"taxonomy":"product_tag","embeddable":true,"href":"https:\/\/ge24h.com\/it\/wp-json\/wp\/v2\/product_tag?post=5767"}],"curies":[{"name":"wp","href":"https:\/\/api.w.org\/{rel}","templated":true}]}}