{"id":5761,"date":"2025-05-22T11:06:53","date_gmt":"2025-05-22T09:06:53","guid":{"rendered":"https:\/\/ge24h.com\/producto\/premarin-0-625mg\/"},"modified":"2025-07-16T17:39:25","modified_gmt":"2025-07-16T15:39:25","slug":"premarin-0-625mg","status":"publish","type":"product","link":"https:\/\/ge24h.com\/it\/producto\/premarin-0-625mg\/","title":{"rendered":"Premarin 0.625mg"},"content":{"rendered":"<h3><strong>Nome del farmaco:<\/strong> Premarin<\/h3>\n<h3><strong>Nome generico: <\/strong> estrogeni coniugati<\/h3>\n<p>&nbsp;<\/p>\n<h4><strong>Qual \u00e8 la cosa pi\u00f9 importante che dovrei sapere su Premarin?<\/strong><\/h4>\n<ul>\n<li><strong>Avvertenza:<\/strong> \u00e8 stato segnalato che gli estrogeni <strong>aumentano il rischio di cancro<\/strong> dell&#8217;utero (endometrio) nelle donne in postmenopausa, in particolar modo nelle donne con utero sottoposte a terapia ormonale a base di soli estrogeni.<\/li>\n<li>Gli estrogeni possono anche <strong>aumentare il rischio di cancro alle ovaie e al seno.<\/strong><\/li>\n<li><strong>Non dovrebbero essere utilizzati per prevenire le malattie cardiache.<\/strong><\/li>\n<li>La terapia ormonale sostitutiva <strong> con estrogeni pu\u00f2 causare infarti, ictus, gravi<\/strong> coaguli di sangue e cancro al seno, soprattutto se utilizzata per lunghi periodi o in dosi elevate.<\/li>\n<li><strong>Deve essere utilizzato per il periodo di tempo pi\u00f9 breve possibile <\/strong> e alla dose minima efficace per ridurre al minimo i rischi associati al trattamento a lungo termine.<\/li>\n<\/ul>\n<p>&nbsp;<\/p>\n<h4><strong>Che cosa \u00e8 Premarin?<\/strong><\/h4>\n<p>Premarin \u00e8 un farmaco che contiene <strong>ormoni femminili (estrogeni).<\/strong> Viene solitamente somministrato alle donne che non producono pi\u00f9 quantit\u00e0 adeguate di questi ormoni. \u00c8 utilizzato per ridurre i <strong>sintomi della menopausa, come la secchezza vaginale.<\/strong>  <\/p>\n<p>Questo farmaco <strong>non \u00e8 efficace<\/strong> nel prevenire o trattare l&#8217;aborto spontaneo o minacciato.<\/p>\n<p><strong>Non deve essere utilizzato durante la gravidanza,<\/strong> poich\u00e9 potrebbe causare malformazioni congenite o cancro nel bambino in et\u00e0 adulta.<\/p>\n<h4><strong>Cosa dovrei discutere con il mio medico prima di assumere Premarin?<\/strong><\/h4>\n<ul>\n<li><strong>Se si utilizza questo farmaco per un lungo periodo di tempo<\/strong>, \u00e8 necessario sottoporsi a una valutazione medica almeno una volta all&#8217;anno.<\/li>\n<li><strong>Non iniziare o interrompere la terapia farmacologica <\/strong> senza l&#8217;approvazione del medico o del farmacista.<\/li>\n<li>Informi il medico se sta assumendo altri farmaci vaginali.<\/li>\n<li>Informi il medico se soffre o ha sofferto di:\n<ul>\n<li>Anamnesi familiare di tumori o cancro al seno.<\/li>\n<li>Asma, diabete, convulsioni o emicranie.<\/li>\n<li>Malattia del fegato o dei reni.<\/li>\n<li>Malattie cardiache (pressione alta, infarti, insufficienza cardiaca).<\/li>\n<li>Ipotiroidismo.<\/li>\n<li>Livelli anomali di calcio nel sangue.<\/li>\n<li>Depressione.<\/li>\n<li>Pressione alta durante la gravidanza.<\/li>\n<li>Ittero durante la gravidanza o con l&#8217;uso di estrogeni.<\/li>\n<li>Problemi uterini come fibromi o endometriosi.<\/li>\n<li>Colesterolo\/lipidi alti.<\/li>\n<li>Malattia della cistifellea.<\/li>\n<li>Aumento eccessivo di peso.<\/li>\n<li>Porfiria (malattia del sangue).<\/li>\n<li>Allergie.<\/li>\n<li>Gravidanza o allattamento.<\/li>\n<\/ul>\n<\/li>\n<\/ul>\n<p>&nbsp;<\/p>\n<h4><strong>Come dovrei assumere Premarin?<\/strong><\/h4>\n<p>Per l&#8217;uso di <strong>questo medicinale,<\/strong> seguire le istruzioni fornite dal medico.<\/p>\n<p>&nbsp;<\/p>\n<h4><strong>Cosa succede se accendo una dose?<\/strong><\/h4>\n<p>Consulta il tuo medico o il farmacista per sapere cosa fare se dimentichi una dose, poich\u00e9 ci\u00f2 dipende dal tipo di regime terapeutico prescritto.<\/p>\n<p>&nbsp;<\/p>\n<h4><strong>Cosa succede in caso di sovradosaggio?<\/strong><\/h4>\n<p>In caso di sovradosaggio, <strong>consultare immediatamente un medico<\/strong>. Informare il medico se si manifestano sintomi insoliti dopo aver assunto una dose superiore a quella indicata.. <\/p>\n<p>&nbsp;<\/p>\n<h4><strong>Cosa dovrei evitare durante l&#8217;assunzione di Premarin?<\/strong><\/h4>\n<p>Consulta il tuo medico in merito alle interazioni con cibi, bevande o altri farmaci. <strong>Non interrompere o iniziare altri trattamenti senza l&#8217;approvazione medica.<\/strong><\/p>\n<p>&nbsp;<\/p>\n<h4><strong>Quali sono i possibili effetti collaterali di Premarin?<\/strong><\/h4>\n<h4><strong>Effetti gravi:<\/strong><\/h4>\n<ul>\n<li>Cancro dell&#8217;utero (endometrio).<\/li>\n<li>Tumore al seno o alle ovaie.<\/li>\n<li>Gravi coaguli di sangue.<\/li>\n<li>Incidenti cerebrovascolari (ictus).<\/li>\n<li>Attacchi di cuore.<\/li>\n<\/ul>\n<p>&nbsp;<\/p>\n<h4><strong>Effetti minori:<\/strong><\/h4>\n<ul>\n<li>Disturbi digestivi.<\/li>\n<li>Ritenzione idrica.<\/li>\n<li>Mal di testa.<\/li>\n<li>Tenerezza del seno.<\/li>\n<\/ul>\n<p>Se si verificano effetti collaterali indesiderati o fastidiosi, <strong>consultare il medico.<\/strong><\/p>\n<p>&nbsp;<\/p>\n<h4><strong>Quali farmaci possono interagire con Premarin?<\/strong><\/h4>\n<p><strong>Potrebbe essere necessario un ulteriore monitoraggio<\/strong> del dosaggio o delle condizioni se si stanno assumendo altri farmaci vaginali.<\/p>\n<p>Informa il tuo medico di tutti i farmaci che stai assumendo, compresi gli integratori vitaminici, i prodotti a base di erbe e altri farmaci con o senza prescrizione medica.<\/p>\n<p>In caso di dubbi, consultare sempre il medico per accertarsi che questo medicinale sia adatto a voi.<\/p>\n","protected":false},"excerpt":{"rendered":"<p><span class=\"hps\">Questo farmaco <\/span> <span class=\"hps\">\u00e8 un ormone<\/span> <span class=\"hps\">femminile solitamente<\/span> <span class=\"hps\"><span class=\"hps\"><span class=\"hps\">somministrato alle donne che non ne producono pi\u00f9 <\/span> <span class=\"hps\"><span class=\"hps\">una quantit\u00e0 adeguata.<\/span> <span class=\"hps\"><span class=\"hps\"><span class=\"hps\"><span class=\"hps\">\u00c8 usato per ridurre i sintomi della menopausa <\/span> (ad esempio, secchezza vaginale). 0,625 mg.<\/span><\/span><\/span><\/span><\/span><\/span><\/p>\n<ul>\n<li>Efficace sollievo dai sintomi della menopausa.<\/li>\n<li>Terapia ormonale sostitutiva.<\/li>\n<li>Prevenzione di alcuni disturbi postmenopausali<\/li>\n<\/ul>\n","protected":false},"featured_media":5004,"comment_status":"open","ping_status":"closed","template":"","meta":[],"product_brand":[507],"product_cat":[366],"product_tag":[],"class_list":{"0":"post-5761","1":"product","2":"type-product","3":"status-publish","4":"has-post-thumbnail","6":"product_brand-pfizer-it","7":"product_cat-la-salute-delle-donne","9":"first","10":"instock","11":"taxable","12":"shipping-taxable","13":"purchasable","14":"product-type-variable"},"yoast_head":"<!-- This site is optimized with the Yoast SEO plugin v25.6 - https:\/\/yoast.com\/wordpress\/plugins\/seo\/ -->\n<title>Premarin 0.625mg - Ge24h<\/title>\n<meta name=\"description\" content=\"Acquista Premarin 0,625 mg su GE24h. Ottieni subito i migliori farmaci generici al miglior prezzo sul nostro sito web. Acquista farmaci generici.\" \/>\n<meta name=\"robots\" content=\"index, follow, max-snippet:-1, max-image-preview:large, max-video-preview:-1\" \/>\n<link rel=\"canonical\" href=\"https:\/\/ge24h.com\/it\/producto\/premarin-0-625mg\/\" \/>\n<meta property=\"og:locale\" content=\"it_IT\" \/>\n<meta property=\"og:type\" content=\"article\" \/>\n<meta property=\"og:title\" content=\"Premarin 0.625mg - Ge24h\" \/>\n<meta property=\"og:description\" content=\"Acquista Premarin 0,625 mg su GE24h. Ottieni subito i migliori farmaci generici al miglior prezzo sul nostro sito web. Acquista farmaci generici.\" \/>\n<meta property=\"og:url\" content=\"https:\/\/ge24h.com\/it\/producto\/premarin-0-625mg\/\" \/>\n<meta property=\"og:site_name\" content=\"Ge24h\" \/>\n<meta property=\"article:modified_time\" content=\"2025-07-16T15:39:25+00:00\" \/>\n<meta property=\"og:image\" content=\"https:\/\/ge24h.com\/wp-content\/uploads\/premarin-1.jpg\" \/>\n\t<meta property=\"og:image:width\" content=\"800\" \/>\n\t<meta property=\"og:image:height\" content=\"800\" \/>\n\t<meta property=\"og:image:type\" content=\"image\/jpeg\" \/>\n<meta name=\"twitter:card\" content=\"summary_large_image\" \/>\n<meta name=\"twitter:label1\" content=\"Tempo di lettura stimato\" \/>\n\t<meta name=\"twitter:data1\" content=\"3 minuti\" \/>\n<script type=\"application\/ld+json\" class=\"yoast-schema-graph\">{\"@context\":\"https:\/\/schema.org\",\"@graph\":[{\"@type\":\"WebPage\",\"@id\":\"https:\/\/ge24h.com\/it\/producto\/premarin-0-625mg\/\",\"url\":\"https:\/\/ge24h.com\/it\/producto\/premarin-0-625mg\/\",\"name\":\"Premarin 0.625mg - Ge24h\",\"isPartOf\":{\"@id\":\"https:\/\/ge24h.com\/#website\"},\"primaryImageOfPage\":{\"@id\":\"https:\/\/ge24h.com\/it\/producto\/premarin-0-625mg\/#primaryimage\"},\"image\":{\"@id\":\"https:\/\/ge24h.com\/it\/producto\/premarin-0-625mg\/#primaryimage\"},\"thumbnailUrl\":\"https:\/\/ge24h.com\/wp-content\/uploads\/premarin-1.jpg\",\"datePublished\":\"2025-05-22T09:06:53+00:00\",\"dateModified\":\"2025-07-16T15:39:25+00:00\",\"description\":\"Acquista Premarin 0,625 mg su GE24h. Ottieni subito i migliori farmaci generici al miglior prezzo sul nostro sito web. Acquista farmaci generici.\",\"breadcrumb\":{\"@id\":\"https:\/\/ge24h.com\/it\/producto\/premarin-0-625mg\/#breadcrumb\"},\"inLanguage\":\"it-IT\",\"potentialAction\":[{\"@type\":\"ReadAction\",\"target\":[\"https:\/\/ge24h.com\/it\/producto\/premarin-0-625mg\/\"]}]},{\"@type\":\"ImageObject\",\"inLanguage\":\"it-IT\",\"@id\":\"https:\/\/ge24h.com\/it\/producto\/premarin-0-625mg\/#primaryimage\",\"url\":\"https:\/\/ge24h.com\/wp-content\/uploads\/premarin-1.jpg\",\"contentUrl\":\"https:\/\/ge24h.com\/wp-content\/uploads\/premarin-1.jpg\",\"width\":800,\"height\":800,\"caption\":\"Premarin 0.625mg\"},{\"@type\":\"BreadcrumbList\",\"@id\":\"https:\/\/ge24h.com\/it\/producto\/premarin-0-625mg\/#breadcrumb\",\"itemListElement\":[{\"@type\":\"ListItem\",\"position\":1,\"name\":\"Portada\",\"item\":\"https:\/\/ge24h.com\/it\/\"},{\"@type\":\"ListItem\",\"position\":2,\"name\":\"negozio\",\"item\":\"https:\/\/ge24h.com\/it\/negozio\/\"},{\"@type\":\"ListItem\",\"position\":3,\"name\":\"Premarin 0.625mg\"}]},{\"@type\":\"WebSite\",\"@id\":\"https:\/\/ge24h.com\/#website\",\"url\":\"https:\/\/ge24h.com\/\",\"name\":\"Ge24h\",\"description\":\"Medicamentos Gen\u00e9ricos, Finpecia, Kamagra, Sidenafil, Tadalafil\",\"publisher\":{\"@id\":\"https:\/\/ge24h.com\/#organization\"},\"potentialAction\":[{\"@type\":\"SearchAction\",\"target\":{\"@type\":\"EntryPoint\",\"urlTemplate\":\"https:\/\/ge24h.com\/?s={search_term_string}\"},\"query-input\":{\"@type\":\"PropertyValueSpecification\",\"valueRequired\":true,\"valueName\":\"search_term_string\"}}],\"inLanguage\":\"it-IT\"},{\"@type\":\"Organization\",\"@id\":\"https:\/\/ge24h.com\/#organization\",\"name\":\"Ge24h\",\"url\":\"https:\/\/ge24h.com\/\",\"logo\":{\"@type\":\"ImageObject\",\"inLanguage\":\"it-IT\",\"@id\":\"https:\/\/ge24h.com\/#\/schema\/logo\/image\/\",\"url\":\"https:\/\/ge24h.com\/wp-content\/uploads\/logo-1.svg\",\"contentUrl\":\"https:\/\/ge24h.com\/wp-content\/uploads\/logo-1.svg\",\"width\":200,\"height\":58,\"caption\":\"Ge24h\"},\"image\":{\"@id\":\"https:\/\/ge24h.com\/#\/schema\/logo\/image\/\"}}]}<\/script>\n<!-- \/ Yoast SEO plugin. -->","yoast_head_json":{"title":"Premarin 0.625mg - Ge24h","description":"Acquista Premarin 0,625 mg su GE24h. Ottieni subito i migliori farmaci generici al miglior prezzo sul nostro sito web. Acquista farmaci generici.","robots":{"index":"index","follow":"follow","max-snippet":"max-snippet:-1","max-image-preview":"max-image-preview:large","max-video-preview":"max-video-preview:-1"},"canonical":"https:\/\/ge24h.com\/it\/producto\/premarin-0-625mg\/","og_locale":"it_IT","og_type":"article","og_title":"Premarin 0.625mg - Ge24h","og_description":"Acquista Premarin 0,625 mg su GE24h. Ottieni subito i migliori farmaci generici al miglior prezzo sul nostro sito web. Acquista farmaci generici.","og_url":"https:\/\/ge24h.com\/it\/producto\/premarin-0-625mg\/","og_site_name":"Ge24h","article_modified_time":"2025-07-16T15:39:25+00:00","og_image":[{"width":800,"height":800,"url":"https:\/\/ge24h.com\/wp-content\/uploads\/premarin-1.jpg","type":"image\/jpeg"}],"twitter_card":"summary_large_image","twitter_misc":{"Tempo di lettura stimato":"3 minuti"},"schema":{"@context":"https:\/\/schema.org","@graph":[{"@type":"WebPage","@id":"https:\/\/ge24h.com\/it\/producto\/premarin-0-625mg\/","url":"https:\/\/ge24h.com\/it\/producto\/premarin-0-625mg\/","name":"Premarin 0.625mg - Ge24h","isPartOf":{"@id":"https:\/\/ge24h.com\/#website"},"primaryImageOfPage":{"@id":"https:\/\/ge24h.com\/it\/producto\/premarin-0-625mg\/#primaryimage"},"image":{"@id":"https:\/\/ge24h.com\/it\/producto\/premarin-0-625mg\/#primaryimage"},"thumbnailUrl":"https:\/\/ge24h.com\/wp-content\/uploads\/premarin-1.jpg","datePublished":"2025-05-22T09:06:53+00:00","dateModified":"2025-07-16T15:39:25+00:00","description":"Acquista Premarin 0,625 mg su GE24h. Ottieni subito i migliori farmaci generici al miglior prezzo sul nostro sito web. Acquista farmaci generici.","breadcrumb":{"@id":"https:\/\/ge24h.com\/it\/producto\/premarin-0-625mg\/#breadcrumb"},"inLanguage":"it-IT","potentialAction":[{"@type":"ReadAction","target":["https:\/\/ge24h.com\/it\/producto\/premarin-0-625mg\/"]}]},{"@type":"ImageObject","inLanguage":"it-IT","@id":"https:\/\/ge24h.com\/it\/producto\/premarin-0-625mg\/#primaryimage","url":"https:\/\/ge24h.com\/wp-content\/uploads\/premarin-1.jpg","contentUrl":"https:\/\/ge24h.com\/wp-content\/uploads\/premarin-1.jpg","width":800,"height":800,"caption":"Premarin 0.625mg"},{"@type":"BreadcrumbList","@id":"https:\/\/ge24h.com\/it\/producto\/premarin-0-625mg\/#breadcrumb","itemListElement":[{"@type":"ListItem","position":1,"name":"Portada","item":"https:\/\/ge24h.com\/it\/"},{"@type":"ListItem","position":2,"name":"negozio","item":"https:\/\/ge24h.com\/it\/negozio\/"},{"@type":"ListItem","position":3,"name":"Premarin 0.625mg"}]},{"@type":"WebSite","@id":"https:\/\/ge24h.com\/#website","url":"https:\/\/ge24h.com\/","name":"Ge24h","description":"Medicamentos Gen\u00e9ricos, Finpecia, Kamagra, Sidenafil, Tadalafil","publisher":{"@id":"https:\/\/ge24h.com\/#organization"},"potentialAction":[{"@type":"SearchAction","target":{"@type":"EntryPoint","urlTemplate":"https:\/\/ge24h.com\/?s={search_term_string}"},"query-input":{"@type":"PropertyValueSpecification","valueRequired":true,"valueName":"search_term_string"}}],"inLanguage":"it-IT"},{"@type":"Organization","@id":"https:\/\/ge24h.com\/#organization","name":"Ge24h","url":"https:\/\/ge24h.com\/","logo":{"@type":"ImageObject","inLanguage":"it-IT","@id":"https:\/\/ge24h.com\/#\/schema\/logo\/image\/","url":"https:\/\/ge24h.com\/wp-content\/uploads\/logo-1.svg","contentUrl":"https:\/\/ge24h.com\/wp-content\/uploads\/logo-1.svg","width":200,"height":58,"caption":"Ge24h"},"image":{"@id":"https:\/\/ge24h.com\/#\/schema\/logo\/image\/"}}]}},"_links":{"self":[{"href":"https:\/\/ge24h.com\/it\/wp-json\/wp\/v2\/product\/5761","targetHints":{"allow":["GET"]}}],"collection":[{"href":"https:\/\/ge24h.com\/it\/wp-json\/wp\/v2\/product"}],"about":[{"href":"https:\/\/ge24h.com\/it\/wp-json\/wp\/v2\/types\/product"}],"replies":[{"embeddable":true,"href":"https:\/\/ge24h.com\/it\/wp-json\/wp\/v2\/comments?post=5761"}],"wp:featuredmedia":[{"embeddable":true,"href":"https:\/\/ge24h.com\/it\/wp-json\/wp\/v2\/media\/5004"}],"wp:attachment":[{"href":"https:\/\/ge24h.com\/it\/wp-json\/wp\/v2\/media?parent=5761"}],"wp:term":[{"taxonomy":"product_brand","embeddable":true,"href":"https:\/\/ge24h.com\/it\/wp-json\/wp\/v2\/product_brand?post=5761"},{"taxonomy":"product_cat","embeddable":true,"href":"https:\/\/ge24h.com\/it\/wp-json\/wp\/v2\/product_cat?post=5761"},{"taxonomy":"product_tag","embeddable":true,"href":"https:\/\/ge24h.com\/it\/wp-json\/wp\/v2\/product_tag?post=5761"}],"curies":[{"name":"wp","href":"https:\/\/api.w.org\/{rel}","templated":true}]}}