{"id":5745,"date":"2025-05-22T11:42:02","date_gmt":"2025-05-22T09:42:02","guid":{"rendered":"https:\/\/ge24h.com\/producto\/lioresal-25mg\/"},"modified":"2026-01-15T17:16:59","modified_gmt":"2026-01-15T16:16:59","slug":"lioresal-25mg","status":"publish","type":"product","link":"https:\/\/ge24h.com\/it\/producto\/lioresal-25mg\/","title":{"rendered":"Lioresal 25mg"},"content":{"rendered":"<h3><strong>Nome del farmaco:<\/strong> Lioresal<\/h3>\n<h3><strong>Nome generico:<\/strong> Baclofen<\/h3>\n<p>&nbsp;<\/p>\n<h4><strong>Qual \u00e8 la cosa pi\u00f9 importante che dovrei sapere su Lioresal?<\/strong><\/h4>\n<ul>\n<li><strong>Lioresal pu\u00f2 causare vertigini o sonnolenza.<\/strong> Prestate attenzione quando venite guidati, se usate una macchina o se non la azionate. Se avverti questi sintomi, evita di svolgere questo tipo di attivit\u00e0.<\/li>\n<li><strong>Evitare il consumo di alcol.<\/strong> L&#8217;alcol pu\u00f2 aumentare le vertigini o la sonnolenza durante l&#8217;assunzione di Lioresal.<\/li>\n<li><strong>Non interrompere bruscamente il trattamento con Lioresal, <\/strong> poich\u00e9 ci\u00f2 potrebbe causare convulsioni o allucinazioni. Il medico probabilmente ridurr\u00e0 gradualmente la dose. <\/li>\n<\/ul>\n<p>&nbsp;<\/p>\n<h4><strong>Che cosa \u00e8 il Lioresal?<\/strong><\/h4>\n<ul>\n<li>Il Lioresal \u00e8 un miorilassante e antispasmodico. Il suo esatto meccanismo d&#8217;azione \u00e8 sconosciuto. <\/li>\n<li>Lioresal \u00e8 utilizzato per alleviare gli spasmi muscolari, il dolore e la rigidit\u00e0 muscolare associati alla sclerosi multipla.<\/li>\n<li>Lioresal pu\u00f2 essere utilizzato anche per altri scopi menzionati nella guida medica.<\/li>\n<\/ul>\n<p>&nbsp;<\/p>\n<h4><strong>Cosa dovrei discutere con il mio medico prima di assumere Lioresal?<\/strong><\/h4>\n<ul>\n<li>Informa il tuo medico se hai sofferto di una delle seguenti condizioni:\n<ul>\n<li><strong>nefropatia<\/strong><\/li>\n<li><strong>Epilessia o altri disturbi convulsivi<\/strong><\/li>\n<\/ul>\n<\/li>\n<li>Se si verifica una delle condizioni sopra elencate, potrebbe non essere possibile assumere Lioresal oppure potrebbe essere necessario un dosaggio inferiore o un monitoraggio speciale durante il trattamento.<\/li>\n<li><strong>Il Lioresal rientra nella categoria di rischio C della FDA per la gravidanza.<\/strong> Ci\u00f2 significa che non \u00e8 stato dimostrato che causi difetti alla nascita, ma \u00e8 opportuno consultare il medico se si \u00e8 incinte o si sta pianificando una gravidanza.<\/li>\n<li>Non \u00e8 stato dimostrato che il <strong>Lioresal passi nel latte materno. <\/strong> Consultare il medico se si sta allattando prima di assumerlo.<\/li>\n<\/ul>\n<p>&nbsp;<\/p>\n<h4><strong>Come dovrei assumere Lioresal?<\/strong><\/h4>\n<ul>\n<li><strong>Assumere Lioresal esattamente come prescritto dal medico.<\/strong> Se non capisci le istruzioni, consulta il tuo farmacista, l&#8217;infermiere o il medico.<\/li>\n<li>Assumere ogni dose con un bicchiere pieno d&#8217;acqua.<\/li>\n<li>Puoi assumere Lioresal con o senza cibo.<\/li>\n<li><strong>Non interrompere bruscamente il trattamento con Lioresal.<\/strong> Questo pu\u00f2 causare convulsioni o allucinazioni. Consulta il tuo medico se devi interrompere l&#8217;assunzione del farmaco. <\/li>\n<li>Conservare Lioresal a temperatura ambiente, lontano dall&#8217;umidit\u00e0 e dal calore eccessivo.<\/li>\n<\/ul>\n<p>&nbsp;<\/p>\n<h4><strong>Cosa succede se assumo una dose?<\/strong><\/h4>\n<p>Se dimentica una dose, la prenda non appena se ne ricorda. Se \u00e8 quasi ora della dose successiva, salti la dose dimenticata e continui con il suo normale regime di assunzione. <strong>Non prenda una dose doppia<\/strong> per compensare la dose dimenticata. <\/p>\n<h4><strong>Cosa succede in caso di sovradosaggio?<\/strong><\/h4>\n<p>Consultare immediatamente un medico. I sintomi di un sovradosaggio di Lioresal possono includere vomito, grave sonnolenza, respiro lento o superficiale, perdita di coscienza o convulsioni. <\/p>\n","protected":false},"excerpt":{"rendered":"<p>Lioresal (Baclofen)<br \/>\nSinonimo: Riclofen, Kemstro<br \/>\nLioresal (Baclofene) \u00e8 un miorilassante utilizzato per trattare gli spasmi muscolari associati alla sclerosi multipla o a lesioni del midollo spinale e ad altre condizioni determinate dal medico.<\/p>\n<ul>\n<li>Efficace sollievo dagli spasmi muscolari.<\/li>\n<li>Migliora la mobilit\u00e0 e la qualit\u00e0 della vita.<\/li>\n<li>Azione centrale con effetto prolungato.<\/li>\n<\/ul>\n","protected":false},"featured_media":4950,"comment_status":"open","ping_status":"closed","template":"","meta":[],"product_brand":[525],"product_cat":[354],"product_tag":[],"class_list":{"0":"post-5745","1":"product","2":"type-product","3":"status-publish","4":"has-post-thumbnail","6":"product_brand-novartis-it","7":"product_cat-allergia","9":"first","10":"instock","11":"taxable","12":"shipping-taxable","13":"purchasable","14":"product-type-variable"},"yoast_head":"<!-- This site is optimized with the Yoast SEO plugin v25.6 - https:\/\/yoast.com\/wordpress\/plugins\/seo\/ -->\n<title>Lioresal 25mg - Ge24h<\/title>\n<meta name=\"description\" content=\"Acquista Lioresal 25 mg su GE24h. Ottieni subito i migliori farmaci generici al miglior prezzo sul nostro sito web. Acquista farmaci generici.\" \/>\n<meta name=\"robots\" content=\"index, follow, max-snippet:-1, max-image-preview:large, max-video-preview:-1\" \/>\n<link rel=\"canonical\" href=\"https:\/\/ge24h.com\/it\/producto\/lioresal-25mg\/\" \/>\n<meta property=\"og:locale\" content=\"it_IT\" \/>\n<meta property=\"og:type\" content=\"article\" \/>\n<meta property=\"og:title\" content=\"Lioresal 25mg - Ge24h\" \/>\n<meta property=\"og:description\" content=\"Acquista Lioresal 25 mg su GE24h. Ottieni subito i migliori farmaci generici al miglior prezzo sul nostro sito web. Acquista farmaci generici.\" \/>\n<meta property=\"og:url\" content=\"https:\/\/ge24h.com\/it\/producto\/lioresal-25mg\/\" \/>\n<meta property=\"og:site_name\" content=\"Ge24h\" \/>\n<meta property=\"article:modified_time\" content=\"2026-01-15T16:16:59+00:00\" \/>\n<meta property=\"og:image\" content=\"https:\/\/ge24h.com\/wp-content\/uploads\/lioresal-25mg-2.png\" \/>\n\t<meta property=\"og:image:width\" content=\"800\" \/>\n\t<meta property=\"og:image:height\" content=\"800\" \/>\n\t<meta property=\"og:image:type\" content=\"image\/png\" \/>\n<meta name=\"twitter:card\" content=\"summary_large_image\" \/>\n<meta name=\"twitter:label1\" content=\"Tempo di lettura stimato\" \/>\n\t<meta name=\"twitter:data1\" content=\"2 minuti\" \/>\n<script type=\"application\/ld+json\" class=\"yoast-schema-graph\">{\"@context\":\"https:\/\/schema.org\",\"@graph\":[{\"@type\":\"WebPage\",\"@id\":\"https:\/\/ge24h.com\/it\/producto\/lioresal-25mg\/\",\"url\":\"https:\/\/ge24h.com\/it\/producto\/lioresal-25mg\/\",\"name\":\"Lioresal 25mg - Ge24h\",\"isPartOf\":{\"@id\":\"https:\/\/ge24h.com\/#website\"},\"primaryImageOfPage\":{\"@id\":\"https:\/\/ge24h.com\/it\/producto\/lioresal-25mg\/#primaryimage\"},\"image\":{\"@id\":\"https:\/\/ge24h.com\/it\/producto\/lioresal-25mg\/#primaryimage\"},\"thumbnailUrl\":\"https:\/\/ge24h.com\/wp-content\/uploads\/lioresal-25mg-2.png\",\"datePublished\":\"2025-05-22T09:42:02+00:00\",\"dateModified\":\"2026-01-15T16:16:59+00:00\",\"description\":\"Acquista Lioresal 25 mg su GE24h. Ottieni subito i migliori farmaci generici al miglior prezzo sul nostro sito web. Acquista farmaci generici.\",\"breadcrumb\":{\"@id\":\"https:\/\/ge24h.com\/it\/producto\/lioresal-25mg\/#breadcrumb\"},\"inLanguage\":\"it-IT\",\"potentialAction\":[{\"@type\":\"ReadAction\",\"target\":[\"https:\/\/ge24h.com\/it\/producto\/lioresal-25mg\/\"]}]},{\"@type\":\"ImageObject\",\"inLanguage\":\"it-IT\",\"@id\":\"https:\/\/ge24h.com\/it\/producto\/lioresal-25mg\/#primaryimage\",\"url\":\"https:\/\/ge24h.com\/wp-content\/uploads\/lioresal-25mg-2.png\",\"contentUrl\":\"https:\/\/ge24h.com\/wp-content\/uploads\/lioresal-25mg-2.png\",\"width\":800,\"height\":800,\"caption\":\"Lioresal 25mg\"},{\"@type\":\"BreadcrumbList\",\"@id\":\"https:\/\/ge24h.com\/it\/producto\/lioresal-25mg\/#breadcrumb\",\"itemListElement\":[{\"@type\":\"ListItem\",\"position\":1,\"name\":\"Portada\",\"item\":\"https:\/\/ge24h.com\/it\/\"},{\"@type\":\"ListItem\",\"position\":2,\"name\":\"negozio\",\"item\":\"https:\/\/ge24h.com\/it\/negozio\/\"},{\"@type\":\"ListItem\",\"position\":3,\"name\":\"Lioresal 25mg\"}]},{\"@type\":\"WebSite\",\"@id\":\"https:\/\/ge24h.com\/#website\",\"url\":\"https:\/\/ge24h.com\/\",\"name\":\"Ge24h\",\"description\":\"Medicamentos Gen\u00e9ricos, Finpecia, Kamagra, Sidenafil, Tadalafil\",\"publisher\":{\"@id\":\"https:\/\/ge24h.com\/#organization\"},\"potentialAction\":[{\"@type\":\"SearchAction\",\"target\":{\"@type\":\"EntryPoint\",\"urlTemplate\":\"https:\/\/ge24h.com\/?s={search_term_string}\"},\"query-input\":{\"@type\":\"PropertyValueSpecification\",\"valueRequired\":true,\"valueName\":\"search_term_string\"}}],\"inLanguage\":\"it-IT\"},{\"@type\":\"Organization\",\"@id\":\"https:\/\/ge24h.com\/#organization\",\"name\":\"Ge24h\",\"url\":\"https:\/\/ge24h.com\/\",\"logo\":{\"@type\":\"ImageObject\",\"inLanguage\":\"it-IT\",\"@id\":\"https:\/\/ge24h.com\/#\/schema\/logo\/image\/\",\"url\":\"https:\/\/ge24h.com\/wp-content\/uploads\/logo-1.svg\",\"contentUrl\":\"https:\/\/ge24h.com\/wp-content\/uploads\/logo-1.svg\",\"width\":200,\"height\":58,\"caption\":\"Ge24h\"},\"image\":{\"@id\":\"https:\/\/ge24h.com\/#\/schema\/logo\/image\/\"}}]}<\/script>\n<!-- \/ Yoast SEO plugin. -->","yoast_head_json":{"title":"Lioresal 25mg - Ge24h","description":"Acquista Lioresal 25 mg su GE24h. Ottieni subito i migliori farmaci generici al miglior prezzo sul nostro sito web. Acquista farmaci generici.","robots":{"index":"index","follow":"follow","max-snippet":"max-snippet:-1","max-image-preview":"max-image-preview:large","max-video-preview":"max-video-preview:-1"},"canonical":"https:\/\/ge24h.com\/it\/producto\/lioresal-25mg\/","og_locale":"it_IT","og_type":"article","og_title":"Lioresal 25mg - Ge24h","og_description":"Acquista Lioresal 25 mg su GE24h. Ottieni subito i migliori farmaci generici al miglior prezzo sul nostro sito web. Acquista farmaci generici.","og_url":"https:\/\/ge24h.com\/it\/producto\/lioresal-25mg\/","og_site_name":"Ge24h","article_modified_time":"2026-01-15T16:16:59+00:00","og_image":[{"width":800,"height":800,"url":"https:\/\/ge24h.com\/wp-content\/uploads\/lioresal-25mg-2.png","type":"image\/png"}],"twitter_card":"summary_large_image","twitter_misc":{"Tempo di lettura stimato":"2 minuti"},"schema":{"@context":"https:\/\/schema.org","@graph":[{"@type":"WebPage","@id":"https:\/\/ge24h.com\/it\/producto\/lioresal-25mg\/","url":"https:\/\/ge24h.com\/it\/producto\/lioresal-25mg\/","name":"Lioresal 25mg - Ge24h","isPartOf":{"@id":"https:\/\/ge24h.com\/#website"},"primaryImageOfPage":{"@id":"https:\/\/ge24h.com\/it\/producto\/lioresal-25mg\/#primaryimage"},"image":{"@id":"https:\/\/ge24h.com\/it\/producto\/lioresal-25mg\/#primaryimage"},"thumbnailUrl":"https:\/\/ge24h.com\/wp-content\/uploads\/lioresal-25mg-2.png","datePublished":"2025-05-22T09:42:02+00:00","dateModified":"2026-01-15T16:16:59+00:00","description":"Acquista Lioresal 25 mg su GE24h. Ottieni subito i migliori farmaci generici al miglior prezzo sul nostro sito web. Acquista farmaci generici.","breadcrumb":{"@id":"https:\/\/ge24h.com\/it\/producto\/lioresal-25mg\/#breadcrumb"},"inLanguage":"it-IT","potentialAction":[{"@type":"ReadAction","target":["https:\/\/ge24h.com\/it\/producto\/lioresal-25mg\/"]}]},{"@type":"ImageObject","inLanguage":"it-IT","@id":"https:\/\/ge24h.com\/it\/producto\/lioresal-25mg\/#primaryimage","url":"https:\/\/ge24h.com\/wp-content\/uploads\/lioresal-25mg-2.png","contentUrl":"https:\/\/ge24h.com\/wp-content\/uploads\/lioresal-25mg-2.png","width":800,"height":800,"caption":"Lioresal 25mg"},{"@type":"BreadcrumbList","@id":"https:\/\/ge24h.com\/it\/producto\/lioresal-25mg\/#breadcrumb","itemListElement":[{"@type":"ListItem","position":1,"name":"Portada","item":"https:\/\/ge24h.com\/it\/"},{"@type":"ListItem","position":2,"name":"negozio","item":"https:\/\/ge24h.com\/it\/negozio\/"},{"@type":"ListItem","position":3,"name":"Lioresal 25mg"}]},{"@type":"WebSite","@id":"https:\/\/ge24h.com\/#website","url":"https:\/\/ge24h.com\/","name":"Ge24h","description":"Medicamentos Gen\u00e9ricos, Finpecia, Kamagra, Sidenafil, Tadalafil","publisher":{"@id":"https:\/\/ge24h.com\/#organization"},"potentialAction":[{"@type":"SearchAction","target":{"@type":"EntryPoint","urlTemplate":"https:\/\/ge24h.com\/?s={search_term_string}"},"query-input":{"@type":"PropertyValueSpecification","valueRequired":true,"valueName":"search_term_string"}}],"inLanguage":"it-IT"},{"@type":"Organization","@id":"https:\/\/ge24h.com\/#organization","name":"Ge24h","url":"https:\/\/ge24h.com\/","logo":{"@type":"ImageObject","inLanguage":"it-IT","@id":"https:\/\/ge24h.com\/#\/schema\/logo\/image\/","url":"https:\/\/ge24h.com\/wp-content\/uploads\/logo-1.svg","contentUrl":"https:\/\/ge24h.com\/wp-content\/uploads\/logo-1.svg","width":200,"height":58,"caption":"Ge24h"},"image":{"@id":"https:\/\/ge24h.com\/#\/schema\/logo\/image\/"}}]}},"_links":{"self":[{"href":"https:\/\/ge24h.com\/it\/wp-json\/wp\/v2\/product\/5745","targetHints":{"allow":["GET"]}}],"collection":[{"href":"https:\/\/ge24h.com\/it\/wp-json\/wp\/v2\/product"}],"about":[{"href":"https:\/\/ge24h.com\/it\/wp-json\/wp\/v2\/types\/product"}],"replies":[{"embeddable":true,"href":"https:\/\/ge24h.com\/it\/wp-json\/wp\/v2\/comments?post=5745"}],"wp:featuredmedia":[{"embeddable":true,"href":"https:\/\/ge24h.com\/it\/wp-json\/wp\/v2\/media\/4950"}],"wp:attachment":[{"href":"https:\/\/ge24h.com\/it\/wp-json\/wp\/v2\/media?parent=5745"}],"wp:term":[{"taxonomy":"product_brand","embeddable":true,"href":"https:\/\/ge24h.com\/it\/wp-json\/wp\/v2\/product_brand?post=5745"},{"taxonomy":"product_cat","embeddable":true,"href":"https:\/\/ge24h.com\/it\/wp-json\/wp\/v2\/product_cat?post=5745"},{"taxonomy":"product_tag","embeddable":true,"href":"https:\/\/ge24h.com\/it\/wp-json\/wp\/v2\/product_tag?post=5745"}],"curies":[{"name":"wp","href":"https:\/\/api.w.org\/{rel}","templated":true}]}}