{"id":5735,"date":"2025-05-22T11:58:16","date_gmt":"2025-05-22T09:58:16","guid":{"rendered":"https:\/\/ge24h.com\/producto\/finpecia-1mg\/"},"modified":"2025-07-16T15:42:16","modified_gmt":"2025-07-16T13:42:16","slug":"finpecia-1mg","status":"publish","type":"product","link":"https:\/\/ge24h.com\/it\/producto\/finpecia-1mg\/","title":{"rendered":"Finpecia 1mg"},"content":{"rendered":"<h3><strong>Nome del farmaco: <\/strong> Finasteride 1 mg<\/h3>\n<h3><strong>Nome generico: <\/strong> Propecia generico mg<\/h3>\n<p>&nbsp;<\/p>\n<h4><strong>Qual \u00e8 la cosa pi\u00f9 importante che dovrei sapere su Finasteride 1 mg?<\/strong><\/h4>\n<ul>\n<li><strong>Finpecia \u00e8 uno dei trattamenti pi\u00f9 utilizzati per prevenire la caduta dei capelli negli uomini.<\/strong><\/li>\n<li><strong>Previene la formazione di diidrotestosterone (DHT), l<\/strong>a causa principale della calvizie maschile, inibendo l&#8217;enzima alfa tipo II reduttasi.<\/li>\n<li><strong>Il trattamento mantiene bassi i livelli di DHT<\/strong> nel corpo e favorisce la crescita dei capelli consentendo l&#8217;aumento dei livelli di testosterone.<\/li>\n<\/ul>\n<p>&nbsp;<\/p>\n<h4><strong>Che cos&#8217;\u00e8 Finasteride 1 mg?<\/strong><\/h4>\n<p>Finpecia \u00e8 altamente efficace nel trattamento della caduta dei capelli. \u00c8 uno dei trattamenti pi\u00f9 utilizzati per prevenire la caduta dei capelli negli uomini. Il suo ingrediente chiave, la finasteride, svolge un ruolo fondamentale nel trattamento della calvizie maschile.  <\/p>\n<p>Lo squilibrio ormonale \u00e8 la causa principale della caduta dei capelli negli uomini. \u00c8 dovuto alla quantit\u00e0 sproporzionata di diidrotestosterone (DHT) prodotto nell&#8217;organismo, che porta alla caduta dei capelli. Il DHT si sposta nei follicoli piliferi, li danneggia e interrompe l&#8217;apporto di nutrienti ai capelli, indebolendoli e causandone la caduta. \u00c8 qui che questo farmaco gioca un ruolo importante.   <\/p>\n<p>Previene la formazione di diidrotestosterone a partire dal testosterone inibendo l&#8217;enzima alfa-2 reduttasi. Questo previene la caduta dei capelli. Questo trattamento contro la caduta dei capelli mantiene bassi i livelli di diidrotestosterone nell&#8217;organismo; di conseguenza, i livelli di testosterone nell&#8217;organismo aumentano e favoriscono la crescita dei capelli.  <\/p>\n<h4><strong>Cosa dovrei discutere con il mio medico prima di assumere Finasteride 1 mg?<\/strong><\/h4>\n<ul>\n<li><strong>Informa il tuo medico se hai avuto reazioni avverse ai trattamenti ormonali.<\/strong><\/li>\n<li>Controlla se hai sofferto di malattie epatiche o problemi ormonali in passato.<\/li>\n<li>Consulta il tuo medico se stai assumendo altri farmaci che potrebbero interferire con la finasteride.<\/li>\n<li><strong>La finasteride non deve essere utilizzata da donne e bambini.<\/strong><\/li>\n<\/ul>\n<p>&nbsp;<\/p>\n<h4><strong>Come dovrei assumere Finasteride 1 mg?<\/strong><\/h4>\n<ul>\n<li>Assumere Finpecia seguendo le istruzioni del medico.<\/li>\n<li><strong>Non assumere dosi maggiori o per periodi pi\u00f9 lunghi di quelli raccomandati.<\/strong><\/li>\n<li><strong>La costanza \u00e8 fondamentale per vedere i risultati.<\/strong> Potrebbero volerci diversi mesi prima di notare miglioramenti visibili.<\/li>\n<li>Pu\u00f2 essere assunto con o senza cibo.<\/li>\n<\/ul>\n<p>&nbsp;<\/p>\n<h4><strong>Cosa succede se prendo una dose?<\/strong><\/h4>\n<p>Se dimentichi una dose, prendila non appena te ne ricordi. Se \u00e8 quasi ora della dose successiva, salta la dose dimenticata e continua con il tuo schema posologico abituale.  <strong>Non assumere una dose doppia per compensare la dimenticanza della dose.<\/strong><\/p>\n<h4><strong>Cosa succede in caso di sovradosaggio?<\/strong><\/h4>\n<p>Se pensi di aver assunto una dose <strong>eccessiva di finasteride, consulta immediatamente un medico. <\/strong> Sebbene non siano noti sintomi specifici e gravi di sovradosaggio da finasteride, \u00e8 sempre raccomandata una valutazione medica.<\/p>\n<h4><strong>Cosa dovrei evitare durante l&#8217;assunzione di Finasteride 1 mg?<\/strong><\/h4>\n<p><strong>Evitare il contatto di medicinali frantumati o rotti con la pelle,<\/strong> soprattutto nelle donne in gravidanza, poich\u00e9 potrebbero essere assorbiti e causare malformazioni nel feto.<\/p>\n<p>&nbsp;<\/p>\n<h4><strong>Quali sono i possibili effetti collaterali di Finasteride 1 mg?<\/strong><\/h4>\n<h4><strong>Effetti comuni:<\/strong><\/h4>\n<ul>\n<li>Mal di testa.<\/li>\n<li>Arrossamento del viso.<\/li>\n<li>Congestione nasale.<\/li>\n<li>Occhi asciutti.<\/li>\n<li>Nausea.<\/li>\n<li>Sensibilit\u00e0 alla luce.<\/li>\n<li>Visione offuscata.<\/li>\n<\/ul>\n<p>Gli effetti collaterali pi\u00f9 comuni tendono a scomparire dopo un po&#8217; di tempo. <strong>Non tutti gli uomini le presentano.<\/strong> Consultare il medico in caso di effetti gravi o persistenti.<\/p>\n<p>&nbsp;<\/p>\n<h4><strong>Quali farmaci possono interagire con Finasteride 1 mg?<\/strong><\/h4>\n<ul>\n<li>Informa il tuo medico di tutti i farmaci che stai assumendo, compresi gli integratori e i prodotti naturali.<\/li>\n<\/ul>\n<p>&nbsp;<\/p>\n<h4><strong>Avvertenze:<\/strong><\/h4>\n<ul>\n<li>Super Kamagra pu\u00f2 causare vertigini e sonnolenza. <strong>Evitare attivit\u00e0 che richiedono la massima attenzione finch\u00e9 l&#8217;effetto persiste.<\/strong><\/li>\n<li><strong>Evitare di consumare alcol insieme alle pillole Super Kamagra,<\/strong> poich\u00e9 pu\u00f2 causare un calo improvviso della pressione sanguigna.<\/li>\n<\/ul>\n","protected":false},"excerpt":{"rendered":"<p>Finpecia (Finasteride) (Propecia Generica)<\/p>\n<p>Finpecia \u00e8 altamente efficace nel trattamento dei capelli danneggiati. \u00c8 uno dei trattamenti che possono essere utilizzati per prevenire il deterioramento dei capelli negli uomini. Il suo ingrediente principale, la finasteride, \u00e8 un ingrediente fondamentale nel trattamento della calvizie.  <\/p>\n<ul>\n<li>Arresto della caduta dei capelli.<\/li>\n<li>Stimola la crescita di nuovi capelli.<\/li>\n<li>Facile da usare ed efficace.<\/li>\n<\/ul>\n","protected":false},"featured_media":4934,"comment_status":"open","ping_status":"closed","template":"","meta":[],"product_brand":[498],"product_cat":[355,360],"product_tag":[],"class_list":{"0":"post-5735","1":"product","2":"type-product","3":"status-publish","4":"has-post-thumbnail","6":"product_brand-cipla-it","7":"product_cat-cura-dei-capelli","8":"product_cat-in-primo-piano","10":"first","11":"instock","12":"taxable","13":"shipping-taxable","14":"purchasable","15":"product-type-variable"},"yoast_head":"<!-- This site is optimized with the Yoast SEO plugin v25.6 - https:\/\/yoast.com\/wordpress\/plugins\/seo\/ -->\n<title>Finpecia 1mg - Ge24h<\/title>\n<meta name=\"description\" content=\"Acquista Finpecia 1 mg su GE24h. Ottieni subito i migliori farmaci generici al miglior prezzo sul nostro sito web. Acquista farmaci generici.\" \/>\n<meta name=\"robots\" content=\"index, follow, max-snippet:-1, max-image-preview:large, max-video-preview:-1\" \/>\n<link rel=\"canonical\" href=\"https:\/\/ge24h.com\/it\/producto\/finpecia-1mg\/\" \/>\n<meta property=\"og:locale\" content=\"it_IT\" \/>\n<meta property=\"og:type\" content=\"article\" \/>\n<meta property=\"og:title\" content=\"Finpecia 1mg - Ge24h\" \/>\n<meta property=\"og:description\" content=\"Acquista Finpecia 1 mg su GE24h. Ottieni subito i migliori farmaci generici al miglior prezzo sul nostro sito web. Acquista farmaci generici.\" \/>\n<meta property=\"og:url\" content=\"https:\/\/ge24h.com\/it\/producto\/finpecia-1mg\/\" \/>\n<meta property=\"og:site_name\" content=\"Ge24h\" \/>\n<meta property=\"article:modified_time\" content=\"2025-07-16T13:42:16+00:00\" \/>\n<meta property=\"og:image\" content=\"https:\/\/ge24h.com\/wp-content\/uploads\/finpecia-2.png\" \/>\n\t<meta property=\"og:image:width\" content=\"800\" \/>\n\t<meta property=\"og:image:height\" content=\"800\" \/>\n\t<meta property=\"og:image:type\" content=\"image\/png\" \/>\n<meta name=\"twitter:card\" content=\"summary_large_image\" \/>\n<meta name=\"twitter:label1\" content=\"Tempo di lettura stimato\" \/>\n\t<meta name=\"twitter:data1\" content=\"3 minuti\" \/>\n<script type=\"application\/ld+json\" class=\"yoast-schema-graph\">{\"@context\":\"https:\/\/schema.org\",\"@graph\":[{\"@type\":\"WebPage\",\"@id\":\"https:\/\/ge24h.com\/it\/producto\/finpecia-1mg\/\",\"url\":\"https:\/\/ge24h.com\/it\/producto\/finpecia-1mg\/\",\"name\":\"Finpecia 1mg - Ge24h\",\"isPartOf\":{\"@id\":\"https:\/\/ge24h.com\/#website\"},\"primaryImageOfPage\":{\"@id\":\"https:\/\/ge24h.com\/it\/producto\/finpecia-1mg\/#primaryimage\"},\"image\":{\"@id\":\"https:\/\/ge24h.com\/it\/producto\/finpecia-1mg\/#primaryimage\"},\"thumbnailUrl\":\"https:\/\/ge24h.com\/wp-content\/uploads\/finpecia-2.png\",\"datePublished\":\"2025-05-22T09:58:16+00:00\",\"dateModified\":\"2025-07-16T13:42:16+00:00\",\"description\":\"Acquista Finpecia 1 mg su GE24h. Ottieni subito i migliori farmaci generici al miglior prezzo sul nostro sito web. Acquista farmaci generici.\",\"breadcrumb\":{\"@id\":\"https:\/\/ge24h.com\/it\/producto\/finpecia-1mg\/#breadcrumb\"},\"inLanguage\":\"it-IT\",\"potentialAction\":[{\"@type\":\"ReadAction\",\"target\":[\"https:\/\/ge24h.com\/it\/producto\/finpecia-1mg\/\"]}]},{\"@type\":\"ImageObject\",\"inLanguage\":\"it-IT\",\"@id\":\"https:\/\/ge24h.com\/it\/producto\/finpecia-1mg\/#primaryimage\",\"url\":\"https:\/\/ge24h.com\/wp-content\/uploads\/finpecia-2.png\",\"contentUrl\":\"https:\/\/ge24h.com\/wp-content\/uploads\/finpecia-2.png\",\"width\":800,\"height\":800,\"caption\":\"Finpecia 1mg\"},{\"@type\":\"BreadcrumbList\",\"@id\":\"https:\/\/ge24h.com\/it\/producto\/finpecia-1mg\/#breadcrumb\",\"itemListElement\":[{\"@type\":\"ListItem\",\"position\":1,\"name\":\"Portada\",\"item\":\"https:\/\/ge24h.com\/it\/\"},{\"@type\":\"ListItem\",\"position\":2,\"name\":\"negozio\",\"item\":\"https:\/\/ge24h.com\/it\/negozio\/\"},{\"@type\":\"ListItem\",\"position\":3,\"name\":\"Finpecia 1mg\"}]},{\"@type\":\"WebSite\",\"@id\":\"https:\/\/ge24h.com\/#website\",\"url\":\"https:\/\/ge24h.com\/\",\"name\":\"Ge24h\",\"description\":\"Medicamentos Gen\u00e9ricos, Finpecia, Kamagra, Sidenafil, Tadalafil\",\"publisher\":{\"@id\":\"https:\/\/ge24h.com\/#organization\"},\"potentialAction\":[{\"@type\":\"SearchAction\",\"target\":{\"@type\":\"EntryPoint\",\"urlTemplate\":\"https:\/\/ge24h.com\/?s={search_term_string}\"},\"query-input\":{\"@type\":\"PropertyValueSpecification\",\"valueRequired\":true,\"valueName\":\"search_term_string\"}}],\"inLanguage\":\"it-IT\"},{\"@type\":\"Organization\",\"@id\":\"https:\/\/ge24h.com\/#organization\",\"name\":\"Ge24h\",\"url\":\"https:\/\/ge24h.com\/\",\"logo\":{\"@type\":\"ImageObject\",\"inLanguage\":\"it-IT\",\"@id\":\"https:\/\/ge24h.com\/#\/schema\/logo\/image\/\",\"url\":\"https:\/\/ge24h.com\/wp-content\/uploads\/logo-1.svg\",\"contentUrl\":\"https:\/\/ge24h.com\/wp-content\/uploads\/logo-1.svg\",\"width\":200,\"height\":58,\"caption\":\"Ge24h\"},\"image\":{\"@id\":\"https:\/\/ge24h.com\/#\/schema\/logo\/image\/\"}}]}<\/script>\n<!-- \/ Yoast SEO plugin. -->","yoast_head_json":{"title":"Finpecia 1mg - Ge24h","description":"Acquista Finpecia 1 mg su GE24h. Ottieni subito i migliori farmaci generici al miglior prezzo sul nostro sito web. Acquista farmaci generici.","robots":{"index":"index","follow":"follow","max-snippet":"max-snippet:-1","max-image-preview":"max-image-preview:large","max-video-preview":"max-video-preview:-1"},"canonical":"https:\/\/ge24h.com\/it\/producto\/finpecia-1mg\/","og_locale":"it_IT","og_type":"article","og_title":"Finpecia 1mg - Ge24h","og_description":"Acquista Finpecia 1 mg su GE24h. Ottieni subito i migliori farmaci generici al miglior prezzo sul nostro sito web. Acquista farmaci generici.","og_url":"https:\/\/ge24h.com\/it\/producto\/finpecia-1mg\/","og_site_name":"Ge24h","article_modified_time":"2025-07-16T13:42:16+00:00","og_image":[{"width":800,"height":800,"url":"https:\/\/ge24h.com\/wp-content\/uploads\/finpecia-2.png","type":"image\/png"}],"twitter_card":"summary_large_image","twitter_misc":{"Tempo di lettura stimato":"3 minuti"},"schema":{"@context":"https:\/\/schema.org","@graph":[{"@type":"WebPage","@id":"https:\/\/ge24h.com\/it\/producto\/finpecia-1mg\/","url":"https:\/\/ge24h.com\/it\/producto\/finpecia-1mg\/","name":"Finpecia 1mg - Ge24h","isPartOf":{"@id":"https:\/\/ge24h.com\/#website"},"primaryImageOfPage":{"@id":"https:\/\/ge24h.com\/it\/producto\/finpecia-1mg\/#primaryimage"},"image":{"@id":"https:\/\/ge24h.com\/it\/producto\/finpecia-1mg\/#primaryimage"},"thumbnailUrl":"https:\/\/ge24h.com\/wp-content\/uploads\/finpecia-2.png","datePublished":"2025-05-22T09:58:16+00:00","dateModified":"2025-07-16T13:42:16+00:00","description":"Acquista Finpecia 1 mg su GE24h. Ottieni subito i migliori farmaci generici al miglior prezzo sul nostro sito web. Acquista farmaci generici.","breadcrumb":{"@id":"https:\/\/ge24h.com\/it\/producto\/finpecia-1mg\/#breadcrumb"},"inLanguage":"it-IT","potentialAction":[{"@type":"ReadAction","target":["https:\/\/ge24h.com\/it\/producto\/finpecia-1mg\/"]}]},{"@type":"ImageObject","inLanguage":"it-IT","@id":"https:\/\/ge24h.com\/it\/producto\/finpecia-1mg\/#primaryimage","url":"https:\/\/ge24h.com\/wp-content\/uploads\/finpecia-2.png","contentUrl":"https:\/\/ge24h.com\/wp-content\/uploads\/finpecia-2.png","width":800,"height":800,"caption":"Finpecia 1mg"},{"@type":"BreadcrumbList","@id":"https:\/\/ge24h.com\/it\/producto\/finpecia-1mg\/#breadcrumb","itemListElement":[{"@type":"ListItem","position":1,"name":"Portada","item":"https:\/\/ge24h.com\/it\/"},{"@type":"ListItem","position":2,"name":"negozio","item":"https:\/\/ge24h.com\/it\/negozio\/"},{"@type":"ListItem","position":3,"name":"Finpecia 1mg"}]},{"@type":"WebSite","@id":"https:\/\/ge24h.com\/#website","url":"https:\/\/ge24h.com\/","name":"Ge24h","description":"Medicamentos Gen\u00e9ricos, Finpecia, Kamagra, Sidenafil, Tadalafil","publisher":{"@id":"https:\/\/ge24h.com\/#organization"},"potentialAction":[{"@type":"SearchAction","target":{"@type":"EntryPoint","urlTemplate":"https:\/\/ge24h.com\/?s={search_term_string}"},"query-input":{"@type":"PropertyValueSpecification","valueRequired":true,"valueName":"search_term_string"}}],"inLanguage":"it-IT"},{"@type":"Organization","@id":"https:\/\/ge24h.com\/#organization","name":"Ge24h","url":"https:\/\/ge24h.com\/","logo":{"@type":"ImageObject","inLanguage":"it-IT","@id":"https:\/\/ge24h.com\/#\/schema\/logo\/image\/","url":"https:\/\/ge24h.com\/wp-content\/uploads\/logo-1.svg","contentUrl":"https:\/\/ge24h.com\/wp-content\/uploads\/logo-1.svg","width":200,"height":58,"caption":"Ge24h"},"image":{"@id":"https:\/\/ge24h.com\/#\/schema\/logo\/image\/"}}]}},"_links":{"self":[{"href":"https:\/\/ge24h.com\/it\/wp-json\/wp\/v2\/product\/5735","targetHints":{"allow":["GET"]}}],"collection":[{"href":"https:\/\/ge24h.com\/it\/wp-json\/wp\/v2\/product"}],"about":[{"href":"https:\/\/ge24h.com\/it\/wp-json\/wp\/v2\/types\/product"}],"replies":[{"embeddable":true,"href":"https:\/\/ge24h.com\/it\/wp-json\/wp\/v2\/comments?post=5735"}],"wp:featuredmedia":[{"embeddable":true,"href":"https:\/\/ge24h.com\/it\/wp-json\/wp\/v2\/media\/4934"}],"wp:attachment":[{"href":"https:\/\/ge24h.com\/it\/wp-json\/wp\/v2\/media?parent=5735"}],"wp:term":[{"taxonomy":"product_brand","embeddable":true,"href":"https:\/\/ge24h.com\/it\/wp-json\/wp\/v2\/product_brand?post=5735"},{"taxonomy":"product_cat","embeddable":true,"href":"https:\/\/ge24h.com\/it\/wp-json\/wp\/v2\/product_cat?post=5735"},{"taxonomy":"product_tag","embeddable":true,"href":"https:\/\/ge24h.com\/it\/wp-json\/wp\/v2\/product_tag?post=5735"}],"curies":[{"name":"wp","href":"https:\/\/api.w.org\/{rel}","templated":true}]}}