{"id":5731,"date":"2025-05-22T12:08:16","date_gmt":"2025-05-22T10:08:16","guid":{"rendered":"https:\/\/ge24h.com\/producto\/fincar-5mg\/"},"modified":"2025-07-16T12:17:54","modified_gmt":"2025-07-16T10:17:54","slug":"fincar-5mg","status":"publish","type":"product","link":"https:\/\/ge24h.com\/it\/producto\/fincar-5mg\/","title":{"rendered":"Fincar 5mg"},"content":{"rendered":"<h3><strong>Nome del medicinale: <\/strong> Fincar 1 mg<\/h3>\n<h3><strong>Nome generico:<\/strong> Proscar generico 5 mg<\/h3>\n<p>&nbsp;<\/p>\n<h4><strong>Qual \u00e8 la cosa pi\u00f9 importante che dovrei sapere su Fincar?<\/strong><\/h4>\n<ul>\n<li><strong>Fincar 5 mg non deve essere utilizzato nelle donne e nei bambini.<\/strong><\/li>\n<li><strong>Questo medicinale deve essere tenuto fuori dalla portata delle donne in gravidanza,<\/strong> poich\u00e9 pu\u00f2 avere effetti negativi sul feto e anche sulla madre.<\/li>\n<li><strong>Non raddoppiare la dose n\u00e9 assumere una dose eccessiva di farmaco, <\/strong> poich\u00e9 ci\u00f2 non migliorer\u00e0 l&#8217;effetto e potrebbe causare effetti collaterali.<\/li>\n<li><strong>L&#8217;assunzione regolare dovrebbe <\/strong> essere evitata se non sotto controllo medico, poich\u00e9 pu\u00f2 causare complicazioni irreversibili per la salute.<\/li>\n<li><strong>Non assumere mai questo farmaco <\/strong> in dosi eccessive perch\u00e9 pu\u00f2 compromettere le prestazioni sessuali.<\/li>\n<\/ul>\n<p>&nbsp;<\/p>\n<h4><strong>Che cosa \u00e8 Fincar?<\/strong><\/h4>\n<p>Fincar 5 mg \u00e8 un trattamento ad azione rapida ed efficace per la calvizie maschile. Il suo principio attivo, la <strong> finasteride<\/strong>, contrasta l&#8217;azione dell&#8217;<strong>alfa reduttasi di tipo 5<\/strong>, responsabile della conversione del testosterone in diidrotestosterone (DHT), il principale componente responsabile della calvizie maschile. <\/p>\n<p>Il DHT indebolisce i follicoli piliferi e causa la caduta dei capelli. Riducendone l&#8217;attivit\u00e0, Fincar aiuta a fermare la caduta dei capelli e ne promuove la crescita aumentando il testosterone disponibile nell&#8217;organismo. <\/p>\n<h4><strong>Cosa dovrei discutere con il mio medico prima di assumere Fincar?<\/strong><\/h4>\n<ul>\n<li>Consulta il tuo medico se hai avuto problemi ormonali, epatici o sessuali.<\/li>\n<li>Informare se si stanno assumendo altri farmaci che potrebbero interagire con i trattamenti ormonali.<\/li>\n<li><strong>Questo farmaco non \u00e8 indicato per i pazienti pediatrici.<\/strong><\/li>\n<li><strong>Le donne non devono maneggiare compresse rotte o frantumate, soprattutto se sono incinte.<\/strong><\/li>\n<\/ul>\n<p>&nbsp;<\/p>\n<h4><strong>Come dovrei assumere Fincar?<\/strong><\/h4>\n<ul>\n<li><strong>La dose standard \u00e8 una pillola da 5 mg al giorno.<\/strong><\/li>\n<li>Si consiglia di assumerlo con acqua per facilitarne lo scioglimento..<\/li>\n<li><strong>Non aumentare la dose senza consultare il medico.<\/strong><\/li>\n<li>Per ottenere risultati efficaci \u00e8 essenziale la disciplina nel dosaggio.<\/li>\n<\/ul>\n<p>&nbsp;<\/p>\n<h4><strong>Cosa succede se dimentico di prendere una dose?<\/strong><\/h4>\n<p>Se dimentica una dose di Fincar, la prenda non appena se ne ricorda. Se \u00e8 vicina alla dose successiva, salti la dose dimenticata. **Non prenda una dose doppia.**<\/p>\n<h4><strong>Cosa succede in caso di sovradosaggio?<\/strong><\/h4>\n<p><strong>Non assumere pi\u00f9 della dose prescritta.<br \/><\/strong> In caso di sovradosaggio, consultare immediatamente un medico, poich\u00e9 potrebbero verificarsi gravi effetti collaterali legati alla funzione sessuale e ormonale.<\/p>\n<h4><strong>Cosa dovrei evitare durante l&#8217;assunzione di Fincar?<\/strong><\/h4>\n<ul>\n<li>Evitare di usare il farmaco per un periodo pi\u00f9 lungo di quello indicato..<\/li>\n<li><strong>Le donne non devono mai assumere Fincar n\u00e9 entrare in contatto con compresse rotte.<\/strong><\/li>\n<\/ul>\n<p>&nbsp;<\/p>\n<h4><strong>Quali sono i possibili effetti collaterali di Fincar?<\/strong><\/h4>\n<h4><strong>Effetti gravi:<\/strong><\/h4>\n<ul>\n<li>Riduzione del numero di spermatozoi.<\/li>\n<li>Eiaculazione precoce.<\/li>\n<li>Diminuzione della libido.<\/li>\n<li>Impotenza.<\/li>\n<\/ul>\n<p>&nbsp;<\/p>\n<h4><strong>Effetti minori:<\/strong><\/h4>\n<ul>\n<li>Mal di testa.<\/li>\n<li>Dolore ai testicoli.<\/li>\n<li>Petto gonfio o sensibile.<\/li>\n<li>Roseole.<\/li>\n<li>Respirazione anomala.<\/li>\n<li>Gonfiore di mani e piedi.<\/li>\n<li>Dolore addominale.<\/li>\n<li>Indigestione.<\/li>\n<\/ul>\n<p>Questi effetti collaterali sono solitamente temporanei e scompaiono nel tempo. Se persistono o peggiorano, consultare il medico. <\/p>\n<h4><strong>Quali farmaci possono interagire con Fincar?<\/strong><\/h4>\n<p>Informi il medico di eventuali altri farmaci che sta assumendo, compresi integratori, prodotti a base di erbe e trattamenti ormonali, poich\u00e9 potrebbero interferire con gli effetti di Fincar.<\/p>\n<p>Consulta sempre il tuo medico per confermare che questo farmaco sia adatto a te.<\/p>\n","protected":false},"excerpt":{"rendered":"<p>Fincar (Proscar generico)<\/p>\n<p>Finpecia \u00e8 altamente efficace nel trattamento della caduta dei capelli. \u00c8 uno dei trattamenti pi\u00f9 utilizzati per prevenire la caduta dei capelli negli uomini. Il suo ingrediente chiave, la finasteride, svolge un ruolo fondamentale nel trattamento della calvizie maschile.  <\/p>\n<ul>\n<li>Arresta la caduta dei capelli.<\/li>\n<li>Favorisce la crescita di nuovi capelli.<\/li>\n<li>Trattamento comodo ed efficace: basta una pillola al giorno.<\/li>\n<\/ul>\n","protected":false},"featured_media":4930,"comment_status":"open","ping_status":"closed","template":"","meta":[],"product_brand":[498],"product_cat":[355,360],"product_tag":[],"class_list":{"0":"post-5731","1":"product","2":"type-product","3":"status-publish","4":"has-post-thumbnail","6":"product_brand-cipla-it","7":"product_cat-cura-dei-capelli","8":"product_cat-in-primo-piano","10":"first","11":"instock","12":"taxable","13":"shipping-taxable","14":"purchasable","15":"product-type-variable"},"yoast_head":"<!-- This site is optimized with the Yoast SEO plugin v25.6 - https:\/\/yoast.com\/wordpress\/plugins\/seo\/ -->\n<title>Fincar 5mg - Ge24h<\/title>\n<meta name=\"description\" content=\"Acquista Fincar 5 mg su GE24h. Ottieni subito i migliori farmaci generici al miglior prezzo sul nostro sito web. Acquista farmaci generici.\" \/>\n<meta name=\"robots\" content=\"index, follow, max-snippet:-1, max-image-preview:large, max-video-preview:-1\" \/>\n<link rel=\"canonical\" href=\"https:\/\/ge24h.com\/it\/producto\/fincar-5mg\/\" \/>\n<meta property=\"og:locale\" content=\"it_IT\" \/>\n<meta property=\"og:type\" content=\"article\" \/>\n<meta property=\"og:title\" content=\"Fincar 5mg - Ge24h\" \/>\n<meta property=\"og:description\" content=\"Acquista Fincar 5 mg su GE24h. Ottieni subito i migliori farmaci generici al miglior prezzo sul nostro sito web. Acquista farmaci generici.\" \/>\n<meta property=\"og:url\" content=\"https:\/\/ge24h.com\/it\/producto\/fincar-5mg\/\" \/>\n<meta property=\"og:site_name\" content=\"Ge24h\" \/>\n<meta property=\"article:modified_time\" content=\"2025-07-16T10:17:54+00:00\" \/>\n<meta property=\"og:image\" content=\"https:\/\/ge24h.com\/wp-content\/uploads\/fincar-5mg-1.png\" \/>\n\t<meta property=\"og:image:width\" content=\"800\" \/>\n\t<meta property=\"og:image:height\" content=\"800\" \/>\n\t<meta property=\"og:image:type\" content=\"image\/png\" \/>\n<meta name=\"twitter:card\" content=\"summary_large_image\" \/>\n<meta name=\"twitter:label1\" content=\"Tempo di lettura stimato\" \/>\n\t<meta name=\"twitter:data1\" content=\"2 minuti\" \/>\n<script type=\"application\/ld+json\" class=\"yoast-schema-graph\">{\"@context\":\"https:\/\/schema.org\",\"@graph\":[{\"@type\":\"WebPage\",\"@id\":\"https:\/\/ge24h.com\/it\/producto\/fincar-5mg\/\",\"url\":\"https:\/\/ge24h.com\/it\/producto\/fincar-5mg\/\",\"name\":\"Fincar 5mg - Ge24h\",\"isPartOf\":{\"@id\":\"https:\/\/ge24h.com\/#website\"},\"primaryImageOfPage\":{\"@id\":\"https:\/\/ge24h.com\/it\/producto\/fincar-5mg\/#primaryimage\"},\"image\":{\"@id\":\"https:\/\/ge24h.com\/it\/producto\/fincar-5mg\/#primaryimage\"},\"thumbnailUrl\":\"https:\/\/ge24h.com\/wp-content\/uploads\/fincar-5mg-1.png\",\"datePublished\":\"2025-05-22T10:08:16+00:00\",\"dateModified\":\"2025-07-16T10:17:54+00:00\",\"description\":\"Acquista Fincar 5 mg su GE24h. Ottieni subito i migliori farmaci generici al miglior prezzo sul nostro sito web. Acquista farmaci generici.\",\"breadcrumb\":{\"@id\":\"https:\/\/ge24h.com\/it\/producto\/fincar-5mg\/#breadcrumb\"},\"inLanguage\":\"it-IT\",\"potentialAction\":[{\"@type\":\"ReadAction\",\"target\":[\"https:\/\/ge24h.com\/it\/producto\/fincar-5mg\/\"]}]},{\"@type\":\"ImageObject\",\"inLanguage\":\"it-IT\",\"@id\":\"https:\/\/ge24h.com\/it\/producto\/fincar-5mg\/#primaryimage\",\"url\":\"https:\/\/ge24h.com\/wp-content\/uploads\/fincar-5mg-1.png\",\"contentUrl\":\"https:\/\/ge24h.com\/wp-content\/uploads\/fincar-5mg-1.png\",\"width\":800,\"height\":800,\"caption\":\"Fincar 5mg\"},{\"@type\":\"BreadcrumbList\",\"@id\":\"https:\/\/ge24h.com\/it\/producto\/fincar-5mg\/#breadcrumb\",\"itemListElement\":[{\"@type\":\"ListItem\",\"position\":1,\"name\":\"Portada\",\"item\":\"https:\/\/ge24h.com\/it\/\"},{\"@type\":\"ListItem\",\"position\":2,\"name\":\"negozio\",\"item\":\"https:\/\/ge24h.com\/it\/negozio\/\"},{\"@type\":\"ListItem\",\"position\":3,\"name\":\"Fincar 5mg\"}]},{\"@type\":\"WebSite\",\"@id\":\"https:\/\/ge24h.com\/#website\",\"url\":\"https:\/\/ge24h.com\/\",\"name\":\"Ge24h\",\"description\":\"Medicamentos Gen\u00e9ricos, Finpecia, Kamagra, Sidenafil, Tadalafil\",\"publisher\":{\"@id\":\"https:\/\/ge24h.com\/#organization\"},\"potentialAction\":[{\"@type\":\"SearchAction\",\"target\":{\"@type\":\"EntryPoint\",\"urlTemplate\":\"https:\/\/ge24h.com\/?s={search_term_string}\"},\"query-input\":{\"@type\":\"PropertyValueSpecification\",\"valueRequired\":true,\"valueName\":\"search_term_string\"}}],\"inLanguage\":\"it-IT\"},{\"@type\":\"Organization\",\"@id\":\"https:\/\/ge24h.com\/#organization\",\"name\":\"Ge24h\",\"url\":\"https:\/\/ge24h.com\/\",\"logo\":{\"@type\":\"ImageObject\",\"inLanguage\":\"it-IT\",\"@id\":\"https:\/\/ge24h.com\/#\/schema\/logo\/image\/\",\"url\":\"https:\/\/ge24h.com\/wp-content\/uploads\/logo-1.svg\",\"contentUrl\":\"https:\/\/ge24h.com\/wp-content\/uploads\/logo-1.svg\",\"width\":200,\"height\":58,\"caption\":\"Ge24h\"},\"image\":{\"@id\":\"https:\/\/ge24h.com\/#\/schema\/logo\/image\/\"}}]}<\/script>\n<!-- \/ Yoast SEO plugin. -->","yoast_head_json":{"title":"Fincar 5mg - Ge24h","description":"Acquista Fincar 5 mg su GE24h. Ottieni subito i migliori farmaci generici al miglior prezzo sul nostro sito web. Acquista farmaci generici.","robots":{"index":"index","follow":"follow","max-snippet":"max-snippet:-1","max-image-preview":"max-image-preview:large","max-video-preview":"max-video-preview:-1"},"canonical":"https:\/\/ge24h.com\/it\/producto\/fincar-5mg\/","og_locale":"it_IT","og_type":"article","og_title":"Fincar 5mg - Ge24h","og_description":"Acquista Fincar 5 mg su GE24h. Ottieni subito i migliori farmaci generici al miglior prezzo sul nostro sito web. Acquista farmaci generici.","og_url":"https:\/\/ge24h.com\/it\/producto\/fincar-5mg\/","og_site_name":"Ge24h","article_modified_time":"2025-07-16T10:17:54+00:00","og_image":[{"width":800,"height":800,"url":"https:\/\/ge24h.com\/wp-content\/uploads\/fincar-5mg-1.png","type":"image\/png"}],"twitter_card":"summary_large_image","twitter_misc":{"Tempo di lettura stimato":"2 minuti"},"schema":{"@context":"https:\/\/schema.org","@graph":[{"@type":"WebPage","@id":"https:\/\/ge24h.com\/it\/producto\/fincar-5mg\/","url":"https:\/\/ge24h.com\/it\/producto\/fincar-5mg\/","name":"Fincar 5mg - Ge24h","isPartOf":{"@id":"https:\/\/ge24h.com\/#website"},"primaryImageOfPage":{"@id":"https:\/\/ge24h.com\/it\/producto\/fincar-5mg\/#primaryimage"},"image":{"@id":"https:\/\/ge24h.com\/it\/producto\/fincar-5mg\/#primaryimage"},"thumbnailUrl":"https:\/\/ge24h.com\/wp-content\/uploads\/fincar-5mg-1.png","datePublished":"2025-05-22T10:08:16+00:00","dateModified":"2025-07-16T10:17:54+00:00","description":"Acquista Fincar 5 mg su GE24h. Ottieni subito i migliori farmaci generici al miglior prezzo sul nostro sito web. Acquista farmaci generici.","breadcrumb":{"@id":"https:\/\/ge24h.com\/it\/producto\/fincar-5mg\/#breadcrumb"},"inLanguage":"it-IT","potentialAction":[{"@type":"ReadAction","target":["https:\/\/ge24h.com\/it\/producto\/fincar-5mg\/"]}]},{"@type":"ImageObject","inLanguage":"it-IT","@id":"https:\/\/ge24h.com\/it\/producto\/fincar-5mg\/#primaryimage","url":"https:\/\/ge24h.com\/wp-content\/uploads\/fincar-5mg-1.png","contentUrl":"https:\/\/ge24h.com\/wp-content\/uploads\/fincar-5mg-1.png","width":800,"height":800,"caption":"Fincar 5mg"},{"@type":"BreadcrumbList","@id":"https:\/\/ge24h.com\/it\/producto\/fincar-5mg\/#breadcrumb","itemListElement":[{"@type":"ListItem","position":1,"name":"Portada","item":"https:\/\/ge24h.com\/it\/"},{"@type":"ListItem","position":2,"name":"negozio","item":"https:\/\/ge24h.com\/it\/negozio\/"},{"@type":"ListItem","position":3,"name":"Fincar 5mg"}]},{"@type":"WebSite","@id":"https:\/\/ge24h.com\/#website","url":"https:\/\/ge24h.com\/","name":"Ge24h","description":"Medicamentos Gen\u00e9ricos, Finpecia, Kamagra, Sidenafil, Tadalafil","publisher":{"@id":"https:\/\/ge24h.com\/#organization"},"potentialAction":[{"@type":"SearchAction","target":{"@type":"EntryPoint","urlTemplate":"https:\/\/ge24h.com\/?s={search_term_string}"},"query-input":{"@type":"PropertyValueSpecification","valueRequired":true,"valueName":"search_term_string"}}],"inLanguage":"it-IT"},{"@type":"Organization","@id":"https:\/\/ge24h.com\/#organization","name":"Ge24h","url":"https:\/\/ge24h.com\/","logo":{"@type":"ImageObject","inLanguage":"it-IT","@id":"https:\/\/ge24h.com\/#\/schema\/logo\/image\/","url":"https:\/\/ge24h.com\/wp-content\/uploads\/logo-1.svg","contentUrl":"https:\/\/ge24h.com\/wp-content\/uploads\/logo-1.svg","width":200,"height":58,"caption":"Ge24h"},"image":{"@id":"https:\/\/ge24h.com\/#\/schema\/logo\/image\/"}}]}},"_links":{"self":[{"href":"https:\/\/ge24h.com\/it\/wp-json\/wp\/v2\/product\/5731","targetHints":{"allow":["GET"]}}],"collection":[{"href":"https:\/\/ge24h.com\/it\/wp-json\/wp\/v2\/product"}],"about":[{"href":"https:\/\/ge24h.com\/it\/wp-json\/wp\/v2\/types\/product"}],"replies":[{"embeddable":true,"href":"https:\/\/ge24h.com\/it\/wp-json\/wp\/v2\/comments?post=5731"}],"wp:featuredmedia":[{"embeddable":true,"href":"https:\/\/ge24h.com\/it\/wp-json\/wp\/v2\/media\/4930"}],"wp:attachment":[{"href":"https:\/\/ge24h.com\/it\/wp-json\/wp\/v2\/media?parent=5731"}],"wp:term":[{"taxonomy":"product_brand","embeddable":true,"href":"https:\/\/ge24h.com\/it\/wp-json\/wp\/v2\/product_brand?post=5731"},{"taxonomy":"product_cat","embeddable":true,"href":"https:\/\/ge24h.com\/it\/wp-json\/wp\/v2\/product_cat?post=5731"},{"taxonomy":"product_tag","embeddable":true,"href":"https:\/\/ge24h.com\/it\/wp-json\/wp\/v2\/product_tag?post=5731"}],"curies":[{"name":"wp","href":"https:\/\/api.w.org\/{rel}","templated":true}]}}