{"id":5220,"date":"2025-05-08T12:54:41","date_gmt":"2025-05-08T10:54:41","guid":{"rendered":"https:\/\/ge24h.com\/spedizioni-e-resi\/"},"modified":"2025-11-25T10:10:26","modified_gmt":"2025-11-25T09:10:26","slug":"spedizioni-e-resi","status":"publish","type":"page","link":"https:\/\/ge24h.com\/it\/spedizioni-e-resi\/","title":{"rendered":"Spedizioni e Resi"},"content":{"rendered":"<div class=\"wpb-content-wrapper\">[vc_row][vc_column][vc_column_text animation_delay=&#8221;0&#8243; css=&#8221;.vc_custom_1750256421820{padding-bottom: 48px !important;}&#8221;]\n<h1>Spedizioni e Resi<\/h1>\n<p>Scopri tutto su spedizioni e resi. Scopri tutte le spedizioni e i resi entro 24 ore.[\/vc_column_text][vc_column_text animation_delay=&#8221;0&#8243; css=&#8221;.vc_custom_1750256435780{padding-bottom: 48px !important;}&#8221;]\n<h2>Scopri tutto sulle spedizioni e sui resi su Ge24h.<\/h2>\n<p>Gli ordini vengono spediti da un paese europeo tramite servizio <strong>postale espresso.<\/strong> Una volta spedito l&#8217;ordine, ti forniremo un numero di tracciamento che potrai consultare sul sito web di <strong>Correos.<\/strong> Se il prodotto selezionato non pu\u00f2 essere spedito dall&#8217;Europa, ti contatteremo per informarti della modifica del metodo di spedizione e ti rimborseremo la differenza tra il costo di spedizione pagato e il nuovo costo.<\/p>\n<p>Poich\u00e9 il tuo ordine verr\u00e0 spedito dall&#8217;Europa, i tempi di consegna saranno pi\u00f9 rapidi ed eviterai di dover presentare la documentazione richiesta e le spese doganali.[\/vc_column_text][vc_column_text animation_delay=&#8221;0&#8243; css=&#8221;&#8221;]\n<h2>Spedizione normale<\/h2>\n<p>I nostri ordini vengono spediti da paesi extraeuropei tramite servizi <strong>postali standard<\/strong>. Una volta spedito l&#8217;ordine, ti forniremo un numero di tracciamento, che potrai consultare sul sito web di <strong>Correos<\/strong> dopo qualche giorno.<\/p>\n<p>Trattandosi di una spedizione proveniente da paesi extraeuropei, il tuo ordine potrebbe essere trattenuto alla dogana al momento dell&#8217;ingresso in Spagna e potrebbe esserti richiesto di presentare la documentazione richiesta e di pagare le tasse doganali. Queste tasse sono imposte dal governo del tuo paese e non possiamo ridurle o rimborsarle.<\/p>\n<p>Se non ricevi automaticamente il numero di tracciamento dopo la spedizione dell&#8217;ordine, contattaci per fornirtelo. Puoi verificare lo stato di consegna del tuo ordine in qualsiasi momento e impedire che venga restituito.<\/p>\n<p>Se il corriere incaricato della consegna del tuo ordine non pu\u00f2 consegnarlo a causa della tua <strong>assenza<\/strong>, la spedizione rimarr\u00e0 presso l&#8217;ufficio postale pi\u00f9 vicino a casa tua <strong>per 10 giorni, fino al ritiro.<\/strong> Se non ritiri l&#8217;ordine entro questo lasso di tempo, la spedizione verr\u00e0 restituita e dovrai pagare nuovamente le spese di spedizione prima di poter rispedire l&#8217;ordine.<\/p>\n<p><!-- \/wp:post-content --><!-- \/wp:paragraph -->[\/vc_column_text][\/vc_column][\/vc_row][vc_row][vc_column][\/vc_column][\/vc_row][vc_row css=&#8221;.vc_custom_1746717326478{padding-top: 48px !important;padding-bottom: 64px !important;}&#8221;][vc_column]<div id=\"et-pricing-table-container1\" class=\"et-pricing-table-container columns-2 gap-true\"><div id=\"et-pricing-table-179676\" class=\"et-pricing-table highlight-true\" data-color=\"#15a9e3\"><div class=\"pricing-table-inner\"><div class=\"pricing-table-head\"><h4 class=\"title in\">Scopri tutto sulle spedizioni e sui resi su Ge24h.<\/h4><div class=\"plan in\">7-10 giorni lavorativi<\/div><div class=\"pricing-table-price in\"><span class=\"price\">20,99\u20ac<\/span><\/div><\/div><div class=\"pricing-table-body\"><ul><li class=\"in\">\u2705 Numero di tracciamento \u274c Dogana<\/li><\/ul><\/div><\/div><\/div><\/div>[\/vc_column][\/vc_row][vc_row css=&#8221;.vc_custom_1746715975426{padding-bottom: 48px !important;}&#8221;][vc_column][vc_column_text animation_delay=&#8221;0&#8243; css=&#8221;&#8221;]\n<h2>Resi e cancellazioni<\/h2>\n<p>Si prega di notare che accettiamo cancellazioni solo entro 24 ore dall&#8217;ordine. Informazioni su spedizioni e resi: se desideri annullare l&#8217;ordine, contatta il nostro team e comunica la tua decisione. Se ci contatti dopo 24 ore, la cancellazione non potr\u00e0 essere elaborata poich\u00e9 l&#8217;ordine sar\u00e0 gi\u00e0 stato spedito e non possiamo annullare la procedura, in quanto la gestione \u00e8 affidata al corriere.<\/p>\n<p>Ti consigliamo di controllare attentamente le informazioni della tua richiesta prima di elaborarla. Eventuali errori potrebbero comportare la mancata consegna. Se, dopo l&#8217;elaborazione dell&#8217;ordine, noti che l&#8217;indirizzo \u00e8 stato inserito in modo errato, ti preghiamo di contattarci il prima possibile per segnalarcelo.<\/p>\n<p>Si prega di notare che non spediamo a caselle postali o APO. In conformit\u00e0 con gli standard di settore, <strong>Ge24h.com<\/strong> non accetta resi di farmaci generici. Se avete ricevuto un ordine incompleto o non siete soddisfatti del prodotto e desiderate un rimborso, vi preghiamo di inviare un&#8217;e-mail al nostro reparto e elaboreremo la vostra richiesta il pi\u00f9 rapidamente possibile.<\/p>\n<p>Se hai ricevuto un prodotto non corrispondente a quello ordinato, ti preghiamo di inviarci una foto dei prodotti ricevuti insieme alla busta che hai ricevuto, in modo da poter effettuare i controlli del caso.[\/vc_column_text][\/vc_column][\/vc_row]\n<!-- \/wp:freeform --><\/div>","protected":false},"excerpt":{"rendered":"<p>[vc_row][vc_column][vc_column_text animation_delay=&#8221;0&#8243; css=&#8221;.vc_custom_1750256421820{padding-bottom: 48px !important;}&#8221;] Spedizioni e Resi Scopri tutto su spedizioni e resi. Scopri tutte le spedizioni e i resi entro 24 ore.[\/vc_column_text][vc_column_text animation_delay=&#8221;0&#8243; css=&#8221;.vc_custom_1750256435780{padding-bottom: 48px !important;}&#8221;] Scopri tutto sulle spedizioni e sui resi su Ge24h. Gli ordini vengono spediti da un paese europeo tramite servizio postale espresso. Una volta spedito l&#8217;ordine, ti forniremo [&hellip;]<\/p>\n","protected":false},"author":1,"featured_media":0,"parent":0,"menu_order":0,"comment_status":"closed","ping_status":"closed","template":"","meta":{"footnotes":""},"class_list":["post-5220","page","type-page","status-publish","hentry"],"yoast_head":"<!-- This site is optimized with the Yoast SEO plugin v25.6 - https:\/\/yoast.com\/wordpress\/plugins\/seo\/ -->\n<title>Spedizioni e Resi - Ge24h<\/title>\n<meta name=\"description\" content=\"Spedizioni e resi. Scopri la politica completa di spedizione e resi di Ge24h. I migliori farmaci generici.\" \/>\n<meta name=\"robots\" content=\"index, follow, max-snippet:-1, max-image-preview:large, max-video-preview:-1\" \/>\n<link rel=\"canonical\" href=\"https:\/\/ge24h.com\/envios-y-devoluciones\/\" \/>\n<meta property=\"og:locale\" content=\"it_IT\" \/>\n<meta property=\"og:type\" content=\"article\" \/>\n<meta property=\"og:title\" content=\"Spedizioni e Resi - Ge24h\" \/>\n<meta property=\"og:description\" content=\"Spedizioni e resi. Scopri la politica completa di spedizione e resi di Ge24h. I migliori farmaci generici.\" \/>\n<meta property=\"og:url\" content=\"https:\/\/ge24h.com\/envios-y-devoluciones\/\" \/>\n<meta property=\"og:site_name\" content=\"Ge24h\" \/>\n<meta property=\"article:modified_time\" content=\"2025-11-25T09:10:26+00:00\" \/>\n<meta name=\"twitter:card\" content=\"summary_large_image\" \/>\n<meta name=\"twitter:label1\" content=\"Tempo di lettura stimato\" \/>\n\t<meta name=\"twitter:data1\" content=\"3 minuti\" \/>\n<script type=\"application\/ld+json\" class=\"yoast-schema-graph\">{\"@context\":\"https:\/\/schema.org\",\"@graph\":[{\"@type\":\"WebPage\",\"@id\":\"https:\/\/ge24h.com\/envios-y-devoluciones\/\",\"url\":\"https:\/\/ge24h.com\/envios-y-devoluciones\/\",\"name\":\"Spedizioni e Resi - Ge24h\",\"isPartOf\":{\"@id\":\"https:\/\/ge24h.com\/#website\"},\"datePublished\":\"2025-05-08T10:54:41+00:00\",\"dateModified\":\"2025-11-25T09:10:26+00:00\",\"description\":\"Spedizioni e resi. Scopri la politica completa di spedizione e resi di Ge24h. I migliori farmaci generici.\",\"breadcrumb\":{\"@id\":\"https:\/\/ge24h.com\/envios-y-devoluciones\/#breadcrumb\"},\"inLanguage\":\"it-IT\",\"potentialAction\":[{\"@type\":\"ReadAction\",\"target\":[\"https:\/\/ge24h.com\/envios-y-devoluciones\/\"]}]},{\"@type\":\"BreadcrumbList\",\"@id\":\"https:\/\/ge24h.com\/envios-y-devoluciones\/#breadcrumb\",\"itemListElement\":[{\"@type\":\"ListItem\",\"position\":1,\"name\":\"Portada\",\"item\":\"https:\/\/ge24h.com\/it\/\"},{\"@type\":\"ListItem\",\"position\":2,\"name\":\"Spedizioni e Resi\"}]},{\"@type\":\"WebSite\",\"@id\":\"https:\/\/ge24h.com\/#website\",\"url\":\"https:\/\/ge24h.com\/\",\"name\":\"Ge24h\",\"description\":\"Medicamentos Gen\u00e9ricos, Finpecia, Kamagra, Sidenafil, Tadalafil\",\"publisher\":{\"@id\":\"https:\/\/ge24h.com\/#organization\"},\"potentialAction\":[{\"@type\":\"SearchAction\",\"target\":{\"@type\":\"EntryPoint\",\"urlTemplate\":\"https:\/\/ge24h.com\/?s={search_term_string}\"},\"query-input\":{\"@type\":\"PropertyValueSpecification\",\"valueRequired\":true,\"valueName\":\"search_term_string\"}}],\"inLanguage\":\"it-IT\"},{\"@type\":\"Organization\",\"@id\":\"https:\/\/ge24h.com\/#organization\",\"name\":\"Ge24h\",\"url\":\"https:\/\/ge24h.com\/\",\"logo\":{\"@type\":\"ImageObject\",\"inLanguage\":\"it-IT\",\"@id\":\"https:\/\/ge24h.com\/#\/schema\/logo\/image\/\",\"url\":\"https:\/\/ge24h.com\/wp-content\/uploads\/logo-1.svg\",\"contentUrl\":\"https:\/\/ge24h.com\/wp-content\/uploads\/logo-1.svg\",\"width\":200,\"height\":58,\"caption\":\"Ge24h\"},\"image\":{\"@id\":\"https:\/\/ge24h.com\/#\/schema\/logo\/image\/\"}}]}<\/script>\n<!-- \/ Yoast SEO plugin. -->","yoast_head_json":{"title":"Spedizioni e Resi - Ge24h","description":"Spedizioni e resi. Scopri la politica completa di spedizione e resi di Ge24h. I migliori farmaci generici.","robots":{"index":"index","follow":"follow","max-snippet":"max-snippet:-1","max-image-preview":"max-image-preview:large","max-video-preview":"max-video-preview:-1"},"canonical":"https:\/\/ge24h.com\/envios-y-devoluciones\/","og_locale":"it_IT","og_type":"article","og_title":"Spedizioni e Resi - Ge24h","og_description":"Spedizioni e resi. Scopri la politica completa di spedizione e resi di Ge24h. I migliori farmaci generici.","og_url":"https:\/\/ge24h.com\/envios-y-devoluciones\/","og_site_name":"Ge24h","article_modified_time":"2025-11-25T09:10:26+00:00","twitter_card":"summary_large_image","twitter_misc":{"Tempo di lettura stimato":"3 minuti"},"schema":{"@context":"https:\/\/schema.org","@graph":[{"@type":"WebPage","@id":"https:\/\/ge24h.com\/envios-y-devoluciones\/","url":"https:\/\/ge24h.com\/envios-y-devoluciones\/","name":"Spedizioni e Resi - Ge24h","isPartOf":{"@id":"https:\/\/ge24h.com\/#website"},"datePublished":"2025-05-08T10:54:41+00:00","dateModified":"2025-11-25T09:10:26+00:00","description":"Spedizioni e resi. Scopri la politica completa di spedizione e resi di Ge24h. I migliori farmaci generici.","breadcrumb":{"@id":"https:\/\/ge24h.com\/envios-y-devoluciones\/#breadcrumb"},"inLanguage":"it-IT","potentialAction":[{"@type":"ReadAction","target":["https:\/\/ge24h.com\/envios-y-devoluciones\/"]}]},{"@type":"BreadcrumbList","@id":"https:\/\/ge24h.com\/envios-y-devoluciones\/#breadcrumb","itemListElement":[{"@type":"ListItem","position":1,"name":"Portada","item":"https:\/\/ge24h.com\/it\/"},{"@type":"ListItem","position":2,"name":"Spedizioni e Resi"}]},{"@type":"WebSite","@id":"https:\/\/ge24h.com\/#website","url":"https:\/\/ge24h.com\/","name":"Ge24h","description":"Medicamentos Gen\u00e9ricos, Finpecia, Kamagra, Sidenafil, Tadalafil","publisher":{"@id":"https:\/\/ge24h.com\/#organization"},"potentialAction":[{"@type":"SearchAction","target":{"@type":"EntryPoint","urlTemplate":"https:\/\/ge24h.com\/?s={search_term_string}"},"query-input":{"@type":"PropertyValueSpecification","valueRequired":true,"valueName":"search_term_string"}}],"inLanguage":"it-IT"},{"@type":"Organization","@id":"https:\/\/ge24h.com\/#organization","name":"Ge24h","url":"https:\/\/ge24h.com\/","logo":{"@type":"ImageObject","inLanguage":"it-IT","@id":"https:\/\/ge24h.com\/#\/schema\/logo\/image\/","url":"https:\/\/ge24h.com\/wp-content\/uploads\/logo-1.svg","contentUrl":"https:\/\/ge24h.com\/wp-content\/uploads\/logo-1.svg","width":200,"height":58,"caption":"Ge24h"},"image":{"@id":"https:\/\/ge24h.com\/#\/schema\/logo\/image\/"}}]}},"_links":{"self":[{"href":"https:\/\/ge24h.com\/it\/wp-json\/wp\/v2\/pages\/5220","targetHints":{"allow":["GET"]}}],"collection":[{"href":"https:\/\/ge24h.com\/it\/wp-json\/wp\/v2\/pages"}],"about":[{"href":"https:\/\/ge24h.com\/it\/wp-json\/wp\/v2\/types\/page"}],"author":[{"embeddable":true,"href":"https:\/\/ge24h.com\/it\/wp-json\/wp\/v2\/users\/1"}],"replies":[{"embeddable":true,"href":"https:\/\/ge24h.com\/it\/wp-json\/wp\/v2\/comments?post=5220"}],"version-history":[{"count":6,"href":"https:\/\/ge24h.com\/it\/wp-json\/wp\/v2\/pages\/5220\/revisions"}],"predecessor-version":[{"id":14057,"href":"https:\/\/ge24h.com\/it\/wp-json\/wp\/v2\/pages\/5220\/revisions\/14057"}],"wp:attachment":[{"href":"https:\/\/ge24h.com\/it\/wp-json\/wp\/v2\/media?parent=5220"}],"curies":[{"name":"wp","href":"https:\/\/api.w.org\/{rel}","templated":true}]}}