{"id":6179,"date":"2025-05-19T16:20:16","date_gmt":"2025-05-19T14:20:16","guid":{"rendered":"https:\/\/ge24h.com\/producto\/suhagra-100mg\/"},"modified":"2026-01-16T11:09:52","modified_gmt":"2026-01-16T10:09:52","slug":"suhagra-100mg","status":"publish","type":"product","link":"https:\/\/ge24h.com\/fr\/producto\/suhagra-100mg\/","title":{"rendered":"Suhagra 100mg"},"content":{"rendered":"<h3>Nom du m\u00e9dicament: Suhagra<\/h3>\n<h3>Nom g\u00e9n\u00e9ral: Citrate de sild\u00e9nafil<\/h3>\n<p>&nbsp;<\/p>\n<h4><strong>Quelle est la chose la plus importante que je devrais savoir sur Suhagra?<\/strong><\/h4>\n<ul>\n<li>Il contient exactement le m\u00eame ingr\u00e9dient actif et dans le m\u00eame dosage que d&rsquo;autres produits similaires, comme le Viagra, produisant le m\u00eame effet.<\/li>\n<li>Il est vendu \u00e0 un prix beaucoup plus bas, ce qui en fait une alternative \u00e9conomique pour de nombreux hommes.<\/li>\n<li>Ne prenez pas Suhagra \u00e0 d\u2019autres fins que celles prescrites par votre m\u00e9decin.<\/li>\n<li>Ne partagez pas ce m\u00e9dicament avec d\u2019autres personnes.<\/li>\n<li>Ce m\u00e9dicament ne prot\u00e8ge pas contre les maladies sexuellement transmissibles (par exemple, le VIH, l\u2019h\u00e9patite B, la gonorrh\u00e9e, la syphilis).<\/li>\n<\/ul>\n<p>&nbsp;<\/p>\n<h4><strong>Qu&rsquo;est-ce que Suhagra?<\/strong><\/h4>\n<p>Suhagra est l&rsquo;une des vari\u00e9t\u00e9s les plus populaires de citrate de sild\u00e9nafil. Il contient exactement le m\u00eame principe actif et le m\u00eame dosage que d&rsquo;autres m\u00e9dicaments comme le Viagra, produisant le m\u00eame effet. Son prix consid\u00e9rablement inf\u00e9rieur a incit\u00e9 de nombreux hommes \u00e0 le privil\u00e9gier.  <\/p>\n<p><strong>Pourquoi payer plus quand avec Suhagra vous pouvez obtenir les m\u00eames r\u00e9sultats \u00e0 moindre co\u00fbt ?<\/strong><\/p>\n<h4><strong>Que dois-je discuter avec mon m\u00e9decin avant de prendre Suhagra?<\/strong><\/h4>\n<ul>\n<li>N\u2019utilisez ce m\u00e9dicament que s\u2019il vous a \u00e9t\u00e9 prescrit par votre m\u00e9decin.<\/li>\n<li>Ne l&rsquo;utilisez pas \u00e0 d&rsquo;autres fins que celles prescrites par votre m\u00e9decin.<\/li>\n<li>Informez votre m\u00e9decin si vous avez eu des r\u00e9actions ind\u00e9sirables \u00e0 d\u2019autres m\u00e9dicaments similaires.<\/li>\n<li>V\u00e9rifiez si vous prenez d\u2019autres m\u00e9dicaments ou si vous avez des probl\u00e8mes de sant\u00e9 qui pourraient interf\u00e9rer.<\/li>\n<\/ul>\n<p>&nbsp;<\/p>\n<h4><strong>Comment dois-je prendre Suhagra?<\/strong><\/h4>\n<ul>\n<li>Suhagra (citrate de sild\u00e9nafil) est administr\u00e9 par voie orale, entre 30 minutes et 4 heures avant l&rsquo;activit\u00e9 sexuelle.<\/li>\n<li>Le meilleur effet est obtenu en prenant le m\u00e9dicament 1 heure avant le rapport sexuel.<\/li>\n<li>Un seul comprim\u00e9 doit \u00eatre pris par jour, uniquement en cas de besoin.<\/li>\n<li>Ce m\u00e9dicament n&rsquo;agit que s&rsquo;il y a stimulation sexuelle.<\/li>\n<\/ul>\n<p>&nbsp;<\/p>\n<h4><strong>Que se passe-t-il si j\u2019oublie de prendre une dose?<\/strong><\/h4>\n<p>Suhagra (citrate de sild\u00e9nafil) est pris uniquement en cas de besoin, donc <strong>Il n\u2019est pas courant d\u2019oublier une dose.<\/strong><\/p>\n<h4><strong>Que se passe-t-il en cas de surdose?<\/strong><\/h4>\n<p>Si vous soup\u00e7onnez un surdosage, <strong>consultez imm\u00e9diatement un m\u00e9decin. <\/strong> Les sympt\u00f4mes peuvent inclure: <\/p>\n<ul>\n<li>Vertiges s\u00e9v\u00e8res<\/li>\n<li>Fatigue<\/li>\n<li>\u00c9rections prolong\u00e9es<\/li>\n<\/ul>\n<p>&nbsp;<\/p>\n<h4><strong>Que dois-je \u00e9viter pendant que je prends Suhagra?<\/strong><\/h4>\n<ul>\n<li>Ne prenez pas Suhagra \u00e0 d\u2019autres fins que celles indiqu\u00e9es.<\/li>\n<li>Ne partagez pas le m\u00e9dicament avec d\u2019autres personnes.<\/li>\n<li>\u00c9vitez d\u2019avoir des relations sexuelles si votre m\u00e9decin vous l\u2019a d\u00e9conseill\u00e9.<\/li>\n<\/ul>\n<p>&nbsp;<\/p>\n<h4><strong>Quels sont les effets secondaires possibles de Suhagra?<\/strong><\/h4>\n<h4><strong>Effets mineurs:<\/strong><\/h4>\n<ul>\n<li>Mal de t\u00eate<\/li>\n<li>Rougeur du visage<\/li>\n<li>Maux d&rsquo;estomac<\/li>\n<li>Congestion nasale<\/li>\n<li>Diarrh\u00e9e<\/li>\n<li>Vertiges<\/li>\n<\/ul>\n<p>Si les sympt\u00f4mes persistent ou s&rsquo;aggravent, <strong>consultez imm\u00e9diatement votre m\u00e9decin. <\/strong><\/p>\n<h4><strong>Effets graves:<\/strong><\/h4>\n<ul>\n<li>Douleur ou autre inconfort lors de la miction<\/li>\n<li>Probl\u00e8mes de vision<\/li>\n<li>\u00c9ruptions cutan\u00e9es<\/li>\n<li>Douleur thoracique<\/li>\n<li>\u00c9vanouissement<\/li>\n<li>Gonflement des chevilles ou des pieds<\/li>\n<li>\u00c9rection prolong\u00e9e (plus de 4 heures) ou douloureuse<\/li>\n<\/ul>\n<p>Dans ces cas, <strong>cessez l&rsquo;utilisation et consultez imm\u00e9diatement un m\u00e9decin. <\/strong> Si vous remarquez d&rsquo;autres sympt\u00f4mes non mentionn\u00e9s ci-dessus, consultez votre m\u00e9decin ou votre pharmacien. <\/p>\n<p>&nbsp;<\/p>\n<h4><strong>Comment conserver Suhagra?<\/strong><\/h4>\n<p>Conservez le m\u00e9dicament \u00e0 <strong> temp\u00e9rature ambiante entre 59 et 86 degr\u00e9s F (15-30 degr\u00e9s C)<\/strong>, \u00e0 l\u2019abri de la lumi\u00e8re et de l\u2019humidit\u00e9.<\/p>\n<p>GARDER CE M\u00c9DICAMENT ET TOUT AUTRE M\u00c9DICAMENT HORS DE LA PORT\u00c9E DES ENFANTS.<\/p>\n<p>&nbsp;<\/p>\n<h4><strong>Remarque importante:<br \/><\/strong><\/h4>\n<p>Les informations fournies sont fournies \u00e0 titre informatif uniquement et ne doivent pas \u00eatre utilis\u00e9es comme compl\u00e9ment ou substitut aux conseils de votre m\u00e9decin, <strong>pharmacien ou professionnel de sant\u00e9.<\/strong> La prise de ce m\u00e9dicament ne doit pas \u00eatre consid\u00e9r\u00e9e comme s\u00fbre, appropri\u00e9e ou efficace sans avis m\u00e9dical appropri\u00e9. <\/p>\n","protected":false},"excerpt":{"rendered":"<p>En tant que l&rsquo;un des fabricants de m\u00e9dicaments g\u00e9n\u00e9riques les plus r\u00e9put\u00e9s, Cipla s&rsquo;est consacr\u00e9 au d\u00e9veloppement et au perfectionnement du citrate de sild\u00e9nafil pour correspondre \u00e0 sa formule originale en tous points.<\/p>\n<ul>\n<li>M\u00eame effet que le Viagra \u00e0 moindre co\u00fbt.<\/li>\n<li>D\u00e9but d&rsquo;action rapide et efficace.<\/li>\n<li>L&rsquo;un des choix les plus populaires pour les hommes.<\/li>\n<\/ul>\n","protected":false},"featured_media":4136,"comment_status":"open","ping_status":"closed","template":"","meta":[],"product_brand":[342],"product_cat":[351,359],"product_tag":[],"class_list":{"0":"post-6179","1":"product","2":"type-product","3":"status-publish","4":"has-post-thumbnail","6":"product_brand-cipla","7":"product_cat-sante-des-hommes","8":"product_cat-en-vedette","10":"first","11":"instock","12":"taxable","13":"shipping-taxable","14":"purchasable","15":"product-type-variable"},"yoast_head":"<!-- This site is optimized with the Yoast SEO plugin v25.6 - https:\/\/yoast.com\/wordpress\/plugins\/seo\/ -->\n<title>Suhagra 100mg - Ge24h<\/title>\n<meta name=\"description\" content=\"Achetez Suhagra 100 mg. Obtenez d\u00e8s maintenant les meilleurs m\u00e9dicaments g\u00e9n\u00e9riques au meilleur prix sur notre site web. Achetez des g\u00e9n\u00e9riques.\" \/>\n<meta name=\"robots\" content=\"index, follow, max-snippet:-1, max-image-preview:large, max-video-preview:-1\" \/>\n<link rel=\"canonical\" href=\"https:\/\/ge24h.com\/fr\/producto\/suhagra-100mg\/\" \/>\n<meta property=\"og:locale\" content=\"fr_FR\" \/>\n<meta property=\"og:type\" content=\"article\" \/>\n<meta property=\"og:title\" content=\"Suhagra 100mg - Ge24h\" \/>\n<meta property=\"og:description\" content=\"Achetez Suhagra 100 mg. Obtenez d\u00e8s maintenant les meilleurs m\u00e9dicaments g\u00e9n\u00e9riques au meilleur prix sur notre site web. Achetez des g\u00e9n\u00e9riques.\" \/>\n<meta property=\"og:url\" content=\"https:\/\/ge24h.com\/fr\/producto\/suhagra-100mg\/\" \/>\n<meta property=\"og:site_name\" content=\"Ge24h\" \/>\n<meta property=\"article:modified_time\" content=\"2026-01-16T10:09:52+00:00\" \/>\n<meta property=\"og:image\" content=\"https:\/\/ge24h.com\/wp-content\/uploads\/suhagra.webp\" \/>\n\t<meta property=\"og:image:width\" content=\"700\" \/>\n\t<meta property=\"og:image:height\" content=\"700\" \/>\n\t<meta property=\"og:image:type\" content=\"image\/webp\" \/>\n<meta name=\"twitter:card\" content=\"summary_large_image\" \/>\n<meta name=\"twitter:label1\" content=\"Dur\u00e9e de lecture estim\u00e9e\" \/>\n\t<meta name=\"twitter:data1\" content=\"3 minutes\" \/>\n<script type=\"application\/ld+json\" class=\"yoast-schema-graph\">{\"@context\":\"https:\/\/schema.org\",\"@graph\":[{\"@type\":\"WebPage\",\"@id\":\"https:\/\/ge24h.com\/fr\/producto\/suhagra-100mg\/\",\"url\":\"https:\/\/ge24h.com\/fr\/producto\/suhagra-100mg\/\",\"name\":\"Suhagra 100mg - Ge24h\",\"isPartOf\":{\"@id\":\"https:\/\/ge24h.com\/#website\"},\"primaryImageOfPage\":{\"@id\":\"https:\/\/ge24h.com\/fr\/producto\/suhagra-100mg\/#primaryimage\"},\"image\":{\"@id\":\"https:\/\/ge24h.com\/fr\/producto\/suhagra-100mg\/#primaryimage\"},\"thumbnailUrl\":\"https:\/\/ge24h.com\/wp-content\/uploads\/suhagra.webp\",\"datePublished\":\"2025-05-19T14:20:16+00:00\",\"dateModified\":\"2026-01-16T10:09:52+00:00\",\"description\":\"Achetez Suhagra 100 mg. Obtenez d\u00e8s maintenant les meilleurs m\u00e9dicaments g\u00e9n\u00e9riques au meilleur prix sur notre site web. Achetez des g\u00e9n\u00e9riques.\",\"breadcrumb\":{\"@id\":\"https:\/\/ge24h.com\/fr\/producto\/suhagra-100mg\/#breadcrumb\"},\"inLanguage\":\"fr-FR\",\"potentialAction\":[{\"@type\":\"ReadAction\",\"target\":[\"https:\/\/ge24h.com\/fr\/producto\/suhagra-100mg\/\"]}]},{\"@type\":\"ImageObject\",\"inLanguage\":\"fr-FR\",\"@id\":\"https:\/\/ge24h.com\/fr\/producto\/suhagra-100mg\/#primaryimage\",\"url\":\"https:\/\/ge24h.com\/wp-content\/uploads\/suhagra.webp\",\"contentUrl\":\"https:\/\/ge24h.com\/wp-content\/uploads\/suhagra.webp\",\"width\":700,\"height\":700,\"caption\":\"Suhagra 100mg\"},{\"@type\":\"BreadcrumbList\",\"@id\":\"https:\/\/ge24h.com\/fr\/producto\/suhagra-100mg\/#breadcrumb\",\"itemListElement\":[{\"@type\":\"ListItem\",\"position\":1,\"name\":\"Portada\",\"item\":\"https:\/\/ge24h.com\/fr\/\"},{\"@type\":\"ListItem\",\"position\":2,\"name\":\"boutique\",\"item\":\"https:\/\/ge24h.com\/fr\/boutique\/\"},{\"@type\":\"ListItem\",\"position\":3,\"name\":\"Suhagra 100mg\"}]},{\"@type\":\"WebSite\",\"@id\":\"https:\/\/ge24h.com\/#website\",\"url\":\"https:\/\/ge24h.com\/\",\"name\":\"Ge24h\",\"description\":\"Medicamentos Gen\u00e9ricos, Finpecia, Kamagra, Sidenafil, Tadalafil\",\"publisher\":{\"@id\":\"https:\/\/ge24h.com\/#organization\"},\"potentialAction\":[{\"@type\":\"SearchAction\",\"target\":{\"@type\":\"EntryPoint\",\"urlTemplate\":\"https:\/\/ge24h.com\/?s={search_term_string}\"},\"query-input\":{\"@type\":\"PropertyValueSpecification\",\"valueRequired\":true,\"valueName\":\"search_term_string\"}}],\"inLanguage\":\"fr-FR\"},{\"@type\":\"Organization\",\"@id\":\"https:\/\/ge24h.com\/#organization\",\"name\":\"Ge24h\",\"url\":\"https:\/\/ge24h.com\/\",\"logo\":{\"@type\":\"ImageObject\",\"inLanguage\":\"fr-FR\",\"@id\":\"https:\/\/ge24h.com\/#\/schema\/logo\/image\/\",\"url\":\"https:\/\/ge24h.com\/wp-content\/uploads\/logo-1.svg\",\"contentUrl\":\"https:\/\/ge24h.com\/wp-content\/uploads\/logo-1.svg\",\"width\":200,\"height\":58,\"caption\":\"Ge24h\"},\"image\":{\"@id\":\"https:\/\/ge24h.com\/#\/schema\/logo\/image\/\"}}]}<\/script>\n<!-- \/ Yoast SEO plugin. -->","yoast_head_json":{"title":"Suhagra 100mg - Ge24h","description":"Achetez Suhagra 100 mg. Obtenez d\u00e8s maintenant les meilleurs m\u00e9dicaments g\u00e9n\u00e9riques au meilleur prix sur notre site web. Achetez des g\u00e9n\u00e9riques.","robots":{"index":"index","follow":"follow","max-snippet":"max-snippet:-1","max-image-preview":"max-image-preview:large","max-video-preview":"max-video-preview:-1"},"canonical":"https:\/\/ge24h.com\/fr\/producto\/suhagra-100mg\/","og_locale":"fr_FR","og_type":"article","og_title":"Suhagra 100mg - Ge24h","og_description":"Achetez Suhagra 100 mg. Obtenez d\u00e8s maintenant les meilleurs m\u00e9dicaments g\u00e9n\u00e9riques au meilleur prix sur notre site web. Achetez des g\u00e9n\u00e9riques.","og_url":"https:\/\/ge24h.com\/fr\/producto\/suhagra-100mg\/","og_site_name":"Ge24h","article_modified_time":"2026-01-16T10:09:52+00:00","og_image":[{"width":700,"height":700,"url":"https:\/\/ge24h.com\/wp-content\/uploads\/suhagra.webp","type":"image\/webp"}],"twitter_card":"summary_large_image","twitter_misc":{"Dur\u00e9e de lecture estim\u00e9e":"3 minutes"},"schema":{"@context":"https:\/\/schema.org","@graph":[{"@type":"WebPage","@id":"https:\/\/ge24h.com\/fr\/producto\/suhagra-100mg\/","url":"https:\/\/ge24h.com\/fr\/producto\/suhagra-100mg\/","name":"Suhagra 100mg - Ge24h","isPartOf":{"@id":"https:\/\/ge24h.com\/#website"},"primaryImageOfPage":{"@id":"https:\/\/ge24h.com\/fr\/producto\/suhagra-100mg\/#primaryimage"},"image":{"@id":"https:\/\/ge24h.com\/fr\/producto\/suhagra-100mg\/#primaryimage"},"thumbnailUrl":"https:\/\/ge24h.com\/wp-content\/uploads\/suhagra.webp","datePublished":"2025-05-19T14:20:16+00:00","dateModified":"2026-01-16T10:09:52+00:00","description":"Achetez Suhagra 100 mg. Obtenez d\u00e8s maintenant les meilleurs m\u00e9dicaments g\u00e9n\u00e9riques au meilleur prix sur notre site web. Achetez des g\u00e9n\u00e9riques.","breadcrumb":{"@id":"https:\/\/ge24h.com\/fr\/producto\/suhagra-100mg\/#breadcrumb"},"inLanguage":"fr-FR","potentialAction":[{"@type":"ReadAction","target":["https:\/\/ge24h.com\/fr\/producto\/suhagra-100mg\/"]}]},{"@type":"ImageObject","inLanguage":"fr-FR","@id":"https:\/\/ge24h.com\/fr\/producto\/suhagra-100mg\/#primaryimage","url":"https:\/\/ge24h.com\/wp-content\/uploads\/suhagra.webp","contentUrl":"https:\/\/ge24h.com\/wp-content\/uploads\/suhagra.webp","width":700,"height":700,"caption":"Suhagra 100mg"},{"@type":"BreadcrumbList","@id":"https:\/\/ge24h.com\/fr\/producto\/suhagra-100mg\/#breadcrumb","itemListElement":[{"@type":"ListItem","position":1,"name":"Portada","item":"https:\/\/ge24h.com\/fr\/"},{"@type":"ListItem","position":2,"name":"boutique","item":"https:\/\/ge24h.com\/fr\/boutique\/"},{"@type":"ListItem","position":3,"name":"Suhagra 100mg"}]},{"@type":"WebSite","@id":"https:\/\/ge24h.com\/#website","url":"https:\/\/ge24h.com\/","name":"Ge24h","description":"Medicamentos Gen\u00e9ricos, Finpecia, Kamagra, Sidenafil, Tadalafil","publisher":{"@id":"https:\/\/ge24h.com\/#organization"},"potentialAction":[{"@type":"SearchAction","target":{"@type":"EntryPoint","urlTemplate":"https:\/\/ge24h.com\/?s={search_term_string}"},"query-input":{"@type":"PropertyValueSpecification","valueRequired":true,"valueName":"search_term_string"}}],"inLanguage":"fr-FR"},{"@type":"Organization","@id":"https:\/\/ge24h.com\/#organization","name":"Ge24h","url":"https:\/\/ge24h.com\/","logo":{"@type":"ImageObject","inLanguage":"fr-FR","@id":"https:\/\/ge24h.com\/#\/schema\/logo\/image\/","url":"https:\/\/ge24h.com\/wp-content\/uploads\/logo-1.svg","contentUrl":"https:\/\/ge24h.com\/wp-content\/uploads\/logo-1.svg","width":200,"height":58,"caption":"Ge24h"},"image":{"@id":"https:\/\/ge24h.com\/#\/schema\/logo\/image\/"}}]}},"_links":{"self":[{"href":"https:\/\/ge24h.com\/fr\/wp-json\/wp\/v2\/product\/6179","targetHints":{"allow":["GET"]}}],"collection":[{"href":"https:\/\/ge24h.com\/fr\/wp-json\/wp\/v2\/product"}],"about":[{"href":"https:\/\/ge24h.com\/fr\/wp-json\/wp\/v2\/types\/product"}],"replies":[{"embeddable":true,"href":"https:\/\/ge24h.com\/fr\/wp-json\/wp\/v2\/comments?post=6179"}],"wp:featuredmedia":[{"embeddable":true,"href":"https:\/\/ge24h.com\/fr\/wp-json\/wp\/v2\/media\/4136"}],"wp:attachment":[{"href":"https:\/\/ge24h.com\/fr\/wp-json\/wp\/v2\/media?parent=6179"}],"wp:term":[{"taxonomy":"product_brand","embeddable":true,"href":"https:\/\/ge24h.com\/fr\/wp-json\/wp\/v2\/product_brand?post=6179"},{"taxonomy":"product_cat","embeddable":true,"href":"https:\/\/ge24h.com\/fr\/wp-json\/wp\/v2\/product_cat?post=6179"},{"taxonomy":"product_tag","embeddable":true,"href":"https:\/\/ge24h.com\/fr\/wp-json\/wp\/v2\/product_tag?post=6179"}],"curies":[{"name":"wp","href":"https:\/\/api.w.org\/{rel}","templated":true}]}}