{"id":6172,"date":"2025-05-21T12:54:41","date_gmt":"2025-05-21T10:54:41","guid":{"rendered":"https:\/\/ge24h.com\/producto\/super-p-force\/"},"modified":"2025-07-18T15:47:46","modified_gmt":"2025-07-18T13:47:46","slug":"super-p-force","status":"publish","type":"product","link":"https:\/\/ge24h.com\/fr\/producto\/super-p-force\/","title":{"rendered":"Super P-Force"},"content":{"rendered":"<h3><strong>Nom du m\u00e9dicament: <\/strong> Super P-Force<\/h3>\n<h3><strong>Nom g\u00e9n\u00e9rique:<\/strong> Sild\u00e9nafil et Dapox\u00e9tine<\/h3>\n<p>&nbsp;<\/p>\n<h4><strong>Quelle est la chose la plus importante que je devrais savoir sur Super P-Force?<\/strong><\/h4>\n<ul>\n<li>Super P-Force combine deux principes actifs : le Sild\u00e9nafil 100 mg et la Dapox\u00e9tine 60 mg.<\/li>\n<li>Cette combinaison aide non seulement \u00e0 obtenir une \u00e9rection, mais \u00e9galement \u00e0 retarder l\u2019\u00e9jaculation, permettant des exp\u00e9riences sexuelles plus agr\u00e9ables.<\/li>\n<li>Ne prenez pas Super P-Force \u00e0 d\u2019autres fins que celles prescrites par votre m\u00e9decin.<\/li>\n<li>Ne partagez pas ce m\u00e9dicament avec d\u2019autres personnes, car il pourrait ne pas leur convenir.<\/li>\n<li>Ce m\u00e9dicament ne prot\u00e8ge pas contre les maladies sexuellement transmissibles (par exemple, le VIH, l\u2019h\u00e9patite B, la gonorrh\u00e9e, la syphilis).<\/li>\n<\/ul>\n<p>&nbsp;<\/p>\n<h4><strong>Qu&rsquo;est-ce que Super P-Force?<\/strong><\/h4>\n<p>Super P-Force est une combinaison de <strong>sild\u00e9nafil<\/strong>, un m\u00e9dicament utilis\u00e9 pour traiter la dysfonction \u00e9rectile, et de <strong>dapox\u00e9tine<\/strong>, utilis\u00e9e pour traiter l&rsquo;\u00e9jaculation pr\u00e9coce. Cette combinaison \u00e0 double action aide \u00e0 obtenir et \u00e0 maintenir une \u00e9rection et prolonge le d\u00e9lai avant l&rsquo;\u00e9jaculation, am\u00e9liorant ainsi l&rsquo;exp\u00e9rience sexuelle. <\/p>\n<p>&nbsp;<\/p>\n<h4><strong>Que dois-je discuter avec mon m\u00e9decin avant de prendre Super P-Force?<\/strong><\/h4>\n<ul>\n<li><strong>Informez votre m\u00e9decin si vous avez eu des \u00e9pisodes de vertiges<\/strong> ou d\u2019\u00e9vanouissements lorsque vous vous levez d\u2019une position assise ou couch\u00e9e.<\/li>\n<li><strong>Consultez toujours votre m\u00e9decin<\/strong> avant de commencer le traitement pour vous assurer que ce m\u00e9dicament vous convient.<\/li>\n<\/ul>\n<p>&nbsp;<\/p>\n<h4><strong>Comment dois-je prendre Super P-Force?<\/strong><\/h4>\n<ul>\n<li><strong>Super P-Force doit \u00eatre pris par voie orale,<\/strong> environ une heure avant le rapport sexuel.<\/li>\n<li><strong>\u00c9vitez l\u2019alcool et les aliments gras,<\/strong> car ils peuvent r\u00e9duire l\u2019effet du m\u00e9dicament.<\/li>\n<\/ul>\n<p>&nbsp;<\/p>\n<h4><strong>Que se passe-t-il si j\u2019oublie de prendre une dose?<\/strong><\/h4>\n<p>Super P-Force est pris en cas de besoin, donc <strong>Il n\u2019y a aucun risque d\u2019oublier une dose.<\/strong><\/p>\n<p>&nbsp;<\/p>\n<h4><strong>Que se passe-t-il en cas de surdose?<\/strong><\/h4>\n<p><strong>En cas de surdosage, consultez imm\u00e9diatement un m\u00e9decin.<\/strong><\/p>\n<p>&nbsp;<\/p>\n<h4><strong>Que dois-je \u00e9viter pendant que je prends Super P-Force?<\/strong><\/h4>\n<ul>\n<li><strong>\u00c9vitez de vous lever brusquement d&rsquo;une position assise ou allong\u00e9e,<\/strong> car cela pourrait provoquer des \u00e9tourdissements ou des \u00e9vanouissements. Si le probl\u00e8me persiste, consultez votre m\u00e9decin. <\/li>\n<\/ul>\n<p>&nbsp;<\/p>\n<h4><strong>Quels sont les effets secondaires possibles de Super P-Force?<\/strong><\/h4>\n<h4><strong>Effets actuels:<\/strong><\/h4>\n<ul>\n<li>Soif.<\/li>\n<li>Pourriture.<\/li>\n<li>Naus\u00e9e.<\/li>\n<li>Vertiges ou maux de t\u00eate.<\/li>\n<li>Visage rouge.<\/li>\n<li>Dyspepsie.<\/li>\n<li>Congestion nasale.<\/li>\n<li>Anomalies temporaires de la vision (par exemple, changements dans la perception des couleurs, sensibilit\u00e9 \u00e0 la lumi\u00e8re et vision floue).<\/li>\n<li>Infections des voies urinaires.<\/li>\n<li>\u00c9ruptions temporaires.<\/li>\n<\/ul>\n<p>Si vous remarquez des effets secondaires inhabituels, <strong>consultez votre m\u00e9decin. <\/strong><\/p>\n<p>&nbsp;<\/p>\n<h4><strong>Quels m\u00e9dicaments peuvent interagir avec Super P-Force?<\/strong><\/h4>\n<p>Consultez votre m\u00e9decin au sujet de tous les m\u00e9dicaments que vous prenez, y compris les suppl\u00e9ments vitaminiques, les produits \u00e0 base de plantes et autres m\u00e9dicaments sur ordonnance ou en vente libre.<\/p>\n<p>&nbsp;<\/p>\n<h4><strong>Stockage<\/strong><\/h4>\n<p><strong>Conservez ce m\u00e9dicament \u00e0 temp\u00e9rature ambiante, entre 15 et 30 \u00b0C, \u00e0 l&rsquo;abri de la lumi\u00e8re et de l&rsquo;humidit\u00e9.<\/strong> Gardez ce m\u00e9dicament et tout autre m\u00e9dicament hors de port\u00e9e des enfants. <\/p>\n<p>&nbsp;<\/p>\n<h4><strong>Note importante<\/strong><\/h4>\n<p><strong>Les informations fournies sont fournies \u00e0 titre informatif uniquement et ne doivent pas se substituer aux conseils de votre m\u00e9decin<\/strong>, pharmacien ou autre professionnel de la sant\u00e9. Elles ne doivent pas \u00eatre interpr\u00e9t\u00e9es comme sugg\u00e9rant que la prise de ce m\u00e9dicament est s\u00fbre, appropri\u00e9e ou efficace pour vous. <\/p>\n","protected":false},"excerpt":{"rendered":"<p>Pour de nombreux hommes, la dysfonction \u00e9rectile et l\u2019\u00e9jaculation pr\u00e9coce vont de pair.<\/p>\n<ul>\n<li>Combat simultan\u00e9ment la dysfonction \u00e9rectile et l&rsquo;\u00e9jaculation pr\u00e9coce.<\/li>\n<li>Des r\u00e9sultats plus satisfaisants avec une seule pilule.<\/li>\n<li>Des r\u00e9sultats plus satisfaisants avec une seule pilule.<\/li>\n<\/ul>\n","protected":false},"featured_media":4983,"comment_status":"open","ping_status":"closed","template":"","meta":[],"product_brand":[374],"product_cat":[351,359],"product_tag":[],"class_list":{"0":"post-6172","1":"product","2":"type-product","3":"status-publish","4":"has-post-thumbnail","6":"product_brand-sunrise","7":"product_cat-sante-des-hommes","8":"product_cat-en-vedette","10":"first","11":"instock","12":"taxable","13":"shipping-taxable","14":"purchasable","15":"product-type-variable"},"yoast_head":"<!-- This site is optimized with the Yoast SEO plugin v25.6 - https:\/\/yoast.com\/wordpress\/plugins\/seo\/ -->\n<title>Super P-Force - Ge24h<\/title>\n<meta name=\"description\" content=\"Achetez Super P-Force. Obtenez les meilleurs m\u00e9dicaments g\u00e9n\u00e9riques au meilleur prix sur notre site d\u00e8s maintenant. Achetez des g\u00e9n\u00e9riques.\" \/>\n<meta name=\"robots\" content=\"index, follow, max-snippet:-1, max-image-preview:large, max-video-preview:-1\" \/>\n<link rel=\"canonical\" href=\"https:\/\/ge24h.com\/fr\/producto\/super-p-force\/\" \/>\n<meta property=\"og:locale\" content=\"fr_FR\" \/>\n<meta property=\"og:type\" content=\"article\" \/>\n<meta property=\"og:title\" content=\"Super P-Force - Ge24h\" \/>\n<meta property=\"og:description\" content=\"Achetez Super P-Force. Obtenez les meilleurs m\u00e9dicaments g\u00e9n\u00e9riques au meilleur prix sur notre site d\u00e8s maintenant. Achetez des g\u00e9n\u00e9riques.\" \/>\n<meta property=\"og:url\" content=\"https:\/\/ge24h.com\/fr\/producto\/super-p-force\/\" \/>\n<meta property=\"og:site_name\" content=\"Ge24h\" \/>\n<meta property=\"article:modified_time\" content=\"2025-07-18T13:47:46+00:00\" \/>\n<meta property=\"og:image\" content=\"https:\/\/ge24h.com\/wp-content\/uploads\/super-p-force.png\" \/>\n\t<meta property=\"og:image:width\" content=\"512\" \/>\n\t<meta property=\"og:image:height\" content=\"512\" \/>\n\t<meta property=\"og:image:type\" content=\"image\/png\" \/>\n<meta name=\"twitter:card\" content=\"summary_large_image\" \/>\n<meta name=\"twitter:label1\" content=\"Dur\u00e9e de lecture estim\u00e9e\" \/>\n\t<meta name=\"twitter:data1\" content=\"3 minutes\" \/>\n<script type=\"application\/ld+json\" class=\"yoast-schema-graph\">{\"@context\":\"https:\/\/schema.org\",\"@graph\":[{\"@type\":\"WebPage\",\"@id\":\"https:\/\/ge24h.com\/fr\/producto\/super-p-force\/\",\"url\":\"https:\/\/ge24h.com\/fr\/producto\/super-p-force\/\",\"name\":\"Super P-Force - Ge24h\",\"isPartOf\":{\"@id\":\"https:\/\/ge24h.com\/#website\"},\"primaryImageOfPage\":{\"@id\":\"https:\/\/ge24h.com\/fr\/producto\/super-p-force\/#primaryimage\"},\"image\":{\"@id\":\"https:\/\/ge24h.com\/fr\/producto\/super-p-force\/#primaryimage\"},\"thumbnailUrl\":\"https:\/\/ge24h.com\/wp-content\/uploads\/super-p-force.png\",\"datePublished\":\"2025-05-21T10:54:41+00:00\",\"dateModified\":\"2025-07-18T13:47:46+00:00\",\"description\":\"Achetez Super P-Force. Obtenez les meilleurs m\u00e9dicaments g\u00e9n\u00e9riques au meilleur prix sur notre site d\u00e8s maintenant. Achetez des g\u00e9n\u00e9riques.\",\"breadcrumb\":{\"@id\":\"https:\/\/ge24h.com\/fr\/producto\/super-p-force\/#breadcrumb\"},\"inLanguage\":\"fr-FR\",\"potentialAction\":[{\"@type\":\"ReadAction\",\"target\":[\"https:\/\/ge24h.com\/fr\/producto\/super-p-force\/\"]}]},{\"@type\":\"ImageObject\",\"inLanguage\":\"fr-FR\",\"@id\":\"https:\/\/ge24h.com\/fr\/producto\/super-p-force\/#primaryimage\",\"url\":\"https:\/\/ge24h.com\/wp-content\/uploads\/super-p-force.png\",\"contentUrl\":\"https:\/\/ge24h.com\/wp-content\/uploads\/super-p-force.png\",\"width\":512,\"height\":512,\"caption\":\"Super P-Force\"},{\"@type\":\"BreadcrumbList\",\"@id\":\"https:\/\/ge24h.com\/fr\/producto\/super-p-force\/#breadcrumb\",\"itemListElement\":[{\"@type\":\"ListItem\",\"position\":1,\"name\":\"Portada\",\"item\":\"https:\/\/ge24h.com\/fr\/\"},{\"@type\":\"ListItem\",\"position\":2,\"name\":\"boutique\",\"item\":\"https:\/\/ge24h.com\/fr\/boutique\/\"},{\"@type\":\"ListItem\",\"position\":3,\"name\":\"Super P-Force\"}]},{\"@type\":\"WebSite\",\"@id\":\"https:\/\/ge24h.com\/#website\",\"url\":\"https:\/\/ge24h.com\/\",\"name\":\"Ge24h\",\"description\":\"Medicamentos Gen\u00e9ricos, Finpecia, Kamagra, Sidenafil, Tadalafil\",\"publisher\":{\"@id\":\"https:\/\/ge24h.com\/#organization\"},\"potentialAction\":[{\"@type\":\"SearchAction\",\"target\":{\"@type\":\"EntryPoint\",\"urlTemplate\":\"https:\/\/ge24h.com\/?s={search_term_string}\"},\"query-input\":{\"@type\":\"PropertyValueSpecification\",\"valueRequired\":true,\"valueName\":\"search_term_string\"}}],\"inLanguage\":\"fr-FR\"},{\"@type\":\"Organization\",\"@id\":\"https:\/\/ge24h.com\/#organization\",\"name\":\"Ge24h\",\"url\":\"https:\/\/ge24h.com\/\",\"logo\":{\"@type\":\"ImageObject\",\"inLanguage\":\"fr-FR\",\"@id\":\"https:\/\/ge24h.com\/#\/schema\/logo\/image\/\",\"url\":\"https:\/\/ge24h.com\/wp-content\/uploads\/logo-1.svg\",\"contentUrl\":\"https:\/\/ge24h.com\/wp-content\/uploads\/logo-1.svg\",\"width\":200,\"height\":58,\"caption\":\"Ge24h\"},\"image\":{\"@id\":\"https:\/\/ge24h.com\/#\/schema\/logo\/image\/\"}}]}<\/script>\n<!-- \/ Yoast SEO plugin. -->","yoast_head_json":{"title":"Super P-Force - Ge24h","description":"Achetez Super P-Force. Obtenez les meilleurs m\u00e9dicaments g\u00e9n\u00e9riques au meilleur prix sur notre site d\u00e8s maintenant. Achetez des g\u00e9n\u00e9riques.","robots":{"index":"index","follow":"follow","max-snippet":"max-snippet:-1","max-image-preview":"max-image-preview:large","max-video-preview":"max-video-preview:-1"},"canonical":"https:\/\/ge24h.com\/fr\/producto\/super-p-force\/","og_locale":"fr_FR","og_type":"article","og_title":"Super P-Force - Ge24h","og_description":"Achetez Super P-Force. Obtenez les meilleurs m\u00e9dicaments g\u00e9n\u00e9riques au meilleur prix sur notre site d\u00e8s maintenant. Achetez des g\u00e9n\u00e9riques.","og_url":"https:\/\/ge24h.com\/fr\/producto\/super-p-force\/","og_site_name":"Ge24h","article_modified_time":"2025-07-18T13:47:46+00:00","og_image":[{"width":512,"height":512,"url":"https:\/\/ge24h.com\/wp-content\/uploads\/super-p-force.png","type":"image\/png"}],"twitter_card":"summary_large_image","twitter_misc":{"Dur\u00e9e de lecture estim\u00e9e":"3 minutes"},"schema":{"@context":"https:\/\/schema.org","@graph":[{"@type":"WebPage","@id":"https:\/\/ge24h.com\/fr\/producto\/super-p-force\/","url":"https:\/\/ge24h.com\/fr\/producto\/super-p-force\/","name":"Super P-Force - Ge24h","isPartOf":{"@id":"https:\/\/ge24h.com\/#website"},"primaryImageOfPage":{"@id":"https:\/\/ge24h.com\/fr\/producto\/super-p-force\/#primaryimage"},"image":{"@id":"https:\/\/ge24h.com\/fr\/producto\/super-p-force\/#primaryimage"},"thumbnailUrl":"https:\/\/ge24h.com\/wp-content\/uploads\/super-p-force.png","datePublished":"2025-05-21T10:54:41+00:00","dateModified":"2025-07-18T13:47:46+00:00","description":"Achetez Super P-Force. Obtenez les meilleurs m\u00e9dicaments g\u00e9n\u00e9riques au meilleur prix sur notre site d\u00e8s maintenant. Achetez des g\u00e9n\u00e9riques.","breadcrumb":{"@id":"https:\/\/ge24h.com\/fr\/producto\/super-p-force\/#breadcrumb"},"inLanguage":"fr-FR","potentialAction":[{"@type":"ReadAction","target":["https:\/\/ge24h.com\/fr\/producto\/super-p-force\/"]}]},{"@type":"ImageObject","inLanguage":"fr-FR","@id":"https:\/\/ge24h.com\/fr\/producto\/super-p-force\/#primaryimage","url":"https:\/\/ge24h.com\/wp-content\/uploads\/super-p-force.png","contentUrl":"https:\/\/ge24h.com\/wp-content\/uploads\/super-p-force.png","width":512,"height":512,"caption":"Super P-Force"},{"@type":"BreadcrumbList","@id":"https:\/\/ge24h.com\/fr\/producto\/super-p-force\/#breadcrumb","itemListElement":[{"@type":"ListItem","position":1,"name":"Portada","item":"https:\/\/ge24h.com\/fr\/"},{"@type":"ListItem","position":2,"name":"boutique","item":"https:\/\/ge24h.com\/fr\/boutique\/"},{"@type":"ListItem","position":3,"name":"Super P-Force"}]},{"@type":"WebSite","@id":"https:\/\/ge24h.com\/#website","url":"https:\/\/ge24h.com\/","name":"Ge24h","description":"Medicamentos Gen\u00e9ricos, Finpecia, Kamagra, Sidenafil, Tadalafil","publisher":{"@id":"https:\/\/ge24h.com\/#organization"},"potentialAction":[{"@type":"SearchAction","target":{"@type":"EntryPoint","urlTemplate":"https:\/\/ge24h.com\/?s={search_term_string}"},"query-input":{"@type":"PropertyValueSpecification","valueRequired":true,"valueName":"search_term_string"}}],"inLanguage":"fr-FR"},{"@type":"Organization","@id":"https:\/\/ge24h.com\/#organization","name":"Ge24h","url":"https:\/\/ge24h.com\/","logo":{"@type":"ImageObject","inLanguage":"fr-FR","@id":"https:\/\/ge24h.com\/#\/schema\/logo\/image\/","url":"https:\/\/ge24h.com\/wp-content\/uploads\/logo-1.svg","contentUrl":"https:\/\/ge24h.com\/wp-content\/uploads\/logo-1.svg","width":200,"height":58,"caption":"Ge24h"},"image":{"@id":"https:\/\/ge24h.com\/#\/schema\/logo\/image\/"}}]}},"_links":{"self":[{"href":"https:\/\/ge24h.com\/fr\/wp-json\/wp\/v2\/product\/6172","targetHints":{"allow":["GET"]}}],"collection":[{"href":"https:\/\/ge24h.com\/fr\/wp-json\/wp\/v2\/product"}],"about":[{"href":"https:\/\/ge24h.com\/fr\/wp-json\/wp\/v2\/types\/product"}],"replies":[{"embeddable":true,"href":"https:\/\/ge24h.com\/fr\/wp-json\/wp\/v2\/comments?post=6172"}],"wp:featuredmedia":[{"embeddable":true,"href":"https:\/\/ge24h.com\/fr\/wp-json\/wp\/v2\/media\/4983"}],"wp:attachment":[{"href":"https:\/\/ge24h.com\/fr\/wp-json\/wp\/v2\/media?parent=6172"}],"wp:term":[{"taxonomy":"product_brand","embeddable":true,"href":"https:\/\/ge24h.com\/fr\/wp-json\/wp\/v2\/product_brand?post=6172"},{"taxonomy":"product_cat","embeddable":true,"href":"https:\/\/ge24h.com\/fr\/wp-json\/wp\/v2\/product_cat?post=6172"},{"taxonomy":"product_tag","embeddable":true,"href":"https:\/\/ge24h.com\/fr\/wp-json\/wp\/v2\/product_tag?post=6172"}],"curies":[{"name":"wp","href":"https:\/\/api.w.org\/{rel}","templated":true}]}}