{"id":6165,"date":"2025-05-21T13:09:33","date_gmt":"2025-05-21T11:09:33","guid":{"rendered":"https:\/\/ge24h.com\/producto\/tadacip-20mg\/"},"modified":"2025-07-18T15:18:43","modified_gmt":"2025-07-18T13:18:43","slug":"tadacip-20mg","status":"publish","type":"product","link":"https:\/\/ge24h.com\/fr\/producto\/tadacip-20mg\/","title":{"rendered":"Tadacip 20mg"},"content":{"rendered":"<h3><strong>Nom du m\u00e9dicament:<\/strong> Tadacip<\/h3>\n<h3><strong>Nom du m\u00e9dicament:<\/strong> Tadalafil<\/h3>\n<p>&nbsp;<\/p>\n<h4><strong>Quelle est la chose la plus importante que je devrais savoir sur Tadacip?<\/strong><\/h4>\n<ul>\n<li>Tadacip (Tadalafil) ne doit \u00eatre pris que selon les directives de votre m\u00e9decin.<\/li>\n<li>N\u2019utilisez pas Tadacip \u00e0 d\u2019autres fins que celles indiqu\u00e9es par votre m\u00e9decin.<\/li>\n<li>L\u2019utilisation de Tadacip ne prot\u00e8ge pas contre les maladies sexuellement transmissibles (par exemple, le VIH, l\u2019h\u00e9patite B, la gonorrh\u00e9e, la syphilis).<\/li>\n<li>Ne partagez pas ce m\u00e9dicament avec d\u2019autres personnes, car elles pourraient ne pas avoir le m\u00eame diagnostic ou le m\u00eame traitement appropri\u00e9.<br data-mce-bogus=\"1\"><\/li>\n<\/ul>\n<p>&nbsp;<\/p>\n<h4><strong>Qu&rsquo;est-ce que Tadacip?<\/strong><\/h4>\n<p>Tadacip (Tadalafil) est un m\u00e9dicament d\u00e9velopp\u00e9 par Cipla, l&rsquo;un des fabricants de m\u00e9dicaments g\u00e9n\u00e9riques les plus r\u00e9put\u00e9s. Il s&rsquo;agit d&rsquo;une version g\u00e9n\u00e9rique du Tadalafil original, utilis\u00e9 pour traiter la dysfonction \u00e9rectile. <\/p>\n<p>Tadacip est devenu le produit phare de la gamme de produits g\u00e9n\u00e9riques de Cipla.<\/p>\n<p><strong>Les clients appr\u00e9cient son efficacit\u00e9 et son faible<\/strong> co\u00fbt par rapport aux m\u00e9dicaments de marque. Avec Tadacip (Tadalafil), profitez de tous ses bienfaits\u2026 \u00e0 moindre co\u00fbt ! <\/p>\n<p>&nbsp;<\/p>\n<h4><strong>Que dois-je discuter avec mon m\u00e9decin avant de prendre Tadacip?<\/strong><\/h4>\n<ul>\n<li><strong>Consultez votre m\u00e9decin si vous prenez d\u2019autres m\u00e9dicaments ou si vous souffrez <\/strong> d\u2019un probl\u00e8me de sant\u00e9 qui pourrait interf\u00e9rer avec l\u2019utilisation de Tadacip.<\/li>\n<li>N&rsquo;utilisez pas Tadacip \u00e0 d&rsquo;autres fins que celles prescrites par votre m\u00e9decin.<\/li>\n<\/ul>\n<p>&nbsp;<\/p>\n<h4><strong>Comment dois-je prendre Tadacip?<\/strong><\/h4>\n<ul>\n<li><strong>Prenez Tadacip (Tadalafil) au besoin, jusqu\u2019\u00e0 une fois par jour, ou selon les directives de votre m\u00e9decin.<\/strong><\/li>\n<li>Il doit \u00eatre pris par voie orale avec un grand verre d&rsquo;eau, <strong>au moins une demi-heure avant l&rsquo;activit\u00e9 sexuelle.<\/strong><\/li>\n<li>Ce m\u00e9dicament peut \u00eatre pris avec ou <strong>sans nourriture.<\/strong><\/li>\n<li>Tadacip favorise l&rsquo;\u00e9rection lors <strong>d&rsquo;une stimulation sexuelle.<\/strong> Il ne provoque pas <strong>automatiquement une \u00e9rection.<\/strong><\/li>\n<\/ul>\n<p>&nbsp;<\/p>\n<h4><strong>Que se passe-t-il si j\u2019oublie de prendre une dose?<\/strong><\/h4>\n<p>Tadacip (Tadalafil) est pris en cas de besoin, vous ne pouvez donc pas manquer une dose.<\/p>\n<p>Cependant, si vous prenez ce m\u00e9dicament r\u00e9guli\u00e8rement et que vous oubliez une dose, prenez-la d\u00e8s que vous vous en rendez compte. S&rsquo;il est presque l&rsquo;heure de la dose suivante, sautez la dose oubli\u00e9e et reprenez votre sch\u00e9ma posologique habituel.  <strong>Ne prenez pas de double dose pour compenser la dose oubli\u00e9e.<\/strong><\/p>\n<p>&nbsp;<\/p>\n<h4><strong>Que se passe-t-il en cas de surdose?<\/strong><\/h4>\n<p>Si vous pensez avoir pris une surdose de ce m\u00e9dicament, <strong>consultez un m\u00e9decin d\u2019urgence.<\/strong><\/p>\n<p><strong>Les sympt\u00f4mes d\u2019un surdosage peuvent inclure:<\/strong><\/p>\n<ul>\n<li>Douleur thoracique<\/li>\n<li>Naus\u00e9eux<\/li>\n<li>Battements de c\u0153ur irr\u00e9guliers<\/li>\n<li>Sensation de vertige ou perte de connaissance<\/li>\n<\/ul>\n<p>&nbsp;<\/p>\n<h4><strong>Que dois-je \u00e9viter pendant que je prends du Tadacip?<\/strong><\/h4>\n<ul>\n<li><strong>N\u2019utilisez pas Tadacip \u00e0 d\u2019autres fins que celles prescrites.<\/strong><\/li>\n<li><strong>Ne partagez pas ce m\u00e9dicament avec d\u2019autres personnes.<br \/><\/strong><\/li>\n<li><strong>N\u2019utilisez pas ce m\u00e9dicament comme m\u00e9thode de protection contre les maladies sexuellement transmissibles.<\/strong><\/li>\n<\/ul>\n<p>&nbsp;<\/p>\n<h4><strong>Quels sont les effets secondaires possibles du Tadacip?<\/strong><\/h4>\n<h4><strong>Effets graves:<\/strong><\/h4>\n<ul>\n<li><strong>R\u00e9action allergique (difficult\u00e9 \u00e0 respirer, fermeture de la gorge, gonflement des l\u00e8vres, de la langue ou du visage, urticaire)<\/strong><\/li>\n<li><strong>Douleur thoracique ou rythme cardiaque irr\u00e9gulier<\/strong><\/li>\n<li><strong>\u00c9tourdissements, naus\u00e9es ou angine de poitrine (douleur, oppression, inconfort, engourdissement)<\/strong><\/li>\n<\/ul>\n<p>&nbsp;<\/p>\n<h4><strong>Effets mineurs:<\/strong><\/h4>\n<p>Aucun effet secondaire mineur particulier n&rsquo;a \u00e9t\u00e9 mentionn\u00e9. Si vous ressentez des sympt\u00f4mes inhabituels ou g\u00eanants, consultez votre m\u00e9decin. <\/p>\n<p>&nbsp;<\/p>\n<h4><strong>Quels m\u00e9dicaments peuvent interagir avec Tadacip?<\/strong><\/h4>\n<p>Le contenu fourni ne mentionne aucun m\u00e9dicament sp\u00e9cifique pouvant interagir avec Tadacip. <strong>Consultez toujours votre m\u00e9decin avant de l&rsquo;associer <\/strong> \u00e0 d&rsquo;autres traitements. <\/p>\n<p>&nbsp;<\/p>\n<h4><strong>Comment dois-je conserver Tadacip?<\/strong><\/h4>\n<ul>\n<li>Conservez le m\u00e9dicament \u00e0 temp\u00e9rature ambiante, entre <strong> 15 et 30 degr\u00e9s C (59 et 86 degr\u00e9s F).<\/strong><\/li>\n<li>Prot\u00e9ger de la lumi\u00e8re et de l&rsquo;humidit\u00e9.<\/li>\n<li><strong>GARDER CE M\u00c9DICAMENT ET TOUS LES M\u00c9DICAMENTS HORS DE LA PORT\u00c9E DES ENFANTS.<\/strong><\/li>\n<\/ul>\n","protected":false},"excerpt":{"rendered":"<p><span class=\"hps\">Gr\u00e2ce<\/span> aux <span class=\"hps\">effets<\/span> <span class=\"hps\">rapides et durables<\/span> <span class=\"hps\">du Tadalafil,<\/span> <span class=\"hps\">il est rapidement<\/span> <span class=\"hps\">devenu<\/span> <span class=\"hps\">l&rsquo;un des <\/span> <span class=\"hps\">m\u00e9dicaments<\/span> <span class=\"hps\">contre l<\/span>a <span class=\"hps\"> dysfonction \u00e9rectile<\/span> les plus populaires.<\/p>\n<ul>\n<li>Efficacit\u00e9 \u00e9lev\u00e9e prouv\u00e9e.<\/li>\n<li>Longue dur\u00e9e.<\/li>\n<li>Des \u00e9conomies plus importantes.<\/li>\n<\/ul>\n","protected":false},"featured_media":5048,"comment_status":"open","ping_status":"closed","template":"","meta":[],"product_brand":[342],"product_cat":[351,359],"product_tag":[],"class_list":{"0":"post-6165","1":"product","2":"type-product","3":"status-publish","4":"has-post-thumbnail","6":"product_brand-cipla","7":"product_cat-sante-des-hommes","8":"product_cat-en-vedette","10":"first","11":"instock","12":"taxable","13":"shipping-taxable","14":"purchasable","15":"product-type-variable"},"yoast_head":"<!-- This site is optimized with the Yoast SEO plugin v25.6 - https:\/\/yoast.com\/wordpress\/plugins\/seo\/ -->\n<title>Tadacip 20mg - Ge24h<\/title>\n<meta name=\"description\" content=\"Achetez du Tadacip 20 mg. Obtenez d\u00e8s maintenant les meilleurs m\u00e9dicaments g\u00e9n\u00e9riques au meilleur prix sur notre site web. Achetez des g\u00e9n\u00e9riques.\" \/>\n<meta name=\"robots\" content=\"index, follow, max-snippet:-1, max-image-preview:large, max-video-preview:-1\" \/>\n<link rel=\"canonical\" href=\"https:\/\/ge24h.com\/fr\/producto\/tadacip-20mg\/\" \/>\n<meta property=\"og:locale\" content=\"fr_FR\" \/>\n<meta property=\"og:type\" content=\"article\" \/>\n<meta property=\"og:title\" content=\"Tadacip 20mg - Ge24h\" \/>\n<meta property=\"og:description\" content=\"Achetez du Tadacip 20 mg. Obtenez d\u00e8s maintenant les meilleurs m\u00e9dicaments g\u00e9n\u00e9riques au meilleur prix sur notre site web. Achetez des g\u00e9n\u00e9riques.\" \/>\n<meta property=\"og:url\" content=\"https:\/\/ge24h.com\/fr\/producto\/tadacip-20mg\/\" \/>\n<meta property=\"og:site_name\" content=\"Ge24h\" \/>\n<meta property=\"article:modified_time\" content=\"2025-07-18T13:18:43+00:00\" \/>\n<meta property=\"og:image\" content=\"https:\/\/ge24h.com\/wp-content\/uploads\/tadacip-1.png\" \/>\n\t<meta property=\"og:image:width\" content=\"800\" \/>\n\t<meta property=\"og:image:height\" content=\"800\" \/>\n\t<meta property=\"og:image:type\" content=\"image\/png\" \/>\n<meta name=\"twitter:card\" content=\"summary_large_image\" \/>\n<meta name=\"twitter:label1\" content=\"Dur\u00e9e de lecture estim\u00e9e\" \/>\n\t<meta name=\"twitter:data1\" content=\"3 minutes\" \/>\n<script type=\"application\/ld+json\" class=\"yoast-schema-graph\">{\"@context\":\"https:\/\/schema.org\",\"@graph\":[{\"@type\":\"WebPage\",\"@id\":\"https:\/\/ge24h.com\/fr\/producto\/tadacip-20mg\/\",\"url\":\"https:\/\/ge24h.com\/fr\/producto\/tadacip-20mg\/\",\"name\":\"Tadacip 20mg - Ge24h\",\"isPartOf\":{\"@id\":\"https:\/\/ge24h.com\/#website\"},\"primaryImageOfPage\":{\"@id\":\"https:\/\/ge24h.com\/fr\/producto\/tadacip-20mg\/#primaryimage\"},\"image\":{\"@id\":\"https:\/\/ge24h.com\/fr\/producto\/tadacip-20mg\/#primaryimage\"},\"thumbnailUrl\":\"https:\/\/ge24h.com\/wp-content\/uploads\/tadacip-1.png\",\"datePublished\":\"2025-05-21T11:09:33+00:00\",\"dateModified\":\"2025-07-18T13:18:43+00:00\",\"description\":\"Achetez du Tadacip 20 mg. Obtenez d\u00e8s maintenant les meilleurs m\u00e9dicaments g\u00e9n\u00e9riques au meilleur prix sur notre site web. Achetez des g\u00e9n\u00e9riques.\",\"breadcrumb\":{\"@id\":\"https:\/\/ge24h.com\/fr\/producto\/tadacip-20mg\/#breadcrumb\"},\"inLanguage\":\"fr-FR\",\"potentialAction\":[{\"@type\":\"ReadAction\",\"target\":[\"https:\/\/ge24h.com\/fr\/producto\/tadacip-20mg\/\"]}]},{\"@type\":\"ImageObject\",\"inLanguage\":\"fr-FR\",\"@id\":\"https:\/\/ge24h.com\/fr\/producto\/tadacip-20mg\/#primaryimage\",\"url\":\"https:\/\/ge24h.com\/wp-content\/uploads\/tadacip-1.png\",\"contentUrl\":\"https:\/\/ge24h.com\/wp-content\/uploads\/tadacip-1.png\",\"width\":800,\"height\":800,\"caption\":\"Tadacip 20mg\"},{\"@type\":\"BreadcrumbList\",\"@id\":\"https:\/\/ge24h.com\/fr\/producto\/tadacip-20mg\/#breadcrumb\",\"itemListElement\":[{\"@type\":\"ListItem\",\"position\":1,\"name\":\"Portada\",\"item\":\"https:\/\/ge24h.com\/fr\/\"},{\"@type\":\"ListItem\",\"position\":2,\"name\":\"boutique\",\"item\":\"https:\/\/ge24h.com\/fr\/boutique\/\"},{\"@type\":\"ListItem\",\"position\":3,\"name\":\"Tadacip 20mg\"}]},{\"@type\":\"WebSite\",\"@id\":\"https:\/\/ge24h.com\/#website\",\"url\":\"https:\/\/ge24h.com\/\",\"name\":\"Ge24h\",\"description\":\"Medicamentos Gen\u00e9ricos, Finpecia, Kamagra, Sidenafil, Tadalafil\",\"publisher\":{\"@id\":\"https:\/\/ge24h.com\/#organization\"},\"potentialAction\":[{\"@type\":\"SearchAction\",\"target\":{\"@type\":\"EntryPoint\",\"urlTemplate\":\"https:\/\/ge24h.com\/?s={search_term_string}\"},\"query-input\":{\"@type\":\"PropertyValueSpecification\",\"valueRequired\":true,\"valueName\":\"search_term_string\"}}],\"inLanguage\":\"fr-FR\"},{\"@type\":\"Organization\",\"@id\":\"https:\/\/ge24h.com\/#organization\",\"name\":\"Ge24h\",\"url\":\"https:\/\/ge24h.com\/\",\"logo\":{\"@type\":\"ImageObject\",\"inLanguage\":\"fr-FR\",\"@id\":\"https:\/\/ge24h.com\/#\/schema\/logo\/image\/\",\"url\":\"https:\/\/ge24h.com\/wp-content\/uploads\/logo-1.svg\",\"contentUrl\":\"https:\/\/ge24h.com\/wp-content\/uploads\/logo-1.svg\",\"width\":200,\"height\":58,\"caption\":\"Ge24h\"},\"image\":{\"@id\":\"https:\/\/ge24h.com\/#\/schema\/logo\/image\/\"}}]}<\/script>\n<!-- \/ Yoast SEO plugin. -->","yoast_head_json":{"title":"Tadacip 20mg - Ge24h","description":"Achetez du Tadacip 20 mg. Obtenez d\u00e8s maintenant les meilleurs m\u00e9dicaments g\u00e9n\u00e9riques au meilleur prix sur notre site web. Achetez des g\u00e9n\u00e9riques.","robots":{"index":"index","follow":"follow","max-snippet":"max-snippet:-1","max-image-preview":"max-image-preview:large","max-video-preview":"max-video-preview:-1"},"canonical":"https:\/\/ge24h.com\/fr\/producto\/tadacip-20mg\/","og_locale":"fr_FR","og_type":"article","og_title":"Tadacip 20mg - Ge24h","og_description":"Achetez du Tadacip 20 mg. Obtenez d\u00e8s maintenant les meilleurs m\u00e9dicaments g\u00e9n\u00e9riques au meilleur prix sur notre site web. Achetez des g\u00e9n\u00e9riques.","og_url":"https:\/\/ge24h.com\/fr\/producto\/tadacip-20mg\/","og_site_name":"Ge24h","article_modified_time":"2025-07-18T13:18:43+00:00","og_image":[{"width":800,"height":800,"url":"https:\/\/ge24h.com\/wp-content\/uploads\/tadacip-1.png","type":"image\/png"}],"twitter_card":"summary_large_image","twitter_misc":{"Dur\u00e9e de lecture estim\u00e9e":"3 minutes"},"schema":{"@context":"https:\/\/schema.org","@graph":[{"@type":"WebPage","@id":"https:\/\/ge24h.com\/fr\/producto\/tadacip-20mg\/","url":"https:\/\/ge24h.com\/fr\/producto\/tadacip-20mg\/","name":"Tadacip 20mg - Ge24h","isPartOf":{"@id":"https:\/\/ge24h.com\/#website"},"primaryImageOfPage":{"@id":"https:\/\/ge24h.com\/fr\/producto\/tadacip-20mg\/#primaryimage"},"image":{"@id":"https:\/\/ge24h.com\/fr\/producto\/tadacip-20mg\/#primaryimage"},"thumbnailUrl":"https:\/\/ge24h.com\/wp-content\/uploads\/tadacip-1.png","datePublished":"2025-05-21T11:09:33+00:00","dateModified":"2025-07-18T13:18:43+00:00","description":"Achetez du Tadacip 20 mg. Obtenez d\u00e8s maintenant les meilleurs m\u00e9dicaments g\u00e9n\u00e9riques au meilleur prix sur notre site web. Achetez des g\u00e9n\u00e9riques.","breadcrumb":{"@id":"https:\/\/ge24h.com\/fr\/producto\/tadacip-20mg\/#breadcrumb"},"inLanguage":"fr-FR","potentialAction":[{"@type":"ReadAction","target":["https:\/\/ge24h.com\/fr\/producto\/tadacip-20mg\/"]}]},{"@type":"ImageObject","inLanguage":"fr-FR","@id":"https:\/\/ge24h.com\/fr\/producto\/tadacip-20mg\/#primaryimage","url":"https:\/\/ge24h.com\/wp-content\/uploads\/tadacip-1.png","contentUrl":"https:\/\/ge24h.com\/wp-content\/uploads\/tadacip-1.png","width":800,"height":800,"caption":"Tadacip 20mg"},{"@type":"BreadcrumbList","@id":"https:\/\/ge24h.com\/fr\/producto\/tadacip-20mg\/#breadcrumb","itemListElement":[{"@type":"ListItem","position":1,"name":"Portada","item":"https:\/\/ge24h.com\/fr\/"},{"@type":"ListItem","position":2,"name":"boutique","item":"https:\/\/ge24h.com\/fr\/boutique\/"},{"@type":"ListItem","position":3,"name":"Tadacip 20mg"}]},{"@type":"WebSite","@id":"https:\/\/ge24h.com\/#website","url":"https:\/\/ge24h.com\/","name":"Ge24h","description":"Medicamentos Gen\u00e9ricos, Finpecia, Kamagra, Sidenafil, Tadalafil","publisher":{"@id":"https:\/\/ge24h.com\/#organization"},"potentialAction":[{"@type":"SearchAction","target":{"@type":"EntryPoint","urlTemplate":"https:\/\/ge24h.com\/?s={search_term_string}"},"query-input":{"@type":"PropertyValueSpecification","valueRequired":true,"valueName":"search_term_string"}}],"inLanguage":"fr-FR"},{"@type":"Organization","@id":"https:\/\/ge24h.com\/#organization","name":"Ge24h","url":"https:\/\/ge24h.com\/","logo":{"@type":"ImageObject","inLanguage":"fr-FR","@id":"https:\/\/ge24h.com\/#\/schema\/logo\/image\/","url":"https:\/\/ge24h.com\/wp-content\/uploads\/logo-1.svg","contentUrl":"https:\/\/ge24h.com\/wp-content\/uploads\/logo-1.svg","width":200,"height":58,"caption":"Ge24h"},"image":{"@id":"https:\/\/ge24h.com\/#\/schema\/logo\/image\/"}}]}},"_links":{"self":[{"href":"https:\/\/ge24h.com\/fr\/wp-json\/wp\/v2\/product\/6165","targetHints":{"allow":["GET"]}}],"collection":[{"href":"https:\/\/ge24h.com\/fr\/wp-json\/wp\/v2\/product"}],"about":[{"href":"https:\/\/ge24h.com\/fr\/wp-json\/wp\/v2\/types\/product"}],"replies":[{"embeddable":true,"href":"https:\/\/ge24h.com\/fr\/wp-json\/wp\/v2\/comments?post=6165"}],"wp:featuredmedia":[{"embeddable":true,"href":"https:\/\/ge24h.com\/fr\/wp-json\/wp\/v2\/media\/5048"}],"wp:attachment":[{"href":"https:\/\/ge24h.com\/fr\/wp-json\/wp\/v2\/media?parent=6165"}],"wp:term":[{"taxonomy":"product_brand","embeddable":true,"href":"https:\/\/ge24h.com\/fr\/wp-json\/wp\/v2\/product_brand?post=6165"},{"taxonomy":"product_cat","embeddable":true,"href":"https:\/\/ge24h.com\/fr\/wp-json\/wp\/v2\/product_cat?post=6165"},{"taxonomy":"product_tag","embeddable":true,"href":"https:\/\/ge24h.com\/fr\/wp-json\/wp\/v2\/product_tag?post=6165"}],"curies":[{"name":"wp","href":"https:\/\/api.w.org\/{rel}","templated":true}]}}