{"id":6158,"date":"2025-05-21T13:19:25","date_gmt":"2025-05-21T11:19:25","guid":{"rendered":"https:\/\/ge24h.com\/producto\/tadalis-sx-20mg\/"},"modified":"2025-07-18T15:04:31","modified_gmt":"2025-07-18T13:04:31","slug":"tadalis-sx-20mg","status":"publish","type":"product","link":"https:\/\/ge24h.com\/fr\/producto\/tadalis-sx-20mg\/","title":{"rendered":"Tadalis SX 20mg"},"content":{"rendered":"<h3><strong>Nom du m\u00e9dicament: <\/strong> Tadalis SX<br \/><\/h3>\n<h3><strong>Nom du m\u00e9dicament:<\/strong> Tadalafil<\/h3>\n<p>&nbsp;<\/p>\n<h4><strong>Quelle est la chose la plus importante que je devrais savoir sur Tadalis SX?<br \/><\/strong><\/h4>\n<ul>\n<li><strong>Tadalis SX promet une \u00e9rection seulement 45 minutes apr\u00e8s la consommation <\/strong> et <strong>est efficace pendant environ 24 \u00e0 36 heures.<\/strong><\/li>\n<li><strong>Il doit \u00eatre pris sous la surveillance de votre m\u00e9decin.<\/strong><\/li>\n<li><strong>Vous n\u2019obtiendrez pas d\u2019\u00e9rection simplement en prenant la pilule<\/strong> ; une stimulation sexuelle est n\u00e9cessaire.<\/li>\n<\/ul>\n<p>&nbsp;<\/p>\n<h4><strong>Qu&rsquo;est-ce que Tadalis SX?<br \/><\/strong><\/h4>\n<p>Tadalis SX (Tadalafil) est un m\u00e9dicament qui stimule l&rsquo;excitation. Son efficacit\u00e9 est optimale lorsqu&rsquo;il est pris au moins 30 minutes avant l&rsquo;activit\u00e9 sexuelle et peut durer jusqu&rsquo;\u00e0 24 \u00e0 36 heures apr\u00e8s la prise. <\/p>\n<p>Il peut \u00e9galement \u00eatre mentionn\u00e9 comme une option abordable pour ceux qui recherchent un <strong>traitement efficace contre la dysfonction \u00e9rectile \u00e0 un prix raisonnablement bas.<\/strong><\/p>\n<p>&nbsp;<\/p>\n<h4><strong>Que dois-je discuter avec mon m\u00e9decin avant de prendre Tadalis SX?<br \/><\/strong><\/h4>\n<ul>\n<li>Vous devez toujours consulter votre m\u00e9decin avant de commencer le traitement.<\/li>\n<li>N&rsquo;utilisez pas Tadalis SX \u00e0 d&rsquo;autres fins que celles prescrites par votre m\u00e9decin.<\/li>\n<li>Ne partagez pas ce m\u00e9dicament avec d\u2019autres personnes, car elles pourraient r\u00e9agir diff\u00e9remment et pr\u00e9senter des risques plus importants.<\/li>\n<li>Ce m\u00e9dicament ne prot\u00e8ge pas contre les maladies sexuellement transmissibles telles que le VIH, l\u2019h\u00e9patite B, la gonorrh\u00e9e ou la syphilis.<\/li>\n<\/ul>\n<p>&nbsp;<\/p>\n<h4><strong>Comment dois-je prendre Tadalis SX?<br \/><\/strong><\/h4>\n<ul>\n<li>Prenez ce m\u00e9dicament une fois par jour, au besoin ou selon les directives de votre m\u00e9decin.<\/li>\n<li>Il doit \u00eatre pris par voie orale avec un grand verre d&rsquo;eau, au moins 30 minutes avant l&rsquo;activit\u00e9 sexuelle pr\u00e9vue.<\/li>\n<li>Il peut \u00eatre pris avec ou sans nourriture.<\/li>\n<li>Cela peut aider \u00e0 obtenir une \u00e9rection uniquement en cas de stimulation sexuelle.<\/li>\n<\/ul>\n<p>&nbsp;<\/p>\n<h4><strong>Que se passe-t-il si j\u2019oublie de prendre une dose?<\/strong><\/h4>\n<p>Tadalis SX (Tadalafil) ne se prend qu&rsquo;en cas de besoin et ne n\u00e9cessite pas de sch\u00e9ma posologique structur\u00e9. Cependant, si vous prenez ce m\u00e9dicament tous les jours et que vous oubliez une dose, prenez-la d\u00e8s que vous vous en rendez compte. S&rsquo;il est presque l&rsquo;heure de votre dose suivante, attendez jusqu&rsquo;\u00e0 ce moment-l\u00e0 pour prendre le m\u00e9dicament et sautez la dose oubli\u00e9e. <strong>Ne prenez pas de dose suppl\u00e9mentaire pour compenser une dose oubli\u00e9e. <\/strong>  <\/p>\n<p>&nbsp;<\/p>\n<h4><strong>Que se passe-t-il en cas de surdose?<\/strong><\/h4>\n<p>Si vous ressentez l\u2019un des sympt\u00f4mes suivants pendant que vous utilisez ce m\u00e9dicament ou si vous pensez en avoir pris trop, <strong>consultez imm\u00e9diatement un m\u00e9decin: <\/strong> <\/p>\n<ul>\n<li>Douleur thoracique<\/li>\n<li>Naus\u00e9eux<\/li>\n<li>Battements de c\u0153ur irr\u00e9guliers<\/li>\n<li>Sensation de vertige ou perte de connaissance<\/li>\n<\/ul>\n<p>Contactez votre centre antipoison <strong>local ou les services m\u00e9dicaux d\u2019urgence.<\/strong><\/p>\n<p>&nbsp;<\/p>\n<h4><strong>Que dois-je \u00e9viter pendant que je prends Tadalis SX?<br \/><\/strong><\/h4>\n<ul>\n<li><strong>N\u2019utilisez pas ce m\u00e9dicament \u00e0 d\u2019autres fins que celles prescrites par votre m\u00e9decin. <\/strong><\/li>\n<li><strong>Ne le partagez pas avec d\u2019autres personnes, <\/strong> m\u00eame si elles pr\u00e9sentent des sympt\u00f4mes similaires.<\/li>\n<\/ul>\n<p>&nbsp;<\/p>\n<h4><strong>Quels sont les effets secondaires possibles de Tadalis SX ?<\/strong><\/h4>\n<h4><strong>Effets graves:<\/strong><\/h4>\n<ul>\n<li>Douleur thoracique<\/li>\n<li>Naus\u00e9eux<\/li>\n<li>Battements de c\u0153ur irr\u00e9guliers<\/li>\n<li>Sensation de vertige ou perte de connaissance<\/li>\n<\/ul>\n<p>&nbsp;<\/p>\n<h4><strong>Comment dois-je conserver Tadalis SX?<\/strong><\/h4>\n<ul>\n<li>Conservez ce m\u00e9dicament \u00e0 temp\u00e9rature ambiante, entre <strong> 59 et 86 degr\u00e9s F<\/strong> (15-30 degr\u00e9s C), \u00e0 l\u2019abri de la lumi\u00e8re et de l\u2019humidit\u00e9.<\/li>\n<li><strong>Gardez ce m\u00e9dicament et tous les m\u00e9dicaments hors de port\u00e9e des enfants.<\/strong><\/li>\n<\/ul>\n<p>&nbsp;<\/p>\n<h4><strong>Remarque importante:<br \/><\/strong><\/h4>\n<p>Les informations ci-dessus sont destin\u00e9es \u00e0 <strong>compl\u00e9ter, et non \u00e0 remplacer,<\/strong> les connaissances et le jugement de votre m\u00e9decin, pharmacien ou autre professionnel de sant\u00e9. <strong> La prise de ce m\u00e9dicament ne doit pas \u00eatre consid\u00e9r\u00e9e comme s\u00fbre, appropri\u00e9e ou efficace sans l&rsquo;avis d&rsquo;un professionnel de la sant\u00e9..<\/strong> <\/p>\n","protected":false},"excerpt":{"rendered":"<p><span class=\"hps\">Voulez-vous faire votre<\/span> <span class=\"hps\">plus de vie sexuelle<\/span> <span class=\"hps\">passionnant?<\/span> <span class=\"hps\">Donc<\/span> <span class=\"hps\">Tadalis<\/span> <span class=\"hps\">SX<\/span> <span class=\"hps\">C&rsquo;est un m\u00e9dicament<\/span> <span class=\"hps\">g\u00e9n\u00e9rique<\/span> <span class=\"hps\">qui est pour<\/span> <span class=\"hps\">toi!<\/span> <span class=\"hps\">Ce m\u00e9dicament<\/span> <span class=\"hps\">permet aux hommes<\/span> <span class=\"hps\">pour profiter de la<\/span> <span class=\"hps\">effet<\/span> <span class=\"hps\">satisfaisant<\/span> <span class=\"hps\">de<\/span> <span class=\"hps\">un<\/span> <span class=\"hps\">\u00e9rection durable.<\/span><\/p>\n<ul>\n<li>\u00c9rection efficace en seulement 45 minutes.<\/li>\n<li>Longue dur\u00e9e de 24 \u00e0 36 heures.<\/li>\n<li>Il peut \u00eatre pris avec ou sans nourriture.<\/li>\n<\/ul>\n","protected":false},"featured_media":5056,"comment_status":"open","ping_status":"closed","template":"","meta":[],"product_brand":[499],"product_cat":[351,359],"product_tag":[],"class_list":{"0":"post-6158","1":"product","2":"type-product","3":"status-publish","4":"has-post-thumbnail","6":"product_brand-ajanta-2","7":"product_cat-sante-des-hommes","8":"product_cat-en-vedette","10":"first","11":"instock","12":"taxable","13":"shipping-taxable","14":"purchasable","15":"product-type-variable"},"yoast_head":"<!-- This site is optimized with the Yoast SEO plugin v25.6 - https:\/\/yoast.com\/wordpress\/plugins\/seo\/ -->\n<title>Tadalis SX 20mg - Ge24h<\/title>\n<meta name=\"description\" content=\"Achetez du Tadalis SX 20 mg. Obtenez d\u00e8s maintenant les meilleurs m\u00e9dicaments g\u00e9n\u00e9riques au meilleur prix sur notre site web. Achetez des g\u00e9n\u00e9riques.\" \/>\n<meta name=\"robots\" content=\"index, follow, max-snippet:-1, max-image-preview:large, max-video-preview:-1\" \/>\n<link rel=\"canonical\" href=\"https:\/\/ge24h.com\/fr\/producto\/tadalis-sx-20mg\/\" \/>\n<meta property=\"og:locale\" content=\"fr_FR\" \/>\n<meta property=\"og:type\" content=\"article\" \/>\n<meta property=\"og:title\" content=\"Tadalis SX 20mg - Ge24h\" \/>\n<meta property=\"og:description\" content=\"Achetez du Tadalis SX 20 mg. Obtenez d\u00e8s maintenant les meilleurs m\u00e9dicaments g\u00e9n\u00e9riques au meilleur prix sur notre site web. Achetez des g\u00e9n\u00e9riques.\" \/>\n<meta property=\"og:url\" content=\"https:\/\/ge24h.com\/fr\/producto\/tadalis-sx-20mg\/\" \/>\n<meta property=\"og:site_name\" content=\"Ge24h\" \/>\n<meta property=\"article:modified_time\" content=\"2025-07-18T13:04:31+00:00\" \/>\n<meta property=\"og:image\" content=\"https:\/\/ge24h.com\/wp-content\/uploads\/tadalis-sx-1.png\" \/>\n\t<meta property=\"og:image:width\" content=\"800\" \/>\n\t<meta property=\"og:image:height\" content=\"800\" \/>\n\t<meta property=\"og:image:type\" content=\"image\/png\" \/>\n<meta name=\"twitter:card\" content=\"summary_large_image\" \/>\n<meta name=\"twitter:label1\" content=\"Dur\u00e9e de lecture estim\u00e9e\" \/>\n\t<meta name=\"twitter:data1\" content=\"3 minutes\" \/>\n<script type=\"application\/ld+json\" class=\"yoast-schema-graph\">{\"@context\":\"https:\/\/schema.org\",\"@graph\":[{\"@type\":\"WebPage\",\"@id\":\"https:\/\/ge24h.com\/fr\/producto\/tadalis-sx-20mg\/\",\"url\":\"https:\/\/ge24h.com\/fr\/producto\/tadalis-sx-20mg\/\",\"name\":\"Tadalis SX 20mg - Ge24h\",\"isPartOf\":{\"@id\":\"https:\/\/ge24h.com\/#website\"},\"primaryImageOfPage\":{\"@id\":\"https:\/\/ge24h.com\/fr\/producto\/tadalis-sx-20mg\/#primaryimage\"},\"image\":{\"@id\":\"https:\/\/ge24h.com\/fr\/producto\/tadalis-sx-20mg\/#primaryimage\"},\"thumbnailUrl\":\"https:\/\/ge24h.com\/wp-content\/uploads\/tadalis-sx-1.png\",\"datePublished\":\"2025-05-21T11:19:25+00:00\",\"dateModified\":\"2025-07-18T13:04:31+00:00\",\"description\":\"Achetez du Tadalis SX 20 mg. Obtenez d\u00e8s maintenant les meilleurs m\u00e9dicaments g\u00e9n\u00e9riques au meilleur prix sur notre site web. Achetez des g\u00e9n\u00e9riques.\",\"breadcrumb\":{\"@id\":\"https:\/\/ge24h.com\/fr\/producto\/tadalis-sx-20mg\/#breadcrumb\"},\"inLanguage\":\"fr-FR\",\"potentialAction\":[{\"@type\":\"ReadAction\",\"target\":[\"https:\/\/ge24h.com\/fr\/producto\/tadalis-sx-20mg\/\"]}]},{\"@type\":\"ImageObject\",\"inLanguage\":\"fr-FR\",\"@id\":\"https:\/\/ge24h.com\/fr\/producto\/tadalis-sx-20mg\/#primaryimage\",\"url\":\"https:\/\/ge24h.com\/wp-content\/uploads\/tadalis-sx-1.png\",\"contentUrl\":\"https:\/\/ge24h.com\/wp-content\/uploads\/tadalis-sx-1.png\",\"width\":800,\"height\":800,\"caption\":\"Tadalis SX 20mg\"},{\"@type\":\"BreadcrumbList\",\"@id\":\"https:\/\/ge24h.com\/fr\/producto\/tadalis-sx-20mg\/#breadcrumb\",\"itemListElement\":[{\"@type\":\"ListItem\",\"position\":1,\"name\":\"Portada\",\"item\":\"https:\/\/ge24h.com\/fr\/\"},{\"@type\":\"ListItem\",\"position\":2,\"name\":\"boutique\",\"item\":\"https:\/\/ge24h.com\/fr\/boutique\/\"},{\"@type\":\"ListItem\",\"position\":3,\"name\":\"Tadalis SX 20mg\"}]},{\"@type\":\"WebSite\",\"@id\":\"https:\/\/ge24h.com\/#website\",\"url\":\"https:\/\/ge24h.com\/\",\"name\":\"Ge24h\",\"description\":\"Medicamentos Gen\u00e9ricos, Finpecia, Kamagra, Sidenafil, Tadalafil\",\"publisher\":{\"@id\":\"https:\/\/ge24h.com\/#organization\"},\"potentialAction\":[{\"@type\":\"SearchAction\",\"target\":{\"@type\":\"EntryPoint\",\"urlTemplate\":\"https:\/\/ge24h.com\/?s={search_term_string}\"},\"query-input\":{\"@type\":\"PropertyValueSpecification\",\"valueRequired\":true,\"valueName\":\"search_term_string\"}}],\"inLanguage\":\"fr-FR\"},{\"@type\":\"Organization\",\"@id\":\"https:\/\/ge24h.com\/#organization\",\"name\":\"Ge24h\",\"url\":\"https:\/\/ge24h.com\/\",\"logo\":{\"@type\":\"ImageObject\",\"inLanguage\":\"fr-FR\",\"@id\":\"https:\/\/ge24h.com\/#\/schema\/logo\/image\/\",\"url\":\"https:\/\/ge24h.com\/wp-content\/uploads\/logo-1.svg\",\"contentUrl\":\"https:\/\/ge24h.com\/wp-content\/uploads\/logo-1.svg\",\"width\":200,\"height\":58,\"caption\":\"Ge24h\"},\"image\":{\"@id\":\"https:\/\/ge24h.com\/#\/schema\/logo\/image\/\"}}]}<\/script>\n<!-- \/ Yoast SEO plugin. -->","yoast_head_json":{"title":"Tadalis SX 20mg - Ge24h","description":"Achetez du Tadalis SX 20 mg. Obtenez d\u00e8s maintenant les meilleurs m\u00e9dicaments g\u00e9n\u00e9riques au meilleur prix sur notre site web. Achetez des g\u00e9n\u00e9riques.","robots":{"index":"index","follow":"follow","max-snippet":"max-snippet:-1","max-image-preview":"max-image-preview:large","max-video-preview":"max-video-preview:-1"},"canonical":"https:\/\/ge24h.com\/fr\/producto\/tadalis-sx-20mg\/","og_locale":"fr_FR","og_type":"article","og_title":"Tadalis SX 20mg - Ge24h","og_description":"Achetez du Tadalis SX 20 mg. Obtenez d\u00e8s maintenant les meilleurs m\u00e9dicaments g\u00e9n\u00e9riques au meilleur prix sur notre site web. Achetez des g\u00e9n\u00e9riques.","og_url":"https:\/\/ge24h.com\/fr\/producto\/tadalis-sx-20mg\/","og_site_name":"Ge24h","article_modified_time":"2025-07-18T13:04:31+00:00","og_image":[{"width":800,"height":800,"url":"https:\/\/ge24h.com\/wp-content\/uploads\/tadalis-sx-1.png","type":"image\/png"}],"twitter_card":"summary_large_image","twitter_misc":{"Dur\u00e9e de lecture estim\u00e9e":"3 minutes"},"schema":{"@context":"https:\/\/schema.org","@graph":[{"@type":"WebPage","@id":"https:\/\/ge24h.com\/fr\/producto\/tadalis-sx-20mg\/","url":"https:\/\/ge24h.com\/fr\/producto\/tadalis-sx-20mg\/","name":"Tadalis SX 20mg - Ge24h","isPartOf":{"@id":"https:\/\/ge24h.com\/#website"},"primaryImageOfPage":{"@id":"https:\/\/ge24h.com\/fr\/producto\/tadalis-sx-20mg\/#primaryimage"},"image":{"@id":"https:\/\/ge24h.com\/fr\/producto\/tadalis-sx-20mg\/#primaryimage"},"thumbnailUrl":"https:\/\/ge24h.com\/wp-content\/uploads\/tadalis-sx-1.png","datePublished":"2025-05-21T11:19:25+00:00","dateModified":"2025-07-18T13:04:31+00:00","description":"Achetez du Tadalis SX 20 mg. Obtenez d\u00e8s maintenant les meilleurs m\u00e9dicaments g\u00e9n\u00e9riques au meilleur prix sur notre site web. Achetez des g\u00e9n\u00e9riques.","breadcrumb":{"@id":"https:\/\/ge24h.com\/fr\/producto\/tadalis-sx-20mg\/#breadcrumb"},"inLanguage":"fr-FR","potentialAction":[{"@type":"ReadAction","target":["https:\/\/ge24h.com\/fr\/producto\/tadalis-sx-20mg\/"]}]},{"@type":"ImageObject","inLanguage":"fr-FR","@id":"https:\/\/ge24h.com\/fr\/producto\/tadalis-sx-20mg\/#primaryimage","url":"https:\/\/ge24h.com\/wp-content\/uploads\/tadalis-sx-1.png","contentUrl":"https:\/\/ge24h.com\/wp-content\/uploads\/tadalis-sx-1.png","width":800,"height":800,"caption":"Tadalis SX 20mg"},{"@type":"BreadcrumbList","@id":"https:\/\/ge24h.com\/fr\/producto\/tadalis-sx-20mg\/#breadcrumb","itemListElement":[{"@type":"ListItem","position":1,"name":"Portada","item":"https:\/\/ge24h.com\/fr\/"},{"@type":"ListItem","position":2,"name":"boutique","item":"https:\/\/ge24h.com\/fr\/boutique\/"},{"@type":"ListItem","position":3,"name":"Tadalis SX 20mg"}]},{"@type":"WebSite","@id":"https:\/\/ge24h.com\/#website","url":"https:\/\/ge24h.com\/","name":"Ge24h","description":"Medicamentos Gen\u00e9ricos, Finpecia, Kamagra, Sidenafil, Tadalafil","publisher":{"@id":"https:\/\/ge24h.com\/#organization"},"potentialAction":[{"@type":"SearchAction","target":{"@type":"EntryPoint","urlTemplate":"https:\/\/ge24h.com\/?s={search_term_string}"},"query-input":{"@type":"PropertyValueSpecification","valueRequired":true,"valueName":"search_term_string"}}],"inLanguage":"fr-FR"},{"@type":"Organization","@id":"https:\/\/ge24h.com\/#organization","name":"Ge24h","url":"https:\/\/ge24h.com\/","logo":{"@type":"ImageObject","inLanguage":"fr-FR","@id":"https:\/\/ge24h.com\/#\/schema\/logo\/image\/","url":"https:\/\/ge24h.com\/wp-content\/uploads\/logo-1.svg","contentUrl":"https:\/\/ge24h.com\/wp-content\/uploads\/logo-1.svg","width":200,"height":58,"caption":"Ge24h"},"image":{"@id":"https:\/\/ge24h.com\/#\/schema\/logo\/image\/"}}]}},"_links":{"self":[{"href":"https:\/\/ge24h.com\/fr\/wp-json\/wp\/v2\/product\/6158","targetHints":{"allow":["GET"]}}],"collection":[{"href":"https:\/\/ge24h.com\/fr\/wp-json\/wp\/v2\/product"}],"about":[{"href":"https:\/\/ge24h.com\/fr\/wp-json\/wp\/v2\/types\/product"}],"replies":[{"embeddable":true,"href":"https:\/\/ge24h.com\/fr\/wp-json\/wp\/v2\/comments?post=6158"}],"wp:featuredmedia":[{"embeddable":true,"href":"https:\/\/ge24h.com\/fr\/wp-json\/wp\/v2\/media\/5056"}],"wp:attachment":[{"href":"https:\/\/ge24h.com\/fr\/wp-json\/wp\/v2\/media?parent=6158"}],"wp:term":[{"taxonomy":"product_brand","embeddable":true,"href":"https:\/\/ge24h.com\/fr\/wp-json\/wp\/v2\/product_brand?post=6158"},{"taxonomy":"product_cat","embeddable":true,"href":"https:\/\/ge24h.com\/fr\/wp-json\/wp\/v2\/product_cat?post=6158"},{"taxonomy":"product_tag","embeddable":true,"href":"https:\/\/ge24h.com\/fr\/wp-json\/wp\/v2\/product_tag?post=6158"}],"curies":[{"name":"wp","href":"https:\/\/api.w.org\/{rel}","templated":true}]}}