{"id":6151,"date":"2025-05-19T16:05:46","date_gmt":"2025-05-19T14:05:46","guid":{"rendered":"https:\/\/ge24h.com\/producto\/penegra-100mg\/"},"modified":"2025-07-18T13:04:23","modified_gmt":"2025-07-18T11:04:23","slug":"penegra-100mg","status":"publish","type":"product","link":"https:\/\/ge24h.com\/fr\/producto\/penegra-100mg\/","title":{"rendered":"Penegra 100mg"},"content":{"rendered":"<h3><strong>Nom du m\u00e9dicament:<\/strong> Penegra<\/h3>\n<h3><strong>Nom g\u00e9n\u00e9ral:<\/strong> Citrate de sild\u00e9nafil<\/h3>\n<p>&nbsp;<\/p>\n<h4><strong>Quelle est la chose la plus importante que je devrais savoir sur Penegra?<\/strong><\/h4>\n<ul>\n<li>Penegra est un comprim\u00e9 puissant de 100 mg qui offre les m\u00eames r\u00e9sultats que le petit comprim\u00e9 bleu traditionnel.<\/li>\n<li>La principale raison de sa popularit\u00e9 r\u00e9side dans ses prix incroyablement bas. Penegra est \u00e0 la fois efficace et abordable. <\/li>\n<\/ul>\n<p>&nbsp;<\/p>\n<h4><strong>Qu&rsquo;est-ce que Penegra?<br \/><\/strong><\/h4>\n<p>Penegra est l&rsquo;une des variantes g\u00e9n\u00e9riques du citrate de sild\u00e9nafil, un m\u00e9dicament utilis\u00e9 pour traiter la dysfonction \u00e9rectile. Il offre les m\u00eames effets que le m\u00e9dicament original, favorisant la relaxation musculaire et augmentant le flux sanguin vers des zones sp\u00e9cifiques pour obtenir une \u00e9rection lors de la stimulation sexuelle. <\/p>\n<h4><strong>Que dois-je discuter avec mon m\u00e9decin avant de prendre Penegra?<br \/><\/strong><\/h4>\n<p>Ne prenez pas Penegra pour un autre usage que celui prescrit par votre m\u00e9decin. Ne partagez pas ce m\u00e9dicament avec d&rsquo;autres personnes, car elles pourraient souffrir d&rsquo;affections pour lesquelles ce m\u00e9dicament n&rsquo;est pas adapt\u00e9. Penegra ne prot\u00e8ge pas contre les maladies sexuellement transmissibles (par exemple, VIH, h\u00e9patite B, gonorrh\u00e9e, syphilis).  <\/p>\n<p>&nbsp;<\/p>\n<h4><strong>Comment dois-je prendre Penegra?<br \/><\/strong><\/h4>\n<ul>\n<li>Le citrate de sild\u00e9nafil est administr\u00e9 par voie orale, entre 30 minutes et 4 heures avant le rapport sexuel (le meilleur effet est obtenu en prenant le m\u00e9dicament 1 heure avant le rapport sexuel).<\/li>\n<li>Prendre uniquement comme indiqu\u00e9, un comprim\u00e9 par jour au besoin.<\/li>\n<li>Ce m\u00e9dicament n&rsquo;agit que s&rsquo;il y a stimulation sexuelle.<\/li>\n<\/ul>\n<p>&nbsp;<\/p>\n<h4><strong>Que se passe-t-il si j\u2019oublie de prendre une dose?<\/strong><\/h4>\n<p>Le citrate de sild\u00e9nafil n&rsquo;est pris qu&rsquo;en cas de besoin, il est donc rare d&rsquo;oublier une dose.<\/p>\n<p>&nbsp;<\/p>\n<h4><strong>Que se passe-t-il en cas de surdose?<\/strong><\/h4>\n<p>Les sympt\u00f4mes associ\u00e9s \u00e0 un surdosage peuvent inclure:<\/p>\n<ul>\n<li>Vertiges s\u00e9v\u00e8res<\/li>\n<li>Fatigue<\/li>\n<li>\u00c9rections prolong\u00e9es<\/li>\n<\/ul>\n<p><strong>En cas de surdosage du m\u00e9dicament, consultez imm\u00e9diatement un m\u00e9decin.<br \/><\/strong><\/p>\n<p>&nbsp;<\/p>\n<h4><strong>Que dois-je \u00e9viter pendant que je prends Penegra?<br \/><\/strong><\/h4>\n<p>Remarque importante : Les informations fournies sont fournies \u00e0 titre informatif uniquement et ne doivent pas se substituer \u00e0 l&rsquo;avis de votre m\u00e9decin, pharmacien ou autre professionnel de la sant\u00e9. La prise de ce m\u00e9dicament ne doit pas \u00eatre consid\u00e9r\u00e9e comme s\u00fbre, appropri\u00e9e ou efficace sans surveillance m\u00e9dicale. <\/p>\n<p>&nbsp;<\/p>\n<h4><strong>Quels sont les effets secondaires possibles de Penegra?<br \/><\/strong><\/h4>\n<p>Lors de l&rsquo;utilisation du citrate de sild\u00e9nafil, les effets secondaires suivants peuvent \u00eatre observ\u00e9s:<\/p>\n<ul>\n<li>Mal de t\u00eate<\/li>\n<li>Rougeur du visage<\/li>\n<li>Maux d&rsquo;estomac<\/li>\n<li>Congestion nasale<\/li>\n<li>Diarrh\u00e9e<\/li>\n<li>Vertiges<\/li>\n<\/ul>\n<p>Si ces sympt\u00f4mes persistent ou s\u2019aggravent, pr\u00e9venez imm\u00e9diatement votre m\u00e9decin.<\/p>\n<p>Si les effets secondaires suivants surviennent, consultez imm\u00e9diatement un m\u00e9decin:<\/p>\n<ul>\n<li>Douleur ou autre inconfort lors de la miction<\/li>\n<li>Probl\u00e8mes de vision<\/li>\n<li>\u00c9ruptions cutan\u00e9es<\/li>\n<li>Douleur thoracique<\/li>\n<li>\u00c9vanouissement<\/li>\n<li>Gonflement des chevilles ou des pieds<\/li>\n<\/ul>\n<p><strong>Si vous ressentez une \u00e9rection prolong\u00e9e (plus de 4 heures) ou douloureuse, cessez d\u2019utiliser le m\u00e9dicament et consultez imm\u00e9diatement un m\u00e9decin.<br \/><\/strong><\/p>\n<p>Si vous remarquez des sympt\u00f4mes ou des effets secondaires non mentionn\u00e9s ci-dessus, consultez votre m\u00e9decin ou votre pharmacien.<\/p>\n<p>&nbsp;<\/p>\n<h4><strong>Comment conserver Penegra?<br \/><\/strong><\/h4>\n<p>Conservez le m\u00e9dicament \u00e0 temp\u00e9rature ambiante, entre 15 et 30 \u00b0C (59 et 86 \u00b0F), \u00e0 l&rsquo;abri de la lumi\u00e8re et de l&rsquo;humidit\u00e9. TENEZ CE M\u00c9DICAMENT ET TOUT AUTRE M\u00c9DICAMENT HORS DE LA PORT\u00c9E DES ENFANTS. <\/p>\n<p>&nbsp;<\/p>\n","protected":false},"excerpt":{"rendered":"<p>Depuis le lancement officiel du citrate de sild\u00e9nafil il y a plus de dix ans, les fabricants g\u00e9n\u00e9riques les plus prestigieux au monde se consacrent \u00e0 la recherche et au d\u00e9veloppement de formulations g\u00e9n\u00e9riques de citrate de sild\u00e9nafil.<\/p>\n<ul>\n<li>Dose puissante de 100 mg.<\/li>\n<li>Efficacit\u00e9 garantie.<\/li>\n<li>Voie orale.<\/li>\n<\/ul>\n","protected":false},"featured_media":5040,"comment_status":"open","ping_status":"closed","template":"","meta":[],"product_brand":[345],"product_cat":[351,359],"product_tag":[],"class_list":{"0":"post-6151","1":"product","2":"type-product","3":"status-publish","4":"has-post-thumbnail","6":"product_brand-zydus","7":"product_cat-sante-des-hommes","8":"product_cat-en-vedette","10":"first","11":"instock","12":"taxable","13":"shipping-taxable","14":"purchasable","15":"product-type-variable"},"yoast_head":"<!-- This site is optimized with the Yoast SEO plugin v25.6 - https:\/\/yoast.com\/wordpress\/plugins\/seo\/ -->\n<title>Penegra 100mg - Ge24h<\/title>\n<meta name=\"description\" content=\"Achetez Penegra 100 mg. Obtenez d\u00e8s maintenant les meilleurs m\u00e9dicaments g\u00e9n\u00e9riques au meilleur prix sur notre site web. Achetez des g\u00e9n\u00e9riques.\" \/>\n<meta name=\"robots\" content=\"index, follow, max-snippet:-1, max-image-preview:large, max-video-preview:-1\" \/>\n<link rel=\"canonical\" href=\"https:\/\/ge24h.com\/fr\/producto\/penegra-100mg\/\" \/>\n<meta property=\"og:locale\" content=\"fr_FR\" \/>\n<meta property=\"og:type\" content=\"article\" \/>\n<meta property=\"og:title\" content=\"Penegra 100mg - Ge24h\" \/>\n<meta property=\"og:description\" content=\"Achetez Penegra 100 mg. Obtenez d\u00e8s maintenant les meilleurs m\u00e9dicaments g\u00e9n\u00e9riques au meilleur prix sur notre site web. Achetez des g\u00e9n\u00e9riques.\" \/>\n<meta property=\"og:url\" content=\"https:\/\/ge24h.com\/fr\/producto\/penegra-100mg\/\" \/>\n<meta property=\"og:site_name\" content=\"Ge24h\" \/>\n<meta property=\"article:modified_time\" content=\"2025-07-18T11:04:23+00:00\" \/>\n<meta property=\"og:image\" content=\"https:\/\/ge24h.com\/wp-content\/uploads\/penegra-1.png\" \/>\n\t<meta property=\"og:image:width\" content=\"800\" \/>\n\t<meta property=\"og:image:height\" content=\"800\" \/>\n\t<meta property=\"og:image:type\" content=\"image\/png\" \/>\n<meta name=\"twitter:card\" content=\"summary_large_image\" \/>\n<meta name=\"twitter:label1\" content=\"Dur\u00e9e de lecture estim\u00e9e\" \/>\n\t<meta name=\"twitter:data1\" content=\"3 minutes\" \/>\n<script type=\"application\/ld+json\" class=\"yoast-schema-graph\">{\"@context\":\"https:\/\/schema.org\",\"@graph\":[{\"@type\":\"WebPage\",\"@id\":\"https:\/\/ge24h.com\/fr\/producto\/penegra-100mg\/\",\"url\":\"https:\/\/ge24h.com\/fr\/producto\/penegra-100mg\/\",\"name\":\"Penegra 100mg - Ge24h\",\"isPartOf\":{\"@id\":\"https:\/\/ge24h.com\/#website\"},\"primaryImageOfPage\":{\"@id\":\"https:\/\/ge24h.com\/fr\/producto\/penegra-100mg\/#primaryimage\"},\"image\":{\"@id\":\"https:\/\/ge24h.com\/fr\/producto\/penegra-100mg\/#primaryimage\"},\"thumbnailUrl\":\"https:\/\/ge24h.com\/wp-content\/uploads\/penegra-1.png\",\"datePublished\":\"2025-05-19T14:05:46+00:00\",\"dateModified\":\"2025-07-18T11:04:23+00:00\",\"description\":\"Achetez Penegra 100 mg. Obtenez d\u00e8s maintenant les meilleurs m\u00e9dicaments g\u00e9n\u00e9riques au meilleur prix sur notre site web. Achetez des g\u00e9n\u00e9riques.\",\"breadcrumb\":{\"@id\":\"https:\/\/ge24h.com\/fr\/producto\/penegra-100mg\/#breadcrumb\"},\"inLanguage\":\"fr-FR\",\"potentialAction\":[{\"@type\":\"ReadAction\",\"target\":[\"https:\/\/ge24h.com\/fr\/producto\/penegra-100mg\/\"]}]},{\"@type\":\"ImageObject\",\"inLanguage\":\"fr-FR\",\"@id\":\"https:\/\/ge24h.com\/fr\/producto\/penegra-100mg\/#primaryimage\",\"url\":\"https:\/\/ge24h.com\/wp-content\/uploads\/penegra-1.png\",\"contentUrl\":\"https:\/\/ge24h.com\/wp-content\/uploads\/penegra-1.png\",\"width\":800,\"height\":800,\"caption\":\"Penegra 100mg\"},{\"@type\":\"BreadcrumbList\",\"@id\":\"https:\/\/ge24h.com\/fr\/producto\/penegra-100mg\/#breadcrumb\",\"itemListElement\":[{\"@type\":\"ListItem\",\"position\":1,\"name\":\"Portada\",\"item\":\"https:\/\/ge24h.com\/fr\/\"},{\"@type\":\"ListItem\",\"position\":2,\"name\":\"boutique\",\"item\":\"https:\/\/ge24h.com\/fr\/boutique\/\"},{\"@type\":\"ListItem\",\"position\":3,\"name\":\"Penegra 100mg\"}]},{\"@type\":\"WebSite\",\"@id\":\"https:\/\/ge24h.com\/#website\",\"url\":\"https:\/\/ge24h.com\/\",\"name\":\"Ge24h\",\"description\":\"Medicamentos Gen\u00e9ricos, Finpecia, Kamagra, Sidenafil, Tadalafil\",\"publisher\":{\"@id\":\"https:\/\/ge24h.com\/#organization\"},\"potentialAction\":[{\"@type\":\"SearchAction\",\"target\":{\"@type\":\"EntryPoint\",\"urlTemplate\":\"https:\/\/ge24h.com\/?s={search_term_string}\"},\"query-input\":{\"@type\":\"PropertyValueSpecification\",\"valueRequired\":true,\"valueName\":\"search_term_string\"}}],\"inLanguage\":\"fr-FR\"},{\"@type\":\"Organization\",\"@id\":\"https:\/\/ge24h.com\/#organization\",\"name\":\"Ge24h\",\"url\":\"https:\/\/ge24h.com\/\",\"logo\":{\"@type\":\"ImageObject\",\"inLanguage\":\"fr-FR\",\"@id\":\"https:\/\/ge24h.com\/#\/schema\/logo\/image\/\",\"url\":\"https:\/\/ge24h.com\/wp-content\/uploads\/logo-1.svg\",\"contentUrl\":\"https:\/\/ge24h.com\/wp-content\/uploads\/logo-1.svg\",\"width\":200,\"height\":58,\"caption\":\"Ge24h\"},\"image\":{\"@id\":\"https:\/\/ge24h.com\/#\/schema\/logo\/image\/\"}}]}<\/script>\n<!-- \/ Yoast SEO plugin. -->","yoast_head_json":{"title":"Penegra 100mg - Ge24h","description":"Achetez Penegra 100 mg. Obtenez d\u00e8s maintenant les meilleurs m\u00e9dicaments g\u00e9n\u00e9riques au meilleur prix sur notre site web. Achetez des g\u00e9n\u00e9riques.","robots":{"index":"index","follow":"follow","max-snippet":"max-snippet:-1","max-image-preview":"max-image-preview:large","max-video-preview":"max-video-preview:-1"},"canonical":"https:\/\/ge24h.com\/fr\/producto\/penegra-100mg\/","og_locale":"fr_FR","og_type":"article","og_title":"Penegra 100mg - Ge24h","og_description":"Achetez Penegra 100 mg. Obtenez d\u00e8s maintenant les meilleurs m\u00e9dicaments g\u00e9n\u00e9riques au meilleur prix sur notre site web. Achetez des g\u00e9n\u00e9riques.","og_url":"https:\/\/ge24h.com\/fr\/producto\/penegra-100mg\/","og_site_name":"Ge24h","article_modified_time":"2025-07-18T11:04:23+00:00","og_image":[{"width":800,"height":800,"url":"https:\/\/ge24h.com\/wp-content\/uploads\/penegra-1.png","type":"image\/png"}],"twitter_card":"summary_large_image","twitter_misc":{"Dur\u00e9e de lecture estim\u00e9e":"3 minutes"},"schema":{"@context":"https:\/\/schema.org","@graph":[{"@type":"WebPage","@id":"https:\/\/ge24h.com\/fr\/producto\/penegra-100mg\/","url":"https:\/\/ge24h.com\/fr\/producto\/penegra-100mg\/","name":"Penegra 100mg - Ge24h","isPartOf":{"@id":"https:\/\/ge24h.com\/#website"},"primaryImageOfPage":{"@id":"https:\/\/ge24h.com\/fr\/producto\/penegra-100mg\/#primaryimage"},"image":{"@id":"https:\/\/ge24h.com\/fr\/producto\/penegra-100mg\/#primaryimage"},"thumbnailUrl":"https:\/\/ge24h.com\/wp-content\/uploads\/penegra-1.png","datePublished":"2025-05-19T14:05:46+00:00","dateModified":"2025-07-18T11:04:23+00:00","description":"Achetez Penegra 100 mg. Obtenez d\u00e8s maintenant les meilleurs m\u00e9dicaments g\u00e9n\u00e9riques au meilleur prix sur notre site web. Achetez des g\u00e9n\u00e9riques.","breadcrumb":{"@id":"https:\/\/ge24h.com\/fr\/producto\/penegra-100mg\/#breadcrumb"},"inLanguage":"fr-FR","potentialAction":[{"@type":"ReadAction","target":["https:\/\/ge24h.com\/fr\/producto\/penegra-100mg\/"]}]},{"@type":"ImageObject","inLanguage":"fr-FR","@id":"https:\/\/ge24h.com\/fr\/producto\/penegra-100mg\/#primaryimage","url":"https:\/\/ge24h.com\/wp-content\/uploads\/penegra-1.png","contentUrl":"https:\/\/ge24h.com\/wp-content\/uploads\/penegra-1.png","width":800,"height":800,"caption":"Penegra 100mg"},{"@type":"BreadcrumbList","@id":"https:\/\/ge24h.com\/fr\/producto\/penegra-100mg\/#breadcrumb","itemListElement":[{"@type":"ListItem","position":1,"name":"Portada","item":"https:\/\/ge24h.com\/fr\/"},{"@type":"ListItem","position":2,"name":"boutique","item":"https:\/\/ge24h.com\/fr\/boutique\/"},{"@type":"ListItem","position":3,"name":"Penegra 100mg"}]},{"@type":"WebSite","@id":"https:\/\/ge24h.com\/#website","url":"https:\/\/ge24h.com\/","name":"Ge24h","description":"Medicamentos Gen\u00e9ricos, Finpecia, Kamagra, Sidenafil, Tadalafil","publisher":{"@id":"https:\/\/ge24h.com\/#organization"},"potentialAction":[{"@type":"SearchAction","target":{"@type":"EntryPoint","urlTemplate":"https:\/\/ge24h.com\/?s={search_term_string}"},"query-input":{"@type":"PropertyValueSpecification","valueRequired":true,"valueName":"search_term_string"}}],"inLanguage":"fr-FR"},{"@type":"Organization","@id":"https:\/\/ge24h.com\/#organization","name":"Ge24h","url":"https:\/\/ge24h.com\/","logo":{"@type":"ImageObject","inLanguage":"fr-FR","@id":"https:\/\/ge24h.com\/#\/schema\/logo\/image\/","url":"https:\/\/ge24h.com\/wp-content\/uploads\/logo-1.svg","contentUrl":"https:\/\/ge24h.com\/wp-content\/uploads\/logo-1.svg","width":200,"height":58,"caption":"Ge24h"},"image":{"@id":"https:\/\/ge24h.com\/#\/schema\/logo\/image\/"}}]}},"_links":{"self":[{"href":"https:\/\/ge24h.com\/fr\/wp-json\/wp\/v2\/product\/6151","targetHints":{"allow":["GET"]}}],"collection":[{"href":"https:\/\/ge24h.com\/fr\/wp-json\/wp\/v2\/product"}],"about":[{"href":"https:\/\/ge24h.com\/fr\/wp-json\/wp\/v2\/types\/product"}],"replies":[{"embeddable":true,"href":"https:\/\/ge24h.com\/fr\/wp-json\/wp\/v2\/comments?post=6151"}],"wp:featuredmedia":[{"embeddable":true,"href":"https:\/\/ge24h.com\/fr\/wp-json\/wp\/v2\/media\/5040"}],"wp:attachment":[{"href":"https:\/\/ge24h.com\/fr\/wp-json\/wp\/v2\/media?parent=6151"}],"wp:term":[{"taxonomy":"product_brand","embeddable":true,"href":"https:\/\/ge24h.com\/fr\/wp-json\/wp\/v2\/product_brand?post=6151"},{"taxonomy":"product_cat","embeddable":true,"href":"https:\/\/ge24h.com\/fr\/wp-json\/wp\/v2\/product_cat?post=6151"},{"taxonomy":"product_tag","embeddable":true,"href":"https:\/\/ge24h.com\/fr\/wp-json\/wp\/v2\/product_tag?post=6151"}],"curies":[{"name":"wp","href":"https:\/\/api.w.org\/{rel}","templated":true}]}}