{"id":6144,"date":"2025-05-19T15:35:09","date_gmt":"2025-05-19T13:35:09","guid":{"rendered":"https:\/\/ge24h.com\/producto\/kamagra-softabs-100mg\/"},"modified":"2025-07-18T12:50:26","modified_gmt":"2025-07-18T10:50:26","slug":"kamagra-softabs-100mg","status":"publish","type":"product","link":"https:\/\/ge24h.com\/fr\/producto\/kamagra-softabs-100mg\/","title":{"rendered":"Kamagra Softabs 100mg"},"content":{"rendered":"<h3><strong>Nom m\u00e9dical:<\/strong> Comprim\u00e9s \u00e0 croquer Kamagra<\/h3>\n<h3><strong>Nom g\u00e9n\u00e9ral:<\/strong> Citrate de sild\u00e9nafil<\/h3>\n<p>&nbsp;<\/p>\n<h4><strong>Quelle est la chose la plus importante que je devrais savoir sur les comprim\u00e9s \u00e0 croquer Kamagra?<br \/><\/strong><\/h4>\n<ul>\n<li>Kamagra ne doit pas \u00eatre pris plus d\u2019une fois par jour.<\/li>\n<li>Il doit \u00eatre bien m\u00e2ch\u00e9 avant d&rsquo;\u00eatre aval\u00e9 ; s&rsquo;il est aval\u00e9 sans m\u00e2cher, il est tr\u00e8s probable que vous n&rsquo;obteniez pas les r\u00e9sultats souhait\u00e9s.<\/li>\n<li>L&rsquo;effet peut \u00eatre ressenti en seulement 15 \u00e0 20 minutes gr\u00e2ce \u00e0 sa pr\u00e9sentation \u00e0 croquer qui acc\u00e9l\u00e8re l&rsquo;absorption.<\/li>\n<li>Consultez toujours votre m\u00e9decin avant de commencer le traitement et suivez ses instructions, m\u00eame si elles diff\u00e8rent des dosages habituels.<\/li>\n<\/ul>\n<p>&nbsp;<\/p>\n<h4><strong>Qu&rsquo;est-ce que les comprim\u00e9s \u00e0 croquer Kamagra?<br \/><\/strong><\/h4>\n<p>Kamagra est un produit populaire et abordable \u00e0 base de <strong>citrate de sild\u00e9nafil,<\/strong> d\u00e9sormais disponible sous forme de comprim\u00e9s \u00e0 croquer avec <strong>4 saveurs diff\u00e9rentes.<\/strong><br \/>\nSa forme \u00e0 croquer permet une absorption plus rapide dans la circulation sanguine, de sorte que son effet peut \u00eatre ressenti en seulement 15 \u00e0 20 minutes.<\/p>\n<p>Les comprim\u00e9s \u00e0 croquer Kamagra combinent efficacement rapidit\u00e9 et prix.<\/p>\n<h4><strong>Que dois-je discuter avec mon m\u00e9decin avant de prendre des comprim\u00e9s \u00e0 croquer Kamagra?<br \/><\/strong><\/h4>\n<ul>\n<li>Informez votre m\u00e9decin si vous prenez d\u2019autres m\u00e9dicaments contre la dysfonction \u00e9rectile ou si vous avez d\u00e9j\u00e0 eu des r\u00e9actions ind\u00e9sirables au citrate de sild\u00e9nafil.<\/li>\n<li>V\u00e9rifiez si vous avez des ant\u00e9c\u00e9dents de maladie cardiaque, de probl\u00e8mes de foie ou de reins, d\u2019hypertension ou d\u2019hypotension art\u00e9rielle ou de probl\u00e8mes de vision.<\/li>\n<li>Signalez si vous avez eu des \u00e9rections douloureuses ou prolong\u00e9es dans le pass\u00e9.<\/li>\n<li>Consultez votre m\u00e9decin si vous prenez des m\u00e9dicaments susceptibles d\u2019interagir avec Kamagra.<\/li>\n<\/ul>\n<p>&nbsp;<\/p>\n<h4><strong>Comment dois-je prendre les comprim\u00e9s \u00e0 croquer Kamagra?<br \/><\/strong><\/h4>\n<ul>\n<li><strong>Administration orale, 15 \u00e0 20 minutes avant l&rsquo;activit\u00e9 sexuelle.<\/strong><\/li>\n<li><strong>Les comprim\u00e9s doivent \u00eatre m\u00e2ch\u00e9s jusqu\u2019\u00e0 ce qu\u2019ils soient compl\u00e8tement dissous.<\/strong>.<\/li>\n<li><strong>Ils ne doivent pas \u00eatre aval\u00e9s entiers,<\/strong> car cela pourrait r\u00e9duire leur efficacit\u00e9.<\/li>\n<li><strong>Ne prenez pas plus d\u2019une dose par jour.<\/strong><\/li>\n<li>Suivez strictement les instructions de votre m\u00e9decin, m\u00eame s\u2019il recommande une dose diff\u00e9rente.<\/li>\n<\/ul>\n<p>&nbsp;<\/p>\n<h4><strong>Que se passe-t-il si j\u2019oublie de prendre une dose?<\/strong><\/h4>\n<p>Le Kamagra est pris uniquement en cas de besoin, <strong>il est donc rare d&rsquo;oublier une dose.<\/strong><\/p>\n<h4><strong>Que se passe-t-il en cas de surdose?<\/strong><\/h4>\n<p>Si vous pensez avoir fait une surdose, consultez imm\u00e9diatement un m\u00e9decin.<br \/> <strong>Les sympt\u00f4mes peuvent inclure:<br \/><\/strong><\/p>\n<ul>\n<li>Vertiges s\u00e9v\u00e8res.<\/li>\n<li>\u00c9vanouissement.<\/li>\n<li>\u00c9rection prolong\u00e9e.<\/li>\n<\/ul>\n<p>&nbsp;<\/p>\n<h4><strong>Que dois-je \u00e9viter en prenant des comprim\u00e9s \u00e0 croquer Kamagra?<br \/><\/strong><\/h4>\n<ul>\n<li>\u00c9vitez de prendre d\u2019autres m\u00e9dicaments contre la dysfonction \u00e9rectile sans consulter votre m\u00e9decin.<\/li>\n<li>Renseignez-vous sur la consommation d\u2019alcool et les interactions possibles.<\/li>\n<\/ul>\n<p>&nbsp;<\/p>\n<h4><strong>Quels sont les effets secondaires possibles des comprim\u00e9s \u00e0 croquer Kamagra?<br \/><\/strong><\/h4>\n<h4><strong>Effets mineurs (\u00e0 signaler uniquement s\u2019ils persistent ou s\u2019aggravent):<br \/><\/strong><\/h4>\n<ul>\n<li>Diarrh\u00e9e<\/li>\n<li>Rougeur du visage<\/li>\n<li>Mal de t\u00eate<\/li>\n<li>Indigestion<\/li>\n<li>Congestion ou \u00e9coulement nasal<\/li>\n<\/ul>\n<p>&nbsp;<\/p>\n<h4><strong>Effets graves (signalez-les imm\u00e9diatement \u00e0 votre m\u00e9decin):<br \/><\/strong><\/h4>\n<ul>\n<li>R\u00e9actions allergiques (\u00e9ruptions cutan\u00e9es, d\u00e9mangeaisons, urticaire, gonflement du visage, des l\u00e8vres ou de la langue)<\/li>\n<li>Probl\u00e8mes respiratoires<\/li>\n<li>Troubles auditifs<\/li>\n<li>Changements de vision, vision floue, difficult\u00e9 \u00e0 distinguer le bleu du rouge<\/li>\n<li>Douleur thoracique<\/li>\n<li>Rythme cardiaque irr\u00e9gulier ou rapide<\/li>\n<li>\u00c9rections douloureuses ou prolong\u00e9es (plus de 4 heures)<\/li>\n<li>Crises<\/li>\n<\/ul>\n<p>Ceci n&rsquo;est qu&rsquo;une liste partielle. Informez imm\u00e9diatement votre m\u00e9decin si vous ressentez d&rsquo;autres effets secondaires non mentionn\u00e9s ici. <\/p>\n<h4><strong>Quels m\u00e9dicaments peuvent interagir avec les comprim\u00e9s \u00e0 croquer Kamagra?<br \/><\/strong><\/h4>\n<p>Informez votre m\u00e9decin de tous les m\u00e9dicaments que vous prenez, y compris les suppl\u00e9ments vitaminiques, les produits \u00e0 base de plantes et les m\u00e9dicaments en vente libre et sur ordonnance.<br \/>\nV\u00e9rifiez notamment si vous prenez d\u2019autres m\u00e9dicaments contre la dysfonction \u00e9rectile, des nitrates, des m\u00e9dicaments pour le c\u0153ur, des antibiotiques ou des antifongiques.<\/p>\n<h4><strong>Comment dois-je conserver les comprim\u00e9s \u00e0 croquer Kamagra?<br \/><\/strong><\/h4>\n<ul>\n<li>Conserver \u00e0 temp\u00e9rature ambiante entre 15 et 30\u00b0C (59-86\u00b0F).<\/li>\n<li>Conserver \u00e0 l&rsquo;abri de la lumi\u00e8re et de l&rsquo;humidit\u00e9.<\/li>\n<li>GARDER CE M\u00c9DICAMENT ET TOUT AUTRE M\u00c9DICAMENT HORS DE LA PORT\u00c9E DES ENFANTS.<\/li>\n<\/ul>\n<p>&nbsp;<\/p>\n<h4><strong>Note importante<\/strong><\/h4>\n<p>Les informations fournies sont fournies \u00e0 titre informatif uniquement et <strong>ne doivent pas remplacer les conseils de votre m\u00e9decin, pharmacien ou autre professionnel de la sant\u00e9.<\/strong><br \/>\nCe m\u00e9dicament ne doit pas \u00eatre consid\u00e9r\u00e9 comme s\u00fbr, appropri\u00e9 ou efficace pour vous sans une \u00e9valuation m\u00e9dicale appropri\u00e9e.<\/p>\n","protected":false},"excerpt":{"rendered":"<p>Si vous recherchez un traitement rapide et efficace contre la dysfonction \u00e9rectile, mais que vous devez r\u00e9duire les co\u00fbts, ne cherchez pas plus loin ; c&rsquo;est la solution.<\/p>\n<ul>\n<li>Format \u00e0 croquer.<\/li>\n<li>Il n&rsquo;est pas n\u00e9cessaire d&rsquo;avaler avec de l&rsquo;eau.<\/li>\n<li>4 saveurs diff\u00e9rentes.<\/li>\n<\/ul>\n","protected":false},"featured_media":4991,"comment_status":"open","ping_status":"closed","template":"","meta":[],"product_brand":[499],"product_cat":[351,359],"product_tag":[],"class_list":{"0":"post-6144","1":"product","2":"type-product","3":"status-publish","4":"has-post-thumbnail","6":"product_brand-ajanta-2","7":"product_cat-sante-des-hommes","8":"product_cat-en-vedette","10":"first","11":"instock","12":"taxable","13":"shipping-taxable","14":"purchasable","15":"product-type-variable"},"yoast_head":"<!-- This site is optimized with the Yoast SEO plugin v25.6 - https:\/\/yoast.com\/wordpress\/plugins\/seo\/ -->\n<title>Kamagra Softabs 100mg - Ge24h<\/title>\n<meta name=\"description\" content=\"Achetez du Kamagra Softabs 100 mg. Obtenez d\u00e8s maintenant les meilleurs m\u00e9dicaments g\u00e9n\u00e9riques au meilleur prix sur notre site web. Achetez des g\u00e9n\u00e9riques.\" \/>\n<meta name=\"robots\" content=\"index, follow, max-snippet:-1, max-image-preview:large, max-video-preview:-1\" \/>\n<link rel=\"canonical\" href=\"https:\/\/ge24h.com\/fr\/producto\/kamagra-softabs-100mg\/\" \/>\n<meta property=\"og:locale\" content=\"fr_FR\" \/>\n<meta property=\"og:type\" content=\"article\" \/>\n<meta property=\"og:title\" content=\"Kamagra Softabs 100mg - Ge24h\" \/>\n<meta property=\"og:description\" content=\"Achetez du Kamagra Softabs 100 mg. Obtenez d\u00e8s maintenant les meilleurs m\u00e9dicaments g\u00e9n\u00e9riques au meilleur prix sur notre site web. Achetez des g\u00e9n\u00e9riques.\" \/>\n<meta property=\"og:url\" content=\"https:\/\/ge24h.com\/fr\/producto\/kamagra-softabs-100mg\/\" \/>\n<meta property=\"og:site_name\" content=\"Ge24h\" \/>\n<meta property=\"article:modified_time\" content=\"2025-07-18T10:50:26+00:00\" \/>\n<meta property=\"og:image\" content=\"https:\/\/ge24h.com\/wp-content\/uploads\/Kamagra-Softabs.png\" \/>\n\t<meta property=\"og:image:width\" content=\"512\" \/>\n\t<meta property=\"og:image:height\" content=\"512\" \/>\n\t<meta property=\"og:image:type\" content=\"image\/png\" \/>\n<meta name=\"twitter:card\" content=\"summary_large_image\" \/>\n<meta name=\"twitter:label1\" content=\"Dur\u00e9e de lecture estim\u00e9e\" \/>\n\t<meta name=\"twitter:data1\" content=\"4 minutes\" \/>\n<script type=\"application\/ld+json\" class=\"yoast-schema-graph\">{\"@context\":\"https:\/\/schema.org\",\"@graph\":[{\"@type\":\"WebPage\",\"@id\":\"https:\/\/ge24h.com\/fr\/producto\/kamagra-softabs-100mg\/\",\"url\":\"https:\/\/ge24h.com\/fr\/producto\/kamagra-softabs-100mg\/\",\"name\":\"Kamagra Softabs 100mg - Ge24h\",\"isPartOf\":{\"@id\":\"https:\/\/ge24h.com\/#website\"},\"primaryImageOfPage\":{\"@id\":\"https:\/\/ge24h.com\/fr\/producto\/kamagra-softabs-100mg\/#primaryimage\"},\"image\":{\"@id\":\"https:\/\/ge24h.com\/fr\/producto\/kamagra-softabs-100mg\/#primaryimage\"},\"thumbnailUrl\":\"https:\/\/ge24h.com\/wp-content\/uploads\/Kamagra-Softabs.png\",\"datePublished\":\"2025-05-19T13:35:09+00:00\",\"dateModified\":\"2025-07-18T10:50:26+00:00\",\"description\":\"Achetez du Kamagra Softabs 100 mg. Obtenez d\u00e8s maintenant les meilleurs m\u00e9dicaments g\u00e9n\u00e9riques au meilleur prix sur notre site web. Achetez des g\u00e9n\u00e9riques.\",\"breadcrumb\":{\"@id\":\"https:\/\/ge24h.com\/fr\/producto\/kamagra-softabs-100mg\/#breadcrumb\"},\"inLanguage\":\"fr-FR\",\"potentialAction\":[{\"@type\":\"ReadAction\",\"target\":[\"https:\/\/ge24h.com\/fr\/producto\/kamagra-softabs-100mg\/\"]}]},{\"@type\":\"ImageObject\",\"inLanguage\":\"fr-FR\",\"@id\":\"https:\/\/ge24h.com\/fr\/producto\/kamagra-softabs-100mg\/#primaryimage\",\"url\":\"https:\/\/ge24h.com\/wp-content\/uploads\/Kamagra-Softabs.png\",\"contentUrl\":\"https:\/\/ge24h.com\/wp-content\/uploads\/Kamagra-Softabs.png\",\"width\":512,\"height\":512,\"caption\":\"Kamagra Softabs 100mg\"},{\"@type\":\"BreadcrumbList\",\"@id\":\"https:\/\/ge24h.com\/fr\/producto\/kamagra-softabs-100mg\/#breadcrumb\",\"itemListElement\":[{\"@type\":\"ListItem\",\"position\":1,\"name\":\"Portada\",\"item\":\"https:\/\/ge24h.com\/fr\/\"},{\"@type\":\"ListItem\",\"position\":2,\"name\":\"boutique\",\"item\":\"https:\/\/ge24h.com\/fr\/boutique\/\"},{\"@type\":\"ListItem\",\"position\":3,\"name\":\"Kamagra Softabs 100mg\"}]},{\"@type\":\"WebSite\",\"@id\":\"https:\/\/ge24h.com\/#website\",\"url\":\"https:\/\/ge24h.com\/\",\"name\":\"Ge24h\",\"description\":\"Medicamentos Gen\u00e9ricos, Finpecia, Kamagra, Sidenafil, Tadalafil\",\"publisher\":{\"@id\":\"https:\/\/ge24h.com\/#organization\"},\"potentialAction\":[{\"@type\":\"SearchAction\",\"target\":{\"@type\":\"EntryPoint\",\"urlTemplate\":\"https:\/\/ge24h.com\/?s={search_term_string}\"},\"query-input\":{\"@type\":\"PropertyValueSpecification\",\"valueRequired\":true,\"valueName\":\"search_term_string\"}}],\"inLanguage\":\"fr-FR\"},{\"@type\":\"Organization\",\"@id\":\"https:\/\/ge24h.com\/#organization\",\"name\":\"Ge24h\",\"url\":\"https:\/\/ge24h.com\/\",\"logo\":{\"@type\":\"ImageObject\",\"inLanguage\":\"fr-FR\",\"@id\":\"https:\/\/ge24h.com\/#\/schema\/logo\/image\/\",\"url\":\"https:\/\/ge24h.com\/wp-content\/uploads\/logo-1.svg\",\"contentUrl\":\"https:\/\/ge24h.com\/wp-content\/uploads\/logo-1.svg\",\"width\":200,\"height\":58,\"caption\":\"Ge24h\"},\"image\":{\"@id\":\"https:\/\/ge24h.com\/#\/schema\/logo\/image\/\"}}]}<\/script>\n<!-- \/ Yoast SEO plugin. -->","yoast_head_json":{"title":"Kamagra Softabs 100mg - Ge24h","description":"Achetez du Kamagra Softabs 100 mg. Obtenez d\u00e8s maintenant les meilleurs m\u00e9dicaments g\u00e9n\u00e9riques au meilleur prix sur notre site web. Achetez des g\u00e9n\u00e9riques.","robots":{"index":"index","follow":"follow","max-snippet":"max-snippet:-1","max-image-preview":"max-image-preview:large","max-video-preview":"max-video-preview:-1"},"canonical":"https:\/\/ge24h.com\/fr\/producto\/kamagra-softabs-100mg\/","og_locale":"fr_FR","og_type":"article","og_title":"Kamagra Softabs 100mg - Ge24h","og_description":"Achetez du Kamagra Softabs 100 mg. Obtenez d\u00e8s maintenant les meilleurs m\u00e9dicaments g\u00e9n\u00e9riques au meilleur prix sur notre site web. Achetez des g\u00e9n\u00e9riques.","og_url":"https:\/\/ge24h.com\/fr\/producto\/kamagra-softabs-100mg\/","og_site_name":"Ge24h","article_modified_time":"2025-07-18T10:50:26+00:00","og_image":[{"width":512,"height":512,"url":"https:\/\/ge24h.com\/wp-content\/uploads\/Kamagra-Softabs.png","type":"image\/png"}],"twitter_card":"summary_large_image","twitter_misc":{"Dur\u00e9e de lecture estim\u00e9e":"4 minutes"},"schema":{"@context":"https:\/\/schema.org","@graph":[{"@type":"WebPage","@id":"https:\/\/ge24h.com\/fr\/producto\/kamagra-softabs-100mg\/","url":"https:\/\/ge24h.com\/fr\/producto\/kamagra-softabs-100mg\/","name":"Kamagra Softabs 100mg - Ge24h","isPartOf":{"@id":"https:\/\/ge24h.com\/#website"},"primaryImageOfPage":{"@id":"https:\/\/ge24h.com\/fr\/producto\/kamagra-softabs-100mg\/#primaryimage"},"image":{"@id":"https:\/\/ge24h.com\/fr\/producto\/kamagra-softabs-100mg\/#primaryimage"},"thumbnailUrl":"https:\/\/ge24h.com\/wp-content\/uploads\/Kamagra-Softabs.png","datePublished":"2025-05-19T13:35:09+00:00","dateModified":"2025-07-18T10:50:26+00:00","description":"Achetez du Kamagra Softabs 100 mg. Obtenez d\u00e8s maintenant les meilleurs m\u00e9dicaments g\u00e9n\u00e9riques au meilleur prix sur notre site web. Achetez des g\u00e9n\u00e9riques.","breadcrumb":{"@id":"https:\/\/ge24h.com\/fr\/producto\/kamagra-softabs-100mg\/#breadcrumb"},"inLanguage":"fr-FR","potentialAction":[{"@type":"ReadAction","target":["https:\/\/ge24h.com\/fr\/producto\/kamagra-softabs-100mg\/"]}]},{"@type":"ImageObject","inLanguage":"fr-FR","@id":"https:\/\/ge24h.com\/fr\/producto\/kamagra-softabs-100mg\/#primaryimage","url":"https:\/\/ge24h.com\/wp-content\/uploads\/Kamagra-Softabs.png","contentUrl":"https:\/\/ge24h.com\/wp-content\/uploads\/Kamagra-Softabs.png","width":512,"height":512,"caption":"Kamagra Softabs 100mg"},{"@type":"BreadcrumbList","@id":"https:\/\/ge24h.com\/fr\/producto\/kamagra-softabs-100mg\/#breadcrumb","itemListElement":[{"@type":"ListItem","position":1,"name":"Portada","item":"https:\/\/ge24h.com\/fr\/"},{"@type":"ListItem","position":2,"name":"boutique","item":"https:\/\/ge24h.com\/fr\/boutique\/"},{"@type":"ListItem","position":3,"name":"Kamagra Softabs 100mg"}]},{"@type":"WebSite","@id":"https:\/\/ge24h.com\/#website","url":"https:\/\/ge24h.com\/","name":"Ge24h","description":"Medicamentos Gen\u00e9ricos, Finpecia, Kamagra, Sidenafil, Tadalafil","publisher":{"@id":"https:\/\/ge24h.com\/#organization"},"potentialAction":[{"@type":"SearchAction","target":{"@type":"EntryPoint","urlTemplate":"https:\/\/ge24h.com\/?s={search_term_string}"},"query-input":{"@type":"PropertyValueSpecification","valueRequired":true,"valueName":"search_term_string"}}],"inLanguage":"fr-FR"},{"@type":"Organization","@id":"https:\/\/ge24h.com\/#organization","name":"Ge24h","url":"https:\/\/ge24h.com\/","logo":{"@type":"ImageObject","inLanguage":"fr-FR","@id":"https:\/\/ge24h.com\/#\/schema\/logo\/image\/","url":"https:\/\/ge24h.com\/wp-content\/uploads\/logo-1.svg","contentUrl":"https:\/\/ge24h.com\/wp-content\/uploads\/logo-1.svg","width":200,"height":58,"caption":"Ge24h"},"image":{"@id":"https:\/\/ge24h.com\/#\/schema\/logo\/image\/"}}]}},"_links":{"self":[{"href":"https:\/\/ge24h.com\/fr\/wp-json\/wp\/v2\/product\/6144","targetHints":{"allow":["GET"]}}],"collection":[{"href":"https:\/\/ge24h.com\/fr\/wp-json\/wp\/v2\/product"}],"about":[{"href":"https:\/\/ge24h.com\/fr\/wp-json\/wp\/v2\/types\/product"}],"replies":[{"embeddable":true,"href":"https:\/\/ge24h.com\/fr\/wp-json\/wp\/v2\/comments?post=6144"}],"wp:featuredmedia":[{"embeddable":true,"href":"https:\/\/ge24h.com\/fr\/wp-json\/wp\/v2\/media\/4991"}],"wp:attachment":[{"href":"https:\/\/ge24h.com\/fr\/wp-json\/wp\/v2\/media?parent=6144"}],"wp:term":[{"taxonomy":"product_brand","embeddable":true,"href":"https:\/\/ge24h.com\/fr\/wp-json\/wp\/v2\/product_brand?post=6144"},{"taxonomy":"product_cat","embeddable":true,"href":"https:\/\/ge24h.com\/fr\/wp-json\/wp\/v2\/product_cat?post=6144"},{"taxonomy":"product_tag","embeddable":true,"href":"https:\/\/ge24h.com\/fr\/wp-json\/wp\/v2\/product_tag?post=6144"}],"curies":[{"name":"wp","href":"https:\/\/api.w.org\/{rel}","templated":true}]}}