{"id":6137,"date":"2025-05-21T13:22:39","date_gmt":"2025-05-21T11:22:39","guid":{"rendered":"https:\/\/ge24h.com\/producto\/tadora-20mg\/"},"modified":"2026-04-23T09:56:56","modified_gmt":"2026-04-23T07:56:56","slug":"tadora-20mg","status":"publish","type":"product","link":"https:\/\/ge24h.com\/fr\/producto\/tadora-20mg\/","title":{"rendered":"Tadora 20mg"},"content":{"rendered":"<h3><strong>Nom du m\u00e9dicament:<\/strong> Tadora<\/h3>\n<h3><strong>Nom du m\u00e9dicament:<\/strong> Tadalafil<\/h3>\n<p>&nbsp;<\/p>\n<h4><strong>Quelle est la chose la plus importante que je devrais savoir sur Tadora?<\/strong><\/h4>\n<ul>\n<li><strong>Tadora (Tadalafil)<\/strong> est l\u2019une des versions g\u00e9n\u00e9riques de Tadalafil les plus populaires sur le march\u00e9.<\/li>\n<li>Comme le Tadalafil original, <strong>il a un temps de r\u00e9action tr\u00e8s court, produit des r\u00e9sultats \u00e0 long terme et est extr\u00eamement efficace.<\/strong><\/li>\n<li><strong>Tadora ne co\u00fbte qu&rsquo;une fraction du prix du Tadalafil,<\/strong> c&rsquo;est pourquoi de nombreux clients pr\u00e9f\u00e8rent Tadora aux autres m\u00e9dicaments contre la dysfonction \u00e9rectile.<\/li>\n<li><strong>Prenez Tadora une fois par jour maximum ou selon les directives de votre m\u00e9decin.<\/strong><\/li>\n<li>Tadora aide \u00e0 obtenir une \u00e9rection lors d&rsquo;une stimulation sexuelle. <strong>La simple prise de la pilule ne provoque pas d\u2019\u00e9rection automatique.<\/strong><\/li>\n<\/ul>\n<p>&nbsp;<\/p>\n<h4><strong>Qu&rsquo;est-ce que Tadora?<\/strong><\/h4>\n<p>Tadora (Tadalafil) est un m\u00e9dicament indiqu\u00e9 pour le traitement de la dysfonction \u00e9rectile. Il favorise l&rsquo;\u00e9rection apr\u00e8s une stimulation sexuelle et offre un effet prolong\u00e9. <\/p>\n<p>Ce m\u00e9dicament appartient \u00e0 la famille des inhibiteurs de la PDE5 et est \u00e9galement utilis\u00e9 pour d\u2019autres indications que votre m\u00e9decin pourrait vous prescrire.<\/p>\n<p>&nbsp;<\/p>\n<h4><strong>Que dois-je discuter avec mon m\u00e9decin avant de prendre Tadora?<br \/><\/strong><\/h4>\n<ul>\n<li>Ne prenez pas Tadora \u00e0 d\u2019autres fins que celles prescrites par votre m\u00e9decin.<\/li>\n<li>Ne partagez pas ce m\u00e9dicament avec d\u2019autres personnes, car elles pourraient avoir des probl\u00e8mes qui ne sont pas trait\u00e9s de mani\u00e8re ad\u00e9quate avec ce m\u00e9dicament.<\/li>\n<li>Informez votre m\u00e9decin si vous avez des ant\u00e9c\u00e9dents de maladie cardiaque, d\u2019angine de poitrine, de probl\u00e8mes de vision ou de tout autre probl\u00e8me m\u00e9dical pertinent.<\/li>\n<li>Consultez votre m\u00e9decin si vous prenez d\u2019autres m\u00e9dicaments contre la dysfonction \u00e9rectile ou si vous prenez des nitrates.<\/li>\n<\/ul>\n<p>&nbsp;<\/p>\n<h4><strong>Comment dois-je prendre Tadora?<br \/><\/strong><\/h4>\n<ul>\n<li>Prenez Tadora par voie orale avec un grand verre d&rsquo;eau, au moins une demi-heure avant l&rsquo;activit\u00e9 sexuelle pr\u00e9vue.<\/li>\n<li>Ce m\u00e9dicament peut \u00eatre pris avec ou sans nourriture.<\/li>\n<li>Ne prenez pas plus d\u2019une dose par jour.<\/li>\n<li>N&rsquo;oubliez pas que Tadora aide \u00e0 obtenir une \u00e9rection uniquement lors d&rsquo;une stimulation sexuelle.<\/li>\n<\/ul>\n<p>&nbsp;<\/p>\n<h4><strong>Que se passe-t-il si j\u2019oublie de prendre une dose?<\/strong><\/h4>\n<p>Tadora ne se prend qu&rsquo;en cas de besoin ; vous ne pouvez donc pas oublier une dose. Cependant, si vous le prenez r\u00e9guli\u00e8rement et que vous oubliez une dose, prenez-la d\u00e8s que vous vous en rendez compte. Si la dose suivante est proche, attendez ce moment et sautez la dose oubli\u00e9e.<br \/>   <strong>Ne prenez pas de double dose.<\/strong><\/p>\n<p>&nbsp;<\/p>\n<h4><strong>Que se passe-t-il en cas de surdose?<\/strong><\/h4>\n<p>Si vous pensez avoir fait une overdose de Tadora, consultez un m\u00e9decin en urgence. Les sympt\u00f4mes d&rsquo;une overdose peuvent inclure : <\/p>\n<ul>\n<li>Douleur thoracique<\/li>\n<li>Naus\u00e9eux<\/li>\n<li>Battements de c\u0153ur irr\u00e9guliers<\/li>\n<li>Sensation de vertige ou perte de connaissance<\/li>\n<\/ul>\n<p>&nbsp;<\/p>\n<h4><strong>Que dois-je \u00e9viter pendant que je prends Tadora?<br \/><\/strong><\/h4>\n<ul>\n<li>Ne prenez pas Tadora \u00e0 d\u2019autres fins que celles prescrites par votre m\u00e9decin.<\/li>\n<li>Ne partagez pas ce m\u00e9dicament avec d\u2019autres personnes.<\/li>\n<li>L\u2019utilisation de Tadora ne prot\u00e8ge pas contre les maladies sexuellement transmissibles (par exemple, le VIH, l\u2019h\u00e9patite B, la gonorrh\u00e9e, la syphilis).<\/li>\n<\/ul>\n<p>&nbsp;<\/p>\n<h4><strong>Quels sont les effets secondaires possibles de Tadora?<br \/><\/strong><\/h4>\n<h4><strong>Effets graves:<\/strong><\/h4>\n<ul>\n<li>R\u00e9action allergique (difficult\u00e9 \u00e0 respirer, fermeture de la gorge, gonflement des l\u00e8vres, de la langue ou du visage, urticaire)<\/li>\n<li>Douleur thoracique ou rythme cardiaque irr\u00e9gulier<\/li>\n<li>\u00c9tourdissements, naus\u00e9es ou angine de poitrine (douleur, oppression, inconfort, engourdissement ou picotements dans la poitrine, les bras, le cou ou la m\u00e2choire)<\/li>\n<li>Gonflement des chevilles ou des jambes<\/li>\n<li>Difficult\u00e9 \u00e0 respirer<\/li>\n<li>Vertiges prolong\u00e9s ou graves<\/li>\n<li>\u00c9rection prolong\u00e9e (plus de 4 heures) ou douloureuse<\/li>\n<\/ul>\n<p>&nbsp;<\/p>\n<h4><strong>Effets mineurs:<\/strong><\/h4>\n<ul>\n<li>Mal de t\u00eate<\/li>\n<li>Indigestion<\/li>\n<li>Mal au dos<\/li>\n<li>Douleurs musculaires<\/li>\n<li>Bouff\u00e9es vasomotrices (rougeurs du visage)<\/li>\n<li>Congestion ou \u00e9coulement nasal<\/li>\n<li>Teinte bleue temporaire de la vision ou difficult\u00e9 \u00e0 diff\u00e9rencier les couleurs bleues et vertes (peu fr\u00e9quent)<\/li>\n<\/ul>\n<p>Si vous ressentez des effets secondaires inhabituels ou g\u00eanants, consultez votre m\u00e9decin.<\/p>\n<p>&nbsp;<\/p>\n<h4><strong>Stockage:<\/strong><\/h4>\n<p>Conservez ce m\u00e9dicament \u00e0 temp\u00e9rature ambiante, entre 15 et 30 \u00b0C (59 et 86 \u00b0F), \u00e0 l&rsquo;abri de la lumi\u00e8re et de l&rsquo;humidit\u00e9. TENEZ CE M\u00c9DICAMENT ET TOUS LES M\u00c9DICAMENTS HORS DE PORT\u00c9E DES ENFANTS. <\/p>\n<p>&nbsp;<\/p>\n<h4><strong>Remarque importante:<br \/><\/strong><\/h4>\n<p>Les informations fournies compl\u00e8tent, sans toutefois les remplacer, les conseils de votre m\u00e9decin, pharmacien ou autre professionnel de sant\u00e9. L&rsquo;utilisation de ce m\u00e9dicament ne doit pas \u00eatre consid\u00e9r\u00e9e comme s\u00fbre, appropri\u00e9e ou efficace sans avis m\u00e9dical. <\/p>\n","protected":false},"excerpt":{"rendered":"<p><span class=\"hps\">Les utilisateurs normaux <\/span> de <span class=\"hps\">Tadalafil <\/span> <span class=\"hps\">acqui\u00e8rent ce type de m\u00e9dicament.<\/span><\/p>\n","protected":false},"featured_media":5060,"comment_status":"open","ping_status":"closed","template":"","meta":[],"product_brand":[508],"product_cat":[351,359],"product_tag":[],"class_list":{"0":"post-6137","1":"product","2":"type-product","3":"status-publish","4":"has-post-thumbnail","6":"product_brand-rx-pharmacy-2","7":"product_cat-sante-des-hommes","8":"product_cat-en-vedette","10":"first","11":"instock","12":"taxable","13":"shipping-taxable","14":"purchasable","15":"product-type-variable"},"yoast_head":"<!-- This site is optimized with the Yoast SEO plugin v25.6 - https:\/\/yoast.com\/wordpress\/plugins\/seo\/ -->\n<title>Tadora 20mg - Ge24h<\/title>\n<meta name=\"description\" content=\"Achetez Tadora 20 mg chez GE24h. Obtenez les meilleurs m\u00e9dicaments g\u00e9n\u00e9riques au meilleur prix sur notre site web d\u00e8s maintenant. Achetez des g\u00e9n\u00e9riques.\" \/>\n<meta name=\"robots\" content=\"index, follow, max-snippet:-1, max-image-preview:large, max-video-preview:-1\" \/>\n<link rel=\"canonical\" href=\"https:\/\/ge24h.com\/fr\/producto\/tadora-20mg\/\" \/>\n<meta property=\"og:locale\" content=\"fr_FR\" \/>\n<meta property=\"og:type\" content=\"article\" \/>\n<meta property=\"og:title\" content=\"Tadora 20mg - Ge24h\" \/>\n<meta property=\"og:description\" content=\"Achetez Tadora 20 mg chez GE24h. Obtenez les meilleurs m\u00e9dicaments g\u00e9n\u00e9riques au meilleur prix sur notre site web d\u00e8s maintenant. Achetez des g\u00e9n\u00e9riques.\" \/>\n<meta property=\"og:url\" content=\"https:\/\/ge24h.com\/fr\/producto\/tadora-20mg\/\" \/>\n<meta property=\"og:site_name\" content=\"Ge24h\" \/>\n<meta property=\"article:modified_time\" content=\"2026-04-23T07:56:56+00:00\" \/>\n<meta property=\"og:image\" content=\"https:\/\/ge24h.com\/wp-content\/uploads\/tadora-1.png\" \/>\n\t<meta property=\"og:image:width\" content=\"800\" \/>\n\t<meta property=\"og:image:height\" content=\"800\" \/>\n\t<meta property=\"og:image:type\" content=\"image\/png\" \/>\n<meta name=\"twitter:card\" content=\"summary_large_image\" \/>\n<meta name=\"twitter:label1\" content=\"Dur\u00e9e de lecture estim\u00e9e\" \/>\n\t<meta name=\"twitter:data1\" content=\"4 minutes\" \/>\n<script type=\"application\/ld+json\" class=\"yoast-schema-graph\">{\"@context\":\"https:\/\/schema.org\",\"@graph\":[{\"@type\":\"WebPage\",\"@id\":\"https:\/\/ge24h.com\/fr\/producto\/tadora-20mg\/\",\"url\":\"https:\/\/ge24h.com\/fr\/producto\/tadora-20mg\/\",\"name\":\"Tadora 20mg - Ge24h\",\"isPartOf\":{\"@id\":\"https:\/\/ge24h.com\/#website\"},\"primaryImageOfPage\":{\"@id\":\"https:\/\/ge24h.com\/fr\/producto\/tadora-20mg\/#primaryimage\"},\"image\":{\"@id\":\"https:\/\/ge24h.com\/fr\/producto\/tadora-20mg\/#primaryimage\"},\"thumbnailUrl\":\"https:\/\/ge24h.com\/wp-content\/uploads\/tadora-1.png\",\"datePublished\":\"2025-05-21T11:22:39+00:00\",\"dateModified\":\"2026-04-23T07:56:56+00:00\",\"description\":\"Achetez Tadora 20 mg chez GE24h. Obtenez les meilleurs m\u00e9dicaments g\u00e9n\u00e9riques au meilleur prix sur notre site web d\u00e8s maintenant. Achetez des g\u00e9n\u00e9riques.\",\"breadcrumb\":{\"@id\":\"https:\/\/ge24h.com\/fr\/producto\/tadora-20mg\/#breadcrumb\"},\"inLanguage\":\"fr-FR\",\"potentialAction\":[{\"@type\":\"ReadAction\",\"target\":[\"https:\/\/ge24h.com\/fr\/producto\/tadora-20mg\/\"]}]},{\"@type\":\"ImageObject\",\"inLanguage\":\"fr-FR\",\"@id\":\"https:\/\/ge24h.com\/fr\/producto\/tadora-20mg\/#primaryimage\",\"url\":\"https:\/\/ge24h.com\/wp-content\/uploads\/tadora-1.png\",\"contentUrl\":\"https:\/\/ge24h.com\/wp-content\/uploads\/tadora-1.png\",\"width\":800,\"height\":800,\"caption\":\"Tadora 20mg\"},{\"@type\":\"BreadcrumbList\",\"@id\":\"https:\/\/ge24h.com\/fr\/producto\/tadora-20mg\/#breadcrumb\",\"itemListElement\":[{\"@type\":\"ListItem\",\"position\":1,\"name\":\"Portada\",\"item\":\"https:\/\/ge24h.com\/fr\/\"},{\"@type\":\"ListItem\",\"position\":2,\"name\":\"boutique\",\"item\":\"https:\/\/ge24h.com\/fr\/boutique\/\"},{\"@type\":\"ListItem\",\"position\":3,\"name\":\"Tadora 20mg\"}]},{\"@type\":\"WebSite\",\"@id\":\"https:\/\/ge24h.com\/#website\",\"url\":\"https:\/\/ge24h.com\/\",\"name\":\"Ge24h\",\"description\":\"Medicamentos Gen\u00e9ricos, Finpecia, Kamagra, Sidenafil, Tadalafil\",\"publisher\":{\"@id\":\"https:\/\/ge24h.com\/#organization\"},\"potentialAction\":[{\"@type\":\"SearchAction\",\"target\":{\"@type\":\"EntryPoint\",\"urlTemplate\":\"https:\/\/ge24h.com\/?s={search_term_string}\"},\"query-input\":{\"@type\":\"PropertyValueSpecification\",\"valueRequired\":true,\"valueName\":\"search_term_string\"}}],\"inLanguage\":\"fr-FR\"},{\"@type\":\"Organization\",\"@id\":\"https:\/\/ge24h.com\/#organization\",\"name\":\"Ge24h\",\"url\":\"https:\/\/ge24h.com\/\",\"logo\":{\"@type\":\"ImageObject\",\"inLanguage\":\"fr-FR\",\"@id\":\"https:\/\/ge24h.com\/#\/schema\/logo\/image\/\",\"url\":\"https:\/\/ge24h.com\/wp-content\/uploads\/logo-1.svg\",\"contentUrl\":\"https:\/\/ge24h.com\/wp-content\/uploads\/logo-1.svg\",\"width\":200,\"height\":58,\"caption\":\"Ge24h\"},\"image\":{\"@id\":\"https:\/\/ge24h.com\/#\/schema\/logo\/image\/\"}}]}<\/script>\n<!-- \/ Yoast SEO plugin. -->","yoast_head_json":{"title":"Tadora 20mg - Ge24h","description":"Achetez Tadora 20 mg chez GE24h. Obtenez les meilleurs m\u00e9dicaments g\u00e9n\u00e9riques au meilleur prix sur notre site web d\u00e8s maintenant. Achetez des g\u00e9n\u00e9riques.","robots":{"index":"index","follow":"follow","max-snippet":"max-snippet:-1","max-image-preview":"max-image-preview:large","max-video-preview":"max-video-preview:-1"},"canonical":"https:\/\/ge24h.com\/fr\/producto\/tadora-20mg\/","og_locale":"fr_FR","og_type":"article","og_title":"Tadora 20mg - Ge24h","og_description":"Achetez Tadora 20 mg chez GE24h. Obtenez les meilleurs m\u00e9dicaments g\u00e9n\u00e9riques au meilleur prix sur notre site web d\u00e8s maintenant. Achetez des g\u00e9n\u00e9riques.","og_url":"https:\/\/ge24h.com\/fr\/producto\/tadora-20mg\/","og_site_name":"Ge24h","article_modified_time":"2026-04-23T07:56:56+00:00","og_image":[{"width":800,"height":800,"url":"https:\/\/ge24h.com\/wp-content\/uploads\/tadora-1.png","type":"image\/png"}],"twitter_card":"summary_large_image","twitter_misc":{"Dur\u00e9e de lecture estim\u00e9e":"4 minutes"},"schema":{"@context":"https:\/\/schema.org","@graph":[{"@type":"WebPage","@id":"https:\/\/ge24h.com\/fr\/producto\/tadora-20mg\/","url":"https:\/\/ge24h.com\/fr\/producto\/tadora-20mg\/","name":"Tadora 20mg - Ge24h","isPartOf":{"@id":"https:\/\/ge24h.com\/#website"},"primaryImageOfPage":{"@id":"https:\/\/ge24h.com\/fr\/producto\/tadora-20mg\/#primaryimage"},"image":{"@id":"https:\/\/ge24h.com\/fr\/producto\/tadora-20mg\/#primaryimage"},"thumbnailUrl":"https:\/\/ge24h.com\/wp-content\/uploads\/tadora-1.png","datePublished":"2025-05-21T11:22:39+00:00","dateModified":"2026-04-23T07:56:56+00:00","description":"Achetez Tadora 20 mg chez GE24h. Obtenez les meilleurs m\u00e9dicaments g\u00e9n\u00e9riques au meilleur prix sur notre site web d\u00e8s maintenant. Achetez des g\u00e9n\u00e9riques.","breadcrumb":{"@id":"https:\/\/ge24h.com\/fr\/producto\/tadora-20mg\/#breadcrumb"},"inLanguage":"fr-FR","potentialAction":[{"@type":"ReadAction","target":["https:\/\/ge24h.com\/fr\/producto\/tadora-20mg\/"]}]},{"@type":"ImageObject","inLanguage":"fr-FR","@id":"https:\/\/ge24h.com\/fr\/producto\/tadora-20mg\/#primaryimage","url":"https:\/\/ge24h.com\/wp-content\/uploads\/tadora-1.png","contentUrl":"https:\/\/ge24h.com\/wp-content\/uploads\/tadora-1.png","width":800,"height":800,"caption":"Tadora 20mg"},{"@type":"BreadcrumbList","@id":"https:\/\/ge24h.com\/fr\/producto\/tadora-20mg\/#breadcrumb","itemListElement":[{"@type":"ListItem","position":1,"name":"Portada","item":"https:\/\/ge24h.com\/fr\/"},{"@type":"ListItem","position":2,"name":"boutique","item":"https:\/\/ge24h.com\/fr\/boutique\/"},{"@type":"ListItem","position":3,"name":"Tadora 20mg"}]},{"@type":"WebSite","@id":"https:\/\/ge24h.com\/#website","url":"https:\/\/ge24h.com\/","name":"Ge24h","description":"Medicamentos Gen\u00e9ricos, Finpecia, Kamagra, Sidenafil, Tadalafil","publisher":{"@id":"https:\/\/ge24h.com\/#organization"},"potentialAction":[{"@type":"SearchAction","target":{"@type":"EntryPoint","urlTemplate":"https:\/\/ge24h.com\/?s={search_term_string}"},"query-input":{"@type":"PropertyValueSpecification","valueRequired":true,"valueName":"search_term_string"}}],"inLanguage":"fr-FR"},{"@type":"Organization","@id":"https:\/\/ge24h.com\/#organization","name":"Ge24h","url":"https:\/\/ge24h.com\/","logo":{"@type":"ImageObject","inLanguage":"fr-FR","@id":"https:\/\/ge24h.com\/#\/schema\/logo\/image\/","url":"https:\/\/ge24h.com\/wp-content\/uploads\/logo-1.svg","contentUrl":"https:\/\/ge24h.com\/wp-content\/uploads\/logo-1.svg","width":200,"height":58,"caption":"Ge24h"},"image":{"@id":"https:\/\/ge24h.com\/#\/schema\/logo\/image\/"}}]}},"_links":{"self":[{"href":"https:\/\/ge24h.com\/fr\/wp-json\/wp\/v2\/product\/6137","targetHints":{"allow":["GET"]}}],"collection":[{"href":"https:\/\/ge24h.com\/fr\/wp-json\/wp\/v2\/product"}],"about":[{"href":"https:\/\/ge24h.com\/fr\/wp-json\/wp\/v2\/types\/product"}],"replies":[{"embeddable":true,"href":"https:\/\/ge24h.com\/fr\/wp-json\/wp\/v2\/comments?post=6137"}],"wp:featuredmedia":[{"embeddable":true,"href":"https:\/\/ge24h.com\/fr\/wp-json\/wp\/v2\/media\/5060"}],"wp:attachment":[{"href":"https:\/\/ge24h.com\/fr\/wp-json\/wp\/v2\/media?parent=6137"}],"wp:term":[{"taxonomy":"product_brand","embeddable":true,"href":"https:\/\/ge24h.com\/fr\/wp-json\/wp\/v2\/product_brand?post=6137"},{"taxonomy":"product_cat","embeddable":true,"href":"https:\/\/ge24h.com\/fr\/wp-json\/wp\/v2\/product_cat?post=6137"},{"taxonomy":"product_tag","embeddable":true,"href":"https:\/\/ge24h.com\/fr\/wp-json\/wp\/v2\/product_tag?post=6137"}],"curies":[{"name":"wp","href":"https:\/\/api.w.org\/{rel}","templated":true}]}}