{"id":6128,"date":"2025-05-21T16:13:36","date_gmt":"2025-05-21T14:13:36","guid":{"rendered":"https:\/\/ge24h.com\/producto\/generic-viagra-super-active-100-mg\/"},"modified":"2025-07-18T12:07:52","modified_gmt":"2025-07-18T10:07:52","slug":"generic-viagra-super-active-100-mg","status":"publish","type":"product","link":"https:\/\/ge24h.com\/fr\/producto\/generic-viagra-super-active-100-mg\/","title":{"rendered":"Generic Viagra Super Active 100 mg"},"content":{"rendered":"<h3><strong>Nom du m\u00e9dicament:<\/strong> Generic Viagra Super Active 100 mg<\/h3>\n<h3><strong>Nom g\u00e9n\u00e9rique:<\/strong> Fildena Super Active 100 mg<\/h3>\n<p>&nbsp;<\/p>\n<h4><strong>Quelle est la chose la plus importante que je devrais savoir sur Fildena?<\/strong><\/h4>\n<ul>\n<li>Fildena 100 mg ne doit \u00eatre utilis\u00e9 que s&rsquo;il est prescrit par un professionnel de la sant\u00e9.<\/li>\n<li>Il s&rsquo;agit d&rsquo;un m\u00e9dicament destin\u00e9 exclusivement aux hommes et aux femmes ; les enfants et les adolescents ne doivent pas prendre de comprim\u00e9s de citrate de sild\u00e9nafil intentionnellement ou accidentellement.<\/li>\n<li>Ne prenez pas ce m\u00e9dicament si vous prenez d\u00e9j\u00e0 des m\u00e9dicaments contenant des nitrates. Cette association peut \u00eatre dangereuse et provoquer une chute dangereuse de la tension art\u00e9rielle, des \u00e9tourdissements, des \u00e9vanouissements, voire un accident vasculaire c\u00e9r\u00e9bral. <\/li>\n<li>N&rsquo;utilisez pas ce m\u00e9dicament avec d&rsquo;autres m\u00e9dicaments sur ordonnance contenant des nitrates tels que la nitroglyc\u00e9rine, le mononitrate d&rsquo;isosorbide ou le dinitrate d&rsquo;isosorbide, ou des drogues r\u00e9cr\u00e9atives telles que le nitrate d&rsquo;amyle ou le nitrite.<\/li>\n<li>Ne prenez pas ce m\u00e9dicament si vous \u00eates allergique au citrate de sild\u00e9nafil ou \u00e0 tout type de nitrate.<\/li>\n<\/ul>\n<p>&nbsp;<\/p>\n<h4><strong>Qu&rsquo;est-ce que Fildena?<\/strong><\/h4>\n<p>Fildena permet \u00e0 plus de sang de circuler vers le syst\u00e8me reproducteur masculin pour le garder fort et dur plus longtemps lorsqu&rsquo;un homme est stimul\u00e9 sexuellement.<br \/> <strong>Les vaisseaux sanguins du p\u00e9nis gonflent et durcissent.<br \/><\/strong> Pour que ce m\u00e9dicament soit efficace, <strong>doit \u00eatre excit\u00e9 sexuellement.<\/strong><\/p>\n<p>L&rsquo;effet du citrate de sild\u00e9nafil dure environ <strong>4 \u00e0 6 heures<\/strong> selon chaque personne.<\/p>\n<p>Gr\u00e2ce au citrate de sild\u00e9nafil pr\u00e9sent dans ce m\u00e9dicament, un homme peut r\u00e9pondre \u00e0 la stimulation sexuelle sans interf\u00e9rer avec un m\u00e9tabolisme sain, car il agit naturellement.<br \/> <strong>Sans stimulation sexuelle, une \u00e9rection ad\u00e9quate ne peut \u00eatre obtenue.<br \/><\/strong><\/p>\n<h4><strong>Que dois-je discuter avec mon m\u00e9decin avant de prendre Fildena?<br \/><\/strong><\/h4>\n<ul>\n<li>Ne prenez pas Fildena si vous prenez des nitrates.<\/li>\n<li>Consultez votre m\u00e9decin si vous souffrez de l\u2019une des affections m\u00e9dicales suivantes : hypertension, angine de poitrine, maladie cardiaque, dr\u00e9panocytose, maladie du foie, leuc\u00e9mie, r\u00e9tinite pigmentaire ou maladie r\u00e9nale.<\/li>\n<li>Si vous souffrez de la maladie de La Peyronie ou d\u2019autres probl\u00e8mes m\u00e9dicaux, consultez un professionnel avant d\u2019utiliser Fildena.<\/li>\n<li>Vous ne devez pas prendre Fildena si vous \u00eates allergique \u00e0 d\u2019autres inhibiteurs de la PDE-5.<\/li>\n<\/ul>\n<p>&nbsp;<\/p>\n<h4><strong>Comment dois-je prendre Fildena?<\/strong><\/h4>\n<ul>\n<li>La dose recommand\u00e9e est de 100 mg une fois par jour. Pour un r\u00e9sultat optimal, il est conseill\u00e9 de la prendre une heure avant le rapport sexuel. <\/li>\n<li>Ne prenez pas plus de comprim\u00e9s que prescrit par votre m\u00e9decin.<\/li>\n<li>Ne prenez pas plus d\u2019un comprim\u00e9 par jour.<\/li>\n<li>Si vous avez plus de 65 ans, si vous souffrez de graves probl\u00e8mes de foie ou de reins ou si vous suivez un traitement contre le VIH, vous devez commencer par la dose la plus faible : 25 mg.<\/li>\n<li>Les patients sous traitement par inhibiteur de prot\u00e9ase (par exemple, pour le VIH) ne doivent pas d\u00e9passer une dose unique de 100 mg sur une p\u00e9riode de 48 heures.<\/li>\n<\/ul>\n<p>&nbsp;<\/p>\n<h4><strong>Que se passe-t-il si j\u2019oublie de prendre une dose?<\/strong><\/h4>\n<p>Fildena est pris selon les besoins, il n\u2019est donc pas n\u00e9cessaire de le prendre r\u00e9guli\u00e8rement et il n\u2019y a pas de risque significatif d\u2019oublier une dose.<\/p>\n<h4><strong>Que se passe-t-il en cas de surdose?<\/strong><\/h4>\n<p>En cas de surdosage, <strong>consultez imm\u00e9diatement un m\u00e9decin.<\/strong> Soyez attentif aux sympt\u00f4mes tels que des \u00e9tourdissements importants, des \u00e9vanouissements ou des douleurs thoraciques.<\/p>\n<h4><strong>Que dois-je \u00e9viter pendant que je prends Fildena?<br \/><\/strong><\/h4>\n<ul>\n<li>Ne conduisez pas et n&rsquo;utilisez pas de machines lourdes imm\u00e9diatement apr\u00e8s l&rsquo;avoir pris, car cela peut provoquer des \u00e9tourdissements.<\/li>\n<li>Ne consommez pas d\u2019alcool imm\u00e9diatement avant ou apr\u00e8s la prise de Fildena, car cela peut r\u00e9duire temporairement son efficacit\u00e9.<\/li>\n<li>\u00c9vitez les repas copieux avant de prendre le m\u00e9dicament, car ils peuvent retarder ou diminuer son effet.<\/li>\n<\/ul>\n<p>&nbsp;<\/p>\n<h4><strong>Quels sont les effets secondaires possibles de Fildena?<br \/><\/strong><\/h4>\n<h4><strong>Effets actuels:<\/strong><\/h4>\n<ul>\n<li>Mal de t\u00eate<\/li>\n<li>Rougeurs du visage<\/li>\n<li>Mal au ventre<\/li>\n<li>Vision bleue ou floue temporaire<\/li>\n<li>Sensibilit\u00e9 \u00e0 la lumi\u00e8re<\/li>\n<\/ul>\n<h4><strong>Effets graves (rares):<br \/><\/strong><\/h4>\n<ul>\n<li><strong>\u00c9rection qui dure plus de 4 heures <\/strong> \u2013 consultez imm\u00e9diatement un m\u00e9decin.<\/li>\n<\/ul>\n<p>La plupart des effets secondaires sont <strong>l\u00e9gers et temporaires<\/strong> et disparaissent lorsque le corps s\u2019habitue \u00e0 la dose.<\/p>\n","protected":false},"excerpt":{"rendered":"<p>Viagra Super Active G\u00e9n\u00e9rique 100 mg | Fildena Super Active 100 mg<\/p>\n<p>Les pilules Fildena permettent \u00e0 plus de sang de circuler vers le syst\u00e8me reproducteur masculin pour le garder fort et dur plus longtemps lorsqu&rsquo;un homme est stimul\u00e9 sexuellement.<\/p>\n<ul>\n<li>R\u00e9ponse plus rapide \u00e0 la stimulation sexuelle.<\/li>\n<li>\u00c9rection ferme et durable.<\/li>\n<li>Dose efficace et s\u00fbre.<\/li>\n<\/ul>\n","protected":false},"featured_media":4343,"comment_status":"open","ping_status":"closed","template":"","meta":[],"product_brand":[514],"product_cat":[351],"product_tag":[],"class_list":{"0":"post-6128","1":"product","2":"type-product","3":"status-publish","4":"has-post-thumbnail","6":"product_brand-fildena-2","7":"product_cat-sante-des-hommes","9":"first","10":"instock","11":"taxable","12":"shipping-taxable","13":"purchasable","14":"product-type-variable"},"yoast_head":"<!-- This site is optimized with the Yoast SEO plugin v25.6 - https:\/\/yoast.com\/wordpress\/plugins\/seo\/ -->\n<title>Generic Viagra Super Active 100 mg - Ge24h<\/title>\n<meta name=\"description\" content=\"Achetez du Viagra Super Active 100 mg g\u00e9n\u00e9rique sur GE24h. Obtenez les meilleurs m\u00e9dicaments g\u00e9n\u00e9riques au meilleur prix sur notre site web d\u00e8s maintenant. Achetez des g\u00e9n\u00e9riques.\" \/>\n<meta name=\"robots\" content=\"index, follow, max-snippet:-1, max-image-preview:large, max-video-preview:-1\" \/>\n<link rel=\"canonical\" href=\"https:\/\/ge24h.com\/fr\/producto\/generic-viagra-super-active-100-mg\/\" \/>\n<meta property=\"og:locale\" content=\"fr_FR\" \/>\n<meta property=\"og:type\" content=\"article\" \/>\n<meta property=\"og:title\" content=\"Generic Viagra Super Active 100 mg - Ge24h\" \/>\n<meta property=\"og:description\" content=\"Achetez du Viagra Super Active 100 mg g\u00e9n\u00e9rique sur GE24h. Obtenez les meilleurs m\u00e9dicaments g\u00e9n\u00e9riques au meilleur prix sur notre site web d\u00e8s maintenant. Achetez des g\u00e9n\u00e9riques.\" \/>\n<meta property=\"og:url\" content=\"https:\/\/ge24h.com\/fr\/producto\/generic-viagra-super-active-100-mg\/\" \/>\n<meta property=\"og:site_name\" content=\"Ge24h\" \/>\n<meta property=\"article:modified_time\" content=\"2025-07-18T10:07:52+00:00\" \/>\n<meta property=\"og:image\" content=\"https:\/\/ge24h.com\/wp-content\/uploads\/generic-viagra-super-active-100-mg.jpg\" \/>\n\t<meta property=\"og:image:width\" content=\"800\" \/>\n\t<meta property=\"og:image:height\" content=\"800\" \/>\n\t<meta property=\"og:image:type\" content=\"image\/jpeg\" \/>\n<meta name=\"twitter:card\" content=\"summary_large_image\" \/>\n<meta name=\"twitter:label1\" content=\"Dur\u00e9e de lecture estim\u00e9e\" \/>\n\t<meta name=\"twitter:data1\" content=\"4 minutes\" \/>\n<script type=\"application\/ld+json\" class=\"yoast-schema-graph\">{\"@context\":\"https:\/\/schema.org\",\"@graph\":[{\"@type\":\"WebPage\",\"@id\":\"https:\/\/ge24h.com\/fr\/producto\/generic-viagra-super-active-100-mg\/\",\"url\":\"https:\/\/ge24h.com\/fr\/producto\/generic-viagra-super-active-100-mg\/\",\"name\":\"Generic Viagra Super Active 100 mg - Ge24h\",\"isPartOf\":{\"@id\":\"https:\/\/ge24h.com\/#website\"},\"primaryImageOfPage\":{\"@id\":\"https:\/\/ge24h.com\/fr\/producto\/generic-viagra-super-active-100-mg\/#primaryimage\"},\"image\":{\"@id\":\"https:\/\/ge24h.com\/fr\/producto\/generic-viagra-super-active-100-mg\/#primaryimage\"},\"thumbnailUrl\":\"https:\/\/ge24h.com\/wp-content\/uploads\/generic-viagra-super-active-100-mg.jpg\",\"datePublished\":\"2025-05-21T14:13:36+00:00\",\"dateModified\":\"2025-07-18T10:07:52+00:00\",\"description\":\"Achetez du Viagra Super Active 100 mg g\u00e9n\u00e9rique sur GE24h. Obtenez les meilleurs m\u00e9dicaments g\u00e9n\u00e9riques au meilleur prix sur notre site web d\u00e8s maintenant. Achetez des g\u00e9n\u00e9riques.\",\"breadcrumb\":{\"@id\":\"https:\/\/ge24h.com\/fr\/producto\/generic-viagra-super-active-100-mg\/#breadcrumb\"},\"inLanguage\":\"fr-FR\",\"potentialAction\":[{\"@type\":\"ReadAction\",\"target\":[\"https:\/\/ge24h.com\/fr\/producto\/generic-viagra-super-active-100-mg\/\"]}]},{\"@type\":\"ImageObject\",\"inLanguage\":\"fr-FR\",\"@id\":\"https:\/\/ge24h.com\/fr\/producto\/generic-viagra-super-active-100-mg\/#primaryimage\",\"url\":\"https:\/\/ge24h.com\/wp-content\/uploads\/generic-viagra-super-active-100-mg.jpg\",\"contentUrl\":\"https:\/\/ge24h.com\/wp-content\/uploads\/generic-viagra-super-active-100-mg.jpg\",\"width\":800,\"height\":800,\"caption\":\"Generic Viagra Super Active 100 mg\"},{\"@type\":\"BreadcrumbList\",\"@id\":\"https:\/\/ge24h.com\/fr\/producto\/generic-viagra-super-active-100-mg\/#breadcrumb\",\"itemListElement\":[{\"@type\":\"ListItem\",\"position\":1,\"name\":\"Portada\",\"item\":\"https:\/\/ge24h.com\/fr\/\"},{\"@type\":\"ListItem\",\"position\":2,\"name\":\"boutique\",\"item\":\"https:\/\/ge24h.com\/fr\/boutique\/\"},{\"@type\":\"ListItem\",\"position\":3,\"name\":\"Generic Viagra Super Active 100 mg\"}]},{\"@type\":\"WebSite\",\"@id\":\"https:\/\/ge24h.com\/#website\",\"url\":\"https:\/\/ge24h.com\/\",\"name\":\"Ge24h\",\"description\":\"Medicamentos Gen\u00e9ricos, Finpecia, Kamagra, Sidenafil, Tadalafil\",\"publisher\":{\"@id\":\"https:\/\/ge24h.com\/#organization\"},\"potentialAction\":[{\"@type\":\"SearchAction\",\"target\":{\"@type\":\"EntryPoint\",\"urlTemplate\":\"https:\/\/ge24h.com\/?s={search_term_string}\"},\"query-input\":{\"@type\":\"PropertyValueSpecification\",\"valueRequired\":true,\"valueName\":\"search_term_string\"}}],\"inLanguage\":\"fr-FR\"},{\"@type\":\"Organization\",\"@id\":\"https:\/\/ge24h.com\/#organization\",\"name\":\"Ge24h\",\"url\":\"https:\/\/ge24h.com\/\",\"logo\":{\"@type\":\"ImageObject\",\"inLanguage\":\"fr-FR\",\"@id\":\"https:\/\/ge24h.com\/#\/schema\/logo\/image\/\",\"url\":\"https:\/\/ge24h.com\/wp-content\/uploads\/logo-1.svg\",\"contentUrl\":\"https:\/\/ge24h.com\/wp-content\/uploads\/logo-1.svg\",\"width\":200,\"height\":58,\"caption\":\"Ge24h\"},\"image\":{\"@id\":\"https:\/\/ge24h.com\/#\/schema\/logo\/image\/\"}}]}<\/script>\n<!-- \/ Yoast SEO plugin. -->","yoast_head_json":{"title":"Generic Viagra Super Active 100 mg - Ge24h","description":"Achetez du Viagra Super Active 100 mg g\u00e9n\u00e9rique sur GE24h. Obtenez les meilleurs m\u00e9dicaments g\u00e9n\u00e9riques au meilleur prix sur notre site web d\u00e8s maintenant. Achetez des g\u00e9n\u00e9riques.","robots":{"index":"index","follow":"follow","max-snippet":"max-snippet:-1","max-image-preview":"max-image-preview:large","max-video-preview":"max-video-preview:-1"},"canonical":"https:\/\/ge24h.com\/fr\/producto\/generic-viagra-super-active-100-mg\/","og_locale":"fr_FR","og_type":"article","og_title":"Generic Viagra Super Active 100 mg - Ge24h","og_description":"Achetez du Viagra Super Active 100 mg g\u00e9n\u00e9rique sur GE24h. Obtenez les meilleurs m\u00e9dicaments g\u00e9n\u00e9riques au meilleur prix sur notre site web d\u00e8s maintenant. Achetez des g\u00e9n\u00e9riques.","og_url":"https:\/\/ge24h.com\/fr\/producto\/generic-viagra-super-active-100-mg\/","og_site_name":"Ge24h","article_modified_time":"2025-07-18T10:07:52+00:00","og_image":[{"width":800,"height":800,"url":"https:\/\/ge24h.com\/wp-content\/uploads\/generic-viagra-super-active-100-mg.jpg","type":"image\/jpeg"}],"twitter_card":"summary_large_image","twitter_misc":{"Dur\u00e9e de lecture estim\u00e9e":"4 minutes"},"schema":{"@context":"https:\/\/schema.org","@graph":[{"@type":"WebPage","@id":"https:\/\/ge24h.com\/fr\/producto\/generic-viagra-super-active-100-mg\/","url":"https:\/\/ge24h.com\/fr\/producto\/generic-viagra-super-active-100-mg\/","name":"Generic Viagra Super Active 100 mg - Ge24h","isPartOf":{"@id":"https:\/\/ge24h.com\/#website"},"primaryImageOfPage":{"@id":"https:\/\/ge24h.com\/fr\/producto\/generic-viagra-super-active-100-mg\/#primaryimage"},"image":{"@id":"https:\/\/ge24h.com\/fr\/producto\/generic-viagra-super-active-100-mg\/#primaryimage"},"thumbnailUrl":"https:\/\/ge24h.com\/wp-content\/uploads\/generic-viagra-super-active-100-mg.jpg","datePublished":"2025-05-21T14:13:36+00:00","dateModified":"2025-07-18T10:07:52+00:00","description":"Achetez du Viagra Super Active 100 mg g\u00e9n\u00e9rique sur GE24h. Obtenez les meilleurs m\u00e9dicaments g\u00e9n\u00e9riques au meilleur prix sur notre site web d\u00e8s maintenant. Achetez des g\u00e9n\u00e9riques.","breadcrumb":{"@id":"https:\/\/ge24h.com\/fr\/producto\/generic-viagra-super-active-100-mg\/#breadcrumb"},"inLanguage":"fr-FR","potentialAction":[{"@type":"ReadAction","target":["https:\/\/ge24h.com\/fr\/producto\/generic-viagra-super-active-100-mg\/"]}]},{"@type":"ImageObject","inLanguage":"fr-FR","@id":"https:\/\/ge24h.com\/fr\/producto\/generic-viagra-super-active-100-mg\/#primaryimage","url":"https:\/\/ge24h.com\/wp-content\/uploads\/generic-viagra-super-active-100-mg.jpg","contentUrl":"https:\/\/ge24h.com\/wp-content\/uploads\/generic-viagra-super-active-100-mg.jpg","width":800,"height":800,"caption":"Generic Viagra Super Active 100 mg"},{"@type":"BreadcrumbList","@id":"https:\/\/ge24h.com\/fr\/producto\/generic-viagra-super-active-100-mg\/#breadcrumb","itemListElement":[{"@type":"ListItem","position":1,"name":"Portada","item":"https:\/\/ge24h.com\/fr\/"},{"@type":"ListItem","position":2,"name":"boutique","item":"https:\/\/ge24h.com\/fr\/boutique\/"},{"@type":"ListItem","position":3,"name":"Generic Viagra Super Active 100 mg"}]},{"@type":"WebSite","@id":"https:\/\/ge24h.com\/#website","url":"https:\/\/ge24h.com\/","name":"Ge24h","description":"Medicamentos Gen\u00e9ricos, Finpecia, Kamagra, Sidenafil, Tadalafil","publisher":{"@id":"https:\/\/ge24h.com\/#organization"},"potentialAction":[{"@type":"SearchAction","target":{"@type":"EntryPoint","urlTemplate":"https:\/\/ge24h.com\/?s={search_term_string}"},"query-input":{"@type":"PropertyValueSpecification","valueRequired":true,"valueName":"search_term_string"}}],"inLanguage":"fr-FR"},{"@type":"Organization","@id":"https:\/\/ge24h.com\/#organization","name":"Ge24h","url":"https:\/\/ge24h.com\/","logo":{"@type":"ImageObject","inLanguage":"fr-FR","@id":"https:\/\/ge24h.com\/#\/schema\/logo\/image\/","url":"https:\/\/ge24h.com\/wp-content\/uploads\/logo-1.svg","contentUrl":"https:\/\/ge24h.com\/wp-content\/uploads\/logo-1.svg","width":200,"height":58,"caption":"Ge24h"},"image":{"@id":"https:\/\/ge24h.com\/#\/schema\/logo\/image\/"}}]}},"_links":{"self":[{"href":"https:\/\/ge24h.com\/fr\/wp-json\/wp\/v2\/product\/6128","targetHints":{"allow":["GET"]}}],"collection":[{"href":"https:\/\/ge24h.com\/fr\/wp-json\/wp\/v2\/product"}],"about":[{"href":"https:\/\/ge24h.com\/fr\/wp-json\/wp\/v2\/types\/product"}],"replies":[{"embeddable":true,"href":"https:\/\/ge24h.com\/fr\/wp-json\/wp\/v2\/comments?post=6128"}],"wp:featuredmedia":[{"embeddable":true,"href":"https:\/\/ge24h.com\/fr\/wp-json\/wp\/v2\/media\/4343"}],"wp:attachment":[{"href":"https:\/\/ge24h.com\/fr\/wp-json\/wp\/v2\/media?parent=6128"}],"wp:term":[{"taxonomy":"product_brand","embeddable":true,"href":"https:\/\/ge24h.com\/fr\/wp-json\/wp\/v2\/product_brand?post=6128"},{"taxonomy":"product_cat","embeddable":true,"href":"https:\/\/ge24h.com\/fr\/wp-json\/wp\/v2\/product_cat?post=6128"},{"taxonomy":"product_tag","embeddable":true,"href":"https:\/\/ge24h.com\/fr\/wp-json\/wp\/v2\/product_tag?post=6128"}],"curies":[{"name":"wp","href":"https:\/\/api.w.org\/{rel}","templated":true}]}}