{"id":6121,"date":"2025-05-21T15:36:16","date_gmt":"2025-05-21T13:36:16","guid":{"rendered":"https:\/\/ge24h.com\/producto\/apcalis-tadalafil-gel-20mg\/"},"modified":"2025-07-18T11:54:22","modified_gmt":"2025-07-18T09:54:22","slug":"apcalis-tadalafil-gel-20mg","status":"publish","type":"product","link":"https:\/\/ge24h.com\/fr\/producto\/apcalis-tadalafil-gel-20mg\/","title":{"rendered":"Apcalis Tadalafil Gel 20mg"},"content":{"rendered":"<h3><strong>Nom du m\u00e9dicament:<\/strong> Tadalafil Gel Acci\u00f3n R\u00e1pida<\/h3>\n<h3><strong>Nom g\u00e9n\u00e9rique:<\/strong> Tadalafil Gen\u00e9rico<\/h3>\n<p>&nbsp;<\/p>\n<h4><strong>Quelle est la chose la plus importante que je devrais savoir sur le gel \u00e0 action rapide Tadalafil?<\/strong><\/h4>\n<ul>\n<li>Le gel de Tadalafil g\u00e9n\u00e9rique contient l&rsquo;\u00e9quivalent de 20 mg de Tadalafil g\u00e9n\u00e9rique, exactement ce que contiennent les pilules ordinaires.<\/li>\n<li>Il agit rapidement, g\u00e9n\u00e9ralement en moins de 15 minutes.<\/li>\n<li>Il est pr\u00eat \u00e0 \u00eatre utilis\u00e9 \u00e0 tout moment.<\/li>\n<li>Le gel se glisse facilement dans votre portefeuille, ce qui le rend pratique et discret \u00e0 transporter.<\/li>\n<\/ul>\n<p>&nbsp;<\/p>\n<h4><strong>Qu&rsquo;est-ce que le gel \u00e0 action rapide Tadalafil?<\/strong><\/h4>\n<p>Le gel \u00e0 action rapide de Tadalafil est la derni\u00e8re innovation en mati\u00e8re de traitement de la dysfonction \u00e9rectile (DE). Il contient le m\u00eame principe actif que les comprim\u00e9s traditionnels, mais sous forme de gel, pour une absorption plus rapide. <\/p>\n<p>Le produit est pr\u00e9sent\u00e9 en sachets aux saveurs vari\u00e9es pour une exp\u00e9rience plus agr\u00e9able.<\/p>\n<h4><strong>Que dois-je discuter avec mon m\u00e9decin avant de prendre le gel \u00e0 action rapide Tadalafil?<\/strong><\/h4>\n<ul>\n<li>Consultez votre m\u00e9decin si vous prenez des m\u00e9dicaments susceptibles d\u2019interagir avec le Tadalafil, tels que des nitrates ou certains antifongiques ou antibiotiques.<\/li>\n<li>Signalez si vous avez des ant\u00e9c\u00e9dents de maladie cardiaque, d\u2019hypertension ou d\u2019hypotension art\u00e9rielle, de probl\u00e8mes de foie ou de reins.<\/li>\n<li>V\u00e9rifiez \u00e9galement si vous avez souffert de priapisme ou si on vous a conseill\u00e9 d\u2019\u00e9viter toute activit\u00e9 sexuelle pour des raisons m\u00e9dicales.<\/li>\n<\/ul>\n<p>&nbsp;<\/p>\n<h4><strong>Comment dois-je prendre le gel \u00e0 action rapide Tadalafil?<\/strong><\/h4>\n<ul>\n<li><strong>D\u00e9chirez un coin du sachet, pressez le gel\u2026 et commencez \u00e0 compter les minutes !<br \/><\/strong><\/li>\n<li>Le gel est con\u00e7u pour \u00eatre facile \u00e0 utiliser et agir rapidement.<\/li>\n<li>Ne pas d\u00e9passer la dose recommand\u00e9e d&rsquo;un sachet (\u00e9quivalent \u00e0 20 mg de Tadalafil) par jour.<\/li>\n<\/ul>\n<p>&nbsp;<\/p>\n<h4><strong>Que se passe-t-il si j\u2019oublie de prendre une dose?<\/strong><\/h4>\n<p>Le gel \u00e0 action rapide de Tadalafil se prend en cas de besoin ; il n&rsquo;y a donc pas d&rsquo;horaire fixe ni d&rsquo;oubli de dose. \u00c0 utiliser uniquement en cas de besoin et jamais plus d&rsquo;une fois par jour. <\/p>\n<h4><strong>Que se passe-t-il en cas de surdose?<\/strong><\/h4>\n<p>En cas de surdosage, consultez imm\u00e9diatement un m\u00e9decin. Bien que la pr\u00e9sentation en sachet limite les risques, un surdosage peut entra\u00eener des effets secondaires tels que des douleurs thoraciques, des \u00e9tourdissements importants ou des \u00e9vanouissements. <\/p>\n<h4><strong>Que dois-je \u00e9viter pendant que je prends le gel \u00e0 action rapide Tadalafil ?<br \/><\/strong><\/h4>\n<ul>\n<li>\u00c9vitez la consommation excessive d\u2019alcool, car elle peut augmenter le risque d\u2019effets secondaires.<\/li>\n<li>Ne pas combiner avec d\u2019autres m\u00e9dicaments contre la dysfonction \u00e9rectile sans consulter au pr\u00e9alable votre m\u00e9decin.<\/li>\n<\/ul>\n<p>&nbsp;<\/p>\n<h4><strong>Quels sont les effets secondaires possibles du gel \u00e0 action rapide Tadalafil?<\/strong><\/h4>\n<h4><strong>Effets graves:<\/strong><\/h4>\n<ul>\n<li>Perte soudaine de la vision ou de l\u2019ou\u00efe.<\/li>\n<li>Douleur thoracique, difficult\u00e9 \u00e0 respirer.<\/li>\n<li>\u00c9rection douloureuse ou qui dure plus de 4 heures (priapisme).<\/li>\n<\/ul>\n<p>&nbsp;<\/p>\n<h4><strong>Effets mineurs:<\/strong><\/h4>\n<ul>\n<li>Mal de t\u00eate.<\/li>\n<li>Congestion nasale.<\/li>\n<li>Indigestion ou maux d\u2019estomac.<\/li>\n<li>Douleurs musculaires ou dorsales.<\/li>\n<\/ul>\n<p>Si vous ressentez des effets secondaires inhabituels ou g\u00eanants, consultez votre m\u00e9decin.<\/p>\n<h4><strong>Quels m\u00e9dicaments peuvent interagir avec le gel \u00e0 action rapide Tadalafil?<\/strong><\/h4>\n<p>Informez votre m\u00e9decin si vous prenez:<\/p>\n<ul>\n<li>Nitrates (pour les douleurs thoraciques ou les probl\u00e8mes cardiaques).<\/li>\n<li>Des antibiotiques tels que l\u2019\u00e9rythromycine ou la clarithromycine.<\/li>\n<li>M\u00e9dicaments antifongiques tels que le k\u00e9toconazole ou l\u2019itraconazole.<\/li>\n<li>M\u00e9dicaments contre le VIH.<\/li>\n<li>Alpha-bloquants pour l\u2019hypertension art\u00e9rielle ou les probl\u00e8mes de prostate.<\/li>\n<\/ul>\n<p>Parlez \u00e0 votre m\u00e9decin de tous les m\u00e9dicaments que vous prenez, y compris les suppl\u00e9ments vitaminiques, les produits \u00e0 base de plantes et les autres m\u00e9dicaments sur ordonnance ou en vente libre.<\/p>\n<p>Si vous avez ces questions, consultez votre m\u00e9decin pour vous assurer que vous \u00eates m\u00e9dicalement apte.<\/p>\n","protected":false},"excerpt":{"rendered":"<p><strong>Le gel de Tadalafil g\u00e9n\u00e9rique <\/strong> contient l&rsquo;\u00e9quivalent de 20 mg de Tadalafil g\u00e9n\u00e9rique, exactement ce que contiennent les pilules ordinaires.<\/p>\n<ul>\n<li>Efficacit\u00e9 prouv\u00e9e.<\/li>\n<li>Format gel.<\/li>\n<li>M\u00eame efficacit\u00e9, plus de confort.<\/li>\n<\/ul>\n","protected":false},"featured_media":4887,"comment_status":"open","ping_status":"closed","template":"","meta":[],"product_brand":[499],"product_cat":[351,359],"product_tag":[],"class_list":{"0":"post-6121","1":"product","2":"type-product","3":"status-publish","4":"has-post-thumbnail","6":"product_brand-ajanta-2","7":"product_cat-sante-des-hommes","8":"product_cat-en-vedette","10":"first","11":"instock","12":"taxable","13":"shipping-taxable","14":"purchasable","15":"product-type-variable"},"yoast_head":"<!-- This site is optimized with the Yoast SEO plugin v25.6 - https:\/\/yoast.com\/wordpress\/plugins\/seo\/ -->\n<title>Apcalis Tadalafil Gel 20mg - Ge24h<\/title>\n<meta name=\"description\" content=\"Achetez Apcalis Tadalafil Gel 20 mg chez GE24h. Obtenez les meilleurs m\u00e9dicaments g\u00e9n\u00e9riques au meilleur prix sur notre site web d\u00e8s maintenant. Achetez des g\u00e9n\u00e9riques.\" \/>\n<meta name=\"robots\" content=\"index, follow, max-snippet:-1, max-image-preview:large, max-video-preview:-1\" \/>\n<link rel=\"canonical\" href=\"https:\/\/ge24h.com\/fr\/producto\/apcalis-tadalafil-gel-20mg\/\" \/>\n<meta property=\"og:locale\" content=\"fr_FR\" \/>\n<meta property=\"og:type\" content=\"article\" \/>\n<meta property=\"og:title\" content=\"Apcalis Tadalafil Gel 20mg - Ge24h\" \/>\n<meta property=\"og:description\" content=\"Achetez Apcalis Tadalafil Gel 20 mg chez GE24h. Obtenez les meilleurs m\u00e9dicaments g\u00e9n\u00e9riques au meilleur prix sur notre site web d\u00e8s maintenant. Achetez des g\u00e9n\u00e9riques.\" \/>\n<meta property=\"og:url\" content=\"https:\/\/ge24h.com\/fr\/producto\/apcalis-tadalafil-gel-20mg\/\" \/>\n<meta property=\"og:site_name\" content=\"Ge24h\" \/>\n<meta property=\"article:modified_time\" content=\"2025-07-18T09:54:22+00:00\" \/>\n<meta property=\"og:image\" content=\"https:\/\/ge24h.com\/wp-content\/uploads\/apcalis-tadalafil-gel-20-mg-1.png\" \/>\n\t<meta property=\"og:image:width\" content=\"800\" \/>\n\t<meta property=\"og:image:height\" content=\"800\" \/>\n\t<meta property=\"og:image:type\" content=\"image\/png\" \/>\n<meta name=\"twitter:card\" content=\"summary_large_image\" \/>\n<meta name=\"twitter:label1\" content=\"Dur\u00e9e de lecture estim\u00e9e\" \/>\n\t<meta name=\"twitter:data1\" content=\"3 minutes\" \/>\n<script type=\"application\/ld+json\" class=\"yoast-schema-graph\">{\"@context\":\"https:\/\/schema.org\",\"@graph\":[{\"@type\":\"WebPage\",\"@id\":\"https:\/\/ge24h.com\/fr\/producto\/apcalis-tadalafil-gel-20mg\/\",\"url\":\"https:\/\/ge24h.com\/fr\/producto\/apcalis-tadalafil-gel-20mg\/\",\"name\":\"Apcalis Tadalafil Gel 20mg - Ge24h\",\"isPartOf\":{\"@id\":\"https:\/\/ge24h.com\/#website\"},\"primaryImageOfPage\":{\"@id\":\"https:\/\/ge24h.com\/fr\/producto\/apcalis-tadalafil-gel-20mg\/#primaryimage\"},\"image\":{\"@id\":\"https:\/\/ge24h.com\/fr\/producto\/apcalis-tadalafil-gel-20mg\/#primaryimage\"},\"thumbnailUrl\":\"https:\/\/ge24h.com\/wp-content\/uploads\/apcalis-tadalafil-gel-20-mg-1.png\",\"datePublished\":\"2025-05-21T13:36:16+00:00\",\"dateModified\":\"2025-07-18T09:54:22+00:00\",\"description\":\"Achetez Apcalis Tadalafil Gel 20 mg chez GE24h. Obtenez les meilleurs m\u00e9dicaments g\u00e9n\u00e9riques au meilleur prix sur notre site web d\u00e8s maintenant. Achetez des g\u00e9n\u00e9riques.\",\"breadcrumb\":{\"@id\":\"https:\/\/ge24h.com\/fr\/producto\/apcalis-tadalafil-gel-20mg\/#breadcrumb\"},\"inLanguage\":\"fr-FR\",\"potentialAction\":[{\"@type\":\"ReadAction\",\"target\":[\"https:\/\/ge24h.com\/fr\/producto\/apcalis-tadalafil-gel-20mg\/\"]}]},{\"@type\":\"ImageObject\",\"inLanguage\":\"fr-FR\",\"@id\":\"https:\/\/ge24h.com\/fr\/producto\/apcalis-tadalafil-gel-20mg\/#primaryimage\",\"url\":\"https:\/\/ge24h.com\/wp-content\/uploads\/apcalis-tadalafil-gel-20-mg-1.png\",\"contentUrl\":\"https:\/\/ge24h.com\/wp-content\/uploads\/apcalis-tadalafil-gel-20-mg-1.png\",\"width\":800,\"height\":800,\"caption\":\"Apcalis Tadalafil Gel 20mg\"},{\"@type\":\"BreadcrumbList\",\"@id\":\"https:\/\/ge24h.com\/fr\/producto\/apcalis-tadalafil-gel-20mg\/#breadcrumb\",\"itemListElement\":[{\"@type\":\"ListItem\",\"position\":1,\"name\":\"Portada\",\"item\":\"https:\/\/ge24h.com\/fr\/\"},{\"@type\":\"ListItem\",\"position\":2,\"name\":\"boutique\",\"item\":\"https:\/\/ge24h.com\/fr\/boutique\/\"},{\"@type\":\"ListItem\",\"position\":3,\"name\":\"Apcalis Tadalafil Gel 20mg\"}]},{\"@type\":\"WebSite\",\"@id\":\"https:\/\/ge24h.com\/#website\",\"url\":\"https:\/\/ge24h.com\/\",\"name\":\"Ge24h\",\"description\":\"Medicamentos Gen\u00e9ricos, Finpecia, Kamagra, Sidenafil, Tadalafil\",\"publisher\":{\"@id\":\"https:\/\/ge24h.com\/#organization\"},\"potentialAction\":[{\"@type\":\"SearchAction\",\"target\":{\"@type\":\"EntryPoint\",\"urlTemplate\":\"https:\/\/ge24h.com\/?s={search_term_string}\"},\"query-input\":{\"@type\":\"PropertyValueSpecification\",\"valueRequired\":true,\"valueName\":\"search_term_string\"}}],\"inLanguage\":\"fr-FR\"},{\"@type\":\"Organization\",\"@id\":\"https:\/\/ge24h.com\/#organization\",\"name\":\"Ge24h\",\"url\":\"https:\/\/ge24h.com\/\",\"logo\":{\"@type\":\"ImageObject\",\"inLanguage\":\"fr-FR\",\"@id\":\"https:\/\/ge24h.com\/#\/schema\/logo\/image\/\",\"url\":\"https:\/\/ge24h.com\/wp-content\/uploads\/logo-1.svg\",\"contentUrl\":\"https:\/\/ge24h.com\/wp-content\/uploads\/logo-1.svg\",\"width\":200,\"height\":58,\"caption\":\"Ge24h\"},\"image\":{\"@id\":\"https:\/\/ge24h.com\/#\/schema\/logo\/image\/\"}}]}<\/script>\n<!-- \/ Yoast SEO plugin. -->","yoast_head_json":{"title":"Apcalis Tadalafil Gel 20mg - Ge24h","description":"Achetez Apcalis Tadalafil Gel 20 mg chez GE24h. Obtenez les meilleurs m\u00e9dicaments g\u00e9n\u00e9riques au meilleur prix sur notre site web d\u00e8s maintenant. Achetez des g\u00e9n\u00e9riques.","robots":{"index":"index","follow":"follow","max-snippet":"max-snippet:-1","max-image-preview":"max-image-preview:large","max-video-preview":"max-video-preview:-1"},"canonical":"https:\/\/ge24h.com\/fr\/producto\/apcalis-tadalafil-gel-20mg\/","og_locale":"fr_FR","og_type":"article","og_title":"Apcalis Tadalafil Gel 20mg - Ge24h","og_description":"Achetez Apcalis Tadalafil Gel 20 mg chez GE24h. Obtenez les meilleurs m\u00e9dicaments g\u00e9n\u00e9riques au meilleur prix sur notre site web d\u00e8s maintenant. Achetez des g\u00e9n\u00e9riques.","og_url":"https:\/\/ge24h.com\/fr\/producto\/apcalis-tadalafil-gel-20mg\/","og_site_name":"Ge24h","article_modified_time":"2025-07-18T09:54:22+00:00","og_image":[{"width":800,"height":800,"url":"https:\/\/ge24h.com\/wp-content\/uploads\/apcalis-tadalafil-gel-20-mg-1.png","type":"image\/png"}],"twitter_card":"summary_large_image","twitter_misc":{"Dur\u00e9e de lecture estim\u00e9e":"3 minutes"},"schema":{"@context":"https:\/\/schema.org","@graph":[{"@type":"WebPage","@id":"https:\/\/ge24h.com\/fr\/producto\/apcalis-tadalafil-gel-20mg\/","url":"https:\/\/ge24h.com\/fr\/producto\/apcalis-tadalafil-gel-20mg\/","name":"Apcalis Tadalafil Gel 20mg - Ge24h","isPartOf":{"@id":"https:\/\/ge24h.com\/#website"},"primaryImageOfPage":{"@id":"https:\/\/ge24h.com\/fr\/producto\/apcalis-tadalafil-gel-20mg\/#primaryimage"},"image":{"@id":"https:\/\/ge24h.com\/fr\/producto\/apcalis-tadalafil-gel-20mg\/#primaryimage"},"thumbnailUrl":"https:\/\/ge24h.com\/wp-content\/uploads\/apcalis-tadalafil-gel-20-mg-1.png","datePublished":"2025-05-21T13:36:16+00:00","dateModified":"2025-07-18T09:54:22+00:00","description":"Achetez Apcalis Tadalafil Gel 20 mg chez GE24h. Obtenez les meilleurs m\u00e9dicaments g\u00e9n\u00e9riques au meilleur prix sur notre site web d\u00e8s maintenant. Achetez des g\u00e9n\u00e9riques.","breadcrumb":{"@id":"https:\/\/ge24h.com\/fr\/producto\/apcalis-tadalafil-gel-20mg\/#breadcrumb"},"inLanguage":"fr-FR","potentialAction":[{"@type":"ReadAction","target":["https:\/\/ge24h.com\/fr\/producto\/apcalis-tadalafil-gel-20mg\/"]}]},{"@type":"ImageObject","inLanguage":"fr-FR","@id":"https:\/\/ge24h.com\/fr\/producto\/apcalis-tadalafil-gel-20mg\/#primaryimage","url":"https:\/\/ge24h.com\/wp-content\/uploads\/apcalis-tadalafil-gel-20-mg-1.png","contentUrl":"https:\/\/ge24h.com\/wp-content\/uploads\/apcalis-tadalafil-gel-20-mg-1.png","width":800,"height":800,"caption":"Apcalis Tadalafil Gel 20mg"},{"@type":"BreadcrumbList","@id":"https:\/\/ge24h.com\/fr\/producto\/apcalis-tadalafil-gel-20mg\/#breadcrumb","itemListElement":[{"@type":"ListItem","position":1,"name":"Portada","item":"https:\/\/ge24h.com\/fr\/"},{"@type":"ListItem","position":2,"name":"boutique","item":"https:\/\/ge24h.com\/fr\/boutique\/"},{"@type":"ListItem","position":3,"name":"Apcalis Tadalafil Gel 20mg"}]},{"@type":"WebSite","@id":"https:\/\/ge24h.com\/#website","url":"https:\/\/ge24h.com\/","name":"Ge24h","description":"Medicamentos Gen\u00e9ricos, Finpecia, Kamagra, Sidenafil, Tadalafil","publisher":{"@id":"https:\/\/ge24h.com\/#organization"},"potentialAction":[{"@type":"SearchAction","target":{"@type":"EntryPoint","urlTemplate":"https:\/\/ge24h.com\/?s={search_term_string}"},"query-input":{"@type":"PropertyValueSpecification","valueRequired":true,"valueName":"search_term_string"}}],"inLanguage":"fr-FR"},{"@type":"Organization","@id":"https:\/\/ge24h.com\/#organization","name":"Ge24h","url":"https:\/\/ge24h.com\/","logo":{"@type":"ImageObject","inLanguage":"fr-FR","@id":"https:\/\/ge24h.com\/#\/schema\/logo\/image\/","url":"https:\/\/ge24h.com\/wp-content\/uploads\/logo-1.svg","contentUrl":"https:\/\/ge24h.com\/wp-content\/uploads\/logo-1.svg","width":200,"height":58,"caption":"Ge24h"},"image":{"@id":"https:\/\/ge24h.com\/#\/schema\/logo\/image\/"}}]}},"_links":{"self":[{"href":"https:\/\/ge24h.com\/fr\/wp-json\/wp\/v2\/product\/6121","targetHints":{"allow":["GET"]}}],"collection":[{"href":"https:\/\/ge24h.com\/fr\/wp-json\/wp\/v2\/product"}],"about":[{"href":"https:\/\/ge24h.com\/fr\/wp-json\/wp\/v2\/types\/product"}],"replies":[{"embeddable":true,"href":"https:\/\/ge24h.com\/fr\/wp-json\/wp\/v2\/comments?post=6121"}],"wp:featuredmedia":[{"embeddable":true,"href":"https:\/\/ge24h.com\/fr\/wp-json\/wp\/v2\/media\/4887"}],"wp:attachment":[{"href":"https:\/\/ge24h.com\/fr\/wp-json\/wp\/v2\/media?parent=6121"}],"wp:term":[{"taxonomy":"product_brand","embeddable":true,"href":"https:\/\/ge24h.com\/fr\/wp-json\/wp\/v2\/product_brand?post=6121"},{"taxonomy":"product_cat","embeddable":true,"href":"https:\/\/ge24h.com\/fr\/wp-json\/wp\/v2\/product_cat?post=6121"},{"taxonomy":"product_tag","embeddable":true,"href":"https:\/\/ge24h.com\/fr\/wp-json\/wp\/v2\/product_tag?post=6121"}],"curies":[{"name":"wp","href":"https:\/\/api.w.org\/{rel}","templated":true}]}}