{"id":6113,"date":"2025-05-21T15:44:55","date_gmt":"2025-05-21T13:44:55","guid":{"rendered":"https:\/\/ge24h.com\/producto\/sildenafil-citrate-50mg\/"},"modified":"2025-07-18T11:44:08","modified_gmt":"2025-07-18T09:44:08","slug":"sildenafil-citrate-50mg","status":"publish","type":"product","link":"https:\/\/ge24h.com\/fr\/producto\/sildenafil-citrate-50mg\/","title":{"rendered":"Sildenafil Citrate 50mg"},"content":{"rendered":"<h3><strong>Nom du m\u00e9dicament:<\/strong> Sildenafil Citrate 50 mg<\/h3>\n<h3><strong>Nom g\u00e9n\u00e9rique:<\/strong> Viagra gen\u00e9rico<\/h3>\n<p>&nbsp;<\/p>\n<h4><strong>Quelle est la chose la plus importante que je devrais savoir sur le citrate de sild\u00e9nafil ?<\/strong><\/h4>\n<ul>\n<li>Le citrate de sild\u00e9nafil permet d&rsquo;augmenter le flux sanguin vers le syst\u00e8me reproducteur masculin, ce qui entra\u00eene des \u00e9rections fortes et durables lorsqu&rsquo;un homme est stimul\u00e9 ou sexuellement actif.<\/li>\n<li>Pour obtenir une \u00e9rection, il faut \u00eatre excit\u00e9. La pilule seule ne produira pas d&rsquo;\u00e9rection sans stimulation sexuelle. <\/li>\n<li>Ne prenez pas plus de comprim\u00e9s que prescrit et ne les utilisez pas plus d\u2019une fois par jour.<\/li>\n<li>Si une \u00e9rection dure plus de 4 heures, consultez imm\u00e9diatement un m\u00e9decin.<\/li>\n<li>Parmi les effets secondaires courants, on peut citer les maux de t\u00eate, les rougeurs au visage et les maux d&rsquo;estomac. Une vision floue ou trouble, ou une sensibilit\u00e9 \u00e0 la lumi\u00e8re, peuvent \u00e9galement survenir. <\/li>\n<\/ul>\n<p>&nbsp;<\/p>\n<h4><strong>Qu&rsquo;est-ce que le citrate de sild\u00e9nafil?<\/strong><\/h4>\n<p>Le citrate de sild\u00e9nafil, connu sous le nom de Viagra g\u00e9n\u00e9rique, est un comprim\u00e9 d\u00e9livr\u00e9 sur ordonnance qui am\u00e9liore la fonction reproductive masculine chez les hommes souffrant d&rsquo;impuissance. Il agit en dilatant les art\u00e8res du syst\u00e8me reproducteur, am\u00e9liorant ainsi la circulation sanguine et, par cons\u00e9quent, l&rsquo;\u00e9rection lors d&rsquo;une stimulation sexuelle. La raideur dispara\u00eet apr\u00e8s le rapport sexuel.  <\/p>\n<h4><strong>Que dois-je discuter avec mon m\u00e9decin avant de prendre du citrate de sild\u00e9nafil ?<\/strong><\/h4>\n<ul>\n<li>Informez votre m\u00e9decin si vous souffrez de graves probl\u00e8mes de foie ou de reins, ou si vous prenez des inhibiteurs de prot\u00e9ase pour le traitement du VIH.<\/li>\n<li>Les patients de plus de 65 ans doivent commencer par de faibles doses (25 mg).<\/li>\n<li>Consultez votre m\u00e9decin si vous \u00eates allergique \u00e0 d\u2019autres inhibiteurs de la PDE-5.<\/li>\n<li>Les personnes atteintes de la maladie de La Peyronie doivent consulter leur m\u00e9decin avant d\u2019utiliser le citrate de sild\u00e9nafil.<\/li>\n<li>Ne prenez pas de citrate de sild\u00e9nafil si vous \u00eates allergique \u00e0 ce m\u00e9dicament ou \u00e0 des m\u00e9dicaments similaires.<\/li>\n<\/ul>\n<p>&nbsp;<\/p>\n<h4><strong>Comment dois-je prendre le citrate de sild\u00e9nafil?<\/strong><\/h4>\n<ul>\n<li><strong>Posologie recommand\u00e9e : 50 mg une fois par jour, environ 1 heure avant l\u2019activit\u00e9 sexuelle.<\/strong><\/li>\n<li>Ce m\u00e9dicament est vendu en formats de 25 mg, 50 mg et 100 mg.<\/li>\n<li>La posologie peut \u00eatre ajust\u00e9e selon les directives d\u2019un m\u00e9decin si les r\u00e9sultats souhait\u00e9s ne sont pas atteints ou si des effets secondaires surviennent.<\/li>\n<li>Les patients prenant des inhibiteurs de prot\u00e9ase ne doivent pas d\u00e9passer 100 mg sur une p\u00e9riode de 48 heures.<\/li>\n<li>Le m\u00e9dicament peut prendre plus de temps \u00e0 agir s\u2019il est pris apr\u00e8s un repas riche en graisses.<\/li>\n<li>N\u2019oubliez pas: l\u2019\u00e9rection ne se produit qu\u2019avec une stimulation sexuelle.<\/li>\n<\/ul>\n<p>&nbsp;<\/p>\n<h4><strong>Que se passe-t-il si j\u2019oublie de prendre une dose?<\/strong><\/h4>\n<p>Prenez la dose d\u00e8s que vous vous en souvenez.<br \/> Si la dose suivante est proche, sautez la dose oubli\u00e9e et continuez votre programme habituel. <strong>N\u2019augmentez pas votre dose, sauf avis contraire de votre m\u00e9decin.<\/strong><\/p>\n<h4><strong>Que dois-je \u00e9viter pendant que je prends du citrate de sild\u00e9nafil ?<\/strong><\/h4>\n<ul>\n<li>Ne conduisez pas apr\u00e8s avoir pris du citrate de sild\u00e9nafil car cela peut provoquer des \u00e9tourdissements.<\/li>\n<li>\u00c9vitez de boire de l\u2019alcool peu de temps avant ou apr\u00e8s la prise, car cela peut affecter votre capacit\u00e9 \u00e0 obtenir une \u00e9rection.<\/li>\n<\/ul>\n<p>&nbsp;<\/p>\n<h4><strong>Quels sont les effets secondaires possibles du citrate de sild\u00e9nafil ?<\/strong><\/h4>\n<ul>\n<li>Mal de t\u00eate.<\/li>\n<li>Rougeur du visage.<\/li>\n<li>Maux d\u2019estomac.<\/li>\n<li>Vision floue ou bleue, ou sensibilit\u00e9 \u00e0 la lumi\u00e8re.<\/li>\n<\/ul>\n<p>La plupart des effets secondaires sont temporaires et disparaissent une fois que le corps s\u2019adapte au m\u00e9dicament.<\/p>\n<p>&nbsp;<\/p>\n<h4><strong>Que se passe-t-il en cas de surdose?<\/strong><\/h4>\n<p>Si vous pensez avoir fait une surdose, consultez imm\u00e9diatement un m\u00e9decin. Si vous ressentez des effets graves tels que des \u00e9tourdissements importants, un rythme cardiaque irr\u00e9gulier ou des douleurs thoraciques, rendez-vous imm\u00e9diatement aux urgences. <\/p>\n","protected":false},"excerpt":{"rendered":"<p>Viagra g\u00e9n\u00e9rique | Citrate de sild\u00e9nafil 50 mg<\/p>\n<p>Le citrate de sild\u00e9nafil (Viagra g\u00e9n\u00e9rique) permet d&rsquo;augmenter le flux sanguin vers le syst\u00e8me reproducteur masculin, ce qui entra\u00eene des \u00e9rections fortes et durables lorsqu&rsquo;un homme est stimul\u00e9 ou fait l&rsquo;amour.<\/p>\n<ul>\n<li>Am\u00e9liore l\u2019\u00e9rection en augmentant le flux sanguin.<\/li>\n<li>Cela ne fonctionne qu&rsquo;avec une stimulation sexuelle.<\/li>\n<li>Doses ajustables selon les besoins.<\/li>\n<\/ul>\n","protected":false},"featured_media":4987,"comment_status":"open","ping_status":"closed","template":"","meta":[],"product_brand":[513],"product_cat":[351],"product_tag":[],"class_list":{"0":"post-6113","1":"product","2":"type-product","3":"status-publish","4":"has-post-thumbnail","6":"product_brand-centurion-laboratories-2","7":"product_cat-sante-des-hommes","9":"first","10":"instock","11":"taxable","12":"shipping-taxable","13":"purchasable","14":"product-type-variable"},"yoast_head":"<!-- This site is optimized with the Yoast SEO plugin v25.6 - https:\/\/yoast.com\/wordpress\/plugins\/seo\/ -->\n<title>Sildenafil Citrate 50mg - Ge24h<\/title>\n<meta name=\"description\" content=\"Achetez du citrate de sild\u00e9nafil 50 mg chez GE24h. Obtenez d\u00e8s maintenant les meilleurs m\u00e9dicaments g\u00e9n\u00e9riques au meilleur prix sur notre site web. Achetez des g\u00e9n\u00e9riques.\" \/>\n<meta name=\"robots\" content=\"index, follow, max-snippet:-1, max-image-preview:large, max-video-preview:-1\" \/>\n<link rel=\"canonical\" href=\"https:\/\/ge24h.com\/fr\/producto\/sildenafil-citrate-50mg\/\" \/>\n<meta property=\"og:locale\" content=\"fr_FR\" \/>\n<meta property=\"og:type\" content=\"article\" \/>\n<meta property=\"og:title\" content=\"Sildenafil Citrate 50mg - Ge24h\" \/>\n<meta property=\"og:description\" content=\"Achetez du citrate de sild\u00e9nafil 50 mg chez GE24h. Obtenez d\u00e8s maintenant les meilleurs m\u00e9dicaments g\u00e9n\u00e9riques au meilleur prix sur notre site web. Achetez des g\u00e9n\u00e9riques.\" \/>\n<meta property=\"og:url\" content=\"https:\/\/ge24h.com\/fr\/producto\/sildenafil-citrate-50mg\/\" \/>\n<meta property=\"og:site_name\" content=\"Ge24h\" \/>\n<meta property=\"article:modified_time\" content=\"2025-07-18T09:44:08+00:00\" \/>\n<meta property=\"og:image\" content=\"https:\/\/ge24h.com\/wp-content\/uploads\/Sildenafil-Citrate.png\" \/>\n\t<meta property=\"og:image:width\" content=\"512\" \/>\n\t<meta property=\"og:image:height\" content=\"512\" \/>\n\t<meta property=\"og:image:type\" content=\"image\/png\" \/>\n<meta name=\"twitter:card\" content=\"summary_large_image\" \/>\n<meta name=\"twitter:label1\" content=\"Dur\u00e9e de lecture estim\u00e9e\" \/>\n\t<meta name=\"twitter:data1\" content=\"3 minutes\" \/>\n<script type=\"application\/ld+json\" class=\"yoast-schema-graph\">{\"@context\":\"https:\/\/schema.org\",\"@graph\":[{\"@type\":\"WebPage\",\"@id\":\"https:\/\/ge24h.com\/fr\/producto\/sildenafil-citrate-50mg\/\",\"url\":\"https:\/\/ge24h.com\/fr\/producto\/sildenafil-citrate-50mg\/\",\"name\":\"Sildenafil Citrate 50mg - Ge24h\",\"isPartOf\":{\"@id\":\"https:\/\/ge24h.com\/#website\"},\"primaryImageOfPage\":{\"@id\":\"https:\/\/ge24h.com\/fr\/producto\/sildenafil-citrate-50mg\/#primaryimage\"},\"image\":{\"@id\":\"https:\/\/ge24h.com\/fr\/producto\/sildenafil-citrate-50mg\/#primaryimage\"},\"thumbnailUrl\":\"https:\/\/ge24h.com\/wp-content\/uploads\/Sildenafil-Citrate.png\",\"datePublished\":\"2025-05-21T13:44:55+00:00\",\"dateModified\":\"2025-07-18T09:44:08+00:00\",\"description\":\"Achetez du citrate de sild\u00e9nafil 50 mg chez GE24h. Obtenez d\u00e8s maintenant les meilleurs m\u00e9dicaments g\u00e9n\u00e9riques au meilleur prix sur notre site web. Achetez des g\u00e9n\u00e9riques.\",\"breadcrumb\":{\"@id\":\"https:\/\/ge24h.com\/fr\/producto\/sildenafil-citrate-50mg\/#breadcrumb\"},\"inLanguage\":\"fr-FR\",\"potentialAction\":[{\"@type\":\"ReadAction\",\"target\":[\"https:\/\/ge24h.com\/fr\/producto\/sildenafil-citrate-50mg\/\"]}]},{\"@type\":\"ImageObject\",\"inLanguage\":\"fr-FR\",\"@id\":\"https:\/\/ge24h.com\/fr\/producto\/sildenafil-citrate-50mg\/#primaryimage\",\"url\":\"https:\/\/ge24h.com\/wp-content\/uploads\/Sildenafil-Citrate.png\",\"contentUrl\":\"https:\/\/ge24h.com\/wp-content\/uploads\/Sildenafil-Citrate.png\",\"width\":512,\"height\":512,\"caption\":\"Sildenafil Citrate 50mg\"},{\"@type\":\"BreadcrumbList\",\"@id\":\"https:\/\/ge24h.com\/fr\/producto\/sildenafil-citrate-50mg\/#breadcrumb\",\"itemListElement\":[{\"@type\":\"ListItem\",\"position\":1,\"name\":\"Portada\",\"item\":\"https:\/\/ge24h.com\/fr\/\"},{\"@type\":\"ListItem\",\"position\":2,\"name\":\"boutique\",\"item\":\"https:\/\/ge24h.com\/fr\/boutique\/\"},{\"@type\":\"ListItem\",\"position\":3,\"name\":\"Sildenafil Citrate 50mg\"}]},{\"@type\":\"WebSite\",\"@id\":\"https:\/\/ge24h.com\/#website\",\"url\":\"https:\/\/ge24h.com\/\",\"name\":\"Ge24h\",\"description\":\"Medicamentos Gen\u00e9ricos, Finpecia, Kamagra, Sidenafil, Tadalafil\",\"publisher\":{\"@id\":\"https:\/\/ge24h.com\/#organization\"},\"potentialAction\":[{\"@type\":\"SearchAction\",\"target\":{\"@type\":\"EntryPoint\",\"urlTemplate\":\"https:\/\/ge24h.com\/?s={search_term_string}\"},\"query-input\":{\"@type\":\"PropertyValueSpecification\",\"valueRequired\":true,\"valueName\":\"search_term_string\"}}],\"inLanguage\":\"fr-FR\"},{\"@type\":\"Organization\",\"@id\":\"https:\/\/ge24h.com\/#organization\",\"name\":\"Ge24h\",\"url\":\"https:\/\/ge24h.com\/\",\"logo\":{\"@type\":\"ImageObject\",\"inLanguage\":\"fr-FR\",\"@id\":\"https:\/\/ge24h.com\/#\/schema\/logo\/image\/\",\"url\":\"https:\/\/ge24h.com\/wp-content\/uploads\/logo-1.svg\",\"contentUrl\":\"https:\/\/ge24h.com\/wp-content\/uploads\/logo-1.svg\",\"width\":200,\"height\":58,\"caption\":\"Ge24h\"},\"image\":{\"@id\":\"https:\/\/ge24h.com\/#\/schema\/logo\/image\/\"}}]}<\/script>\n<!-- \/ Yoast SEO plugin. -->","yoast_head_json":{"title":"Sildenafil Citrate 50mg - Ge24h","description":"Achetez du citrate de sild\u00e9nafil 50 mg chez GE24h. Obtenez d\u00e8s maintenant les meilleurs m\u00e9dicaments g\u00e9n\u00e9riques au meilleur prix sur notre site web. Achetez des g\u00e9n\u00e9riques.","robots":{"index":"index","follow":"follow","max-snippet":"max-snippet:-1","max-image-preview":"max-image-preview:large","max-video-preview":"max-video-preview:-1"},"canonical":"https:\/\/ge24h.com\/fr\/producto\/sildenafil-citrate-50mg\/","og_locale":"fr_FR","og_type":"article","og_title":"Sildenafil Citrate 50mg - Ge24h","og_description":"Achetez du citrate de sild\u00e9nafil 50 mg chez GE24h. Obtenez d\u00e8s maintenant les meilleurs m\u00e9dicaments g\u00e9n\u00e9riques au meilleur prix sur notre site web. Achetez des g\u00e9n\u00e9riques.","og_url":"https:\/\/ge24h.com\/fr\/producto\/sildenafil-citrate-50mg\/","og_site_name":"Ge24h","article_modified_time":"2025-07-18T09:44:08+00:00","og_image":[{"width":512,"height":512,"url":"https:\/\/ge24h.com\/wp-content\/uploads\/Sildenafil-Citrate.png","type":"image\/png"}],"twitter_card":"summary_large_image","twitter_misc":{"Dur\u00e9e de lecture estim\u00e9e":"3 minutes"},"schema":{"@context":"https:\/\/schema.org","@graph":[{"@type":"WebPage","@id":"https:\/\/ge24h.com\/fr\/producto\/sildenafil-citrate-50mg\/","url":"https:\/\/ge24h.com\/fr\/producto\/sildenafil-citrate-50mg\/","name":"Sildenafil Citrate 50mg - Ge24h","isPartOf":{"@id":"https:\/\/ge24h.com\/#website"},"primaryImageOfPage":{"@id":"https:\/\/ge24h.com\/fr\/producto\/sildenafil-citrate-50mg\/#primaryimage"},"image":{"@id":"https:\/\/ge24h.com\/fr\/producto\/sildenafil-citrate-50mg\/#primaryimage"},"thumbnailUrl":"https:\/\/ge24h.com\/wp-content\/uploads\/Sildenafil-Citrate.png","datePublished":"2025-05-21T13:44:55+00:00","dateModified":"2025-07-18T09:44:08+00:00","description":"Achetez du citrate de sild\u00e9nafil 50 mg chez GE24h. Obtenez d\u00e8s maintenant les meilleurs m\u00e9dicaments g\u00e9n\u00e9riques au meilleur prix sur notre site web. Achetez des g\u00e9n\u00e9riques.","breadcrumb":{"@id":"https:\/\/ge24h.com\/fr\/producto\/sildenafil-citrate-50mg\/#breadcrumb"},"inLanguage":"fr-FR","potentialAction":[{"@type":"ReadAction","target":["https:\/\/ge24h.com\/fr\/producto\/sildenafil-citrate-50mg\/"]}]},{"@type":"ImageObject","inLanguage":"fr-FR","@id":"https:\/\/ge24h.com\/fr\/producto\/sildenafil-citrate-50mg\/#primaryimage","url":"https:\/\/ge24h.com\/wp-content\/uploads\/Sildenafil-Citrate.png","contentUrl":"https:\/\/ge24h.com\/wp-content\/uploads\/Sildenafil-Citrate.png","width":512,"height":512,"caption":"Sildenafil Citrate 50mg"},{"@type":"BreadcrumbList","@id":"https:\/\/ge24h.com\/fr\/producto\/sildenafil-citrate-50mg\/#breadcrumb","itemListElement":[{"@type":"ListItem","position":1,"name":"Portada","item":"https:\/\/ge24h.com\/fr\/"},{"@type":"ListItem","position":2,"name":"boutique","item":"https:\/\/ge24h.com\/fr\/boutique\/"},{"@type":"ListItem","position":3,"name":"Sildenafil Citrate 50mg"}]},{"@type":"WebSite","@id":"https:\/\/ge24h.com\/#website","url":"https:\/\/ge24h.com\/","name":"Ge24h","description":"Medicamentos Gen\u00e9ricos, Finpecia, Kamagra, Sidenafil, Tadalafil","publisher":{"@id":"https:\/\/ge24h.com\/#organization"},"potentialAction":[{"@type":"SearchAction","target":{"@type":"EntryPoint","urlTemplate":"https:\/\/ge24h.com\/?s={search_term_string}"},"query-input":{"@type":"PropertyValueSpecification","valueRequired":true,"valueName":"search_term_string"}}],"inLanguage":"fr-FR"},{"@type":"Organization","@id":"https:\/\/ge24h.com\/#organization","name":"Ge24h","url":"https:\/\/ge24h.com\/","logo":{"@type":"ImageObject","inLanguage":"fr-FR","@id":"https:\/\/ge24h.com\/#\/schema\/logo\/image\/","url":"https:\/\/ge24h.com\/wp-content\/uploads\/logo-1.svg","contentUrl":"https:\/\/ge24h.com\/wp-content\/uploads\/logo-1.svg","width":200,"height":58,"caption":"Ge24h"},"image":{"@id":"https:\/\/ge24h.com\/#\/schema\/logo\/image\/"}}]}},"_links":{"self":[{"href":"https:\/\/ge24h.com\/fr\/wp-json\/wp\/v2\/product\/6113","targetHints":{"allow":["GET"]}}],"collection":[{"href":"https:\/\/ge24h.com\/fr\/wp-json\/wp\/v2\/product"}],"about":[{"href":"https:\/\/ge24h.com\/fr\/wp-json\/wp\/v2\/types\/product"}],"replies":[{"embeddable":true,"href":"https:\/\/ge24h.com\/fr\/wp-json\/wp\/v2\/comments?post=6113"}],"wp:featuredmedia":[{"embeddable":true,"href":"https:\/\/ge24h.com\/fr\/wp-json\/wp\/v2\/media\/4987"}],"wp:attachment":[{"href":"https:\/\/ge24h.com\/fr\/wp-json\/wp\/v2\/media?parent=6113"}],"wp:term":[{"taxonomy":"product_brand","embeddable":true,"href":"https:\/\/ge24h.com\/fr\/wp-json\/wp\/v2\/product_brand?post=6113"},{"taxonomy":"product_cat","embeddable":true,"href":"https:\/\/ge24h.com\/fr\/wp-json\/wp\/v2\/product_cat?post=6113"},{"taxonomy":"product_tag","embeddable":true,"href":"https:\/\/ge24h.com\/fr\/wp-json\/wp\/v2\/product_tag?post=6113"}],"curies":[{"name":"wp","href":"https:\/\/api.w.org\/{rel}","templated":true}]}}