{"id":6099,"date":"2025-05-16T15:43:29","date_gmt":"2025-05-16T13:43:29","guid":{"rendered":"https:\/\/ge24h.com\/producto\/sildenafil-citrate-100mg\/"},"modified":"2025-07-17T17:53:47","modified_gmt":"2025-07-17T15:53:47","slug":"sildenafil-citrate-100mg","status":"publish","type":"product","link":"https:\/\/ge24h.com\/fr\/producto\/sildenafil-citrate-100mg\/","title":{"rendered":"Sildenafil Citrate 100mg"},"content":{"rendered":"<h3><strong>Nom du m\u00e9dicament: <\/strong> Citrate de sild\u00e9nafil<\/h3>\n<h3><strong>Nom g\u00e9n\u00e9rique:<\/strong> Sildenafil<\/h3>\n<p>&nbsp;<\/p>\n<h4><strong>Quelle est la chose la plus importante que je devrais savoir sur le sild\u00e9nafil?<\/strong><\/h4>\n<ul>\n<li>Ne prenez pas de sild\u00e9nafil si vous prenez des nitrates pour des douleurs thoraciques ou des probl\u00e8mes cardiaques.<br \/> Il s&rsquo;agit notamment de la nitroglyc\u00e9rine (Nitrostat, Nitrolingual, Nitro-Dur, Nitro-Bid, autres), du dinitrate d&rsquo;isosorbide (Dilatrate-SR, Isordril, Sorbitrate) et du mononitrate d&rsquo;isosorbide (Imdur, ISMO, Monoket). Des nitrates peuvent \u00e9galement \u00eatre pr\u00e9sents dans des drogues r\u00e9cr\u00e9atives telles que le nitrate d&rsquo;amyle ou le nitrite (\u00ab poppers \u00bb). Leur association avec le sild\u00e9nafil peut entra\u00eener de graves probl\u00e8mes de tension art\u00e9rielle, de la fatigue, une crise cardiaque ou un arr\u00eat cardiaque. <\/li>\n<li>Si vous ressentez des \u00e9tourdissements ou des naus\u00e9es, ou si vous ressentez des douleurs, des engourdissements ou des picotements dans la poitrine, les bras, le cou ou la m\u00e2choire pendant l\u2019activit\u00e9 sexuelle, arr\u00eatez de prendre le m\u00e9dicament et appelez imm\u00e9diatement votre m\u00e9decin.<\/li>\n<li>Ne prenez pas de sild\u00e9nafil plus d&rsquo;une fois par jour. Laissez un intervalle de 24 heures entre les prises. <\/li>\n<li>Consultez imm\u00e9diatement un m\u00e9decin si vous ressentez une \u00e9rection douloureuse ou qui dure plus de 4 heures. Il pourrait s&rsquo;agir d&rsquo;un priapisme, susceptible d&rsquo;entra\u00eener des l\u00e9sions permanentes du p\u00e9nis. <\/li>\n<li>Certains patients ont subi une perte de vision soudaine sous sild\u00e9nafil. Cette affection, due \u00e0 une diminution du flux sanguin vers le nerf optique, touche fr\u00e9quemment les personnes souffrant de probl\u00e8mes cardiaques, de diab\u00e8te, d&rsquo;hypertension art\u00e9rielle, d&rsquo;hypercholest\u00e9rol\u00e9mie, ayant des ant\u00e9c\u00e9dents de probl\u00e8mes oculaires, les fumeurs ou les personnes de plus de 50 ans. Si cela se produit, arr\u00eatez le traitement et consultez imm\u00e9diatement un m\u00e9decin.  <\/li>\n<\/ul>\n<p>&nbsp;<\/p>\n<h4><strong>Qu&rsquo;est-ce que le sild\u00e9nafil ?<br \/><\/strong><\/h4>\n<p>Le sild\u00e9nafil d\u00e9tend les muscles et <strong>augmente le flux sanguin dans des zones sp\u00e9cifiques du corps<\/strong>. Il est indiqu\u00e9 pour traiter <strong>dysfonction \u00e9rectile (impuissance)<\/strong> chez les hommes. Revatio est \u00e9galement commercialis\u00e9, utilis\u00e9 pour traiter <strong>hypertension art\u00e9rielle pulmonaire<\/strong> et am\u00e9liore la capacit\u00e9 d&rsquo;exercice chez les hommes et les femmes. Le sild\u00e9nafil peut \u00e9galement \u00eatre utilis\u00e9 \u00e0 d&rsquo;autres fins prescrites par votre m\u00e9decin.   <\/p>\n<h4><strong>Que dois-je discuter avec mon m\u00e9decin avant de prendre du Sild\u00e9nafil?<br \/><\/strong><\/h4>\n<ul>\n<li>Ne prenez pas de sild\u00e9nafil si vous prenez des nitrates.<\/li>\n<li>Informez votre m\u00e9decin si vous avez eu:\n<ul>\n<li>Maladie cardiaque ou probl\u00e8mes de rythme cardiaque.<\/li>\n<li>Crise cardiaque ou arr\u00eat cardiaque r\u00e9cent (au cours des 6 derniers mois).<\/li>\n<li>Insuffisance cardiaque.<\/li>\n<li>Hypertension ou hypotension art\u00e9rielle.<\/li>\n<li>Maladie de l&rsquo;art\u00e8re coronaire.<\/li>\n<li>Maladie du foie gras.<\/li>\n<li>Troubles des globules rouges (an\u00e9mie falciforme, my\u00e9lome multiple ou leuc\u00e9mie).<\/li>\n<li>Troubles de la coagulation tels que l\u2019h\u00e9mophilie.<\/li>\n<li>Ulc\u00e8re \u00e0 l&rsquo;estomac.<\/li>\n<li>R\u00e9tinite pigmentaire (maladie oculaire h\u00e9r\u00e9ditaire).<\/li>\n<li>D\u00e9formation physique du p\u00e9nis (maladie de La Peyronie).<\/li>\n<li>Recommandation m\u00e9dicale de ne pas avoir de relations sexuelles.<\/li>\n<\/ul>\n<\/li>\n<li>Si vous souffrez de l\u2019une de ces affections, vous ne pourrez peut-\u00eatre pas prendre de sild\u00e9nafil ou vous pourriez avoir besoin d\u2019un ajustement de la dose ou de tests sp\u00e9ciaux.<\/li>\n<li>Grossesse: Cat\u00e9gorie B de la FDA. Ne devrait pas causer de dommages au f\u0153tus, mais consultez votre m\u00e9decin si vous \u00eates enceinte ou pr\u00e9voyez de devenir enceinte. <\/li>\n<li>Allaitement: On ignore si le sild\u00e9nafil passe dans le lait maternel. Consultez votre m\u00e9decin avant utilisation si vous allaitez. <\/li>\n<\/ul>\n<p>&nbsp;<\/p>\n<h4><strong>Comment dois-je prendre le Sild\u00e9nafil?<br \/><\/strong><\/h4>\n<ul>\n<li><strong>Prenez le sild\u00e9nafil selon les directives de votre m\u00e9decin.<\/strong> Ne pas de dos plus \u00e9lev\u00e9 ou pendant une dur\u00e9e plus longue que celle recommand\u00e9e.<\/li>\n<li>Revatio est g\u00e9n\u00e9ralement pris <strong>3 fois par jour, \u00e0 4 \u00e0 6 heures<\/strong> d&rsquo;intervalle.<\/li>\n<li>Le Viagra se prend au besoin, <strong>30 minutes \u00e0 1 heure avant l&rsquo;activit\u00e9 sexuelle.<\/strong> Il peut \u00eatre pris jusqu&rsquo;\u00e0 <strong> 4 heures avant.<\/strong>  Ne le prendre pas plus d&rsquo;une fois par jour.<\/li>\n<li><strong>L&rsquo;\u00e9rection ne se produit que lors d&rsquo;une stimulation sexuelle.<\/strong> Le sild\u00e9nafil ne provoque pas automatiquement une \u00e9rection.<\/li>\n<li><strong>Conservez le m\u00e9dicament \u00e0 temp\u00e9rature ambiante<\/strong>, \u00e0 l\u2019abri de l\u2019humidit\u00e9 et de la chaleur.<\/li>\n<\/ul>\n<p>&nbsp;<\/p>\n<h4><strong>Que se passe-t-il si j\u2019oublie de prendre une dose?<\/strong><\/h4>\n<ul>\n<li>Le Viagra est pris en cas de besoin, afin de ne pas manquer une dose oubli\u00e9e.<\/li>\n<li>Si vous oubliez une dose de Revatio, prenez-la d\u00e8s que vous vous en rendez compte. Si la dose suivante est proche, <strong>sautez-la et continuez<\/strong> votre traitement habituel. Ne prenez pas de double dose. <\/li>\n<\/ul>\n<p>&nbsp;<\/p>\n<h4><strong>Que se passe-t-il en cas de surdose?<\/strong><\/h4>\n<ul>\n<li><strong>Consultez d\u2019urgence un m\u00e9decin si vous pensez avoir fait une surdose.<\/strong><\/li>\n<li>Les sympt\u00f4mes peuvent inclure: <strong>des douleurs thoraciques, des naus\u00e9es, un rythme cardiaque irr\u00e9gulier, des \u00e9tourdissements ou des \u00e9vanouissements. <\/strong><\/li>\n<\/ul>\n<p>&nbsp;<\/p>\n<h4><strong>Que dois-je \u00e9viter pendant que je prends du Sild\u00e9nafil?<\/strong><\/h4>\n<ul>\n<li><strong>\u00c9vitez l\u2019alcool, <\/strong> car il peut augmenter les effets secondaires.<\/li>\n<li><strong>Ne prenez pas d\u2019autres m\u00e9dicaments contre l\u2019impuissance <\/strong> tels que l\u2019alprostadil (Caverject, Muse, Edex) ou la yohimbine (Yocon, Yodoxin) sans consulter votre m\u00e9decin.<\/li>\n<\/ul>\n<p>&nbsp;<\/p>\n<h4><strong>Quels sont les effets secondaires possibles du Sild\u00e9nafil?<\/strong><\/h4>\n<h4><strong>Effets graves:<\/strong><\/h4>\n<ul>\n<li>Perte soudaine de vision.<\/li>\n<li>Douleur thoracique ou douleur irradiant vers le bras ou l\u2019\u00e9paule, naus\u00e9es, sueurs, malaise g\u00e9n\u00e9ral.<\/li>\n<li>Battements de c\u0153ur irr\u00e9guliers.<\/li>\n<li>Gonflement des mains, des chevilles ou des pieds.<\/li>\n<li>Difficult\u00e9 \u00e0 respirer.<\/li>\n<li>Changements dans la vision.<\/li>\n<li>\u00c9tourdissements ou \u00e9vanouissements.<\/li>\n<li>\u00c9rection douloureuse ou quire plus de 4 heures (priapisme).<\/li>\n<li>Sympt\u00f4mes d\u2019allergie: urticaire, difficult\u00e9 \u00e0 respirer, gonflement du visage, des l\u00e8vres, de la langue ou de la gorge.<\/li>\n<\/ul>\n<p>&nbsp;<\/p>\n<h4><strong>Effets mineurs:<\/strong><\/h4>\n<ul>\n<li>Rougeur sur le visage, le cou ou la poitrine.<\/li>\n<li>Congestion nasale.<\/li>\n<li>Mal de t\u00eate.<\/li>\n<li>Maux d\u2019estomac.<\/li>\n<li>Mal au dos.<\/li>\n<\/ul>\n<p>D&rsquo;autres effets peuvent survenir. Consultez votre m\u00e9decin si l&rsquo;un d&rsquo;entre eux vous semble inhabituel ou g\u00eanant. <\/p>\n<h4><strong>Quels m\u00e9dicaments pouvez-vous utiliser avec le sild\u00e9nafil?<\/strong><\/h4>\n<ul>\n<li>Avant de prendre du Sild\u00e9nafil, informez votre m\u00e9decin si vous prenez:\n<ul>\n<li>Bosentan (Tracleer)<\/li>\n<li>Cim\u00e9tidine (Tagamet)<\/li>\n<li>Des antibiotiques tels que l&rsquo;\u00e9rythromycine ou la clarithromycine<\/li>\n<li>Doxazosine, prazosine, t\u00e9razosine<\/li>\n<li>M\u00e9dicaments anti-VIH : ampr\u00e9navir, tipranavir, darunavir, \u00e9favirenz, n\u00e9virapine, indinavir, saquinavir, lopinavir\/ritonavir, fosampr\u00e9navir, ritonavir, atazanavir, nelfinavir<\/li>\n<li>Antifongiques: Itraconazole, K\u00e9toconazole<\/li>\n<li>Carbamaz\u00e9pine, ph\u00e9nobarbital, ph\u00e9nyto\u00efne<\/li>\n<li>Rifampicine, rifabutine<\/li>\n<\/ul>\n<\/li>\n<li><strong>Un ajustement de la dose ou une surveillance particuli\u00e8re peut \u00eatre n\u00e9cessaire pendant le traitement.<\/strong><\/li>\n<li>D&rsquo;autres m\u00e9dicaments non mentionn\u00e9s peuvent \u00e9galement interagir. Informez votre m\u00e9decin de tous les m\u00e9dicaments que vous prenez, y compris les vitamines, les compl\u00e9ments alimentaires et autres traitements. <\/li>\n<\/ul>\n<p>&nbsp;<\/p>\n","protected":false},"excerpt":{"rendered":"<p>Le citrate de sild\u00e9nafil a r\u00e9volutionn\u00e9 la prise en charge de la dysfonction \u00e9rectile (DE). Pour la premi\u00e8re fois, un m\u00e9dicament oral est disponible sur le march\u00e9, am\u00e9liorant les performances sexuelles de 80 % chez les hommes souffrant d&rsquo;impuissance. <\/p>\n<p><strong>Synonymes <\/strong> : Magara, Pfigra, Seagra.<em><\/em><\/p>\n<ul>\n<li>Agissez vite.<\/li>\n<li>Test\u00e9 cliniquement.<\/li>\n<li>Am\u00e9liore la qualit\u00e9 de la vie sexuelle.<\/li>\n<\/ul>\n","protected":false},"featured_media":14092,"comment_status":"open","ping_status":"closed","template":"","meta":[],"product_brand":[506],"product_cat":[351,359],"product_tag":[],"class_list":{"0":"post-6099","1":"product","2":"type-product","3":"status-publish","4":"has-post-thumbnail","6":"product_brand-pfizer-2","7":"product_cat-sante-des-hommes","8":"product_cat-en-vedette","10":"first","11":"instock","12":"taxable","13":"shipping-taxable","14":"purchasable","15":"product-type-variable"},"yoast_head":"<!-- This site is optimized with the Yoast SEO plugin v25.6 - https:\/\/yoast.com\/wordpress\/plugins\/seo\/ -->\n<title>Sildenafil Citrate 100mg - Ge24h<\/title>\n<meta name=\"description\" content=\"Achetez du citrate de sild\u00e9nafil 100 mg. Obtenez d\u00e8s maintenant les meilleurs m\u00e9dicaments g\u00e9n\u00e9riques au meilleur prix sur notre site web. Achetez des g\u00e9n\u00e9riques.\" \/>\n<meta name=\"robots\" content=\"index, follow, max-snippet:-1, max-image-preview:large, max-video-preview:-1\" \/>\n<link rel=\"canonical\" href=\"https:\/\/ge24h.com\/fr\/producto\/sildenafil-citrate-100mg\/\" \/>\n<meta property=\"og:locale\" content=\"fr_FR\" \/>\n<meta property=\"og:type\" content=\"article\" \/>\n<meta property=\"og:title\" content=\"Sildenafil Citrate 100mg - Ge24h\" \/>\n<meta property=\"og:description\" content=\"Achetez du citrate de sild\u00e9nafil 100 mg. Obtenez d\u00e8s maintenant les meilleurs m\u00e9dicaments g\u00e9n\u00e9riques au meilleur prix sur notre site web. Achetez des g\u00e9n\u00e9riques.\" \/>\n<meta property=\"og:url\" content=\"https:\/\/ge24h.com\/fr\/producto\/sildenafil-citrate-100mg\/\" \/>\n<meta property=\"og:site_name\" content=\"Ge24h\" \/>\n<meta property=\"article:modified_time\" content=\"2025-07-17T15:53:47+00:00\" \/>\n<meta property=\"og:image\" content=\"https:\/\/ge24h.com\/wp-content\/uploads\/sildenafil-citrate-100mg-1.png\" \/>\n\t<meta property=\"og:image:width\" content=\"800\" \/>\n\t<meta property=\"og:image:height\" content=\"800\" \/>\n\t<meta property=\"og:image:type\" content=\"image\/png\" \/>\n<meta name=\"twitter:card\" content=\"summary_large_image\" \/>\n<meta name=\"twitter:label1\" content=\"Dur\u00e9e de lecture estim\u00e9e\" \/>\n\t<meta name=\"twitter:data1\" content=\"5 minutes\" \/>\n<script type=\"application\/ld+json\" class=\"yoast-schema-graph\">{\"@context\":\"https:\/\/schema.org\",\"@graph\":[{\"@type\":\"WebPage\",\"@id\":\"https:\/\/ge24h.com\/fr\/producto\/sildenafil-citrate-100mg\/\",\"url\":\"https:\/\/ge24h.com\/fr\/producto\/sildenafil-citrate-100mg\/\",\"name\":\"Sildenafil Citrate 100mg - Ge24h\",\"isPartOf\":{\"@id\":\"https:\/\/ge24h.com\/#website\"},\"primaryImageOfPage\":{\"@id\":\"https:\/\/ge24h.com\/fr\/producto\/sildenafil-citrate-100mg\/#primaryimage\"},\"image\":{\"@id\":\"https:\/\/ge24h.com\/fr\/producto\/sildenafil-citrate-100mg\/#primaryimage\"},\"thumbnailUrl\":\"https:\/\/ge24h.com\/wp-content\/uploads\/viagra-generic-0-450x3600-1.jpg\",\"datePublished\":\"2025-05-16T13:43:29+00:00\",\"dateModified\":\"2025-07-17T15:53:47+00:00\",\"description\":\"Achetez du citrate de sild\u00e9nafil 100 mg. Obtenez d\u00e8s maintenant les meilleurs m\u00e9dicaments g\u00e9n\u00e9riques au meilleur prix sur notre site web. Achetez des g\u00e9n\u00e9riques.\",\"breadcrumb\":{\"@id\":\"https:\/\/ge24h.com\/fr\/producto\/sildenafil-citrate-100mg\/#breadcrumb\"},\"inLanguage\":\"fr-FR\",\"potentialAction\":[{\"@type\":\"ReadAction\",\"target\":[\"https:\/\/ge24h.com\/fr\/producto\/sildenafil-citrate-100mg\/\"]}]},{\"@type\":\"ImageObject\",\"inLanguage\":\"fr-FR\",\"@id\":\"https:\/\/ge24h.com\/fr\/producto\/sildenafil-citrate-100mg\/#primaryimage\",\"url\":\"https:\/\/ge24h.com\/wp-content\/uploads\/viagra-generic-0-450x3600-1.jpg\",\"contentUrl\":\"https:\/\/ge24h.com\/wp-content\/uploads\/viagra-generic-0-450x3600-1.jpg\",\"width\":450,\"height\":360},{\"@type\":\"BreadcrumbList\",\"@id\":\"https:\/\/ge24h.com\/fr\/producto\/sildenafil-citrate-100mg\/#breadcrumb\",\"itemListElement\":[{\"@type\":\"ListItem\",\"position\":1,\"name\":\"Portada\",\"item\":\"https:\/\/ge24h.com\/fr\/\"},{\"@type\":\"ListItem\",\"position\":2,\"name\":\"boutique\",\"item\":\"https:\/\/ge24h.com\/fr\/boutique\/\"},{\"@type\":\"ListItem\",\"position\":3,\"name\":\"Sildenafil Citrate 100mg\"}]},{\"@type\":\"WebSite\",\"@id\":\"https:\/\/ge24h.com\/#website\",\"url\":\"https:\/\/ge24h.com\/\",\"name\":\"Ge24h\",\"description\":\"Medicamentos Gen\u00e9ricos, Finpecia, Kamagra, Sidenafil, Tadalafil\",\"publisher\":{\"@id\":\"https:\/\/ge24h.com\/#organization\"},\"potentialAction\":[{\"@type\":\"SearchAction\",\"target\":{\"@type\":\"EntryPoint\",\"urlTemplate\":\"https:\/\/ge24h.com\/?s={search_term_string}\"},\"query-input\":{\"@type\":\"PropertyValueSpecification\",\"valueRequired\":true,\"valueName\":\"search_term_string\"}}],\"inLanguage\":\"fr-FR\"},{\"@type\":\"Organization\",\"@id\":\"https:\/\/ge24h.com\/#organization\",\"name\":\"Ge24h\",\"url\":\"https:\/\/ge24h.com\/\",\"logo\":{\"@type\":\"ImageObject\",\"inLanguage\":\"fr-FR\",\"@id\":\"https:\/\/ge24h.com\/#\/schema\/logo\/image\/\",\"url\":\"https:\/\/ge24h.com\/wp-content\/uploads\/logo-1.svg\",\"contentUrl\":\"https:\/\/ge24h.com\/wp-content\/uploads\/logo-1.svg\",\"width\":200,\"height\":58,\"caption\":\"Ge24h\"},\"image\":{\"@id\":\"https:\/\/ge24h.com\/#\/schema\/logo\/image\/\"}}]}<\/script>\n<!-- \/ Yoast SEO plugin. -->","yoast_head_json":{"title":"Sildenafil Citrate 100mg - Ge24h","description":"Achetez du citrate de sild\u00e9nafil 100 mg. Obtenez d\u00e8s maintenant les meilleurs m\u00e9dicaments g\u00e9n\u00e9riques au meilleur prix sur notre site web. Achetez des g\u00e9n\u00e9riques.","robots":{"index":"index","follow":"follow","max-snippet":"max-snippet:-1","max-image-preview":"max-image-preview:large","max-video-preview":"max-video-preview:-1"},"canonical":"https:\/\/ge24h.com\/fr\/producto\/sildenafil-citrate-100mg\/","og_locale":"fr_FR","og_type":"article","og_title":"Sildenafil Citrate 100mg - Ge24h","og_description":"Achetez du citrate de sild\u00e9nafil 100 mg. Obtenez d\u00e8s maintenant les meilleurs m\u00e9dicaments g\u00e9n\u00e9riques au meilleur prix sur notre site web. Achetez des g\u00e9n\u00e9riques.","og_url":"https:\/\/ge24h.com\/fr\/producto\/sildenafil-citrate-100mg\/","og_site_name":"Ge24h","article_modified_time":"2025-07-17T15:53:47+00:00","og_image":[{"width":800,"height":800,"url":"https:\/\/ge24h.com\/wp-content\/uploads\/sildenafil-citrate-100mg-1.png","type":"image\/png"}],"twitter_card":"summary_large_image","twitter_misc":{"Dur\u00e9e de lecture estim\u00e9e":"5 minutes"},"schema":{"@context":"https:\/\/schema.org","@graph":[{"@type":"WebPage","@id":"https:\/\/ge24h.com\/fr\/producto\/sildenafil-citrate-100mg\/","url":"https:\/\/ge24h.com\/fr\/producto\/sildenafil-citrate-100mg\/","name":"Sildenafil Citrate 100mg - Ge24h","isPartOf":{"@id":"https:\/\/ge24h.com\/#website"},"primaryImageOfPage":{"@id":"https:\/\/ge24h.com\/fr\/producto\/sildenafil-citrate-100mg\/#primaryimage"},"image":{"@id":"https:\/\/ge24h.com\/fr\/producto\/sildenafil-citrate-100mg\/#primaryimage"},"thumbnailUrl":"https:\/\/ge24h.com\/wp-content\/uploads\/viagra-generic-0-450x3600-1.jpg","datePublished":"2025-05-16T13:43:29+00:00","dateModified":"2025-07-17T15:53:47+00:00","description":"Achetez du citrate de sild\u00e9nafil 100 mg. Obtenez d\u00e8s maintenant les meilleurs m\u00e9dicaments g\u00e9n\u00e9riques au meilleur prix sur notre site web. Achetez des g\u00e9n\u00e9riques.","breadcrumb":{"@id":"https:\/\/ge24h.com\/fr\/producto\/sildenafil-citrate-100mg\/#breadcrumb"},"inLanguage":"fr-FR","potentialAction":[{"@type":"ReadAction","target":["https:\/\/ge24h.com\/fr\/producto\/sildenafil-citrate-100mg\/"]}]},{"@type":"ImageObject","inLanguage":"fr-FR","@id":"https:\/\/ge24h.com\/fr\/producto\/sildenafil-citrate-100mg\/#primaryimage","url":"https:\/\/ge24h.com\/wp-content\/uploads\/viagra-generic-0-450x3600-1.jpg","contentUrl":"https:\/\/ge24h.com\/wp-content\/uploads\/viagra-generic-0-450x3600-1.jpg","width":450,"height":360},{"@type":"BreadcrumbList","@id":"https:\/\/ge24h.com\/fr\/producto\/sildenafil-citrate-100mg\/#breadcrumb","itemListElement":[{"@type":"ListItem","position":1,"name":"Portada","item":"https:\/\/ge24h.com\/fr\/"},{"@type":"ListItem","position":2,"name":"boutique","item":"https:\/\/ge24h.com\/fr\/boutique\/"},{"@type":"ListItem","position":3,"name":"Sildenafil Citrate 100mg"}]},{"@type":"WebSite","@id":"https:\/\/ge24h.com\/#website","url":"https:\/\/ge24h.com\/","name":"Ge24h","description":"Medicamentos Gen\u00e9ricos, Finpecia, Kamagra, Sidenafil, Tadalafil","publisher":{"@id":"https:\/\/ge24h.com\/#organization"},"potentialAction":[{"@type":"SearchAction","target":{"@type":"EntryPoint","urlTemplate":"https:\/\/ge24h.com\/?s={search_term_string}"},"query-input":{"@type":"PropertyValueSpecification","valueRequired":true,"valueName":"search_term_string"}}],"inLanguage":"fr-FR"},{"@type":"Organization","@id":"https:\/\/ge24h.com\/#organization","name":"Ge24h","url":"https:\/\/ge24h.com\/","logo":{"@type":"ImageObject","inLanguage":"fr-FR","@id":"https:\/\/ge24h.com\/#\/schema\/logo\/image\/","url":"https:\/\/ge24h.com\/wp-content\/uploads\/logo-1.svg","contentUrl":"https:\/\/ge24h.com\/wp-content\/uploads\/logo-1.svg","width":200,"height":58,"caption":"Ge24h"},"image":{"@id":"https:\/\/ge24h.com\/#\/schema\/logo\/image\/"}}]}},"_links":{"self":[{"href":"https:\/\/ge24h.com\/fr\/wp-json\/wp\/v2\/product\/6099","targetHints":{"allow":["GET"]}}],"collection":[{"href":"https:\/\/ge24h.com\/fr\/wp-json\/wp\/v2\/product"}],"about":[{"href":"https:\/\/ge24h.com\/fr\/wp-json\/wp\/v2\/types\/product"}],"replies":[{"embeddable":true,"href":"https:\/\/ge24h.com\/fr\/wp-json\/wp\/v2\/comments?post=6099"}],"wp:featuredmedia":[{"embeddable":true,"href":"https:\/\/ge24h.com\/fr\/wp-json\/wp\/v2\/media\/14092"}],"wp:attachment":[{"href":"https:\/\/ge24h.com\/fr\/wp-json\/wp\/v2\/media?parent=6099"}],"wp:term":[{"taxonomy":"product_brand","embeddable":true,"href":"https:\/\/ge24h.com\/fr\/wp-json\/wp\/v2\/product_brand?post=6099"},{"taxonomy":"product_cat","embeddable":true,"href":"https:\/\/ge24h.com\/fr\/wp-json\/wp\/v2\/product_cat?post=6099"},{"taxonomy":"product_tag","embeddable":true,"href":"https:\/\/ge24h.com\/fr\/wp-json\/wp\/v2\/product_tag?post=6099"}],"curies":[{"name":"wp","href":"https:\/\/api.w.org\/{rel}","templated":true}]}}