{"id":6092,"date":"2025-05-19T13:30:38","date_gmt":"2025-05-19T11:30:38","guid":{"rendered":"https:\/\/ge24h.com\/producto\/kamagra-effervescent\/"},"modified":"2025-07-17T17:41:24","modified_gmt":"2025-07-17T15:41:24","slug":"kamagra-effervescent","status":"publish","type":"product","link":"https:\/\/ge24h.com\/fr\/producto\/kamagra-effervescent\/","title":{"rendered":"Kamagra effervescent"},"content":{"rendered":"<h3><strong>Nom du m\u00e9dicament:<\/strong> Kamagra Efervescente<\/h3>\n<h3><strong>Nom g\u00e9n\u00e9rique:<\/strong> Citrato de Sildenafil<\/h3>\n<p>&nbsp;<\/p>\n<h4><strong>Quelle est la chose la plus importante que je devrais savoir sur Kamagra Effervescent?<\/strong><\/h4>\n<ul>\n<li><strong>Kamagra Effervescent n&rsquo;est pris qu&rsquo;en cas de besoin<\/strong>, il est donc rare d&rsquo;oublier une dose.<\/li>\n<li><strong>Ne d\u00e9passez pas la dose recommand\u00e9e d&rsquo;un comprim\u00e9 toutes les 24 heures.<\/strong> Suivez toujours les instructions de votre m\u00e9decin, m\u00eame si elles diff\u00e8rent des instructions g\u00e9n\u00e9rales. <\/li>\n<li><strong>En cas de surdosage,<\/strong> consultez imm\u00e9diatement un m\u00e9decin. Les sympt\u00f4mes incluent des \u00e9tourdissements s\u00e9v\u00e8res, des \u00e9vanouissements ou une \u00e9rection prolong\u00e9e. <\/li>\n<li><strong>Si vous ressentez des naus\u00e9es, des \u00e9tourdissements, des douleurs thoraciques ou des douleurs au bras au d\u00e9but de l\u2019activit\u00e9 sexuelle<\/strong>, arr\u00eatez toute activit\u00e9 et contactez imm\u00e9diatement votre m\u00e9decin.<\/li>\n<li><strong>Ce m\u00e9dicament ne prot\u00e8ge pas contre le VIH <\/strong> ou d\u2019autres maladies sexuellement transmissibles.<\/li>\n<\/ul>\n<p>&nbsp;<\/p>\n<h4><strong>Qu&rsquo;est-ce que Kamagra Effervescent?<\/strong><\/h4>\n<p>Kamagra Effervescent est un m\u00e9dicament fabriqu\u00e9 par Ajanta Pharma. Il se pr\u00e9sente sous forme de comprim\u00e9s solubles qui se dissolvent dans l&rsquo;eau et sont facilement absorb\u00e9s par l&rsquo;organisme. Son principe actif est le citrate de sild\u00e9nafil, utilis\u00e9 pour traiter la dysfonction \u00e9rectile chez l&rsquo;homme.  <\/p>\n<p>Ces comprim\u00e9s effervescents sont beaucoup plus efficaces et plus faciles \u00e0 prendre que les pilules traditionnelles.<\/p>\n<h4><strong>Que dois-je discuter avec mon m\u00e9decin avant de prendre Kamagra Effervescent ?<\/strong><\/h4>\n<ul>\n<li>Informez votre m\u00e9decin de tout probl\u00e8me de sant\u00e9 ant\u00e9rieur, en particulier de maladie cardiaque, h\u00e9patique, r\u00e9nale ou de probl\u00e8mes de vision.<\/li>\n<li>Consulte si est\u00e1 tomando otros medicamentos o suplementos, ya que pueden interactuar con el Citrato de Sildenafil.<\/li>\n<li>Les informations fournies sont fournies \u00e0 titre informatif uniquement et ne doivent <strong>pas remplacer le jugement m\u00e9dical.<\/strong><\/li>\n<\/ul>\n<p>&nbsp;<\/p>\n<h4><strong>Comment dois-je prendre Kamagra Effervescent?<\/strong><\/h4>\n<ul>\n<li>Dissoudre un comprim\u00e9 dans un verre d\u2019eau, 15 \u00e0 30 minutes avant l\u2019activit\u00e9 sexuelle.<\/li>\n<li><strong>Consommez la solution<\/strong> enti\u00e8re pour des r\u00e9sultats optimaux.<\/li>\n<li><strong>Ne pas d\u00e9passer un comprim\u00e9 toutes les 24 heures.<\/strong><\/li>\n<li><strong>Suivez strictement les instructions de votre m\u00e9decin<\/strong>, m\u00eame si elles diff\u00e8rent des recommandations g\u00e9n\u00e9rales.<\/li>\n<\/ul>\n<p>&nbsp;<\/p>\n<h4><strong>Que se passe-t-il si j\u2019oublie de prendre une dose?<\/strong><\/h4>\n<p>Kamagra Effervescent est pris en cas de besoin, il est donc inhabituel d&rsquo;oublier une dose.<\/p>\n<h4><strong>Que se passe-t-il en cas de surdose?<\/strong><\/h4>\n<p>En cas de surdosage de Kamagra (citrate de sild\u00e9nafil), consultez imm\u00e9diatement un m\u00e9decin.<br \/>\n<strong>Les sympt\u00f4mes comprennent<\/strong> des \u00e9tourdissements s\u00e9v\u00e8res, des \u00e9vanouissements ou une \u00e9rection prolong\u00e9e.<\/p>\n<h4><strong>Que dois-je \u00e9viter pendant que je prends du Kamagra Effervescent?<\/strong><\/h4>\n<ul>\n<li>\u00c9vitez de m\u00e9langer Kamagra Effervescent avec d\u2019autres m\u00e9dicaments contre la dysfonction \u00e9rectile sans surveillance m\u00e9dicale.<\/li>\n<li>Consultez votre m\u00e9decin avant de consommer de l\u2019alcool, car cela peut augmenter le risque d\u2019effets secondaires.<\/li>\n<\/ul>\n<p>&nbsp;<\/p>\n<h4><strong>Quels sont les effets secondaires possibles du Kamagra Effervescent?<\/strong><\/h4>\n<h4><strong>Effets graves:<\/strong><\/h4>\n<ul>\n<li>R\u00e9actions allergiques (\u00e9ruptions cutan\u00e9es, d\u00e9mangeaisons, gonflement du visage, des l\u00e8vres ou de la langue).<\/li>\n<li>Probl\u00e8mes respiratoires.<\/li>\n<li>Troubles de l&rsquo;audition.<\/li>\n<li>Changements de la vision, vision floue, difficult\u00e9 \u00e0 distinguer le bleu du rouge.<\/li>\n<li>Douleur thoracique.<\/li>\n<li>Rythme cardiaque irr\u00e9gulier ou rapide.<\/li>\n<li>\u00c9rections douloureuses ou prolong\u00e9es (depuis plus de 4 heures).<\/li>\n<li>Crises d&rsquo;\u00e9pilepsie.<\/li>\n<\/ul>\n<p>&nbsp;<\/p>\n<h4><strong>Effets mineurs:<\/strong><\/h4>\n<ul>\n<li>Diarrh\u00e9e.<\/li>\n<li>Rougeur du visage.<\/li>\n<li>Mal de t\u00eate.<\/li>\n<li>Indigestion.<\/li>\n<li>Congestion ou \u00e9coulement nasal.<\/li>\n<\/ul>\n<p><strong>Informez imm\u00e9diatement votre m\u00e9decin<\/strong> si vous ressentez des changements dans votre vision, une \u00e9rection prolong\u00e9e ou douloureuse ou des effets secondaires inhabituels ou g\u00eanants.<\/p>\n<h4><strong>Quels m\u00e9dicaments peuvent interagir avec Kamagra Effervescent?<\/strong><\/h4>\n<p>Consultez toujours votre m\u00e9decin avant de combiner Kamagra Effervescent avec d&rsquo;autres traitements, surtout si vous prenez:<\/p>\n<ul>\n<li>M\u00e9dicaments \u00e0 base de nitrate pour les probl\u00e8mes de poitrine ou de c\u0153ur.<\/li>\n<li>Antibiotiques, antifongiques, antiviraux ou m\u00e9dicaments contre le VIH.<\/li>\n<li>Autres m\u00e9dicaments pour la dysfonction \u00e9rectile.<\/li>\n<\/ul>\n<p>Parlez \u00e0 votre m\u00e9decin de tous les m\u00e9dicaments que vous prenez, y compris les suppl\u00e9ments vitaminiques et les produits \u00e0 base de plantes.<\/p>\n<h4><strong>Comment dois-je conserver Kamagra Effervescent?<\/strong><\/h4>\n<p>Conservez le m\u00e9dicament \u00e0 temp\u00e9rature ambiante entre <strong>15 et 30 \u00b0C (59 et 86 \u00b0F),<\/strong> \u00e0 l\u2019abri de la lumi\u00e8re et de l\u2019humidit\u00e9.<br \/>\n<strong>GARDER CE M\u00c9DICAMENT ET TOUT AUTRE M\u00c9DICAMENT HORS DE LA PORT\u00c9E DES ENFANTS.<\/strong><\/p>\n","protected":false},"excerpt":{"rendered":"<p>Kamagra \u2013 Les comprim\u00e9s effervescents (citrate de sild\u00e9nafil) sont la derni\u00e8re version g\u00e9n\u00e9rique du traitement populaire contre la dysfonction \u00e9rectile, Kamagra.<\/p>\n<ul>\n<li>Format discret.<\/li>\n<li>Absorption rapide.<\/li>\n<li>Action rapide.<\/li>\n<\/ul>\n","protected":false},"featured_media":4100,"comment_status":"open","ping_status":"closed","template":"","meta":[],"product_brand":[499],"product_cat":[351,359],"product_tag":[],"class_list":{"0":"post-6092","1":"product","2":"type-product","3":"status-publish","4":"has-post-thumbnail","6":"product_brand-ajanta-2","7":"product_cat-sante-des-hommes","8":"product_cat-en-vedette","10":"first","11":"instock","12":"taxable","13":"shipping-taxable","14":"purchasable","15":"product-type-variable"},"yoast_head":"<!-- This site is optimized with the Yoast SEO plugin v25.6 - https:\/\/yoast.com\/wordpress\/plugins\/seo\/ -->\n<title>Kamagra effervescent - Ge24h<\/title>\n<meta name=\"description\" content=\"Achetez du Kamagra effervescent. Obtenez d\u00e8s maintenant les meilleurs m\u00e9dicaments g\u00e9n\u00e9riques au meilleur prix sur notre site web. Achetez des g\u00e9n\u00e9riques.\" \/>\n<meta name=\"robots\" content=\"index, follow, max-snippet:-1, max-image-preview:large, max-video-preview:-1\" \/>\n<link rel=\"canonical\" href=\"https:\/\/ge24h.com\/fr\/producto\/kamagra-effervescent\/\" \/>\n<meta property=\"og:locale\" content=\"fr_FR\" \/>\n<meta property=\"og:type\" content=\"article\" \/>\n<meta property=\"og:title\" content=\"Kamagra effervescent - Ge24h\" \/>\n<meta property=\"og:description\" content=\"Achetez du Kamagra effervescent. Obtenez d\u00e8s maintenant les meilleurs m\u00e9dicaments g\u00e9n\u00e9riques au meilleur prix sur notre site web. Achetez des g\u00e9n\u00e9riques.\" \/>\n<meta property=\"og:url\" content=\"https:\/\/ge24h.com\/fr\/producto\/kamagra-effervescent\/\" \/>\n<meta property=\"og:site_name\" content=\"Ge24h\" \/>\n<meta property=\"article:modified_time\" content=\"2025-07-17T15:41:24+00:00\" \/>\n<meta property=\"og:image\" content=\"https:\/\/ge24h.com\/wp-content\/uploads\/kamagra-100.jpg\" \/>\n\t<meta property=\"og:image:width\" content=\"800\" \/>\n\t<meta property=\"og:image:height\" content=\"800\" \/>\n\t<meta property=\"og:image:type\" content=\"image\/jpeg\" \/>\n<meta name=\"twitter:card\" content=\"summary_large_image\" \/>\n<meta name=\"twitter:label1\" content=\"Dur\u00e9e de lecture estim\u00e9e\" \/>\n\t<meta name=\"twitter:data1\" content=\"4 minutes\" \/>\n<script type=\"application\/ld+json\" class=\"yoast-schema-graph\">{\"@context\":\"https:\/\/schema.org\",\"@graph\":[{\"@type\":\"WebPage\",\"@id\":\"https:\/\/ge24h.com\/fr\/producto\/kamagra-effervescent\/\",\"url\":\"https:\/\/ge24h.com\/fr\/producto\/kamagra-effervescent\/\",\"name\":\"Kamagra effervescent - Ge24h\",\"isPartOf\":{\"@id\":\"https:\/\/ge24h.com\/#website\"},\"primaryImageOfPage\":{\"@id\":\"https:\/\/ge24h.com\/fr\/producto\/kamagra-effervescent\/#primaryimage\"},\"image\":{\"@id\":\"https:\/\/ge24h.com\/fr\/producto\/kamagra-effervescent\/#primaryimage\"},\"thumbnailUrl\":\"https:\/\/ge24h.com\/wp-content\/uploads\/kamagra-100.jpg\",\"datePublished\":\"2025-05-19T11:30:38+00:00\",\"dateModified\":\"2025-07-17T15:41:24+00:00\",\"description\":\"Achetez du Kamagra effervescent. Obtenez d\u00e8s maintenant les meilleurs m\u00e9dicaments g\u00e9n\u00e9riques au meilleur prix sur notre site web. Achetez des g\u00e9n\u00e9riques.\",\"breadcrumb\":{\"@id\":\"https:\/\/ge24h.com\/fr\/producto\/kamagra-effervescent\/#breadcrumb\"},\"inLanguage\":\"fr-FR\",\"potentialAction\":[{\"@type\":\"ReadAction\",\"target\":[\"https:\/\/ge24h.com\/fr\/producto\/kamagra-effervescent\/\"]}]},{\"@type\":\"ImageObject\",\"inLanguage\":\"fr-FR\",\"@id\":\"https:\/\/ge24h.com\/fr\/producto\/kamagra-effervescent\/#primaryimage\",\"url\":\"https:\/\/ge24h.com\/wp-content\/uploads\/kamagra-100.jpg\",\"contentUrl\":\"https:\/\/ge24h.com\/wp-content\/uploads\/kamagra-100.jpg\",\"width\":800,\"height\":800,\"caption\":\"Kamagra effervescent\"},{\"@type\":\"BreadcrumbList\",\"@id\":\"https:\/\/ge24h.com\/fr\/producto\/kamagra-effervescent\/#breadcrumb\",\"itemListElement\":[{\"@type\":\"ListItem\",\"position\":1,\"name\":\"Portada\",\"item\":\"https:\/\/ge24h.com\/fr\/\"},{\"@type\":\"ListItem\",\"position\":2,\"name\":\"boutique\",\"item\":\"https:\/\/ge24h.com\/fr\/boutique\/\"},{\"@type\":\"ListItem\",\"position\":3,\"name\":\"Kamagra effervescent\"}]},{\"@type\":\"WebSite\",\"@id\":\"https:\/\/ge24h.com\/#website\",\"url\":\"https:\/\/ge24h.com\/\",\"name\":\"Ge24h\",\"description\":\"Medicamentos Gen\u00e9ricos, Finpecia, Kamagra, Sidenafil, Tadalafil\",\"publisher\":{\"@id\":\"https:\/\/ge24h.com\/#organization\"},\"potentialAction\":[{\"@type\":\"SearchAction\",\"target\":{\"@type\":\"EntryPoint\",\"urlTemplate\":\"https:\/\/ge24h.com\/?s={search_term_string}\"},\"query-input\":{\"@type\":\"PropertyValueSpecification\",\"valueRequired\":true,\"valueName\":\"search_term_string\"}}],\"inLanguage\":\"fr-FR\"},{\"@type\":\"Organization\",\"@id\":\"https:\/\/ge24h.com\/#organization\",\"name\":\"Ge24h\",\"url\":\"https:\/\/ge24h.com\/\",\"logo\":{\"@type\":\"ImageObject\",\"inLanguage\":\"fr-FR\",\"@id\":\"https:\/\/ge24h.com\/#\/schema\/logo\/image\/\",\"url\":\"https:\/\/ge24h.com\/wp-content\/uploads\/logo-1.svg\",\"contentUrl\":\"https:\/\/ge24h.com\/wp-content\/uploads\/logo-1.svg\",\"width\":200,\"height\":58,\"caption\":\"Ge24h\"},\"image\":{\"@id\":\"https:\/\/ge24h.com\/#\/schema\/logo\/image\/\"}}]}<\/script>\n<!-- \/ Yoast SEO plugin. -->","yoast_head_json":{"title":"Kamagra effervescent - Ge24h","description":"Achetez du Kamagra effervescent. Obtenez d\u00e8s maintenant les meilleurs m\u00e9dicaments g\u00e9n\u00e9riques au meilleur prix sur notre site web. Achetez des g\u00e9n\u00e9riques.","robots":{"index":"index","follow":"follow","max-snippet":"max-snippet:-1","max-image-preview":"max-image-preview:large","max-video-preview":"max-video-preview:-1"},"canonical":"https:\/\/ge24h.com\/fr\/producto\/kamagra-effervescent\/","og_locale":"fr_FR","og_type":"article","og_title":"Kamagra effervescent - Ge24h","og_description":"Achetez du Kamagra effervescent. Obtenez d\u00e8s maintenant les meilleurs m\u00e9dicaments g\u00e9n\u00e9riques au meilleur prix sur notre site web. Achetez des g\u00e9n\u00e9riques.","og_url":"https:\/\/ge24h.com\/fr\/producto\/kamagra-effervescent\/","og_site_name":"Ge24h","article_modified_time":"2025-07-17T15:41:24+00:00","og_image":[{"width":800,"height":800,"url":"https:\/\/ge24h.com\/wp-content\/uploads\/kamagra-100.jpg","type":"image\/jpeg"}],"twitter_card":"summary_large_image","twitter_misc":{"Dur\u00e9e de lecture estim\u00e9e":"4 minutes"},"schema":{"@context":"https:\/\/schema.org","@graph":[{"@type":"WebPage","@id":"https:\/\/ge24h.com\/fr\/producto\/kamagra-effervescent\/","url":"https:\/\/ge24h.com\/fr\/producto\/kamagra-effervescent\/","name":"Kamagra effervescent - Ge24h","isPartOf":{"@id":"https:\/\/ge24h.com\/#website"},"primaryImageOfPage":{"@id":"https:\/\/ge24h.com\/fr\/producto\/kamagra-effervescent\/#primaryimage"},"image":{"@id":"https:\/\/ge24h.com\/fr\/producto\/kamagra-effervescent\/#primaryimage"},"thumbnailUrl":"https:\/\/ge24h.com\/wp-content\/uploads\/kamagra-100.jpg","datePublished":"2025-05-19T11:30:38+00:00","dateModified":"2025-07-17T15:41:24+00:00","description":"Achetez du Kamagra effervescent. Obtenez d\u00e8s maintenant les meilleurs m\u00e9dicaments g\u00e9n\u00e9riques au meilleur prix sur notre site web. Achetez des g\u00e9n\u00e9riques.","breadcrumb":{"@id":"https:\/\/ge24h.com\/fr\/producto\/kamagra-effervescent\/#breadcrumb"},"inLanguage":"fr-FR","potentialAction":[{"@type":"ReadAction","target":["https:\/\/ge24h.com\/fr\/producto\/kamagra-effervescent\/"]}]},{"@type":"ImageObject","inLanguage":"fr-FR","@id":"https:\/\/ge24h.com\/fr\/producto\/kamagra-effervescent\/#primaryimage","url":"https:\/\/ge24h.com\/wp-content\/uploads\/kamagra-100.jpg","contentUrl":"https:\/\/ge24h.com\/wp-content\/uploads\/kamagra-100.jpg","width":800,"height":800,"caption":"Kamagra effervescent"},{"@type":"BreadcrumbList","@id":"https:\/\/ge24h.com\/fr\/producto\/kamagra-effervescent\/#breadcrumb","itemListElement":[{"@type":"ListItem","position":1,"name":"Portada","item":"https:\/\/ge24h.com\/fr\/"},{"@type":"ListItem","position":2,"name":"boutique","item":"https:\/\/ge24h.com\/fr\/boutique\/"},{"@type":"ListItem","position":3,"name":"Kamagra effervescent"}]},{"@type":"WebSite","@id":"https:\/\/ge24h.com\/#website","url":"https:\/\/ge24h.com\/","name":"Ge24h","description":"Medicamentos Gen\u00e9ricos, Finpecia, Kamagra, Sidenafil, Tadalafil","publisher":{"@id":"https:\/\/ge24h.com\/#organization"},"potentialAction":[{"@type":"SearchAction","target":{"@type":"EntryPoint","urlTemplate":"https:\/\/ge24h.com\/?s={search_term_string}"},"query-input":{"@type":"PropertyValueSpecification","valueRequired":true,"valueName":"search_term_string"}}],"inLanguage":"fr-FR"},{"@type":"Organization","@id":"https:\/\/ge24h.com\/#organization","name":"Ge24h","url":"https:\/\/ge24h.com\/","logo":{"@type":"ImageObject","inLanguage":"fr-FR","@id":"https:\/\/ge24h.com\/#\/schema\/logo\/image\/","url":"https:\/\/ge24h.com\/wp-content\/uploads\/logo-1.svg","contentUrl":"https:\/\/ge24h.com\/wp-content\/uploads\/logo-1.svg","width":200,"height":58,"caption":"Ge24h"},"image":{"@id":"https:\/\/ge24h.com\/#\/schema\/logo\/image\/"}}]}},"_links":{"self":[{"href":"https:\/\/ge24h.com\/fr\/wp-json\/wp\/v2\/product\/6092","targetHints":{"allow":["GET"]}}],"collection":[{"href":"https:\/\/ge24h.com\/fr\/wp-json\/wp\/v2\/product"}],"about":[{"href":"https:\/\/ge24h.com\/fr\/wp-json\/wp\/v2\/types\/product"}],"replies":[{"embeddable":true,"href":"https:\/\/ge24h.com\/fr\/wp-json\/wp\/v2\/comments?post=6092"}],"wp:featuredmedia":[{"embeddable":true,"href":"https:\/\/ge24h.com\/fr\/wp-json\/wp\/v2\/media\/4100"}],"wp:attachment":[{"href":"https:\/\/ge24h.com\/fr\/wp-json\/wp\/v2\/media?parent=6092"}],"wp:term":[{"taxonomy":"product_brand","embeddable":true,"href":"https:\/\/ge24h.com\/fr\/wp-json\/wp\/v2\/product_brand?post=6092"},{"taxonomy":"product_cat","embeddable":true,"href":"https:\/\/ge24h.com\/fr\/wp-json\/wp\/v2\/product_cat?post=6092"},{"taxonomy":"product_tag","embeddable":true,"href":"https:\/\/ge24h.com\/fr\/wp-json\/wp\/v2\/product_tag?post=6092"}],"curies":[{"name":"wp","href":"https:\/\/api.w.org\/{rel}","templated":true}]}}