{"id":6088,"date":"2025-05-19T12:52:24","date_gmt":"2025-05-19T10:52:24","guid":{"rendered":"https:\/\/ge24h.com\/producto\/trial-pack\/"},"modified":"2025-12-29T16:45:47","modified_gmt":"2025-12-29T15:45:47","slug":"trial-pack","status":"publish","type":"product","link":"https:\/\/ge24h.com\/fr\/producto\/trial-pack\/","title":{"rendered":"Trial Pack"},"content":{"rendered":"<p>Nous proposons des packs d&rsquo;essai contre la dysfonction \u00e9rectile contenant les trois m\u00e9dicaments (Viagra, Cialis et Levitra). Cette excellente vari\u00e9t\u00e9 de m\u00e9dicaments vous permet de comparer leurs effets et de choisir la meilleure option. Tous ces m\u00e9dicaments g\u00e9n\u00e9riques appartiennent \u00e0 la classe des inhibiteurs de la PDE5. Toutes les informations n\u00e9cessaires sur ce pack sont disponibles en ligne. Vous pouvez \u00e9galement vous procurer le pack d&rsquo;essai en pharmacie, mais elles proposent g\u00e9n\u00e9ralement des m\u00e9dicaments de marque plut\u00f4t que des g\u00e9n\u00e9riques.    <\/p>\n<p>&nbsp;<\/p>\n<h4>Questions fr\u00e9quemment pos\u00e9es concernant le pack d&rsquo;essai ED<\/h4>\n<h4>Comment fonctionne le pack d&rsquo;essai ED?<\/h4>\n<p>Tous les traitements contre la dysfonction \u00e9rectile fonctionnent de la m\u00eame mani\u00e8re, en bloquant l&rsquo;effet de l&rsquo;enzyme PDE5. La diff\u00e9rence r\u00e9side essentiellement dans leurs ingr\u00e9dients. Par exemple, le citrate de sild\u00e9nafil est pr\u00e9sent dans le Viagra, le chlorhydrate de varf\u00e9nafil dans le Levitra et le tadalafil dans le Cialis. Tous ces m\u00e9dicaments contribuent \u00e0 augmenter le flux sanguin vers le p\u00e9nis, permettant ainsi aux hommes d&rsquo;avoir des \u00e9rections plus dures et donc de mener \u00e0 bien leurs rapports sexuels.  <\/p>\n<p>Ces trois m\u00e9dicaments ont \u00e9t\u00e9 approuv\u00e9s par la FDA. De nombreuses informations sont disponibles en ligne sur ces produits et, gr\u00e2ce \u00e0 leur popularit\u00e9, vous trouverez des forums et des blogs o\u00f9 poser vos questions et mieux comprendre leur fonctionnement. <\/p>\n<h4>Effets secondaires du pack d&rsquo;essai ED<\/h4>\n<p>Les effets secondaires les plus courants des m\u00e9dicaments contre la dysfonction \u00e9rectile sont les naus\u00e9es, les maux de t\u00eate, les rougeurs au visage et la congestion nasale. Il est recommand\u00e9 de consulter votre m\u00e9decin pour tout effet secondaire possible et d&rsquo;essayer de l&rsquo;\u00e9viter. Il est important de respecter la posologie. Les femmes doivent \u00e9viter de prendre ces m\u00e9dicaments, surtout pendant la grossesse et l&rsquo;allaitement. \u00c9vitez \u00e9galement l&rsquo;alcool et le jus de pamplemousse, car ils peuvent entra\u00eener une chute dangereuse de la tension art\u00e9rielle.    <\/p>\n<h4>Recommandations<\/h4>\n<p>Ne prenez pas deux m\u00e9dicaments du pack d&rsquo;essai pour la dysfonction \u00e9rectile en m\u00eame temps. Laissez toujours un intervalle de 24 \u00e0 48 heures entre chaque dose, surtout si vous envisagez de passer \u00e0 un autre m\u00e9dicament. Les trois m\u00e9dicaments mettent entre 30 minutes et une heure \u00e0 faire effet, et n&rsquo;oubliez pas que vous devez \u00eatre sexuellement stimul\u00e9.  <\/p>\n<p>Quelle est la dose de chaque comprim\u00e9 du pack d&rsquo;essai ED?<\/p>\n<p><strong>Le paquet comprend 100 mg de citrate de sild\u00e9nafil (forte dose), 20 mg de vard\u00e9nafil et 20 mg de tadalafil.<\/strong><\/p>\n<h4>O\u00f9 et comment puis-je acheter?<\/h4>\n<p>Vous pouvez acheter le kit d&rsquo;essai pour les troubles de l&rsquo;\u00e9rection sur <a href=\"\/inicio\">Ge24h.com.<\/a> Ce kit vous permettra de d\u00e9terminer le m\u00e9dicament qui vous convient le mieux. Le prix des kits de test g\u00e9n\u00e9riques pour la dysfonction \u00e9rectile est tr\u00e8s avantageux compar\u00e9 \u00e0 l&rsquo;achat d&rsquo;un \u00e9chantillon s\u00e9par\u00e9 de chaque produit.  Comparez les prix des m\u00e9dicaments sur diff\u00e9rents sites web et vous constaterez que nos prix sont les meilleurs du march\u00e9.<\/p>\n<h4>Pourquoi le pack d&rsquo;essai ED de Ge24h.com est-il moins cher que celui des autres pharmacies?<\/h4>\n<p><a href=\"\/inicio\">Ge24h.com<\/a> propose des produits aux meilleurs prix du march\u00e9. Comme nous importons de grandes quantit\u00e9s de produits provenant de divers fabricants agr\u00e9\u00e9s par la FDA, cela nous permet d&rsquo;obtenir de meilleurs prix et des remises, et cet avantage est r\u00e9percut\u00e9 sur nos clients.<\/p>\n","protected":false},"excerpt":{"rendered":"<p><strong>Pack 1: <\/strong> 5 citrates de sild\u00e9nafil 100 mg + 5 Levitra + 5 Tadalafill<\/p>\n<p><strong>Pack 2 :<\/strong> 10 citrate de sild\u00e9nafil 100 mg + 10 Levitra + 10 Tadalafilwpml_linebreak<\/p>\n<p><strong>Pack 3 :<\/strong> 20 citrate de sild\u00e9nafil 100 mg + 20 Levitra + 20 Tadalafil<\/p>\n","protected":false},"featured_media":14100,"comment_status":"open","ping_status":"closed","template":"","meta":[],"product_brand":[],"product_cat":[351,359],"product_tag":[],"class_list":{"0":"post-6088","1":"product","2":"type-product","3":"status-publish","4":"has-post-thumbnail","6":"product_cat-sante-des-hommes","7":"product_cat-en-vedette","9":"first","10":"instock","11":"taxable","12":"shipping-taxable","13":"purchasable","14":"product-type-variable"},"yoast_head":"<!-- This site is optimized with the Yoast SEO plugin v25.6 - https:\/\/yoast.com\/wordpress\/plugins\/seo\/ -->\n<title>Trial Pack - Ge24h<\/title>\n<meta name=\"description\" content=\"Achetez des packs d&#039;essai g\u00e9n\u00e9riques. Obtenez d\u00e8s maintenant les meilleurs m\u00e9dicaments g\u00e9n\u00e9riques au meilleur prix sur notre site web. Achetez des g\u00e9n\u00e9riques.\" \/>\n<meta name=\"robots\" content=\"index, follow, max-snippet:-1, max-image-preview:large, max-video-preview:-1\" \/>\n<link rel=\"canonical\" href=\"https:\/\/ge24h.com\/fr\/producto\/trial-pack\/\" \/>\n<meta property=\"og:locale\" content=\"fr_FR\" \/>\n<meta property=\"og:type\" content=\"article\" \/>\n<meta property=\"og:title\" content=\"Trial Pack - Ge24h\" \/>\n<meta property=\"og:description\" content=\"Achetez des packs d&#039;essai g\u00e9n\u00e9riques. Obtenez d\u00e8s maintenant les meilleurs m\u00e9dicaments g\u00e9n\u00e9riques au meilleur prix sur notre site web. Achetez des g\u00e9n\u00e9riques.\" \/>\n<meta property=\"og:url\" content=\"https:\/\/ge24h.com\/fr\/producto\/trial-pack\/\" \/>\n<meta property=\"og:site_name\" content=\"Ge24h\" \/>\n<meta property=\"article:modified_time\" content=\"2025-12-29T15:45:47+00:00\" \/>\n<meta property=\"og:image\" content=\"https:\/\/ge24h.com\/wp-content\/uploads\/pack-viagra.png\" \/>\n\t<meta property=\"og:image:width\" content=\"600\" \/>\n\t<meta property=\"og:image:height\" content=\"600\" \/>\n\t<meta property=\"og:image:type\" content=\"image\/png\" \/>\n<meta name=\"twitter:card\" content=\"summary_large_image\" \/>\n<meta name=\"twitter:label1\" content=\"Dur\u00e9e de lecture estim\u00e9e\" \/>\n\t<meta name=\"twitter:data1\" content=\"3 minutes\" \/>\n<script type=\"application\/ld+json\" class=\"yoast-schema-graph\">{\"@context\":\"https:\/\/schema.org\",\"@graph\":[{\"@type\":\"WebPage\",\"@id\":\"https:\/\/ge24h.com\/fr\/producto\/trial-pack\/\",\"url\":\"https:\/\/ge24h.com\/fr\/producto\/trial-pack\/\",\"name\":\"Trial Pack - Ge24h\",\"isPartOf\":{\"@id\":\"https:\/\/ge24h.com\/#website\"},\"primaryImageOfPage\":{\"@id\":\"https:\/\/ge24h.com\/fr\/producto\/trial-pack\/#primaryimage\"},\"image\":{\"@id\":\"https:\/\/ge24h.com\/fr\/producto\/trial-pack\/#primaryimage\"},\"thumbnailUrl\":\"https:\/\/ge24h.com\/wp-content\/uploads\/pack-viagra.png\",\"datePublished\":\"2025-05-19T10:52:24+00:00\",\"dateModified\":\"2025-12-29T15:45:47+00:00\",\"description\":\"Achetez des packs d'essai g\u00e9n\u00e9riques. Obtenez d\u00e8s maintenant les meilleurs m\u00e9dicaments g\u00e9n\u00e9riques au meilleur prix sur notre site web. Achetez des g\u00e9n\u00e9riques.\",\"breadcrumb\":{\"@id\":\"https:\/\/ge24h.com\/fr\/producto\/trial-pack\/#breadcrumb\"},\"inLanguage\":\"fr-FR\",\"potentialAction\":[{\"@type\":\"ReadAction\",\"target\":[\"https:\/\/ge24h.com\/fr\/producto\/trial-pack\/\"]}]},{\"@type\":\"ImageObject\",\"inLanguage\":\"fr-FR\",\"@id\":\"https:\/\/ge24h.com\/fr\/producto\/trial-pack\/#primaryimage\",\"url\":\"https:\/\/ge24h.com\/wp-content\/uploads\/pack-viagra.png\",\"contentUrl\":\"https:\/\/ge24h.com\/wp-content\/uploads\/pack-viagra.png\",\"width\":600,\"height\":600},{\"@type\":\"BreadcrumbList\",\"@id\":\"https:\/\/ge24h.com\/fr\/producto\/trial-pack\/#breadcrumb\",\"itemListElement\":[{\"@type\":\"ListItem\",\"position\":1,\"name\":\"Portada\",\"item\":\"https:\/\/ge24h.com\/fr\/\"},{\"@type\":\"ListItem\",\"position\":2,\"name\":\"boutique\",\"item\":\"https:\/\/ge24h.com\/fr\/boutique\/\"},{\"@type\":\"ListItem\",\"position\":3,\"name\":\"Trial Pack\"}]},{\"@type\":\"WebSite\",\"@id\":\"https:\/\/ge24h.com\/#website\",\"url\":\"https:\/\/ge24h.com\/\",\"name\":\"Ge24h\",\"description\":\"Medicamentos Gen\u00e9ricos, Finpecia, Kamagra, Sidenafil, Tadalafil\",\"publisher\":{\"@id\":\"https:\/\/ge24h.com\/#organization\"},\"potentialAction\":[{\"@type\":\"SearchAction\",\"target\":{\"@type\":\"EntryPoint\",\"urlTemplate\":\"https:\/\/ge24h.com\/?s={search_term_string}\"},\"query-input\":{\"@type\":\"PropertyValueSpecification\",\"valueRequired\":true,\"valueName\":\"search_term_string\"}}],\"inLanguage\":\"fr-FR\"},{\"@type\":\"Organization\",\"@id\":\"https:\/\/ge24h.com\/#organization\",\"name\":\"Ge24h\",\"url\":\"https:\/\/ge24h.com\/\",\"logo\":{\"@type\":\"ImageObject\",\"inLanguage\":\"fr-FR\",\"@id\":\"https:\/\/ge24h.com\/#\/schema\/logo\/image\/\",\"url\":\"https:\/\/ge24h.com\/wp-content\/uploads\/logo-1.svg\",\"contentUrl\":\"https:\/\/ge24h.com\/wp-content\/uploads\/logo-1.svg\",\"width\":200,\"height\":58,\"caption\":\"Ge24h\"},\"image\":{\"@id\":\"https:\/\/ge24h.com\/#\/schema\/logo\/image\/\"}}]}<\/script>\n<!-- \/ Yoast SEO plugin. -->","yoast_head_json":{"title":"Trial Pack - Ge24h","description":"Achetez des packs d'essai g\u00e9n\u00e9riques. Obtenez d\u00e8s maintenant les meilleurs m\u00e9dicaments g\u00e9n\u00e9riques au meilleur prix sur notre site web. Achetez des g\u00e9n\u00e9riques.","robots":{"index":"index","follow":"follow","max-snippet":"max-snippet:-1","max-image-preview":"max-image-preview:large","max-video-preview":"max-video-preview:-1"},"canonical":"https:\/\/ge24h.com\/fr\/producto\/trial-pack\/","og_locale":"fr_FR","og_type":"article","og_title":"Trial Pack - Ge24h","og_description":"Achetez des packs d'essai g\u00e9n\u00e9riques. Obtenez d\u00e8s maintenant les meilleurs m\u00e9dicaments g\u00e9n\u00e9riques au meilleur prix sur notre site web. Achetez des g\u00e9n\u00e9riques.","og_url":"https:\/\/ge24h.com\/fr\/producto\/trial-pack\/","og_site_name":"Ge24h","article_modified_time":"2025-12-29T15:45:47+00:00","og_image":[{"width":600,"height":600,"url":"https:\/\/ge24h.com\/wp-content\/uploads\/pack-viagra.png","type":"image\/png"}],"twitter_card":"summary_large_image","twitter_misc":{"Dur\u00e9e de lecture estim\u00e9e":"3 minutes"},"schema":{"@context":"https:\/\/schema.org","@graph":[{"@type":"WebPage","@id":"https:\/\/ge24h.com\/fr\/producto\/trial-pack\/","url":"https:\/\/ge24h.com\/fr\/producto\/trial-pack\/","name":"Trial Pack - Ge24h","isPartOf":{"@id":"https:\/\/ge24h.com\/#website"},"primaryImageOfPage":{"@id":"https:\/\/ge24h.com\/fr\/producto\/trial-pack\/#primaryimage"},"image":{"@id":"https:\/\/ge24h.com\/fr\/producto\/trial-pack\/#primaryimage"},"thumbnailUrl":"https:\/\/ge24h.com\/wp-content\/uploads\/pack-viagra.png","datePublished":"2025-05-19T10:52:24+00:00","dateModified":"2025-12-29T15:45:47+00:00","description":"Achetez des packs d'essai g\u00e9n\u00e9riques. Obtenez d\u00e8s maintenant les meilleurs m\u00e9dicaments g\u00e9n\u00e9riques au meilleur prix sur notre site web. Achetez des g\u00e9n\u00e9riques.","breadcrumb":{"@id":"https:\/\/ge24h.com\/fr\/producto\/trial-pack\/#breadcrumb"},"inLanguage":"fr-FR","potentialAction":[{"@type":"ReadAction","target":["https:\/\/ge24h.com\/fr\/producto\/trial-pack\/"]}]},{"@type":"ImageObject","inLanguage":"fr-FR","@id":"https:\/\/ge24h.com\/fr\/producto\/trial-pack\/#primaryimage","url":"https:\/\/ge24h.com\/wp-content\/uploads\/pack-viagra.png","contentUrl":"https:\/\/ge24h.com\/wp-content\/uploads\/pack-viagra.png","width":600,"height":600},{"@type":"BreadcrumbList","@id":"https:\/\/ge24h.com\/fr\/producto\/trial-pack\/#breadcrumb","itemListElement":[{"@type":"ListItem","position":1,"name":"Portada","item":"https:\/\/ge24h.com\/fr\/"},{"@type":"ListItem","position":2,"name":"boutique","item":"https:\/\/ge24h.com\/fr\/boutique\/"},{"@type":"ListItem","position":3,"name":"Trial Pack"}]},{"@type":"WebSite","@id":"https:\/\/ge24h.com\/#website","url":"https:\/\/ge24h.com\/","name":"Ge24h","description":"Medicamentos Gen\u00e9ricos, Finpecia, Kamagra, Sidenafil, Tadalafil","publisher":{"@id":"https:\/\/ge24h.com\/#organization"},"potentialAction":[{"@type":"SearchAction","target":{"@type":"EntryPoint","urlTemplate":"https:\/\/ge24h.com\/?s={search_term_string}"},"query-input":{"@type":"PropertyValueSpecification","valueRequired":true,"valueName":"search_term_string"}}],"inLanguage":"fr-FR"},{"@type":"Organization","@id":"https:\/\/ge24h.com\/#organization","name":"Ge24h","url":"https:\/\/ge24h.com\/","logo":{"@type":"ImageObject","inLanguage":"fr-FR","@id":"https:\/\/ge24h.com\/#\/schema\/logo\/image\/","url":"https:\/\/ge24h.com\/wp-content\/uploads\/logo-1.svg","contentUrl":"https:\/\/ge24h.com\/wp-content\/uploads\/logo-1.svg","width":200,"height":58,"caption":"Ge24h"},"image":{"@id":"https:\/\/ge24h.com\/#\/schema\/logo\/image\/"}}]}},"_links":{"self":[{"href":"https:\/\/ge24h.com\/fr\/wp-json\/wp\/v2\/product\/6088","targetHints":{"allow":["GET"]}}],"collection":[{"href":"https:\/\/ge24h.com\/fr\/wp-json\/wp\/v2\/product"}],"about":[{"href":"https:\/\/ge24h.com\/fr\/wp-json\/wp\/v2\/types\/product"}],"replies":[{"embeddable":true,"href":"https:\/\/ge24h.com\/fr\/wp-json\/wp\/v2\/comments?post=6088"}],"wp:featuredmedia":[{"embeddable":true,"href":"https:\/\/ge24h.com\/fr\/wp-json\/wp\/v2\/media\/14100"}],"wp:attachment":[{"href":"https:\/\/ge24h.com\/fr\/wp-json\/wp\/v2\/media?parent=6088"}],"wp:term":[{"taxonomy":"product_brand","embeddable":true,"href":"https:\/\/ge24h.com\/fr\/wp-json\/wp\/v2\/product_brand?post=6088"},{"taxonomy":"product_cat","embeddable":true,"href":"https:\/\/ge24h.com\/fr\/wp-json\/wp\/v2\/product_cat?post=6088"},{"taxonomy":"product_tag","embeddable":true,"href":"https:\/\/ge24h.com\/fr\/wp-json\/wp\/v2\/product_tag?post=6088"}],"curies":[{"name":"wp","href":"https:\/\/api.w.org\/{rel}","templated":true}]}}