{"id":6082,"date":"2025-05-16T16:14:49","date_gmt":"2025-05-16T14:14:49","guid":{"rendered":"https:\/\/ge24h.com\/producto\/kamagra-100mg\/"},"modified":"2025-07-17T17:01:12","modified_gmt":"2025-07-17T15:01:12","slug":"kamagra-100mg","status":"publish","type":"product","link":"https:\/\/ge24h.com\/fr\/producto\/kamagra-100mg\/","title":{"rendered":"Kamagra 100mg"},"content":{"rendered":"<h3><strong>Nom du m\u00e9dicament:<\/strong> Kamagra<\/h3>\n<h3><strong>Nom g\u00e9n\u00e9rique:<\/strong> Sildenafil<\/h3>\n<p>&nbsp;<\/p>\n<h4><strong>Quelle est la chose la plus importante que je devrais savoir sur Kamagra ?<\/strong><\/h4>\n<ul>\n<li>Ne prenez pas de Kamagra si vous prenez des d\u00e9riv\u00e9s nitr\u00e9s pour des douleurs thoraciques ou des probl\u00e8mes cardiaques. Ces m\u00e9dicaments comprennent la nitroglyc\u00e9rine (Nitrostat, Nitrolingual, Nitro-Dur, Nitro-Bid, etc.), le dinitrate d&rsquo;isosorbide (Dilatrate-SR, Isordril, Sorbitrate) et le mononitrate d&rsquo;isosorbide (Imdur, ISMO, Monoket). On trouve \u00e9galement des d\u00e9riv\u00e9s nitr\u00e9s dans des drogues r\u00e9cr\u00e9atives comme le nitrate d&rsquo;amyle ou le nitrite (\u00ab poppers \u00bb). La prise de Kamagra avec des d\u00e9riv\u00e9s nitr\u00e9s peut entra\u00eener de graves probl\u00e8mes de tension art\u00e9rielle, de la fatigue, une crise cardiaque ou un arr\u00eat cardiaque.   <\/li>\n<li>Si vous vous sentez \u00e9tourdi ou naus\u00e9eux, ou si vous ressentez des douleurs, des engourdissements ou des picotements dans la poitrine, les bras, le cou ou la m\u00e2choire pendant l&rsquo;activit\u00e9 sexuelle, arr\u00eatez de prendre Kamagra et appelez imm\u00e9diatement votre m\u00e9decin.<\/li>\n<li>Ne prenez pas Kamagra plus d&rsquo;une fois par jour. Laissez un intervalle de 24 heures entre les prises. <\/li>\n<li>Consultez imm\u00e9diatement votre m\u00e9decin ou consultez un m\u00e9decin en urgence si vous ressentez une \u00e9rection douloureuse ou qui dure plus de 4 heures. Il pourrait s&rsquo;agir d&rsquo;un priapisme, susceptible d&rsquo;entra\u00eener des l\u00e9sions permanentes du p\u00e9nis. <\/li>\n<li>Un petit nombre de patients ont subi une perte de vision soudaine sous Kamagra. Cela pourrait \u00eatre d\u00fb \u00e0 une diminution du flux sanguin vers le nerf optique. Bien que l&rsquo;on ignore si le Kamagra en est la cause directe, ce ph\u00e9nom\u00e8ne est plus fr\u00e9quent chez les personnes souffrant de maladies cardiaques, de diab\u00e8te, d&rsquo;hypertension art\u00e9rielle, d&rsquo;hypercholest\u00e9rol\u00e9mie, de probl\u00e8mes de vue, chez les fumeurs ou chez les personnes de plus de 50 ans.  <\/li>\n<\/ul>\n<p>&nbsp;<\/p>\n<h4><strong>Qu&rsquo;est-ce que Kamagra?<\/strong><\/h4>\n<p>Kamagra est un m\u00e9dicament qui d\u00e9tend les muscles et augmente le flux sanguin vers des zones sp\u00e9cifiques du corps.<br \/>\nIl est indiqu\u00e9 pour le traitement de la <strong>dysfonction \u00e9rectile (impuissance).<\/strong> Revatio est \u00e9galement commercialis\u00e9, utilis\u00e9 pour traiter l&rsquo;hypertension art\u00e9rielle pulmonaire et am\u00e9liorer la capacit\u00e9 d&rsquo;exercice chez les hommes et les femmes. <\/p>\n<p>Kamagra peut \u00e9galement \u00eatre utilis\u00e9 \u00e0 d\u2019autres fins prescrites par votre m\u00e9decin.<\/p>\n<p>&nbsp;<\/p>\n<h4><strong>De quoi dois-je discuter avec mon m\u00e9decin avant de prendre du Kamagra?<\/strong><\/h4>\n<ul>\n<li><strong>Ne prenez pas de Kamagra si vous prenez des nitrates.<\/strong> Cela inclut les m\u00e9dicaments tels que la nitroglyc\u00e9rine, le dinitrate d&rsquo;isosorbide et le mononitrate d&rsquo;isosorbide. Il est \u00e9galement d\u00e9conseill\u00e9 aux personnes consommant du poppers. <\/li>\n<li>Un petit nombre de patients ont subi une perte de vision soudaine sous Kamagra. Ce ph\u00e9nom\u00e8ne a \u00e9t\u00e9 observ\u00e9 le plus souvent chez des patients pr\u00e9sentant des facteurs de risque tels que des maladies cardiaques, du diab\u00e8te, de l&rsquo;hypertension art\u00e9rielle, un taux de cholest\u00e9rol \u00e9lev\u00e9, des maladies oculaires, des fumeurs et des personnes de plus de 50 ans. <\/li>\n<\/ul>\n<p>Avant de prendre Kamagra, informez votre m\u00e9decin si vous souffrez de:<\/p>\n<ul>\n<li>Maladie cardiaque ou probl\u00e8mes de rythme cardiaque.<\/li>\n<li>Ant\u00e9c\u00e9dents r\u00e9cents de crise cardiaque ou d\u2019arr\u00eat cardiaque (au cours des 6 derniers mois).<\/li>\n<li>Insuffisance cardiaque.<\/li>\n<li>Hypertension ou hypotension art\u00e9rielle.<\/li>\n<li>Maladie de l&rsquo;art\u00e8re coronaire.<\/li>\n<li>Maladie du foie gras.<\/li>\n<li>Troubles sanguins tels que la dr\u00e9panocytose, le my\u00e9lome multiple ou la leuc\u00e9mie.<\/li>\n<li>H\u00e9mophilie.<\/li>\n<li>Ulc\u00e8re \u00e0 l&rsquo;estomac.<\/li>\n<li>R\u00e9tinite pigmentaire (maladie oculaire h\u00e9r\u00e9ditaire).<\/li>\n<li>D\u00e9formation physique du p\u00e9nis (comme la maladie de La Peyronie).<\/li>\n<li>Si on vous a conseill\u00e9 d\u2019\u00e9viter les relations sexuelles pour des raisons m\u00e9dicales.<\/li>\n<\/ul>\n<p>Si vous souffrez de l\u2019une de ces affections, <strong>vous ne pourrez peut-\u00eatre<\/strong> pas prendre Kamagra ou vous pourriez avoir besoin d\u2019un ajustement de la dose ou d\u2019une surveillance particuli\u00e8re pendant le traitement.<br \/>\n<strong>Grossesse: <\/strong> Cat\u00e9gorie B selon la FDA. Ne devrait pas nuire au f\u0153tus. Ne prenez pas de Kamagra sans consulter votre m\u00e9decin si vous \u00eates enceinte ou pr\u00e9voyez une grossesse.  <\/p>\n<p><strong>Allaitement: <\/strong> On ignore si le Kamagra passe dans le lait maternel. Consultez votre m\u00e9decin avant de le prendre si vous allaitez. <\/p>\n<h4><strong>Comment dois-je prendre Kamagra?<\/strong><\/h4>\n<ul>\n<li>Prenez Kamagra selon les directives de votre m\u00e9decin. <strong>Ne pas de dos plus \u00e9lev\u00e9 ou pendant une dur\u00e9e plus longue que celle recommand\u00e9e.<\/strong><\/li>\n<li>Revatio est g\u00e9n\u00e9ralement pris 3 fois par jour, avec 4 \u00e0 6 heures entre les doses.<\/li>\n<li>Le Viagra (Kamagra) se prend g\u00e9n\u00e9ralement 30 minutes \u00e0 1 heure avant l&rsquo;activit\u00e9 sexuelle. Il peut \u00eatre pris jusqu&rsquo;\u00e0 4 heures avant.  <strong>Ne le prendre pas plus d&rsquo;une fois par jour.<br \/><\/strong><\/li>\n<li>Le Kamagra <strong>am\u00e9liore l&rsquo;\u00e9rection uniquement lors d&rsquo;une stimulation<\/strong> sexuelle. Il ne provoque pas d&rsquo;\u00e9rection \u00e0 lui seul. <\/li>\n<li>Conservez le m\u00e9dicament \u00e0 temp\u00e9rature ambiante, \u00e0 l\u2019abri de l\u2019humidit\u00e9 et de la chaleur.<\/li>\n<\/ul>\n<p>&nbsp;<\/p>\n<h4><strong>Que se passe-t-il si j\u2019oublie de prendre une dose?<\/strong><\/h4>\n<p>Le Kamagra (Viagra) est pris en cas de besoin, afin qu&rsquo;aucune dose ne soit oubli\u00e9e.<br \/>\nSi vous prenez Revatio et que vous oubliez une dose, prenez-la d\u00e8s que vous vous en rendez compte. Si la dose suivante est proche, sautez la dose oubli\u00e9e.  <strong>Ne prenez pas de double dose.<\/strong><\/p>\n<h4><strong>Que se passe-t-il en cas de surdose?<\/strong><\/h4>\n<p>Consultez d\u2019urgence un m\u00e9decin si vous pensez avoir fait une surdose. <strong>Les sympt\u00f4mes comprennent des douleurs thoraciques, des naus\u00e9es, un rythme cardiaque irr\u00e9gulier, des \u00e9tourdissements ou des \u00e9vanouissements.<\/strong><\/p>\n<h4><strong>Que dois-je \u00e9viter pendant que je prends du Kamagra?<\/strong><\/h4>\n<ul>\n<li><strong>\u00c9vitez la consommation d\u2019alcool,<\/strong> car cela peut augmenter les effets secondaires du Kamagra.<\/li>\n<li><strong>Ne prenez pas d\u2019autres m\u00e9dicaments contre la dysfonction \u00e9rectile<\/strong> tels que l\u2019alprostadil (Caverject, Muse, Edex) ou la yohimbine (Yocon, Yodoxin) sans consulter votre m\u00e9decin.<\/li>\n<\/ul>\n<p>&nbsp;<\/p>\n<h4><strong>Quels sont les effets secondaires possibles du Kamagra ?<\/strong><\/h4>\n<h4><strong>Effets graves:<\/strong><\/h4>\n<ul>\n<li>Perte soudaine de vision.<\/li>\n<li>Douleur thoracique ou douleur se propageant au bras ou \u00e0 l\u2019\u00e9paule, naus\u00e9es, transpiration, malaise g\u00e9n\u00e9ral.<\/li>\n<li>Battements de c\u0153ur irr\u00e9guliers.<\/li>\n<li>Gonflement des mains, des chevilles ou des pieds.<\/li>\n<li>Difficult\u00e9 \u00e0 respirer.<\/li>\n<li>Changements dans la vision.<\/li>\n<li>\u00c9tourdissements ou \u00e9vanouissements.<\/li>\n<li>\u00c9rection douloureuse ou qui dure plus de 4 heures (priapisme).<\/li>\n<li>Sympt\u00f4mes de r\u00e9action allergique : urticaire, difficult\u00e9 \u00e0 respirer, gonflement du visage, des l\u00e8vres, de la langue ou de la gorge.<\/li>\n<\/ul>\n<p>&nbsp;<\/p>\n<h4><strong>Effets mineurs:<\/strong><\/h4>\n<ul>\n<li>Rougeur du visage, du cou ou de la poitrine.<\/li>\n<li>Congestion nasale.<\/li>\n<li>Mal de t\u00eate.<\/li>\n<li>Maux d\u2019estomac.<\/li>\n<li>Mal au dos.<\/li>\n<\/ul>\n<p>D\u2019autres effets secondaires non mentionn\u00e9s peuvent survenir. <strong>Consultez votre m\u00e9decin si vous ressentez des sympt\u00f4mes inhabituels ou g\u00eanants.<\/strong><\/p>\n<h4><strong>Quels m\u00e9dicaments peuvent interagir avec Kamagra?<\/strong><\/h4>\n<p>Avant de prendre Kamagra, informez votre m\u00e9decin si vous prenez l\u2019un des m\u00e9dicaments suivants:<\/p>\n<ul>\n<li>Bosentan (Tracleer)<\/li>\n<li>Cim\u00e9tidine (Tagamet, Tagamet HB)<\/li>\n<li>Des antibiotiques tels que l&rsquo;\u00e9rythromycine ou la clarithromycine<\/li>\n<li>Doxazosine (Cardura), Prazosine (Minipress), T\u00e9razosine (Hytrin)<\/li>\n<li>M\u00e9dicaments anti-VIH tels que l&rsquo;ampr\u00e9navir, le tipranavir, le darunavir, l&rsquo;\u00e9favirenz, la n\u00e9virapine, l&rsquo;indinavir, le saquinavir, le lopinavir\/ritonavir, le fosampr\u00e9navir, le ritonavir, l&rsquo;atazanavir, le nelfinavir<\/li>\n<li>Antifongiques tels que l&rsquo;itraconazole (Sporanox) ou le k\u00e9toconazole (Nizoral)<\/li>\n<li>Carbamaz\u00e9pine, ph\u00e9nobarbital, ph\u00e9nyto\u00efne<\/li>\n<li>Rifampicine ou rifabutine<\/li>\n<\/ul>\n<p>Si vous prenez l\u2019un de ces m\u00e9dicaments, vous <strong>ne pourrez peut-\u00eatre pas prendre Kamagra <\/strong> ou vous pourriez avoir besoin d\u2019un ajustement de dose ou d\u2019une surveillance suppl\u00e9mentaire.<br \/>\nD\u2019autres m\u00e9dicaments non r\u00e9pertori\u00e9s peuvent \u00e9galement affecter l\u2019utilisation de Kamagra. <strong>D\u2019autres m\u00e9dicaments non r\u00e9pertori\u00e9s peuvent \u00e9galement affecter l\u2019utilisation de Kamagra.<\/strong>, y compris les vitamines, les compl\u00e9ments alimentaires \u00e0 base de plantes et les produits en vente libre. Ne commencez pas un nouveau traitement sans consulter votre m\u00e9decin au pr\u00e9alable. <\/p>\n","protected":false},"excerpt":{"rendered":"<p>Kamagra (Sild\u00e9nafil) Synonymes : Viagra Kamagra (Seldanafil) est un m\u00e9dicament g\u00e9n\u00e9rique de citrate de sild\u00e9nafil produit par Ajanta Pharma, Ltd.<\/p>\n<ul>\n<li>Augmente la confiance sexuelle.<\/li>\n<li>Effet longue dur\u00e9e.<\/li>\n<li>Solution buvable.<\/li>\n<\/ul>\n","protected":false},"featured_media":4937,"comment_status":"open","ping_status":"closed","template":"","meta":[],"product_brand":[499],"product_cat":[351,359],"product_tag":[],"class_list":{"0":"post-6082","1":"product","2":"type-product","3":"status-publish","4":"has-post-thumbnail","6":"product_brand-ajanta-2","7":"product_cat-sante-des-hommes","8":"product_cat-en-vedette","10":"first","11":"instock","12":"taxable","13":"shipping-taxable","14":"purchasable","15":"product-type-variable"},"yoast_head":"<!-- This site is optimized with the Yoast SEO plugin v25.6 - https:\/\/yoast.com\/wordpress\/plugins\/seo\/ -->\n<title>Kamagra 100mg - Ge24h<\/title>\n<meta name=\"description\" content=\"Achetez du Kamagra 100 mg. Obtenez d\u00e8s maintenant les meilleurs m\u00e9dicaments g\u00e9n\u00e9riques au meilleur prix sur notre site web. Achetez des g\u00e9n\u00e9riques.\" \/>\n<meta name=\"robots\" content=\"index, follow, max-snippet:-1, max-image-preview:large, max-video-preview:-1\" \/>\n<link rel=\"canonical\" href=\"https:\/\/ge24h.com\/fr\/producto\/kamagra-100mg\/\" \/>\n<meta property=\"og:locale\" content=\"fr_FR\" \/>\n<meta property=\"og:type\" content=\"article\" \/>\n<meta property=\"og:title\" content=\"Kamagra 100mg - Ge24h\" \/>\n<meta property=\"og:description\" content=\"Achetez du Kamagra 100 mg. Obtenez d\u00e8s maintenant les meilleurs m\u00e9dicaments g\u00e9n\u00e9riques au meilleur prix sur notre site web. Achetez des g\u00e9n\u00e9riques.\" \/>\n<meta property=\"og:url\" content=\"https:\/\/ge24h.com\/fr\/producto\/kamagra-100mg\/\" \/>\n<meta property=\"og:site_name\" content=\"Ge24h\" \/>\n<meta property=\"article:modified_time\" content=\"2025-07-17T15:01:12+00:00\" \/>\n<meta property=\"og:image\" content=\"https:\/\/ge24h.com\/wp-content\/uploads\/kamagra-100mg-1.png\" \/>\n\t<meta property=\"og:image:width\" content=\"800\" \/>\n\t<meta property=\"og:image:height\" content=\"800\" \/>\n\t<meta property=\"og:image:type\" content=\"image\/png\" \/>\n<meta name=\"twitter:card\" content=\"summary_large_image\" \/>\n<meta name=\"twitter:label1\" content=\"Dur\u00e9e de lecture estim\u00e9e\" \/>\n\t<meta name=\"twitter:data1\" content=\"6 minutes\" \/>\n<script type=\"application\/ld+json\" class=\"yoast-schema-graph\">{\"@context\":\"https:\/\/schema.org\",\"@graph\":[{\"@type\":\"WebPage\",\"@id\":\"https:\/\/ge24h.com\/fr\/producto\/kamagra-100mg\/\",\"url\":\"https:\/\/ge24h.com\/fr\/producto\/kamagra-100mg\/\",\"name\":\"Kamagra 100mg - Ge24h\",\"isPartOf\":{\"@id\":\"https:\/\/ge24h.com\/#website\"},\"primaryImageOfPage\":{\"@id\":\"https:\/\/ge24h.com\/fr\/producto\/kamagra-100mg\/#primaryimage\"},\"image\":{\"@id\":\"https:\/\/ge24h.com\/fr\/producto\/kamagra-100mg\/#primaryimage\"},\"thumbnailUrl\":\"https:\/\/ge24h.com\/wp-content\/uploads\/kamagra-100mg-1.png\",\"datePublished\":\"2025-05-16T14:14:49+00:00\",\"dateModified\":\"2025-07-17T15:01:12+00:00\",\"description\":\"Achetez du Kamagra 100 mg. Obtenez d\u00e8s maintenant les meilleurs m\u00e9dicaments g\u00e9n\u00e9riques au meilleur prix sur notre site web. Achetez des g\u00e9n\u00e9riques.\",\"breadcrumb\":{\"@id\":\"https:\/\/ge24h.com\/fr\/producto\/kamagra-100mg\/#breadcrumb\"},\"inLanguage\":\"fr-FR\",\"potentialAction\":[{\"@type\":\"ReadAction\",\"target\":[\"https:\/\/ge24h.com\/fr\/producto\/kamagra-100mg\/\"]}]},{\"@type\":\"ImageObject\",\"inLanguage\":\"fr-FR\",\"@id\":\"https:\/\/ge24h.com\/fr\/producto\/kamagra-100mg\/#primaryimage\",\"url\":\"https:\/\/ge24h.com\/wp-content\/uploads\/kamagra-100mg-1.png\",\"contentUrl\":\"https:\/\/ge24h.com\/wp-content\/uploads\/kamagra-100mg-1.png\",\"width\":800,\"height\":800,\"caption\":\"Kamagra 100mg\"},{\"@type\":\"BreadcrumbList\",\"@id\":\"https:\/\/ge24h.com\/fr\/producto\/kamagra-100mg\/#breadcrumb\",\"itemListElement\":[{\"@type\":\"ListItem\",\"position\":1,\"name\":\"Portada\",\"item\":\"https:\/\/ge24h.com\/fr\/\"},{\"@type\":\"ListItem\",\"position\":2,\"name\":\"boutique\",\"item\":\"https:\/\/ge24h.com\/fr\/boutique\/\"},{\"@type\":\"ListItem\",\"position\":3,\"name\":\"Kamagra 100mg\"}]},{\"@type\":\"WebSite\",\"@id\":\"https:\/\/ge24h.com\/#website\",\"url\":\"https:\/\/ge24h.com\/\",\"name\":\"Ge24h\",\"description\":\"Medicamentos Gen\u00e9ricos, Finpecia, Kamagra, Sidenafil, Tadalafil\",\"publisher\":{\"@id\":\"https:\/\/ge24h.com\/#organization\"},\"potentialAction\":[{\"@type\":\"SearchAction\",\"target\":{\"@type\":\"EntryPoint\",\"urlTemplate\":\"https:\/\/ge24h.com\/?s={search_term_string}\"},\"query-input\":{\"@type\":\"PropertyValueSpecification\",\"valueRequired\":true,\"valueName\":\"search_term_string\"}}],\"inLanguage\":\"fr-FR\"},{\"@type\":\"Organization\",\"@id\":\"https:\/\/ge24h.com\/#organization\",\"name\":\"Ge24h\",\"url\":\"https:\/\/ge24h.com\/\",\"logo\":{\"@type\":\"ImageObject\",\"inLanguage\":\"fr-FR\",\"@id\":\"https:\/\/ge24h.com\/#\/schema\/logo\/image\/\",\"url\":\"https:\/\/ge24h.com\/wp-content\/uploads\/logo-1.svg\",\"contentUrl\":\"https:\/\/ge24h.com\/wp-content\/uploads\/logo-1.svg\",\"width\":200,\"height\":58,\"caption\":\"Ge24h\"},\"image\":{\"@id\":\"https:\/\/ge24h.com\/#\/schema\/logo\/image\/\"}}]}<\/script>\n<!-- \/ Yoast SEO plugin. -->","yoast_head_json":{"title":"Kamagra 100mg - Ge24h","description":"Achetez du Kamagra 100 mg. Obtenez d\u00e8s maintenant les meilleurs m\u00e9dicaments g\u00e9n\u00e9riques au meilleur prix sur notre site web. Achetez des g\u00e9n\u00e9riques.","robots":{"index":"index","follow":"follow","max-snippet":"max-snippet:-1","max-image-preview":"max-image-preview:large","max-video-preview":"max-video-preview:-1"},"canonical":"https:\/\/ge24h.com\/fr\/producto\/kamagra-100mg\/","og_locale":"fr_FR","og_type":"article","og_title":"Kamagra 100mg - Ge24h","og_description":"Achetez du Kamagra 100 mg. Obtenez d\u00e8s maintenant les meilleurs m\u00e9dicaments g\u00e9n\u00e9riques au meilleur prix sur notre site web. Achetez des g\u00e9n\u00e9riques.","og_url":"https:\/\/ge24h.com\/fr\/producto\/kamagra-100mg\/","og_site_name":"Ge24h","article_modified_time":"2025-07-17T15:01:12+00:00","og_image":[{"width":800,"height":800,"url":"https:\/\/ge24h.com\/wp-content\/uploads\/kamagra-100mg-1.png","type":"image\/png"}],"twitter_card":"summary_large_image","twitter_misc":{"Dur\u00e9e de lecture estim\u00e9e":"6 minutes"},"schema":{"@context":"https:\/\/schema.org","@graph":[{"@type":"WebPage","@id":"https:\/\/ge24h.com\/fr\/producto\/kamagra-100mg\/","url":"https:\/\/ge24h.com\/fr\/producto\/kamagra-100mg\/","name":"Kamagra 100mg - Ge24h","isPartOf":{"@id":"https:\/\/ge24h.com\/#website"},"primaryImageOfPage":{"@id":"https:\/\/ge24h.com\/fr\/producto\/kamagra-100mg\/#primaryimage"},"image":{"@id":"https:\/\/ge24h.com\/fr\/producto\/kamagra-100mg\/#primaryimage"},"thumbnailUrl":"https:\/\/ge24h.com\/wp-content\/uploads\/kamagra-100mg-1.png","datePublished":"2025-05-16T14:14:49+00:00","dateModified":"2025-07-17T15:01:12+00:00","description":"Achetez du Kamagra 100 mg. Obtenez d\u00e8s maintenant les meilleurs m\u00e9dicaments g\u00e9n\u00e9riques au meilleur prix sur notre site web. Achetez des g\u00e9n\u00e9riques.","breadcrumb":{"@id":"https:\/\/ge24h.com\/fr\/producto\/kamagra-100mg\/#breadcrumb"},"inLanguage":"fr-FR","potentialAction":[{"@type":"ReadAction","target":["https:\/\/ge24h.com\/fr\/producto\/kamagra-100mg\/"]}]},{"@type":"ImageObject","inLanguage":"fr-FR","@id":"https:\/\/ge24h.com\/fr\/producto\/kamagra-100mg\/#primaryimage","url":"https:\/\/ge24h.com\/wp-content\/uploads\/kamagra-100mg-1.png","contentUrl":"https:\/\/ge24h.com\/wp-content\/uploads\/kamagra-100mg-1.png","width":800,"height":800,"caption":"Kamagra 100mg"},{"@type":"BreadcrumbList","@id":"https:\/\/ge24h.com\/fr\/producto\/kamagra-100mg\/#breadcrumb","itemListElement":[{"@type":"ListItem","position":1,"name":"Portada","item":"https:\/\/ge24h.com\/fr\/"},{"@type":"ListItem","position":2,"name":"boutique","item":"https:\/\/ge24h.com\/fr\/boutique\/"},{"@type":"ListItem","position":3,"name":"Kamagra 100mg"}]},{"@type":"WebSite","@id":"https:\/\/ge24h.com\/#website","url":"https:\/\/ge24h.com\/","name":"Ge24h","description":"Medicamentos Gen\u00e9ricos, Finpecia, Kamagra, Sidenafil, Tadalafil","publisher":{"@id":"https:\/\/ge24h.com\/#organization"},"potentialAction":[{"@type":"SearchAction","target":{"@type":"EntryPoint","urlTemplate":"https:\/\/ge24h.com\/?s={search_term_string}"},"query-input":{"@type":"PropertyValueSpecification","valueRequired":true,"valueName":"search_term_string"}}],"inLanguage":"fr-FR"},{"@type":"Organization","@id":"https:\/\/ge24h.com\/#organization","name":"Ge24h","url":"https:\/\/ge24h.com\/","logo":{"@type":"ImageObject","inLanguage":"fr-FR","@id":"https:\/\/ge24h.com\/#\/schema\/logo\/image\/","url":"https:\/\/ge24h.com\/wp-content\/uploads\/logo-1.svg","contentUrl":"https:\/\/ge24h.com\/wp-content\/uploads\/logo-1.svg","width":200,"height":58,"caption":"Ge24h"},"image":{"@id":"https:\/\/ge24h.com\/#\/schema\/logo\/image\/"}}]}},"_links":{"self":[{"href":"https:\/\/ge24h.com\/fr\/wp-json\/wp\/v2\/product\/6082","targetHints":{"allow":["GET"]}}],"collection":[{"href":"https:\/\/ge24h.com\/fr\/wp-json\/wp\/v2\/product"}],"about":[{"href":"https:\/\/ge24h.com\/fr\/wp-json\/wp\/v2\/types\/product"}],"replies":[{"embeddable":true,"href":"https:\/\/ge24h.com\/fr\/wp-json\/wp\/v2\/comments?post=6082"}],"wp:featuredmedia":[{"embeddable":true,"href":"https:\/\/ge24h.com\/fr\/wp-json\/wp\/v2\/media\/4937"}],"wp:attachment":[{"href":"https:\/\/ge24h.com\/fr\/wp-json\/wp\/v2\/media?parent=6082"}],"wp:term":[{"taxonomy":"product_brand","embeddable":true,"href":"https:\/\/ge24h.com\/fr\/wp-json\/wp\/v2\/product_brand?post=6082"},{"taxonomy":"product_cat","embeddable":true,"href":"https:\/\/ge24h.com\/fr\/wp-json\/wp\/v2\/product_cat?post=6082"},{"taxonomy":"product_tag","embeddable":true,"href":"https:\/\/ge24h.com\/fr\/wp-json\/wp\/v2\/product_tag?post=6082"}],"curies":[{"name":"wp","href":"https:\/\/api.w.org\/{rel}","templated":true}]}}