{"id":6076,"date":"2025-05-16T13:06:39","date_gmt":"2025-05-16T11:06:39","guid":{"rendered":"https:\/\/ge24h.com\/producto\/tadalafil-20mg\/"},"modified":"2026-01-16T11:22:57","modified_gmt":"2026-01-16T10:22:57","slug":"tadalafil-20mg","status":"publish","type":"product","link":"https:\/\/ge24h.com\/fr\/producto\/tadalafil-20mg\/","title":{"rendered":"Tadalafil 20mg"},"content":{"rendered":"<h3><strong>Nom du m\u00e9dicament:<\/strong> Tadalafil<\/h3>\n<h3><strong>Nom du m\u00e9dicament:<\/strong> Tadalafil<\/h3>\n<p>&nbsp;<\/p>\n<h4><strong>Quelle est la chose la plus importante que je devrais savoir sur le Tadalafil ?<\/strong><\/h4>\n<ul>\n<li><strong>Ne prenez pas de tadalafil si vous prenez des d\u00e9riv\u00e9s nitr\u00e9s pour des douleurs thoraciques ou des probl\u00e8mes cardiaques.<\/strong> Ces m\u00e9dicaments comprennent la nitroglyc\u00e9rine (Nitrostat, Nitrolingual, Nitro-Dur, Nitro-Bid, etc.), le dinitrate d&rsquo;isosorbide (Dilatrate-SR, Isordril, Sorbitrate) et le mononitrate d&rsquo;isosorbide (Imdur, ISMO, Monoket). <strong>Les d\u00e9riv\u00e9s nitr\u00e9s peuvent \u00e9galement \u00eatre disponibles sous forme de drogues r\u00e9cr\u00e9atives, comme le nitrate d&rsquo;amyle ou le nitrite (\u00ab poppers \u00bb).<\/strong> La prise de tadalafil avec un d\u00e9riv\u00e9 nitr\u00e9 peut entra\u00eener de <strong>graves probl\u00e8mes de tension art\u00e9rielle<\/strong>, tels que fatigue, crise cardiaque ou arr\u00eat cardiaque.<\/li>\n<li><strong>Si vous ressentez des \u00e9tourdissements ou des naus\u00e9es, ou si vous ressentez des douleurs, des engourdissements ou des picotements dans la poitrine, les bras, le cou ou la m\u00e2choire pendant l&rsquo;activit\u00e9 sexuelle,<\/strong> arr\u00eatez de prendre le m\u00e9dicament et consultez imm\u00e9diatement votre m\u00e9decin. <strong>Vous pourriez ressentir des effets secondaires graves li\u00e9s au tadalafil.<\/strong><\/li>\n<li><strong>Ne prenez pas de tadalafil plus d&rsquo;une fois par jour. <\/strong> Veillez \u00e0 respecter un intervalle de <strong>24 heures entre les prises.<\/strong><\/li>\n<li><strong>Consultez imm\u00e9diatement un m\u00e9decin si vous ressentez une \u00e9rection douloureuse ou qui dure plus de quatre heures<\/strong>. Il pourrait s&rsquo;agir d&rsquo;un <strong>priapisme<\/strong>, une affection pouvant entra\u00eener <strong>des l\u00e9sions permanentes du p\u00e9nis.<\/strong><\/li>\n<li>Un petit nombre de patients ont subi <strong>une perte de vision soudaine lors de la prise de tadalafil.<\/strong> Cette perte est due \u00e0 une diminution du flux sanguin vers le nerf optique.  <strong>On ne sait pas si le Tadalafil est la cause directe de cette perte.<\/strong> Cet effet s\u2019est produit le plus souvent chez les personnes souffrant de maladies cardiaques, de diab\u00e8te, d\u2019hypertension, d\u2019hypercholest\u00e9rol\u00e9mie, de probl\u00e8mes de vision pr\u00e9existants, de fumeurs ou de personnes de plus de 50 ans.<\/li>\n<li><strong>Arr\u00eatez de prendre du Tadalafil et consultez d\u2019urgence un m\u00e9decin si vous ressentez une perte de vision soudaine.<\/strong><\/li>\n<\/ul>\n<p>&nbsp;<\/p>\n<h4><strong>Qu&rsquo;est-ce que le Tadalafil?<\/strong><\/h4>\n<p>Le tadalafil d\u00e9tend les muscles et augmente le flux sanguin vers des zones sp\u00e9cifiques du corps.<br \/>\n<strong>Le tadalafil est utilis\u00e9 pour traiter la dysfonction \u00e9rectile (impuissance).<\/strong><br \/>\nIl peut \u00e9galement \u00eatre utilis\u00e9 \u00e0 d\u2019autres fins mentionn\u00e9es dans le guide m\u00e9dical.<\/p>\n<p>&nbsp;<\/p>\n<h4><strong>Que dois-je discuter avec mon m\u00e9decin avant de prendre du Tadalafil?<\/strong><\/h4>\n<ul>\n<li><strong>Ne prenez pas de Tadalafil si vous prenez des nitrates pour des douleurs thoraciques ou des probl\u00e8mes cardiaques.<\/strong><\/li>\n<li>Il s&rsquo;agit notamment de la nitroglyc\u00e9rine (Nitrostat, Nitrolingual, Nitro-Dur, Nitro-Bid, autres), du dinitrate d&rsquo;isosorbide (Dilatrate-SR, Isordril, Sorbitrate) et du mononitrate d&rsquo;isosorbide (Imdur, ISMO, Monoket).<\/li>\n<li>Les nitrates peuvent \u00e9galement \u00eatre pr\u00e9sents dans les <strong>drogues r\u00e9cr\u00e9ati<\/strong>ves telles que le nitrate d&rsquo;amyle ou le nitrite (\u00abpoppers\u00bb).<\/li>\n<li>La prise de Tadalafil avec des nitrates peut provoquer une chute s\u00e9v\u00e8re de la pression art\u00e9rielle, de la fatigue, <strong>une crise cardiaque ou un arr\u00eat cardiaque.<\/strong><\/li>\n<\/ul>\n<p>&nbsp;<\/p>\n<h4><strong>Comment dois-je prendre le Tadalafil ?<\/strong><\/h4>\n<ul>\n<li>Prenez le Tadalafil <strong>selon les directives de votre m\u00e9decin. <\/strong><\/li>\n<li><strong>Ne pas de dos plus \u00e9lev\u00e9 ou pendant une dur\u00e9e plus longue que celle recommand\u00e9e.<\/strong><\/li>\n<li><strong>Ne le prenez pas plus d&rsquo;une fois par jour<\/strong><strong>24 heures doivent s&rsquo;\u00e9couler entre les doses.<\/strong><\/li>\n<\/ul>\n<p>&nbsp;<\/p>\n<h4><strong>Que se passe-t-il si j\u2019oublie de prendre une dose?<\/strong><\/h4>\n<p>Le tadalafil est g\u00e9n\u00e9ralement pris en cas de besoin.<br \/>\nIl ne faut donc pas oublier de dose.<\/p>\n<h4><strong>Que se passe-t-il en cas de surdose?<\/strong><\/h4>\n<p><strong>Consultez d\u2019urgence un m\u00e9decin si vous pensez avoir fait une surdose.<br \/>\nLes sympt\u00f4mes peuvent inclure de la fatigue, des probl\u00e8mes de tension art\u00e9rielle, une crise cardiaque ou une perte de conscience.<\/strong><\/p>\n<h4><strong>Que dois-je \u00e9viter pendant que je prends du Tadalafil?<\/strong><\/h4>\n<ul>\n<li><strong>\u00c9vitez la consommation d\u2019alcool, <\/strong> car cela peut augmenter les effets secondaires du Tadalafil.<\/li>\n<li><strong>Ne prenez pas d\u2019autres m\u00e9dicaments contre la dysfonction \u00e9rectile,<\/strong> tels que l\u2019alprostadil ou la yohimbine, sans consulter votre m\u00e9decin.<\/li>\n<\/ul>\n<p>&nbsp;<\/p>\n<h4><strong>Quels sont les effets secondaires possibles du Tadalafil?<\/strong><\/h4>\n<h4><strong>Effets graves:<\/strong><\/h4>\n<ul>\n<li><strong>Perte soudaine de la vision.<\/strong><\/li>\n<li><strong>Douleur thoracique, crise cardiaque ou sympt\u00f4mes similaires (douleur irradiant vers le bras ou l\u2019\u00e9paule, naus\u00e9es, transpiration).<\/strong><\/li>\n<li><strong>Battements de c\u0153ur irr\u00e9guliers.<\/strong><\/li>\n<li><strong>\u00c9rection douloureuse ou quire plus de 4 heures (priapisme).<\/strong><\/li>\n<\/ul>\n<p>&nbsp;<\/p>\n<h4><strong>Effets mineurs:<\/strong><\/h4>\n<ul>\n<li>Mal de t\u00eate.<\/li>\n<li>Maux d\u2019estomac.<\/li>\n<li>Rougeur du visage.<\/li>\n<\/ul>\n<p>Si vous ressentez des effets secondaires g\u00eanants ou inhabituels, consultez votre m\u00e9decin.<\/p>\n<h4><strong>Quels m\u00e9dicaments peuvent interagir avec le Tadalafil?<\/strong><\/h4>\n<p><strong>Ne prenez pas de Tadalafil si vous prenez des nitrates.<\/strong><br \/>\nDiscutez \u00e9galement avec votre m\u00e9decin de tous les m\u00e9dicaments que vous prenez, y compris les suppl\u00e9ments vitaminiques, les produits \u00e0 base de plantes et les autres m\u00e9dicaments sur ordonnance ou en vente libre.<br \/>\nCela comprend notamment:<\/p>\n<ul>\n<li>M\u00e9dicaments contre les maladies cardiaques ou l\u2019hypertension.<\/li>\n<li>Antibiotiques ou m\u00e9dicaments antifongiques.<\/li>\n<li>M\u00e9dicaments contre le VIH.<\/li>\n<li>M\u00e9dicaments contre le VIH.<\/li>\n<\/ul>\n<p><strong>Si vous avez des questions, consultez toujours votre m\u00e9decin pour vous assurer que ce m\u00e9dicament vous convient.<br \/><\/strong><\/p>\n","protected":false},"excerpt":{"rendered":"<p>Le tadanafil est un m\u00e9dicament sur ordonnance utilis\u00e9 pour traiter la dysfonction \u00e9rectile. Il s&rsquo;agit d&rsquo;une affection caract\u00e9ris\u00e9e par l&rsquo;incapacit\u00e9 du p\u00e9nis \u00e0 se durcir et \u00e0 s&rsquo;allonger lors de l&rsquo;excitation, ou par l&rsquo;impossibilit\u00e9 de maintenir une \u00e9rection. Le tadanafil aide les hommes souffrant de dysfonction \u00e9rectile \u00e0 maintenir une \u00e9rection.  <\/p>\n<p><strong>Synonymes<\/strong> : <em>Sialis, ICOS 351, Tadanafil<\/em><\/p>\n<ul>\n<li>D\u00e9but d&rsquo;action rapide.<\/li>\n<li>Effet longue dur\u00e9e.<\/li>\n<li> Traite l&rsquo;hyperplasie b\u00e9nigne de la prostate<\/li>\n<\/ul>\n","protected":false},"featured_media":5052,"comment_status":"open","ping_status":"closed","template":"","meta":[],"product_brand":[508],"product_cat":[351,359],"product_tag":[],"class_list":{"0":"post-6076","1":"product","2":"type-product","3":"status-publish","4":"has-post-thumbnail","6":"product_brand-rx-pharmacy-2","7":"product_cat-sante-des-hommes","8":"product_cat-en-vedette","10":"first","11":"instock","12":"taxable","13":"shipping-taxable","14":"purchasable","15":"product-type-variable"},"yoast_head":"<!-- This site is optimized with the Yoast SEO plugin v25.6 - https:\/\/yoast.com\/wordpress\/plugins\/seo\/ -->\n<title>Tadalafil 20mg - Ge24h<\/title>\n<meta name=\"description\" content=\"Achetez du Tadalafil 20 mg. Obtenez d\u00e8s maintenant les meilleurs m\u00e9dicaments g\u00e9n\u00e9riques au meilleur prix sur notre site web. Achetez des g\u00e9n\u00e9riques.\" \/>\n<meta name=\"robots\" content=\"index, follow, max-snippet:-1, max-image-preview:large, max-video-preview:-1\" \/>\n<link rel=\"canonical\" href=\"https:\/\/ge24h.com\/fr\/producto\/tadalafil-20mg\/\" \/>\n<meta property=\"og:locale\" content=\"fr_FR\" \/>\n<meta property=\"og:type\" content=\"article\" \/>\n<meta property=\"og:title\" content=\"Tadalafil 20mg - Ge24h\" \/>\n<meta property=\"og:description\" content=\"Achetez du Tadalafil 20 mg. Obtenez d\u00e8s maintenant les meilleurs m\u00e9dicaments g\u00e9n\u00e9riques au meilleur prix sur notre site web. Achetez des g\u00e9n\u00e9riques.\" \/>\n<meta property=\"og:url\" content=\"https:\/\/ge24h.com\/fr\/producto\/tadalafil-20mg\/\" \/>\n<meta property=\"og:site_name\" content=\"Ge24h\" \/>\n<meta property=\"article:modified_time\" content=\"2026-01-16T10:22:57+00:00\" \/>\n<meta property=\"og:image\" content=\"https:\/\/ge24h.com\/wp-content\/uploads\/tadalafil-2.png\" \/>\n\t<meta property=\"og:image:width\" content=\"800\" \/>\n\t<meta property=\"og:image:height\" content=\"800\" \/>\n\t<meta property=\"og:image:type\" content=\"image\/png\" \/>\n<meta name=\"twitter:card\" content=\"summary_large_image\" \/>\n<meta name=\"twitter:label1\" content=\"Dur\u00e9e de lecture estim\u00e9e\" \/>\n\t<meta name=\"twitter:data1\" content=\"4 minutes\" \/>\n<script type=\"application\/ld+json\" class=\"yoast-schema-graph\">{\"@context\":\"https:\/\/schema.org\",\"@graph\":[{\"@type\":\"WebPage\",\"@id\":\"https:\/\/ge24h.com\/fr\/producto\/tadalafil-20mg\/\",\"url\":\"https:\/\/ge24h.com\/fr\/producto\/tadalafil-20mg\/\",\"name\":\"Tadalafil 20mg - Ge24h\",\"isPartOf\":{\"@id\":\"https:\/\/ge24h.com\/#website\"},\"primaryImageOfPage\":{\"@id\":\"https:\/\/ge24h.com\/fr\/producto\/tadalafil-20mg\/#primaryimage\"},\"image\":{\"@id\":\"https:\/\/ge24h.com\/fr\/producto\/tadalafil-20mg\/#primaryimage\"},\"thumbnailUrl\":\"https:\/\/ge24h.com\/wp-content\/uploads\/tadalafil-2.png\",\"datePublished\":\"2025-05-16T11:06:39+00:00\",\"dateModified\":\"2026-01-16T10:22:57+00:00\",\"description\":\"Achetez du Tadalafil 20 mg. Obtenez d\u00e8s maintenant les meilleurs m\u00e9dicaments g\u00e9n\u00e9riques au meilleur prix sur notre site web. Achetez des g\u00e9n\u00e9riques.\",\"breadcrumb\":{\"@id\":\"https:\/\/ge24h.com\/fr\/producto\/tadalafil-20mg\/#breadcrumb\"},\"inLanguage\":\"fr-FR\",\"potentialAction\":[{\"@type\":\"ReadAction\",\"target\":[\"https:\/\/ge24h.com\/fr\/producto\/tadalafil-20mg\/\"]}]},{\"@type\":\"ImageObject\",\"inLanguage\":\"fr-FR\",\"@id\":\"https:\/\/ge24h.com\/fr\/producto\/tadalafil-20mg\/#primaryimage\",\"url\":\"https:\/\/ge24h.com\/wp-content\/uploads\/tadalafil-2.png\",\"contentUrl\":\"https:\/\/ge24h.com\/wp-content\/uploads\/tadalafil-2.png\",\"width\":800,\"height\":800,\"caption\":\"Tadalafil 20mg\"},{\"@type\":\"BreadcrumbList\",\"@id\":\"https:\/\/ge24h.com\/fr\/producto\/tadalafil-20mg\/#breadcrumb\",\"itemListElement\":[{\"@type\":\"ListItem\",\"position\":1,\"name\":\"Portada\",\"item\":\"https:\/\/ge24h.com\/fr\/\"},{\"@type\":\"ListItem\",\"position\":2,\"name\":\"boutique\",\"item\":\"https:\/\/ge24h.com\/fr\/boutique\/\"},{\"@type\":\"ListItem\",\"position\":3,\"name\":\"Tadalafil 20mg\"}]},{\"@type\":\"WebSite\",\"@id\":\"https:\/\/ge24h.com\/#website\",\"url\":\"https:\/\/ge24h.com\/\",\"name\":\"Ge24h\",\"description\":\"Medicamentos Gen\u00e9ricos, Finpecia, Kamagra, Sidenafil, Tadalafil\",\"publisher\":{\"@id\":\"https:\/\/ge24h.com\/#organization\"},\"potentialAction\":[{\"@type\":\"SearchAction\",\"target\":{\"@type\":\"EntryPoint\",\"urlTemplate\":\"https:\/\/ge24h.com\/?s={search_term_string}\"},\"query-input\":{\"@type\":\"PropertyValueSpecification\",\"valueRequired\":true,\"valueName\":\"search_term_string\"}}],\"inLanguage\":\"fr-FR\"},{\"@type\":\"Organization\",\"@id\":\"https:\/\/ge24h.com\/#organization\",\"name\":\"Ge24h\",\"url\":\"https:\/\/ge24h.com\/\",\"logo\":{\"@type\":\"ImageObject\",\"inLanguage\":\"fr-FR\",\"@id\":\"https:\/\/ge24h.com\/#\/schema\/logo\/image\/\",\"url\":\"https:\/\/ge24h.com\/wp-content\/uploads\/logo-1.svg\",\"contentUrl\":\"https:\/\/ge24h.com\/wp-content\/uploads\/logo-1.svg\",\"width\":200,\"height\":58,\"caption\":\"Ge24h\"},\"image\":{\"@id\":\"https:\/\/ge24h.com\/#\/schema\/logo\/image\/\"}}]}<\/script>\n<!-- \/ Yoast SEO plugin. -->","yoast_head_json":{"title":"Tadalafil 20mg - Ge24h","description":"Achetez du Tadalafil 20 mg. Obtenez d\u00e8s maintenant les meilleurs m\u00e9dicaments g\u00e9n\u00e9riques au meilleur prix sur notre site web. Achetez des g\u00e9n\u00e9riques.","robots":{"index":"index","follow":"follow","max-snippet":"max-snippet:-1","max-image-preview":"max-image-preview:large","max-video-preview":"max-video-preview:-1"},"canonical":"https:\/\/ge24h.com\/fr\/producto\/tadalafil-20mg\/","og_locale":"fr_FR","og_type":"article","og_title":"Tadalafil 20mg - Ge24h","og_description":"Achetez du Tadalafil 20 mg. Obtenez d\u00e8s maintenant les meilleurs m\u00e9dicaments g\u00e9n\u00e9riques au meilleur prix sur notre site web. Achetez des g\u00e9n\u00e9riques.","og_url":"https:\/\/ge24h.com\/fr\/producto\/tadalafil-20mg\/","og_site_name":"Ge24h","article_modified_time":"2026-01-16T10:22:57+00:00","og_image":[{"width":800,"height":800,"url":"https:\/\/ge24h.com\/wp-content\/uploads\/tadalafil-2.png","type":"image\/png"}],"twitter_card":"summary_large_image","twitter_misc":{"Dur\u00e9e de lecture estim\u00e9e":"4 minutes"},"schema":{"@context":"https:\/\/schema.org","@graph":[{"@type":"WebPage","@id":"https:\/\/ge24h.com\/fr\/producto\/tadalafil-20mg\/","url":"https:\/\/ge24h.com\/fr\/producto\/tadalafil-20mg\/","name":"Tadalafil 20mg - Ge24h","isPartOf":{"@id":"https:\/\/ge24h.com\/#website"},"primaryImageOfPage":{"@id":"https:\/\/ge24h.com\/fr\/producto\/tadalafil-20mg\/#primaryimage"},"image":{"@id":"https:\/\/ge24h.com\/fr\/producto\/tadalafil-20mg\/#primaryimage"},"thumbnailUrl":"https:\/\/ge24h.com\/wp-content\/uploads\/tadalafil-2.png","datePublished":"2025-05-16T11:06:39+00:00","dateModified":"2026-01-16T10:22:57+00:00","description":"Achetez du Tadalafil 20 mg. Obtenez d\u00e8s maintenant les meilleurs m\u00e9dicaments g\u00e9n\u00e9riques au meilleur prix sur notre site web. Achetez des g\u00e9n\u00e9riques.","breadcrumb":{"@id":"https:\/\/ge24h.com\/fr\/producto\/tadalafil-20mg\/#breadcrumb"},"inLanguage":"fr-FR","potentialAction":[{"@type":"ReadAction","target":["https:\/\/ge24h.com\/fr\/producto\/tadalafil-20mg\/"]}]},{"@type":"ImageObject","inLanguage":"fr-FR","@id":"https:\/\/ge24h.com\/fr\/producto\/tadalafil-20mg\/#primaryimage","url":"https:\/\/ge24h.com\/wp-content\/uploads\/tadalafil-2.png","contentUrl":"https:\/\/ge24h.com\/wp-content\/uploads\/tadalafil-2.png","width":800,"height":800,"caption":"Tadalafil 20mg"},{"@type":"BreadcrumbList","@id":"https:\/\/ge24h.com\/fr\/producto\/tadalafil-20mg\/#breadcrumb","itemListElement":[{"@type":"ListItem","position":1,"name":"Portada","item":"https:\/\/ge24h.com\/fr\/"},{"@type":"ListItem","position":2,"name":"boutique","item":"https:\/\/ge24h.com\/fr\/boutique\/"},{"@type":"ListItem","position":3,"name":"Tadalafil 20mg"}]},{"@type":"WebSite","@id":"https:\/\/ge24h.com\/#website","url":"https:\/\/ge24h.com\/","name":"Ge24h","description":"Medicamentos Gen\u00e9ricos, Finpecia, Kamagra, Sidenafil, Tadalafil","publisher":{"@id":"https:\/\/ge24h.com\/#organization"},"potentialAction":[{"@type":"SearchAction","target":{"@type":"EntryPoint","urlTemplate":"https:\/\/ge24h.com\/?s={search_term_string}"},"query-input":{"@type":"PropertyValueSpecification","valueRequired":true,"valueName":"search_term_string"}}],"inLanguage":"fr-FR"},{"@type":"Organization","@id":"https:\/\/ge24h.com\/#organization","name":"Ge24h","url":"https:\/\/ge24h.com\/","logo":{"@type":"ImageObject","inLanguage":"fr-FR","@id":"https:\/\/ge24h.com\/#\/schema\/logo\/image\/","url":"https:\/\/ge24h.com\/wp-content\/uploads\/logo-1.svg","contentUrl":"https:\/\/ge24h.com\/wp-content\/uploads\/logo-1.svg","width":200,"height":58,"caption":"Ge24h"},"image":{"@id":"https:\/\/ge24h.com\/#\/schema\/logo\/image\/"}}]}},"_links":{"self":[{"href":"https:\/\/ge24h.com\/fr\/wp-json\/wp\/v2\/product\/6076","targetHints":{"allow":["GET"]}}],"collection":[{"href":"https:\/\/ge24h.com\/fr\/wp-json\/wp\/v2\/product"}],"about":[{"href":"https:\/\/ge24h.com\/fr\/wp-json\/wp\/v2\/types\/product"}],"replies":[{"embeddable":true,"href":"https:\/\/ge24h.com\/fr\/wp-json\/wp\/v2\/comments?post=6076"}],"wp:featuredmedia":[{"embeddable":true,"href":"https:\/\/ge24h.com\/fr\/wp-json\/wp\/v2\/media\/5052"}],"wp:attachment":[{"href":"https:\/\/ge24h.com\/fr\/wp-json\/wp\/v2\/media?parent=6076"}],"wp:term":[{"taxonomy":"product_brand","embeddable":true,"href":"https:\/\/ge24h.com\/fr\/wp-json\/wp\/v2\/product_brand?post=6076"},{"taxonomy":"product_cat","embeddable":true,"href":"https:\/\/ge24h.com\/fr\/wp-json\/wp\/v2\/product_cat?post=6076"},{"taxonomy":"product_tag","embeddable":true,"href":"https:\/\/ge24h.com\/fr\/wp-json\/wp\/v2\/product_tag?post=6076"}],"curies":[{"name":"wp","href":"https:\/\/api.w.org\/{rel}","templated":true}]}}