{"id":6071,"date":"2025-05-13T12:59:58","date_gmt":"2025-05-13T10:59:58","guid":{"rendered":"https:\/\/ge24h.com\/producto\/atarax-25mg\/"},"modified":"2025-07-17T12:49:14","modified_gmt":"2025-07-17T10:49:14","slug":"atarax-25mg","status":"publish","type":"product","link":"https:\/\/ge24h.com\/fr\/producto\/atarax-25mg\/","title":{"rendered":"Atarax 25mg"},"content":{"rendered":"<h3>Nom commercial: Atarax<\/h3>\n<h3><strong>Nom g\u00e9n\u00e9rique:<\/strong> Hydroxyzine<\/h3>\n<p>&nbsp;<\/p>\n<h4>Qu&rsquo;est-ce qu&rsquo;Atarax?<\/h4>\n<p>L&rsquo;Atarax est un m\u00e9dicament qui agit sur le syst\u00e8me nerveux central et contribue \u00e0 r\u00e9duire l&rsquo;anxi\u00e9t\u00e9, \u00e0 soulager les tensions dans les situations stressantes (comme avant une intervention chirurgicale) et \u00e0 traiter les affections allergiques, notamment cutan\u00e9es, comme l&rsquo;urticaire, les d\u00e9mangeaisons et les \u00e9ruptions cutan\u00e9es. Il peut \u00e9galement amplifier les effets d&rsquo;autres m\u00e9dicaments, comme les s\u00e9datifs ou les analg\u00e9siques. <\/p>\n<h4>Que dois-je savoir avant de prendre Atarax?<br \/><\/h4>\n<ul>\n<li><strong>Effets secondaires fr\u00e9quents: <\/strong> Atarax peut provoquer des \u00e9tourdissements ou une somnolence. Si vous ressentez ces sympt\u00f4mes, \u00e9vitez toute activit\u00e9 comme la conduite ou l\u2019utilisation de machines. <\/li>\n<li><strong>Consommation d&rsquo;alcool: <\/strong> L&rsquo;alcool peut augmenter les \u00e9tourdissements ou la somnolence lors de la prise d&rsquo;Atarax. La prudence est de mise. <\/li>\n<li><strong>Probl\u00e8mes m\u00e9dicaux: <\/strong> Informez votre m\u00e9decin si vous avez des probl\u00e8mes cardiaques, h\u00e9patiques ou r\u00e9naux, car votre dosage devra peut-\u00eatre \u00eatre ajust\u00e9.<\/li>\n<li><strong>Grossesse et allaitement: <\/strong> Il n\u2019a pas \u00e9t\u00e9 d\u00e9montr\u00e9 qu\u2019Atarax provoque des anomalies cong\u00e9nitales ou passe dans le lait maternel, mais vous devez toujours consulter votre m\u00e9decin si vous \u00eates enceinte ou si vous allaitez.<\/li>\n<\/ul>\n<p>&nbsp;<\/p>\n<h4>Qui ne devrait pas prendre Atarax?<br \/><\/h4>\n<ul>\n<li>Si vous souffrez de probl\u00e8mes m\u00e9dicaux importants, tels qu\u2019une maladie cardiaque, h\u00e9patique ou r\u00e9nale, il est important de consulter votre m\u00e9decin.<\/li>\n<li>Si vous \u00eates enceinte ou si vous allaitez, consultez votre m\u00e9decin avant de le prendre.<\/li>\n<li>Chez les personnes de plus de 60 ans, une dose plus faible peut \u00eatre n\u00e9cessaire en raison d\u2019une sensibilit\u00e9 accrue aux effets secondaires.<\/li>\n<\/ul>\n<p>&nbsp;<\/p>\n<h4>Comment prendre Atarax?<br \/><\/h4>\n<ul>\n<li><strong>Instructions: <\/strong> Prenez Atarax en suivant scrupuleusement les instructions de votre m\u00e9decin. Pour toute question concernant son utilisation, contactez votre m\u00e9decin ou votre pharmacien. <\/li>\n<li><strong>Posologie: <\/strong> Si vous oubliez une dose, prenez-la d\u00e8s que vous vous en rendez compte. S&rsquo;il est d\u00e9j\u00e0 l&rsquo;heure de la dose suivante, sautez la dose oubli\u00e9e et prenez la suivante \u00e0 l&rsquo;heure habituelle. Ne prenez pas de double dose. <\/li>\n<li><strong>Conservation:<\/strong> Conservez Atarax \u00e0 temp\u00e9rature ambiante, \u00e0 l\u2019abri de l\u2019humidit\u00e9 et de la chaleur excessive.<\/li>\n<\/ul>\n<h4>Que se passe-t-il si j\u2019oublie de prendre une dose?<\/h4>\n<p>Si vous oubliez de prendre une dose, prenez-la d\u00e8s que vous vous en rendez compte. Si la dose suivante est proche, sautez la dose oubli\u00e9e et prenez la suivante comme d&rsquo;habitude. Ne doublez pas la dose. <\/p>\n<h4>Que se passe-t-il en cas de surdose?<\/h4>\n<p>En cas de surdosage, consultez imm\u00e9diatement un m\u00e9decin. Les sympt\u00f4mes d&rsquo;un surdosage incluent une somnolence extr\u00eame, des naus\u00e9es, des vomissements, des convulsions, des hallucinations et des difficult\u00e9s respiratoires. <\/p>\n<h4>Que dois-je \u00e9viter pendant que je prends Atarax?<br \/><\/h4>\n<ul>\n<li>\u00c9vitez les activit\u00e9s qui pourraient \u00eatre dangereuses si vous ressentez de la somnolence ou des \u00e9tourdissements, comme la conduite.<\/li>\n<li>\u00c9vitez \u00e9galement la consommation d\u2019alcool, car elle peut augmenter les effets secondaires du m\u00e9dicament.<\/li>\n<\/ul>\n<p>&nbsp;<\/p>\n<h4>Effets secondaires possibles<\/h4>\n<ul>\n<li><strong>R\u00e9action allergique:<\/strong> Si vous ressentez un essoufflement, un gonflement des l\u00e8vres, de la langue ou du visage, ou de l\u2019urticaire, consultez imm\u00e9diatement un m\u00e9decin.<\/li>\n<li><strong>Autres effets moins graves: <\/strong> \u00e9tourdissements, somnolence, vision trouble, s\u00e9cheresse buccale, naus\u00e9es ou vomissements. Si ces sympt\u00f4mes persistent, consultez votre m\u00e9decin. <\/li>\n<\/ul>\n<p>&nbsp;<\/p>\n<h4>Quels m\u00e9dicaments peuvent \u00eatre affect\u00e9s par Atarax?<\/h4>\n<p>Atarax peut interagir avec d&rsquo;autres m\u00e9dicaments, notamment ceux qui provoquent \u00e9galement une s\u00e9dation, comme les antihistaminiques, les narcotiques, les s\u00e9datifs, les ph\u00e9nothiazines et certains antid\u00e9presseurs. Si vous prenez l&rsquo;un de ces m\u00e9dicaments ou tout autre m\u00e9dicament, sur ordonnance ou en vente libre, informez votre m\u00e9decin. <\/p>\n","protected":false},"excerpt":{"rendered":"<p>L&rsquo;Atarax (hydroxyzine) est un antihistaminique utilis\u00e9 pour traiter l&rsquo;anxi\u00e9t\u00e9, soulager les d\u00e9mangeaisons allergiques et le mal des transports. Il peut \u00e9galement \u00eatre utilis\u00e9 pour traiter d&rsquo;autres affections, selon l&rsquo;avis de votre m\u00e9decin. <\/p>\n<p>Synonyme: Hydrux, Oltrax, Alamon, Atara, Ataraxoid, Atarox, Atazina, Aterax, Deinait, Durrax<\/p>\n<ul>\n<li>Soulagement de l&rsquo;anxi\u00e9t\u00e9 et de la tension nerveuse.<\/li>\n<li>Traitement efficace des allergies cutan\u00e9es.<\/li>\n<li>Effet s\u00e9datif pour favoriser le sommeil.<\/li>\n<\/ul>\n","protected":false},"featured_media":4891,"comment_status":"open","ping_status":"closed","template":"","meta":[],"product_brand":[346],"product_cat":[351],"product_tag":[],"class_list":{"0":"post-6071","1":"product","2":"type-product","3":"status-publish","4":"has-post-thumbnail","6":"product_brand-ucb","7":"product_cat-sante-des-hommes","9":"first","10":"instock","11":"taxable","12":"shipping-taxable","13":"purchasable","14":"product-type-variable"},"yoast_head":"<!-- This site is optimized with the Yoast SEO plugin v25.6 - https:\/\/yoast.com\/wordpress\/plugins\/seo\/ -->\n<title>Atarax 25mg - Ge24h<\/title>\n<meta name=\"description\" content=\"Achetez Atarax 25 mg. Obtenez d\u00e8s maintenant les meilleurs m\u00e9dicaments g\u00e9n\u00e9riques au meilleur prix sur notre site web. Achetez des g\u00e9n\u00e9riques.\" \/>\n<meta name=\"robots\" content=\"index, follow, max-snippet:-1, max-image-preview:large, max-video-preview:-1\" \/>\n<link rel=\"canonical\" href=\"https:\/\/ge24h.com\/fr\/producto\/atarax-25mg\/\" \/>\n<meta property=\"og:locale\" content=\"fr_FR\" \/>\n<meta property=\"og:type\" content=\"article\" \/>\n<meta property=\"og:title\" content=\"Atarax 25mg - Ge24h\" \/>\n<meta property=\"og:description\" content=\"Achetez Atarax 25 mg. Obtenez d\u00e8s maintenant les meilleurs m\u00e9dicaments g\u00e9n\u00e9riques au meilleur prix sur notre site web. Achetez des g\u00e9n\u00e9riques.\" \/>\n<meta property=\"og:url\" content=\"https:\/\/ge24h.com\/fr\/producto\/atarax-25mg\/\" \/>\n<meta property=\"og:site_name\" content=\"Ge24h\" \/>\n<meta property=\"article:modified_time\" content=\"2025-07-17T10:49:14+00:00\" \/>\n<meta property=\"og:image\" content=\"https:\/\/ge24h.com\/wp-content\/uploads\/atarax-25mg-1.png\" \/>\n\t<meta property=\"og:image:width\" content=\"800\" \/>\n\t<meta property=\"og:image:height\" content=\"800\" \/>\n\t<meta property=\"og:image:type\" content=\"image\/png\" \/>\n<meta name=\"twitter:card\" content=\"summary_large_image\" \/>\n<meta name=\"twitter:label1\" content=\"Dur\u00e9e de lecture estim\u00e9e\" \/>\n\t<meta name=\"twitter:data1\" content=\"3 minutes\" \/>\n<script type=\"application\/ld+json\" class=\"yoast-schema-graph\">{\"@context\":\"https:\/\/schema.org\",\"@graph\":[{\"@type\":\"WebPage\",\"@id\":\"https:\/\/ge24h.com\/fr\/producto\/atarax-25mg\/\",\"url\":\"https:\/\/ge24h.com\/fr\/producto\/atarax-25mg\/\",\"name\":\"Atarax 25mg - Ge24h\",\"isPartOf\":{\"@id\":\"https:\/\/ge24h.com\/#website\"},\"primaryImageOfPage\":{\"@id\":\"https:\/\/ge24h.com\/fr\/producto\/atarax-25mg\/#primaryimage\"},\"image\":{\"@id\":\"https:\/\/ge24h.com\/fr\/producto\/atarax-25mg\/#primaryimage\"},\"thumbnailUrl\":\"https:\/\/ge24h.com\/wp-content\/uploads\/atarax-25mg-1.png\",\"datePublished\":\"2025-05-13T10:59:58+00:00\",\"dateModified\":\"2025-07-17T10:49:14+00:00\",\"description\":\"Achetez Atarax 25 mg. Obtenez d\u00e8s maintenant les meilleurs m\u00e9dicaments g\u00e9n\u00e9riques au meilleur prix sur notre site web. Achetez des g\u00e9n\u00e9riques.\",\"breadcrumb\":{\"@id\":\"https:\/\/ge24h.com\/fr\/producto\/atarax-25mg\/#breadcrumb\"},\"inLanguage\":\"fr-FR\",\"potentialAction\":[{\"@type\":\"ReadAction\",\"target\":[\"https:\/\/ge24h.com\/fr\/producto\/atarax-25mg\/\"]}]},{\"@type\":\"ImageObject\",\"inLanguage\":\"fr-FR\",\"@id\":\"https:\/\/ge24h.com\/fr\/producto\/atarax-25mg\/#primaryimage\",\"url\":\"https:\/\/ge24h.com\/wp-content\/uploads\/atarax-25mg-1.png\",\"contentUrl\":\"https:\/\/ge24h.com\/wp-content\/uploads\/atarax-25mg-1.png\",\"width\":800,\"height\":800,\"caption\":\"Atarax 25mg\"},{\"@type\":\"BreadcrumbList\",\"@id\":\"https:\/\/ge24h.com\/fr\/producto\/atarax-25mg\/#breadcrumb\",\"itemListElement\":[{\"@type\":\"ListItem\",\"position\":1,\"name\":\"Portada\",\"item\":\"https:\/\/ge24h.com\/fr\/\"},{\"@type\":\"ListItem\",\"position\":2,\"name\":\"boutique\",\"item\":\"https:\/\/ge24h.com\/fr\/boutique\/\"},{\"@type\":\"ListItem\",\"position\":3,\"name\":\"Atarax 25mg\"}]},{\"@type\":\"WebSite\",\"@id\":\"https:\/\/ge24h.com\/#website\",\"url\":\"https:\/\/ge24h.com\/\",\"name\":\"Ge24h\",\"description\":\"Medicamentos Gen\u00e9ricos, Finpecia, Kamagra, Sidenafil, Tadalafil\",\"publisher\":{\"@id\":\"https:\/\/ge24h.com\/#organization\"},\"potentialAction\":[{\"@type\":\"SearchAction\",\"target\":{\"@type\":\"EntryPoint\",\"urlTemplate\":\"https:\/\/ge24h.com\/?s={search_term_string}\"},\"query-input\":{\"@type\":\"PropertyValueSpecification\",\"valueRequired\":true,\"valueName\":\"search_term_string\"}}],\"inLanguage\":\"fr-FR\"},{\"@type\":\"Organization\",\"@id\":\"https:\/\/ge24h.com\/#organization\",\"name\":\"Ge24h\",\"url\":\"https:\/\/ge24h.com\/\",\"logo\":{\"@type\":\"ImageObject\",\"inLanguage\":\"fr-FR\",\"@id\":\"https:\/\/ge24h.com\/#\/schema\/logo\/image\/\",\"url\":\"https:\/\/ge24h.com\/wp-content\/uploads\/logo-1.svg\",\"contentUrl\":\"https:\/\/ge24h.com\/wp-content\/uploads\/logo-1.svg\",\"width\":200,\"height\":58,\"caption\":\"Ge24h\"},\"image\":{\"@id\":\"https:\/\/ge24h.com\/#\/schema\/logo\/image\/\"}}]}<\/script>\n<!-- \/ Yoast SEO plugin. -->","yoast_head_json":{"title":"Atarax 25mg - Ge24h","description":"Achetez Atarax 25 mg. Obtenez d\u00e8s maintenant les meilleurs m\u00e9dicaments g\u00e9n\u00e9riques au meilleur prix sur notre site web. Achetez des g\u00e9n\u00e9riques.","robots":{"index":"index","follow":"follow","max-snippet":"max-snippet:-1","max-image-preview":"max-image-preview:large","max-video-preview":"max-video-preview:-1"},"canonical":"https:\/\/ge24h.com\/fr\/producto\/atarax-25mg\/","og_locale":"fr_FR","og_type":"article","og_title":"Atarax 25mg - Ge24h","og_description":"Achetez Atarax 25 mg. Obtenez d\u00e8s maintenant les meilleurs m\u00e9dicaments g\u00e9n\u00e9riques au meilleur prix sur notre site web. Achetez des g\u00e9n\u00e9riques.","og_url":"https:\/\/ge24h.com\/fr\/producto\/atarax-25mg\/","og_site_name":"Ge24h","article_modified_time":"2025-07-17T10:49:14+00:00","og_image":[{"width":800,"height":800,"url":"https:\/\/ge24h.com\/wp-content\/uploads\/atarax-25mg-1.png","type":"image\/png"}],"twitter_card":"summary_large_image","twitter_misc":{"Dur\u00e9e de lecture estim\u00e9e":"3 minutes"},"schema":{"@context":"https:\/\/schema.org","@graph":[{"@type":"WebPage","@id":"https:\/\/ge24h.com\/fr\/producto\/atarax-25mg\/","url":"https:\/\/ge24h.com\/fr\/producto\/atarax-25mg\/","name":"Atarax 25mg - Ge24h","isPartOf":{"@id":"https:\/\/ge24h.com\/#website"},"primaryImageOfPage":{"@id":"https:\/\/ge24h.com\/fr\/producto\/atarax-25mg\/#primaryimage"},"image":{"@id":"https:\/\/ge24h.com\/fr\/producto\/atarax-25mg\/#primaryimage"},"thumbnailUrl":"https:\/\/ge24h.com\/wp-content\/uploads\/atarax-25mg-1.png","datePublished":"2025-05-13T10:59:58+00:00","dateModified":"2025-07-17T10:49:14+00:00","description":"Achetez Atarax 25 mg. Obtenez d\u00e8s maintenant les meilleurs m\u00e9dicaments g\u00e9n\u00e9riques au meilleur prix sur notre site web. Achetez des g\u00e9n\u00e9riques.","breadcrumb":{"@id":"https:\/\/ge24h.com\/fr\/producto\/atarax-25mg\/#breadcrumb"},"inLanguage":"fr-FR","potentialAction":[{"@type":"ReadAction","target":["https:\/\/ge24h.com\/fr\/producto\/atarax-25mg\/"]}]},{"@type":"ImageObject","inLanguage":"fr-FR","@id":"https:\/\/ge24h.com\/fr\/producto\/atarax-25mg\/#primaryimage","url":"https:\/\/ge24h.com\/wp-content\/uploads\/atarax-25mg-1.png","contentUrl":"https:\/\/ge24h.com\/wp-content\/uploads\/atarax-25mg-1.png","width":800,"height":800,"caption":"Atarax 25mg"},{"@type":"BreadcrumbList","@id":"https:\/\/ge24h.com\/fr\/producto\/atarax-25mg\/#breadcrumb","itemListElement":[{"@type":"ListItem","position":1,"name":"Portada","item":"https:\/\/ge24h.com\/fr\/"},{"@type":"ListItem","position":2,"name":"boutique","item":"https:\/\/ge24h.com\/fr\/boutique\/"},{"@type":"ListItem","position":3,"name":"Atarax 25mg"}]},{"@type":"WebSite","@id":"https:\/\/ge24h.com\/#website","url":"https:\/\/ge24h.com\/","name":"Ge24h","description":"Medicamentos Gen\u00e9ricos, Finpecia, Kamagra, Sidenafil, Tadalafil","publisher":{"@id":"https:\/\/ge24h.com\/#organization"},"potentialAction":[{"@type":"SearchAction","target":{"@type":"EntryPoint","urlTemplate":"https:\/\/ge24h.com\/?s={search_term_string}"},"query-input":{"@type":"PropertyValueSpecification","valueRequired":true,"valueName":"search_term_string"}}],"inLanguage":"fr-FR"},{"@type":"Organization","@id":"https:\/\/ge24h.com\/#organization","name":"Ge24h","url":"https:\/\/ge24h.com\/","logo":{"@type":"ImageObject","inLanguage":"fr-FR","@id":"https:\/\/ge24h.com\/#\/schema\/logo\/image\/","url":"https:\/\/ge24h.com\/wp-content\/uploads\/logo-1.svg","contentUrl":"https:\/\/ge24h.com\/wp-content\/uploads\/logo-1.svg","width":200,"height":58,"caption":"Ge24h"},"image":{"@id":"https:\/\/ge24h.com\/#\/schema\/logo\/image\/"}}]}},"_links":{"self":[{"href":"https:\/\/ge24h.com\/fr\/wp-json\/wp\/v2\/product\/6071","targetHints":{"allow":["GET"]}}],"collection":[{"href":"https:\/\/ge24h.com\/fr\/wp-json\/wp\/v2\/product"}],"about":[{"href":"https:\/\/ge24h.com\/fr\/wp-json\/wp\/v2\/types\/product"}],"replies":[{"embeddable":true,"href":"https:\/\/ge24h.com\/fr\/wp-json\/wp\/v2\/comments?post=6071"}],"wp:featuredmedia":[{"embeddable":true,"href":"https:\/\/ge24h.com\/fr\/wp-json\/wp\/v2\/media\/4891"}],"wp:attachment":[{"href":"https:\/\/ge24h.com\/fr\/wp-json\/wp\/v2\/media?parent=6071"}],"wp:term":[{"taxonomy":"product_brand","embeddable":true,"href":"https:\/\/ge24h.com\/fr\/wp-json\/wp\/v2\/product_brand?post=6071"},{"taxonomy":"product_cat","embeddable":true,"href":"https:\/\/ge24h.com\/fr\/wp-json\/wp\/v2\/product_cat?post=6071"},{"taxonomy":"product_tag","embeddable":true,"href":"https:\/\/ge24h.com\/fr\/wp-json\/wp\/v2\/product_tag?post=6071"}],"curies":[{"name":"wp","href":"https:\/\/api.w.org\/{rel}","templated":true}]}}