{"id":6064,"date":"2025-05-13T10:02:18","date_gmt":"2025-05-13T08:02:18","guid":{"rendered":"https:\/\/ge24h.com\/producto\/caverta-100mg\/"},"modified":"2025-07-17T12:35:15","modified_gmt":"2025-07-17T10:35:15","slug":"caverta-100mg","status":"publish","type":"product","link":"https:\/\/ge24h.com\/fr\/producto\/caverta-100mg\/","title":{"rendered":"Caverta 100mg"},"content":{"rendered":"<h3><strong>Nom du m\u00e9dicament:<\/strong> Caverta<\/h3>\n<h3><strong>Nom g\u00e9n\u00e9rique:<\/strong> Sildenafil Caverta<\/h3>\n<p>&nbsp;<\/p>\n<h4><strong>Quelle est la chose la plus importante que je devrais savoir sur Caverta?<\/strong><\/h4>\n<ul>\n<li>Ne prenez pas Caverta si vous prenez des d\u00e9riv\u00e9s nitr\u00e9s pour des douleurs thoraciques ou des probl\u00e8mes cardiaques. Ces m\u00e9dicaments comprennent la nitroglyc\u00e9rine (Nitrostat, Nitrolingual, Nitro-Dur, Nitro-Bid, etc.), le dinitrate d&rsquo;isosorbide (Dilatrate-SR, Isordril, Sorbitrate) et le mononitrate d&rsquo;isosorbide (Imdur, ISMO, Monoket). La prise concomitante de Caverta et d&rsquo;un d\u00e9riv\u00e9 nitr\u00e9 peut entra\u00eener de graves probl\u00e8mes de tension art\u00e9rielle.  <\/li>\n<li>Si vous ressentez des \u00e9tourdissements ou des naus\u00e9es, ou des douleurs, des engourdissements ou des picotements dans la poitrine, les bras, le cou ou la m\u00e2choire pendant l\u2019activit\u00e9 sexuelle, arr\u00eatez de prendre le m\u00e9dicament et consultez imm\u00e9diatement votre m\u00e9decin.<\/li>\n<li>Ne prenez pas Caverta plus d&rsquo;une fois par jour. Veillez \u00e0 respecter un intervalle de 24 heures entre les prises. <\/li>\n<li>Si vous avez une \u00e9rection douloureuse ou qui dure plus de 4 heures, consultez imm\u00e9diatement un m\u00e9decin. Il pourrait s&rsquo;agir d&rsquo;un priapisme, ce qui peut entra\u00eener des l\u00e9sions permanentes du p\u00e9nis. <\/li>\n<li>Perte de vision soudaine : Un petit nombre de patients ont pr\u00e9sent\u00e9 une perte de vision soudaine lors de la prise de Caverta. Si cela se produit, arr\u00eatez le traitement et consultez imm\u00e9diatement un m\u00e9decin. <\/li>\n<\/ul>\n<p>&nbsp;<\/p>\n<h4><strong>Qu&rsquo;est-ce que Caverta?<\/strong><\/h4>\n<p>Caverta est un m\u00e9dicament qui d\u00e9tend les muscles et augmente le flux sanguin vers certaines zones du corps. Il est indiqu\u00e9 dans le traitement de la dysfonction \u00e9rectile (impuissance) chez l&rsquo;homme. <\/p>\n<p>Un autre nom sous lequel il est commercialis\u00e9 est Revatio, qui est utilis\u00e9 pour traiter l\u2019hypertension art\u00e9rielle pulmonaire et am\u00e9liorer la capacit\u00e9 d\u2019exercice chez les hommes et les femmes.<\/p>\n<p>Caverta peut \u00e9galement \u00eatre utilis\u00e9 \u00e0 d\u2019autres fins selon les directives de votre m\u00e9decin.<\/p>\n<h4><strong>Que dois-je discuter avec mon m\u00e9decin avant de prendre Caverta?<\/strong><\/h4>\n<ul>\n<li>Ne prenez pas Caverta si vous prenez des nitrates.<\/li>\n<li>Informez votre m\u00e9decin si vous avez des ant\u00e9c\u00e9dents de maladie cardiaque, d\u2019insuffisance cardiaque, d\u2019hypertension ou d\u2019hypotension art\u00e9rielle ou de probl\u00e8mes oculaires.<\/li>\n<li>Maladie du foie ou des reins, troubles sanguins tels que la dr\u00e9panocytose, le my\u00e9lome multiple ou la leuc\u00e9mie, et si vous avez re\u00e7u un diagnostic de dysfonctionnement p\u00e9nien ou d\u2019ulc\u00e8res d\u2019estomac.<\/li>\n<li>Si vous avez des ant\u00e9c\u00e9dents de priapisme ou si on vous a conseill\u00e9 de ne pas avoir de relations sexuelles pour des raisons m\u00e9dicales.<\/li>\n<li>Caverta ne devrait pas affecter les enfants \u00e0 na\u00eetre, mais consultez votre m\u00e9decin si vous \u00eates enceinte ou pr\u00e9voyez de devenir enceinte.<\/li>\n<li>On ne sait pas si Caverta passe dans le lait maternel, vous devez donc consulter votre m\u00e9decin avant de le prendre si vous allaitez.<\/li>\n<\/ul>\n<p>&nbsp;<\/p>\n<h4><strong>Comment dois-je prendre Caverta?<\/strong><\/h4>\n<ul>\n<li>Prenez Caverta selon les directives de votre m\u00e9decin. Ne pas de dos plus \u00e9lev\u00e9s ou pendant une dur\u00e9e plus longue que celle recommand\u00e9e.<\/li>\n<li>Revatio est g\u00e9n\u00e9ralement pris 3 fois par jour, avec un intervalle de 4 \u00e0 6 heures entre chaque dose.<\/li>\n<li>Le Caverta (Viagra) se prend g\u00e9n\u00e9ralement 30 minutes \u00e0 1 heure avant l&rsquo;activit\u00e9 sexuelle. Il peut \u00eatre pris jusqu&rsquo;\u00e0 4 heures avant.  Ne le prenez pas plus d&rsquo;une fois par jour.<\/li>\n<li>N&rsquo;oubliez pas : Caverta n&rsquo;am\u00e9liore l&rsquo;\u00e9rection que lors d&rsquo;une stimulation sexuelle. Une \u00e9rection ne se produit pas automatiquement par la simple prise du m\u00e9dicament. <\/li>\n<\/ul>\n<p>&nbsp;<\/p>\n<h4><strong>Que se passe-t-il si j\u2019oublie de prendre une dose?<\/strong><\/h4>\n<p>Caverta se prend au besoin, vous n&rsquo;oubliez donc jamais une dose. Si vous prenez Revatio et que vous oubliez une dose, prenez-la d\u00e8s que vous vous en rendez compte.  Si la dose suivante est proche, sautez la dose oubli\u00e9e et continuez votre programme habituel. Ne prenez pas de double dose.<\/p>\n<h4><strong>Que se passe-t-il en cas de surdose?<\/strong><\/h4>\n<p>Si vous pensez avoir fait une surdose, consultez imm\u00e9diatement un m\u00e9decin. Les sympt\u00f4mes d&rsquo;une surdose incluent des douleurs thoraciques, des naus\u00e9es, un rythme cardiaque irr\u00e9gulier, des \u00e9tourdissements ou des malaises. <\/p>\n<h4><strong>Que dois-je \u00e9viter pendant que je prends Caverta?<\/strong><\/h4>\n<ul>\n<li>\u00c9vitez la consommation d\u2019alcool, car cela peut augmenter les effets secondaires de Caverta.<\/li>\n<li>Ne prenez pas d&rsquo;autres m\u00e9dicaments contre l&rsquo;impuissance, tels que l&rsquo;alprostadil (Caverject, Muse, Edex) ou la yohimbine (Yocon, Yodoxin), sans consulter votre m\u00e9decin.<\/li>\n<\/ul>\n<p>&nbsp;<\/p>\n<h4><strong>Quels sont les effets secondaires possibles de Caverta?<\/strong><\/h4>\n<h4><strong>Effets graves:<\/strong><\/h4>\n<ul>\n<li>Perte soudaine de la vision.<\/li>\n<li>Douleur thoracique ou douleur intense irradiant vers le bras ou l\u2019\u00e9paule, naus\u00e9es, transpiration, malaise g\u00e9n\u00e9ral.<\/li>\n<li>Battements de c\u0153ur irr\u00e9guliers.<\/li>\n<li>Essoufflement.<\/li>\n<li>\u00c9rection douloureuse ou qui dure plus de 4 heures (priapisme).<\/li>\n<\/ul>\n<p>&nbsp;<\/p>\n<h4><strong>Effets mineurs:<\/strong><\/h4>\n<ul>\n<li>Rougeur du visage, du cou ou de la poitrine.<\/li>\n<li>Congestion nasale.<\/li>\n<li>Mal de t\u00eate.<\/li>\n<li>Maux d\u2019estomac ou maux de dos.<\/li>\n<\/ul>\n<p>Si vous ressentez des effets secondaires inhabituels ou g\u00eanants, consultez votre m\u00e9decin.<\/p>\n<h4><strong>Quels m\u00e9dicaments peuvent interagir avec Caverta?<\/strong><\/h4>\n<p>Ne prenez pas Caverta si vous prenez des nitrates. Informez \u00e9galement votre m\u00e9decin si vous prenez:<\/p>\n<ul>\n<li>Bosentan (Tracleer)<\/li>\n<li>Cim\u00e9tidine (Tagamet)<\/li>\n<li>Des antibiotiques tels que l&rsquo;\u00e9rythromycine ou la clarithromycine<\/li>\n<li>M\u00e9dicaments contre le VIH<\/li>\n<li>M\u00e9dicaments antifongiques tels que l&rsquo;itraconazole ou le k\u00e9toconazole<\/li>\n<li>Carbamaz\u00e9pine, ph\u00e9nobarbital ou ph\u00e9nyto\u00efne<\/li>\n<li>Rifampicine ou rifabutine<\/li>\n<\/ul>\n<p>Parlez \u00e0 votre m\u00e9decin de tous les m\u00e9dicaments que vous prenez, y compris les suppl\u00e9ments vitaminiques, les produits \u00e0 base de plantes et les autres m\u00e9dicaments sur ordonnance ou en vente libre.<\/p>\n<p>Si vous avez ces questions, consultez votre m\u00e9decin pour vous assurer que vous \u00eates m\u00e9dicalement apte.<\/p>\n<p>&nbsp;<\/p>\n","protected":false},"excerpt":{"rendered":"<p>Caverta (Sildenafil Caverta) est une marque g\u00e9n\u00e9rique de citrate de sild\u00e9nafil fabriqu\u00e9e par Ranbaxy Laboratories., Ltdd.<\/p>\n<ul>\n<li>Am\u00e9liore efficacement l&rsquo;\u00e9rection<\/li>\n<li>Commence \u00e0 agir en seulement 30 \u00e0 60 minutes<\/li>\n<li>Favorise une vie sexuelle pleine et s\u00fbre<\/li>\n<\/ul>\n","protected":false},"featured_media":4909,"comment_status":"open","ping_status":"closed","template":"","meta":[],"product_brand":[508],"product_cat":[351],"product_tag":[],"class_list":{"0":"post-6064","1":"product","2":"type-product","3":"status-publish","4":"has-post-thumbnail","6":"product_brand-rx-pharmacy-2","7":"product_cat-sante-des-hommes","9":"first","10":"instock","11":"taxable","12":"shipping-taxable","13":"purchasable","14":"product-type-variable"},"yoast_head":"<!-- This site is optimized with the Yoast SEO plugin v25.6 - https:\/\/yoast.com\/wordpress\/plugins\/seo\/ -->\n<title>Caverta 100mg - Ge24h<\/title>\n<meta name=\"description\" content=\"Achetez Atarax 25 mg. Obtenez d\u00e8s maintenant les meilleurs m\u00e9dicaments g\u00e9n\u00e9riques au meilleur prix sur notre site web. Achetez des g\u00e9n\u00e9riques.\" \/>\n<meta name=\"robots\" content=\"index, follow, max-snippet:-1, max-image-preview:large, max-video-preview:-1\" \/>\n<link rel=\"canonical\" href=\"https:\/\/ge24h.com\/fr\/producto\/caverta-100mg\/\" \/>\n<meta property=\"og:locale\" content=\"fr_FR\" \/>\n<meta property=\"og:type\" content=\"article\" \/>\n<meta property=\"og:title\" content=\"Caverta 100mg - Ge24h\" \/>\n<meta property=\"og:description\" content=\"Achetez Atarax 25 mg. Obtenez d\u00e8s maintenant les meilleurs m\u00e9dicaments g\u00e9n\u00e9riques au meilleur prix sur notre site web. Achetez des g\u00e9n\u00e9riques.\" \/>\n<meta property=\"og:url\" content=\"https:\/\/ge24h.com\/fr\/producto\/caverta-100mg\/\" \/>\n<meta property=\"og:site_name\" content=\"Ge24h\" \/>\n<meta property=\"article:modified_time\" content=\"2025-07-17T10:35:15+00:00\" \/>\n<meta property=\"og:image\" content=\"https:\/\/ge24h.com\/wp-content\/uploads\/caverta-100mg-2.png\" \/>\n\t<meta property=\"og:image:width\" content=\"800\" \/>\n\t<meta property=\"og:image:height\" content=\"800\" \/>\n\t<meta property=\"og:image:type\" content=\"image\/png\" \/>\n<meta name=\"twitter:card\" content=\"summary_large_image\" \/>\n<meta name=\"twitter:label1\" content=\"Dur\u00e9e de lecture estim\u00e9e\" \/>\n\t<meta name=\"twitter:data1\" content=\"5 minutes\" \/>\n<script type=\"application\/ld+json\" class=\"yoast-schema-graph\">{\"@context\":\"https:\/\/schema.org\",\"@graph\":[{\"@type\":\"WebPage\",\"@id\":\"https:\/\/ge24h.com\/fr\/producto\/caverta-100mg\/\",\"url\":\"https:\/\/ge24h.com\/fr\/producto\/caverta-100mg\/\",\"name\":\"Caverta 100mg - Ge24h\",\"isPartOf\":{\"@id\":\"https:\/\/ge24h.com\/#website\"},\"primaryImageOfPage\":{\"@id\":\"https:\/\/ge24h.com\/fr\/producto\/caverta-100mg\/#primaryimage\"},\"image\":{\"@id\":\"https:\/\/ge24h.com\/fr\/producto\/caverta-100mg\/#primaryimage\"},\"thumbnailUrl\":\"https:\/\/ge24h.com\/wp-content\/uploads\/caverta-100mg-2.png\",\"datePublished\":\"2025-05-13T08:02:18+00:00\",\"dateModified\":\"2025-07-17T10:35:15+00:00\",\"description\":\"Achetez Atarax 25 mg. Obtenez d\u00e8s maintenant les meilleurs m\u00e9dicaments g\u00e9n\u00e9riques au meilleur prix sur notre site web. Achetez des g\u00e9n\u00e9riques.\",\"breadcrumb\":{\"@id\":\"https:\/\/ge24h.com\/fr\/producto\/caverta-100mg\/#breadcrumb\"},\"inLanguage\":\"fr-FR\",\"potentialAction\":[{\"@type\":\"ReadAction\",\"target\":[\"https:\/\/ge24h.com\/fr\/producto\/caverta-100mg\/\"]}]},{\"@type\":\"ImageObject\",\"inLanguage\":\"fr-FR\",\"@id\":\"https:\/\/ge24h.com\/fr\/producto\/caverta-100mg\/#primaryimage\",\"url\":\"https:\/\/ge24h.com\/wp-content\/uploads\/caverta-100mg-2.png\",\"contentUrl\":\"https:\/\/ge24h.com\/wp-content\/uploads\/caverta-100mg-2.png\",\"width\":800,\"height\":800,\"caption\":\"Caverta 100mg\"},{\"@type\":\"BreadcrumbList\",\"@id\":\"https:\/\/ge24h.com\/fr\/producto\/caverta-100mg\/#breadcrumb\",\"itemListElement\":[{\"@type\":\"ListItem\",\"position\":1,\"name\":\"Portada\",\"item\":\"https:\/\/ge24h.com\/fr\/\"},{\"@type\":\"ListItem\",\"position\":2,\"name\":\"boutique\",\"item\":\"https:\/\/ge24h.com\/fr\/boutique\/\"},{\"@type\":\"ListItem\",\"position\":3,\"name\":\"Caverta 100mg\"}]},{\"@type\":\"WebSite\",\"@id\":\"https:\/\/ge24h.com\/#website\",\"url\":\"https:\/\/ge24h.com\/\",\"name\":\"Ge24h\",\"description\":\"Medicamentos Gen\u00e9ricos, Finpecia, Kamagra, Sidenafil, Tadalafil\",\"publisher\":{\"@id\":\"https:\/\/ge24h.com\/#organization\"},\"potentialAction\":[{\"@type\":\"SearchAction\",\"target\":{\"@type\":\"EntryPoint\",\"urlTemplate\":\"https:\/\/ge24h.com\/?s={search_term_string}\"},\"query-input\":{\"@type\":\"PropertyValueSpecification\",\"valueRequired\":true,\"valueName\":\"search_term_string\"}}],\"inLanguage\":\"fr-FR\"},{\"@type\":\"Organization\",\"@id\":\"https:\/\/ge24h.com\/#organization\",\"name\":\"Ge24h\",\"url\":\"https:\/\/ge24h.com\/\",\"logo\":{\"@type\":\"ImageObject\",\"inLanguage\":\"fr-FR\",\"@id\":\"https:\/\/ge24h.com\/#\/schema\/logo\/image\/\",\"url\":\"https:\/\/ge24h.com\/wp-content\/uploads\/logo-1.svg\",\"contentUrl\":\"https:\/\/ge24h.com\/wp-content\/uploads\/logo-1.svg\",\"width\":200,\"height\":58,\"caption\":\"Ge24h\"},\"image\":{\"@id\":\"https:\/\/ge24h.com\/#\/schema\/logo\/image\/\"}}]}<\/script>\n<!-- \/ Yoast SEO plugin. -->","yoast_head_json":{"title":"Caverta 100mg - Ge24h","description":"Achetez Atarax 25 mg. Obtenez d\u00e8s maintenant les meilleurs m\u00e9dicaments g\u00e9n\u00e9riques au meilleur prix sur notre site web. Achetez des g\u00e9n\u00e9riques.","robots":{"index":"index","follow":"follow","max-snippet":"max-snippet:-1","max-image-preview":"max-image-preview:large","max-video-preview":"max-video-preview:-1"},"canonical":"https:\/\/ge24h.com\/fr\/producto\/caverta-100mg\/","og_locale":"fr_FR","og_type":"article","og_title":"Caverta 100mg - Ge24h","og_description":"Achetez Atarax 25 mg. Obtenez d\u00e8s maintenant les meilleurs m\u00e9dicaments g\u00e9n\u00e9riques au meilleur prix sur notre site web. Achetez des g\u00e9n\u00e9riques.","og_url":"https:\/\/ge24h.com\/fr\/producto\/caverta-100mg\/","og_site_name":"Ge24h","article_modified_time":"2025-07-17T10:35:15+00:00","og_image":[{"width":800,"height":800,"url":"https:\/\/ge24h.com\/wp-content\/uploads\/caverta-100mg-2.png","type":"image\/png"}],"twitter_card":"summary_large_image","twitter_misc":{"Dur\u00e9e de lecture estim\u00e9e":"5 minutes"},"schema":{"@context":"https:\/\/schema.org","@graph":[{"@type":"WebPage","@id":"https:\/\/ge24h.com\/fr\/producto\/caverta-100mg\/","url":"https:\/\/ge24h.com\/fr\/producto\/caverta-100mg\/","name":"Caverta 100mg - Ge24h","isPartOf":{"@id":"https:\/\/ge24h.com\/#website"},"primaryImageOfPage":{"@id":"https:\/\/ge24h.com\/fr\/producto\/caverta-100mg\/#primaryimage"},"image":{"@id":"https:\/\/ge24h.com\/fr\/producto\/caverta-100mg\/#primaryimage"},"thumbnailUrl":"https:\/\/ge24h.com\/wp-content\/uploads\/caverta-100mg-2.png","datePublished":"2025-05-13T08:02:18+00:00","dateModified":"2025-07-17T10:35:15+00:00","description":"Achetez Atarax 25 mg. Obtenez d\u00e8s maintenant les meilleurs m\u00e9dicaments g\u00e9n\u00e9riques au meilleur prix sur notre site web. Achetez des g\u00e9n\u00e9riques.","breadcrumb":{"@id":"https:\/\/ge24h.com\/fr\/producto\/caverta-100mg\/#breadcrumb"},"inLanguage":"fr-FR","potentialAction":[{"@type":"ReadAction","target":["https:\/\/ge24h.com\/fr\/producto\/caverta-100mg\/"]}]},{"@type":"ImageObject","inLanguage":"fr-FR","@id":"https:\/\/ge24h.com\/fr\/producto\/caverta-100mg\/#primaryimage","url":"https:\/\/ge24h.com\/wp-content\/uploads\/caverta-100mg-2.png","contentUrl":"https:\/\/ge24h.com\/wp-content\/uploads\/caverta-100mg-2.png","width":800,"height":800,"caption":"Caverta 100mg"},{"@type":"BreadcrumbList","@id":"https:\/\/ge24h.com\/fr\/producto\/caverta-100mg\/#breadcrumb","itemListElement":[{"@type":"ListItem","position":1,"name":"Portada","item":"https:\/\/ge24h.com\/fr\/"},{"@type":"ListItem","position":2,"name":"boutique","item":"https:\/\/ge24h.com\/fr\/boutique\/"},{"@type":"ListItem","position":3,"name":"Caverta 100mg"}]},{"@type":"WebSite","@id":"https:\/\/ge24h.com\/#website","url":"https:\/\/ge24h.com\/","name":"Ge24h","description":"Medicamentos Gen\u00e9ricos, Finpecia, Kamagra, Sidenafil, Tadalafil","publisher":{"@id":"https:\/\/ge24h.com\/#organization"},"potentialAction":[{"@type":"SearchAction","target":{"@type":"EntryPoint","urlTemplate":"https:\/\/ge24h.com\/?s={search_term_string}"},"query-input":{"@type":"PropertyValueSpecification","valueRequired":true,"valueName":"search_term_string"}}],"inLanguage":"fr-FR"},{"@type":"Organization","@id":"https:\/\/ge24h.com\/#organization","name":"Ge24h","url":"https:\/\/ge24h.com\/","logo":{"@type":"ImageObject","inLanguage":"fr-FR","@id":"https:\/\/ge24h.com\/#\/schema\/logo\/image\/","url":"https:\/\/ge24h.com\/wp-content\/uploads\/logo-1.svg","contentUrl":"https:\/\/ge24h.com\/wp-content\/uploads\/logo-1.svg","width":200,"height":58,"caption":"Ge24h"},"image":{"@id":"https:\/\/ge24h.com\/#\/schema\/logo\/image\/"}}]}},"_links":{"self":[{"href":"https:\/\/ge24h.com\/fr\/wp-json\/wp\/v2\/product\/6064","targetHints":{"allow":["GET"]}}],"collection":[{"href":"https:\/\/ge24h.com\/fr\/wp-json\/wp\/v2\/product"}],"about":[{"href":"https:\/\/ge24h.com\/fr\/wp-json\/wp\/v2\/types\/product"}],"replies":[{"embeddable":true,"href":"https:\/\/ge24h.com\/fr\/wp-json\/wp\/v2\/comments?post=6064"}],"wp:featuredmedia":[{"embeddable":true,"href":"https:\/\/ge24h.com\/fr\/wp-json\/wp\/v2\/media\/4909"}],"wp:attachment":[{"href":"https:\/\/ge24h.com\/fr\/wp-json\/wp\/v2\/media?parent=6064"}],"wp:term":[{"taxonomy":"product_brand","embeddable":true,"href":"https:\/\/ge24h.com\/fr\/wp-json\/wp\/v2\/product_brand?post=6064"},{"taxonomy":"product_cat","embeddable":true,"href":"https:\/\/ge24h.com\/fr\/wp-json\/wp\/v2\/product_cat?post=6064"},{"taxonomy":"product_tag","embeddable":true,"href":"https:\/\/ge24h.com\/fr\/wp-json\/wp\/v2\/product_tag?post=6064"}],"curies":[{"name":"wp","href":"https:\/\/api.w.org\/{rel}","templated":true}]}}