{"id":6056,"date":"2025-05-12T13:04:14","date_gmt":"2025-05-12T11:04:14","guid":{"rendered":"https:\/\/ge24h.com\/producto\/kamagra-oral-jelly-5mg\/"},"modified":"2025-07-17T12:27:05","modified_gmt":"2025-07-17T10:27:05","slug":"kamagra-oral-jelly-5mg","status":"publish","type":"product","link":"https:\/\/ge24h.com\/fr\/producto\/kamagra-oral-jelly-5mg\/","title":{"rendered":"Kamagra Oral Jelly 5mg"},"content":{"rendered":"<h3><strong>Nom du m\u00e9dicament:<\/strong> Sildenafil Oral Jelly<\/h3>\n<p>&nbsp;<\/p>\n<h4><strong>Quelle est la chose la plus importante que je devrais savoir sur le sild\u00e9nafil?<\/strong><\/h4>\n<ul>\n<li>Ne prenez pas de sild\u00e9nafil si vous prenez des d\u00e9riv\u00e9s nitr\u00e9s pour des douleurs thoraciques ou des probl\u00e8mes cardiaques. Ces m\u00e9dicaments comprennent la nitroglyc\u00e9rine (Nitrostat, Nitrolingual, Nitro-Dur, Nitro-Bid, etc.), le dinitrate d&rsquo;isosorbide (Dilatrate-SR, Isordril, Sorbitrate) et le mononitrate d&rsquo;isosorbide (Imdur, ISMO, Monoket). Les nitrates peuvent \u00e9galement \u00eatre pr\u00e9sents dans les drogues r\u00e9cr\u00e9atives comme le nitrate d&rsquo;amyle ou le nitrite (\u00ab poppers \u00bb). La prise de sild\u00e9nafil avec un d\u00e9riv\u00e9 nitr\u00e9 peut entra\u00eener de graves probl\u00e8mes de tension art\u00e9rielle, pouvant entra\u00eener fatigue, crise cardiaque ou arr\u00eat cardiaque.   <\/li>\n<li>Si vous ressentez des \u00e9tourdissements ou des naus\u00e9es, ou des douleurs, des engourdissements ou des picotements dans la poitrine, les bras, le cou ou la m\u00e2choire pendant l\u2019activit\u00e9 sexuelle, arr\u00eatez de prendre le m\u00e9dicament et contactez imm\u00e9diatement votre m\u00e9decin.<\/li>\n<li>Ne prenez pas de sild\u00e9nafil plus d&rsquo;une fois par jour. Veillez \u00e0 respecter un intervalle de 24 heures entre les prises. <\/li>\n<li>Si vous avez une \u00e9rection douloureuse ou qui dure plus de 4 heures, consultez imm\u00e9diatement un m\u00e9decin. Il pourrait s&rsquo;agir d&rsquo;un priapisme, qui peut entra\u00eener des l\u00e9sions permanentes du p\u00e9nis. <\/li>\n<li>Perte de vision soudaine : Un petit nombre de patients ont pr\u00e9sent\u00e9 une perte de vision soudaine apr\u00e8s avoir pris du sild\u00e9nafil. Cela est d\u00fb \u00e0 une diminution du flux sanguin vers le nerf optique. Si cela se produit, arr\u00eatez le traitement et consultez imm\u00e9diatement un m\u00e9decin.  <\/li>\n<\/ul>\n<p>&nbsp;<\/p>\n<h4><strong>Qu&rsquo;est-ce que le sild\u00e9nafil ?<br \/><\/strong><\/h4>\n<p>Le sild\u00e9nafil d\u00e9tend les muscles et augmente le flux sanguin vers certaines zones du corps. Il est indiqu\u00e9 dans le traitement de la dysfonction \u00e9rectile (impuissance) chez l&rsquo;homme. Revatio, un autre m\u00e9dicament de marque, est utilis\u00e9 pour traiter l&rsquo;hypertension art\u00e9rielle pulmonaire et am\u00e9liorer la capacit\u00e9 d&rsquo;exercice chez les hommes et les femmes.  <\/p>\n<p>Le sild\u00e9nafil peut \u00e9galement \u00eatre utilis\u00e9 \u00e0 d\u2019autres fins selon les directives de votre m\u00e9decin.<\/p>\n<p>&nbsp;<\/p>\n<h4><strong>Que dois-je discuter avec mon m\u00e9decin avant de prendre du Sild\u00e9nafil?<br \/><\/strong><\/h4>\n<ul>\n<li>Ne prenez pas de sild\u00e9nafil si vous prenez des d\u00e9riv\u00e9s nitr\u00e9s pour des douleurs thoraciques ou des probl\u00e8mes cardiaques. Ces m\u00e9dicaments comprennent la nitroglyc\u00e9rine (Nitrostat, Nitrolingual, Nitro-Dur, Nitro-Bid, etc.), le dinitrate d&rsquo;isosorbide (Dilatrate-SR, Isordril, Sorbitrate) et le mononitrate d&rsquo;isosorbide (Imdur, ISMO, Monoket). On trouve \u00e9galement des d\u00e9riv\u00e9s nitr\u00e9s dans des drogues r\u00e9cr\u00e9atives comme le nitrate d&rsquo;amyle ou le nitrite (\u00ab poppers \u00bb). La prise de sild\u00e9nafil avec un d\u00e9riv\u00e9 nitr\u00e9 peut entra\u00eener de graves probl\u00e8mes de tension art\u00e9rielle, de la fatigue, une crise cardiaque ou un arr\u00eat cardiaque.   <\/li>\n<li>Un petit nombre de patients ont subi une perte soudaine de la vision lors de la prise de sild\u00e9nafil, en raison d&rsquo;une diminution du flux sanguin vers le nerf optique. Ce ph\u00e9nom\u00e8ne est fr\u00e9quemment observ\u00e9 chez les patients ayant des ant\u00e9c\u00e9dents de maladie cardiaque, de diab\u00e8te, d&rsquo;hypertension art\u00e9rielle, d&rsquo;hypercholest\u00e9rol\u00e9mie, de probl\u00e8mes de vue, chez les fumeurs ou chez les personnes de plus de 50 ans. <\/li>\n<li>Avant de prendre du Sild\u00e9nafil, consultez votre m\u00e9decin si vous pr\u00e9sentez l\u2019une des affections suivantes:\n<ul>\n<li>Maladie cardiaque ou probl\u00e8mes de rythme cardiaque<\/li>\n<li>Ant\u00e9c\u00e9dents r\u00e9cents d&rsquo;arr\u00eat cardiaque ou d&rsquo;accident vasculaire c\u00e9r\u00e9bral, troubles du rythme cardiaque (6 derniers mois)<\/li>\n<li>Insuffisance cardiaque<\/li>\n<li>Hypertension ou hypotension art\u00e9rielle<\/li>\n<li>Maladie de l&rsquo;art\u00e8re coronaire<\/li>\n<li>Maladie du foie ou des reins<\/li>\n<li>Troubles sanguins tels que la dr\u00e9panocytose, le my\u00e9lome multiple ou la leuc\u00e9mie<\/li>\n<li>Ulc\u00e8re de l&rsquo;estomac<\/li>\n<li>R\u00e9tinite pigmentaire (maladie oculaire h\u00e9r\u00e9ditaire)<\/li>\n<li>D\u00e9formation physique du p\u00e9nis (comme la maladie de La Peyronie)<\/li>\n<li>Si on vous a conseill\u00e9 de ne pas avoir de relations sexuelles pour des raisons de sant\u00e9<\/li>\n<\/ul>\n<\/li>\n<li>Cat\u00e9gorie de grossesse B selon la FDA : Ce m\u00e9dicament ne devrait pas nuire \u00e0 l&rsquo;enfant \u00e0 na\u00eetre. Consultez votre m\u00e9decin si vous \u00eates enceinte ou pr\u00e9voyez une grossesse pendant le traitement. <\/li>\n<li>On ignore si le sild\u00e9nafil passe dans le lait maternel. Consultez votre m\u00e9decin si vous allaitez avant de prendre ce m\u00e9dicament. <\/li>\n<\/ul>\n<p>&nbsp;<\/p>\n<h4><strong>Comment dois-je prendre le Sild\u00e9nafil?<br \/><\/strong><\/h4>\n<ul>\n<li>Prenez le sild\u00e9nafil selon les directives de votre m\u00e9decin. Ne pas de dos plus \u00e9lev\u00e9s ou pendant une dur\u00e9e plus longue que celle recommand\u00e9e.<\/li>\n<li>Revatio est g\u00e9n\u00e9ralement pris 3 fois par jour, avec un intervalle de 4 \u00e0 6 heures entre chaque dose.<\/li>\n<li>Le Viagra (Sild\u00e9nafil) se prend g\u00e9n\u00e9ralement 30 minutes \u00e0 1 heure avant l&rsquo;activit\u00e9 sexuelle. Il peut \u00eatre pris jusqu&rsquo;\u00e0 4 heures avant.  Ne le prenez pas plus d&rsquo;une fois par jour.<\/li>\n<li>N&rsquo;oubliez pas: le sild\u00e9nafil n&rsquo;am\u00e9liore l&rsquo;\u00e9rection que lors d&rsquo;une stimulation sexuelle. Une \u00e9rection ne se produit pas automatiquement par la simple prise du m\u00e9dicament. <\/li>\n<\/ul>\n<p>&nbsp;<\/p>\n<h4><strong>Que se passe-t-il si j\u2019oublie de prendre une dose?<\/strong><\/h4>\n<p>Le sild\u00e9nafil est pris uniquement en cas de besoin, il n&rsquo;y a donc pas de prise oubli\u00e9e. Si vous prenez Revatio et que vous oubliez une dose, prenez-la d\u00e8s que vous vous en rendez compte. Si la dose suivante est proche, sautez la dose oubli\u00e9e et reprenez votre traitement habituel.   Ne prenez pas de double dose.<\/p>\n<p>&nbsp;<\/p>\n<h4><strong>Que se passe-t-il en cas de surdose?<\/strong><\/h4>\n<p>Si vous pensez avoir fait une surdose, consultez imm\u00e9diatement un m\u00e9decin. Les sympt\u00f4mes d&rsquo;une surdose incluent des douleurs thoraciques, des naus\u00e9es, un rythme cardiaque irr\u00e9gulier, des \u00e9tourdissements ou des malaises. <\/p>\n<p>&nbsp;<\/p>\n<h4><strong>Que dois-je \u00e9viter pendant que je prends du Sild\u00e9nafil?<\/strong><\/h4>\n<ul>\n<li>\u00c9vitez la consommation d\u2019alcool, car cela peut augmenter les effets secondaires du Sild\u00e9nafil.<\/li>\n<li>Ne prenez pas d\u2019autres m\u00e9dicaments contre l\u2019impuissance, tels que l\u2019alprostadil (Caverject, Muse, Edex) ou la yohimbine (Yocon, Yodoxin), sans consulter votre m\u00e9decin.<\/li>\n<\/ul>\n<p>&nbsp;<\/p>\n<h4><strong>Quels sont les effets secondaires possibles du Sild\u00e9nafil?<\/strong><\/h4>\n<h4><strong>Effets graves:<\/strong><\/h4>\n<ul>\n<li>Perte soudaine de la vision.<\/li>\n<li>Douleur thoracique ou douleur intense irradiant vers le bras ou l\u2019\u00e9paule, naus\u00e9es, transpiration, malaise g\u00e9n\u00e9ral.<\/li>\n<li>Battements de c\u0153ur irr\u00e9guliers.<\/li>\n<li>Essoufflement.<\/li>\n<li>\u00c9rection douloureuse ou qui dure plus de 4 heures (priapisme).<\/li>\n<\/ul>\n<p>&nbsp;<\/p>\n<h4><strong>Effets mineurs:<\/strong><\/h4>\n<ul>\n<li>Rougeur du visage, du cou ou de la poitrine.<\/li>\n<li>Congestion nasale.<\/li>\n<li>Mal de t\u00eate.<\/li>\n<li>Maux d\u2019estomac ou maux de dos.<\/li>\n<\/ul>\n<p>Si vous ressentez des effets secondaires inhabituels ou g\u00eanants, consultez votre m\u00e9decin.<\/p>\n<h4><strong>Quels m\u00e9dicaments peuvent interagir avec le sild\u00e9nafil?<\/strong><\/h4>\n<p>Ne prenez pas de sild\u00e9nafil si vous prenez des nitrates. Informez \u00e9galement votre m\u00e9decin si vous prenez:<\/p>\n<ul>\n<li>Bosentan (Tracleer)<\/li>\n<li>Cim\u00e9tidine (Tagamet)<\/li>\n<li>Des antibiotiques tels que l&rsquo;\u00e9rythromycine ou la clarithromycine<\/li>\n<li>M\u00e9dicaments contre le VIH<\/li>\n<li>M\u00e9dicaments antifongiques tels que l&rsquo;itraconazole ou le k\u00e9toconazole<\/li>\n<li>Carbamaz\u00e9pine, ph\u00e9nobarbital ou ph\u00e9nyto\u00efne<\/li>\n<li>Rifampicine ou rifabutine<\/li>\n<\/ul>\n<p>Parlez \u00e0 votre m\u00e9decin de tous les m\u00e9dicaments que vous prenez, y compris les suppl\u00e9ments vitaminiques, les produits \u00e0 base de plantes et les autres m\u00e9dicaments sur ordonnance ou en vente libre.<\/p>\n<p>Si vous avez ces questions, consultez votre m\u00e9decin pour vous assurer que vous \u00eates m\u00e9dicalement apte.<\/p>\n","protected":false},"excerpt":{"rendered":"<p><span style=\"vertical-align: inherit;\"><span style=\"vertical-align: inherit;\">Kamagra Oral Jelly Sildenafil Oral Jelly a r\u00e9volutionn\u00e9 la fa\u00e7on dont les m\u00e9decins traitent les hommes souffrant de dysfonction \u00e9rectile (DE).<\/span><\/span><\/p>\n<ul>\n<li><span style=\"vertical-align: inherit;\"><span style=\"vertical-align: inherit;\">Agissez vite.<\/span><\/span><\/li>\n<li><span style=\"vertical-align: inherit;\"><span style=\"vertical-align: inherit;\">Am\u00e9liore la fonction \u00e9rectile<\/span><\/span><\/li>\n<li><span style=\"vertical-align: inherit;\"><span style=\"vertical-align: inherit;\">Facile \u00e0 prendre<\/span><\/span><\/li>\n<\/ul>\n","protected":false},"featured_media":4945,"comment_status":"open","ping_status":"closed","template":"","meta":[],"product_brand":[499],"product_cat":[351],"product_tag":[],"class_list":{"0":"post-6056","1":"product","2":"type-product","3":"status-publish","4":"has-post-thumbnail","6":"product_brand-ajanta-2","7":"product_cat-sante-des-hommes","9":"first","10":"instock","11":"taxable","12":"shipping-taxable","13":"purchasable","14":"product-type-variable"},"yoast_head":"<!-- This site is optimized with the Yoast SEO plugin v25.6 - https:\/\/yoast.com\/wordpress\/plugins\/seo\/ -->\n<title>Kamagra Oral Jelly 5mg - Ge24h<\/title>\n<meta name=\"description\" content=\"Compra Atarax 25mg. Consigue ahora los mejores medicamentos gen\u00e9ricos al mejor precio en nuestra web. Comprar gen\u00e9ricos.\" \/>\n<meta name=\"robots\" content=\"index, follow, max-snippet:-1, max-image-preview:large, max-video-preview:-1\" \/>\n<link rel=\"canonical\" href=\"https:\/\/ge24h.com\/fr\/producto\/kamagra-oral-jelly-5mg\/\" \/>\n<meta property=\"og:locale\" content=\"fr_FR\" \/>\n<meta property=\"og:type\" content=\"article\" \/>\n<meta property=\"og:title\" content=\"Kamagra Oral Jelly 5mg - Ge24h\" \/>\n<meta property=\"og:description\" content=\"Compra Atarax 25mg. Consigue ahora los mejores medicamentos gen\u00e9ricos al mejor precio en nuestra web. Comprar gen\u00e9ricos.\" \/>\n<meta property=\"og:url\" content=\"https:\/\/ge24h.com\/fr\/producto\/kamagra-oral-jelly-5mg\/\" \/>\n<meta property=\"og:site_name\" content=\"Ge24h\" \/>\n<meta property=\"article:modified_time\" content=\"2025-07-17T10:27:05+00:00\" \/>\n<meta property=\"og:image\" content=\"https:\/\/ge24h.com\/wp-content\/uploads\/kamagra-oral-jelly.jpg\" \/>\n\t<meta property=\"og:image:width\" content=\"800\" \/>\n\t<meta property=\"og:image:height\" content=\"800\" \/>\n\t<meta property=\"og:image:type\" content=\"image\/jpeg\" \/>\n<meta name=\"twitter:card\" content=\"summary_large_image\" \/>\n<meta name=\"twitter:label1\" content=\"Dur\u00e9e de lecture estim\u00e9e\" \/>\n\t<meta name=\"twitter:data1\" content=\"6 minutes\" \/>\n<script type=\"application\/ld+json\" class=\"yoast-schema-graph\">{\"@context\":\"https:\/\/schema.org\",\"@graph\":[{\"@type\":\"WebPage\",\"@id\":\"https:\/\/ge24h.com\/fr\/producto\/kamagra-oral-jelly-5mg\/\",\"url\":\"https:\/\/ge24h.com\/fr\/producto\/kamagra-oral-jelly-5mg\/\",\"name\":\"Kamagra Oral Jelly 5mg - Ge24h\",\"isPartOf\":{\"@id\":\"https:\/\/ge24h.com\/#website\"},\"primaryImageOfPage\":{\"@id\":\"https:\/\/ge24h.com\/fr\/producto\/kamagra-oral-jelly-5mg\/#primaryimage\"},\"image\":{\"@id\":\"https:\/\/ge24h.com\/fr\/producto\/kamagra-oral-jelly-5mg\/#primaryimage\"},\"thumbnailUrl\":\"https:\/\/ge24h.com\/wp-content\/uploads\/kamagra-oral-jelly.jpg\",\"datePublished\":\"2025-05-12T11:04:14+00:00\",\"dateModified\":\"2025-07-17T10:27:05+00:00\",\"description\":\"Compra Atarax 25mg. Consigue ahora los mejores medicamentos gen\u00e9ricos al mejor precio en nuestra web. Comprar gen\u00e9ricos.\",\"breadcrumb\":{\"@id\":\"https:\/\/ge24h.com\/fr\/producto\/kamagra-oral-jelly-5mg\/#breadcrumb\"},\"inLanguage\":\"fr-FR\",\"potentialAction\":[{\"@type\":\"ReadAction\",\"target\":[\"https:\/\/ge24h.com\/fr\/producto\/kamagra-oral-jelly-5mg\/\"]}]},{\"@type\":\"ImageObject\",\"inLanguage\":\"fr-FR\",\"@id\":\"https:\/\/ge24h.com\/fr\/producto\/kamagra-oral-jelly-5mg\/#primaryimage\",\"url\":\"https:\/\/ge24h.com\/wp-content\/uploads\/kamagra-oral-jelly.jpg\",\"contentUrl\":\"https:\/\/ge24h.com\/wp-content\/uploads\/kamagra-oral-jelly.jpg\",\"width\":800,\"height\":800,\"caption\":\"Kamagra Oral Jelly 5mg\"},{\"@type\":\"BreadcrumbList\",\"@id\":\"https:\/\/ge24h.com\/fr\/producto\/kamagra-oral-jelly-5mg\/#breadcrumb\",\"itemListElement\":[{\"@type\":\"ListItem\",\"position\":1,\"name\":\"Portada\",\"item\":\"https:\/\/ge24h.com\/fr\/\"},{\"@type\":\"ListItem\",\"position\":2,\"name\":\"boutique\",\"item\":\"https:\/\/ge24h.com\/fr\/boutique\/\"},{\"@type\":\"ListItem\",\"position\":3,\"name\":\"Kamagra Oral Jelly 5mg\"}]},{\"@type\":\"WebSite\",\"@id\":\"https:\/\/ge24h.com\/#website\",\"url\":\"https:\/\/ge24h.com\/\",\"name\":\"Ge24h\",\"description\":\"Medicamentos Gen\u00e9ricos, Finpecia, Kamagra, Sidenafil, Tadalafil\",\"publisher\":{\"@id\":\"https:\/\/ge24h.com\/#organization\"},\"potentialAction\":[{\"@type\":\"SearchAction\",\"target\":{\"@type\":\"EntryPoint\",\"urlTemplate\":\"https:\/\/ge24h.com\/?s={search_term_string}\"},\"query-input\":{\"@type\":\"PropertyValueSpecification\",\"valueRequired\":true,\"valueName\":\"search_term_string\"}}],\"inLanguage\":\"fr-FR\"},{\"@type\":\"Organization\",\"@id\":\"https:\/\/ge24h.com\/#organization\",\"name\":\"Ge24h\",\"url\":\"https:\/\/ge24h.com\/\",\"logo\":{\"@type\":\"ImageObject\",\"inLanguage\":\"fr-FR\",\"@id\":\"https:\/\/ge24h.com\/#\/schema\/logo\/image\/\",\"url\":\"https:\/\/ge24h.com\/wp-content\/uploads\/logo-1.svg\",\"contentUrl\":\"https:\/\/ge24h.com\/wp-content\/uploads\/logo-1.svg\",\"width\":200,\"height\":58,\"caption\":\"Ge24h\"},\"image\":{\"@id\":\"https:\/\/ge24h.com\/#\/schema\/logo\/image\/\"}}]}<\/script>\n<!-- \/ Yoast SEO plugin. -->","yoast_head_json":{"title":"Kamagra Oral Jelly 5mg - Ge24h","description":"Compra Atarax 25mg. Consigue ahora los mejores medicamentos gen\u00e9ricos al mejor precio en nuestra web. Comprar gen\u00e9ricos.","robots":{"index":"index","follow":"follow","max-snippet":"max-snippet:-1","max-image-preview":"max-image-preview:large","max-video-preview":"max-video-preview:-1"},"canonical":"https:\/\/ge24h.com\/fr\/producto\/kamagra-oral-jelly-5mg\/","og_locale":"fr_FR","og_type":"article","og_title":"Kamagra Oral Jelly 5mg - Ge24h","og_description":"Compra Atarax 25mg. Consigue ahora los mejores medicamentos gen\u00e9ricos al mejor precio en nuestra web. Comprar gen\u00e9ricos.","og_url":"https:\/\/ge24h.com\/fr\/producto\/kamagra-oral-jelly-5mg\/","og_site_name":"Ge24h","article_modified_time":"2025-07-17T10:27:05+00:00","og_image":[{"width":800,"height":800,"url":"https:\/\/ge24h.com\/wp-content\/uploads\/kamagra-oral-jelly.jpg","type":"image\/jpeg"}],"twitter_card":"summary_large_image","twitter_misc":{"Dur\u00e9e de lecture estim\u00e9e":"6 minutes"},"schema":{"@context":"https:\/\/schema.org","@graph":[{"@type":"WebPage","@id":"https:\/\/ge24h.com\/fr\/producto\/kamagra-oral-jelly-5mg\/","url":"https:\/\/ge24h.com\/fr\/producto\/kamagra-oral-jelly-5mg\/","name":"Kamagra Oral Jelly 5mg - Ge24h","isPartOf":{"@id":"https:\/\/ge24h.com\/#website"},"primaryImageOfPage":{"@id":"https:\/\/ge24h.com\/fr\/producto\/kamagra-oral-jelly-5mg\/#primaryimage"},"image":{"@id":"https:\/\/ge24h.com\/fr\/producto\/kamagra-oral-jelly-5mg\/#primaryimage"},"thumbnailUrl":"https:\/\/ge24h.com\/wp-content\/uploads\/kamagra-oral-jelly.jpg","datePublished":"2025-05-12T11:04:14+00:00","dateModified":"2025-07-17T10:27:05+00:00","description":"Compra Atarax 25mg. Consigue ahora los mejores medicamentos gen\u00e9ricos al mejor precio en nuestra web. Comprar gen\u00e9ricos.","breadcrumb":{"@id":"https:\/\/ge24h.com\/fr\/producto\/kamagra-oral-jelly-5mg\/#breadcrumb"},"inLanguage":"fr-FR","potentialAction":[{"@type":"ReadAction","target":["https:\/\/ge24h.com\/fr\/producto\/kamagra-oral-jelly-5mg\/"]}]},{"@type":"ImageObject","inLanguage":"fr-FR","@id":"https:\/\/ge24h.com\/fr\/producto\/kamagra-oral-jelly-5mg\/#primaryimage","url":"https:\/\/ge24h.com\/wp-content\/uploads\/kamagra-oral-jelly.jpg","contentUrl":"https:\/\/ge24h.com\/wp-content\/uploads\/kamagra-oral-jelly.jpg","width":800,"height":800,"caption":"Kamagra Oral Jelly 5mg"},{"@type":"BreadcrumbList","@id":"https:\/\/ge24h.com\/fr\/producto\/kamagra-oral-jelly-5mg\/#breadcrumb","itemListElement":[{"@type":"ListItem","position":1,"name":"Portada","item":"https:\/\/ge24h.com\/fr\/"},{"@type":"ListItem","position":2,"name":"boutique","item":"https:\/\/ge24h.com\/fr\/boutique\/"},{"@type":"ListItem","position":3,"name":"Kamagra Oral Jelly 5mg"}]},{"@type":"WebSite","@id":"https:\/\/ge24h.com\/#website","url":"https:\/\/ge24h.com\/","name":"Ge24h","description":"Medicamentos Gen\u00e9ricos, Finpecia, Kamagra, Sidenafil, Tadalafil","publisher":{"@id":"https:\/\/ge24h.com\/#organization"},"potentialAction":[{"@type":"SearchAction","target":{"@type":"EntryPoint","urlTemplate":"https:\/\/ge24h.com\/?s={search_term_string}"},"query-input":{"@type":"PropertyValueSpecification","valueRequired":true,"valueName":"search_term_string"}}],"inLanguage":"fr-FR"},{"@type":"Organization","@id":"https:\/\/ge24h.com\/#organization","name":"Ge24h","url":"https:\/\/ge24h.com\/","logo":{"@type":"ImageObject","inLanguage":"fr-FR","@id":"https:\/\/ge24h.com\/#\/schema\/logo\/image\/","url":"https:\/\/ge24h.com\/wp-content\/uploads\/logo-1.svg","contentUrl":"https:\/\/ge24h.com\/wp-content\/uploads\/logo-1.svg","width":200,"height":58,"caption":"Ge24h"},"image":{"@id":"https:\/\/ge24h.com\/#\/schema\/logo\/image\/"}}]}},"_links":{"self":[{"href":"https:\/\/ge24h.com\/fr\/wp-json\/wp\/v2\/product\/6056","targetHints":{"allow":["GET"]}}],"collection":[{"href":"https:\/\/ge24h.com\/fr\/wp-json\/wp\/v2\/product"}],"about":[{"href":"https:\/\/ge24h.com\/fr\/wp-json\/wp\/v2\/types\/product"}],"replies":[{"embeddable":true,"href":"https:\/\/ge24h.com\/fr\/wp-json\/wp\/v2\/comments?post=6056"}],"wp:featuredmedia":[{"embeddable":true,"href":"https:\/\/ge24h.com\/fr\/wp-json\/wp\/v2\/media\/4945"}],"wp:attachment":[{"href":"https:\/\/ge24h.com\/fr\/wp-json\/wp\/v2\/media?parent=6056"}],"wp:term":[{"taxonomy":"product_brand","embeddable":true,"href":"https:\/\/ge24h.com\/fr\/wp-json\/wp\/v2\/product_brand?post=6056"},{"taxonomy":"product_cat","embeddable":true,"href":"https:\/\/ge24h.com\/fr\/wp-json\/wp\/v2\/product_cat?post=6056"},{"taxonomy":"product_tag","embeddable":true,"href":"https:\/\/ge24h.com\/fr\/wp-json\/wp\/v2\/product_tag?post=6056"}],"curies":[{"name":"wp","href":"https:\/\/api.w.org\/{rel}","templated":true}]}}