{"id":6051,"date":"2025-05-21T17:01:03","date_gmt":"2025-05-21T15:01:03","guid":{"rendered":"https:\/\/ge24h.com\/producto\/clarinex-5mg\/"},"modified":"2025-07-17T12:13:58","modified_gmt":"2025-07-17T10:13:58","slug":"clarinex-5mg","status":"publish","type":"product","link":"https:\/\/ge24h.com\/fr\/producto\/clarinex-5mg\/","title":{"rendered":"Clarinex 5mg"},"content":{"rendered":"<h3><strong>Nom du m\u00e9dicament:<\/strong> Clarinex<\/h3>\n<h3><strong>Nom g\u00e9n\u00e9rique:<\/strong> Desloratadine<\/h3>\n<p>&nbsp;<\/p>\n<h4><strong>Quelle est la chose la plus importante que je devrais savoir sur Clarinex?<\/strong><\/h4>\n<ul>\n<li><strong>Contrairement \u00e0 d\u2019autres m\u00e9dicaments, il est peu probable que Clarinex provoque des \u00e9tourdissements ou de la somnolence.<br \/><\/strong><\/li>\n<li>Soyez prudent si vous conduisez, utilisez des machines ou effectuez une activit\u00e9 \u00e0 risque.<\/li>\n<li><strong>Si vous ressentez des \u00e9tourdissements ou de la somnolence, \u00e9vitez ce type d\u2019activit\u00e9s.<\/strong><\/li>\n<\/ul>\n<p>&nbsp;<\/p>\n<h4><strong>Qu&rsquo;est-ce que Clarinex?<br \/><\/strong><\/h4>\n<p>Clarinex est un antihistaminique. Les antihistaminiques pr\u00e9viennent les \u00e9ternuements, l&rsquo;\u00e9coulement nasal, le larmoiement et d&rsquo;autres sympt\u00f4mes d&rsquo;allergie.<br \/>\nClarinex est utilis\u00e9 pour traiter les sympt\u00f4mes d\u2019allergie.<br \/>\nClarinex peut \u00e9galement \u00eatre utilis\u00e9 \u00e0 d\u2019autres fins mentionn\u00e9es dans le guide m\u00e9dical. <\/p>\n<h4><strong>Que dois-je discuter avec mon m\u00e9decin avant de prendre Clarinex?<\/strong><\/h4>\n<ul>\n<li>Avant de prendre Clarinex, informez votre m\u00e9decin si vous avez eu l\u2019un des effets secondaires suivants:\n<ul>\n<li><strong>Avez-vous d\u00e9j\u00e0 eu une r\u00e9action allergique \u00e0 un antihistaminique?<\/strong><\/li>\n<li><strong>La maladie du roi.<\/strong><\/li>\n<li><strong>Maladie du foie gras.<\/strong><\/li>\n<\/ul>\n<\/li>\n<li>Si vous pr\u00e9sentez l\u2019une des affections ci-dessus, vous ne pourrez peut-\u00eatre pas prendre Clarinex, ou vous devrez peut-\u00eatre r\u00e9duire votre dose ou b\u00e9n\u00e9ficier d\u2019une surveillance particuli\u00e8re pendant le traitement.<\/li>\n<li><strong>Clarinex est class\u00e9 dans la cat\u00e9gorie C de grossesse de la FDA <\/strong> : il n&rsquo;est pas connu qu&rsquo;il provoque des malformations cong\u00e9nitales, mais consultez votre m\u00e9decin si vous \u00eates enceinte ou pr\u00e9voyez de le devenir.<\/li>\n<li><strong>Clarinex passe dans le lait maternel<\/strong> et peut \u00eatre nocif pour le b\u00e9b\u00e9. Consultez votre m\u00e9decin si vous allaitez. <\/li>\n<\/ul>\n<p>&nbsp;<\/p>\n<h4><strong>Comment dois-je prendre Clarinex?<\/strong><\/h4>\n<ul>\n<li>Prenez Clarinex exactement comme prescrit par votre m\u00e9decin.<\/li>\n<li>Si vous ne comprenez pas les instructions, contactez votre pharmacie, votre infirmi\u00e8re ou votre m\u00e9decin.<\/li>\n<li><strong>Prenez chaque dose avec un grand verre (8 onces) d\u2019eau.<\/strong><\/li>\n<li>Placez les comprim\u00e9s d\u00e9sint\u00e9grants (Clarinex Reditabs) sur votre langue et laissez-les se dissoudre. Avalez-les avec ou sans eau. <\/li>\n<li>Prenez les comprim\u00e9s d\u00e9sint\u00e9grants imm\u00e9diatement apr\u00e8s avoir retir\u00e9 l&rsquo;opercule en aluminium.<br \/> <strong>Ne les gardez pas pour plus tard.<br \/><\/strong><\/li>\n<li>Clarinex peut \u00eatre pris avec ou sans nourriture.<\/li>\n<li><strong>Il est g\u00e9n\u00e9ralement pris une fois par jour.<br \/><\/strong><\/li>\n<li>Ne prenez jamais plus que la dose recommand\u00e9e.<br \/> Si les sympt\u00f4mes persistent, contactez votre m\u00e9decin.<\/li>\n<li>Conserver Clarinex \u00e0 temp\u00e9rature ambiante, \u00e0 l&rsquo;abri de <strong> l&rsquo;humidit\u00e9 et de la chaleur excessive. <\/strong> Ne pas exposer \u00e0 des temp\u00e9ratures sup\u00e9rieures \u00e0 30 \u00b0C. <\/li>\n<\/ul>\n<p>&nbsp;<\/p>\n<h4><strong>Que se passe-t-il si j\u2019oublie de prendre une dose?<\/strong><\/h4>\n<ul>\n<li>Prenez la dose d\u00e8s que vous vous en souvenez.<\/li>\n<li>S&rsquo;il est presque l&rsquo;heure de votre prochaine dose, sautez la dose oubli\u00e9e et prenez la suivante \u00e0 l&rsquo;heure habituelle.<\/li>\n<li><strong>Ne doublez pas la dose.<br \/><\/strong><\/li>\n<\/ul>\n<p>&nbsp;<\/p>\n<h4><strong>Que se passe-t-il en cas de surdose?<\/strong><\/h4>\n<ul>\n<li><strong>Consultez imm\u00e9diatement un m\u00e9decin.<br \/><\/strong><\/li>\n<li>Les sympt\u00f4mes exacts d\u2019un surdosage de Clarinex sont inconnus, mais peuvent inclure de la <strong>somnolence.<\/strong><\/li>\n<\/ul>\n<p>&nbsp;<\/p>\n<h4><strong>Que dois-je \u00e9viter pendant que je prends Clarinex?<br \/><\/strong><\/h4>\n<ul>\n<li><strong>Il est peu probable que cela provoque des \u00e9tourdissements <\/strong> ou de la somnolence, mais soyez prudent si vous participez \u00e0 des activit\u00e9s \u00e0 risque.<\/li>\n<li>Si vous ressentez ces effets, \u00e9vitez de conduire ou d\u2019utiliser des machines.<\/li>\n<\/ul>\n<p>&nbsp;<\/p>\n<h4><strong>Quels sont les effets secondaires possibles de Clarinex?<br \/><\/strong><\/h4>\n<h4><strong>Effets graves:<\/strong><\/h4>\n<ul>\n<li><strong>R\u00e9action allergique: d<\/strong>ifficult\u00e9 \u00e0 respirer, fermeture de la gorge, gonflement des l\u00e8vres, de la langue ou du visage, urticaire.<\/li>\n<li><strong>Rythme cardiaque irr\u00e9gulier ou rapide.<br \/><\/strong><\/li>\n<\/ul>\n<p>&nbsp;<\/p>\n<h4><strong>Effets mineurs:<\/strong><\/h4>\n<ul>\n<li>Somnolence ou \u00e9tourdissements.<\/li>\n<li>Naus\u00e9e.<\/li>\n<li>S\u00e9cheresse de la bouche ou de la gorge.<\/li>\n<li>Douleur musculaire.<\/li>\n<\/ul>\n<p>Si vous ressentez des effets secondaires inhabituels ou g\u00eanants, consultez votre m\u00e9decin.<\/p>\n<h4><strong>Quels m\u00e9dicaments peuvent interagir avec Clarinex?<\/strong><\/h4>\n<p>Il n\u2019y a aucune interaction connue avec d\u2019autres m\u00e9dicaments.<\/p>\n<p><strong>Parlez \u00e0 votre m\u00e9decin ou \u00e0 votre pharmacien avant de prendre tout autre m\u00e9dicament,<\/strong> y compris des vitamines, des min\u00e9raux et des produits \u00e0 base de plantes, pendant votre traitement avec Clarinex.<\/p>\n","protected":false},"excerpt":{"rendered":"<p>Clarinex (desloratadine)<br \/>\nSynonymes : Desloratine, Dloratin, Aerius, Alavert, Claritin, Desloratidine, Loratadine<br \/>\nClarinex (Desloratadine) est un antihistaminique utilis\u00e9 pour soulager les sympt\u00f4mes associ\u00e9s au rhume des foins et \u00e0 d\u2019autres affections allergiques telles que les yeux larmoyants, la congestion nasale, les d\u00e9mangeaisons oculaires et les \u00e9ternuements.<\/p>\n","protected":false},"featured_media":4913,"comment_status":"open","ping_status":"closed","template":"","meta":[],"product_brand":[508],"product_cat":[352],"product_tag":[],"class_list":{"0":"post-6051","1":"product","2":"type-product","3":"status-publish","4":"has-post-thumbnail","6":"product_brand-rx-pharmacy-2","7":"product_cat-allergie","9":"first","10":"instock","11":"taxable","12":"shipping-taxable","13":"purchasable","14":"product-type-variable"},"yoast_head":"<!-- This site is optimized with the Yoast SEO plugin v25.6 - https:\/\/yoast.com\/wordpress\/plugins\/seo\/ -->\n<title>Clarinex 5mg - Ge24h<\/title>\n<meta name=\"description\" content=\"Achetez Clarinex 5 mg chez GE24h. Obtenez les meilleurs m\u00e9dicaments g\u00e9n\u00e9riques au meilleur prix sur notre site web d\u00e8s maintenant. Achetez des g\u00e9n\u00e9riques.\" \/>\n<meta name=\"robots\" content=\"index, follow, max-snippet:-1, max-image-preview:large, max-video-preview:-1\" \/>\n<link rel=\"canonical\" href=\"https:\/\/ge24h.com\/fr\/producto\/clarinex-5mg\/\" \/>\n<meta property=\"og:locale\" content=\"fr_FR\" \/>\n<meta property=\"og:type\" content=\"article\" \/>\n<meta property=\"og:title\" content=\"Clarinex 5mg - Ge24h\" \/>\n<meta property=\"og:description\" content=\"Achetez Clarinex 5 mg chez GE24h. Obtenez les meilleurs m\u00e9dicaments g\u00e9n\u00e9riques au meilleur prix sur notre site web d\u00e8s maintenant. Achetez des g\u00e9n\u00e9riques.\" \/>\n<meta property=\"og:url\" content=\"https:\/\/ge24h.com\/fr\/producto\/clarinex-5mg\/\" \/>\n<meta property=\"og:site_name\" content=\"Ge24h\" \/>\n<meta property=\"article:modified_time\" content=\"2025-07-17T10:13:58+00:00\" \/>\n<meta property=\"og:image\" content=\"https:\/\/ge24h.com\/wp-content\/uploads\/Clarinex-5mg-2.png\" \/>\n\t<meta property=\"og:image:width\" content=\"800\" \/>\n\t<meta property=\"og:image:height\" content=\"800\" \/>\n\t<meta property=\"og:image:type\" content=\"image\/png\" \/>\n<meta name=\"twitter:card\" content=\"summary_large_image\" \/>\n<meta name=\"twitter:label1\" content=\"Dur\u00e9e de lecture estim\u00e9e\" \/>\n\t<meta name=\"twitter:data1\" content=\"3 minutes\" \/>\n<script type=\"application\/ld+json\" class=\"yoast-schema-graph\">{\"@context\":\"https:\/\/schema.org\",\"@graph\":[{\"@type\":\"WebPage\",\"@id\":\"https:\/\/ge24h.com\/fr\/producto\/clarinex-5mg\/\",\"url\":\"https:\/\/ge24h.com\/fr\/producto\/clarinex-5mg\/\",\"name\":\"Clarinex 5mg - Ge24h\",\"isPartOf\":{\"@id\":\"https:\/\/ge24h.com\/#website\"},\"primaryImageOfPage\":{\"@id\":\"https:\/\/ge24h.com\/fr\/producto\/clarinex-5mg\/#primaryimage\"},\"image\":{\"@id\":\"https:\/\/ge24h.com\/fr\/producto\/clarinex-5mg\/#primaryimage\"},\"thumbnailUrl\":\"https:\/\/ge24h.com\/wp-content\/uploads\/Clarinex-5mg-2.png\",\"datePublished\":\"2025-05-21T15:01:03+00:00\",\"dateModified\":\"2025-07-17T10:13:58+00:00\",\"description\":\"Achetez Clarinex 5 mg chez GE24h. Obtenez les meilleurs m\u00e9dicaments g\u00e9n\u00e9riques au meilleur prix sur notre site web d\u00e8s maintenant. Achetez des g\u00e9n\u00e9riques.\",\"breadcrumb\":{\"@id\":\"https:\/\/ge24h.com\/fr\/producto\/clarinex-5mg\/#breadcrumb\"},\"inLanguage\":\"fr-FR\",\"potentialAction\":[{\"@type\":\"ReadAction\",\"target\":[\"https:\/\/ge24h.com\/fr\/producto\/clarinex-5mg\/\"]}]},{\"@type\":\"ImageObject\",\"inLanguage\":\"fr-FR\",\"@id\":\"https:\/\/ge24h.com\/fr\/producto\/clarinex-5mg\/#primaryimage\",\"url\":\"https:\/\/ge24h.com\/wp-content\/uploads\/Clarinex-5mg-2.png\",\"contentUrl\":\"https:\/\/ge24h.com\/wp-content\/uploads\/Clarinex-5mg-2.png\",\"width\":800,\"height\":800,\"caption\":\"Clarinex 5mg\"},{\"@type\":\"BreadcrumbList\",\"@id\":\"https:\/\/ge24h.com\/fr\/producto\/clarinex-5mg\/#breadcrumb\",\"itemListElement\":[{\"@type\":\"ListItem\",\"position\":1,\"name\":\"Portada\",\"item\":\"https:\/\/ge24h.com\/fr\/\"},{\"@type\":\"ListItem\",\"position\":2,\"name\":\"boutique\",\"item\":\"https:\/\/ge24h.com\/fr\/boutique\/\"},{\"@type\":\"ListItem\",\"position\":3,\"name\":\"Clarinex 5mg\"}]},{\"@type\":\"WebSite\",\"@id\":\"https:\/\/ge24h.com\/#website\",\"url\":\"https:\/\/ge24h.com\/\",\"name\":\"Ge24h\",\"description\":\"Medicamentos Gen\u00e9ricos, Finpecia, Kamagra, Sidenafil, Tadalafil\",\"publisher\":{\"@id\":\"https:\/\/ge24h.com\/#organization\"},\"potentialAction\":[{\"@type\":\"SearchAction\",\"target\":{\"@type\":\"EntryPoint\",\"urlTemplate\":\"https:\/\/ge24h.com\/?s={search_term_string}\"},\"query-input\":{\"@type\":\"PropertyValueSpecification\",\"valueRequired\":true,\"valueName\":\"search_term_string\"}}],\"inLanguage\":\"fr-FR\"},{\"@type\":\"Organization\",\"@id\":\"https:\/\/ge24h.com\/#organization\",\"name\":\"Ge24h\",\"url\":\"https:\/\/ge24h.com\/\",\"logo\":{\"@type\":\"ImageObject\",\"inLanguage\":\"fr-FR\",\"@id\":\"https:\/\/ge24h.com\/#\/schema\/logo\/image\/\",\"url\":\"https:\/\/ge24h.com\/wp-content\/uploads\/logo-1.svg\",\"contentUrl\":\"https:\/\/ge24h.com\/wp-content\/uploads\/logo-1.svg\",\"width\":200,\"height\":58,\"caption\":\"Ge24h\"},\"image\":{\"@id\":\"https:\/\/ge24h.com\/#\/schema\/logo\/image\/\"}}]}<\/script>\n<!-- \/ Yoast SEO plugin. -->","yoast_head_json":{"title":"Clarinex 5mg - Ge24h","description":"Achetez Clarinex 5 mg chez GE24h. Obtenez les meilleurs m\u00e9dicaments g\u00e9n\u00e9riques au meilleur prix sur notre site web d\u00e8s maintenant. Achetez des g\u00e9n\u00e9riques.","robots":{"index":"index","follow":"follow","max-snippet":"max-snippet:-1","max-image-preview":"max-image-preview:large","max-video-preview":"max-video-preview:-1"},"canonical":"https:\/\/ge24h.com\/fr\/producto\/clarinex-5mg\/","og_locale":"fr_FR","og_type":"article","og_title":"Clarinex 5mg - Ge24h","og_description":"Achetez Clarinex 5 mg chez GE24h. Obtenez les meilleurs m\u00e9dicaments g\u00e9n\u00e9riques au meilleur prix sur notre site web d\u00e8s maintenant. Achetez des g\u00e9n\u00e9riques.","og_url":"https:\/\/ge24h.com\/fr\/producto\/clarinex-5mg\/","og_site_name":"Ge24h","article_modified_time":"2025-07-17T10:13:58+00:00","og_image":[{"width":800,"height":800,"url":"https:\/\/ge24h.com\/wp-content\/uploads\/Clarinex-5mg-2.png","type":"image\/png"}],"twitter_card":"summary_large_image","twitter_misc":{"Dur\u00e9e de lecture estim\u00e9e":"3 minutes"},"schema":{"@context":"https:\/\/schema.org","@graph":[{"@type":"WebPage","@id":"https:\/\/ge24h.com\/fr\/producto\/clarinex-5mg\/","url":"https:\/\/ge24h.com\/fr\/producto\/clarinex-5mg\/","name":"Clarinex 5mg - Ge24h","isPartOf":{"@id":"https:\/\/ge24h.com\/#website"},"primaryImageOfPage":{"@id":"https:\/\/ge24h.com\/fr\/producto\/clarinex-5mg\/#primaryimage"},"image":{"@id":"https:\/\/ge24h.com\/fr\/producto\/clarinex-5mg\/#primaryimage"},"thumbnailUrl":"https:\/\/ge24h.com\/wp-content\/uploads\/Clarinex-5mg-2.png","datePublished":"2025-05-21T15:01:03+00:00","dateModified":"2025-07-17T10:13:58+00:00","description":"Achetez Clarinex 5 mg chez GE24h. Obtenez les meilleurs m\u00e9dicaments g\u00e9n\u00e9riques au meilleur prix sur notre site web d\u00e8s maintenant. Achetez des g\u00e9n\u00e9riques.","breadcrumb":{"@id":"https:\/\/ge24h.com\/fr\/producto\/clarinex-5mg\/#breadcrumb"},"inLanguage":"fr-FR","potentialAction":[{"@type":"ReadAction","target":["https:\/\/ge24h.com\/fr\/producto\/clarinex-5mg\/"]}]},{"@type":"ImageObject","inLanguage":"fr-FR","@id":"https:\/\/ge24h.com\/fr\/producto\/clarinex-5mg\/#primaryimage","url":"https:\/\/ge24h.com\/wp-content\/uploads\/Clarinex-5mg-2.png","contentUrl":"https:\/\/ge24h.com\/wp-content\/uploads\/Clarinex-5mg-2.png","width":800,"height":800,"caption":"Clarinex 5mg"},{"@type":"BreadcrumbList","@id":"https:\/\/ge24h.com\/fr\/producto\/clarinex-5mg\/#breadcrumb","itemListElement":[{"@type":"ListItem","position":1,"name":"Portada","item":"https:\/\/ge24h.com\/fr\/"},{"@type":"ListItem","position":2,"name":"boutique","item":"https:\/\/ge24h.com\/fr\/boutique\/"},{"@type":"ListItem","position":3,"name":"Clarinex 5mg"}]},{"@type":"WebSite","@id":"https:\/\/ge24h.com\/#website","url":"https:\/\/ge24h.com\/","name":"Ge24h","description":"Medicamentos Gen\u00e9ricos, Finpecia, Kamagra, Sidenafil, Tadalafil","publisher":{"@id":"https:\/\/ge24h.com\/#organization"},"potentialAction":[{"@type":"SearchAction","target":{"@type":"EntryPoint","urlTemplate":"https:\/\/ge24h.com\/?s={search_term_string}"},"query-input":{"@type":"PropertyValueSpecification","valueRequired":true,"valueName":"search_term_string"}}],"inLanguage":"fr-FR"},{"@type":"Organization","@id":"https:\/\/ge24h.com\/#organization","name":"Ge24h","url":"https:\/\/ge24h.com\/","logo":{"@type":"ImageObject","inLanguage":"fr-FR","@id":"https:\/\/ge24h.com\/#\/schema\/logo\/image\/","url":"https:\/\/ge24h.com\/wp-content\/uploads\/logo-1.svg","contentUrl":"https:\/\/ge24h.com\/wp-content\/uploads\/logo-1.svg","width":200,"height":58,"caption":"Ge24h"},"image":{"@id":"https:\/\/ge24h.com\/#\/schema\/logo\/image\/"}}]}},"_links":{"self":[{"href":"https:\/\/ge24h.com\/fr\/wp-json\/wp\/v2\/product\/6051","targetHints":{"allow":["GET"]}}],"collection":[{"href":"https:\/\/ge24h.com\/fr\/wp-json\/wp\/v2\/product"}],"about":[{"href":"https:\/\/ge24h.com\/fr\/wp-json\/wp\/v2\/types\/product"}],"replies":[{"embeddable":true,"href":"https:\/\/ge24h.com\/fr\/wp-json\/wp\/v2\/comments?post=6051"}],"wp:featuredmedia":[{"embeddable":true,"href":"https:\/\/ge24h.com\/fr\/wp-json\/wp\/v2\/media\/4913"}],"wp:attachment":[{"href":"https:\/\/ge24h.com\/fr\/wp-json\/wp\/v2\/media?parent=6051"}],"wp:term":[{"taxonomy":"product_brand","embeddable":true,"href":"https:\/\/ge24h.com\/fr\/wp-json\/wp\/v2\/product_brand?post=6051"},{"taxonomy":"product_cat","embeddable":true,"href":"https:\/\/ge24h.com\/fr\/wp-json\/wp\/v2\/product_cat?post=6051"},{"taxonomy":"product_tag","embeddable":true,"href":"https:\/\/ge24h.com\/fr\/wp-json\/wp\/v2\/product_tag?post=6051"}],"curies":[{"name":"wp","href":"https:\/\/api.w.org\/{rel}","templated":true}]}}