{"id":6044,"date":"2023-06-06T16:43:02","date_gmt":"2023-06-06T14:43:02","guid":{"rendered":"https:\/\/ge24h.com\/producto\/silagra-100mg\/"},"modified":"2025-07-17T11:31:06","modified_gmt":"2025-07-17T09:31:06","slug":"silagra-100mg","status":"publish","type":"product","link":"https:\/\/ge24h.com\/fr\/producto\/silagra-100mg\/","title":{"rendered":"Silagra 100mg"},"content":{"rendered":"<h3><strong>Nom du m\u00e9dicament :<\/strong> Sildenafil<\/h3>\n<h3><strong>Nom g\u00e9n\u00e9rique:<\/strong> Sildenafil<\/h3>\n<p>&nbsp;<\/p>\n<h4><strong>Quelle est la chose la plus importante que je devrais savoir sur le sild\u00e9nafil ?<\/strong><\/h4>\n<ul>\n<li><strong>Ne prenez pas de sild\u00e9nafil si vous prenez <\/strong> des nitrates pour des douleurs thoraciques ou des probl\u00e8mes cardiaques. Cela peut entra\u00eener une chute dangereuse de la tension art\u00e9rielle. <\/li>\n<li><strong>L&rsquo;activit\u00e9 sexuelle peut mettre votre c\u0153ur \u00e0 rude \u00e9preuve, s<\/strong>urtout si vous souffrez d\u00e9j\u00e0 de probl\u00e8mes cardiaques. Consultez votre m\u00e9decin si vous avez des doutes quant \u00e0 la s\u00e9curit\u00e9 de vos rapports sexuels. <\/li>\n<li><strong>Si vous ressentez des \u00e9tourdissements, des naus\u00e9es ou des douleurs dans la poitrine, les bras, le cou ou la m\u00e2choire <\/strong> pendant l\u2019activit\u00e9 sexuelle, arr\u00eatez imm\u00e9diatement les rapports sexuels et consultez votre m\u00e9decin.<\/li>\n<li><strong>Vous ne devez pas prendre du sild\u00e9nafil plus d\u2019une fois par jour.<br \/><\/strong><\/li>\n<li><strong>Si vous avez une \u00e9rection douloureuse ou qui dure plus de 4 heures<\/strong>, consultez imm\u00e9diatement un m\u00e9decin. Il pourrait s&rsquo;agir d&rsquo;un priapisme, une affection grave pouvant entra\u00eener des l\u00e9sions permanentes. <\/li>\n<\/ul>\n<p>&nbsp;<\/p>\n<h4><strong>Qu&rsquo;est-ce que le sild\u00e9nafil ?<br \/><\/strong><\/h4>\n<p><strong>Le sild\u00e9nafil <\/strong> est un m\u00e9dicament utilis\u00e9 pour traiter la <strong>dysfonction \u00e9rectile<\/strong> (impuissance) chez l&rsquo;homme. Il peut \u00e9galement \u00eatre utilis\u00e9 pour traiter l&rsquo;hypertension <strong>art\u00e9rielle pulmonaire<\/strong>, car il r\u00e9duit la pression art\u00e9rielle pulmonaire. <\/p>\n<p>Ce m\u00e9dicament agit en emp\u00eachant la production d&rsquo;une enzyme appel\u00e9e <strong>phosphodiest\u00e9rase de type 5 (PDE5),<\/strong> qui permet l&rsquo;accumulation de guanosine <strong>monophosphate cyclique (GMPc), <\/strong> responsable de l&rsquo;augmentation du flux sanguin vers le p\u00e9nis et facilitant ainsi l&rsquo;\u00e9rection.<\/p>\n<p><strong>L&rsquo;\u00e9rection p\u00e9nienne<\/strong> se produit lorsque le flux sanguin vers le p\u00e9nis augmente, gr\u00e2ce \u00e0 la stimulation sexuelle, qui lib\u00e8re de l&rsquo;oxyde nitrique. Cet oxyde nitrique active une enzyme qui produit du GMPc. <strong> En emp\u00eachant la destruction du GMPc, le sild\u00e9nafil prolonge la dur\u00e9e de l&rsquo;\u00e9rection.<\/strong>  <\/p>\n<p>&nbsp;<\/p>\n<h4><strong>Que dois-je discuter avec mon m\u00e9decin avant de prendre du Sild\u00e9nafil?<br \/><\/strong><\/h4>\n<ul>\n<li><strong>Ne prenez pas de sild\u00e9nafil si vous prenez des nitrates.<\/strong><\/li>\n<li>Consultez votre m\u00e9decin si vous avez des ant\u00e9c\u00e9dents de probl\u00e8mes cardiaques, <strong> d\u2019hypertension ou d\u2019hypotension art\u00e9rielle, de maladie du foie ou des reins.<\/strong><\/li>\n<li>Veuillez nous informer si vous souffrez de <strong>diab\u00e8te<\/strong>, de <strong>probl\u00e8mes circulatoires<\/strong>, de probl\u00e8mes <strong>neurologiques <\/strong> ou de probl\u00e8mes <strong>urologiques<\/strong>, car ces conditions peuvent affecter la dysfonction \u00e9rectile.<\/li>\n<li>V\u00e9rifiez si vous souffrez de <strong>troubles sanguins<\/strong> tels que la <strong>dr\u00e9panocytose, le my\u00e9lome multiple ou la leuc\u00e9mie.<\/strong><\/li>\n<li>Veuillez signaler tout <strong>probl\u00e8me structurel avec votre p\u00e9nis,<\/strong> des ant\u00e9c\u00e9dents de <strong>priapisme<\/strong> ou si l&rsquo;on vous a conseill\u00e9 de <strong>ne pas avoir de relations sexuelles pour des raisons m\u00e9dicales.<\/strong><\/li>\n<\/ul>\n<p>&nbsp;<\/p>\n<h4><strong>Comment dois-je prendre le Sild\u00e9nafil?<br \/><\/strong><\/h4>\n<ul>\n<li>Prenez le sild\u00e9nafil <strong>selon les directives de votre m\u00e9decin.<\/strong> Ne prenez pas de doses sup\u00e9rieures ni pendant une dur\u00e9e sup\u00e9rieure \u00e0 celle recommand\u00e9e. <\/li>\n<li><strong>Il est pris par voie orale,<\/strong> g\u00e9n\u00e9ralement <strong>30 minutes \u00e0 1 heure avant l&rsquo;activit\u00e9 sexuelle.<\/strong> Il peut \u00eatre pris jusqu&rsquo;\u00e0 4 heures avant. <\/li>\n<li><strong>Ne le prenez pas plus d&rsquo;une fois par jour.<br \/><\/strong><\/li>\n<li>N&rsquo;oubliez pas : le sild\u00e9nafil <strong>n&rsquo;agit qu&rsquo;avec une stimulation sexuelle. <\/strong> Il ne provoque pas automatiquement d&rsquo;\u00e9rection. <\/li>\n<\/ul>\n<p>&nbsp;<\/p>\n<h4><strong>Que se passe-t-il si j\u2019oublie de prendre une dose?<\/strong><\/h4>\n<p><strong>Le sild\u00e9nafil est pris en cas de besoin <\/strong> ; il est donc rare d&rsquo;oublier une dose. Ne prenez pas de double dose pour compenser la dose oubli\u00e9e. <\/p>\n<p>&nbsp;<\/p>\n<h4><strong>Que se passe-t-il en cas de surdose?<\/strong><\/h4>\n<p>En cas de suspicion de surdosage, consultez imm\u00e9diatement un m\u00e9decin. Les sympt\u00f4mes peuvent inclure des douleurs thoraciques, des naus\u00e9es, un rythme cardiaque irr\u00e9gulier, des \u00e9tourdissements ou des \u00e9vanouissements. <\/p>\n<p>&nbsp;<\/p>\n<h4><strong>Que dois-je \u00e9viter pendant que je prends du Sild\u00e9nafil?<\/strong><\/h4>\n<ul>\n<li>\u00c9vitez la consommation d\u2019alcool, car elle peut augmenter les effets secondaires tels que les \u00e9tourdissements ou l\u2019hypotension art\u00e9rielle.<\/li>\n<li>Ne prenez pas d\u2019autres m\u00e9dicaments contre la dysfonction \u00e9rectile sans consulter votre m\u00e9decin.<\/li>\n<\/ul>\n<p>&nbsp;<\/p>\n<h4><strong>Quels sont les effets secondaires possibles du Sild\u00e9nafil?<\/strong><\/h4>\n<h4><strong>Effets graves:<\/strong><\/h4>\n<ul>\n<li>Perte soudaine de la vision.<\/li>\n<li>Douleur thoracique ou douleur irradiant vers le bras ou l\u2019\u00e9paule.<\/li>\n<li>Naus\u00e9es, sueurs, malaise g\u00e9n\u00e9ral.<\/li>\n<li>Battements de c\u0153ur irr\u00e9guliers.<\/li>\n<li>Essoufflement.<\/li>\n<li>\u00c9rection douloureuse ou qui dure plus de 4 heures (priapisme).<\/li>\n<\/ul>\n<p>&nbsp;<\/p>\n<h4><strong>Effets mineurs:<\/strong><\/h4>\n<ul>\n<li>Rougeur du visage, du cou ou de la poitrine.<\/li>\n<li>Congestion nasale.<\/li>\n<li>Mal de t\u00eate.<\/li>\n<li>Maux d\u2019estomac ou maux de dos.<\/li>\n<\/ul>\n<p>Si vous ressentez des effets secondaires inhabituels ou g\u00eanants, consultez votre <strong>m\u00e9decin. <\/strong><\/p>\n<p>&nbsp;<\/p>\n<h4><strong>Quels m\u00e9dicaments peuvent interagir avec le sild\u00e9nafil?<\/strong><\/h4>\n<p>No tome Sildenafil si est\u00e1 tomando nitratos. Adem\u00e1s, informe a su m\u00e9dico si est\u00e1 tomando: <\/p>\n<ul>\n<li>Bosentan (Tracleer)<\/li>\n<li>Cim\u00e9tidine (Tagamet)<\/li>\n<li>Des antibiotiques tels que l&rsquo;\u00e9rythromycine ou la clarithromycine<\/li>\n<li>M\u00e9dicaments contre le VIH<\/li>\n<li>M\u00e9dicaments antifongiques tels que l&rsquo;itraconazole ou le k\u00e9toconazole<\/li>\n<li>Carbamaz\u00e9pine, ph\u00e9nobarbital ou ph\u00e9nyto\u00efne<\/li>\n<li>Rifampicine ou rifabutine<\/li>\n<\/ul>\n<p><strong>Parlez \u00e0 votre m\u00e9decin de tous les m\u00e9dicaments que vous prenez,<\/strong> y compris les suppl\u00e9ments vitaminiques, les produits \u00e0 base de plantes et les m\u00e9dicaments en vente libre.<\/p>\n<p>&nbsp;<\/p>\n<h4><strong>Pr\u00e9sentation:<\/strong><\/h4>\n<p><strong>Le sild\u00e9nafil <\/strong> est disponible sous forme de <strong>comprim\u00e9s de 25 mg, 50 mg et 100 mg<\/strong> pour le traitement de la dysfonction \u00e9rectile.<\/p>\n<p>&nbsp;<\/p>\n<h4><strong>Stockage:<\/strong><\/h4>\n<p>Les comprim\u00e9s doivent \u00eatre conserv\u00e9s \u00e0 temp\u00e9rature ambiante, entre 15\u00b0C et 30\u00b0C (59\u00b0F &#8211; 86\u00b0F).<\/p>\n<p>&nbsp;<\/p>\n<h4><strong>Prescrit pour:<\/strong><\/h4>\n<p><strong>Le sild\u00e9nafil<\/strong> est utilis\u00e9 pour traiter la <strong>dysfonction \u00e9rectile,<\/strong> qu\u2019elle soit due \u00e0 des causes <strong>organiques (m\u00e9dicales)<\/strong> ou <strong>psychog\u00e8nes. <\/strong><\/p>\n<p>&nbsp;<\/p>\n","protected":false},"excerpt":{"rendered":"<p>Le sild\u00e9nafil est utilis\u00e9 pour le traitement de la dysfonction \u00e9rectile d&rsquo;origine organique (maladie) ou psychog\u00e8ne (psychologique) et de l&rsquo;hypertension art\u00e9rielle pulmonaire.<\/p>\n<ul>\n<li><strong data-start=\"49\" data-end=\"71\">Am\u00e9liore l\u2019\u00e9rection<\/strong> en augmentant le flux sanguin.<\/li>\n<li><strong data-start=\"109\" data-end=\"140\">Augmente la confiance<\/strong> et le bien-\u00eatre sexuels.<\/li>\n<li><strong data-start=\"162\" data-end=\"190\">Effet rapide et durable<\/strong>, entre 4 et 6 heures.<\/li>\n<\/ul>\n","protected":false},"featured_media":4961,"comment_status":"open","ping_status":"closed","template":"","meta":[],"product_brand":[342],"product_cat":[351,359],"product_tag":[],"class_list":{"0":"post-6044","1":"product","2":"type-product","3":"status-publish","4":"has-post-thumbnail","6":"product_brand-cipla","7":"product_cat-sante-des-hommes","8":"product_cat-en-vedette","10":"first","11":"instock","12":"taxable","13":"shipping-taxable","14":"purchasable","15":"product-type-variable"},"yoast_head":"<!-- This site is optimized with the Yoast SEO plugin v25.6 - https:\/\/yoast.com\/wordpress\/plugins\/seo\/ -->\n<title>Silagra 100mg - Ge24h<\/title>\n<meta name=\"description\" content=\"Achetez Silagra 100 mg. Obtenez d\u00e8s maintenant les meilleurs m\u00e9dicaments g\u00e9n\u00e9riques au meilleur prix sur notre site web. Achetez des g\u00e9n\u00e9riques.\" \/>\n<meta name=\"robots\" content=\"index, follow, max-snippet:-1, max-image-preview:large, max-video-preview:-1\" \/>\n<link rel=\"canonical\" href=\"https:\/\/ge24h.com\/fr\/producto\/silagra-100mg\/\" \/>\n<meta property=\"og:locale\" content=\"fr_FR\" \/>\n<meta property=\"og:type\" content=\"article\" \/>\n<meta property=\"og:title\" content=\"Silagra 100mg - Ge24h\" \/>\n<meta property=\"og:description\" content=\"Achetez Silagra 100 mg. Obtenez d\u00e8s maintenant les meilleurs m\u00e9dicaments g\u00e9n\u00e9riques au meilleur prix sur notre site web. Achetez des g\u00e9n\u00e9riques.\" \/>\n<meta property=\"og:url\" content=\"https:\/\/ge24h.com\/fr\/producto\/silagra-100mg\/\" \/>\n<meta property=\"og:site_name\" content=\"Ge24h\" \/>\n<meta property=\"article:modified_time\" content=\"2025-07-17T09:31:06+00:00\" \/>\n<meta property=\"og:image\" content=\"https:\/\/ge24h.com\/wp-content\/uploads\/silagra-100mg-1.png\" \/>\n\t<meta property=\"og:image:width\" content=\"800\" \/>\n\t<meta property=\"og:image:height\" content=\"800\" \/>\n\t<meta property=\"og:image:type\" content=\"image\/png\" \/>\n<meta name=\"twitter:card\" content=\"summary_large_image\" \/>\n<meta name=\"twitter:label1\" content=\"Dur\u00e9e de lecture estim\u00e9e\" \/>\n\t<meta name=\"twitter:data1\" content=\"5 minutes\" \/>\n<script type=\"application\/ld+json\" class=\"yoast-schema-graph\">{\"@context\":\"https:\/\/schema.org\",\"@graph\":[{\"@type\":\"WebPage\",\"@id\":\"https:\/\/ge24h.com\/fr\/producto\/silagra-100mg\/\",\"url\":\"https:\/\/ge24h.com\/fr\/producto\/silagra-100mg\/\",\"name\":\"Silagra 100mg - Ge24h\",\"isPartOf\":{\"@id\":\"https:\/\/ge24h.com\/#website\"},\"primaryImageOfPage\":{\"@id\":\"https:\/\/ge24h.com\/fr\/producto\/silagra-100mg\/#primaryimage\"},\"image\":{\"@id\":\"https:\/\/ge24h.com\/fr\/producto\/silagra-100mg\/#primaryimage\"},\"thumbnailUrl\":\"https:\/\/ge24h.com\/wp-content\/uploads\/silagra-100mg-1.png\",\"datePublished\":\"2023-06-06T14:43:02+00:00\",\"dateModified\":\"2025-07-17T09:31:06+00:00\",\"description\":\"Achetez Silagra 100 mg. Obtenez d\u00e8s maintenant les meilleurs m\u00e9dicaments g\u00e9n\u00e9riques au meilleur prix sur notre site web. Achetez des g\u00e9n\u00e9riques.\",\"breadcrumb\":{\"@id\":\"https:\/\/ge24h.com\/fr\/producto\/silagra-100mg\/#breadcrumb\"},\"inLanguage\":\"fr-FR\",\"potentialAction\":[{\"@type\":\"ReadAction\",\"target\":[\"https:\/\/ge24h.com\/fr\/producto\/silagra-100mg\/\"]}]},{\"@type\":\"ImageObject\",\"inLanguage\":\"fr-FR\",\"@id\":\"https:\/\/ge24h.com\/fr\/producto\/silagra-100mg\/#primaryimage\",\"url\":\"https:\/\/ge24h.com\/wp-content\/uploads\/silagra-100mg-1.png\",\"contentUrl\":\"https:\/\/ge24h.com\/wp-content\/uploads\/silagra-100mg-1.png\",\"width\":800,\"height\":800,\"caption\":\"Silagra 100mg\"},{\"@type\":\"BreadcrumbList\",\"@id\":\"https:\/\/ge24h.com\/fr\/producto\/silagra-100mg\/#breadcrumb\",\"itemListElement\":[{\"@type\":\"ListItem\",\"position\":1,\"name\":\"Portada\",\"item\":\"https:\/\/ge24h.com\/fr\/\"},{\"@type\":\"ListItem\",\"position\":2,\"name\":\"boutique\",\"item\":\"https:\/\/ge24h.com\/fr\/boutique\/\"},{\"@type\":\"ListItem\",\"position\":3,\"name\":\"Silagra 100mg\"}]},{\"@type\":\"WebSite\",\"@id\":\"https:\/\/ge24h.com\/#website\",\"url\":\"https:\/\/ge24h.com\/\",\"name\":\"Ge24h\",\"description\":\"Medicamentos Gen\u00e9ricos, Finpecia, Kamagra, Sidenafil, Tadalafil\",\"publisher\":{\"@id\":\"https:\/\/ge24h.com\/#organization\"},\"potentialAction\":[{\"@type\":\"SearchAction\",\"target\":{\"@type\":\"EntryPoint\",\"urlTemplate\":\"https:\/\/ge24h.com\/?s={search_term_string}\"},\"query-input\":{\"@type\":\"PropertyValueSpecification\",\"valueRequired\":true,\"valueName\":\"search_term_string\"}}],\"inLanguage\":\"fr-FR\"},{\"@type\":\"Organization\",\"@id\":\"https:\/\/ge24h.com\/#organization\",\"name\":\"Ge24h\",\"url\":\"https:\/\/ge24h.com\/\",\"logo\":{\"@type\":\"ImageObject\",\"inLanguage\":\"fr-FR\",\"@id\":\"https:\/\/ge24h.com\/#\/schema\/logo\/image\/\",\"url\":\"https:\/\/ge24h.com\/wp-content\/uploads\/logo-1.svg\",\"contentUrl\":\"https:\/\/ge24h.com\/wp-content\/uploads\/logo-1.svg\",\"width\":200,\"height\":58,\"caption\":\"Ge24h\"},\"image\":{\"@id\":\"https:\/\/ge24h.com\/#\/schema\/logo\/image\/\"}}]}<\/script>\n<!-- \/ Yoast SEO plugin. -->","yoast_head_json":{"title":"Silagra 100mg - Ge24h","description":"Achetez Silagra 100 mg. Obtenez d\u00e8s maintenant les meilleurs m\u00e9dicaments g\u00e9n\u00e9riques au meilleur prix sur notre site web. Achetez des g\u00e9n\u00e9riques.","robots":{"index":"index","follow":"follow","max-snippet":"max-snippet:-1","max-image-preview":"max-image-preview:large","max-video-preview":"max-video-preview:-1"},"canonical":"https:\/\/ge24h.com\/fr\/producto\/silagra-100mg\/","og_locale":"fr_FR","og_type":"article","og_title":"Silagra 100mg - Ge24h","og_description":"Achetez Silagra 100 mg. Obtenez d\u00e8s maintenant les meilleurs m\u00e9dicaments g\u00e9n\u00e9riques au meilleur prix sur notre site web. Achetez des g\u00e9n\u00e9riques.","og_url":"https:\/\/ge24h.com\/fr\/producto\/silagra-100mg\/","og_site_name":"Ge24h","article_modified_time":"2025-07-17T09:31:06+00:00","og_image":[{"width":800,"height":800,"url":"https:\/\/ge24h.com\/wp-content\/uploads\/silagra-100mg-1.png","type":"image\/png"}],"twitter_card":"summary_large_image","twitter_misc":{"Dur\u00e9e de lecture estim\u00e9e":"5 minutes"},"schema":{"@context":"https:\/\/schema.org","@graph":[{"@type":"WebPage","@id":"https:\/\/ge24h.com\/fr\/producto\/silagra-100mg\/","url":"https:\/\/ge24h.com\/fr\/producto\/silagra-100mg\/","name":"Silagra 100mg - Ge24h","isPartOf":{"@id":"https:\/\/ge24h.com\/#website"},"primaryImageOfPage":{"@id":"https:\/\/ge24h.com\/fr\/producto\/silagra-100mg\/#primaryimage"},"image":{"@id":"https:\/\/ge24h.com\/fr\/producto\/silagra-100mg\/#primaryimage"},"thumbnailUrl":"https:\/\/ge24h.com\/wp-content\/uploads\/silagra-100mg-1.png","datePublished":"2023-06-06T14:43:02+00:00","dateModified":"2025-07-17T09:31:06+00:00","description":"Achetez Silagra 100 mg. Obtenez d\u00e8s maintenant les meilleurs m\u00e9dicaments g\u00e9n\u00e9riques au meilleur prix sur notre site web. Achetez des g\u00e9n\u00e9riques.","breadcrumb":{"@id":"https:\/\/ge24h.com\/fr\/producto\/silagra-100mg\/#breadcrumb"},"inLanguage":"fr-FR","potentialAction":[{"@type":"ReadAction","target":["https:\/\/ge24h.com\/fr\/producto\/silagra-100mg\/"]}]},{"@type":"ImageObject","inLanguage":"fr-FR","@id":"https:\/\/ge24h.com\/fr\/producto\/silagra-100mg\/#primaryimage","url":"https:\/\/ge24h.com\/wp-content\/uploads\/silagra-100mg-1.png","contentUrl":"https:\/\/ge24h.com\/wp-content\/uploads\/silagra-100mg-1.png","width":800,"height":800,"caption":"Silagra 100mg"},{"@type":"BreadcrumbList","@id":"https:\/\/ge24h.com\/fr\/producto\/silagra-100mg\/#breadcrumb","itemListElement":[{"@type":"ListItem","position":1,"name":"Portada","item":"https:\/\/ge24h.com\/fr\/"},{"@type":"ListItem","position":2,"name":"boutique","item":"https:\/\/ge24h.com\/fr\/boutique\/"},{"@type":"ListItem","position":3,"name":"Silagra 100mg"}]},{"@type":"WebSite","@id":"https:\/\/ge24h.com\/#website","url":"https:\/\/ge24h.com\/","name":"Ge24h","description":"Medicamentos Gen\u00e9ricos, Finpecia, Kamagra, Sidenafil, Tadalafil","publisher":{"@id":"https:\/\/ge24h.com\/#organization"},"potentialAction":[{"@type":"SearchAction","target":{"@type":"EntryPoint","urlTemplate":"https:\/\/ge24h.com\/?s={search_term_string}"},"query-input":{"@type":"PropertyValueSpecification","valueRequired":true,"valueName":"search_term_string"}}],"inLanguage":"fr-FR"},{"@type":"Organization","@id":"https:\/\/ge24h.com\/#organization","name":"Ge24h","url":"https:\/\/ge24h.com\/","logo":{"@type":"ImageObject","inLanguage":"fr-FR","@id":"https:\/\/ge24h.com\/#\/schema\/logo\/image\/","url":"https:\/\/ge24h.com\/wp-content\/uploads\/logo-1.svg","contentUrl":"https:\/\/ge24h.com\/wp-content\/uploads\/logo-1.svg","width":200,"height":58,"caption":"Ge24h"},"image":{"@id":"https:\/\/ge24h.com\/#\/schema\/logo\/image\/"}}]}},"_links":{"self":[{"href":"https:\/\/ge24h.com\/fr\/wp-json\/wp\/v2\/product\/6044","targetHints":{"allow":["GET"]}}],"collection":[{"href":"https:\/\/ge24h.com\/fr\/wp-json\/wp\/v2\/product"}],"about":[{"href":"https:\/\/ge24h.com\/fr\/wp-json\/wp\/v2\/types\/product"}],"replies":[{"embeddable":true,"href":"https:\/\/ge24h.com\/fr\/wp-json\/wp\/v2\/comments?post=6044"}],"wp:featuredmedia":[{"embeddable":true,"href":"https:\/\/ge24h.com\/fr\/wp-json\/wp\/v2\/media\/4961"}],"wp:attachment":[{"href":"https:\/\/ge24h.com\/fr\/wp-json\/wp\/v2\/media?parent=6044"}],"wp:term":[{"taxonomy":"product_brand","embeddable":true,"href":"https:\/\/ge24h.com\/fr\/wp-json\/wp\/v2\/product_brand?post=6044"},{"taxonomy":"product_cat","embeddable":true,"href":"https:\/\/ge24h.com\/fr\/wp-json\/wp\/v2\/product_cat?post=6044"},{"taxonomy":"product_tag","embeddable":true,"href":"https:\/\/ge24h.com\/fr\/wp-json\/wp\/v2\/product_tag?post=6044"}],"curies":[{"name":"wp","href":"https:\/\/api.w.org\/{rel}","templated":true}]}}