{"id":6040,"date":"2025-05-22T09:03:06","date_gmt":"2025-05-22T07:03:06","guid":{"rendered":"https:\/\/ge24h.com\/producto\/avodart-dutas-05mg\/"},"modified":"2025-07-17T10:55:53","modified_gmt":"2025-07-17T08:55:53","slug":"avodart-dutas-05mg","status":"publish","type":"product","link":"https:\/\/ge24h.com\/fr\/producto\/avodart-dutas-05mg\/","title":{"rendered":"Avodart Dutas 0,5mg"},"content":{"rendered":"<h3><strong>Nom du m\u00e9dicament:<\/strong> Avodart<\/h3>\n<h3><strong>Nom g\u00e9n\u00e9rique:<\/strong> Dutasteride<\/h3>\n<p>&nbsp;<\/p>\n<h4><strong>Quelle est la chose la plus importante que je devrais savoir sur Avodart ?<\/strong><\/h4>\n<ul>\n<li><strong>Ce m\u00e9dicament ne doit pas \u00eatre pris par les femmes ou les enfants.<\/strong><\/li>\n<li><strong>Ne doit pas \u00eatre utilis\u00e9 pendant la grossesse.<\/strong> Si une femme enceinte entre en contact avec ce produit, cela pourrait provoquer des malformations des organes sexuels externes du f\u0153tus m\u00e2le.<\/li>\n<li><strong>Le dutast\u00e9ride peut \u00eatre absorb\u00e9 par la peau.<\/strong> Les femmes enceintes ou celles qui envisagent de devenir enceintes ne doivent pas manipuler ce m\u00e9dicament.<\/li>\n<li><strong>Ne donnez <\/strong> pas de sang pendant que vous prenez ce m\u00e9dicament et pendant au moins 6 mois apr\u00e8s son arr\u00eat, afin d&rsquo;\u00e9viter le risque d&rsquo;exposition des femmes enceintes.<\/li>\n<\/ul>\n<p>&nbsp;<\/p>\n<h4><strong>Qu&rsquo;est-ce qu&rsquo;Avodart ?<\/strong><\/h4>\n<p>Avodart est un m\u00e9dicament utilis\u00e9 pour r\u00e9duire l&rsquo;hypertrophie de la prostate chez les hommes atteints d&rsquo;hyperplasie b\u00e9nigne de la prostate. Il agit en diminuant le taux de dihydrotestost\u00e9rone, l&rsquo;hormone responsable de la croissance de la prostate. <\/p>\n<p>Le dutast\u00e9ride aide \u00e0 r\u00e9duire le blocage urinaire et am\u00e9liore le flux urinaire.<\/p>\n<h4><strong>Que dois-je discuter avec mon m\u00e9decin avant de prendre Avodart ?<br \/><\/strong><\/h4>\n<ul>\n<li>Informez votre m\u00e9decin si vous avez des <strong>ant\u00e9c\u00e9dents d\u2019insuffisance h\u00e9patique.<\/strong><\/li>\n<li>Veuillez mentionner si vous avez eu une <strong>insuffisance des voies urinaires<\/strong> ou un <strong>cancer de la prostate.<\/strong><\/li>\n<li>Signalez toute <strong>allergie<\/strong> connue.<\/li>\n<li>Consultez votre m\u00e9decin si vous \u00eates <strong>enceinte ou pr\u00e9voyez de le devenir.<\/strong><\/li>\n<li>Bien que l\u2019on ne sache pas s\u2019il passe dans le lait maternel, <strong>ce produit ne doit pas \u00eatre utilis\u00e9 par les femmes.<\/strong><\/li>\n<\/ul>\n<p>&nbsp;<\/p>\n<h4><strong>Comment dois-je prendre Avodart ?<br \/><\/strong><\/h4>\n<ul>\n<li>Prenez ce m\u00e9dicament par voie <strong>orale une fois par jour,<\/strong> avec ou sans nourriture.<\/li>\n<li><strong>Avalez le comprim\u00e9 entier. <\/strong> Ne l&rsquo;\u00e9crasez pas et ne le croquez pas. <\/li>\n<li>Prenez ce m\u00e9dicament \u00e0 la <strong>m\u00eame heure chaque jour.<\/strong><\/li>\n<li>Il peut falloir de <strong>3 \u00e0 6 mois<\/strong> pour constater une am\u00e9lioration des sympt\u00f4mes.<\/li>\n<li>Lisez et suivez les instructions sur l\u2019\u00e9tiquette fournies par votre pharmacien.<\/li>\n<\/ul>\n<p>&nbsp;<\/p>\n<h4><strong>Que se passe-t-il si j\u2019oublie de prendre une dose?<\/strong><\/h4>\n<p>Prenez la dose oubli\u00e9e d\u00e8s que vous vous en rendez compte. Si la dose suivante est proche, sautez la dose oubli\u00e9e et reprenez votre sch\u00e9ma posologique habituel. **Ne prenez pas de double dose.**<\/p>\n<h4><strong>Que se passe-t-il en cas de surdose?<\/strong><\/h4>\n<p>Si vous pensez avoir pris une surdose, consultez imm\u00e9diatement un m\u00e9decin.*<\/p>\n<h4><strong>Que dois-je \u00e9viter pendant que je prends Avodart ?<\/strong><\/h4>\n<ul>\n<li><strong>\u00c9vitez de donner <\/strong> du sang jusqu\u2019\u00e0 6 mois apr\u00e8s l\u2019arr\u00eat du traitement.<\/li>\n<li>Les femmes enceintes ne doivent <strong>pas toucher les capsules cass\u00e9es ou non enrob\u00e9es.<\/strong><\/li>\n<\/ul>\n<p>&nbsp;<\/p>\n<h4><strong>Quels sont les effets secondaires possibles d\u2019Avodart ?<\/strong><\/h4>\n<h4><strong>Effets actuels:<\/strong><\/h4>\n<ul>\n<li><strong>Impuissance<\/strong><\/li>\n<li><strong>Diminution de l&rsquo;app\u00e9tit sexuel<\/strong><\/li>\n<li><strong>Diminution de la quantit\u00e9 d&rsquo;\u00e9jaculation<\/strong><\/li>\n<li><strong>Augmentation mammaire et\/ou douleur<\/strong><\/li>\n<\/ul>\n<p>Ces effets disparaissent g\u00e9n\u00e9ralement \u00e0 mesure que le corps s\u2019habitue au m\u00e9dicament.<\/p>\n<h4><strong>R\u00e9actions allergiques (peu fr\u00e9quentes) :<\/strong><\/h4>\n<ul>\n<li>\u00c9ruption cutan\u00e9e<\/li>\n<li>D\u00e9manger<\/li>\n<li>Gonflement<\/li>\n<li>Vertiges<\/li>\n<li>Difficult\u00e9 \u00e0 respirer<\/li>\n<\/ul>\n<p>Si l&rsquo;un de ces effets persiste ou s&rsquo;aggrave, contactez imm\u00e9diatement votre m\u00e9decin ou votre pharmacien. Si vous ressentez l&rsquo;un des effets non mentionn\u00e9s ci-dessus, consultez \u00e9galement un m\u00e9decin. <\/p>\n<p>&nbsp;<\/p>\n<h4><strong>Quels m\u00e9dicaments peuvent interagir avec Avodart ?<\/strong><\/h4>\n<ul>\n<li>Informez votre m\u00e9decin ou votre pharmacien de tous les m\u00e9dicaments sur <strong>ordonnance et en vente libre que vous prenez. <\/strong><\/li>\n<li>Ne commencez pas ou n\u2019arr\u00eatez pas de prendre un m\u00e9dicament sans l\u2019approbation de votre m\u00e9decin ou de votre pharmacien.<\/li>\n<li>Ce m\u00e9dicament p<strong>eut alt\u00e9rer les r\u00e9sultats du test PSA<\/strong> (utilis\u00e9 pour d\u00e9tecter le cancer de la prostate). Assurez-vous d&rsquo;informer le personnel du laboratoire et votre m\u00e9decin que vous prenez Avodart. <\/li>\n<\/ul>\n<p>Si vous avez ces questions, consultez votre m\u00e9decin pour vous assurer que vous \u00eates m\u00e9dicalement apte.<\/p>\n","protected":false},"excerpt":{"rendered":"<p>Avodart (Dutasteride) 0,5mg<\/p>\n<p style=\"font-weight: 400;\">Ce m\u00e9dicament est utilis\u00e9 pour r\u00e9duire le volume de la prostate chez les hommes atteints d&rsquo;hyperplasie b\u00e9nigne de la prostate (HBP). Il agit en diminuant le taux de l&rsquo;hormone responsable de la croissance de la prostate (dihydrotestost\u00e9rone). Le dutast\u00e9ride r\u00e9duit l&rsquo;obstruction urinaire et favorise le flux urinaire.  <\/p>\n<ul>\n<li>R\u00e9duit efficacement la taille de la prostate.<\/li>\n<li>Soulage les sympt\u00f4mes urinaires.<\/li>\n<li>R\u00e9duit le risque de chirurgie li\u00e9e \u00e0 la prostate.<\/li>\n<\/ul>\n","protected":false},"featured_media":4905,"comment_status":"open","ping_status":"closed","template":"","meta":[],"product_brand":[515],"product_cat":[357],"product_tag":[],"class_list":{"0":"post-6040","1":"product","2":"type-product","3":"status-publish","4":"has-post-thumbnail","6":"product_brand-gsk-2","7":"product_cat-soins-capillaires","9":"first","10":"instock","11":"taxable","12":"shipping-taxable","13":"purchasable","14":"product-type-variable"},"yoast_head":"<!-- This site is optimized with the Yoast SEO plugin v25.6 - https:\/\/yoast.com\/wordpress\/plugins\/seo\/ -->\n<title>Avodart Dutas 0,5mg - Ge24h<\/title>\n<meta name=\"description\" content=\"Achetez Avodart Dutas 0,5 mg sur GE24h. Obtenez les meilleurs m\u00e9dicaments g\u00e9n\u00e9riques au meilleur prix sur notre site web d\u00e8s maintenant. Achetez des g\u00e9n\u00e9riques.\" \/>\n<meta name=\"robots\" content=\"index, follow, max-snippet:-1, max-image-preview:large, max-video-preview:-1\" \/>\n<link rel=\"canonical\" href=\"https:\/\/ge24h.com\/fr\/producto\/avodart-dutas-05mg\/\" \/>\n<meta property=\"og:locale\" content=\"fr_FR\" \/>\n<meta property=\"og:type\" content=\"article\" \/>\n<meta property=\"og:title\" content=\"Avodart Dutas 0,5mg - Ge24h\" \/>\n<meta property=\"og:description\" content=\"Achetez Avodart Dutas 0,5 mg sur GE24h. Obtenez les meilleurs m\u00e9dicaments g\u00e9n\u00e9riques au meilleur prix sur notre site web d\u00e8s maintenant. Achetez des g\u00e9n\u00e9riques.\" \/>\n<meta property=\"og:url\" content=\"https:\/\/ge24h.com\/fr\/producto\/avodart-dutas-05mg\/\" \/>\n<meta property=\"og:site_name\" content=\"Ge24h\" \/>\n<meta property=\"article:modified_time\" content=\"2025-07-17T08:55:53+00:00\" \/>\n<meta property=\"og:image\" content=\"https:\/\/ge24h.com\/wp-content\/uploads\/avodart-dutas-05-2.png\" \/>\n\t<meta property=\"og:image:width\" content=\"800\" \/>\n\t<meta property=\"og:image:height\" content=\"800\" \/>\n\t<meta property=\"og:image:type\" content=\"image\/png\" \/>\n<meta name=\"twitter:card\" content=\"summary_large_image\" \/>\n<meta name=\"twitter:label1\" content=\"Dur\u00e9e de lecture estim\u00e9e\" \/>\n\t<meta name=\"twitter:data1\" content=\"3 minutes\" \/>\n<script type=\"application\/ld+json\" class=\"yoast-schema-graph\">{\"@context\":\"https:\/\/schema.org\",\"@graph\":[{\"@type\":\"WebPage\",\"@id\":\"https:\/\/ge24h.com\/fr\/producto\/avodart-dutas-05mg\/\",\"url\":\"https:\/\/ge24h.com\/fr\/producto\/avodart-dutas-05mg\/\",\"name\":\"Avodart Dutas 0,5mg - Ge24h\",\"isPartOf\":{\"@id\":\"https:\/\/ge24h.com\/#website\"},\"primaryImageOfPage\":{\"@id\":\"https:\/\/ge24h.com\/fr\/producto\/avodart-dutas-05mg\/#primaryimage\"},\"image\":{\"@id\":\"https:\/\/ge24h.com\/fr\/producto\/avodart-dutas-05mg\/#primaryimage\"},\"thumbnailUrl\":\"https:\/\/ge24h.com\/wp-content\/uploads\/avodart-dutas-05-2.png\",\"datePublished\":\"2025-05-22T07:03:06+00:00\",\"dateModified\":\"2025-07-17T08:55:53+00:00\",\"description\":\"Achetez Avodart Dutas 0,5 mg sur GE24h. Obtenez les meilleurs m\u00e9dicaments g\u00e9n\u00e9riques au meilleur prix sur notre site web d\u00e8s maintenant. Achetez des g\u00e9n\u00e9riques.\",\"breadcrumb\":{\"@id\":\"https:\/\/ge24h.com\/fr\/producto\/avodart-dutas-05mg\/#breadcrumb\"},\"inLanguage\":\"fr-FR\",\"potentialAction\":[{\"@type\":\"ReadAction\",\"target\":[\"https:\/\/ge24h.com\/fr\/producto\/avodart-dutas-05mg\/\"]}]},{\"@type\":\"ImageObject\",\"inLanguage\":\"fr-FR\",\"@id\":\"https:\/\/ge24h.com\/fr\/producto\/avodart-dutas-05mg\/#primaryimage\",\"url\":\"https:\/\/ge24h.com\/wp-content\/uploads\/avodart-dutas-05-2.png\",\"contentUrl\":\"https:\/\/ge24h.com\/wp-content\/uploads\/avodart-dutas-05-2.png\",\"width\":800,\"height\":800,\"caption\":\"Avodart Dutas 0,5mg\"},{\"@type\":\"BreadcrumbList\",\"@id\":\"https:\/\/ge24h.com\/fr\/producto\/avodart-dutas-05mg\/#breadcrumb\",\"itemListElement\":[{\"@type\":\"ListItem\",\"position\":1,\"name\":\"Portada\",\"item\":\"https:\/\/ge24h.com\/fr\/\"},{\"@type\":\"ListItem\",\"position\":2,\"name\":\"boutique\",\"item\":\"https:\/\/ge24h.com\/fr\/boutique\/\"},{\"@type\":\"ListItem\",\"position\":3,\"name\":\"Avodart Dutas 0,5mg\"}]},{\"@type\":\"WebSite\",\"@id\":\"https:\/\/ge24h.com\/#website\",\"url\":\"https:\/\/ge24h.com\/\",\"name\":\"Ge24h\",\"description\":\"Medicamentos Gen\u00e9ricos, Finpecia, Kamagra, Sidenafil, Tadalafil\",\"publisher\":{\"@id\":\"https:\/\/ge24h.com\/#organization\"},\"potentialAction\":[{\"@type\":\"SearchAction\",\"target\":{\"@type\":\"EntryPoint\",\"urlTemplate\":\"https:\/\/ge24h.com\/?s={search_term_string}\"},\"query-input\":{\"@type\":\"PropertyValueSpecification\",\"valueRequired\":true,\"valueName\":\"search_term_string\"}}],\"inLanguage\":\"fr-FR\"},{\"@type\":\"Organization\",\"@id\":\"https:\/\/ge24h.com\/#organization\",\"name\":\"Ge24h\",\"url\":\"https:\/\/ge24h.com\/\",\"logo\":{\"@type\":\"ImageObject\",\"inLanguage\":\"fr-FR\",\"@id\":\"https:\/\/ge24h.com\/#\/schema\/logo\/image\/\",\"url\":\"https:\/\/ge24h.com\/wp-content\/uploads\/logo-1.svg\",\"contentUrl\":\"https:\/\/ge24h.com\/wp-content\/uploads\/logo-1.svg\",\"width\":200,\"height\":58,\"caption\":\"Ge24h\"},\"image\":{\"@id\":\"https:\/\/ge24h.com\/#\/schema\/logo\/image\/\"}}]}<\/script>\n<!-- \/ Yoast SEO plugin. -->","yoast_head_json":{"title":"Avodart Dutas 0,5mg - Ge24h","description":"Achetez Avodart Dutas 0,5 mg sur GE24h. Obtenez les meilleurs m\u00e9dicaments g\u00e9n\u00e9riques au meilleur prix sur notre site web d\u00e8s maintenant. Achetez des g\u00e9n\u00e9riques.","robots":{"index":"index","follow":"follow","max-snippet":"max-snippet:-1","max-image-preview":"max-image-preview:large","max-video-preview":"max-video-preview:-1"},"canonical":"https:\/\/ge24h.com\/fr\/producto\/avodart-dutas-05mg\/","og_locale":"fr_FR","og_type":"article","og_title":"Avodart Dutas 0,5mg - Ge24h","og_description":"Achetez Avodart Dutas 0,5 mg sur GE24h. Obtenez les meilleurs m\u00e9dicaments g\u00e9n\u00e9riques au meilleur prix sur notre site web d\u00e8s maintenant. Achetez des g\u00e9n\u00e9riques.","og_url":"https:\/\/ge24h.com\/fr\/producto\/avodart-dutas-05mg\/","og_site_name":"Ge24h","article_modified_time":"2025-07-17T08:55:53+00:00","og_image":[{"width":800,"height":800,"url":"https:\/\/ge24h.com\/wp-content\/uploads\/avodart-dutas-05-2.png","type":"image\/png"}],"twitter_card":"summary_large_image","twitter_misc":{"Dur\u00e9e de lecture estim\u00e9e":"3 minutes"},"schema":{"@context":"https:\/\/schema.org","@graph":[{"@type":"WebPage","@id":"https:\/\/ge24h.com\/fr\/producto\/avodart-dutas-05mg\/","url":"https:\/\/ge24h.com\/fr\/producto\/avodart-dutas-05mg\/","name":"Avodart Dutas 0,5mg - Ge24h","isPartOf":{"@id":"https:\/\/ge24h.com\/#website"},"primaryImageOfPage":{"@id":"https:\/\/ge24h.com\/fr\/producto\/avodart-dutas-05mg\/#primaryimage"},"image":{"@id":"https:\/\/ge24h.com\/fr\/producto\/avodart-dutas-05mg\/#primaryimage"},"thumbnailUrl":"https:\/\/ge24h.com\/wp-content\/uploads\/avodart-dutas-05-2.png","datePublished":"2025-05-22T07:03:06+00:00","dateModified":"2025-07-17T08:55:53+00:00","description":"Achetez Avodart Dutas 0,5 mg sur GE24h. Obtenez les meilleurs m\u00e9dicaments g\u00e9n\u00e9riques au meilleur prix sur notre site web d\u00e8s maintenant. Achetez des g\u00e9n\u00e9riques.","breadcrumb":{"@id":"https:\/\/ge24h.com\/fr\/producto\/avodart-dutas-05mg\/#breadcrumb"},"inLanguage":"fr-FR","potentialAction":[{"@type":"ReadAction","target":["https:\/\/ge24h.com\/fr\/producto\/avodart-dutas-05mg\/"]}]},{"@type":"ImageObject","inLanguage":"fr-FR","@id":"https:\/\/ge24h.com\/fr\/producto\/avodart-dutas-05mg\/#primaryimage","url":"https:\/\/ge24h.com\/wp-content\/uploads\/avodart-dutas-05-2.png","contentUrl":"https:\/\/ge24h.com\/wp-content\/uploads\/avodart-dutas-05-2.png","width":800,"height":800,"caption":"Avodart Dutas 0,5mg"},{"@type":"BreadcrumbList","@id":"https:\/\/ge24h.com\/fr\/producto\/avodart-dutas-05mg\/#breadcrumb","itemListElement":[{"@type":"ListItem","position":1,"name":"Portada","item":"https:\/\/ge24h.com\/fr\/"},{"@type":"ListItem","position":2,"name":"boutique","item":"https:\/\/ge24h.com\/fr\/boutique\/"},{"@type":"ListItem","position":3,"name":"Avodart Dutas 0,5mg"}]},{"@type":"WebSite","@id":"https:\/\/ge24h.com\/#website","url":"https:\/\/ge24h.com\/","name":"Ge24h","description":"Medicamentos Gen\u00e9ricos, Finpecia, Kamagra, Sidenafil, Tadalafil","publisher":{"@id":"https:\/\/ge24h.com\/#organization"},"potentialAction":[{"@type":"SearchAction","target":{"@type":"EntryPoint","urlTemplate":"https:\/\/ge24h.com\/?s={search_term_string}"},"query-input":{"@type":"PropertyValueSpecification","valueRequired":true,"valueName":"search_term_string"}}],"inLanguage":"fr-FR"},{"@type":"Organization","@id":"https:\/\/ge24h.com\/#organization","name":"Ge24h","url":"https:\/\/ge24h.com\/","logo":{"@type":"ImageObject","inLanguage":"fr-FR","@id":"https:\/\/ge24h.com\/#\/schema\/logo\/image\/","url":"https:\/\/ge24h.com\/wp-content\/uploads\/logo-1.svg","contentUrl":"https:\/\/ge24h.com\/wp-content\/uploads\/logo-1.svg","width":200,"height":58,"caption":"Ge24h"},"image":{"@id":"https:\/\/ge24h.com\/#\/schema\/logo\/image\/"}}]}},"_links":{"self":[{"href":"https:\/\/ge24h.com\/fr\/wp-json\/wp\/v2\/product\/6040","targetHints":{"allow":["GET"]}}],"collection":[{"href":"https:\/\/ge24h.com\/fr\/wp-json\/wp\/v2\/product"}],"about":[{"href":"https:\/\/ge24h.com\/fr\/wp-json\/wp\/v2\/types\/product"}],"replies":[{"embeddable":true,"href":"https:\/\/ge24h.com\/fr\/wp-json\/wp\/v2\/comments?post=6040"}],"wp:featuredmedia":[{"embeddable":true,"href":"https:\/\/ge24h.com\/fr\/wp-json\/wp\/v2\/media\/4905"}],"wp:attachment":[{"href":"https:\/\/ge24h.com\/fr\/wp-json\/wp\/v2\/media?parent=6040"}],"wp:term":[{"taxonomy":"product_brand","embeddable":true,"href":"https:\/\/ge24h.com\/fr\/wp-json\/wp\/v2\/product_brand?post=6040"},{"taxonomy":"product_cat","embeddable":true,"href":"https:\/\/ge24h.com\/fr\/wp-json\/wp\/v2\/product_cat?post=6040"},{"taxonomy":"product_tag","embeddable":true,"href":"https:\/\/ge24h.com\/fr\/wp-json\/wp\/v2\/product_tag?post=6040"}],"curies":[{"name":"wp","href":"https:\/\/api.w.org\/{rel}","templated":true}]}}