{"id":6033,"date":"2021-12-08T12:56:33","date_gmt":"2021-12-08T11:56:33","guid":{"rendered":"https:\/\/ge24h.com\/producto\/levitra-20mg\/"},"modified":"2025-07-17T10:43:01","modified_gmt":"2025-07-17T08:43:01","slug":"levitra-20mg","status":"publish","type":"product","link":"https:\/\/ge24h.com\/fr\/producto\/levitra-20mg\/","title":{"rendered":"Levitra 20mg"},"content":{"rendered":"<h3><strong>Nom du m\u00e9dicament:<\/strong> Levitra<\/h3>\n<h3><strong>Nom g\u00e9n\u00e9rique:<\/strong> Vardenafil<\/h3>\n<p>&nbsp;<\/p>\n<h4><strong>Quelle est la chose la plus importante que je devrais savoir sur Levitra?<br \/><\/strong><\/h4>\n<ul>\n<li>Ne prenez pas de Levitra si vous prenez des d\u00e9riv\u00e9s nitr\u00e9s pour des douleurs thoraciques ou des probl\u00e8mes cardiaques. Ces m\u00e9dicaments comprennent la nitroglyc\u00e9rine (Nitrostat, Nitrolingual, Nitro-Dur, Nitro-Bid, entre autres), le dinitrate d&rsquo;isosorbide (Dilatrate-SR, Isordril, Sorbitrate) et le mononitrate d&rsquo;isosorbide (Imdur, ISMO, Monoket). <\/li>\n<li>On trouve \u00e9galement des nitrates dans les drogues r\u00e9cr\u00e9atives telles que le nitrate <strong>d&rsquo;amyle ou le nitrite<\/strong> (<strong>\u00ab poppers \u00bb).<\/strong> L&rsquo;association du Levitra et des nitrates peut entra\u00eener de graves probl\u00e8mes de tension art\u00e9rielle, pouvant entra\u00eener des <strong>\u00e9tourdissements, des \u00e9vanouissements, une crise cardiaque ou un arr\u00eat cardiaque.<\/strong> <\/li>\n<li>Si vous ressentez des \u00e9tourdissements ou des <strong>naus\u00e9es, ou si vous ressentez des douleurs, des engourdissements ou des picotements dans la poitrine,<\/strong> les bras, le cou ou la m\u00e2choire pendant l&rsquo;activit\u00e9 sexuelle, arr\u00eatez de prendre le m\u00e9dicament et consultez imm\u00e9diatement votre m\u00e9decin. Il pourrait s&rsquo;agir d&rsquo;un effet secondaire grave. <\/li>\n<li>Ne prenez pas de Levitra plus d&rsquo;une fois par jour. Veillez \u00e0 laisser au moins <strong>24 heures entre les prises.<\/strong> <\/li>\n<li>Consultez imm\u00e9diatement un m\u00e9decin si vous ressentez une \u00e9rection <strong>douloureuse ou qui dure plus de 4 heures.<\/strong> Il pourrait s&rsquo;agir d&rsquo;un priapisme, susceptible d&rsquo;entra\u00eener des l\u00e9sions permanentes du p\u00e9nis. <\/li>\n<li>Un petit nombre de patients ont subi une <strong>perte de vision soudaine <\/strong> sous Levitra, probablement due \u00e0 une diminution du flux sanguin vers le nerf optique. Bien que le Levitra ne soit pas confirm\u00e9 comme \u00e9tant la cause directe, ce ph\u00e9nom\u00e8ne a \u00e9t\u00e9 observ\u00e9 plus fr\u00e9quemment chez les personnes souffrant de maladies cardiaques, de diab\u00e8te, d&rsquo;hypertension art\u00e9rielle, d&rsquo;hypercholest\u00e9rol\u00e9mie, de probl\u00e8mes de vue, chez les fumeurs et chez les personnes de plus de 50 ans. <\/li>\n<li>Deje de tomar Levitra y acuda al m\u00e9dico si pierde la visi\u00f3n de manera repentina.<\/li>\n<\/ul>\n<p>&nbsp;<\/p>\n<h4><strong>Qu&rsquo;est-ce que Levitra?<br \/><\/strong><\/h4>\n<p>Levitra est un <strong>m\u00e9dicament qui d\u00e9tend les muscles <\/strong> et augmente le flux sanguin <strong>vers des zones sp\u00e9cifiques du corps.<\/strong><\/p>\n<p>Il est indiqu\u00e9 pour traiter la <strong>dysfonction \u00e9rectile<\/strong> (impuissance) chez l&rsquo;homme.<\/p>\n<p>Levitra peut \u00e9galement \u00eatre utilis\u00e9 \u00e0 d\u2019autres fins que votre m\u00e9decin juge appropri\u00e9es.<\/p>\n<h4><strong>Que dois-je discuter avec mon m\u00e9decin avant de prendre du Levitra?<\/strong><\/h4>\n<ul>\n<li>Ne prenez pas de Levitra si vous prenez des nitrates (m\u00e9dicaments contre les douleurs thoraciques ou les probl\u00e8mes cardiaques).<\/li>\n<li>Informez votre m\u00e9decin si vous avez des ant\u00e9c\u00e9dents de maladie cardiaque, d\u2019insuffisance cardiaque, d\u2019hypertension ou d\u2019hypotension art\u00e9rielle ou de probl\u00e8mes oculaires.<\/li>\n<li>Veuillez mentionner si vous souffrez d\u2019une maladie du foie ou des reins, de troubles sanguins tels que la dr\u00e9panocytose, le my\u00e9lome multiple ou la leuc\u00e9mie, ou si vous avez re\u00e7u un diagnostic de malformations p\u00e9niennes ou d\u2019ulc\u00e8res d\u2019estomac.<\/li>\n<li>Si vous avez d\u00e9j\u00e0 souffert de priapisme ou si on vous a conseill\u00e9 d\u2019\u00e9viter les rapports sexuels pour des raisons m\u00e9dicales.<\/li>\n<li>Consultez votre m\u00e9decin si vous \u00eates enceinte ou pr\u00e9voyez de devenir enceinte, bien que Levitra ne devrait pas affecter le f\u0153tus.<\/li>\n<li>On ignore si le Levitra passe dans le lait maternel. Consultez votre m\u00e9decin si vous allaitez. <\/li>\n<\/ul>\n<p>&nbsp;<\/p>\n<h4><strong>Comment dois-je prendre Levitra?<br \/><\/strong><\/h4>\n<ul>\n<li>Prenez Levitra exactement comme votre m\u00e9decin vous l\u2019a indiqu\u00e9.<br \/> <strong>Ne pas augmenter la dose ni prolonger son utilisation.<br \/><\/strong><\/li>\n<li>Il est g\u00e9n\u00e9ralement pris entre <strong>30 minutes et 1 heure avant l&rsquo;activit\u00e9 sexuelle<\/strong>. Il peut \u00eatre pris jusqu&rsquo;\u00e0 4 heures avant. <\/li>\n<li>Ne le prenez pas plus d&rsquo;une fois par jour.<\/li>\n<li>Levitra <strong>ne produit pas d\u2019\u00e9rection automatiquement, <\/strong> mais fonctionne uniquement en pr\u00e9sence d\u2019une <strong>stimulation sexuelle.<\/strong><\/li>\n<\/ul>\n<p>&nbsp;<\/p>\n<h4><strong>Que se passe-t-il si j\u2019oublie de prendre une dose?<\/strong><\/h4>\n<p>Le Levitra est pris en cas de besoin, il n\u2019y a donc <strong>pas d\u2019horaire fixe<\/strong> ni de dose oubli\u00e9e.<\/p>\n<h4><strong>Que se passe-t-il en cas de surdose?<\/strong><\/h4>\n<p>Si vous pensez avoir pris une surdose de Levitra, consultez imm\u00e9diatement un m\u00e9decin.<\/p>\n<p>Les sympt\u00f4mes peuvent inclure des <strong>douleurs thoraciques, des naus\u00e9es, un rythme cardiaque irr\u00e9gulier, des \u00e9tourdissements ou des \u00e9vanouissements.<\/strong><\/p>\n<h4><strong>Que dois-je \u00e9viter pendant que je prends du Levitra?<br \/><\/strong><\/h4>\n<ul>\n<li>\u00c9vitez la consommation <strong>d\u2019alcool,<\/strong> car cela peut intensifier les effets secondaires du Levitra.<\/li>\n<li>Ne prenez pas d\u2019autres m\u00e9dicaments contre la <strong>dysfonction \u00e9rectile tels que l\u2019alprostadil<\/strong> (Caverject, Muse, Edex) ou la yohimbine <strong>(Yocon, Yodoxin)<\/strong> sans en parler d\u2019abord \u00e0 votre m\u00e9decin.<\/li>\n<\/ul>\n<p>&nbsp;<\/p>\n<h4><strong>Quels sont les effets secondaires possibles du Levitra?<br \/><\/strong><\/h4>\n<p>&nbsp;<\/p>\n<h4><strong>Effets graves:<\/strong><\/h4>\n<ul>\n<li>Perte soudaine de la vision.<\/li>\n<li>Douleur thoracique ou douleur intense irradiant vers le bras ou l\u2019\u00e9paule, naus\u00e9es, transpiration.<\/li>\n<li>Battements de c\u0153ur irr\u00e9guliers.<\/li>\n<li>Difficult\u00e9 \u00e0 respirer.<\/li>\n<li>\u00c9rection douloureuse ou qui dure plus de 4 heures (priapisme).<\/li>\n<\/ul>\n<p>&nbsp;<\/p>\n<h4><strong>Effets mineurs:<\/strong><\/h4>\n<ul>\n<li>Rougeur du visage, du cou ou de la poitrine.<\/li>\n<li>Congestion nasale.<\/li>\n<li>Mal de t\u00eate.<\/li>\n<li>Maux d\u2019estomac ou maux de dos.<\/li>\n<\/ul>\n<p>Si vous ressentez des effets secondaires inhabituels ou g\u00eanants, consultez votre m\u00e9decin.<\/p>\n<h4><strong>Quels m\u00e9dicaments peuvent interagir avec Levitra?<\/strong><\/h4>\n<p>Ne prenez pas de Levitra si vous prenez des d\u00e9riv\u00e9s nitr\u00e9s. Informez \u00e9galement votre m\u00e9decin si vous prenez: <\/p>\n<ul>\n<li><strong>Bosentan (Tracleer)<\/strong><\/li>\n<li><strong>Cim\u00e9tidine (Tagamet)<\/strong><\/li>\n<li><strong>Des antibiotiques<\/strong> tels que l&rsquo;\u00e9rythromycine ou la clarithromycine<\/li>\n<li><strong>M\u00e9dicaments contre le VIH<\/strong><\/li>\n<li><strong>Antifongiques<\/strong> tels que l&rsquo;itraconazole ou le k\u00e9toconazole<\/li>\n<li><strong>Anticonvulsivants<\/strong> tels que la carbamaz\u00e9pine, le ph\u00e9nobarbital ou la ph\u00e9nyto\u00efne<\/li>\n<li><strong>Rifampicine ou rifabutine<\/strong><\/li>\n<\/ul>\n<p>Discutez avec votre m\u00e9decin de tous les m\u00e9dicaments que vous prenez, y compris les vitamines, les produits \u00e0 base de plantes et les autres <strong> m\u00e9dicaments sur ordonnance ou en vente libre.<\/strong><\/p>\n<p>Si vous avez des questions, consultez toujours votre m\u00e9decin pour vous assurer que ce m\u00e9dicament vous convient.<\/p>\n","protected":false},"excerpt":{"rendered":"<p>Levitra (Verdenafil) est l&rsquo;un des traitements les plus r\u00e9cents contre la dysfonction \u00e9rectile (DE). Le Levitra agit de la m\u00eame mani\u00e8re que le Viagra en bloquant une enzyme appel\u00e9e PDE-5. <\/p>\n<p>Des \u00e9tudes cliniques montrent que le Levitra agit plus rapidement et a moins d\u2019effets secondaires que le Viagra.<\/p>\n<p><strong>Synonymes : Levitra, Vard\u00e9nafil, Vard\u00e9nafil.<\/strong><\/p>\n<ul>\n<li>Traitement efficace de la dysfonction \u00e9rectile.<\/li>\n<li>D\u00e9but d&rsquo;action rapide 25 \u00e0 60 minutes.<\/li>\n<li>Dur\u00e9e jusqu&rsquo;\u00e0 4-5 heures.<\/li>\n<\/ul>\n","protected":false},"featured_media":4995,"comment_status":"open","ping_status":"closed","template":"","meta":[],"product_brand":[510],"product_cat":[351,359],"product_tag":[],"class_list":{"0":"post-6033","1":"product","2":"type-product","3":"status-publish","4":"has-post-thumbnail","6":"product_brand-bayer-2","7":"product_cat-sante-des-hommes","8":"product_cat-en-vedette","10":"first","11":"instock","12":"taxable","13":"shipping-taxable","14":"purchasable","15":"product-type-variable"},"yoast_head":"<!-- This site is optimized with the Yoast SEO plugin v25.6 - https:\/\/yoast.com\/wordpress\/plugins\/seo\/ -->\n<title>Levitra 20mg - Ge24h<\/title>\n<meta name=\"description\" content=\"Achetez du Levitra 20 mg. Obtenez d\u00e8s maintenant les meilleurs m\u00e9dicaments g\u00e9n\u00e9riques au meilleur prix sur notre site web. Achetez des g\u00e9n\u00e9riques.\" \/>\n<meta name=\"robots\" content=\"index, follow, max-snippet:-1, max-image-preview:large, max-video-preview:-1\" \/>\n<link rel=\"canonical\" href=\"https:\/\/ge24h.com\/fr\/producto\/levitra-20mg\/\" \/>\n<meta property=\"og:locale\" content=\"fr_FR\" \/>\n<meta property=\"og:type\" content=\"article\" \/>\n<meta property=\"og:title\" content=\"Levitra 20mg - Ge24h\" \/>\n<meta property=\"og:description\" content=\"Achetez du Levitra 20 mg. Obtenez d\u00e8s maintenant les meilleurs m\u00e9dicaments g\u00e9n\u00e9riques au meilleur prix sur notre site web. Achetez des g\u00e9n\u00e9riques.\" \/>\n<meta property=\"og:url\" content=\"https:\/\/ge24h.com\/fr\/producto\/levitra-20mg\/\" \/>\n<meta property=\"og:site_name\" content=\"Ge24h\" \/>\n<meta property=\"article:modified_time\" content=\"2025-07-17T08:43:01+00:00\" \/>\n<meta property=\"og:image\" content=\"https:\/\/ge24h.com\/wp-content\/uploads\/levitra-1.png\" \/>\n\t<meta property=\"og:image:width\" content=\"512\" \/>\n\t<meta property=\"og:image:height\" content=\"512\" \/>\n\t<meta property=\"og:image:type\" content=\"image\/png\" \/>\n<meta name=\"twitter:card\" content=\"summary_large_image\" \/>\n<meta name=\"twitter:label1\" content=\"Dur\u00e9e de lecture estim\u00e9e\" \/>\n\t<meta name=\"twitter:data1\" content=\"5 minutes\" \/>\n<script type=\"application\/ld+json\" class=\"yoast-schema-graph\">{\"@context\":\"https:\/\/schema.org\",\"@graph\":[{\"@type\":\"WebPage\",\"@id\":\"https:\/\/ge24h.com\/fr\/producto\/levitra-20mg\/\",\"url\":\"https:\/\/ge24h.com\/fr\/producto\/levitra-20mg\/\",\"name\":\"Levitra 20mg - Ge24h\",\"isPartOf\":{\"@id\":\"https:\/\/ge24h.com\/#website\"},\"primaryImageOfPage\":{\"@id\":\"https:\/\/ge24h.com\/fr\/producto\/levitra-20mg\/#primaryimage\"},\"image\":{\"@id\":\"https:\/\/ge24h.com\/fr\/producto\/levitra-20mg\/#primaryimage\"},\"thumbnailUrl\":\"https:\/\/ge24h.com\/wp-content\/uploads\/levitra-1.png\",\"datePublished\":\"2021-12-08T11:56:33+00:00\",\"dateModified\":\"2025-07-17T08:43:01+00:00\",\"description\":\"Achetez du Levitra 20 mg. Obtenez d\u00e8s maintenant les meilleurs m\u00e9dicaments g\u00e9n\u00e9riques au meilleur prix sur notre site web. Achetez des g\u00e9n\u00e9riques.\",\"breadcrumb\":{\"@id\":\"https:\/\/ge24h.com\/fr\/producto\/levitra-20mg\/#breadcrumb\"},\"inLanguage\":\"fr-FR\",\"potentialAction\":[{\"@type\":\"ReadAction\",\"target\":[\"https:\/\/ge24h.com\/fr\/producto\/levitra-20mg\/\"]}]},{\"@type\":\"ImageObject\",\"inLanguage\":\"fr-FR\",\"@id\":\"https:\/\/ge24h.com\/fr\/producto\/levitra-20mg\/#primaryimage\",\"url\":\"https:\/\/ge24h.com\/wp-content\/uploads\/levitra-1.png\",\"contentUrl\":\"https:\/\/ge24h.com\/wp-content\/uploads\/levitra-1.png\",\"width\":512,\"height\":512,\"caption\":\"Levitra 20mg\"},{\"@type\":\"BreadcrumbList\",\"@id\":\"https:\/\/ge24h.com\/fr\/producto\/levitra-20mg\/#breadcrumb\",\"itemListElement\":[{\"@type\":\"ListItem\",\"position\":1,\"name\":\"Portada\",\"item\":\"https:\/\/ge24h.com\/fr\/\"},{\"@type\":\"ListItem\",\"position\":2,\"name\":\"boutique\",\"item\":\"https:\/\/ge24h.com\/fr\/boutique\/\"},{\"@type\":\"ListItem\",\"position\":3,\"name\":\"Levitra 20mg\"}]},{\"@type\":\"WebSite\",\"@id\":\"https:\/\/ge24h.com\/#website\",\"url\":\"https:\/\/ge24h.com\/\",\"name\":\"Ge24h\",\"description\":\"Medicamentos Gen\u00e9ricos, Finpecia, Kamagra, Sidenafil, Tadalafil\",\"publisher\":{\"@id\":\"https:\/\/ge24h.com\/#organization\"},\"potentialAction\":[{\"@type\":\"SearchAction\",\"target\":{\"@type\":\"EntryPoint\",\"urlTemplate\":\"https:\/\/ge24h.com\/?s={search_term_string}\"},\"query-input\":{\"@type\":\"PropertyValueSpecification\",\"valueRequired\":true,\"valueName\":\"search_term_string\"}}],\"inLanguage\":\"fr-FR\"},{\"@type\":\"Organization\",\"@id\":\"https:\/\/ge24h.com\/#organization\",\"name\":\"Ge24h\",\"url\":\"https:\/\/ge24h.com\/\",\"logo\":{\"@type\":\"ImageObject\",\"inLanguage\":\"fr-FR\",\"@id\":\"https:\/\/ge24h.com\/#\/schema\/logo\/image\/\",\"url\":\"https:\/\/ge24h.com\/wp-content\/uploads\/logo-1.svg\",\"contentUrl\":\"https:\/\/ge24h.com\/wp-content\/uploads\/logo-1.svg\",\"width\":200,\"height\":58,\"caption\":\"Ge24h\"},\"image\":{\"@id\":\"https:\/\/ge24h.com\/#\/schema\/logo\/image\/\"}}]}<\/script>\n<!-- \/ Yoast SEO plugin. -->","yoast_head_json":{"title":"Levitra 20mg - Ge24h","description":"Achetez du Levitra 20 mg. Obtenez d\u00e8s maintenant les meilleurs m\u00e9dicaments g\u00e9n\u00e9riques au meilleur prix sur notre site web. Achetez des g\u00e9n\u00e9riques.","robots":{"index":"index","follow":"follow","max-snippet":"max-snippet:-1","max-image-preview":"max-image-preview:large","max-video-preview":"max-video-preview:-1"},"canonical":"https:\/\/ge24h.com\/fr\/producto\/levitra-20mg\/","og_locale":"fr_FR","og_type":"article","og_title":"Levitra 20mg - Ge24h","og_description":"Achetez du Levitra 20 mg. Obtenez d\u00e8s maintenant les meilleurs m\u00e9dicaments g\u00e9n\u00e9riques au meilleur prix sur notre site web. Achetez des g\u00e9n\u00e9riques.","og_url":"https:\/\/ge24h.com\/fr\/producto\/levitra-20mg\/","og_site_name":"Ge24h","article_modified_time":"2025-07-17T08:43:01+00:00","og_image":[{"width":512,"height":512,"url":"https:\/\/ge24h.com\/wp-content\/uploads\/levitra-1.png","type":"image\/png"}],"twitter_card":"summary_large_image","twitter_misc":{"Dur\u00e9e de lecture estim\u00e9e":"5 minutes"},"schema":{"@context":"https:\/\/schema.org","@graph":[{"@type":"WebPage","@id":"https:\/\/ge24h.com\/fr\/producto\/levitra-20mg\/","url":"https:\/\/ge24h.com\/fr\/producto\/levitra-20mg\/","name":"Levitra 20mg - Ge24h","isPartOf":{"@id":"https:\/\/ge24h.com\/#website"},"primaryImageOfPage":{"@id":"https:\/\/ge24h.com\/fr\/producto\/levitra-20mg\/#primaryimage"},"image":{"@id":"https:\/\/ge24h.com\/fr\/producto\/levitra-20mg\/#primaryimage"},"thumbnailUrl":"https:\/\/ge24h.com\/wp-content\/uploads\/levitra-1.png","datePublished":"2021-12-08T11:56:33+00:00","dateModified":"2025-07-17T08:43:01+00:00","description":"Achetez du Levitra 20 mg. Obtenez d\u00e8s maintenant les meilleurs m\u00e9dicaments g\u00e9n\u00e9riques au meilleur prix sur notre site web. Achetez des g\u00e9n\u00e9riques.","breadcrumb":{"@id":"https:\/\/ge24h.com\/fr\/producto\/levitra-20mg\/#breadcrumb"},"inLanguage":"fr-FR","potentialAction":[{"@type":"ReadAction","target":["https:\/\/ge24h.com\/fr\/producto\/levitra-20mg\/"]}]},{"@type":"ImageObject","inLanguage":"fr-FR","@id":"https:\/\/ge24h.com\/fr\/producto\/levitra-20mg\/#primaryimage","url":"https:\/\/ge24h.com\/wp-content\/uploads\/levitra-1.png","contentUrl":"https:\/\/ge24h.com\/wp-content\/uploads\/levitra-1.png","width":512,"height":512,"caption":"Levitra 20mg"},{"@type":"BreadcrumbList","@id":"https:\/\/ge24h.com\/fr\/producto\/levitra-20mg\/#breadcrumb","itemListElement":[{"@type":"ListItem","position":1,"name":"Portada","item":"https:\/\/ge24h.com\/fr\/"},{"@type":"ListItem","position":2,"name":"boutique","item":"https:\/\/ge24h.com\/fr\/boutique\/"},{"@type":"ListItem","position":3,"name":"Levitra 20mg"}]},{"@type":"WebSite","@id":"https:\/\/ge24h.com\/#website","url":"https:\/\/ge24h.com\/","name":"Ge24h","description":"Medicamentos Gen\u00e9ricos, Finpecia, Kamagra, Sidenafil, Tadalafil","publisher":{"@id":"https:\/\/ge24h.com\/#organization"},"potentialAction":[{"@type":"SearchAction","target":{"@type":"EntryPoint","urlTemplate":"https:\/\/ge24h.com\/?s={search_term_string}"},"query-input":{"@type":"PropertyValueSpecification","valueRequired":true,"valueName":"search_term_string"}}],"inLanguage":"fr-FR"},{"@type":"Organization","@id":"https:\/\/ge24h.com\/#organization","name":"Ge24h","url":"https:\/\/ge24h.com\/","logo":{"@type":"ImageObject","inLanguage":"fr-FR","@id":"https:\/\/ge24h.com\/#\/schema\/logo\/image\/","url":"https:\/\/ge24h.com\/wp-content\/uploads\/logo-1.svg","contentUrl":"https:\/\/ge24h.com\/wp-content\/uploads\/logo-1.svg","width":200,"height":58,"caption":"Ge24h"},"image":{"@id":"https:\/\/ge24h.com\/#\/schema\/logo\/image\/"}}]}},"_links":{"self":[{"href":"https:\/\/ge24h.com\/fr\/wp-json\/wp\/v2\/product\/6033","targetHints":{"allow":["GET"]}}],"collection":[{"href":"https:\/\/ge24h.com\/fr\/wp-json\/wp\/v2\/product"}],"about":[{"href":"https:\/\/ge24h.com\/fr\/wp-json\/wp\/v2\/types\/product"}],"replies":[{"embeddable":true,"href":"https:\/\/ge24h.com\/fr\/wp-json\/wp\/v2\/comments?post=6033"}],"wp:featuredmedia":[{"embeddable":true,"href":"https:\/\/ge24h.com\/fr\/wp-json\/wp\/v2\/media\/4995"}],"wp:attachment":[{"href":"https:\/\/ge24h.com\/fr\/wp-json\/wp\/v2\/media?parent=6033"}],"wp:term":[{"taxonomy":"product_brand","embeddable":true,"href":"https:\/\/ge24h.com\/fr\/wp-json\/wp\/v2\/product_brand?post=6033"},{"taxonomy":"product_cat","embeddable":true,"href":"https:\/\/ge24h.com\/fr\/wp-json\/wp\/v2\/product_cat?post=6033"},{"taxonomy":"product_tag","embeddable":true,"href":"https:\/\/ge24h.com\/fr\/wp-json\/wp\/v2\/product_tag?post=6033"}],"curies":[{"name":"wp","href":"https:\/\/api.w.org\/{rel}","templated":true}]}}