{"id":6027,"date":"2025-05-22T09:52:20","date_gmt":"2025-05-22T07:52:20","guid":{"rendered":"https:\/\/ge24h.com\/producto\/acomplia-20mg\/"},"modified":"2025-07-28T13:10:53","modified_gmt":"2025-07-28T11:10:53","slug":"acomplia-20mg","status":"publish","type":"product","link":"https:\/\/ge24h.com\/fr\/producto\/acomplia-20mg\/","title":{"rendered":"Acomplia 20mg"},"content":{"rendered":"<h3><strong>Nom du m\u00e9dicament:<\/strong> Acomplia<\/h3>\n<h3><strong>Nom g\u00e9n\u00e9rique: Rimonabant.<\/strong><\/h3>\n<p>&nbsp;<\/p>\n<h4><strong>Quelle est la chose la plus importante que je devrais savoir sur Acomplia?<\/strong><\/h4>\n<ul>\n<li>Acomplia agit directement sur l\u2019envie de manger plus, en agissant sur le syst\u00e8me endocannabino\u00efde.<\/li>\n<li>Il doit \u00eatre utilis\u00e9 en conjonction avec un r\u00e9gime hypocalorique et un programme d\u2019exercice pour de meilleurs r\u00e9sultats.<\/li>\n<li>Il a d\u00e9montr\u00e9 une perte de poids moyenne de 6,5 kg apr\u00e8s un an, contre 1,6 kg avec le placebo.<\/li>\n<li>Il ne doit pas \u00eatre utilis\u00e9 chez les femmes enceintes ou allaitantes.<\/li>\n<li>Il ne doit pas \u00eatre utilis\u00e9 chez les personnes souffrant de maladies psychiatriques graves et non contr\u00f4l\u00e9es.<\/li>\n<\/ul>\n<p>&nbsp;<\/p>\n<h4><strong>Qu&rsquo;est-ce qu&rsquo;Acomplia?<\/strong><\/h4>\n<p>Acomplia est un m\u00e9dicament <strong>qui agit sur le syst\u00e8me endocannabino\u00efde<\/strong>, qui r\u00e9gule l&rsquo;\u00e9quilibre \u00e9nerg\u00e9tique, le m\u00e9tabolisme du glucose, les lipides et le poids corporel. <strong>Il bloque certains r\u00e9cepteurs c\u00e9r\u00e9braux pour supprimer l&rsquo;app\u00e9tit.<\/strong><\/p>\n<p>Utilis\u00e9 en conjonction avec un r\u00e9gime hypocalorique et de l\u2019exercice, il aide consid\u00e9rablement <strong> les patients ob\u00e8ses \u00e0 perdre du poids.<\/strong><\/p>\n<p>&nbsp;<\/p>\n<h4><strong>Que dois-je discuter avec mon m\u00e9decin avant de prendre Acomplia?<br \/>\n<\/strong><\/h4>\n<ul>\n<li>Veuillez signaler tout probl\u00e8me r\u00e9nal ou urologique mod\u00e9r\u00e9.<\/li>\n<li>Veuillez indiquer si vous avez plus de 75 ans.<\/li>\n<li>Signalez si vous souffrez d\u2019\u00e9pilepsie.<\/li>\n<li>Veuillez indiquer si vous prenez des m\u00e9dicaments tels que le k\u00e9toconazole, l\u2019itraconazole, le ritonavir, la t\u00e9lithromycine, la clarithromycine ou la n\u00e9fazodone.<\/li>\n<li>Il ne doit pas \u00eatre utilis\u00e9 si vous souffrez d\u2019intol\u00e9rance h\u00e9r\u00e9ditaire au galactose.<\/li>\n<li>Il ne doit pas \u00eatre utilis\u00e9 si vous avez eu un \u00e9v\u00e9nement cardiovasculaire tel qu&rsquo;une crise cardiaque au cours des 6 derniers mois.<\/li>\n<li>Il ne doit pas \u00eatre utilis\u00e9 si vous souffrez d\u2019une maladie psychiatrique grave et non contr\u00f4l\u00e9e, telle qu\u2019une d\u00e9pression majeure.<\/li>\n<li>Ne pas utiliser pendant la grossesse ou l&rsquo;allaitement.<\/li>\n<\/ul>\n<p>&nbsp;<\/p>\n<h4><strong>Comment dois-je prendre Acomplia?<br \/>\n<\/strong><\/h4>\n<ul>\n<li>Prenez Acomplia selon les directives de votre m\u00e9decin.<\/li>\n<li>La dose habituelle est de 20 mg par jour.<\/li>\n<li>Il doit \u00eatre associ\u00e9 \u00e0 un r\u00e9gime hypocalorique et \u00e0 de l\u2019exercice.<\/li>\n<\/ul>\n<p>&nbsp;<\/p>\n<h4><strong>Que se passe-t-il si j\u2019oublie de prendre une dose?<\/strong><\/h4>\n<p>Si vous oubliez une dose d&rsquo;Acomplia, prenez-la d\u00e8s que vous vous en rendez compte. Si la dose suivante est p<strong>roche, sautez la dose oubli\u00e9e et reprenez votre sch\u00e9ma posologique habituel.<\/strong> Ne prenez pas de double dose pour compenser.<\/p>\n<p>&nbsp;<\/p>\n<h4><strong>Que se passe-t-il en cas de surdose?<\/strong><\/h4>\n<p>Si vous pensez avoir fait une surdose d&rsquo;Acomplia, consultez <strong>imm\u00e9diatement un m\u00e9decin<\/strong>. Munissez-vous de la notice ou de la notice d&rsquo;information, si possible.<\/p>\n<p>&nbsp;<\/p>\n<h4><strong>Que dois-je \u00e9viter pendant que je prends Acomplia?<\/strong><\/h4>\n<ul>\n<li>Suivez les instructions de votre m\u00e9decin concernant le r\u00e9gime alimentaire et l\u2019exercice.<\/li>\n<li>\u00c9vitez d\u2019utiliser des m\u00e9dicaments qui peuvent avoir des interactions sans consulter au pr\u00e9alable.<\/li>\n<\/ul>\n<p>&nbsp;<\/p>\n<h4><strong>Quels sont les effets secondaires possibles d\u2019Acomplia?<br \/>\n<\/strong><\/h4>\n<h4><strong>Effets graves:<\/strong><\/h4>\n<ul>\n<li>Troubles d\u00e9pressifs<\/li>\n<li>Troubles de l&rsquo;humeur avec sympt\u00f4mes d\u00e9pressifs<\/li>\n<li>Anxi\u00e9t\u00e9<\/li>\n<li>Vertige<\/li>\n<\/ul>\n<p>&nbsp;<\/p>\n<h4><strong>Effets mineurs:<\/strong><\/h4>\n<ul>\n<li><strong>Naus\u00e9e<br \/>\n<\/strong><\/li>\n<\/ul>\n<p>Environ <strong>15,7 % des patients <\/strong> ont ressenti l\u2019un de ces effets. <strong>3,2 % ont signal\u00e9 des troubles d\u00e9pressifs l\u00e9gers ou mod\u00e9r\u00e9s.<\/strong><\/p>\n<p>Si vous ressentez des effets secondaires inhabituels ou g\u00eanants, consultez votre m\u00e9decin.<\/p>\n<p>&nbsp;<\/p>\n<h4><strong>Quels m\u00e9dicaments peuvent interagir avec Acomplia?<br \/>\n<\/strong><\/h4>\n<p>Informez votre m\u00e9decin si vous prenez:<\/p>\n<ul>\n<li>K\u00e9toconazole<\/li>\n<li>Itraconazole<\/li>\n<li>Ritonavir<\/li>\n<li>T\u00e9lithromycine<\/li>\n<li>Clarithromycin<\/li>\n<li>N\u00e9fazodone<\/li>\n<\/ul>\n<p>Informez toujours votre m\u00e9decin de tous les m\u00e9dicaments que vous prenez, y compris les suppl\u00e9ments vitaminiques, les produits \u00e0 base de plantes et les autres m\u00e9dicaments sur ordonnance ou en vente libre.<\/p>\n<p>Si vous avez ces questions, consultez votre m\u00e9decin pour vous assurer que vous \u00eates m\u00e9dicalement apte.<\/p>\n","protected":false},"excerpt":{"rendered":"<p>Acomplia 20 mg agit directement sur l&rsquo;envie de manger davantage. Il agit sur le syst\u00e8me endocannabino\u00efde, un syst\u00e8me qui r\u00e9gule l&rsquo;\u00e9quilibre \u00e9nerg\u00e9tique, le m\u00e9tabolisme du glucose et des lipides, et le contr\u00f4le du poids. En bloquant certains r\u00e9cepteurs c\u00e9r\u00e9braux, il supprime l&rsquo;app\u00e9tit.<\/p>\n<ul>\n<li>Aide efficace pour la perte de poids.<\/li>\n<li>App\u00e9tit r\u00e9duit.<\/li>\n<li>Pr\u00e9vention de l&rsquo;effet rebond.<\/li>\n<\/ul>\n","protected":false},"featured_media":4879,"comment_status":"open","ping_status":"closed","template":"","meta":[],"product_brand":[516],"product_cat":[178],"product_tag":[],"class_list":{"0":"post-6027","1":"product","2":"type-product","3":"status-publish","4":"has-post-thumbnail","6":"product_brand-sanofi-aventis-2","7":"product_cat-perdre-du-poids","9":"first","10":"instock","11":"taxable","12":"shipping-taxable","13":"purchasable","14":"product-type-variable"},"yoast_head":"<!-- This site is optimized with the Yoast SEO plugin v25.6 - https:\/\/yoast.com\/wordpress\/plugins\/seo\/ -->\n<title>Acomplia 20mg - Ge24h<\/title>\n<meta name=\"description\" content=\"Achetez Acomplia 20 mg chez GE24h. Obtenez d\u00e8s maintenant les meilleurs m\u00e9dicaments g\u00e9n\u00e9riques au meilleur prix sur notre site web. Achetez des g\u00e9n\u00e9riques.\" \/>\n<meta name=\"robots\" content=\"index, follow, max-snippet:-1, max-image-preview:large, max-video-preview:-1\" \/>\n<link rel=\"canonical\" href=\"https:\/\/ge24h.com\/fr\/producto\/acomplia-20mg\/\" \/>\n<meta property=\"og:locale\" content=\"fr_FR\" \/>\n<meta property=\"og:type\" content=\"article\" \/>\n<meta property=\"og:title\" content=\"Acomplia 20mg - Ge24h\" \/>\n<meta property=\"og:description\" content=\"Achetez Acomplia 20 mg chez GE24h. Obtenez d\u00e8s maintenant les meilleurs m\u00e9dicaments g\u00e9n\u00e9riques au meilleur prix sur notre site web. Achetez des g\u00e9n\u00e9riques.\" \/>\n<meta property=\"og:url\" content=\"https:\/\/ge24h.com\/fr\/producto\/acomplia-20mg\/\" \/>\n<meta property=\"og:site_name\" content=\"Ge24h\" \/>\n<meta property=\"article:modified_time\" content=\"2025-07-28T11:10:53+00:00\" \/>\n<meta property=\"og:image\" content=\"https:\/\/ge24h.com\/wp-content\/uploads\/acomplia-20-1.png\" \/>\n\t<meta property=\"og:image:width\" content=\"800\" \/>\n\t<meta property=\"og:image:height\" content=\"800\" \/>\n\t<meta property=\"og:image:type\" content=\"image\/png\" \/>\n<meta name=\"twitter:card\" content=\"summary_large_image\" \/>\n<meta name=\"twitter:label1\" content=\"Dur\u00e9e de lecture estim\u00e9e\" \/>\n\t<meta name=\"twitter:data1\" content=\"3 minutes\" \/>\n<script type=\"application\/ld+json\" class=\"yoast-schema-graph\">{\"@context\":\"https:\/\/schema.org\",\"@graph\":[{\"@type\":\"WebPage\",\"@id\":\"https:\/\/ge24h.com\/fr\/producto\/acomplia-20mg\/\",\"url\":\"https:\/\/ge24h.com\/fr\/producto\/acomplia-20mg\/\",\"name\":\"Acomplia 20mg - Ge24h\",\"isPartOf\":{\"@id\":\"https:\/\/ge24h.com\/#website\"},\"primaryImageOfPage\":{\"@id\":\"https:\/\/ge24h.com\/fr\/producto\/acomplia-20mg\/#primaryimage\"},\"image\":{\"@id\":\"https:\/\/ge24h.com\/fr\/producto\/acomplia-20mg\/#primaryimage\"},\"thumbnailUrl\":\"https:\/\/ge24h.com\/wp-content\/uploads\/acomplia-20-1.png\",\"datePublished\":\"2025-05-22T07:52:20+00:00\",\"dateModified\":\"2025-07-28T11:10:53+00:00\",\"description\":\"Achetez Acomplia 20 mg chez GE24h. Obtenez d\u00e8s maintenant les meilleurs m\u00e9dicaments g\u00e9n\u00e9riques au meilleur prix sur notre site web. Achetez des g\u00e9n\u00e9riques.\",\"breadcrumb\":{\"@id\":\"https:\/\/ge24h.com\/fr\/producto\/acomplia-20mg\/#breadcrumb\"},\"inLanguage\":\"fr-FR\",\"potentialAction\":[{\"@type\":\"ReadAction\",\"target\":[\"https:\/\/ge24h.com\/fr\/producto\/acomplia-20mg\/\"]}]},{\"@type\":\"ImageObject\",\"inLanguage\":\"fr-FR\",\"@id\":\"https:\/\/ge24h.com\/fr\/producto\/acomplia-20mg\/#primaryimage\",\"url\":\"https:\/\/ge24h.com\/wp-content\/uploads\/acomplia-20-1.png\",\"contentUrl\":\"https:\/\/ge24h.com\/wp-content\/uploads\/acomplia-20-1.png\",\"width\":800,\"height\":800,\"caption\":\"Acomplia 20mg\"},{\"@type\":\"BreadcrumbList\",\"@id\":\"https:\/\/ge24h.com\/fr\/producto\/acomplia-20mg\/#breadcrumb\",\"itemListElement\":[{\"@type\":\"ListItem\",\"position\":1,\"name\":\"Portada\",\"item\":\"https:\/\/ge24h.com\/fr\/\"},{\"@type\":\"ListItem\",\"position\":2,\"name\":\"boutique\",\"item\":\"https:\/\/ge24h.com\/fr\/boutique\/\"},{\"@type\":\"ListItem\",\"position\":3,\"name\":\"Acomplia 20mg\"}]},{\"@type\":\"WebSite\",\"@id\":\"https:\/\/ge24h.com\/#website\",\"url\":\"https:\/\/ge24h.com\/\",\"name\":\"Ge24h\",\"description\":\"Medicamentos Gen\u00e9ricos, Finpecia, Kamagra, Sidenafil, Tadalafil\",\"publisher\":{\"@id\":\"https:\/\/ge24h.com\/#organization\"},\"potentialAction\":[{\"@type\":\"SearchAction\",\"target\":{\"@type\":\"EntryPoint\",\"urlTemplate\":\"https:\/\/ge24h.com\/?s={search_term_string}\"},\"query-input\":{\"@type\":\"PropertyValueSpecification\",\"valueRequired\":true,\"valueName\":\"search_term_string\"}}],\"inLanguage\":\"fr-FR\"},{\"@type\":\"Organization\",\"@id\":\"https:\/\/ge24h.com\/#organization\",\"name\":\"Ge24h\",\"url\":\"https:\/\/ge24h.com\/\",\"logo\":{\"@type\":\"ImageObject\",\"inLanguage\":\"fr-FR\",\"@id\":\"https:\/\/ge24h.com\/#\/schema\/logo\/image\/\",\"url\":\"https:\/\/ge24h.com\/wp-content\/uploads\/logo-1.svg\",\"contentUrl\":\"https:\/\/ge24h.com\/wp-content\/uploads\/logo-1.svg\",\"width\":200,\"height\":58,\"caption\":\"Ge24h\"},\"image\":{\"@id\":\"https:\/\/ge24h.com\/#\/schema\/logo\/image\/\"}}]}<\/script>\n<!-- \/ Yoast SEO plugin. -->","yoast_head_json":{"title":"Acomplia 20mg - Ge24h","description":"Achetez Acomplia 20 mg chez GE24h. Obtenez d\u00e8s maintenant les meilleurs m\u00e9dicaments g\u00e9n\u00e9riques au meilleur prix sur notre site web. Achetez des g\u00e9n\u00e9riques.","robots":{"index":"index","follow":"follow","max-snippet":"max-snippet:-1","max-image-preview":"max-image-preview:large","max-video-preview":"max-video-preview:-1"},"canonical":"https:\/\/ge24h.com\/fr\/producto\/acomplia-20mg\/","og_locale":"fr_FR","og_type":"article","og_title":"Acomplia 20mg - Ge24h","og_description":"Achetez Acomplia 20 mg chez GE24h. Obtenez d\u00e8s maintenant les meilleurs m\u00e9dicaments g\u00e9n\u00e9riques au meilleur prix sur notre site web. Achetez des g\u00e9n\u00e9riques.","og_url":"https:\/\/ge24h.com\/fr\/producto\/acomplia-20mg\/","og_site_name":"Ge24h","article_modified_time":"2025-07-28T11:10:53+00:00","og_image":[{"width":800,"height":800,"url":"https:\/\/ge24h.com\/wp-content\/uploads\/acomplia-20-1.png","type":"image\/png"}],"twitter_card":"summary_large_image","twitter_misc":{"Dur\u00e9e de lecture estim\u00e9e":"3 minutes"},"schema":{"@context":"https:\/\/schema.org","@graph":[{"@type":"WebPage","@id":"https:\/\/ge24h.com\/fr\/producto\/acomplia-20mg\/","url":"https:\/\/ge24h.com\/fr\/producto\/acomplia-20mg\/","name":"Acomplia 20mg - Ge24h","isPartOf":{"@id":"https:\/\/ge24h.com\/#website"},"primaryImageOfPage":{"@id":"https:\/\/ge24h.com\/fr\/producto\/acomplia-20mg\/#primaryimage"},"image":{"@id":"https:\/\/ge24h.com\/fr\/producto\/acomplia-20mg\/#primaryimage"},"thumbnailUrl":"https:\/\/ge24h.com\/wp-content\/uploads\/acomplia-20-1.png","datePublished":"2025-05-22T07:52:20+00:00","dateModified":"2025-07-28T11:10:53+00:00","description":"Achetez Acomplia 20 mg chez GE24h. Obtenez d\u00e8s maintenant les meilleurs m\u00e9dicaments g\u00e9n\u00e9riques au meilleur prix sur notre site web. Achetez des g\u00e9n\u00e9riques.","breadcrumb":{"@id":"https:\/\/ge24h.com\/fr\/producto\/acomplia-20mg\/#breadcrumb"},"inLanguage":"fr-FR","potentialAction":[{"@type":"ReadAction","target":["https:\/\/ge24h.com\/fr\/producto\/acomplia-20mg\/"]}]},{"@type":"ImageObject","inLanguage":"fr-FR","@id":"https:\/\/ge24h.com\/fr\/producto\/acomplia-20mg\/#primaryimage","url":"https:\/\/ge24h.com\/wp-content\/uploads\/acomplia-20-1.png","contentUrl":"https:\/\/ge24h.com\/wp-content\/uploads\/acomplia-20-1.png","width":800,"height":800,"caption":"Acomplia 20mg"},{"@type":"BreadcrumbList","@id":"https:\/\/ge24h.com\/fr\/producto\/acomplia-20mg\/#breadcrumb","itemListElement":[{"@type":"ListItem","position":1,"name":"Portada","item":"https:\/\/ge24h.com\/fr\/"},{"@type":"ListItem","position":2,"name":"boutique","item":"https:\/\/ge24h.com\/fr\/boutique\/"},{"@type":"ListItem","position":3,"name":"Acomplia 20mg"}]},{"@type":"WebSite","@id":"https:\/\/ge24h.com\/#website","url":"https:\/\/ge24h.com\/","name":"Ge24h","description":"Medicamentos Gen\u00e9ricos, Finpecia, Kamagra, Sidenafil, Tadalafil","publisher":{"@id":"https:\/\/ge24h.com\/#organization"},"potentialAction":[{"@type":"SearchAction","target":{"@type":"EntryPoint","urlTemplate":"https:\/\/ge24h.com\/?s={search_term_string}"},"query-input":{"@type":"PropertyValueSpecification","valueRequired":true,"valueName":"search_term_string"}}],"inLanguage":"fr-FR"},{"@type":"Organization","@id":"https:\/\/ge24h.com\/#organization","name":"Ge24h","url":"https:\/\/ge24h.com\/","logo":{"@type":"ImageObject","inLanguage":"fr-FR","@id":"https:\/\/ge24h.com\/#\/schema\/logo\/image\/","url":"https:\/\/ge24h.com\/wp-content\/uploads\/logo-1.svg","contentUrl":"https:\/\/ge24h.com\/wp-content\/uploads\/logo-1.svg","width":200,"height":58,"caption":"Ge24h"},"image":{"@id":"https:\/\/ge24h.com\/#\/schema\/logo\/image\/"}}]}},"_links":{"self":[{"href":"https:\/\/ge24h.com\/fr\/wp-json\/wp\/v2\/product\/6027","targetHints":{"allow":["GET"]}}],"collection":[{"href":"https:\/\/ge24h.com\/fr\/wp-json\/wp\/v2\/product"}],"about":[{"href":"https:\/\/ge24h.com\/fr\/wp-json\/wp\/v2\/types\/product"}],"replies":[{"embeddable":true,"href":"https:\/\/ge24h.com\/fr\/wp-json\/wp\/v2\/comments?post=6027"}],"wp:featuredmedia":[{"embeddable":true,"href":"https:\/\/ge24h.com\/fr\/wp-json\/wp\/v2\/media\/4879"}],"wp:attachment":[{"href":"https:\/\/ge24h.com\/fr\/wp-json\/wp\/v2\/media?parent=6027"}],"wp:term":[{"taxonomy":"product_brand","embeddable":true,"href":"https:\/\/ge24h.com\/fr\/wp-json\/wp\/v2\/product_brand?post=6027"},{"taxonomy":"product_cat","embeddable":true,"href":"https:\/\/ge24h.com\/fr\/wp-json\/wp\/v2\/product_cat?post=6027"},{"taxonomy":"product_tag","embeddable":true,"href":"https:\/\/ge24h.com\/fr\/wp-json\/wp\/v2\/product_tag?post=6027"}],"curies":[{"name":"wp","href":"https:\/\/api.w.org\/{rel}","templated":true}]}}