{"id":6021,"date":"2025-05-22T10:15:35","date_gmt":"2025-05-22T08:15:35","guid":{"rendered":"https:\/\/ge24h.com\/producto\/xenical-120mg\/"},"modified":"2025-07-17T10:00:13","modified_gmt":"2025-07-17T08:00:13","slug":"xenical-120mg","status":"publish","type":"product","link":"https:\/\/ge24h.com\/fr\/producto\/xenical-120mg\/","title":{"rendered":"Xenical 120mg"},"content":{"rendered":"<h3><strong>Nom du m\u00e9dicament:<\/strong> Xenical<\/h3>\n<h3><strong>Nom g\u00e9n\u00e9rique:<\/strong> Orlistat<\/h3>\n<p>&nbsp;<\/p>\n<h4><strong>Quelle est la chose la plus importante que je devrais savoir sur Xenical?<\/strong><\/h4>\n<ul>\n<li><strong>Ne prenez pas Xenical sans en parler d\u2019abord \u00e0 votre m\u00e9decin<\/strong> si vous souffrez d\u2019un syndrome de malabsorption chronique ou de probl\u00e8mes de v\u00e9sicule biliaire.<\/li>\n<li>Vous ne pourrez <strong>peut-\u00eatre pas prendre Xenical<\/strong> si vous pr\u00e9sentez l\u2019une des affections ci-dessus.<\/li>\n<li><strong>Avant de prendre Xenical,<\/strong> parlez \u00e0 votre m\u00e9decin si vous avez des ant\u00e9c\u00e9dents de calculs r\u00e9naux, de diab\u00e8te, d\u2019anorexie ou de boulimie, si vous prenez d\u2019autres m\u00e9dicaments pour perdre du poids ou si vous prenez de la cyclosporine.<\/li>\n<li>Vous pourriez avoir <strong>besoin d\u2019un ajustement de dose<\/strong> ou d\u2019une surveillance particuli\u00e8re pendant votre traitement si vous pr\u00e9sentez l\u2019une de ces affections.<\/li>\n<li>Xenical est class\u00e9 dans la cat\u00e9gorie B de grossesse de la FDA. Cela signifie qu&rsquo;il ne <strong>devrait pas nuire au f\u0153tus<\/strong>, mais ne <strong>le prenez pas sans consulter votre m\u00e9decin si vous \u00eates enceinte.<\/strong> <\/li>\n<li><strong>On ne sait pas si Xenical passe dans le lait maternel, <\/strong> vous devez donc consulter votre m\u00e9decin avant de le prendre si vous allaitez.<\/li>\n<\/ul>\n<p>&nbsp;<\/p>\n<h4><strong>Qu&rsquo;est-ce que Xenical ?<\/strong><\/h4>\n<p>Xenical est utilis\u00e9 pour aider les personnes ob\u00e8ses respectant certaines limites de poids et de taille \u00e0 perdre du poids et \u00e0 maintenir cette perte. <strong>Xenical agit au niveau intestinal, <\/strong> o\u00f9 il bloque l&rsquo;absorption d&rsquo;une partie des graisses consomm\u00e9es. Ces graisses non dig\u00e9r\u00e9es sont ensuite \u00e9limin\u00e9es dans les selles.  <\/p>\n<p><strong>Utilisez Xenical en compl\u00e9ment d&rsquo;un r\u00e9gime hypocalorique<\/strong>. Les effets de Xenical sur le contr\u00f4le du poids ne durent que pendant la dur\u00e9e du traitement. <\/p>\n<h4><strong>Que dois-je discuter avec mon m\u00e9decin avant de prendre Xenical?<\/strong><\/h4>\n<ul>\n<li><strong>Ne prenez pas Xenical <\/strong> si vous souffrez d\u2019un syndrome de malabsorption chronique ou de probl\u00e8mes de v\u00e9sicule biliaire.<\/li>\n<li>Consultez votre m\u00e9decin si vous avez des ant\u00e9c\u00e9dents de calculs r\u00e9naux, de <strong> diab\u00e8te, d\u2019anorexie ou de boulimie.<\/strong><\/li>\n<li>Dites-nous si vous prenez d\u2019autres m\u00e9dicaments pour perdre du poids ou de la <strong>cyclosporine.<\/strong><\/li>\n<li>Consultez votre m\u00e9decin si <strong>vous \u00eates enceinte ou si vous allaitez.<\/strong><\/li>\n<\/ul>\n<p>&nbsp;<\/p>\n<h4><strong>Comment dois-je prendre Xenical?<\/strong><\/h4>\n<ul>\n<li>Xenical est disponible sous forme de capsules \u00e0 usage oral.<\/li>\n<li>Il est g\u00e9n\u00e9ralement <strong>pris trois fois par jour avec les repas.<\/strong><\/li>\n<li>Prenez Xenical <strong>exactement comme prescrit par votre m\u00e9decin.<\/strong> Ne prenez pas plus de Xenical ni plus souvent que prescrit. <\/li>\n<li>Xenical doit \u00eatre administr\u00e9 <strong>avec les repas.<\/strong><\/li>\n<li>Suivez un r\u00e9gime dans lequel <strong>les mati\u00e8res grasses repr\u00e9sentent 30 % de vos calories quotidiennes totales<\/strong>, r\u00e9parties uniform\u00e9ment sur <strong>trois repas principaux.<\/strong><\/li>\n<\/ul>\n<p>&nbsp;<\/p>\n<h4><strong>Que se passe-t-il si j\u2019oublie de prendre une dose?<\/strong><\/h4>\n<p>Si vous oubliez une dose, <strong>reprenez Xenical au repas suivant.<\/strong> N&rsquo;essayez pas de compenser la dose oubli\u00e9e par une double dose. <strong> Une dose suppl\u00e9mentaire n&rsquo;augmentera pas l&rsquo;efficacit\u00e9 du m\u00e9dicament.<\/strong> <\/p>\n<h4><strong>Que se passe-t-il en cas de surdose?<\/strong><\/h4>\n<p>Aucune information sp\u00e9cifique sur le surdosage n&rsquo;est fournie dans la source. Consultez votre m\u00e9decin ou rendez-vous aux urgences si vous pensez avoir pris une dose excessive de m\u00e9dicament. <\/p>\n<h4><strong>Que dois-je \u00e9viter pendant que je prends Xenical?<br \/><\/strong><\/h4>\n<p>Aucune interaction alimentaire ou m\u00e9dicamenteuse n&rsquo;est mentionn\u00e9e dans la source, mais il est recommand\u00e9 de suivre scrupuleusement un r\u00e9gime pauvre en graisses pour \u00e9viter les effets secondaires d\u00e9sagr\u00e9ables. Consultez toujours votre m\u00e9decin concernant les associations m\u00e9dicamenteuses. <\/p>\n<h4><strong>Quels sont les effets secondaires possibles de Xenical?<\/strong><\/h4>\n<h4><strong>Effets graves:<\/strong><\/h4>\n<ul>\n<li><strong>Arr\u00eatez de prendre Xenical et consultez imm\u00e9diatement <\/strong> un m\u00e9decin si vous pr\u00e9sentez une <strong>r\u00e9action allergique r<\/strong>are telle qu&rsquo;une difficult\u00e9 \u00e0 respirer, une fermeture de la gorge, un gonflement des l\u00e8vres, de la langue ou du visage, ou de l&rsquo;urticaire.<\/li>\n<\/ul>\n<p>&nbsp;<\/p>\n<h4><strong>Effets mineurs:<\/strong><\/h4>\n<ul>\n<li>Taches grasses.<\/li>\n<li>Flatulences avec s\u00e9cr\u00e9tion graisseuse.<\/li>\n<li>Besoin urgent d&rsquo;aller aux toilettes.<\/li>\n<li>Selles huileuses ou graisseuses.<\/li>\n<li>Augmentation du nombre d&rsquo;\u00e9vacuations.<\/li>\n<li>Incapacit\u00e9 \u00e0 contr\u00f4ler les mouvements intestinaux.<\/li>\n<li>Pr\u00e9sence d&rsquo;huile orange ou brune dans les selles.<\/li>\n<\/ul>\n<p>Ces modifications intestinales <strong>sont un effet naturel du blocage graisseux<\/strong> et <strong>d\u00e9montrent l&rsquo;efficacit\u00e9 de Xenical.<\/strong> Elles apparaissent g\u00e9n\u00e9ralement en <strong>d\u00e9but de traitement, <\/strong> notamment apr\u00e8s des repas riches en graisses. <strong>Ces sympt\u00f4mes sont g\u00e9n\u00e9ralement temporaires.<\/strong> <\/p>\n<h4><strong>Quels m\u00e9dicaments peuvent interagir avec Xenical?<br \/><\/strong><\/h4>\n<p>Xenical peut interagir avec la <strong>cyclosporine.<\/strong><\/p>\n<p>Informez votre m\u00e9decin de <strong>tous les m\u00e9dicaments que vous prenez,<\/strong> y compris les suppl\u00e9ments vitaminiques, les produits \u00e0 base de plantes et les autres m\u00e9dicaments en vente libre ou sur ordonnance.<\/p>\n<p>Si vous avez ces questions, consultez votre m\u00e9decin pour vous assurer que vous \u00eates m\u00e9dicalement apte.<\/p>\n","protected":false},"excerpt":{"rendered":"<p>Xenical 120 mg est utilis\u00e9 pour aider les personnes ob\u00e8ses \u00e0 perdre du poids et \u00e0 maintenir leur poids. Xenical agit au niveau des intestins, o\u00f9 une partie des graisses ing\u00e9r\u00e9es est \u00e9limin\u00e9e. <\/p>\n<ul>\n<li>Aide efficace pour la perte de poids.<\/li>\n<li>Il aide \u00e0 maintenir le poids perdu.<\/li>\n<li>Peut am\u00e9liorer les marqueurs de sant\u00e9.<\/li>\n<\/ul>\n","protected":false},"featured_media":4953,"comment_status":"open","ping_status":"closed","template":"","meta":[],"product_brand":[518],"product_cat":[178],"product_tag":[],"class_list":{"0":"post-6021","1":"product","2":"type-product","3":"status-publish","4":"has-post-thumbnail","6":"product_brand-alissa-healthcare-2","7":"product_cat-perdre-du-poids","9":"first","10":"instock","11":"taxable","12":"shipping-taxable","13":"purchasable","14":"product-type-variable"},"yoast_head":"<!-- This site is optimized with the Yoast SEO plugin v25.6 - https:\/\/yoast.com\/wordpress\/plugins\/seo\/ -->\n<title>Xenical 120mg - Ge24h<\/title>\n<meta name=\"description\" content=\"Achetez du Xenical 120 mg chez GE24h. Obtenez d\u00e8s maintenant les meilleurs m\u00e9dicaments g\u00e9n\u00e9riques au meilleur prix sur notre site web. Achetez des g\u00e9n\u00e9riques.\" \/>\n<meta name=\"robots\" content=\"index, follow, max-snippet:-1, max-image-preview:large, max-video-preview:-1\" \/>\n<link rel=\"canonical\" href=\"https:\/\/ge24h.com\/fr\/producto\/xenical-120mg\/\" \/>\n<meta property=\"og:locale\" content=\"fr_FR\" \/>\n<meta property=\"og:type\" content=\"article\" \/>\n<meta property=\"og:title\" content=\"Xenical 120mg - Ge24h\" \/>\n<meta property=\"og:description\" content=\"Achetez du Xenical 120 mg chez GE24h. Obtenez d\u00e8s maintenant les meilleurs m\u00e9dicaments g\u00e9n\u00e9riques au meilleur prix sur notre site web. Achetez des g\u00e9n\u00e9riques.\" \/>\n<meta property=\"og:url\" content=\"https:\/\/ge24h.com\/fr\/producto\/xenical-120mg\/\" \/>\n<meta property=\"og:site_name\" content=\"Ge24h\" \/>\n<meta property=\"article:modified_time\" content=\"2025-07-17T08:00:13+00:00\" \/>\n<meta property=\"og:image\" content=\"https:\/\/ge24h.com\/wp-content\/uploads\/orlistat-120mg-1.png\" \/>\n\t<meta property=\"og:image:width\" content=\"800\" \/>\n\t<meta property=\"og:image:height\" content=\"800\" \/>\n\t<meta property=\"og:image:type\" content=\"image\/png\" \/>\n<meta name=\"twitter:card\" content=\"summary_large_image\" \/>\n<meta name=\"twitter:label1\" content=\"Dur\u00e9e de lecture estim\u00e9e\" \/>\n\t<meta name=\"twitter:data1\" content=\"4 minutes\" \/>\n<script type=\"application\/ld+json\" class=\"yoast-schema-graph\">{\"@context\":\"https:\/\/schema.org\",\"@graph\":[{\"@type\":\"WebPage\",\"@id\":\"https:\/\/ge24h.com\/fr\/producto\/xenical-120mg\/\",\"url\":\"https:\/\/ge24h.com\/fr\/producto\/xenical-120mg\/\",\"name\":\"Xenical 120mg - Ge24h\",\"isPartOf\":{\"@id\":\"https:\/\/ge24h.com\/#website\"},\"primaryImageOfPage\":{\"@id\":\"https:\/\/ge24h.com\/fr\/producto\/xenical-120mg\/#primaryimage\"},\"image\":{\"@id\":\"https:\/\/ge24h.com\/fr\/producto\/xenical-120mg\/#primaryimage\"},\"thumbnailUrl\":\"https:\/\/ge24h.com\/wp-content\/uploads\/orlistat-120mg-1.png\",\"datePublished\":\"2025-05-22T08:15:35+00:00\",\"dateModified\":\"2025-07-17T08:00:13+00:00\",\"description\":\"Achetez du Xenical 120 mg chez GE24h. Obtenez d\u00e8s maintenant les meilleurs m\u00e9dicaments g\u00e9n\u00e9riques au meilleur prix sur notre site web. Achetez des g\u00e9n\u00e9riques.\",\"breadcrumb\":{\"@id\":\"https:\/\/ge24h.com\/fr\/producto\/xenical-120mg\/#breadcrumb\"},\"inLanguage\":\"fr-FR\",\"potentialAction\":[{\"@type\":\"ReadAction\",\"target\":[\"https:\/\/ge24h.com\/fr\/producto\/xenical-120mg\/\"]}]},{\"@type\":\"ImageObject\",\"inLanguage\":\"fr-FR\",\"@id\":\"https:\/\/ge24h.com\/fr\/producto\/xenical-120mg\/#primaryimage\",\"url\":\"https:\/\/ge24h.com\/wp-content\/uploads\/orlistat-120mg-1.png\",\"contentUrl\":\"https:\/\/ge24h.com\/wp-content\/uploads\/orlistat-120mg-1.png\",\"width\":800,\"height\":800,\"caption\":\"Xenical 120mg\"},{\"@type\":\"BreadcrumbList\",\"@id\":\"https:\/\/ge24h.com\/fr\/producto\/xenical-120mg\/#breadcrumb\",\"itemListElement\":[{\"@type\":\"ListItem\",\"position\":1,\"name\":\"Portada\",\"item\":\"https:\/\/ge24h.com\/fr\/\"},{\"@type\":\"ListItem\",\"position\":2,\"name\":\"boutique\",\"item\":\"https:\/\/ge24h.com\/fr\/boutique\/\"},{\"@type\":\"ListItem\",\"position\":3,\"name\":\"Xenical 120mg\"}]},{\"@type\":\"WebSite\",\"@id\":\"https:\/\/ge24h.com\/#website\",\"url\":\"https:\/\/ge24h.com\/\",\"name\":\"Ge24h\",\"description\":\"Medicamentos Gen\u00e9ricos, Finpecia, Kamagra, Sidenafil, Tadalafil\",\"publisher\":{\"@id\":\"https:\/\/ge24h.com\/#organization\"},\"potentialAction\":[{\"@type\":\"SearchAction\",\"target\":{\"@type\":\"EntryPoint\",\"urlTemplate\":\"https:\/\/ge24h.com\/?s={search_term_string}\"},\"query-input\":{\"@type\":\"PropertyValueSpecification\",\"valueRequired\":true,\"valueName\":\"search_term_string\"}}],\"inLanguage\":\"fr-FR\"},{\"@type\":\"Organization\",\"@id\":\"https:\/\/ge24h.com\/#organization\",\"name\":\"Ge24h\",\"url\":\"https:\/\/ge24h.com\/\",\"logo\":{\"@type\":\"ImageObject\",\"inLanguage\":\"fr-FR\",\"@id\":\"https:\/\/ge24h.com\/#\/schema\/logo\/image\/\",\"url\":\"https:\/\/ge24h.com\/wp-content\/uploads\/logo-1.svg\",\"contentUrl\":\"https:\/\/ge24h.com\/wp-content\/uploads\/logo-1.svg\",\"width\":200,\"height\":58,\"caption\":\"Ge24h\"},\"image\":{\"@id\":\"https:\/\/ge24h.com\/#\/schema\/logo\/image\/\"}}]}<\/script>\n<!-- \/ Yoast SEO plugin. -->","yoast_head_json":{"title":"Xenical 120mg - Ge24h","description":"Achetez du Xenical 120 mg chez GE24h. Obtenez d\u00e8s maintenant les meilleurs m\u00e9dicaments g\u00e9n\u00e9riques au meilleur prix sur notre site web. Achetez des g\u00e9n\u00e9riques.","robots":{"index":"index","follow":"follow","max-snippet":"max-snippet:-1","max-image-preview":"max-image-preview:large","max-video-preview":"max-video-preview:-1"},"canonical":"https:\/\/ge24h.com\/fr\/producto\/xenical-120mg\/","og_locale":"fr_FR","og_type":"article","og_title":"Xenical 120mg - Ge24h","og_description":"Achetez du Xenical 120 mg chez GE24h. Obtenez d\u00e8s maintenant les meilleurs m\u00e9dicaments g\u00e9n\u00e9riques au meilleur prix sur notre site web. Achetez des g\u00e9n\u00e9riques.","og_url":"https:\/\/ge24h.com\/fr\/producto\/xenical-120mg\/","og_site_name":"Ge24h","article_modified_time":"2025-07-17T08:00:13+00:00","og_image":[{"width":800,"height":800,"url":"https:\/\/ge24h.com\/wp-content\/uploads\/orlistat-120mg-1.png","type":"image\/png"}],"twitter_card":"summary_large_image","twitter_misc":{"Dur\u00e9e de lecture estim\u00e9e":"4 minutes"},"schema":{"@context":"https:\/\/schema.org","@graph":[{"@type":"WebPage","@id":"https:\/\/ge24h.com\/fr\/producto\/xenical-120mg\/","url":"https:\/\/ge24h.com\/fr\/producto\/xenical-120mg\/","name":"Xenical 120mg - Ge24h","isPartOf":{"@id":"https:\/\/ge24h.com\/#website"},"primaryImageOfPage":{"@id":"https:\/\/ge24h.com\/fr\/producto\/xenical-120mg\/#primaryimage"},"image":{"@id":"https:\/\/ge24h.com\/fr\/producto\/xenical-120mg\/#primaryimage"},"thumbnailUrl":"https:\/\/ge24h.com\/wp-content\/uploads\/orlistat-120mg-1.png","datePublished":"2025-05-22T08:15:35+00:00","dateModified":"2025-07-17T08:00:13+00:00","description":"Achetez du Xenical 120 mg chez GE24h. Obtenez d\u00e8s maintenant les meilleurs m\u00e9dicaments g\u00e9n\u00e9riques au meilleur prix sur notre site web. Achetez des g\u00e9n\u00e9riques.","breadcrumb":{"@id":"https:\/\/ge24h.com\/fr\/producto\/xenical-120mg\/#breadcrumb"},"inLanguage":"fr-FR","potentialAction":[{"@type":"ReadAction","target":["https:\/\/ge24h.com\/fr\/producto\/xenical-120mg\/"]}]},{"@type":"ImageObject","inLanguage":"fr-FR","@id":"https:\/\/ge24h.com\/fr\/producto\/xenical-120mg\/#primaryimage","url":"https:\/\/ge24h.com\/wp-content\/uploads\/orlistat-120mg-1.png","contentUrl":"https:\/\/ge24h.com\/wp-content\/uploads\/orlistat-120mg-1.png","width":800,"height":800,"caption":"Xenical 120mg"},{"@type":"BreadcrumbList","@id":"https:\/\/ge24h.com\/fr\/producto\/xenical-120mg\/#breadcrumb","itemListElement":[{"@type":"ListItem","position":1,"name":"Portada","item":"https:\/\/ge24h.com\/fr\/"},{"@type":"ListItem","position":2,"name":"boutique","item":"https:\/\/ge24h.com\/fr\/boutique\/"},{"@type":"ListItem","position":3,"name":"Xenical 120mg"}]},{"@type":"WebSite","@id":"https:\/\/ge24h.com\/#website","url":"https:\/\/ge24h.com\/","name":"Ge24h","description":"Medicamentos Gen\u00e9ricos, Finpecia, Kamagra, Sidenafil, Tadalafil","publisher":{"@id":"https:\/\/ge24h.com\/#organization"},"potentialAction":[{"@type":"SearchAction","target":{"@type":"EntryPoint","urlTemplate":"https:\/\/ge24h.com\/?s={search_term_string}"},"query-input":{"@type":"PropertyValueSpecification","valueRequired":true,"valueName":"search_term_string"}}],"inLanguage":"fr-FR"},{"@type":"Organization","@id":"https:\/\/ge24h.com\/#organization","name":"Ge24h","url":"https:\/\/ge24h.com\/","logo":{"@type":"ImageObject","inLanguage":"fr-FR","@id":"https:\/\/ge24h.com\/#\/schema\/logo\/image\/","url":"https:\/\/ge24h.com\/wp-content\/uploads\/logo-1.svg","contentUrl":"https:\/\/ge24h.com\/wp-content\/uploads\/logo-1.svg","width":200,"height":58,"caption":"Ge24h"},"image":{"@id":"https:\/\/ge24h.com\/#\/schema\/logo\/image\/"}}]}},"_links":{"self":[{"href":"https:\/\/ge24h.com\/fr\/wp-json\/wp\/v2\/product\/6021","targetHints":{"allow":["GET"]}}],"collection":[{"href":"https:\/\/ge24h.com\/fr\/wp-json\/wp\/v2\/product"}],"about":[{"href":"https:\/\/ge24h.com\/fr\/wp-json\/wp\/v2\/types\/product"}],"replies":[{"embeddable":true,"href":"https:\/\/ge24h.com\/fr\/wp-json\/wp\/v2\/comments?post=6021"}],"wp:featuredmedia":[{"embeddable":true,"href":"https:\/\/ge24h.com\/fr\/wp-json\/wp\/v2\/media\/4953"}],"wp:attachment":[{"href":"https:\/\/ge24h.com\/fr\/wp-json\/wp\/v2\/media?parent=6021"}],"wp:term":[{"taxonomy":"product_brand","embeddable":true,"href":"https:\/\/ge24h.com\/fr\/wp-json\/wp\/v2\/product_brand?post=6021"},{"taxonomy":"product_cat","embeddable":true,"href":"https:\/\/ge24h.com\/fr\/wp-json\/wp\/v2\/product_cat?post=6021"},{"taxonomy":"product_tag","embeddable":true,"href":"https:\/\/ge24h.com\/fr\/wp-json\/wp\/v2\/product_tag?post=6021"}],"curies":[{"name":"wp","href":"https:\/\/api.w.org\/{rel}","templated":true}]}}