{"id":6015,"date":"2025-05-22T10:45:04","date_gmt":"2025-05-22T08:45:04","guid":{"rendered":"https:\/\/ge24h.com\/producto\/duphaston-10mg\/"},"modified":"2025-07-16T17:59:36","modified_gmt":"2025-07-16T15:59:36","slug":"duphaston-10mg","status":"publish","type":"product","link":"https:\/\/ge24h.com\/fr\/producto\/duphaston-10mg\/","title":{"rendered":"Duphaston 10mg"},"content":{"rendered":"<h3><strong>Nom du m\u00e9dicament:<\/strong> Duphaston<\/h3>\n<h3><strong>Nom g\u00e9n\u00e9rique:<\/strong> Dydrogesterone<\/h3>\n<p>&nbsp;<\/p>\n<h4><strong>Quelle est la chose la plus importante que je devrais savoir sur Duphaston ?<\/strong><\/h4>\n<ul>\n<li>La dydrogest\u00e9rone est un progestatif oral actif qui agit directement sur l&rsquo;ut\u00e9rus, produisant un endom\u00e8tre s\u00e9cr\u00e9toire complet dans un ut\u00e9rus pr\u00e9par\u00e9 aux \u0153strog\u00e8nes.<\/li>\n<li>Aux niveaux th\u00e9rapeutiques, la dydrogest\u00e9rone n\u2019a aucun effet contraceptif car elle n\u2019inhibe ni n\u2019interf\u00e8re avec l\u2019ovulation ou le corps jaune.<\/li>\n<li>Duphaston est non androg\u00e8ne, non \u0153strog\u00e9nique, non cortico\u00efde, non anabolisant et n&rsquo;est pas excr\u00e9t\u00e9 sous forme de pr\u00e9gnanediol.<\/li>\n<\/ul>\n<p>&nbsp;<\/p>\n<h4><strong>Qu&rsquo;est-ce que Duphaston?<\/strong><\/h4>\n<p>Duphaston est utilis\u00e9 pour traiter la dur\u00e9e irr\u00e9guli\u00e8re du cycle menstruel et l&rsquo;apparition et la dur\u00e9e irr\u00e9guli\u00e8res des r\u00e8gles caus\u00e9es par une carence en progest\u00e9rone.<\/p>\n<p>Associ\u00e9 \u00e0 une substance \u0153strog\u00e9nique, Duphaston peut \u00eatre appliqu\u00e9 en cas d&rsquo;am\u00e9norrh\u00e9e secondaire, de saignements ut\u00e9rins dysfonctionnels et de troubles post-m\u00e9nopausiques impliquant un d\u00e9ficit en progest\u00e9rone endog\u00e8ne.<\/p>\n<p>&nbsp;<\/p>\n<h4><strong>Que dois-je discuter avec mon m\u00e9decin avant de prendre Duphaston?<\/strong><\/h4>\n<ul>\n<li>Duphaston ne doit pas \u00eatre administr\u00e9 aux patientes pr\u00e9sentant des saignements vaginaux non diagnostiqu\u00e9s ou \u00e0 celles ayant des ant\u00e9c\u00e9dents de troubles thromboemboliques.<\/li>\n<li>Utiliser avec prudence chez les patients souffrant d\u2019insuffisance cardiovasculaire, r\u00e9nale ou h\u00e9patique, de diab\u00e8te sucr\u00e9, d\u2019asthme, d\u2019\u00e9pilepsie et de migraine.<\/li>\n<li>Doit \u00eatre utilis\u00e9 avec prudence chez les personnes ayant des ant\u00e9c\u00e9dents de d\u00e9pression mentale.<\/li>\n<\/ul>\n<p>&nbsp;<\/p>\n<h4><strong>Comment dois-je prendre Duphaston?<\/strong><\/h4>\n<p>Les posologies ci-dessous constituent des recommandations g\u00e9n\u00e9rales. Pour un effet th\u00e9rapeutique optimal, les doses doivent \u00eatre adapt\u00e9es \u00e0 la nature et \u00e0 la gravit\u00e9 de la maladie. <\/p>\n<ul>\n<li><strong>En cas de cycles irr\u00e9guliers dus \u00e0 un d\u00e9ficit endog\u00e8ne <\/strong> en progest\u00e9rone : Duphaston 5 \u00e0 10 mg est recommand\u00e9, notamment en cas de cycles irr\u00e9guliers dus \u00e0 une phase lut\u00e9ale raccourcie (avant la m\u00e9nopause). Le traitement doit \u00eatre r\u00e9p\u00e9t\u00e9 pendant plusieurs cycles. <\/li>\n<li><strong>En cas d&rsquo;am\u00e9norrh\u00e9e secondaire :<\/strong> Administration de Duphaston en association avec des \u0153strog\u00e8nes. 0,05 mg d&rsquo;\u00e9thinylestradiol par jour est recommand\u00e9 du jour 1 au jour 25 du cycle, et 5 mg de Duphaston deux fois par jour du jour 11 au jour 25. Cinq jours apr\u00e8s l&rsquo;h\u00e9morragie de privation, le cycle est r\u00e9p\u00e9t\u00e9 pour imiter un cycle naturel.  <\/li>\n<li><strong>En cas de saignement ut\u00e9rin dysfonctionnel :<\/strong> Pour arr\u00eater le saignement, Duphaston 10 mg avec 0,10 mg d&rsquo;\u00e9thinylestradiol deux fois par jour pendant 5 \u00e0 7 jours.<\/li>\n<li>Pour pr\u00e9venir les saignements abondants, Duphaston 5 mg deux fois par jour du jour 11 au jour 25 du cycle, si n\u00e9cessaire, associ\u00e9 \u00e0 des \u0153strog\u00e8nes pendant la premi\u00e8re moiti\u00e9 du cycle.<\/li>\n<li><strong>En cas de troubles post-m\u00e9nopausiques <\/strong> : Si des \u0153strog\u00e8nes sont utilis\u00e9s (traitement hormonal substitutif &#8211; THS), Duphaston 10 mg est utilis\u00e9 pour contrer les effets des \u0153strog\u00e8nes non compens\u00e9s sur l&rsquo;endom\u00e8tre, induisant des saignements de privation.<\/li>\n<li>Si le traitement aux \u0153strog\u00e8nes est continu : Duphaston 10 mg deux fois par jour pendant les 12 \u00e0 14 premiers jours de chaque mois calendaire.<\/li>\n<li>Si le traitement aux \u0153strog\u00e8nes est cyclique : Duphaston 10 mg deux fois par jour pendant les 12 \u00e0 14 derniers jours de traitement.<\/li>\n<\/ul>\n<p>&nbsp;<\/p>\n<h4><strong>Que se passe-t-il si j\u2019oublie de prendre une dose ?<\/strong><\/h4>\n<p>Les informations fournies ne contiennent aucune prescription stricte en cas d&rsquo;oubli de dose. Consultez votre m\u00e9decin ou votre pharmacien pour toute question. <\/p>\n<p>&nbsp;<\/p>\n<h4><strong>Que se passe-t-il en cas de surdose?<\/strong><\/h4>\n<p>Consultez les sections sur les <strong>effets ind\u00e9sirables possibles<\/strong> et les <strong>pr\u00e9cautions<\/strong> \u00e0 prendre. Le traitement est symptomatique et de soutien. <\/p>\n<p>&nbsp;<\/p>\n<h4><strong>Que dois-je \u00e9viter pendant que je prends Duphaston?<\/strong><\/h4>\n<p>Aucune pr\u00e9caution particuli\u00e8re n&rsquo;est indiqu\u00e9e dans les informations fournies sur ce qu&rsquo;il faut \u00e9viter pendant le traitement, \u00e0 l&rsquo;exception des contre-indications et pr\u00e9cautions d\u00e9crites ci-dessus.<\/p>\n<p>&nbsp;<\/p>\n<h4><strong>Quels sont les effets secondaires possibles de Duphaston?<\/strong><\/h4>\n<ul>\n<li>Troubles gastro-intestinaux.<\/li>\n<li>\u00c9ruptions cutan\u00e9es allergiques ou urticaire.<\/li>\n<li>Changements dans la libido.<\/li>\n<li>Acn\u00e9.<\/li>\n<li>R\u00e9tention d\u2019eau et augmentation de la masse corporelle.<\/li>\n<li>D\u00e9pression et changements mentaux, qui peuvent inclure une g\u00eane ou une gyn\u00e9comastie.<\/li>\n<li>Anomalies des tests de la fonction h\u00e9patique, signal\u00e9es moins fr\u00e9quemment, y compris la jaunisse.<\/li>\n<\/ul>\n<p>Dans un faible pourcentage de cas, des saignements peuvent survenir, qui peuvent \u00eatre \u00e9vit\u00e9s en augmentant la dose.<\/p>\n<p>Dans un faible pourcentage de cas, des saignements peuvent survenir, qui peuvent \u00eatre \u00e9vit\u00e9s en augmentant la dose.<\/p>\n<p>&nbsp;<\/p>\n<h4><strong>Quels m\u00e9dicaments peuvent interagir avec Duphaston?<\/strong><\/h4>\n<p>Les interactions avec d\u2019autres m\u00e9dicaments peuvent provoquer des effets secondaires ind\u00e9sirables ou emp\u00eacher un m\u00e9dicament de fonctionner correctement.<\/p>\n<p>Informez votre m\u00e9decin ou votre pharmacien de tous les m\u00e9dicaments sur ordonnance et en vente libre que vous prenez.<\/p>\n<p>Si vous avez ces questions, consultez votre m\u00e9decin pour vous assurer que vous \u00eates m\u00e9dicalement apte.<\/p>\n","protected":false},"excerpt":{"rendered":"<p>La dydrogest\u00e9rone est un progestatif actif par voie orale qui agit directement sur l&rsquo;ut\u00e9rus, produisant un endom\u00e8tre s\u00e9cr\u00e9toire complet dans un ut\u00e9rus stimul\u00e9 par les \u0153strog\u00e8nes. Aux niveaux th\u00e9rapeutiques, la dydrogest\u00e9rone n&rsquo;a pas d&rsquo;effet contraceptif car elle n&rsquo;inhibe ni n&rsquo;interf\u00e8re avec l&rsquo;ovulation ou le corps jaune.<\/p>\n<ul>\n<li>R\u00e9gule les cycles menstruels irr\u00e9guliers.<\/li>\n<li>Traitement efficace de l\u2019am\u00e9norrh\u00e9e secondaire et des saignements ut\u00e9rins dysfonctionnels.<\/li>\n<li>Contrecarre les effets n\u00e9fastes des \u0153strog\u00e8nes sur l\u2019endom\u00e8tre.<\/li>\n<\/ul>\n","protected":false},"featured_media":4921,"comment_status":"open","ping_status":"closed","template":"","meta":[],"product_brand":[520],"product_cat":[365],"product_tag":[],"class_list":{"0":"post-6015","1":"product","2":"type-product","3":"status-publish","4":"has-post-thumbnail","6":"product_brand-mylan-healthcare-2","7":"product_cat-la-sante-des-femmes","9":"first","10":"instock","11":"taxable","12":"shipping-taxable","13":"purchasable","14":"product-type-variable"},"yoast_head":"<!-- This site is optimized with the Yoast SEO plugin v25.6 - https:\/\/yoast.com\/wordpress\/plugins\/seo\/ -->\n<title>Duphaston 10mg - Ge24h<\/title>\n<meta name=\"description\" content=\"Achetez Duphaston 10 mg chez GE24h. Obtenez d\u00e8s maintenant les meilleurs m\u00e9dicaments g\u00e9n\u00e9riques au meilleur prix sur notre site web. Achetez des g\u00e9n\u00e9riques.\" \/>\n<meta name=\"robots\" content=\"index, follow, max-snippet:-1, max-image-preview:large, max-video-preview:-1\" \/>\n<link rel=\"canonical\" href=\"https:\/\/ge24h.com\/fr\/producto\/duphaston-10mg\/\" \/>\n<meta property=\"og:locale\" content=\"fr_FR\" \/>\n<meta property=\"og:type\" content=\"article\" \/>\n<meta property=\"og:title\" content=\"Duphaston 10mg - Ge24h\" \/>\n<meta property=\"og:description\" content=\"Achetez Duphaston 10 mg chez GE24h. Obtenez d\u00e8s maintenant les meilleurs m\u00e9dicaments g\u00e9n\u00e9riques au meilleur prix sur notre site web. Achetez des g\u00e9n\u00e9riques.\" \/>\n<meta property=\"og:url\" content=\"https:\/\/ge24h.com\/fr\/producto\/duphaston-10mg\/\" \/>\n<meta property=\"og:site_name\" content=\"Ge24h\" \/>\n<meta property=\"article:modified_time\" content=\"2025-07-16T15:59:36+00:00\" \/>\n<meta property=\"og:image\" content=\"https:\/\/ge24h.com\/wp-content\/uploads\/duphaston-10mg-1.png\" \/>\n\t<meta property=\"og:image:width\" content=\"800\" \/>\n\t<meta property=\"og:image:height\" content=\"800\" \/>\n\t<meta property=\"og:image:type\" content=\"image\/png\" \/>\n<meta name=\"twitter:card\" content=\"summary_large_image\" \/>\n<meta name=\"twitter:label1\" content=\"Dur\u00e9e de lecture estim\u00e9e\" \/>\n\t<meta name=\"twitter:data1\" content=\"4 minutes\" \/>\n<script type=\"application\/ld+json\" class=\"yoast-schema-graph\">{\"@context\":\"https:\/\/schema.org\",\"@graph\":[{\"@type\":\"WebPage\",\"@id\":\"https:\/\/ge24h.com\/fr\/producto\/duphaston-10mg\/\",\"url\":\"https:\/\/ge24h.com\/fr\/producto\/duphaston-10mg\/\",\"name\":\"Duphaston 10mg - Ge24h\",\"isPartOf\":{\"@id\":\"https:\/\/ge24h.com\/#website\"},\"primaryImageOfPage\":{\"@id\":\"https:\/\/ge24h.com\/fr\/producto\/duphaston-10mg\/#primaryimage\"},\"image\":{\"@id\":\"https:\/\/ge24h.com\/fr\/producto\/duphaston-10mg\/#primaryimage\"},\"thumbnailUrl\":\"https:\/\/ge24h.com\/wp-content\/uploads\/duphaston-10mg-1.png\",\"datePublished\":\"2025-05-22T08:45:04+00:00\",\"dateModified\":\"2025-07-16T15:59:36+00:00\",\"description\":\"Achetez Duphaston 10 mg chez GE24h. Obtenez d\u00e8s maintenant les meilleurs m\u00e9dicaments g\u00e9n\u00e9riques au meilleur prix sur notre site web. Achetez des g\u00e9n\u00e9riques.\",\"breadcrumb\":{\"@id\":\"https:\/\/ge24h.com\/fr\/producto\/duphaston-10mg\/#breadcrumb\"},\"inLanguage\":\"fr-FR\",\"potentialAction\":[{\"@type\":\"ReadAction\",\"target\":[\"https:\/\/ge24h.com\/fr\/producto\/duphaston-10mg\/\"]}]},{\"@type\":\"ImageObject\",\"inLanguage\":\"fr-FR\",\"@id\":\"https:\/\/ge24h.com\/fr\/producto\/duphaston-10mg\/#primaryimage\",\"url\":\"https:\/\/ge24h.com\/wp-content\/uploads\/duphaston-10mg-1.png\",\"contentUrl\":\"https:\/\/ge24h.com\/wp-content\/uploads\/duphaston-10mg-1.png\",\"width\":800,\"height\":800,\"caption\":\"Duphaston 10mg\"},{\"@type\":\"BreadcrumbList\",\"@id\":\"https:\/\/ge24h.com\/fr\/producto\/duphaston-10mg\/#breadcrumb\",\"itemListElement\":[{\"@type\":\"ListItem\",\"position\":1,\"name\":\"Portada\",\"item\":\"https:\/\/ge24h.com\/fr\/\"},{\"@type\":\"ListItem\",\"position\":2,\"name\":\"boutique\",\"item\":\"https:\/\/ge24h.com\/fr\/boutique\/\"},{\"@type\":\"ListItem\",\"position\":3,\"name\":\"Duphaston 10mg\"}]},{\"@type\":\"WebSite\",\"@id\":\"https:\/\/ge24h.com\/#website\",\"url\":\"https:\/\/ge24h.com\/\",\"name\":\"Ge24h\",\"description\":\"Medicamentos Gen\u00e9ricos, Finpecia, Kamagra, Sidenafil, Tadalafil\",\"publisher\":{\"@id\":\"https:\/\/ge24h.com\/#organization\"},\"potentialAction\":[{\"@type\":\"SearchAction\",\"target\":{\"@type\":\"EntryPoint\",\"urlTemplate\":\"https:\/\/ge24h.com\/?s={search_term_string}\"},\"query-input\":{\"@type\":\"PropertyValueSpecification\",\"valueRequired\":true,\"valueName\":\"search_term_string\"}}],\"inLanguage\":\"fr-FR\"},{\"@type\":\"Organization\",\"@id\":\"https:\/\/ge24h.com\/#organization\",\"name\":\"Ge24h\",\"url\":\"https:\/\/ge24h.com\/\",\"logo\":{\"@type\":\"ImageObject\",\"inLanguage\":\"fr-FR\",\"@id\":\"https:\/\/ge24h.com\/#\/schema\/logo\/image\/\",\"url\":\"https:\/\/ge24h.com\/wp-content\/uploads\/logo-1.svg\",\"contentUrl\":\"https:\/\/ge24h.com\/wp-content\/uploads\/logo-1.svg\",\"width\":200,\"height\":58,\"caption\":\"Ge24h\"},\"image\":{\"@id\":\"https:\/\/ge24h.com\/#\/schema\/logo\/image\/\"}}]}<\/script>\n<!-- \/ Yoast SEO plugin. -->","yoast_head_json":{"title":"Duphaston 10mg - Ge24h","description":"Achetez Duphaston 10 mg chez GE24h. Obtenez d\u00e8s maintenant les meilleurs m\u00e9dicaments g\u00e9n\u00e9riques au meilleur prix sur notre site web. Achetez des g\u00e9n\u00e9riques.","robots":{"index":"index","follow":"follow","max-snippet":"max-snippet:-1","max-image-preview":"max-image-preview:large","max-video-preview":"max-video-preview:-1"},"canonical":"https:\/\/ge24h.com\/fr\/producto\/duphaston-10mg\/","og_locale":"fr_FR","og_type":"article","og_title":"Duphaston 10mg - Ge24h","og_description":"Achetez Duphaston 10 mg chez GE24h. Obtenez d\u00e8s maintenant les meilleurs m\u00e9dicaments g\u00e9n\u00e9riques au meilleur prix sur notre site web. Achetez des g\u00e9n\u00e9riques.","og_url":"https:\/\/ge24h.com\/fr\/producto\/duphaston-10mg\/","og_site_name":"Ge24h","article_modified_time":"2025-07-16T15:59:36+00:00","og_image":[{"width":800,"height":800,"url":"https:\/\/ge24h.com\/wp-content\/uploads\/duphaston-10mg-1.png","type":"image\/png"}],"twitter_card":"summary_large_image","twitter_misc":{"Dur\u00e9e de lecture estim\u00e9e":"4 minutes"},"schema":{"@context":"https:\/\/schema.org","@graph":[{"@type":"WebPage","@id":"https:\/\/ge24h.com\/fr\/producto\/duphaston-10mg\/","url":"https:\/\/ge24h.com\/fr\/producto\/duphaston-10mg\/","name":"Duphaston 10mg - Ge24h","isPartOf":{"@id":"https:\/\/ge24h.com\/#website"},"primaryImageOfPage":{"@id":"https:\/\/ge24h.com\/fr\/producto\/duphaston-10mg\/#primaryimage"},"image":{"@id":"https:\/\/ge24h.com\/fr\/producto\/duphaston-10mg\/#primaryimage"},"thumbnailUrl":"https:\/\/ge24h.com\/wp-content\/uploads\/duphaston-10mg-1.png","datePublished":"2025-05-22T08:45:04+00:00","dateModified":"2025-07-16T15:59:36+00:00","description":"Achetez Duphaston 10 mg chez GE24h. Obtenez d\u00e8s maintenant les meilleurs m\u00e9dicaments g\u00e9n\u00e9riques au meilleur prix sur notre site web. Achetez des g\u00e9n\u00e9riques.","breadcrumb":{"@id":"https:\/\/ge24h.com\/fr\/producto\/duphaston-10mg\/#breadcrumb"},"inLanguage":"fr-FR","potentialAction":[{"@type":"ReadAction","target":["https:\/\/ge24h.com\/fr\/producto\/duphaston-10mg\/"]}]},{"@type":"ImageObject","inLanguage":"fr-FR","@id":"https:\/\/ge24h.com\/fr\/producto\/duphaston-10mg\/#primaryimage","url":"https:\/\/ge24h.com\/wp-content\/uploads\/duphaston-10mg-1.png","contentUrl":"https:\/\/ge24h.com\/wp-content\/uploads\/duphaston-10mg-1.png","width":800,"height":800,"caption":"Duphaston 10mg"},{"@type":"BreadcrumbList","@id":"https:\/\/ge24h.com\/fr\/producto\/duphaston-10mg\/#breadcrumb","itemListElement":[{"@type":"ListItem","position":1,"name":"Portada","item":"https:\/\/ge24h.com\/fr\/"},{"@type":"ListItem","position":2,"name":"boutique","item":"https:\/\/ge24h.com\/fr\/boutique\/"},{"@type":"ListItem","position":3,"name":"Duphaston 10mg"}]},{"@type":"WebSite","@id":"https:\/\/ge24h.com\/#website","url":"https:\/\/ge24h.com\/","name":"Ge24h","description":"Medicamentos Gen\u00e9ricos, Finpecia, Kamagra, Sidenafil, Tadalafil","publisher":{"@id":"https:\/\/ge24h.com\/#organization"},"potentialAction":[{"@type":"SearchAction","target":{"@type":"EntryPoint","urlTemplate":"https:\/\/ge24h.com\/?s={search_term_string}"},"query-input":{"@type":"PropertyValueSpecification","valueRequired":true,"valueName":"search_term_string"}}],"inLanguage":"fr-FR"},{"@type":"Organization","@id":"https:\/\/ge24h.com\/#organization","name":"Ge24h","url":"https:\/\/ge24h.com\/","logo":{"@type":"ImageObject","inLanguage":"fr-FR","@id":"https:\/\/ge24h.com\/#\/schema\/logo\/image\/","url":"https:\/\/ge24h.com\/wp-content\/uploads\/logo-1.svg","contentUrl":"https:\/\/ge24h.com\/wp-content\/uploads\/logo-1.svg","width":200,"height":58,"caption":"Ge24h"},"image":{"@id":"https:\/\/ge24h.com\/#\/schema\/logo\/image\/"}}]}},"_links":{"self":[{"href":"https:\/\/ge24h.com\/fr\/wp-json\/wp\/v2\/product\/6015","targetHints":{"allow":["GET"]}}],"collection":[{"href":"https:\/\/ge24h.com\/fr\/wp-json\/wp\/v2\/product"}],"about":[{"href":"https:\/\/ge24h.com\/fr\/wp-json\/wp\/v2\/types\/product"}],"replies":[{"embeddable":true,"href":"https:\/\/ge24h.com\/fr\/wp-json\/wp\/v2\/comments?post=6015"}],"wp:featuredmedia":[{"embeddable":true,"href":"https:\/\/ge24h.com\/fr\/wp-json\/wp\/v2\/media\/4921"}],"wp:attachment":[{"href":"https:\/\/ge24h.com\/fr\/wp-json\/wp\/v2\/media?parent=6015"}],"wp:term":[{"taxonomy":"product_brand","embeddable":true,"href":"https:\/\/ge24h.com\/fr\/wp-json\/wp\/v2\/product_brand?post=6015"},{"taxonomy":"product_cat","embeddable":true,"href":"https:\/\/ge24h.com\/fr\/wp-json\/wp\/v2\/product_cat?post=6015"},{"taxonomy":"product_tag","embeddable":true,"href":"https:\/\/ge24h.com\/fr\/wp-json\/wp\/v2\/product_tag?post=6015"}],"curies":[{"name":"wp","href":"https:\/\/api.w.org\/{rel}","templated":true}]}}