{"id":6009,"date":"2025-05-22T10:53:39","date_gmt":"2025-05-22T08:53:39","guid":{"rendered":"https:\/\/ge24h.com\/producto\/evista-60mg\/"},"modified":"2025-07-16T17:52:17","modified_gmt":"2025-07-16T15:52:17","slug":"evista-60mg","status":"publish","type":"product","link":"https:\/\/ge24h.com\/fr\/producto\/evista-60mg\/","title":{"rendered":"Evista 60mg"},"content":{"rendered":"<h3><strong>Nom du m\u00e9dicament : <\/strong> Evista<\/h3>\n<p>&nbsp;<\/p>\n<h4><strong>Quelle est la chose la plus importante que je devrais savoir sur Evista?<\/strong><\/h4>\n<ul>\n<li><strong>Evista est un modulateur s\u00e9lectif des r\u00e9cepteurs aux \u0153strog\u00e8nes (SERM)<\/strong> utilis\u00e9 pour traiter et pr\u00e9venir l&rsquo;ost\u00e9oporose chez les femmes m\u00e9nopaus\u00e9es.<\/li>\n<li>Ces m\u00e9dicaments sont structurellement diff\u00e9rents des hormones, notamment des \u0153strog\u00e8nes et des progestatifs.<\/li>\n<li>Informez votre m\u00e9decin si vous avez des ant\u00e9c\u00e9dents de caillots sanguins, car Evista n\u2019est pas recommand\u00e9 dans ces cas.<\/li>\n<li>Informez votre m\u00e9decin de tout autre probl\u00e8me m\u00e9dical, allergie, grossesse ou allaitement avant d\u2019utiliser ce m\u00e9dicament.<\/li>\n<\/ul>\n<p>&nbsp;<\/p>\n<h4><strong>Qu&rsquo;est-ce qu&rsquo;Evista?<\/strong><\/h4>\n<p>Evista est un m\u00e9dicament principalement utilis\u00e9 pour <strong>traiter et pr\u00e9venir l&rsquo;ost\u00e9oporose chez les femmes m\u00e9nopaus\u00e9es.<\/strong> Il peut \u00e9galement \u00eatre utilis\u00e9 pour traiter d&rsquo;autres affections, selon l&rsquo;avis de votre m\u00e9decin.<\/p>\n<p>Evista appartient \u00e0 un groupe de m\u00e9dicaments appel\u00e9s modulateurs s\u00e9lectifs des r\u00e9cepteurs aux \u0153strog\u00e8nes (SERM), qui agissent diff\u00e9remment des hormones telles que les \u0153strog\u00e8nes et les progestatifs.<\/p>\n<p>&nbsp;<\/p>\n<h4><strong>Que dois-je discuter avec mon m\u00e9decin avant de prendre Evista?<br data-mce-bogus=\"1\"><\/strong><\/h4>\n<ul>\n<li>Informez votre m\u00e9decin si vous avez des ant\u00e9c\u00e9dents de caillots sanguins.<\/li>\n<li>Veuillez signaler tout autre probl\u00e8me m\u00e9dical, allergie, grossesse ou allaitement.<\/li>\n<li>Si vous avez eu des augmentations de cholest\u00e9rol et\/ou de triglyc\u00e9rides en raison d\u2019une utilisation ant\u00e9rieure d\u2019\u0153strog\u00e8nes, informez-en votre m\u00e9decin.<\/li>\n<li>N&rsquo;utilisez pas ce m\u00e9dicament si vous \u00eates enceinte.<\/li>\n<li>Si vous pensez \u00eatre enceinte, consultez imm\u00e9diatement votre m\u00e9decin.<\/li>\n<li>On ne sait pas si Evista est excr\u00e9t\u00e9 dans le lait maternel ; n&rsquo;allaitez pas pendant que vous prenez ce m\u00e9dicament.<\/li>\n<\/ul>\n<p>&nbsp;<\/p>\n<h4><strong>Comment dois-je prendre Evista?<\/strong><\/h4>\n<ul>\n<li>Suivez les instructions de votre m\u00e9decin pour utiliser ce m\u00e9dicament.<\/li>\n<li>Evista peut \u00eatre pris \u00e0 jeun ou avec de la nourriture.<\/li>\n<li>Si vous oubliez une dose, sautez la dose oubli\u00e9e et revenez \u00e0 votre horaire habituel. <strong>Ne prenez pas deux doses en m\u00eame temps.<\/strong><\/li>\n<li>Conserver le m\u00e9dicament \u00e0 temp\u00e9rature ambiante, \u00e0 l\u2019abri de la chaleur et de la lumi\u00e8re.<\/li>\n<\/ul>\n<p>&nbsp;<\/p>\n<h4><strong>Que se passe-t-il si j\u2019oublie de prendre une dose ?<\/strong><\/h4>\n<p>Sautez la dose oubli\u00e9e et revenez \u00e0 votre horaire habituel. <strong>Ne prenez pas deux doses en m\u00eame temps.<\/strong><\/p>\n<p>&nbsp;<\/p>\n<h4><strong>Que se passe-t-il en cas de surdose?<\/strong><\/h4>\n<p>Si vous soup\u00e7onnez un surdosage, contactez votre centre antipoison ou rendez-vous aux urgences.<\/p>\n<p>&nbsp;<\/p>\n<h4><strong>Que dois-je \u00e9viter pendant que je prends Evista?<\/strong><\/h4>\n<ul>\n<li>\u00c9vitez les p\u00e9riodes prolong\u00e9es d\u2019immobilit\u00e9, car cela peut augmenter le risque de caillots sanguins.<\/li>\n<li>Lors de longs voyages, levez-vous et bougez aussi souvent que possible.<\/li>\n<li>Ne partagez pas ce m\u00e9dicament avec d\u2019autres personnes \u00e0 qui il n\u2019a pas \u00e9t\u00e9 prescrit.<\/li>\n<\/ul>\n<p>&nbsp;<\/p>\n<h4><strong>Quels sont les effets secondaires possibles d\u2019Evista?<\/strong><\/h4>\n<ul>\n<li>Bouff\u00e9es de chaleur ou crampes dans les jambes. Si ces sympt\u00f4mes persistent ou sont g\u00eanants, consultez votre m\u00e9decin. <\/li>\n<li>Gonflement des mains, des pieds ou des jambes, douleur ou augmentation du volume des seins, prise de poids inhabituelle, saignements vaginaux anormaux ou taches.<\/li>\n<\/ul>\n<p><strong>Contactez imm\u00e9diatement votre m\u00e9decin si vous ressentez:<\/strong><\/p>\n<ul>\n<li>Douleur au mollet, gonflement des jambes, douleur thoracique soudaine, essoufflement ou changements de vision.<\/li>\n<\/ul>\n<p>Si vous remarquez d\u2019autres effets non mentionn\u00e9s, parlez-en \u00e0 votre m\u00e9decin, \u00e0 votre infirmi\u00e8re ou \u00e0 votre pharmacien.<\/p>\n<p>&nbsp;<\/p>\n<h4><strong>Interaction avec d&rsquo;autres m\u00e9dicaments<\/strong><\/h4>\n<p>Les interactions avec d\u2019autres m\u00e9dicaments peuvent provoquer des effets secondaires ind\u00e9sirables ou emp\u00eacher un m\u00e9dicament de fonctionner correctement.<\/p>\n<p>Informez votre m\u00e9decin ou votre pharmacien de tous les m\u00e9dicaments sur ordonnance et en vente libre que vous prenez.<\/p>\n<p>&nbsp;<\/p>\n<h4><strong>Informations Compl\u00e9mentaires<\/strong><\/h4>\n<ul>\n<li>Gardez ce m\u00e9dicament hors de port\u00e9e des enfants.<\/li>\n<li>Si vous utilisez ce m\u00e9dicament pendant de longues p\u00e9riodes, faites-le renouveler avant que votre stock ne soit \u00e9puis\u00e9.<\/li>\n<\/ul>\n","protected":false},"excerpt":{"rendered":"<p><span class=\"hps\">Ce m\u00e9dicament<\/span> <span class=\"hps\">est un modulateur<\/span> <span class=\"hps atn\">s\u00e9lectif <\/span> <span class=\"hps\">des r\u00e9cepteurs<\/span> <span class=\"hps\">aux \u0153strog\u00e8nes (SERM) utilis\u00e9 pour traiter<\/span> <span class=\"hps\">et pr\u00e9venir l&rsquo;ost\u00e9oporose<\/span> chez les f<span class=\"hps\">emmes m\u00e9nopaus\u00e9es<\/span>. <span class=\"hps\"> Il peut \u00e9galement<\/span> <span class=\"hps\">\u00eatre utilis\u00e9 pour<\/span> <span class=\"hps\">traiter d&rsquo;autres <\/span><span class=\"hps\"><span class=\"hps\">affections, selon l&rsquo;avis<\/span> de votre m\u00e9decin.<\/span><\/p>\n<ul>\n<li>Pr\u00e9vention et traitement de l&rsquo;ost\u00e9oporose.<\/li>\n<li>Ce n&rsquo;est pas une hormone.<\/li>\n<li>R\u00e9duction du risque de certains types de cancer du sein.<\/li>\n<\/ul>\n","protected":false},"featured_media":4925,"comment_status":"open","ping_status":"closed","template":"","meta":[],"product_brand":[522],"product_cat":[365],"product_tag":[],"class_list":{"0":"post-6009","1":"product","2":"type-product","3":"status-publish","4":"has-post-thumbnail","6":"product_brand-lilly-2","7":"product_cat-la-sante-des-femmes","9":"first","10":"instock","11":"taxable","12":"shipping-taxable","13":"purchasable","14":"product-type-variable"},"yoast_head":"<!-- This site is optimized with the Yoast SEO plugin v25.6 - https:\/\/yoast.com\/wordpress\/plugins\/seo\/ -->\n<title>Evista 60mg - Ge24h<\/title>\n<meta name=\"description\" content=\"Achetez Evista 60 mg chez GE24h. Obtenez les meilleurs m\u00e9dicaments g\u00e9n\u00e9riques au meilleur prix sur notre site web d\u00e8s maintenant. Achetez des g\u00e9n\u00e9riques.\" \/>\n<meta name=\"robots\" content=\"index, follow, max-snippet:-1, max-image-preview:large, max-video-preview:-1\" \/>\n<link rel=\"canonical\" href=\"https:\/\/ge24h.com\/fr\/producto\/evista-60mg\/\" \/>\n<meta property=\"og:locale\" content=\"fr_FR\" \/>\n<meta property=\"og:type\" content=\"article\" \/>\n<meta property=\"og:title\" content=\"Evista 60mg - Ge24h\" \/>\n<meta property=\"og:description\" content=\"Achetez Evista 60 mg chez GE24h. Obtenez les meilleurs m\u00e9dicaments g\u00e9n\u00e9riques au meilleur prix sur notre site web d\u00e8s maintenant. Achetez des g\u00e9n\u00e9riques.\" \/>\n<meta property=\"og:url\" content=\"https:\/\/ge24h.com\/fr\/producto\/evista-60mg\/\" \/>\n<meta property=\"og:site_name\" content=\"Ge24h\" \/>\n<meta property=\"article:modified_time\" content=\"2025-07-16T15:52:17+00:00\" \/>\n<meta property=\"og:image\" content=\"https:\/\/ge24h.com\/wp-content\/uploads\/evista-60mg-1.png\" \/>\n\t<meta property=\"og:image:width\" content=\"800\" \/>\n\t<meta property=\"og:image:height\" content=\"800\" \/>\n\t<meta property=\"og:image:type\" content=\"image\/png\" \/>\n<meta name=\"twitter:card\" content=\"summary_large_image\" \/>\n<meta name=\"twitter:label1\" content=\"Dur\u00e9e de lecture estim\u00e9e\" \/>\n\t<meta name=\"twitter:data1\" content=\"3 minutes\" \/>\n<script type=\"application\/ld+json\" class=\"yoast-schema-graph\">{\"@context\":\"https:\/\/schema.org\",\"@graph\":[{\"@type\":\"WebPage\",\"@id\":\"https:\/\/ge24h.com\/fr\/producto\/evista-60mg\/\",\"url\":\"https:\/\/ge24h.com\/fr\/producto\/evista-60mg\/\",\"name\":\"Evista 60mg - Ge24h\",\"isPartOf\":{\"@id\":\"https:\/\/ge24h.com\/#website\"},\"primaryImageOfPage\":{\"@id\":\"https:\/\/ge24h.com\/fr\/producto\/evista-60mg\/#primaryimage\"},\"image\":{\"@id\":\"https:\/\/ge24h.com\/fr\/producto\/evista-60mg\/#primaryimage\"},\"thumbnailUrl\":\"https:\/\/ge24h.com\/wp-content\/uploads\/evista-60mg-1.png\",\"datePublished\":\"2025-05-22T08:53:39+00:00\",\"dateModified\":\"2025-07-16T15:52:17+00:00\",\"description\":\"Achetez Evista 60 mg chez GE24h. Obtenez les meilleurs m\u00e9dicaments g\u00e9n\u00e9riques au meilleur prix sur notre site web d\u00e8s maintenant. Achetez des g\u00e9n\u00e9riques.\",\"breadcrumb\":{\"@id\":\"https:\/\/ge24h.com\/fr\/producto\/evista-60mg\/#breadcrumb\"},\"inLanguage\":\"fr-FR\",\"potentialAction\":[{\"@type\":\"ReadAction\",\"target\":[\"https:\/\/ge24h.com\/fr\/producto\/evista-60mg\/\"]}]},{\"@type\":\"ImageObject\",\"inLanguage\":\"fr-FR\",\"@id\":\"https:\/\/ge24h.com\/fr\/producto\/evista-60mg\/#primaryimage\",\"url\":\"https:\/\/ge24h.com\/wp-content\/uploads\/evista-60mg-1.png\",\"contentUrl\":\"https:\/\/ge24h.com\/wp-content\/uploads\/evista-60mg-1.png\",\"width\":800,\"height\":800,\"caption\":\"Evista 60mg\"},{\"@type\":\"BreadcrumbList\",\"@id\":\"https:\/\/ge24h.com\/fr\/producto\/evista-60mg\/#breadcrumb\",\"itemListElement\":[{\"@type\":\"ListItem\",\"position\":1,\"name\":\"Portada\",\"item\":\"https:\/\/ge24h.com\/fr\/\"},{\"@type\":\"ListItem\",\"position\":2,\"name\":\"boutique\",\"item\":\"https:\/\/ge24h.com\/fr\/boutique\/\"},{\"@type\":\"ListItem\",\"position\":3,\"name\":\"Evista 60mg\"}]},{\"@type\":\"WebSite\",\"@id\":\"https:\/\/ge24h.com\/#website\",\"url\":\"https:\/\/ge24h.com\/\",\"name\":\"Ge24h\",\"description\":\"Medicamentos Gen\u00e9ricos, Finpecia, Kamagra, Sidenafil, Tadalafil\",\"publisher\":{\"@id\":\"https:\/\/ge24h.com\/#organization\"},\"potentialAction\":[{\"@type\":\"SearchAction\",\"target\":{\"@type\":\"EntryPoint\",\"urlTemplate\":\"https:\/\/ge24h.com\/?s={search_term_string}\"},\"query-input\":{\"@type\":\"PropertyValueSpecification\",\"valueRequired\":true,\"valueName\":\"search_term_string\"}}],\"inLanguage\":\"fr-FR\"},{\"@type\":\"Organization\",\"@id\":\"https:\/\/ge24h.com\/#organization\",\"name\":\"Ge24h\",\"url\":\"https:\/\/ge24h.com\/\",\"logo\":{\"@type\":\"ImageObject\",\"inLanguage\":\"fr-FR\",\"@id\":\"https:\/\/ge24h.com\/#\/schema\/logo\/image\/\",\"url\":\"https:\/\/ge24h.com\/wp-content\/uploads\/logo-1.svg\",\"contentUrl\":\"https:\/\/ge24h.com\/wp-content\/uploads\/logo-1.svg\",\"width\":200,\"height\":58,\"caption\":\"Ge24h\"},\"image\":{\"@id\":\"https:\/\/ge24h.com\/#\/schema\/logo\/image\/\"}}]}<\/script>\n<!-- \/ Yoast SEO plugin. -->","yoast_head_json":{"title":"Evista 60mg - Ge24h","description":"Achetez Evista 60 mg chez GE24h. Obtenez les meilleurs m\u00e9dicaments g\u00e9n\u00e9riques au meilleur prix sur notre site web d\u00e8s maintenant. Achetez des g\u00e9n\u00e9riques.","robots":{"index":"index","follow":"follow","max-snippet":"max-snippet:-1","max-image-preview":"max-image-preview:large","max-video-preview":"max-video-preview:-1"},"canonical":"https:\/\/ge24h.com\/fr\/producto\/evista-60mg\/","og_locale":"fr_FR","og_type":"article","og_title":"Evista 60mg - Ge24h","og_description":"Achetez Evista 60 mg chez GE24h. Obtenez les meilleurs m\u00e9dicaments g\u00e9n\u00e9riques au meilleur prix sur notre site web d\u00e8s maintenant. Achetez des g\u00e9n\u00e9riques.","og_url":"https:\/\/ge24h.com\/fr\/producto\/evista-60mg\/","og_site_name":"Ge24h","article_modified_time":"2025-07-16T15:52:17+00:00","og_image":[{"width":800,"height":800,"url":"https:\/\/ge24h.com\/wp-content\/uploads\/evista-60mg-1.png","type":"image\/png"}],"twitter_card":"summary_large_image","twitter_misc":{"Dur\u00e9e de lecture estim\u00e9e":"3 minutes"},"schema":{"@context":"https:\/\/schema.org","@graph":[{"@type":"WebPage","@id":"https:\/\/ge24h.com\/fr\/producto\/evista-60mg\/","url":"https:\/\/ge24h.com\/fr\/producto\/evista-60mg\/","name":"Evista 60mg - Ge24h","isPartOf":{"@id":"https:\/\/ge24h.com\/#website"},"primaryImageOfPage":{"@id":"https:\/\/ge24h.com\/fr\/producto\/evista-60mg\/#primaryimage"},"image":{"@id":"https:\/\/ge24h.com\/fr\/producto\/evista-60mg\/#primaryimage"},"thumbnailUrl":"https:\/\/ge24h.com\/wp-content\/uploads\/evista-60mg-1.png","datePublished":"2025-05-22T08:53:39+00:00","dateModified":"2025-07-16T15:52:17+00:00","description":"Achetez Evista 60 mg chez GE24h. Obtenez les meilleurs m\u00e9dicaments g\u00e9n\u00e9riques au meilleur prix sur notre site web d\u00e8s maintenant. Achetez des g\u00e9n\u00e9riques.","breadcrumb":{"@id":"https:\/\/ge24h.com\/fr\/producto\/evista-60mg\/#breadcrumb"},"inLanguage":"fr-FR","potentialAction":[{"@type":"ReadAction","target":["https:\/\/ge24h.com\/fr\/producto\/evista-60mg\/"]}]},{"@type":"ImageObject","inLanguage":"fr-FR","@id":"https:\/\/ge24h.com\/fr\/producto\/evista-60mg\/#primaryimage","url":"https:\/\/ge24h.com\/wp-content\/uploads\/evista-60mg-1.png","contentUrl":"https:\/\/ge24h.com\/wp-content\/uploads\/evista-60mg-1.png","width":800,"height":800,"caption":"Evista 60mg"},{"@type":"BreadcrumbList","@id":"https:\/\/ge24h.com\/fr\/producto\/evista-60mg\/#breadcrumb","itemListElement":[{"@type":"ListItem","position":1,"name":"Portada","item":"https:\/\/ge24h.com\/fr\/"},{"@type":"ListItem","position":2,"name":"boutique","item":"https:\/\/ge24h.com\/fr\/boutique\/"},{"@type":"ListItem","position":3,"name":"Evista 60mg"}]},{"@type":"WebSite","@id":"https:\/\/ge24h.com\/#website","url":"https:\/\/ge24h.com\/","name":"Ge24h","description":"Medicamentos Gen\u00e9ricos, Finpecia, Kamagra, Sidenafil, Tadalafil","publisher":{"@id":"https:\/\/ge24h.com\/#organization"},"potentialAction":[{"@type":"SearchAction","target":{"@type":"EntryPoint","urlTemplate":"https:\/\/ge24h.com\/?s={search_term_string}"},"query-input":{"@type":"PropertyValueSpecification","valueRequired":true,"valueName":"search_term_string"}}],"inLanguage":"fr-FR"},{"@type":"Organization","@id":"https:\/\/ge24h.com\/#organization","name":"Ge24h","url":"https:\/\/ge24h.com\/","logo":{"@type":"ImageObject","inLanguage":"fr-FR","@id":"https:\/\/ge24h.com\/#\/schema\/logo\/image\/","url":"https:\/\/ge24h.com\/wp-content\/uploads\/logo-1.svg","contentUrl":"https:\/\/ge24h.com\/wp-content\/uploads\/logo-1.svg","width":200,"height":58,"caption":"Ge24h"},"image":{"@id":"https:\/\/ge24h.com\/#\/schema\/logo\/image\/"}}]}},"_links":{"self":[{"href":"https:\/\/ge24h.com\/fr\/wp-json\/wp\/v2\/product\/6009","targetHints":{"allow":["GET"]}}],"collection":[{"href":"https:\/\/ge24h.com\/fr\/wp-json\/wp\/v2\/product"}],"about":[{"href":"https:\/\/ge24h.com\/fr\/wp-json\/wp\/v2\/types\/product"}],"replies":[{"embeddable":true,"href":"https:\/\/ge24h.com\/fr\/wp-json\/wp\/v2\/comments?post=6009"}],"wp:featuredmedia":[{"embeddable":true,"href":"https:\/\/ge24h.com\/fr\/wp-json\/wp\/v2\/media\/4925"}],"wp:attachment":[{"href":"https:\/\/ge24h.com\/fr\/wp-json\/wp\/v2\/media?parent=6009"}],"wp:term":[{"taxonomy":"product_brand","embeddable":true,"href":"https:\/\/ge24h.com\/fr\/wp-json\/wp\/v2\/product_brand?post=6009"},{"taxonomy":"product_cat","embeddable":true,"href":"https:\/\/ge24h.com\/fr\/wp-json\/wp\/v2\/product_cat?post=6009"},{"taxonomy":"product_tag","embeddable":true,"href":"https:\/\/ge24h.com\/fr\/wp-json\/wp\/v2\/product_tag?post=6009"}],"curies":[{"name":"wp","href":"https:\/\/api.w.org\/{rel}","templated":true}]}}