{"id":6003,"date":"2025-05-22T11:06:53","date_gmt":"2025-05-22T09:06:53","guid":{"rendered":"https:\/\/ge24h.com\/producto\/premarin-0-625mg\/"},"modified":"2025-07-16T17:39:25","modified_gmt":"2025-07-16T15:39:25","slug":"premarin-0-625mg","status":"publish","type":"product","link":"https:\/\/ge24h.com\/fr\/producto\/premarin-0-625mg\/","title":{"rendered":"Premarin 0.625mg"},"content":{"rendered":"<h3><strong>Nom du m\u00e9dicament :<\/strong> Pr\u00e9marin<\/h3>\n<h3><strong>Nom g\u00e9n\u00e9rique :<\/strong> \u0153strog\u00e8nes conjugu\u00e9s<\/h3>\n<p>&nbsp;<\/p>\n<h4><strong>Quelle est la chose la plus importante que je devrais savoir sur Premarin ?<\/strong><\/h4>\n<ul>\n<li><strong>Avertissement : <\/strong> Il a \u00e9t\u00e9 signal\u00e9 que les \u0153strog\u00e8nes <strong>augmentent le risque de cancer<\/strong> de l\u2019ut\u00e9rus (endom\u00e8tre) chez les femmes m\u00e9nopaus\u00e9es, en particulier chez les femmes ayant un ut\u00e9rus et recevant un traitement hormonal \u00e0 base d\u2019\u0153strog\u00e8nes uniquement.<\/li>\n<li>Les \u0153strog\u00e8nes peuvent \u00e9galement augmenter <strong>le risque de cancer des ovaires et du sein. <\/strong><\/li>\n<li><strong>Ils ne doivent pas \u00eatre utilis\u00e9s pour pr\u00e9venir les maladies cardiaques.<\/strong><\/li>\n<li>Le traitement hormonal substitutif aux \u0153strog\u00e8nes peut provoquer des crises cardiaques, <strong> des accidents vasculaires c\u00e9r\u00e9braux<\/strong>, des caillots sanguins graves et un cancer du sein, surtout s\u2019il est utilis\u00e9 pendant une longue p\u00e9riode ou \u00e0 fortes doses.<\/li>\n<li><strong>Il doit \u00eatre utilis\u00e9 pendant la dur\u00e9e la plus courte possible<\/strong> et \u00e0 la dose efficace la plus faible afin de minimiser les risques associ\u00e9s au traitement \u00e0 long terme.<\/li>\n<\/ul>\n<p>&nbsp;<\/p>\n<h4><strong>Qu&rsquo;est-ce que Premarin?<\/strong><\/h4>\n<p>Premarin est un m\u00e9dicament contenant des <strong> hormones f\u00e9minines (\u0153strog\u00e8nes).<\/strong> Il est g\u00e9n\u00e9ralement administr\u00e9 aux femmes <strong> dont la production de ces hormones est insuffisante.<\/strong> Il est utilis\u00e9 pour r\u00e9duire les sympt\u00f4mes de la m\u00e9nopause, comme la s\u00e9cheresse vaginale.  <\/p>\n<p>Ce m\u00e9dicament <strong>n\u2019est pas efficace<\/strong> pour pr\u00e9venir ou traiter les fausses couches spontan\u00e9es ou menac\u00e9es.<\/p>\n<p><strong>Il ne doit pas \u00eatre utilis\u00e9 pendant la grossesse, <\/strong> car il peut provoquer des malformations cong\u00e9nitales ou un cancer plus tard dans la vie de l\u2019enfant.<\/p>\n<h4><strong>Que dois-je discuter avec mon m\u00e9decin avant de prendre Premarin?<\/strong><\/h4>\n<ul>\n<li><strong>Vous devriez \u00eatre \u00e9valu\u00e9 au moins <\/strong> une fois par an si vous utilisez ce m\u00e9dicament pendant une longue p\u00e9riode.<\/li>\n<li><strong>Ne commencez ni n\u2019arr\u00eatez aucun m\u00e9dicament <\/strong> sans l\u2019approbation de votre m\u00e9decin ou de votre pharmacien.<\/li>\n<li>Informez votre m\u00e9decin si vous utilisez d\u2019autres m\u00e9dicaments vaginaux.<\/li>\n<li>Informez votre m\u00e9decin si vous avez ou avez eu:\n<ul>\n<li>Ant\u00e9c\u00e9dents familiaux de tumeurs ou de cancer du sein.<\/li>\n<li>Asthme, diab\u00e8te, crises d\u2019\u00e9pilepsie ou migraines.<\/li>\n<li>Maladie du foie ou des reins.<\/li>\n<li>Maladie cardiaque (hypertension art\u00e9rielle, crises cardiaques, insuffisance cardiaque).<\/li>\n<li>Hypothyro\u00efdie.<\/li>\n<li>Taux anormaux de calcium dans le sang.<\/li>\n<li>D\u00e9pression.<\/li>\n<li>Hypertension art\u00e9rielle pendant la grossesse.<\/li>\n<li>Jaunisse pendant la grossesse ou lors de l&rsquo;utilisation d&rsquo;\u0153strog\u00e8nes.<\/li>\n<li>Probl\u00e8mes ut\u00e9rins tels que les fibromes ou l\u2019endom\u00e9triose.<\/li>\n<li>Taux de cholest\u00e9rol\/lipides \u00e9lev\u00e9.<\/li>\n<li>Maladie de la v\u00e9sicule biliaire.<\/li>\n<li>Prise de poids excessive.<\/li>\n<li>Porphyrie (maladie sanguine).<\/li>\n<li>Allergies.<\/li>\n<li>Grossesse ou si vous allaitez.<\/li>\n<\/ul>\n<\/li>\n<\/ul>\n<p>&nbsp;<\/p>\n<h4><strong>Comment dois-je prendre Premarin ?<\/strong><\/h4>\n<p>Suivez les <strong>instructions donn\u00e9es par votre m\u00e9decin<\/strong> pour l\u2019utilisation de ce m\u00e9dicament.<\/p>\n<p>&nbsp;<\/p>\n<h4><strong>Que se passe-t-il si j\u2019oublie de prendre une dose?<\/strong><\/h4>\n<p>Consultez votre m\u00e9decin ou votre pharmacien pour savoir quoi faire si vous oubliez une dose, car cela d\u00e9pend du type de r\u00e9gime qui vous a \u00e9t\u00e9 prescrit.<\/p>\n<p>&nbsp;<\/p>\n<h4><strong>Que se passe-t-il en cas de surdose?<\/strong><\/h4>\n<p>En cas de surdosage, <strong>consultez imm\u00e9diatement un m\u00e9decin.<\/strong> Informez votre m\u00e9decin si vous ressentez des sympt\u00f4mes inhabituels apr\u00e8s avoir d\u00e9pass\u00e9 la dose prescrite. <\/p>\n<p>&nbsp;<\/p>\n<h4><strong>Que dois-je \u00e9viter pendant que je prends Premarin?<\/strong><\/h4>\n<p>Consultez votre m\u00e9decin au sujet des interactions avec les aliments, les boissons ou d\u2019autres m\u00e9dicaments. <strong>N\u2019arr\u00eatez pas et ne commencez pas d\u2019autres traitements sans l\u2019accord d\u2019un m\u00e9decin.<\/strong><\/p>\n<p>&nbsp;<\/p>\n<h4><strong>\u00bfCu\u00e1les son los posibles efectos secundarios de Premarin?<\/strong><\/h4>\n<h4><strong>Effets graves:<\/strong><\/h4>\n<ul>\n<li>Cancer de l&rsquo;ut\u00e9rus (endom\u00e8tre).<\/li>\n<li>Cancer du sein et de l&rsquo;ovaire.<\/li>\n<li>Caillots sanguins graves.<\/li>\n<li>Accidents vasculaires c\u00e9r\u00e9braux (AVC).<\/li>\n<li>Crises cardiaques.<\/li>\n<\/ul>\n<p>&nbsp;<\/p>\n<h4><strong>Effets mineurs:<\/strong><\/h4>\n<ul>\n<li>Inconfort digestif.<\/li>\n<li>R\u00e9tention d&rsquo;eau.<\/li>\n<li>Mal de t\u00eate.<\/li>\n<li>Sensibilit\u00e9 des seins.<\/li>\n<\/ul>\n<p>Si vous ressentez des effets secondaires inhabituels ou g\u00eanants, <strong>consultez votre m\u00e9decin.<\/strong><\/p>\n<p>&nbsp;<\/p>\n<h4><strong>Quels m\u00e9dicaments peuvent interagir avec Premarin?<\/strong><\/h4>\n<p><strong>Une surveillance suppl\u00e9mentaire<\/strong> de la posologie ou de l\u2019\u00e9tat peut \u00eatre n\u00e9cessaire si vous utilisez d\u2019autres m\u00e9dicaments vaginaux.<\/p>\n<p>Informez votre m\u00e9decin de tous les m\u00e9dicaments que vous prenez, y compris les suppl\u00e9ments vitaminiques, les produits \u00e0 base de plantes et les autres m\u00e9dicaments sur ordonnance ou en vente libre.<\/p>\n<p>Si vous avez des questions, consultez toujours votre m\u00e9decin pour vous assurer que ce m\u00e9dicament vous convient.<\/p>\n","protected":false},"excerpt":{"rendered":"<p><span class=\"hps\">Ce m\u00e9dicament <\/span> <span class=\"hps\">est une<\/span> <span class=\"hps\">hormone f\u00e9minine<\/span> <span class=\"hps\">g\u00e9n\u00e9ralement administr\u00e9e aux femmes <\/span> <span class=\"hps\">dont la production<\/span> <span class=\"hps\">est insuffisante<\/span>. <span class=\"hps\"> <\/span><span class=\"hps\">Il est utilis\u00e9 pour att\u00e9nuer les<\/span> <span class=\"hps\">sympt\u00f4mes de la m\u00e9nopause<\/span> <span class=\"hps\">(par exemple, la<\/span> <span class=\"hps\">s\u00e9cheresse<\/span> vaginale). <span class=\"hps\">0,625 mg.<\/span><\/p>\n<ul>\n<li>Soulagement efficace des sympt\u00f4mes de la m\u00e9nopause.<\/li>\n<li>Remplacement hormonal.<\/li>\n<li>Pr\u00e9vention de certains troubles postm\u00e9nopausiques.<\/li>\n<\/ul>\n","protected":false},"featured_media":5003,"comment_status":"open","ping_status":"closed","template":"","meta":[],"product_brand":[506],"product_cat":[365],"product_tag":[],"class_list":{"0":"post-6003","1":"product","2":"type-product","3":"status-publish","4":"has-post-thumbnail","6":"product_brand-pfizer-2","7":"product_cat-la-sante-des-femmes","9":"first","10":"instock","11":"taxable","12":"shipping-taxable","13":"purchasable","14":"product-type-variable"},"yoast_head":"<!-- This site is optimized with the Yoast SEO plugin v25.6 - https:\/\/yoast.com\/wordpress\/plugins\/seo\/ -->\n<title>Premarin 0.625mg - Ge24h<\/title>\n<meta name=\"description\" content=\"Achetez Premarin 0,625 mg chez GE24h. Obtenez d\u00e8s maintenant les meilleurs m\u00e9dicaments g\u00e9n\u00e9riques au meilleur prix sur notre site web. Achetez des g\u00e9n\u00e9riques.\" \/>\n<meta name=\"robots\" content=\"index, follow, max-snippet:-1, max-image-preview:large, max-video-preview:-1\" \/>\n<link rel=\"canonical\" href=\"https:\/\/ge24h.com\/fr\/producto\/premarin-0-625mg\/\" \/>\n<meta property=\"og:locale\" content=\"fr_FR\" \/>\n<meta property=\"og:type\" content=\"article\" \/>\n<meta property=\"og:title\" content=\"Premarin 0.625mg - Ge24h\" \/>\n<meta property=\"og:description\" content=\"Achetez Premarin 0,625 mg chez GE24h. Obtenez d\u00e8s maintenant les meilleurs m\u00e9dicaments g\u00e9n\u00e9riques au meilleur prix sur notre site web. Achetez des g\u00e9n\u00e9riques.\" \/>\n<meta property=\"og:url\" content=\"https:\/\/ge24h.com\/fr\/producto\/premarin-0-625mg\/\" \/>\n<meta property=\"og:site_name\" content=\"Ge24h\" \/>\n<meta property=\"article:modified_time\" content=\"2025-07-16T15:39:25+00:00\" \/>\n<meta property=\"og:image\" content=\"https:\/\/ge24h.com\/wp-content\/uploads\/premarin-1.jpg\" \/>\n\t<meta property=\"og:image:width\" content=\"800\" \/>\n\t<meta property=\"og:image:height\" content=\"800\" \/>\n\t<meta property=\"og:image:type\" content=\"image\/jpeg\" \/>\n<meta name=\"twitter:card\" content=\"summary_large_image\" \/>\n<meta name=\"twitter:label1\" content=\"Dur\u00e9e de lecture estim\u00e9e\" \/>\n\t<meta name=\"twitter:data1\" content=\"4 minutes\" \/>\n<script type=\"application\/ld+json\" class=\"yoast-schema-graph\">{\"@context\":\"https:\/\/schema.org\",\"@graph\":[{\"@type\":\"WebPage\",\"@id\":\"https:\/\/ge24h.com\/fr\/producto\/premarin-0-625mg\/\",\"url\":\"https:\/\/ge24h.com\/fr\/producto\/premarin-0-625mg\/\",\"name\":\"Premarin 0.625mg - Ge24h\",\"isPartOf\":{\"@id\":\"https:\/\/ge24h.com\/#website\"},\"primaryImageOfPage\":{\"@id\":\"https:\/\/ge24h.com\/fr\/producto\/premarin-0-625mg\/#primaryimage\"},\"image\":{\"@id\":\"https:\/\/ge24h.com\/fr\/producto\/premarin-0-625mg\/#primaryimage\"},\"thumbnailUrl\":\"https:\/\/ge24h.com\/wp-content\/uploads\/premarin-1.jpg\",\"datePublished\":\"2025-05-22T09:06:53+00:00\",\"dateModified\":\"2025-07-16T15:39:25+00:00\",\"description\":\"Achetez Premarin 0,625 mg chez GE24h. Obtenez d\u00e8s maintenant les meilleurs m\u00e9dicaments g\u00e9n\u00e9riques au meilleur prix sur notre site web. Achetez des g\u00e9n\u00e9riques.\",\"breadcrumb\":{\"@id\":\"https:\/\/ge24h.com\/fr\/producto\/premarin-0-625mg\/#breadcrumb\"},\"inLanguage\":\"fr-FR\",\"potentialAction\":[{\"@type\":\"ReadAction\",\"target\":[\"https:\/\/ge24h.com\/fr\/producto\/premarin-0-625mg\/\"]}]},{\"@type\":\"ImageObject\",\"inLanguage\":\"fr-FR\",\"@id\":\"https:\/\/ge24h.com\/fr\/producto\/premarin-0-625mg\/#primaryimage\",\"url\":\"https:\/\/ge24h.com\/wp-content\/uploads\/premarin-1.jpg\",\"contentUrl\":\"https:\/\/ge24h.com\/wp-content\/uploads\/premarin-1.jpg\",\"width\":800,\"height\":800,\"caption\":\"Premarin 0.625mg\"},{\"@type\":\"BreadcrumbList\",\"@id\":\"https:\/\/ge24h.com\/fr\/producto\/premarin-0-625mg\/#breadcrumb\",\"itemListElement\":[{\"@type\":\"ListItem\",\"position\":1,\"name\":\"Portada\",\"item\":\"https:\/\/ge24h.com\/fr\/\"},{\"@type\":\"ListItem\",\"position\":2,\"name\":\"boutique\",\"item\":\"https:\/\/ge24h.com\/fr\/boutique\/\"},{\"@type\":\"ListItem\",\"position\":3,\"name\":\"Premarin 0.625mg\"}]},{\"@type\":\"WebSite\",\"@id\":\"https:\/\/ge24h.com\/#website\",\"url\":\"https:\/\/ge24h.com\/\",\"name\":\"Ge24h\",\"description\":\"Medicamentos Gen\u00e9ricos, Finpecia, Kamagra, Sidenafil, Tadalafil\",\"publisher\":{\"@id\":\"https:\/\/ge24h.com\/#organization\"},\"potentialAction\":[{\"@type\":\"SearchAction\",\"target\":{\"@type\":\"EntryPoint\",\"urlTemplate\":\"https:\/\/ge24h.com\/?s={search_term_string}\"},\"query-input\":{\"@type\":\"PropertyValueSpecification\",\"valueRequired\":true,\"valueName\":\"search_term_string\"}}],\"inLanguage\":\"fr-FR\"},{\"@type\":\"Organization\",\"@id\":\"https:\/\/ge24h.com\/#organization\",\"name\":\"Ge24h\",\"url\":\"https:\/\/ge24h.com\/\",\"logo\":{\"@type\":\"ImageObject\",\"inLanguage\":\"fr-FR\",\"@id\":\"https:\/\/ge24h.com\/#\/schema\/logo\/image\/\",\"url\":\"https:\/\/ge24h.com\/wp-content\/uploads\/logo-1.svg\",\"contentUrl\":\"https:\/\/ge24h.com\/wp-content\/uploads\/logo-1.svg\",\"width\":200,\"height\":58,\"caption\":\"Ge24h\"},\"image\":{\"@id\":\"https:\/\/ge24h.com\/#\/schema\/logo\/image\/\"}}]}<\/script>\n<!-- \/ Yoast SEO plugin. -->","yoast_head_json":{"title":"Premarin 0.625mg - Ge24h","description":"Achetez Premarin 0,625 mg chez GE24h. Obtenez d\u00e8s maintenant les meilleurs m\u00e9dicaments g\u00e9n\u00e9riques au meilleur prix sur notre site web. Achetez des g\u00e9n\u00e9riques.","robots":{"index":"index","follow":"follow","max-snippet":"max-snippet:-1","max-image-preview":"max-image-preview:large","max-video-preview":"max-video-preview:-1"},"canonical":"https:\/\/ge24h.com\/fr\/producto\/premarin-0-625mg\/","og_locale":"fr_FR","og_type":"article","og_title":"Premarin 0.625mg - Ge24h","og_description":"Achetez Premarin 0,625 mg chez GE24h. Obtenez d\u00e8s maintenant les meilleurs m\u00e9dicaments g\u00e9n\u00e9riques au meilleur prix sur notre site web. Achetez des g\u00e9n\u00e9riques.","og_url":"https:\/\/ge24h.com\/fr\/producto\/premarin-0-625mg\/","og_site_name":"Ge24h","article_modified_time":"2025-07-16T15:39:25+00:00","og_image":[{"width":800,"height":800,"url":"https:\/\/ge24h.com\/wp-content\/uploads\/premarin-1.jpg","type":"image\/jpeg"}],"twitter_card":"summary_large_image","twitter_misc":{"Dur\u00e9e de lecture estim\u00e9e":"4 minutes"},"schema":{"@context":"https:\/\/schema.org","@graph":[{"@type":"WebPage","@id":"https:\/\/ge24h.com\/fr\/producto\/premarin-0-625mg\/","url":"https:\/\/ge24h.com\/fr\/producto\/premarin-0-625mg\/","name":"Premarin 0.625mg - Ge24h","isPartOf":{"@id":"https:\/\/ge24h.com\/#website"},"primaryImageOfPage":{"@id":"https:\/\/ge24h.com\/fr\/producto\/premarin-0-625mg\/#primaryimage"},"image":{"@id":"https:\/\/ge24h.com\/fr\/producto\/premarin-0-625mg\/#primaryimage"},"thumbnailUrl":"https:\/\/ge24h.com\/wp-content\/uploads\/premarin-1.jpg","datePublished":"2025-05-22T09:06:53+00:00","dateModified":"2025-07-16T15:39:25+00:00","description":"Achetez Premarin 0,625 mg chez GE24h. Obtenez d\u00e8s maintenant les meilleurs m\u00e9dicaments g\u00e9n\u00e9riques au meilleur prix sur notre site web. Achetez des g\u00e9n\u00e9riques.","breadcrumb":{"@id":"https:\/\/ge24h.com\/fr\/producto\/premarin-0-625mg\/#breadcrumb"},"inLanguage":"fr-FR","potentialAction":[{"@type":"ReadAction","target":["https:\/\/ge24h.com\/fr\/producto\/premarin-0-625mg\/"]}]},{"@type":"ImageObject","inLanguage":"fr-FR","@id":"https:\/\/ge24h.com\/fr\/producto\/premarin-0-625mg\/#primaryimage","url":"https:\/\/ge24h.com\/wp-content\/uploads\/premarin-1.jpg","contentUrl":"https:\/\/ge24h.com\/wp-content\/uploads\/premarin-1.jpg","width":800,"height":800,"caption":"Premarin 0.625mg"},{"@type":"BreadcrumbList","@id":"https:\/\/ge24h.com\/fr\/producto\/premarin-0-625mg\/#breadcrumb","itemListElement":[{"@type":"ListItem","position":1,"name":"Portada","item":"https:\/\/ge24h.com\/fr\/"},{"@type":"ListItem","position":2,"name":"boutique","item":"https:\/\/ge24h.com\/fr\/boutique\/"},{"@type":"ListItem","position":3,"name":"Premarin 0.625mg"}]},{"@type":"WebSite","@id":"https:\/\/ge24h.com\/#website","url":"https:\/\/ge24h.com\/","name":"Ge24h","description":"Medicamentos Gen\u00e9ricos, Finpecia, Kamagra, Sidenafil, Tadalafil","publisher":{"@id":"https:\/\/ge24h.com\/#organization"},"potentialAction":[{"@type":"SearchAction","target":{"@type":"EntryPoint","urlTemplate":"https:\/\/ge24h.com\/?s={search_term_string}"},"query-input":{"@type":"PropertyValueSpecification","valueRequired":true,"valueName":"search_term_string"}}],"inLanguage":"fr-FR"},{"@type":"Organization","@id":"https:\/\/ge24h.com\/#organization","name":"Ge24h","url":"https:\/\/ge24h.com\/","logo":{"@type":"ImageObject","inLanguage":"fr-FR","@id":"https:\/\/ge24h.com\/#\/schema\/logo\/image\/","url":"https:\/\/ge24h.com\/wp-content\/uploads\/logo-1.svg","contentUrl":"https:\/\/ge24h.com\/wp-content\/uploads\/logo-1.svg","width":200,"height":58,"caption":"Ge24h"},"image":{"@id":"https:\/\/ge24h.com\/#\/schema\/logo\/image\/"}}]}},"_links":{"self":[{"href":"https:\/\/ge24h.com\/fr\/wp-json\/wp\/v2\/product\/6003","targetHints":{"allow":["GET"]}}],"collection":[{"href":"https:\/\/ge24h.com\/fr\/wp-json\/wp\/v2\/product"}],"about":[{"href":"https:\/\/ge24h.com\/fr\/wp-json\/wp\/v2\/types\/product"}],"replies":[{"embeddable":true,"href":"https:\/\/ge24h.com\/fr\/wp-json\/wp\/v2\/comments?post=6003"}],"wp:featuredmedia":[{"embeddable":true,"href":"https:\/\/ge24h.com\/fr\/wp-json\/wp\/v2\/media\/5003"}],"wp:attachment":[{"href":"https:\/\/ge24h.com\/fr\/wp-json\/wp\/v2\/media?parent=6003"}],"wp:term":[{"taxonomy":"product_brand","embeddable":true,"href":"https:\/\/ge24h.com\/fr\/wp-json\/wp\/v2\/product_brand?post=6003"},{"taxonomy":"product_cat","embeddable":true,"href":"https:\/\/ge24h.com\/fr\/wp-json\/wp\/v2\/product_cat?post=6003"},{"taxonomy":"product_tag","embeddable":true,"href":"https:\/\/ge24h.com\/fr\/wp-json\/wp\/v2\/product_tag?post=6003"}],"curies":[{"name":"wp","href":"https:\/\/api.w.org\/{rel}","templated":true}]}}