{"id":5998,"date":"2025-05-22T11:30:32","date_gmt":"2025-05-22T09:30:32","guid":{"rendered":"https:\/\/ge24h.com\/producto\/zyrtec-10mg\/"},"modified":"2025-07-16T17:11:43","modified_gmt":"2025-07-16T15:11:43","slug":"zyrtec-10mg","status":"publish","type":"product","link":"https:\/\/ge24h.com\/fr\/producto\/zyrtec-10mg\/","title":{"rendered":"Zyrtec 10mg"},"content":{"rendered":"<h3><strong>Nom du m\u00e9dicament:<\/strong> Zyrtec<\/h3>\n<h3><strong>Nom g\u00e9n\u00e9rique:<\/strong> Cetirizine<\/h3>\n<p>&nbsp;<\/p>\n<h4><strong>Quelle est la chose la plus importante que je devrais savoir sur Zyrtec?<\/strong><\/h4>\n<ul>\n<li><strong>Zyrtec peut provoquer des \u00e9tourdissements ou de la somnolence.<\/strong> Soyez prudent si vous conduisez, utilisez des machines ou effectuez une activit\u00e9 \u00e0 risque. Si vous ressentez des \u00e9tourdissements ou de la somnolence, \u00e9vitez ces activit\u00e9s.<\/li>\n<li><strong>\u00c9vitez la consommation d&rsquo;alcool.<\/strong> L\u2019alcool peut augmenter les \u00e9tourdissements ou la somnolence lorsque vous prenez Zyrtec.<\/li>\n<li>Pendant que vous prenez Zyrtec, <strong>ne prenez aucun autre m\u00e9dicament contre la toux<\/strong>, le rhume ou les allergies, sur ordonnance ou en vente libre, sans en parler d\u2019abord \u00e0 votre m\u00e9decin ou \u00e0 votre pharmacien.<\/li>\n<\/ul>\n<p>&nbsp;<\/p>\n<h4><strong>Qu&rsquo;est-ce que Zyrtec?<\/strong><\/h4>\n<p>Zyrtec est un antihistaminique qui bloque l&rsquo;action de l&rsquo;histamine, une substance chimique naturelle de l&rsquo;organisme. Zyrtec est l&rsquo;un des rares m\u00e9dicaments antihistaminiques pr\u00e9sentant moins d&rsquo;effets secondaires, tels que la somnolence ou les \u00e9tourdissements. <\/p>\n<p>Zyrtec est utilis\u00e9 pour traiter les sympt\u00f4mes d\u2019allergie tels que les \u00e9ternuements, la congestion nasale, les d\u00e9mangeaisons, les yeux larmoyants et rouges et l\u2019urticaire.<\/p>\n<p>Zyrtec peut \u00e9galement \u00eatre utilis\u00e9 \u00e0 d\u2019autres fins \u00e9num\u00e9r\u00e9es dans le guide m\u00e9dical.<\/p>\n<h4><strong>Que dois-je discuter avec mon m\u00e9decin avant de prendre Zyrtec ?<\/strong><\/h4>\n<ul>\n<li><strong>Ne prenez pas Zyrtec sans en parler d\u2019abord \u00e0 votre m\u00e9decin<\/strong> si vous avez eu une r\u00e9action allergique \u00e0 ce m\u00e9dicament ou \u00e0 l\u2019hydroxyzine (Atarax, Vistaril).<\/li>\n<li>Avant de prendre Zyrtec, <strong>informez votre m\u00e9decin si vous avez d\u00e9j\u00e0 souffert d&rsquo;une maladie du foie ou des reins<\/strong>. Une dose plus faible ou une surveillance particuli\u00e8re pourraient \u00eatre n\u00e9cessaires pendant le traitement.<\/li>\n<li>Le Zyrtec est class\u00e9 dans la cat\u00e9gorie B de la FDA concernant les grossesses : cela signifie <strong>qu&rsquo;il n&rsquo;a pas \u00e9t\u00e9 d\u00e9montr\u00e9 qu&rsquo;il provoque des anomalies cong\u00e9nitales chez le f\u0153tus.<\/strong> Ne prenez pas ce m\u00e9dicament sans en parler au pr\u00e9alable \u00e0 votre m\u00e9decin si vous \u00eates enceinte ou pr\u00e9voyez une grossesse pendant le traitement.<\/li>\n<li><strong>Le Zyrtec passe dans le lait maternel et peut \u00eatre <\/strong> nocif pour le b\u00e9b\u00e9. Ne prenez pas ce m\u00e9dicament sans consulter votre m\u00e9decin si vous allaitez. <\/li>\n<li>Si vous avez plus de 65 ans, <strong> vous pourriez ressentir des effets secondaires avec Zyrtec.<\/strong> Votre m\u00e9decin vous prescrira probablement une dose plus faible de ce m\u00e9dicament. <\/li>\n<\/ul>\n<p>&nbsp;<\/p>\n<h4><strong>Comment dois-je prendre Zyrtec?<\/strong><\/h4>\n<ul>\n<li><strong>Prenez Zyrtec exactement comme prescrit par votre m\u00e9decin.<\/strong> Si vous ne comprenez pas les instructions, contactez votre pharmacien, votre infirmi\u00e8re ou votre m\u00e9decin pour obtenir des \u00e9claircissements.<\/li>\n<li><strong>Prendre chaque dose avec un grand verre d\u2019eau.<\/strong><\/li>\n<li><strong>Bien m\u00e2cher les comprim\u00e9s avant de les avaler.<\/strong><\/li>\n<li>Pour \u00eatre s\u00fbr de prendre la dose exacte, mesurez le m\u00e9dicament liquide avec <strong>une cuill\u00e8re ou un verre doseur,<\/strong> et non avec une cuill\u00e8re \u00e0 soupe ordinaire. Si vous n&rsquo;avez pas de doseur, demandez-en un \u00e0 votre pharmacien.<\/li>\n<li>Zyrtec peut \u00eatre pris <strong>avec ou sans nourriture.<\/strong><\/li>\n<\/ul>\n<p>&nbsp;<\/p>\n<h4><strong>Que se passe-t-il si j\u2019oublie de prendre une dose ?<\/strong><\/h4>\n<p>Zyrtec se prend g\u00e9n\u00e9ralement une fois par jour. Si vous oubliez une dose, prenez-la d\u00e8s que vous vous en rendez compte. S&rsquo;il est presque l&rsquo;heure de la dose suivante, sautez la dose oubli\u00e9e et reprenez votre sch\u00e9ma posologique habituel.  <strong>Ne prenez pas de double dose.<\/strong><\/p>\n<h4><strong>Que se passe-t-il en cas de surdose?<\/strong><\/h4>\n<p>En cas de surdosage, consultez imm\u00e9diatement un m\u00e9decin. Les sympt\u00f4mes peuvent inclure <strong>nervosit\u00e9, irritabilit\u00e9, somnolence ou vertiges intenses. <\/strong> <\/p>\n<h4><strong>Que dois-je \u00e9viter pendant que je prends du Zyrtec?<\/strong><\/h4>\n<ul>\n<li><strong>\u00c9vitez la consommation d\u2019alcool,<\/strong> car elle peut augmenter les effets secondaires tels que la somnolence ou les \u00e9tourdissements.<\/li>\n<li><strong>Ne prenez pas d\u2019autres m\u00e9dicaments contre les allergies,<\/strong> la toux ou le rhume sans avoir d\u2019abord consult\u00e9 votre m\u00e9decin ou votre pharmacien.<\/li>\n<\/ul>\n<p>&nbsp;<\/p>\n<h4><strong>Quels sont les effets secondaires possibles du Zyrtec?<\/strong><\/h4>\n<h4><strong>Effets graves:<\/strong><\/h4>\n<ul>\n<li><strong>R\u00e9actions allergiques graves<\/strong> telles que difficult\u00e9 \u00e0 respirer, gonflement du visage, des l\u00e8vres, de la langue ou de la gorge.<\/li>\n<\/ul>\n<p>&nbsp;<\/p>\n<h4><strong>Effets mineurs:<\/strong><\/h4>\n<ul>\n<li>L\u00e9g\u00e8re somnolence<\/li>\n<li>Vertiges.<\/li>\n<li>Bouche s\u00e8che.<\/li>\n<li>Mal de t\u00eate.<\/li>\n<li>Naus\u00e9e.<\/li>\n<\/ul>\n<p>Si vous ressentez des effets secondaires inhabituels ou g\u00eanants, consultez votre m\u00e9decin.<\/p>\n<h4><strong>Quels m\u00e9dicaments peuvent interagir avec Zyrtec?<\/strong><\/h4>\n<p>Pendant que vous prenez Zyrtec, informez votre m\u00e9decin si vous prenez :<\/p>\n<ul>\n<li>M\u00e9dicaments qui provoquent de la somnolence, comme les somnif\u00e8res, les relaxants musculaires, les m\u00e9dicaments contre l\u2019anxi\u00e9t\u00e9, la d\u00e9pression ou les crises d\u2019\u00e9pilepsie.<\/li>\n<li>Autres antihistaminiques ou d\u00e9congestionnants.<\/li>\n<\/ul>\n<p>Parlez \u00e0 votre m\u00e9decin de tous les m\u00e9dicaments que vous prenez, y compris les suppl\u00e9ments vitaminiques, les produits \u00e0 base de plantes et les autres m\u00e9dicaments sur ordonnance ou en vente libre.<\/p>\n<p>Si vous avez des questions, consultez toujours votre m\u00e9decin pour vous assurer que ce m\u00e9dicament vous convient.<\/p>\n","protected":false},"excerpt":{"rendered":"<p>Zyrtec (Cetirizine)<br \/>\nSynonymes : Ceticad, Neuosil, Zetecet, Zetect, Alerlisin, Formistin, Reactine, Setir, Virlix, Zyrlex<br \/>\nLe Zyrtec (c\u00e9tirizine) est un antihistaminique utilis\u00e9 pour traiter les sympt\u00f4mes des allergies saisonni\u00e8res et ap\u00e9riodiques, tels que le larmoiement, l&rsquo;\u00e9coulement nasal (rhinite), les d\u00e9mangeaisons oculaires et les \u00e9ternuements. La c\u00e9tirizine est \u00e9galement utilis\u00e9e pour traiter l&rsquo;urticaire. <\/p>\n<ul>\n<li>Soulagement rapide et efficace des sympt\u00f4mes d\u2019allergie.<\/li>\n<li>Effet longue dur\u00e9e.<\/li>\n<li>Moins de somnolence par rapport aux autres antihistaminiques.<\/li>\n<\/ul>\n","protected":false},"featured_media":4969,"comment_status":"open","ping_status":"closed","template":"","meta":[],"product_brand":[417],"product_cat":[352],"product_tag":[],"class_list":{"0":"post-5998","1":"product","2":"type-product","3":"status-publish","4":"has-post-thumbnail","6":"product_brand-zyrtec","7":"product_cat-allergie","9":"first","10":"instock","11":"taxable","12":"shipping-taxable","13":"purchasable","14":"product-type-variable"},"yoast_head":"<!-- This site is optimized with the Yoast SEO plugin v25.6 - https:\/\/yoast.com\/wordpress\/plugins\/seo\/ -->\n<title>Zyrtec 10mg - Ge24h<\/title>\n<meta name=\"robots\" content=\"index, follow, max-snippet:-1, max-image-preview:large, max-video-preview:-1\" \/>\n<link rel=\"canonical\" href=\"https:\/\/ge24h.com\/fr\/producto\/zyrtec-10mg\/\" \/>\n<meta property=\"og:locale\" content=\"fr_FR\" \/>\n<meta property=\"og:type\" content=\"article\" \/>\n<meta property=\"og:title\" content=\"Zyrtec 10mg - Ge24h\" \/>\n<meta property=\"og:description\" content=\"Zyrtec (Cetirizine) Synonymes : Ceticad, Neuosil, Zetecet, Zetect, Alerlisin, Formistin, Reactine, Setir, Virlix, Zyrlex Le Zyrtec (c\u00e9tirizine) est un antihistaminique utilis\u00e9 pour traiter les sympt\u00f4mes des allergies saisonni\u00e8res et ap\u00e9riodiques, tels que le larmoiement, l&#039;\u00e9coulement nasal (rhinite), les d\u00e9mangeaisons oculaires et les \u00e9ternuements. La c\u00e9tirizine est \u00e9galement utilis\u00e9e pour traiter l&#039;urticaire.   Soulagement rapide et efficace des sympt\u00f4mes d\u2019allergie.  Effet longue dur\u00e9e.  Moins de somnolence par rapport aux autres antihistaminiques.\" \/>\n<meta property=\"og:url\" content=\"https:\/\/ge24h.com\/fr\/producto\/zyrtec-10mg\/\" \/>\n<meta property=\"og:site_name\" content=\"Ge24h\" \/>\n<meta property=\"article:modified_time\" content=\"2025-07-16T15:11:43+00:00\" \/>\n<meta property=\"og:image\" content=\"https:\/\/ge24h.com\/wp-content\/uploads\/zyrtec-alergia-2.png\" \/>\n\t<meta property=\"og:image:width\" content=\"800\" \/>\n\t<meta property=\"og:image:height\" content=\"800\" \/>\n\t<meta property=\"og:image:type\" content=\"image\/png\" \/>\n<meta name=\"twitter:card\" content=\"summary_large_image\" \/>\n<meta name=\"twitter:label1\" content=\"Dur\u00e9e de lecture estim\u00e9e\" \/>\n\t<meta name=\"twitter:data1\" content=\"4 minutes\" \/>\n<script type=\"application\/ld+json\" class=\"yoast-schema-graph\">{\"@context\":\"https:\/\/schema.org\",\"@graph\":[{\"@type\":\"WebPage\",\"@id\":\"https:\/\/ge24h.com\/fr\/producto\/zyrtec-10mg\/\",\"url\":\"https:\/\/ge24h.com\/fr\/producto\/zyrtec-10mg\/\",\"name\":\"Zyrtec 10mg - Ge24h\",\"isPartOf\":{\"@id\":\"https:\/\/ge24h.com\/#website\"},\"primaryImageOfPage\":{\"@id\":\"https:\/\/ge24h.com\/fr\/producto\/zyrtec-10mg\/#primaryimage\"},\"image\":{\"@id\":\"https:\/\/ge24h.com\/fr\/producto\/zyrtec-10mg\/#primaryimage\"},\"thumbnailUrl\":\"https:\/\/ge24h.com\/wp-content\/uploads\/zyrtec-alergia-2.png\",\"datePublished\":\"2025-05-22T09:30:32+00:00\",\"dateModified\":\"2025-07-16T15:11:43+00:00\",\"breadcrumb\":{\"@id\":\"https:\/\/ge24h.com\/fr\/producto\/zyrtec-10mg\/#breadcrumb\"},\"inLanguage\":\"fr-FR\",\"potentialAction\":[{\"@type\":\"ReadAction\",\"target\":[\"https:\/\/ge24h.com\/fr\/producto\/zyrtec-10mg\/\"]}]},{\"@type\":\"ImageObject\",\"inLanguage\":\"fr-FR\",\"@id\":\"https:\/\/ge24h.com\/fr\/producto\/zyrtec-10mg\/#primaryimage\",\"url\":\"https:\/\/ge24h.com\/wp-content\/uploads\/zyrtec-alergia-2.png\",\"contentUrl\":\"https:\/\/ge24h.com\/wp-content\/uploads\/zyrtec-alergia-2.png\",\"width\":800,\"height\":800},{\"@type\":\"BreadcrumbList\",\"@id\":\"https:\/\/ge24h.com\/fr\/producto\/zyrtec-10mg\/#breadcrumb\",\"itemListElement\":[{\"@type\":\"ListItem\",\"position\":1,\"name\":\"Portada\",\"item\":\"https:\/\/ge24h.com\/fr\/\"},{\"@type\":\"ListItem\",\"position\":2,\"name\":\"boutique\",\"item\":\"https:\/\/ge24h.com\/fr\/boutique\/\"},{\"@type\":\"ListItem\",\"position\":3,\"name\":\"Zyrtec 10mg\"}]},{\"@type\":\"WebSite\",\"@id\":\"https:\/\/ge24h.com\/#website\",\"url\":\"https:\/\/ge24h.com\/\",\"name\":\"Ge24h\",\"description\":\"Medicamentos Gen\u00e9ricos, Finpecia, Kamagra, Sidenafil, Tadalafil\",\"publisher\":{\"@id\":\"https:\/\/ge24h.com\/#organization\"},\"potentialAction\":[{\"@type\":\"SearchAction\",\"target\":{\"@type\":\"EntryPoint\",\"urlTemplate\":\"https:\/\/ge24h.com\/?s={search_term_string}\"},\"query-input\":{\"@type\":\"PropertyValueSpecification\",\"valueRequired\":true,\"valueName\":\"search_term_string\"}}],\"inLanguage\":\"fr-FR\"},{\"@type\":\"Organization\",\"@id\":\"https:\/\/ge24h.com\/#organization\",\"name\":\"Ge24h\",\"url\":\"https:\/\/ge24h.com\/\",\"logo\":{\"@type\":\"ImageObject\",\"inLanguage\":\"fr-FR\",\"@id\":\"https:\/\/ge24h.com\/#\/schema\/logo\/image\/\",\"url\":\"https:\/\/ge24h.com\/wp-content\/uploads\/logo-1.svg\",\"contentUrl\":\"https:\/\/ge24h.com\/wp-content\/uploads\/logo-1.svg\",\"width\":200,\"height\":58,\"caption\":\"Ge24h\"},\"image\":{\"@id\":\"https:\/\/ge24h.com\/#\/schema\/logo\/image\/\"}}]}<\/script>\n<!-- \/ Yoast SEO plugin. -->","yoast_head_json":{"title":"Zyrtec 10mg - Ge24h","robots":{"index":"index","follow":"follow","max-snippet":"max-snippet:-1","max-image-preview":"max-image-preview:large","max-video-preview":"max-video-preview:-1"},"canonical":"https:\/\/ge24h.com\/fr\/producto\/zyrtec-10mg\/","og_locale":"fr_FR","og_type":"article","og_title":"Zyrtec 10mg - Ge24h","og_description":"Zyrtec (Cetirizine) Synonymes : Ceticad, Neuosil, Zetecet, Zetect, Alerlisin, Formistin, Reactine, Setir, Virlix, Zyrlex Le Zyrtec (c\u00e9tirizine) est un antihistaminique utilis\u00e9 pour traiter les sympt\u00f4mes des allergies saisonni\u00e8res et ap\u00e9riodiques, tels que le larmoiement, l'\u00e9coulement nasal (rhinite), les d\u00e9mangeaisons oculaires et les \u00e9ternuements. La c\u00e9tirizine est \u00e9galement utilis\u00e9e pour traiter l'urticaire.   Soulagement rapide et efficace des sympt\u00f4mes d\u2019allergie.  Effet longue dur\u00e9e.  Moins de somnolence par rapport aux autres antihistaminiques.","og_url":"https:\/\/ge24h.com\/fr\/producto\/zyrtec-10mg\/","og_site_name":"Ge24h","article_modified_time":"2025-07-16T15:11:43+00:00","og_image":[{"width":800,"height":800,"url":"https:\/\/ge24h.com\/wp-content\/uploads\/zyrtec-alergia-2.png","type":"image\/png"}],"twitter_card":"summary_large_image","twitter_misc":{"Dur\u00e9e de lecture estim\u00e9e":"4 minutes"},"schema":{"@context":"https:\/\/schema.org","@graph":[{"@type":"WebPage","@id":"https:\/\/ge24h.com\/fr\/producto\/zyrtec-10mg\/","url":"https:\/\/ge24h.com\/fr\/producto\/zyrtec-10mg\/","name":"Zyrtec 10mg - Ge24h","isPartOf":{"@id":"https:\/\/ge24h.com\/#website"},"primaryImageOfPage":{"@id":"https:\/\/ge24h.com\/fr\/producto\/zyrtec-10mg\/#primaryimage"},"image":{"@id":"https:\/\/ge24h.com\/fr\/producto\/zyrtec-10mg\/#primaryimage"},"thumbnailUrl":"https:\/\/ge24h.com\/wp-content\/uploads\/zyrtec-alergia-2.png","datePublished":"2025-05-22T09:30:32+00:00","dateModified":"2025-07-16T15:11:43+00:00","breadcrumb":{"@id":"https:\/\/ge24h.com\/fr\/producto\/zyrtec-10mg\/#breadcrumb"},"inLanguage":"fr-FR","potentialAction":[{"@type":"ReadAction","target":["https:\/\/ge24h.com\/fr\/producto\/zyrtec-10mg\/"]}]},{"@type":"ImageObject","inLanguage":"fr-FR","@id":"https:\/\/ge24h.com\/fr\/producto\/zyrtec-10mg\/#primaryimage","url":"https:\/\/ge24h.com\/wp-content\/uploads\/zyrtec-alergia-2.png","contentUrl":"https:\/\/ge24h.com\/wp-content\/uploads\/zyrtec-alergia-2.png","width":800,"height":800},{"@type":"BreadcrumbList","@id":"https:\/\/ge24h.com\/fr\/producto\/zyrtec-10mg\/#breadcrumb","itemListElement":[{"@type":"ListItem","position":1,"name":"Portada","item":"https:\/\/ge24h.com\/fr\/"},{"@type":"ListItem","position":2,"name":"boutique","item":"https:\/\/ge24h.com\/fr\/boutique\/"},{"@type":"ListItem","position":3,"name":"Zyrtec 10mg"}]},{"@type":"WebSite","@id":"https:\/\/ge24h.com\/#website","url":"https:\/\/ge24h.com\/","name":"Ge24h","description":"Medicamentos Gen\u00e9ricos, Finpecia, Kamagra, Sidenafil, Tadalafil","publisher":{"@id":"https:\/\/ge24h.com\/#organization"},"potentialAction":[{"@type":"SearchAction","target":{"@type":"EntryPoint","urlTemplate":"https:\/\/ge24h.com\/?s={search_term_string}"},"query-input":{"@type":"PropertyValueSpecification","valueRequired":true,"valueName":"search_term_string"}}],"inLanguage":"fr-FR"},{"@type":"Organization","@id":"https:\/\/ge24h.com\/#organization","name":"Ge24h","url":"https:\/\/ge24h.com\/","logo":{"@type":"ImageObject","inLanguage":"fr-FR","@id":"https:\/\/ge24h.com\/#\/schema\/logo\/image\/","url":"https:\/\/ge24h.com\/wp-content\/uploads\/logo-1.svg","contentUrl":"https:\/\/ge24h.com\/wp-content\/uploads\/logo-1.svg","width":200,"height":58,"caption":"Ge24h"},"image":{"@id":"https:\/\/ge24h.com\/#\/schema\/logo\/image\/"}}]}},"_links":{"self":[{"href":"https:\/\/ge24h.com\/fr\/wp-json\/wp\/v2\/product\/5998","targetHints":{"allow":["GET"]}}],"collection":[{"href":"https:\/\/ge24h.com\/fr\/wp-json\/wp\/v2\/product"}],"about":[{"href":"https:\/\/ge24h.com\/fr\/wp-json\/wp\/v2\/types\/product"}],"replies":[{"embeddable":true,"href":"https:\/\/ge24h.com\/fr\/wp-json\/wp\/v2\/comments?post=5998"}],"wp:featuredmedia":[{"embeddable":true,"href":"https:\/\/ge24h.com\/fr\/wp-json\/wp\/v2\/media\/4969"}],"wp:attachment":[{"href":"https:\/\/ge24h.com\/fr\/wp-json\/wp\/v2\/media?parent=5998"}],"wp:term":[{"taxonomy":"product_brand","embeddable":true,"href":"https:\/\/ge24h.com\/fr\/wp-json\/wp\/v2\/product_brand?post=5998"},{"taxonomy":"product_cat","embeddable":true,"href":"https:\/\/ge24h.com\/fr\/wp-json\/wp\/v2\/product_cat?post=5998"},{"taxonomy":"product_tag","embeddable":true,"href":"https:\/\/ge24h.com\/fr\/wp-json\/wp\/v2\/product_tag?post=5998"}],"curies":[{"name":"wp","href":"https:\/\/api.w.org\/{rel}","templated":true}]}}