{"id":5993,"date":"2025-05-22T11:37:41","date_gmt":"2025-05-22T09:37:41","guid":{"rendered":"https:\/\/ge24h.com\/producto\/allegra-120-mg\/"},"modified":"2025-07-16T16:27:33","modified_gmt":"2025-07-16T14:27:33","slug":"allegra-120-mg","status":"publish","type":"product","link":"https:\/\/ge24h.com\/fr\/producto\/allegra-120-mg\/","title":{"rendered":"Allegra 120 mg"},"content":{"rendered":"<h3><strong>Nom du m\u00e9dicament:<\/strong> Allegra<\/h3>\n<h3><strong>Nom g\u00e9n\u00e9rique:<\/strong> Fexofenadine<\/h3>\n<p>&nbsp;<\/p>\n<h4><strong>Quelle est la chose la plus importante que je devrais savoir sur Allegra ?<\/strong><\/h4>\n<ul>\n<li><strong>Ne prenez jamais de doses sup\u00e9rieures \u00e0 celles recommand\u00e9es par votre m\u00e9decin.<\/strong> Si les sympt\u00f4mes persistent, parlez-en \u00e0 votre m\u00e9decin.<\/li>\n<\/ul>\n<p>&nbsp;<\/p>\n<h4><strong>Qu&rsquo;est-ce qu&rsquo;Allegra ?<\/strong><\/h4>\n<ul>\n<li>Allegra est un antihistaminique. Les antihistaminiques bloquent l&rsquo;action d&rsquo;une substance chimique naturelle de l&rsquo;organisme appel\u00e9e histamine. <\/li>\n<li>Allegra est utilis\u00e9 pour pr\u00e9venir les \u00e9ternuements, la congestion nasale, les d\u00e9mangeaisons et les larmoiements oculaires, ainsi que d\u2019autres sympt\u00f4mes li\u00e9s aux affections allergiques.<\/li>\n<li>Allegra peut \u00e9galement \u00eatre utilis\u00e9 \u00e0 d\u2019autres fins \u00e9num\u00e9r\u00e9es dans le guide m\u00e9dical.<\/li>\n<\/ul>\n<p>&nbsp;<\/p>\n<h4><strong>Que dois-je discuter avec mon m\u00e9decin avant de prendre Allegra?<\/strong><\/h4>\n<ul>\n<li><strong>Ne prenez pas Allegra si vous avez eu une r\u00e9action allergique \u00e0 ce m\u00e9dicament.<\/strong><\/li>\n<li>Avant de prendre ce m\u00e9dicament, informez votre m\u00e9decin si vous avez d\u00e9j\u00e0 souffert d&rsquo;une maladie cardiaque, h\u00e9patique ou r\u00e9nale grave. Une r\u00e9duction de la dose ou une surveillance particuli\u00e8re pourraient \u00eatre n\u00e9cessaires pendant le traitement. <\/li>\n<li><strong>Allegra est class\u00e9 dans la cat\u00e9gorie C de grossesse de la FDA <\/strong> : cela signifie qu&rsquo;il n&rsquo;a pas \u00e9t\u00e9 d\u00e9montr\u00e9 qu&rsquo;il provoque des malformations cong\u00e9nitales chez les enfants \u00e0 na\u00eetre. Ne prenez pas ce m\u00e9dicament sans avoir pr\u00e9alablement consult\u00e9 votre m\u00e9decin si vous \u00eates enceinte ou pr\u00e9voyez de devenir enceinte pendant le traitement.<\/li>\n<li>Il n&rsquo;a pas \u00e9t\u00e9 d\u00e9montr\u00e9 qu&rsquo;Allegra soit transmissible par le lait maternel. <strong>Ne prenez pas ce m\u00e9dicament <\/strong> sans consulter votre m\u00e9decin si vous allaitez.<\/li>\n<li><strong>Allegra n\u2019est pas approuv\u00e9 pour une utilisation chez les enfants de moins de 6 ans.<\/strong><\/li>\n<\/ul>\n<p>&nbsp;<\/p>\n<h4><strong>Comment dois-je prendre Allegra?<\/strong><\/h4>\n<ul>\n<li><strong>Prenez Allegra exactement comme prescrit par votre m\u00e9decin.<\/strong> Si vous ne comprenez pas les instructions, contactez votre pharmacie, votre infirmi\u00e8re ou votre m\u00e9decin pour obtenir les instructions.<\/li>\n<li>Prendre chaque dose avec un grand verre d\u2019eau.<\/li>\n<li>Allegra se prend g\u00e9n\u00e9ralement deux fois par jour, matin et soir. Suivez les instructions de votre m\u00e9decin. <\/li>\n<li><strong>Ne prenez pas Allegra peu de temps apr\u00e8s avoir pris un antiacide contenant de l&rsquo;aluminium ou du magn\u00e9sium,<\/strong> comme Rolaids, Maalox, Milanta, Lait de Magn\u00e9sie, Pepcid Complete, etc. Ces antiacides peuvent diminuer l&rsquo;efficacit\u00e9 d&rsquo;Allegra. <\/li>\n<li><strong>Ne prenez jamais plus que la dose recommand\u00e9e.<\/strong> Si les sympt\u00f4mes persistent, contactez votre m\u00e9decin.<\/li>\n<li>Conservez Allegra \u00e0 temp\u00e9rature ambiante, \u00e0 l\u2019abri de l\u2019humidit\u00e9 et de la chaleur excessive.<\/li>\n<\/ul>\n<p>&nbsp;<\/p>\n<h4><strong>Que se passe-t-il si j\u2019oublie de prendre une dose?<\/strong><\/h4>\n<p>Si vous oubliez une dose, prenez-la d\u00e8s que vous vous en rendez compte. S&rsquo;il est presque l&rsquo;heure de la dose suivante, sautez-la et prenez la suivante \u00e0 l&rsquo;heure pr\u00e9vue. <strong>NE DOUBLEZ PAS LA DOSE<\/strong> DE CE M\u00c9DICAMENT. <\/p>\n<h4><strong>Que se passe-t-il en cas de surdose?<\/strong><\/h4>\n<p>Consultez un m\u00e9decin.<\/p>\n<p>&nbsp;<\/p>\n<h4><strong>Que dois-je \u00e9viter pendant que je prends Allegra?<\/strong><\/h4>\n<ul>\n<li><strong>Ne prenez pas Allegra peu de temps apr\u00e8s avoir pris une dose d&rsquo;antiacides contenant de l&rsquo;aluminium ou du magn\u00e9sium, t<\/strong>els que Rolaids, Maalox, Milanta, Milk of Magnesia, Pepcid Complete et autres.<\/li>\n<\/ul>\n","protected":false},"excerpt":{"rendered":"<p>Allegra (Fexofenadine)<br \/>\nSynonymes : Fexigra, Fexodin, Fexolup, Carboxyterf\u00e9nadine, M\u00e9tabolite acide de la terf\u00e9nadine, Carboxylate de terf\u00e9nadine<br \/>\nAllegra (fexof\u00e9nadine) est un antihistaminique utilis\u00e9 pour soulager les sympt\u00f4mes li\u00e9s aux allergies saisonni\u00e8res, tels que la congestion nasale ou les d\u00e9mangeaisons, les \u00e9ternuements, les d\u00e9mangeaisons de la gorge, les yeux rouges ou qui d\u00e9mangent et les yeux larmoyants.<\/p>\n<ul>\n<li>Soulagement rapide et efficace des sympt\u00f4mes d\u2019allergie.<\/li>\n<li>Non s\u00e9datif.<\/li>\n<li>Convient pour une utilisation \u00e0 long terme en cas d&rsquo;allergies saisonni\u00e8res ou chroniques.<\/li>\n<\/ul>\n","protected":false},"featured_media":4883,"comment_status":"open","ping_status":"closed","template":"","meta":[],"product_brand":[516],"product_cat":[352],"product_tag":[],"class_list":{"0":"post-5993","1":"product","2":"type-product","3":"status-publish","4":"has-post-thumbnail","6":"product_brand-sanofi-aventis-2","7":"product_cat-allergie","9":"first","10":"instock","11":"taxable","12":"shipping-taxable","13":"purchasable","14":"product-type-variable"},"yoast_head":"<!-- This site is optimized with the Yoast SEO plugin v25.6 - https:\/\/yoast.com\/wordpress\/plugins\/seo\/ -->\n<title>Allegra 120 mg - Ge24h<\/title>\n<meta name=\"description\" content=\"Achetez Allegra 120 mg chez GE24h. Obtenez d\u00e8s maintenant les meilleurs m\u00e9dicaments g\u00e9n\u00e9riques au meilleur prix sur notre site web. Achetez des g\u00e9n\u00e9riques.\" \/>\n<meta name=\"robots\" content=\"index, follow, max-snippet:-1, max-image-preview:large, max-video-preview:-1\" \/>\n<link rel=\"canonical\" href=\"https:\/\/ge24h.com\/fr\/producto\/allegra-120-mg\/\" \/>\n<meta property=\"og:locale\" content=\"fr_FR\" \/>\n<meta property=\"og:type\" content=\"article\" \/>\n<meta property=\"og:title\" content=\"Allegra 120 mg - Ge24h\" \/>\n<meta property=\"og:description\" content=\"Achetez Allegra 120 mg chez GE24h. Obtenez d\u00e8s maintenant les meilleurs m\u00e9dicaments g\u00e9n\u00e9riques au meilleur prix sur notre site web. Achetez des g\u00e9n\u00e9riques.\" \/>\n<meta property=\"og:url\" content=\"https:\/\/ge24h.com\/fr\/producto\/allegra-120-mg\/\" \/>\n<meta property=\"og:site_name\" content=\"Ge24h\" \/>\n<meta property=\"article:modified_time\" content=\"2025-07-16T14:27:33+00:00\" \/>\n<meta property=\"og:image\" content=\"https:\/\/ge24h.com\/wp-content\/uploads\/allegra-120-1.png\" \/>\n\t<meta property=\"og:image:width\" content=\"800\" \/>\n\t<meta property=\"og:image:height\" content=\"800\" \/>\n\t<meta property=\"og:image:type\" content=\"image\/png\" \/>\n<meta name=\"twitter:card\" content=\"summary_large_image\" \/>\n<meta name=\"twitter:label1\" content=\"Dur\u00e9e de lecture estim\u00e9e\" \/>\n\t<meta name=\"twitter:data1\" content=\"3 minutes\" \/>\n<script type=\"application\/ld+json\" class=\"yoast-schema-graph\">{\"@context\":\"https:\/\/schema.org\",\"@graph\":[{\"@type\":\"WebPage\",\"@id\":\"https:\/\/ge24h.com\/fr\/producto\/allegra-120-mg\/\",\"url\":\"https:\/\/ge24h.com\/fr\/producto\/allegra-120-mg\/\",\"name\":\"Allegra 120 mg - Ge24h\",\"isPartOf\":{\"@id\":\"https:\/\/ge24h.com\/#website\"},\"primaryImageOfPage\":{\"@id\":\"https:\/\/ge24h.com\/fr\/producto\/allegra-120-mg\/#primaryimage\"},\"image\":{\"@id\":\"https:\/\/ge24h.com\/fr\/producto\/allegra-120-mg\/#primaryimage\"},\"thumbnailUrl\":\"https:\/\/ge24h.com\/wp-content\/uploads\/allegra-120-1.png\",\"datePublished\":\"2025-05-22T09:37:41+00:00\",\"dateModified\":\"2025-07-16T14:27:33+00:00\",\"description\":\"Achetez Allegra 120 mg chez GE24h. Obtenez d\u00e8s maintenant les meilleurs m\u00e9dicaments g\u00e9n\u00e9riques au meilleur prix sur notre site web. Achetez des g\u00e9n\u00e9riques.\",\"breadcrumb\":{\"@id\":\"https:\/\/ge24h.com\/fr\/producto\/allegra-120-mg\/#breadcrumb\"},\"inLanguage\":\"fr-FR\",\"potentialAction\":[{\"@type\":\"ReadAction\",\"target\":[\"https:\/\/ge24h.com\/fr\/producto\/allegra-120-mg\/\"]}]},{\"@type\":\"ImageObject\",\"inLanguage\":\"fr-FR\",\"@id\":\"https:\/\/ge24h.com\/fr\/producto\/allegra-120-mg\/#primaryimage\",\"url\":\"https:\/\/ge24h.com\/wp-content\/uploads\/allegra-120-1.png\",\"contentUrl\":\"https:\/\/ge24h.com\/wp-content\/uploads\/allegra-120-1.png\",\"width\":800,\"height\":800,\"caption\":\"Allegra 120mg\"},{\"@type\":\"BreadcrumbList\",\"@id\":\"https:\/\/ge24h.com\/fr\/producto\/allegra-120-mg\/#breadcrumb\",\"itemListElement\":[{\"@type\":\"ListItem\",\"position\":1,\"name\":\"Portada\",\"item\":\"https:\/\/ge24h.com\/fr\/\"},{\"@type\":\"ListItem\",\"position\":2,\"name\":\"boutique\",\"item\":\"https:\/\/ge24h.com\/fr\/boutique\/\"},{\"@type\":\"ListItem\",\"position\":3,\"name\":\"Allegra 120 mg\"}]},{\"@type\":\"WebSite\",\"@id\":\"https:\/\/ge24h.com\/#website\",\"url\":\"https:\/\/ge24h.com\/\",\"name\":\"Ge24h\",\"description\":\"Medicamentos Gen\u00e9ricos, Finpecia, Kamagra, Sidenafil, Tadalafil\",\"publisher\":{\"@id\":\"https:\/\/ge24h.com\/#organization\"},\"potentialAction\":[{\"@type\":\"SearchAction\",\"target\":{\"@type\":\"EntryPoint\",\"urlTemplate\":\"https:\/\/ge24h.com\/?s={search_term_string}\"},\"query-input\":{\"@type\":\"PropertyValueSpecification\",\"valueRequired\":true,\"valueName\":\"search_term_string\"}}],\"inLanguage\":\"fr-FR\"},{\"@type\":\"Organization\",\"@id\":\"https:\/\/ge24h.com\/#organization\",\"name\":\"Ge24h\",\"url\":\"https:\/\/ge24h.com\/\",\"logo\":{\"@type\":\"ImageObject\",\"inLanguage\":\"fr-FR\",\"@id\":\"https:\/\/ge24h.com\/#\/schema\/logo\/image\/\",\"url\":\"https:\/\/ge24h.com\/wp-content\/uploads\/logo-1.svg\",\"contentUrl\":\"https:\/\/ge24h.com\/wp-content\/uploads\/logo-1.svg\",\"width\":200,\"height\":58,\"caption\":\"Ge24h\"},\"image\":{\"@id\":\"https:\/\/ge24h.com\/#\/schema\/logo\/image\/\"}}]}<\/script>\n<!-- \/ Yoast SEO plugin. -->","yoast_head_json":{"title":"Allegra 120 mg - Ge24h","description":"Achetez Allegra 120 mg chez GE24h. Obtenez d\u00e8s maintenant les meilleurs m\u00e9dicaments g\u00e9n\u00e9riques au meilleur prix sur notre site web. Achetez des g\u00e9n\u00e9riques.","robots":{"index":"index","follow":"follow","max-snippet":"max-snippet:-1","max-image-preview":"max-image-preview:large","max-video-preview":"max-video-preview:-1"},"canonical":"https:\/\/ge24h.com\/fr\/producto\/allegra-120-mg\/","og_locale":"fr_FR","og_type":"article","og_title":"Allegra 120 mg - Ge24h","og_description":"Achetez Allegra 120 mg chez GE24h. Obtenez d\u00e8s maintenant les meilleurs m\u00e9dicaments g\u00e9n\u00e9riques au meilleur prix sur notre site web. Achetez des g\u00e9n\u00e9riques.","og_url":"https:\/\/ge24h.com\/fr\/producto\/allegra-120-mg\/","og_site_name":"Ge24h","article_modified_time":"2025-07-16T14:27:33+00:00","og_image":[{"width":800,"height":800,"url":"https:\/\/ge24h.com\/wp-content\/uploads\/allegra-120-1.png","type":"image\/png"}],"twitter_card":"summary_large_image","twitter_misc":{"Dur\u00e9e de lecture estim\u00e9e":"3 minutes"},"schema":{"@context":"https:\/\/schema.org","@graph":[{"@type":"WebPage","@id":"https:\/\/ge24h.com\/fr\/producto\/allegra-120-mg\/","url":"https:\/\/ge24h.com\/fr\/producto\/allegra-120-mg\/","name":"Allegra 120 mg - Ge24h","isPartOf":{"@id":"https:\/\/ge24h.com\/#website"},"primaryImageOfPage":{"@id":"https:\/\/ge24h.com\/fr\/producto\/allegra-120-mg\/#primaryimage"},"image":{"@id":"https:\/\/ge24h.com\/fr\/producto\/allegra-120-mg\/#primaryimage"},"thumbnailUrl":"https:\/\/ge24h.com\/wp-content\/uploads\/allegra-120-1.png","datePublished":"2025-05-22T09:37:41+00:00","dateModified":"2025-07-16T14:27:33+00:00","description":"Achetez Allegra 120 mg chez GE24h. Obtenez d\u00e8s maintenant les meilleurs m\u00e9dicaments g\u00e9n\u00e9riques au meilleur prix sur notre site web. Achetez des g\u00e9n\u00e9riques.","breadcrumb":{"@id":"https:\/\/ge24h.com\/fr\/producto\/allegra-120-mg\/#breadcrumb"},"inLanguage":"fr-FR","potentialAction":[{"@type":"ReadAction","target":["https:\/\/ge24h.com\/fr\/producto\/allegra-120-mg\/"]}]},{"@type":"ImageObject","inLanguage":"fr-FR","@id":"https:\/\/ge24h.com\/fr\/producto\/allegra-120-mg\/#primaryimage","url":"https:\/\/ge24h.com\/wp-content\/uploads\/allegra-120-1.png","contentUrl":"https:\/\/ge24h.com\/wp-content\/uploads\/allegra-120-1.png","width":800,"height":800,"caption":"Allegra 120mg"},{"@type":"BreadcrumbList","@id":"https:\/\/ge24h.com\/fr\/producto\/allegra-120-mg\/#breadcrumb","itemListElement":[{"@type":"ListItem","position":1,"name":"Portada","item":"https:\/\/ge24h.com\/fr\/"},{"@type":"ListItem","position":2,"name":"boutique","item":"https:\/\/ge24h.com\/fr\/boutique\/"},{"@type":"ListItem","position":3,"name":"Allegra 120 mg"}]},{"@type":"WebSite","@id":"https:\/\/ge24h.com\/#website","url":"https:\/\/ge24h.com\/","name":"Ge24h","description":"Medicamentos Gen\u00e9ricos, Finpecia, Kamagra, Sidenafil, Tadalafil","publisher":{"@id":"https:\/\/ge24h.com\/#organization"},"potentialAction":[{"@type":"SearchAction","target":{"@type":"EntryPoint","urlTemplate":"https:\/\/ge24h.com\/?s={search_term_string}"},"query-input":{"@type":"PropertyValueSpecification","valueRequired":true,"valueName":"search_term_string"}}],"inLanguage":"fr-FR"},{"@type":"Organization","@id":"https:\/\/ge24h.com\/#organization","name":"Ge24h","url":"https:\/\/ge24h.com\/","logo":{"@type":"ImageObject","inLanguage":"fr-FR","@id":"https:\/\/ge24h.com\/#\/schema\/logo\/image\/","url":"https:\/\/ge24h.com\/wp-content\/uploads\/logo-1.svg","contentUrl":"https:\/\/ge24h.com\/wp-content\/uploads\/logo-1.svg","width":200,"height":58,"caption":"Ge24h"},"image":{"@id":"https:\/\/ge24h.com\/#\/schema\/logo\/image\/"}}]}},"_links":{"self":[{"href":"https:\/\/ge24h.com\/fr\/wp-json\/wp\/v2\/product\/5993","targetHints":{"allow":["GET"]}}],"collection":[{"href":"https:\/\/ge24h.com\/fr\/wp-json\/wp\/v2\/product"}],"about":[{"href":"https:\/\/ge24h.com\/fr\/wp-json\/wp\/v2\/types\/product"}],"replies":[{"embeddable":true,"href":"https:\/\/ge24h.com\/fr\/wp-json\/wp\/v2\/comments?post=5993"}],"wp:featuredmedia":[{"embeddable":true,"href":"https:\/\/ge24h.com\/fr\/wp-json\/wp\/v2\/media\/4883"}],"wp:attachment":[{"href":"https:\/\/ge24h.com\/fr\/wp-json\/wp\/v2\/media?parent=5993"}],"wp:term":[{"taxonomy":"product_brand","embeddable":true,"href":"https:\/\/ge24h.com\/fr\/wp-json\/wp\/v2\/product_brand?post=5993"},{"taxonomy":"product_cat","embeddable":true,"href":"https:\/\/ge24h.com\/fr\/wp-json\/wp\/v2\/product_cat?post=5993"},{"taxonomy":"product_tag","embeddable":true,"href":"https:\/\/ge24h.com\/fr\/wp-json\/wp\/v2\/product_tag?post=5993"}],"curies":[{"name":"wp","href":"https:\/\/api.w.org\/{rel}","templated":true}]}}