{"id":5987,"date":"2025-05-22T11:42:02","date_gmt":"2025-05-22T09:42:02","guid":{"rendered":"https:\/\/ge24h.com\/producto\/lioresal-25mg\/"},"modified":"2026-05-12T19:45:14","modified_gmt":"2026-05-12T17:45:14","slug":"lioresal-25mg","status":"publish","type":"product","link":"https:\/\/ge24h.com\/fr\/producto\/lioresal-25mg\/","title":{"rendered":"Lioresal 25mg"},"content":{"rendered":"<h3><strong>Nom du m\u00e9dicament:<\/strong> Lioresal<\/h3>\n<h3><strong>Nom g\u00e9n\u00e9rique:<\/strong> Baclofen<\/h3>\n<p>&nbsp;<\/p>\n<h4><strong>Quelle est la chose la plus importante que je devrais savoir sur Lioresal ?<\/strong><\/h4>\n<ul>\n<li><strong>Lioresal peut provoquer des \u00e9tourdissements ou de la somnolence.<\/strong> Soyez prudent si vous conduisez, utilisez des machines ou effectuez une activit\u00e9 \u00e0 risque. Si vous ressentez ces sympt\u00f4mes, \u00e9vitez de faire ce type d\u2019activit\u00e9.<\/li>\n<li><strong>\u00c9vitez la consommation d&rsquo;alcool.<\/strong> \u00c9vitez la consommation d&rsquo;alcool.<\/li>\n<li><strong>N&rsquo;arr\u00eatez pas brutalement le traitement par Lioresal,<\/strong> car cela pourrait provoquer des convulsions ou des hallucinations. Votre m\u00e9decin r\u00e9duira probablement progressivement votre dose. <\/li>\n<\/ul>\n<p>&nbsp;<\/p>\n<h4><strong>Qu&rsquo;est-ce que Lioresal?<\/strong><\/h4>\n<ul>\n<li>Le Lioresal est un relaxant musculaire et un antispasmodique. Son m\u00e9canisme d&rsquo;action exact est inconnu. <\/li>\n<li>Lioresal est utilis\u00e9 pour soulager les spasmes musculaires, la douleur et la raideur musculaire associ\u00e9s \u00e0 la scl\u00e9rose en plaques.<\/li>\n<li>Lioresal peut \u00e9galement \u00eatre utilis\u00e9 \u00e0 d\u2019autres fins mentionn\u00e9es dans le guide m\u00e9dical.<\/li>\n<\/ul>\n<p>&nbsp;<\/p>\n<h4><strong>Que dois-je discuter avec mon m\u00e9decin avant de prendre Lioresal?<\/strong><\/h4>\n<ul>\n<li>Informez votre m\u00e9decin si vous avez souffert de l\u2019une des affections suivantes :\n<ul>\n<li><strong>Maladie du rein<\/strong><\/li>\n<li><strong>\u00c9pilepsie ou autres troubles \u00e9pileptiques<\/strong><\/li>\n<\/ul>\n<\/li>\n<li>Si vous pr\u00e9sentez l\u2019une des affections ci-dessus, vous ne pourrez peut-\u00eatre pas prendre Lioresal, ou vous pourriez avoir besoin d\u2019une dose plus faible ou d\u2019une surveillance particuli\u00e8re pendant le traitement.<\/li>\n<li><strong>Lioresal est class\u00e9 dans la cat\u00e9gorie de risque de grossesse C de la FDA.<\/strong> Cela signifie qu\u2019il n\u2019a pas \u00e9t\u00e9 prouv\u00e9 qu\u2019il provoque des malformations cong\u00e9nitales, mais consultez votre m\u00e9decin si vous \u00eates enceinte ou pr\u00e9voyez de le devenir..<\/li>\n<li>Il n&rsquo;a pas \u00e9t\u00e9 prouv\u00e9 que <strong>Lioresal passe dans le lait maternel.<\/strong> Consultez votre m\u00e9decin si vous allaitez avant de prendre ce m\u00e9dicament.<\/li>\n<\/ul>\n<p>&nbsp;<\/p>\n<h4><strong>Comment dois-je prendre Lioresal?<\/strong><\/h4>\n<ul>\n<li><strong>Prenez Lioresal exactement comme prescrit par votre m\u00e9decin.<\/strong> Si vous ne comprenez pas les instructions, consultez votre pharmacien, votre infirmi\u00e8re ou votre m\u00e9decin.<\/li>\n<li>Prendre chaque dose avec un grand verre d\u2019eau.<\/li>\n<li>Vous pouvez prendre Lioresal avec ou sans nourriture.<\/li>\n<li><strong>N\u2019arr\u00eatez pas brusquement le traitement par Lioresal.<\/strong> Cela peut provoquer des convulsions ou des hallucinations. Consultez votre m\u00e9decin si vous devez arr\u00eater de prendre ce m\u00e9dicament. <\/li>\n<li>Conservez Lioresal \u00e0 temp\u00e9rature ambiante, \u00e0 l\u2019abri de l\u2019humidit\u00e9 et de la chaleur excessive.<\/li>\n<\/ul>\n<p>&nbsp;<\/p>\n<h4><strong>Que se passe-t-il si j\u2019oublie de prendre une dose?<\/strong><\/h4>\n<p>Si vous oubliez une dose, prenez-la d\u00e8s que vous vous en rendez compte. S&rsquo;il est presque l&rsquo;heure de la dose suivante, sautez la dose oubli\u00e9e et continuez votre traitement habituel. <strong>Ne prenez pas de double<\/strong> dose pour compenser la dose oubli\u00e9e. <\/p>\n<h4><strong>Que se passe-t-il en cas de surdose?<\/strong><\/h4>\n<p>Consultez imm\u00e9diatement un m\u00e9decin. Les sympt\u00f4mes d&rsquo;un surdosage de Lioresal peuvent inclure des vomissements, une somnolence intense, une respiration lente ou superficielle, une perte de connaissance ou des convulsions. <\/p>\n","protected":false},"excerpt":{"rendered":"<p>Lioresal (Baclofen)<br \/>\nSynonyme : Riclof\u00e8ne, Kemstro<br \/>\nLioresal (baclof\u00e8ne) est un relaxant musculaire utilis\u00e9 pour traiter les spasmes musculaires associ\u00e9s \u00e0 la scl\u00e9rose en plaques ou aux l\u00e9sions de la moelle \u00e9pini\u00e8re et \u00e0 d\u2019autres affections d\u00e9termin\u00e9es par votre m\u00e9decin.<\/p>\n<ul>\n<li>Soulagement efficace des spasmes musculaires.<\/li>\n<li>Am\u00e9liore la mobilit\u00e9 et la qualit\u00e9 de vie.<\/li>\n<li>Action centrale \u00e0 effet prolong\u00e9.<\/li>\n<\/ul>\n","protected":false},"featured_media":4949,"comment_status":"open","ping_status":"closed","template":"","meta":[],"product_brand":[524],"product_cat":[352],"product_tag":[],"class_list":{"0":"post-5987","1":"product","2":"type-product","3":"status-publish","4":"has-post-thumbnail","6":"product_brand-novartis-2","7":"product_cat-allergie","9":"first","10":"instock","11":"taxable","12":"shipping-taxable","13":"purchasable","14":"product-type-variable"},"yoast_head":"<!-- This site is optimized with the Yoast SEO plugin v25.6 - https:\/\/yoast.com\/wordpress\/plugins\/seo\/ -->\n<title>Lioresal 25mg - Ge24h<\/title>\n<meta name=\"description\" content=\"Achetez du Lioresal 25 mg chez GE24h. Obtenez d\u00e8s maintenant les meilleurs m\u00e9dicaments g\u00e9n\u00e9riques au meilleur prix sur notre site web. Achetez des g\u00e9n\u00e9riques.\" \/>\n<meta name=\"robots\" content=\"index, follow, max-snippet:-1, max-image-preview:large, max-video-preview:-1\" \/>\n<link rel=\"canonical\" href=\"https:\/\/ge24h.com\/fr\/producto\/lioresal-25mg\/\" \/>\n<meta property=\"og:locale\" content=\"fr_FR\" \/>\n<meta property=\"og:type\" content=\"article\" \/>\n<meta property=\"og:title\" content=\"Lioresal 25mg - Ge24h\" \/>\n<meta property=\"og:description\" content=\"Achetez du Lioresal 25 mg chez GE24h. Obtenez d\u00e8s maintenant les meilleurs m\u00e9dicaments g\u00e9n\u00e9riques au meilleur prix sur notre site web. Achetez des g\u00e9n\u00e9riques.\" \/>\n<meta property=\"og:url\" content=\"https:\/\/ge24h.com\/fr\/producto\/lioresal-25mg\/\" \/>\n<meta property=\"og:site_name\" content=\"Ge24h\" \/>\n<meta property=\"article:modified_time\" content=\"2026-05-12T17:45:14+00:00\" \/>\n<meta property=\"og:image\" content=\"https:\/\/ge24h.com\/wp-content\/uploads\/lioresal-25mg-2.png\" \/>\n\t<meta property=\"og:image:width\" content=\"800\" \/>\n\t<meta property=\"og:image:height\" content=\"800\" \/>\n\t<meta property=\"og:image:type\" content=\"image\/png\" \/>\n<meta name=\"twitter:card\" content=\"summary_large_image\" \/>\n<meta name=\"twitter:label1\" content=\"Dur\u00e9e de lecture estim\u00e9e\" \/>\n\t<meta name=\"twitter:data1\" content=\"2 minutes\" \/>\n<script type=\"application\/ld+json\" class=\"yoast-schema-graph\">{\"@context\":\"https:\/\/schema.org\",\"@graph\":[{\"@type\":\"WebPage\",\"@id\":\"https:\/\/ge24h.com\/fr\/producto\/lioresal-25mg\/\",\"url\":\"https:\/\/ge24h.com\/fr\/producto\/lioresal-25mg\/\",\"name\":\"Lioresal 25mg - Ge24h\",\"isPartOf\":{\"@id\":\"https:\/\/ge24h.com\/#website\"},\"primaryImageOfPage\":{\"@id\":\"https:\/\/ge24h.com\/fr\/producto\/lioresal-25mg\/#primaryimage\"},\"image\":{\"@id\":\"https:\/\/ge24h.com\/fr\/producto\/lioresal-25mg\/#primaryimage\"},\"thumbnailUrl\":\"https:\/\/ge24h.com\/wp-content\/uploads\/lioresal-25mg-2.png\",\"datePublished\":\"2025-05-22T09:42:02+00:00\",\"dateModified\":\"2026-05-12T17:45:14+00:00\",\"description\":\"Achetez du Lioresal 25 mg chez GE24h. Obtenez d\u00e8s maintenant les meilleurs m\u00e9dicaments g\u00e9n\u00e9riques au meilleur prix sur notre site web. Achetez des g\u00e9n\u00e9riques.\",\"breadcrumb\":{\"@id\":\"https:\/\/ge24h.com\/fr\/producto\/lioresal-25mg\/#breadcrumb\"},\"inLanguage\":\"fr-FR\",\"potentialAction\":[{\"@type\":\"ReadAction\",\"target\":[\"https:\/\/ge24h.com\/fr\/producto\/lioresal-25mg\/\"]}]},{\"@type\":\"ImageObject\",\"inLanguage\":\"fr-FR\",\"@id\":\"https:\/\/ge24h.com\/fr\/producto\/lioresal-25mg\/#primaryimage\",\"url\":\"https:\/\/ge24h.com\/wp-content\/uploads\/lioresal-25mg-2.png\",\"contentUrl\":\"https:\/\/ge24h.com\/wp-content\/uploads\/lioresal-25mg-2.png\",\"width\":800,\"height\":800,\"caption\":\"Lioresal 25mg\"},{\"@type\":\"BreadcrumbList\",\"@id\":\"https:\/\/ge24h.com\/fr\/producto\/lioresal-25mg\/#breadcrumb\",\"itemListElement\":[{\"@type\":\"ListItem\",\"position\":1,\"name\":\"Portada\",\"item\":\"https:\/\/ge24h.com\/fr\/\"},{\"@type\":\"ListItem\",\"position\":2,\"name\":\"boutique\",\"item\":\"https:\/\/ge24h.com\/fr\/boutique\/\"},{\"@type\":\"ListItem\",\"position\":3,\"name\":\"Lioresal 25mg\"}]},{\"@type\":\"WebSite\",\"@id\":\"https:\/\/ge24h.com\/#website\",\"url\":\"https:\/\/ge24h.com\/\",\"name\":\"Ge24h\",\"description\":\"Medicamentos Gen\u00e9ricos, Finpecia, Kamagra, Sidenafil, Tadalafil\",\"publisher\":{\"@id\":\"https:\/\/ge24h.com\/#organization\"},\"potentialAction\":[{\"@type\":\"SearchAction\",\"target\":{\"@type\":\"EntryPoint\",\"urlTemplate\":\"https:\/\/ge24h.com\/?s={search_term_string}\"},\"query-input\":{\"@type\":\"PropertyValueSpecification\",\"valueRequired\":true,\"valueName\":\"search_term_string\"}}],\"inLanguage\":\"fr-FR\"},{\"@type\":\"Organization\",\"@id\":\"https:\/\/ge24h.com\/#organization\",\"name\":\"Ge24h\",\"url\":\"https:\/\/ge24h.com\/\",\"logo\":{\"@type\":\"ImageObject\",\"inLanguage\":\"fr-FR\",\"@id\":\"https:\/\/ge24h.com\/#\/schema\/logo\/image\/\",\"url\":\"https:\/\/ge24h.com\/wp-content\/uploads\/logo-1.svg\",\"contentUrl\":\"https:\/\/ge24h.com\/wp-content\/uploads\/logo-1.svg\",\"width\":200,\"height\":58,\"caption\":\"Ge24h\"},\"image\":{\"@id\":\"https:\/\/ge24h.com\/#\/schema\/logo\/image\/\"}}]}<\/script>\n<!-- \/ Yoast SEO plugin. -->","yoast_head_json":{"title":"Lioresal 25mg - Ge24h","description":"Achetez du Lioresal 25 mg chez GE24h. Obtenez d\u00e8s maintenant les meilleurs m\u00e9dicaments g\u00e9n\u00e9riques au meilleur prix sur notre site web. Achetez des g\u00e9n\u00e9riques.","robots":{"index":"index","follow":"follow","max-snippet":"max-snippet:-1","max-image-preview":"max-image-preview:large","max-video-preview":"max-video-preview:-1"},"canonical":"https:\/\/ge24h.com\/fr\/producto\/lioresal-25mg\/","og_locale":"fr_FR","og_type":"article","og_title":"Lioresal 25mg - Ge24h","og_description":"Achetez du Lioresal 25 mg chez GE24h. Obtenez d\u00e8s maintenant les meilleurs m\u00e9dicaments g\u00e9n\u00e9riques au meilleur prix sur notre site web. Achetez des g\u00e9n\u00e9riques.","og_url":"https:\/\/ge24h.com\/fr\/producto\/lioresal-25mg\/","og_site_name":"Ge24h","article_modified_time":"2026-05-12T17:45:14+00:00","og_image":[{"width":800,"height":800,"url":"https:\/\/ge24h.com\/wp-content\/uploads\/lioresal-25mg-2.png","type":"image\/png"}],"twitter_card":"summary_large_image","twitter_misc":{"Dur\u00e9e de lecture estim\u00e9e":"2 minutes"},"schema":{"@context":"https:\/\/schema.org","@graph":[{"@type":"WebPage","@id":"https:\/\/ge24h.com\/fr\/producto\/lioresal-25mg\/","url":"https:\/\/ge24h.com\/fr\/producto\/lioresal-25mg\/","name":"Lioresal 25mg - Ge24h","isPartOf":{"@id":"https:\/\/ge24h.com\/#website"},"primaryImageOfPage":{"@id":"https:\/\/ge24h.com\/fr\/producto\/lioresal-25mg\/#primaryimage"},"image":{"@id":"https:\/\/ge24h.com\/fr\/producto\/lioresal-25mg\/#primaryimage"},"thumbnailUrl":"https:\/\/ge24h.com\/wp-content\/uploads\/lioresal-25mg-2.png","datePublished":"2025-05-22T09:42:02+00:00","dateModified":"2026-05-12T17:45:14+00:00","description":"Achetez du Lioresal 25 mg chez GE24h. Obtenez d\u00e8s maintenant les meilleurs m\u00e9dicaments g\u00e9n\u00e9riques au meilleur prix sur notre site web. Achetez des g\u00e9n\u00e9riques.","breadcrumb":{"@id":"https:\/\/ge24h.com\/fr\/producto\/lioresal-25mg\/#breadcrumb"},"inLanguage":"fr-FR","potentialAction":[{"@type":"ReadAction","target":["https:\/\/ge24h.com\/fr\/producto\/lioresal-25mg\/"]}]},{"@type":"ImageObject","inLanguage":"fr-FR","@id":"https:\/\/ge24h.com\/fr\/producto\/lioresal-25mg\/#primaryimage","url":"https:\/\/ge24h.com\/wp-content\/uploads\/lioresal-25mg-2.png","contentUrl":"https:\/\/ge24h.com\/wp-content\/uploads\/lioresal-25mg-2.png","width":800,"height":800,"caption":"Lioresal 25mg"},{"@type":"BreadcrumbList","@id":"https:\/\/ge24h.com\/fr\/producto\/lioresal-25mg\/#breadcrumb","itemListElement":[{"@type":"ListItem","position":1,"name":"Portada","item":"https:\/\/ge24h.com\/fr\/"},{"@type":"ListItem","position":2,"name":"boutique","item":"https:\/\/ge24h.com\/fr\/boutique\/"},{"@type":"ListItem","position":3,"name":"Lioresal 25mg"}]},{"@type":"WebSite","@id":"https:\/\/ge24h.com\/#website","url":"https:\/\/ge24h.com\/","name":"Ge24h","description":"Medicamentos Gen\u00e9ricos, Finpecia, Kamagra, Sidenafil, Tadalafil","publisher":{"@id":"https:\/\/ge24h.com\/#organization"},"potentialAction":[{"@type":"SearchAction","target":{"@type":"EntryPoint","urlTemplate":"https:\/\/ge24h.com\/?s={search_term_string}"},"query-input":{"@type":"PropertyValueSpecification","valueRequired":true,"valueName":"search_term_string"}}],"inLanguage":"fr-FR"},{"@type":"Organization","@id":"https:\/\/ge24h.com\/#organization","name":"Ge24h","url":"https:\/\/ge24h.com\/","logo":{"@type":"ImageObject","inLanguage":"fr-FR","@id":"https:\/\/ge24h.com\/#\/schema\/logo\/image\/","url":"https:\/\/ge24h.com\/wp-content\/uploads\/logo-1.svg","contentUrl":"https:\/\/ge24h.com\/wp-content\/uploads\/logo-1.svg","width":200,"height":58,"caption":"Ge24h"},"image":{"@id":"https:\/\/ge24h.com\/#\/schema\/logo\/image\/"}}]}},"_links":{"self":[{"href":"https:\/\/ge24h.com\/fr\/wp-json\/wp\/v2\/product\/5987","targetHints":{"allow":["GET"]}}],"collection":[{"href":"https:\/\/ge24h.com\/fr\/wp-json\/wp\/v2\/product"}],"about":[{"href":"https:\/\/ge24h.com\/fr\/wp-json\/wp\/v2\/types\/product"}],"replies":[{"embeddable":true,"href":"https:\/\/ge24h.com\/fr\/wp-json\/wp\/v2\/comments?post=5987"}],"wp:featuredmedia":[{"embeddable":true,"href":"https:\/\/ge24h.com\/fr\/wp-json\/wp\/v2\/media\/4949"}],"wp:attachment":[{"href":"https:\/\/ge24h.com\/fr\/wp-json\/wp\/v2\/media?parent=5987"}],"wp:term":[{"taxonomy":"product_brand","embeddable":true,"href":"https:\/\/ge24h.com\/fr\/wp-json\/wp\/v2\/product_brand?post=5987"},{"taxonomy":"product_cat","embeddable":true,"href":"https:\/\/ge24h.com\/fr\/wp-json\/wp\/v2\/product_cat?post=5987"},{"taxonomy":"product_tag","embeddable":true,"href":"https:\/\/ge24h.com\/fr\/wp-json\/wp\/v2\/product_tag?post=5987"}],"curies":[{"name":"wp","href":"https:\/\/api.w.org\/{rel}","templated":true}]}}