{"id":5982,"date":"2025-05-22T11:53:24","date_gmt":"2025-05-22T09:53:24","guid":{"rendered":"https:\/\/ge24h.com\/producto\/claritin-10mg\/"},"modified":"2025-07-16T15:51:22","modified_gmt":"2025-07-16T13:51:22","slug":"claritin-10mg","status":"publish","type":"product","link":"https:\/\/ge24h.com\/fr\/producto\/claritin-10mg\/","title":{"rendered":"Claritin 10mg"},"content":{"rendered":"<h3><strong>Nom du m\u00e9dicament:<\/strong> Claritin<\/h3>\n<h3><strong>Nom g\u00e9n\u00e9rique:<\/strong> Loratadine<\/h3>\n<p>&nbsp;<\/p>\n<h4><strong>Quelle est la chose la plus importante que je devrais savoir sur Claritin ?<\/strong><\/h4>\n<ul>\n<li><strong>Contrairement \u00e0 d\u2019autres m\u00e9dicaments, Claritin est peu susceptible de provoquer des \u00e9tourdissements ou de la somnolence.<\/strong><\/li>\n<li>Soyez prudent si vous conduisez, utilisez des machines ou effectuez une activit\u00e9 \u00e0 risque.<\/li>\n<li><strong>Si vous ressentez des \u00e9tourdissements ou de la somnolence, \u00e9vitez ce type d\u2019activit\u00e9s.<\/strong><\/li>\n<\/ul>\n<p>&nbsp;<\/p>\n<h4><strong>Qu&rsquo;est-ce que Claritin?<\/strong><\/h4>\n<p>Claritin est un antihistaminique. Les antihistaminiques pr\u00e9viennent les \u00e9ternuements, l&rsquo;\u00e9coulement nasal, le larmoiement et d&rsquo;autres sympt\u00f4mes d&rsquo;allergie. <\/p>\n<p>Claritin est utilis\u00e9 pour traiter les allergies, l\u2019urticaire et d\u2019autres affections allergiques inflammatoires.<\/p>\n<p>Claritin peut \u00e9galement \u00eatre utilis\u00e9 \u00e0 d\u2019autres fins \u00e9num\u00e9r\u00e9es dans le guide m\u00e9dical.<\/p>\n<h4><strong>De quoi dois-je discuter avec mon m\u00e9decin avant de prendre Claritin ?<\/strong><\/h4>\n<ul>\n<li>Avant de prendre Claritin, informez votre m\u00e9decin si vous avez eu l\u2019un des effets secondaires suivants:\n<ul>\n<li>Avez-vous d\u00e9j\u00e0 eu une r\u00e9action allergique \u00e0 un antihistaminique?<\/li>\n<li>Maladie du rein.<\/li>\n<li>Maladie du foie.<\/li>\n<\/ul>\n<\/li>\n<li>Si vous pr\u00e9sentez l\u2019une des affections ci-dessus, vous ne pourrez peut-\u00eatre pas prendre Claritin, ou vous devrez peut-\u00eatre r\u00e9duire votre dose ou b\u00e9n\u00e9ficier d\u2019une surveillance particuli\u00e8re pendant le traitement.<\/li>\n<li>Les comprim\u00e9s d\u00e9sint\u00e9grants Claritin de la marque Alavert contiennent 8,4 mg de ph\u00e9nylalanine par comprim\u00e9. Les patients atteints de ph\u00e9nylc\u00e9tonurie doivent surveiller leur utilisation de ce m\u00e9dicament. <\/li>\n<li>Claritin est class\u00e9 dans la cat\u00e9gorie B de grossesse de la FDA : cela signifie qu&rsquo;il ne devrait pas provoquer de malformations cong\u00e9nitales chez les enfants \u00e0 na\u00eetre.<\/li>\n<li>Ne prenez pas ce m\u00e9dicament sans avoir pr\u00e9alablement consult\u00e9 votre m\u00e9decin si vous \u00eates enceinte ou pr\u00e9voyez de devenir enceinte pendant le traitement.<\/li>\n<li>Claritin <strong>passe dans le lait maternel et peut \u00eatre nocif pour le b\u00e9b\u00e9. <\/strong> Ne prenez pas ce m\u00e9dicament sans consulter votre m\u00e9decin si vous allaitez.<\/li>\n<\/ul>\n<p>&nbsp;<\/p>\n<h4><strong>Comment dois-je prendre Claritin?<\/strong><\/h4>\n<ul>\n<li>Prenez Claritin exactement comme prescrit par votre m\u00e9decin.<\/li>\n<li>Si vous ne comprenez pas les instructions, contactez votre pharmacien, votre infirmi\u00e8re ou votre m\u00e9decin pour obtenir des \u00e9claircissements.<\/li>\n<li>Prenez chaque dose avec un grand verre (8 onces) d\u2019eau.<\/li>\n<li>Ne pas \u00e9craser, m\u00e2cher ou casser les comprim\u00e9s de Claritin. Avalez-les entiers. <\/li>\n<li>Placez les comprim\u00e9s Claritin \u00e0 dissolution rapide sur votre langue et laissez-les se dissoudre (Claritin Reditabs, Alavert). Le comprim\u00e9 se d\u00e9sint\u00e8gre rapidement ; avalez-le avec ou sans eau. <\/li>\n<li>Pour vous assurer de prendre la dose exacte, mesurez le m\u00e9dicament liquide avec une cuill\u00e8re ou une tasse \u00e0 mesurer, et non avec une cuill\u00e8re \u00e0 soupe ordinaire.<\/li>\n<li>Si vous ne disposez pas d\u2019un dispositif de mesure de dose, demandez-en un \u00e0 votre pharmacien.<\/li>\n<li>Claritin se prend g\u00e9n\u00e9ralement une fois par jour. Suivez les instructions de votre m\u00e9decin. <\/li>\n<li>Ne prenez jamais plus que la dose recommand\u00e9e.<\/li>\n<li>Si les sympt\u00f4mes persistent, contactez votre m\u00e9decin.<\/li>\n<\/ul>\n","protected":false},"excerpt":{"rendered":"<p>Claritin (Loratadine)<br \/>\nSynonymes : Cozy, Loratidin, Loridin Reptab, Aerotina, Alarin, Alavert, Alerpriv, Allertidin, Bedix Loratadina, Biloina<br \/>\nClaritin (Loratadine) est un antihistaminique utilis\u00e9 pour soulager les sympt\u00f4mes li\u00e9s au rhume des foins et \u00e0 d\u2019autres affections allergiques telles que les yeux larmoyants, la congestion nasale (rhinite), les d\u00e9mangeaisons oculaires et les \u00e9ternuements.<\/p>\n<ul>\n<li>Cela ne provoque g\u00e9n\u00e9ralement pas de somnolence ni de vertiges.<\/li>\n<li>Soulage efficacement les sympt\u00f4mes d\u2019allergie.<\/li>\n<li>Polyvalent pour diff\u00e9rents types d\u2019allergies.<\/li>\n<\/ul>\n","protected":false},"featured_media":4917,"comment_status":"open","ping_status":"closed","template":"","meta":[],"product_brand":[510],"product_cat":[352],"product_tag":[],"class_list":{"0":"post-5982","1":"product","2":"type-product","3":"status-publish","4":"has-post-thumbnail","6":"product_brand-bayer-2","7":"product_cat-allergie","9":"first","10":"instock","11":"taxable","12":"shipping-taxable","13":"purchasable","14":"product-type-variable"},"yoast_head":"<!-- This site is optimized with the Yoast SEO plugin v25.6 - https:\/\/yoast.com\/wordpress\/plugins\/seo\/ -->\n<title>Claritin 10mg - Ge24h<\/title>\n<meta name=\"description\" content=\"Achetez Claritin 10 mg chez GE24h. Obtenez d\u00e8s maintenant les meilleurs m\u00e9dicaments g\u00e9n\u00e9riques au meilleur prix sur notre site web. Achetez des g\u00e9n\u00e9riques.\" \/>\n<meta name=\"robots\" content=\"index, follow, max-snippet:-1, max-image-preview:large, max-video-preview:-1\" \/>\n<link rel=\"canonical\" href=\"https:\/\/ge24h.com\/fr\/producto\/claritin-10mg\/\" \/>\n<meta property=\"og:locale\" content=\"fr_FR\" \/>\n<meta property=\"og:type\" content=\"article\" \/>\n<meta property=\"og:title\" content=\"Claritin 10mg - Ge24h\" \/>\n<meta property=\"og:description\" content=\"Achetez Claritin 10 mg chez GE24h. Obtenez d\u00e8s maintenant les meilleurs m\u00e9dicaments g\u00e9n\u00e9riques au meilleur prix sur notre site web. Achetez des g\u00e9n\u00e9riques.\" \/>\n<meta property=\"og:url\" content=\"https:\/\/ge24h.com\/fr\/producto\/claritin-10mg\/\" \/>\n<meta property=\"og:site_name\" content=\"Ge24h\" \/>\n<meta property=\"article:modified_time\" content=\"2025-07-16T13:51:22+00:00\" \/>\n<meta property=\"og:image\" content=\"https:\/\/ge24h.com\/wp-content\/uploads\/claritin-alergia-2.png\" \/>\n\t<meta property=\"og:image:width\" content=\"800\" \/>\n\t<meta property=\"og:image:height\" content=\"800\" \/>\n\t<meta property=\"og:image:type\" content=\"image\/png\" \/>\n<meta name=\"twitter:card\" content=\"summary_large_image\" \/>\n<meta name=\"twitter:label1\" content=\"Dur\u00e9e de lecture estim\u00e9e\" \/>\n\t<meta name=\"twitter:data1\" content=\"2 minutes\" \/>\n<script type=\"application\/ld+json\" class=\"yoast-schema-graph\">{\"@context\":\"https:\/\/schema.org\",\"@graph\":[{\"@type\":\"WebPage\",\"@id\":\"https:\/\/ge24h.com\/fr\/producto\/claritin-10mg\/\",\"url\":\"https:\/\/ge24h.com\/fr\/producto\/claritin-10mg\/\",\"name\":\"Claritin 10mg - Ge24h\",\"isPartOf\":{\"@id\":\"https:\/\/ge24h.com\/#website\"},\"primaryImageOfPage\":{\"@id\":\"https:\/\/ge24h.com\/fr\/producto\/claritin-10mg\/#primaryimage\"},\"image\":{\"@id\":\"https:\/\/ge24h.com\/fr\/producto\/claritin-10mg\/#primaryimage\"},\"thumbnailUrl\":\"https:\/\/ge24h.com\/wp-content\/uploads\/claritin-alergia-2.png\",\"datePublished\":\"2025-05-22T09:53:24+00:00\",\"dateModified\":\"2025-07-16T13:51:22+00:00\",\"description\":\"Achetez Claritin 10 mg chez GE24h. Obtenez d\u00e8s maintenant les meilleurs m\u00e9dicaments g\u00e9n\u00e9riques au meilleur prix sur notre site web. Achetez des g\u00e9n\u00e9riques.\",\"breadcrumb\":{\"@id\":\"https:\/\/ge24h.com\/fr\/producto\/claritin-10mg\/#breadcrumb\"},\"inLanguage\":\"fr-FR\",\"potentialAction\":[{\"@type\":\"ReadAction\",\"target\":[\"https:\/\/ge24h.com\/fr\/producto\/claritin-10mg\/\"]}]},{\"@type\":\"ImageObject\",\"inLanguage\":\"fr-FR\",\"@id\":\"https:\/\/ge24h.com\/fr\/producto\/claritin-10mg\/#primaryimage\",\"url\":\"https:\/\/ge24h.com\/wp-content\/uploads\/claritin-alergia-2.png\",\"contentUrl\":\"https:\/\/ge24h.com\/wp-content\/uploads\/claritin-alergia-2.png\",\"width\":800,\"height\":800,\"caption\":\"Claritin 10mg\"},{\"@type\":\"BreadcrumbList\",\"@id\":\"https:\/\/ge24h.com\/fr\/producto\/claritin-10mg\/#breadcrumb\",\"itemListElement\":[{\"@type\":\"ListItem\",\"position\":1,\"name\":\"Portada\",\"item\":\"https:\/\/ge24h.com\/fr\/\"},{\"@type\":\"ListItem\",\"position\":2,\"name\":\"boutique\",\"item\":\"https:\/\/ge24h.com\/fr\/boutique\/\"},{\"@type\":\"ListItem\",\"position\":3,\"name\":\"Claritin 10mg\"}]},{\"@type\":\"WebSite\",\"@id\":\"https:\/\/ge24h.com\/#website\",\"url\":\"https:\/\/ge24h.com\/\",\"name\":\"Ge24h\",\"description\":\"Medicamentos Gen\u00e9ricos, Finpecia, Kamagra, Sidenafil, Tadalafil\",\"publisher\":{\"@id\":\"https:\/\/ge24h.com\/#organization\"},\"potentialAction\":[{\"@type\":\"SearchAction\",\"target\":{\"@type\":\"EntryPoint\",\"urlTemplate\":\"https:\/\/ge24h.com\/?s={search_term_string}\"},\"query-input\":{\"@type\":\"PropertyValueSpecification\",\"valueRequired\":true,\"valueName\":\"search_term_string\"}}],\"inLanguage\":\"fr-FR\"},{\"@type\":\"Organization\",\"@id\":\"https:\/\/ge24h.com\/#organization\",\"name\":\"Ge24h\",\"url\":\"https:\/\/ge24h.com\/\",\"logo\":{\"@type\":\"ImageObject\",\"inLanguage\":\"fr-FR\",\"@id\":\"https:\/\/ge24h.com\/#\/schema\/logo\/image\/\",\"url\":\"https:\/\/ge24h.com\/wp-content\/uploads\/logo-1.svg\",\"contentUrl\":\"https:\/\/ge24h.com\/wp-content\/uploads\/logo-1.svg\",\"width\":200,\"height\":58,\"caption\":\"Ge24h\"},\"image\":{\"@id\":\"https:\/\/ge24h.com\/#\/schema\/logo\/image\/\"}}]}<\/script>\n<!-- \/ Yoast SEO plugin. -->","yoast_head_json":{"title":"Claritin 10mg - Ge24h","description":"Achetez Claritin 10 mg chez GE24h. Obtenez d\u00e8s maintenant les meilleurs m\u00e9dicaments g\u00e9n\u00e9riques au meilleur prix sur notre site web. Achetez des g\u00e9n\u00e9riques.","robots":{"index":"index","follow":"follow","max-snippet":"max-snippet:-1","max-image-preview":"max-image-preview:large","max-video-preview":"max-video-preview:-1"},"canonical":"https:\/\/ge24h.com\/fr\/producto\/claritin-10mg\/","og_locale":"fr_FR","og_type":"article","og_title":"Claritin 10mg - Ge24h","og_description":"Achetez Claritin 10 mg chez GE24h. Obtenez d\u00e8s maintenant les meilleurs m\u00e9dicaments g\u00e9n\u00e9riques au meilleur prix sur notre site web. Achetez des g\u00e9n\u00e9riques.","og_url":"https:\/\/ge24h.com\/fr\/producto\/claritin-10mg\/","og_site_name":"Ge24h","article_modified_time":"2025-07-16T13:51:22+00:00","og_image":[{"width":800,"height":800,"url":"https:\/\/ge24h.com\/wp-content\/uploads\/claritin-alergia-2.png","type":"image\/png"}],"twitter_card":"summary_large_image","twitter_misc":{"Dur\u00e9e de lecture estim\u00e9e":"2 minutes"},"schema":{"@context":"https:\/\/schema.org","@graph":[{"@type":"WebPage","@id":"https:\/\/ge24h.com\/fr\/producto\/claritin-10mg\/","url":"https:\/\/ge24h.com\/fr\/producto\/claritin-10mg\/","name":"Claritin 10mg - Ge24h","isPartOf":{"@id":"https:\/\/ge24h.com\/#website"},"primaryImageOfPage":{"@id":"https:\/\/ge24h.com\/fr\/producto\/claritin-10mg\/#primaryimage"},"image":{"@id":"https:\/\/ge24h.com\/fr\/producto\/claritin-10mg\/#primaryimage"},"thumbnailUrl":"https:\/\/ge24h.com\/wp-content\/uploads\/claritin-alergia-2.png","datePublished":"2025-05-22T09:53:24+00:00","dateModified":"2025-07-16T13:51:22+00:00","description":"Achetez Claritin 10 mg chez GE24h. Obtenez d\u00e8s maintenant les meilleurs m\u00e9dicaments g\u00e9n\u00e9riques au meilleur prix sur notre site web. Achetez des g\u00e9n\u00e9riques.","breadcrumb":{"@id":"https:\/\/ge24h.com\/fr\/producto\/claritin-10mg\/#breadcrumb"},"inLanguage":"fr-FR","potentialAction":[{"@type":"ReadAction","target":["https:\/\/ge24h.com\/fr\/producto\/claritin-10mg\/"]}]},{"@type":"ImageObject","inLanguage":"fr-FR","@id":"https:\/\/ge24h.com\/fr\/producto\/claritin-10mg\/#primaryimage","url":"https:\/\/ge24h.com\/wp-content\/uploads\/claritin-alergia-2.png","contentUrl":"https:\/\/ge24h.com\/wp-content\/uploads\/claritin-alergia-2.png","width":800,"height":800,"caption":"Claritin 10mg"},{"@type":"BreadcrumbList","@id":"https:\/\/ge24h.com\/fr\/producto\/claritin-10mg\/#breadcrumb","itemListElement":[{"@type":"ListItem","position":1,"name":"Portada","item":"https:\/\/ge24h.com\/fr\/"},{"@type":"ListItem","position":2,"name":"boutique","item":"https:\/\/ge24h.com\/fr\/boutique\/"},{"@type":"ListItem","position":3,"name":"Claritin 10mg"}]},{"@type":"WebSite","@id":"https:\/\/ge24h.com\/#website","url":"https:\/\/ge24h.com\/","name":"Ge24h","description":"Medicamentos Gen\u00e9ricos, Finpecia, Kamagra, Sidenafil, Tadalafil","publisher":{"@id":"https:\/\/ge24h.com\/#organization"},"potentialAction":[{"@type":"SearchAction","target":{"@type":"EntryPoint","urlTemplate":"https:\/\/ge24h.com\/?s={search_term_string}"},"query-input":{"@type":"PropertyValueSpecification","valueRequired":true,"valueName":"search_term_string"}}],"inLanguage":"fr-FR"},{"@type":"Organization","@id":"https:\/\/ge24h.com\/#organization","name":"Ge24h","url":"https:\/\/ge24h.com\/","logo":{"@type":"ImageObject","inLanguage":"fr-FR","@id":"https:\/\/ge24h.com\/#\/schema\/logo\/image\/","url":"https:\/\/ge24h.com\/wp-content\/uploads\/logo-1.svg","contentUrl":"https:\/\/ge24h.com\/wp-content\/uploads\/logo-1.svg","width":200,"height":58,"caption":"Ge24h"},"image":{"@id":"https:\/\/ge24h.com\/#\/schema\/logo\/image\/"}}]}},"_links":{"self":[{"href":"https:\/\/ge24h.com\/fr\/wp-json\/wp\/v2\/product\/5982","targetHints":{"allow":["GET"]}}],"collection":[{"href":"https:\/\/ge24h.com\/fr\/wp-json\/wp\/v2\/product"}],"about":[{"href":"https:\/\/ge24h.com\/fr\/wp-json\/wp\/v2\/types\/product"}],"replies":[{"embeddable":true,"href":"https:\/\/ge24h.com\/fr\/wp-json\/wp\/v2\/comments?post=5982"}],"wp:featuredmedia":[{"embeddable":true,"href":"https:\/\/ge24h.com\/fr\/wp-json\/wp\/v2\/media\/4917"}],"wp:attachment":[{"href":"https:\/\/ge24h.com\/fr\/wp-json\/wp\/v2\/media?parent=5982"}],"wp:term":[{"taxonomy":"product_brand","embeddable":true,"href":"https:\/\/ge24h.com\/fr\/wp-json\/wp\/v2\/product_brand?post=5982"},{"taxonomy":"product_cat","embeddable":true,"href":"https:\/\/ge24h.com\/fr\/wp-json\/wp\/v2\/product_cat?post=5982"},{"taxonomy":"product_tag","embeddable":true,"href":"https:\/\/ge24h.com\/fr\/wp-json\/wp\/v2\/product_tag?post=5982"}],"curies":[{"name":"wp","href":"https:\/\/api.w.org\/{rel}","templated":true}]}}