{"id":5977,"date":"2025-05-22T11:58:16","date_gmt":"2025-05-22T09:58:16","guid":{"rendered":"https:\/\/ge24h.com\/producto\/finpecia-1mg\/"},"modified":"2025-07-16T15:42:17","modified_gmt":"2025-07-16T13:42:17","slug":"finpecia-1mg","status":"publish","type":"product","link":"https:\/\/ge24h.com\/fr\/producto\/finpecia-1mg\/","title":{"rendered":"Finpecia 1mg"},"content":{"rendered":"<h3><strong>Nom du m\u00e9dicament:<\/strong> Finasteride 1 mg<\/h3>\n<h3><strong>Nom g\u00e9n\u00e9rique:<\/strong> Propecia gen\u00e9rica mg<\/h3>\n<p>&nbsp;<\/p>\n<h4><strong>Quelle est la chose la plus importante que je devrais savoir sur le Finast\u00e9ride 1 mg ?<\/strong><\/h4>\n<ul>\n<li><strong>Finpecia est l\u2019un des traitements les plus utilis\u00e9s pour pr\u00e9venir la perte de cheveux chez les hommes.<\/strong><\/li>\n<li><strong>Emp\u00eache la formation de dihydrotestost\u00e9rone (DHT),<\/strong> principale cause de la calvitie masculine, en inhibant l&rsquo;enzyme alpha de type II r\u00e9ductase.<\/li>\n<li><strong>Le traitement maintient de faibles niveaux de DHT dans le corps et favorise la croissance des cheveux<\/strong> en permettant aux niveaux de testost\u00e9rone d&rsquo;augmenter.<\/li>\n<\/ul>\n<p>&nbsp;<\/p>\n<h4><strong>Qu&rsquo;est-ce que le Finast\u00e9ride 1 mg ?<\/strong><\/h4>\n<p>Le Finpecia est tr\u00e8s efficace dans le traitement de la chute de cheveux. C&rsquo;est l&rsquo;un des traitements les plus utilis\u00e9s pour pr\u00e9venir la chute des cheveux chez les hommes. Son ingr\u00e9dient cl\u00e9, le finast\u00e9ride, joue un r\u00f4le cl\u00e9 dans la lutte contre la calvitie masculine.  <\/p>\n<p>Le d\u00e9s\u00e9quilibre hormonal est la principale cause de chute de cheveux chez l&rsquo;homme. Il est d\u00fb \u00e0 une production excessive de dihydrotestost\u00e9rone (DHT) dans l&rsquo;organisme, ce qui entra\u00eene la chute des cheveux. Cette DHT p\u00e9n\u00e8tre dans les follicules pileux, les endommage et perturbe l&rsquo;apport de nutriments aux cheveux, les fragilisant et provoquant leur chute. C&rsquo;est l\u00e0 que ce m\u00e9dicament joue un r\u00f4le important.   <\/p>\n<p>Il pr\u00e9vient la formation de dihydrotestost\u00e9rone \u00e0 partir de la testost\u00e9rone en inhibant l&rsquo;enzyme alpha-2 r\u00e9ductase. Cela pr\u00e9vient la chute des cheveux. Ce traitement contre la chute des cheveux maintient un faible taux de dihydrotestost\u00e9rone dans l&rsquo;organisme ; ainsi, le taux de testost\u00e9rone augmente et favorise la pousse des cheveux.  <\/p>\n<h4><strong>Que dois-je discuter avec mon m\u00e9decin avant de prendre du Finast\u00e9ride 1 mg ?<\/strong><\/h4>\n<ul>\n<li><strong>Informez votre m\u00e9decin si vous avez eu des r\u00e9actions ind\u00e9sirables aux traitements hormonaux.<\/strong><\/li>\n<li>V\u00e9rifiez si vous avez des ant\u00e9c\u00e9dents de maladie du foie ou de probl\u00e8mes hormonaux.<\/li>\n<li>Parlez \u00e0 votre m\u00e9decin si vous prenez d\u2019autres m\u00e9dicaments susceptibles d\u2019interf\u00e9rer avec le finast\u00e9ride.<\/li>\n<li><strong>Le finast\u00e9ride ne doit pas \u00eatre utilis\u00e9 par les femmes ou les enfants.<\/strong><\/li>\n<\/ul>\n<p>&nbsp;<\/p>\n<h4><strong>Comment dois-je prendre le Finast\u00e9ride 1 mg?<\/strong><\/h4>\n<ul>\n<li>Prenez Finpecia selon les directives de votre m\u00e9decin.<\/li>\n<li><strong>Ne prenez pas de doses plus \u00e9lev\u00e9es ou pendant une dur\u00e9e plus longue que celle recommand\u00e9e.<\/strong><\/li>\n<li><strong>La coh\u00e9rence est la cl\u00e9 pour voir des r\u00e9sultats.<\/strong> Il faudra peut-\u00eatre plusieurs mois avant que vous ne remarquiez des am\u00e9liorations visibles.<\/li>\n<li>Il peut \u00eatre pris avec ou sans nourriture.<\/li>\n<\/ul>\n<p>&nbsp;<\/p>\n<h4><strong>Que se passe-t-il si j\u2019oublie de prendre une dose?<\/strong><\/h4>\n<p>Si vous oubliez une dose, prenez-la d\u00e8s que vous vous en rendez compte. S&rsquo;il est presque l&rsquo;heure de la dose suivante, sautez la dose oubli\u00e9e et continuez votre sch\u00e9ma posologique habituel.  <strong>Ne prenez pas de double dose pour compenser la dose oubli\u00e9e.<\/strong><\/p>\n<h4><strong>Que se passe-t-il en cas de surdose?<\/strong><\/h4>\n<p>Si vous pensez avoir fait une surdose, <strong>consultez imm\u00e9diatement un m\u00e9decin.<\/strong> Bien que les sympt\u00f4mes sp\u00e9cifiques et graves d&rsquo;une surdose de finast\u00e9ride ne soient pas connus, une \u00e9valuation m\u00e9dicale est toujours recommand\u00e9e.<\/p>\n<h4><strong>Que dois-je \u00e9viter pendant que je prends du Finast\u00e9ride 1 mg ?<\/strong><\/h4>\n<p><strong>\u00c9vitez le contact des m\u00e9dicaments \u00e9cras\u00e9s ou cass\u00e9s avec la peau, en particulier chez les femmes enceintes, <\/strong> car ils peuvent \u00eatre absorb\u00e9s et provoquer des malformations chez le f\u0153tus.<\/p>\n<p>&nbsp;<\/p>\n<h4><strong>Quels sont les effets secondaires possibles du Finast\u00e9ride 1 mg ?<\/strong><\/h4>\n<h4><strong>Effets courants:<\/strong><\/h4>\n<ul>\n<li>Mal de t\u00eate.<\/li>\n<li>Rougeur du visage.<\/li>\n<li>Congestion nasale.<\/li>\n<li>Yeux secs.<\/li>\n<li>Naus\u00e9e.<\/li>\n<li>Sensibilit\u00e9 \u00e0 la lumi\u00e8re.<\/li>\n<li>Vision floue.<\/li>\n<\/ul>\n<p>Les effets secondaires courants ont tendance \u00e0 dispara\u00eetre apr\u00e8s un certain temps. <strong>Tous les hommes ne les pr\u00e9sentent pas.<\/strong> Tous les hommes ne les pr\u00e9sentent pas.<\/p>\n<p>&nbsp;<\/p>\n<h4><strong>Quels m\u00e9dicaments peuvent interagir avec le Finast\u00e9ride 1 mg ?<\/strong><\/h4>\n<ul>\n<li>Informez votre m\u00e9decin de tous les m\u00e9dicaments que vous prenez, y compris les suppl\u00e9ments et les produits naturels.<\/li>\n<\/ul>\n<p>&nbsp;<\/p>\n<h4><strong>Avertissements:<\/strong><\/h4>\n<ul>\n<li>Super Kamagra peut provoquer des \u00e9tourdissements et de la somnolence. <strong>\u00c9vitez les activit\u00e9s qui n\u00e9cessitent une attention totale tant que l\u2019effet dure.<\/strong><\/li>\n<li><strong>\u00c9vitez de consommer de l\u2019alcool avec les pilules Super Kamagra, <\/strong> car cela peut provoquer une chute soudaine de la pression art\u00e9rielle.<\/li>\n<\/ul>\n","protected":false},"excerpt":{"rendered":"<p>Finpecia (Finast\u00e9ride) (Propecia Generica)<\/p>\n<p>Le Finpecia est tr\u00e8s efficace dans le traitement de la chute des cheveux. C&rsquo;est l&rsquo;un des traitements les plus efficaces pour pr\u00e9venir la chute des cheveux chez les enfants. Son ingr\u00e9dient cl\u00e9, le finast\u00e9ride, joue un r\u00f4le cl\u00e9 dans la lutte contre la calvitie masculine.  <\/p>\n<ul>\n<li>Arr\u00eatez la chute des cheveux.<\/li>\n<li>Arr\u00eatez la chute des cheveux.<\/li>\n<li>Facile \u00e0 utiliser et efficace.<\/li>\n<\/ul>\n","protected":false},"featured_media":4933,"comment_status":"open","ping_status":"closed","template":"","meta":[],"product_brand":[342],"product_cat":[357,359],"product_tag":[],"class_list":{"0":"post-5977","1":"product","2":"type-product","3":"status-publish","4":"has-post-thumbnail","6":"product_brand-cipla","7":"product_cat-soins-capillaires","8":"product_cat-en-vedette","10":"first","11":"instock","12":"taxable","13":"shipping-taxable","14":"purchasable","15":"product-type-variable"},"yoast_head":"<!-- This site is optimized with the Yoast SEO plugin v25.6 - https:\/\/yoast.com\/wordpress\/plugins\/seo\/ -->\n<title>Finpecia 1mg - Ge24h<\/title>\n<meta name=\"description\" content=\"Achetez Finpecia 1 mg chez GE24h. Obtenez d\u00e8s maintenant les meilleurs m\u00e9dicaments g\u00e9n\u00e9riques au meilleur prix sur notre site web. Achetez des g\u00e9n\u00e9riques.\" \/>\n<meta name=\"robots\" content=\"index, follow, max-snippet:-1, max-image-preview:large, max-video-preview:-1\" \/>\n<link rel=\"canonical\" href=\"https:\/\/ge24h.com\/fr\/producto\/finpecia-1mg\/\" \/>\n<meta property=\"og:locale\" content=\"fr_FR\" \/>\n<meta property=\"og:type\" content=\"article\" \/>\n<meta property=\"og:title\" content=\"Finpecia 1mg - Ge24h\" \/>\n<meta property=\"og:description\" content=\"Achetez Finpecia 1 mg chez GE24h. Obtenez d\u00e8s maintenant les meilleurs m\u00e9dicaments g\u00e9n\u00e9riques au meilleur prix sur notre site web. Achetez des g\u00e9n\u00e9riques.\" \/>\n<meta property=\"og:url\" content=\"https:\/\/ge24h.com\/fr\/producto\/finpecia-1mg\/\" \/>\n<meta property=\"og:site_name\" content=\"Ge24h\" \/>\n<meta property=\"article:modified_time\" content=\"2025-07-16T13:42:17+00:00\" \/>\n<meta property=\"og:image\" content=\"https:\/\/ge24h.com\/wp-content\/uploads\/finpecia-2.png\" \/>\n\t<meta property=\"og:image:width\" content=\"800\" \/>\n\t<meta property=\"og:image:height\" content=\"800\" \/>\n\t<meta property=\"og:image:type\" content=\"image\/png\" \/>\n<meta name=\"twitter:card\" content=\"summary_large_image\" \/>\n<meta name=\"twitter:label1\" content=\"Dur\u00e9e de lecture estim\u00e9e\" \/>\n\t<meta name=\"twitter:data1\" content=\"4 minutes\" \/>\n<script type=\"application\/ld+json\" class=\"yoast-schema-graph\">{\"@context\":\"https:\/\/schema.org\",\"@graph\":[{\"@type\":\"WebPage\",\"@id\":\"https:\/\/ge24h.com\/fr\/producto\/finpecia-1mg\/\",\"url\":\"https:\/\/ge24h.com\/fr\/producto\/finpecia-1mg\/\",\"name\":\"Finpecia 1mg - Ge24h\",\"isPartOf\":{\"@id\":\"https:\/\/ge24h.com\/#website\"},\"primaryImageOfPage\":{\"@id\":\"https:\/\/ge24h.com\/fr\/producto\/finpecia-1mg\/#primaryimage\"},\"image\":{\"@id\":\"https:\/\/ge24h.com\/fr\/producto\/finpecia-1mg\/#primaryimage\"},\"thumbnailUrl\":\"https:\/\/ge24h.com\/wp-content\/uploads\/finpecia-2.png\",\"datePublished\":\"2025-05-22T09:58:16+00:00\",\"dateModified\":\"2025-07-16T13:42:17+00:00\",\"description\":\"Achetez Finpecia 1 mg chez GE24h. Obtenez d\u00e8s maintenant les meilleurs m\u00e9dicaments g\u00e9n\u00e9riques au meilleur prix sur notre site web. Achetez des g\u00e9n\u00e9riques.\",\"breadcrumb\":{\"@id\":\"https:\/\/ge24h.com\/fr\/producto\/finpecia-1mg\/#breadcrumb\"},\"inLanguage\":\"fr-FR\",\"potentialAction\":[{\"@type\":\"ReadAction\",\"target\":[\"https:\/\/ge24h.com\/fr\/producto\/finpecia-1mg\/\"]}]},{\"@type\":\"ImageObject\",\"inLanguage\":\"fr-FR\",\"@id\":\"https:\/\/ge24h.com\/fr\/producto\/finpecia-1mg\/#primaryimage\",\"url\":\"https:\/\/ge24h.com\/wp-content\/uploads\/finpecia-2.png\",\"contentUrl\":\"https:\/\/ge24h.com\/wp-content\/uploads\/finpecia-2.png\",\"width\":800,\"height\":800,\"caption\":\"Finpecia 1mg\"},{\"@type\":\"BreadcrumbList\",\"@id\":\"https:\/\/ge24h.com\/fr\/producto\/finpecia-1mg\/#breadcrumb\",\"itemListElement\":[{\"@type\":\"ListItem\",\"position\":1,\"name\":\"Portada\",\"item\":\"https:\/\/ge24h.com\/fr\/\"},{\"@type\":\"ListItem\",\"position\":2,\"name\":\"boutique\",\"item\":\"https:\/\/ge24h.com\/fr\/boutique\/\"},{\"@type\":\"ListItem\",\"position\":3,\"name\":\"Finpecia 1mg\"}]},{\"@type\":\"WebSite\",\"@id\":\"https:\/\/ge24h.com\/#website\",\"url\":\"https:\/\/ge24h.com\/\",\"name\":\"Ge24h\",\"description\":\"Medicamentos Gen\u00e9ricos, Finpecia, Kamagra, Sidenafil, Tadalafil\",\"publisher\":{\"@id\":\"https:\/\/ge24h.com\/#organization\"},\"potentialAction\":[{\"@type\":\"SearchAction\",\"target\":{\"@type\":\"EntryPoint\",\"urlTemplate\":\"https:\/\/ge24h.com\/?s={search_term_string}\"},\"query-input\":{\"@type\":\"PropertyValueSpecification\",\"valueRequired\":true,\"valueName\":\"search_term_string\"}}],\"inLanguage\":\"fr-FR\"},{\"@type\":\"Organization\",\"@id\":\"https:\/\/ge24h.com\/#organization\",\"name\":\"Ge24h\",\"url\":\"https:\/\/ge24h.com\/\",\"logo\":{\"@type\":\"ImageObject\",\"inLanguage\":\"fr-FR\",\"@id\":\"https:\/\/ge24h.com\/#\/schema\/logo\/image\/\",\"url\":\"https:\/\/ge24h.com\/wp-content\/uploads\/logo-1.svg\",\"contentUrl\":\"https:\/\/ge24h.com\/wp-content\/uploads\/logo-1.svg\",\"width\":200,\"height\":58,\"caption\":\"Ge24h\"},\"image\":{\"@id\":\"https:\/\/ge24h.com\/#\/schema\/logo\/image\/\"}}]}<\/script>\n<!-- \/ Yoast SEO plugin. -->","yoast_head_json":{"title":"Finpecia 1mg - Ge24h","description":"Achetez Finpecia 1 mg chez GE24h. Obtenez d\u00e8s maintenant les meilleurs m\u00e9dicaments g\u00e9n\u00e9riques au meilleur prix sur notre site web. Achetez des g\u00e9n\u00e9riques.","robots":{"index":"index","follow":"follow","max-snippet":"max-snippet:-1","max-image-preview":"max-image-preview:large","max-video-preview":"max-video-preview:-1"},"canonical":"https:\/\/ge24h.com\/fr\/producto\/finpecia-1mg\/","og_locale":"fr_FR","og_type":"article","og_title":"Finpecia 1mg - Ge24h","og_description":"Achetez Finpecia 1 mg chez GE24h. Obtenez d\u00e8s maintenant les meilleurs m\u00e9dicaments g\u00e9n\u00e9riques au meilleur prix sur notre site web. Achetez des g\u00e9n\u00e9riques.","og_url":"https:\/\/ge24h.com\/fr\/producto\/finpecia-1mg\/","og_site_name":"Ge24h","article_modified_time":"2025-07-16T13:42:17+00:00","og_image":[{"width":800,"height":800,"url":"https:\/\/ge24h.com\/wp-content\/uploads\/finpecia-2.png","type":"image\/png"}],"twitter_card":"summary_large_image","twitter_misc":{"Dur\u00e9e de lecture estim\u00e9e":"4 minutes"},"schema":{"@context":"https:\/\/schema.org","@graph":[{"@type":"WebPage","@id":"https:\/\/ge24h.com\/fr\/producto\/finpecia-1mg\/","url":"https:\/\/ge24h.com\/fr\/producto\/finpecia-1mg\/","name":"Finpecia 1mg - Ge24h","isPartOf":{"@id":"https:\/\/ge24h.com\/#website"},"primaryImageOfPage":{"@id":"https:\/\/ge24h.com\/fr\/producto\/finpecia-1mg\/#primaryimage"},"image":{"@id":"https:\/\/ge24h.com\/fr\/producto\/finpecia-1mg\/#primaryimage"},"thumbnailUrl":"https:\/\/ge24h.com\/wp-content\/uploads\/finpecia-2.png","datePublished":"2025-05-22T09:58:16+00:00","dateModified":"2025-07-16T13:42:17+00:00","description":"Achetez Finpecia 1 mg chez GE24h. Obtenez d\u00e8s maintenant les meilleurs m\u00e9dicaments g\u00e9n\u00e9riques au meilleur prix sur notre site web. Achetez des g\u00e9n\u00e9riques.","breadcrumb":{"@id":"https:\/\/ge24h.com\/fr\/producto\/finpecia-1mg\/#breadcrumb"},"inLanguage":"fr-FR","potentialAction":[{"@type":"ReadAction","target":["https:\/\/ge24h.com\/fr\/producto\/finpecia-1mg\/"]}]},{"@type":"ImageObject","inLanguage":"fr-FR","@id":"https:\/\/ge24h.com\/fr\/producto\/finpecia-1mg\/#primaryimage","url":"https:\/\/ge24h.com\/wp-content\/uploads\/finpecia-2.png","contentUrl":"https:\/\/ge24h.com\/wp-content\/uploads\/finpecia-2.png","width":800,"height":800,"caption":"Finpecia 1mg"},{"@type":"BreadcrumbList","@id":"https:\/\/ge24h.com\/fr\/producto\/finpecia-1mg\/#breadcrumb","itemListElement":[{"@type":"ListItem","position":1,"name":"Portada","item":"https:\/\/ge24h.com\/fr\/"},{"@type":"ListItem","position":2,"name":"boutique","item":"https:\/\/ge24h.com\/fr\/boutique\/"},{"@type":"ListItem","position":3,"name":"Finpecia 1mg"}]},{"@type":"WebSite","@id":"https:\/\/ge24h.com\/#website","url":"https:\/\/ge24h.com\/","name":"Ge24h","description":"Medicamentos Gen\u00e9ricos, Finpecia, Kamagra, Sidenafil, Tadalafil","publisher":{"@id":"https:\/\/ge24h.com\/#organization"},"potentialAction":[{"@type":"SearchAction","target":{"@type":"EntryPoint","urlTemplate":"https:\/\/ge24h.com\/?s={search_term_string}"},"query-input":{"@type":"PropertyValueSpecification","valueRequired":true,"valueName":"search_term_string"}}],"inLanguage":"fr-FR"},{"@type":"Organization","@id":"https:\/\/ge24h.com\/#organization","name":"Ge24h","url":"https:\/\/ge24h.com\/","logo":{"@type":"ImageObject","inLanguage":"fr-FR","@id":"https:\/\/ge24h.com\/#\/schema\/logo\/image\/","url":"https:\/\/ge24h.com\/wp-content\/uploads\/logo-1.svg","contentUrl":"https:\/\/ge24h.com\/wp-content\/uploads\/logo-1.svg","width":200,"height":58,"caption":"Ge24h"},"image":{"@id":"https:\/\/ge24h.com\/#\/schema\/logo\/image\/"}}]}},"_links":{"self":[{"href":"https:\/\/ge24h.com\/fr\/wp-json\/wp\/v2\/product\/5977","targetHints":{"allow":["GET"]}}],"collection":[{"href":"https:\/\/ge24h.com\/fr\/wp-json\/wp\/v2\/product"}],"about":[{"href":"https:\/\/ge24h.com\/fr\/wp-json\/wp\/v2\/types\/product"}],"replies":[{"embeddable":true,"href":"https:\/\/ge24h.com\/fr\/wp-json\/wp\/v2\/comments?post=5977"}],"wp:featuredmedia":[{"embeddable":true,"href":"https:\/\/ge24h.com\/fr\/wp-json\/wp\/v2\/media\/4933"}],"wp:attachment":[{"href":"https:\/\/ge24h.com\/fr\/wp-json\/wp\/v2\/media?parent=5977"}],"wp:term":[{"taxonomy":"product_brand","embeddable":true,"href":"https:\/\/ge24h.com\/fr\/wp-json\/wp\/v2\/product_brand?post=5977"},{"taxonomy":"product_cat","embeddable":true,"href":"https:\/\/ge24h.com\/fr\/wp-json\/wp\/v2\/product_cat?post=5977"},{"taxonomy":"product_tag","embeddable":true,"href":"https:\/\/ge24h.com\/fr\/wp-json\/wp\/v2\/product_tag?post=5977"}],"curies":[{"name":"wp","href":"https:\/\/api.w.org\/{rel}","templated":true}]}}