{"id":5973,"date":"2025-05-22T12:08:16","date_gmt":"2025-05-22T10:08:16","guid":{"rendered":"https:\/\/ge24h.com\/producto\/fincar-5mg\/"},"modified":"2025-07-16T12:17:54","modified_gmt":"2025-07-16T10:17:54","slug":"fincar-5mg","status":"publish","type":"product","link":"https:\/\/ge24h.com\/fr\/producto\/fincar-5mg\/","title":{"rendered":"Fincar 5mg"},"content":{"rendered":"<h3><strong>Nom du m\u00e9dicament:<\/strong> Fincar 1 mg<\/h3>\n<h3><strong>Nom g\u00e9n\u00e9rique:<\/strong> Proscar gen\u00e9rico 5 mg<\/h3>\n<p>&nbsp;<\/p>\n<h4><strong>Quelle est la chose la plus importante que je devrais savoir sur Fincar ?<\/strong><\/h4>\n<ul>\n<li><strong>Les femmes et les enfants ne doivent pas utiliser Fincar 5 mg.<\/strong><\/li>\n<li><strong>Ce m\u00e9dicament doit \u00eatre tenu hors de port\u00e9e des femmes enceintes,<\/strong> car il peut affecter le f\u0153tus et peut \u00e9galement avoir des effets ind\u00e9sirables sur la m\u00e8re.<\/li>\n<li><strong>Ne doublez pas votre dose et ne prenez pas trop de m\u00e9dicaments,<\/strong> car cela n\u2019am\u00e9liorera pas l\u2019effet et peut provoquer des effets secondaires.<\/li>\n<li><strong>Une consommation r\u00e9guli\u00e8re doit \u00eatre \u00e9vit\u00e9e,<\/strong> sauf sous surveillance m\u00e9dicale, car elle peut entra\u00eener des complications irr\u00e9versibles pour la sant\u00e9.<\/li>\n<li><strong>Ne prenez jamais ce m\u00e9dicament en exc\u00e8s<\/strong> car il peut alt\u00e9rer les performances sexuelles.<\/li>\n<\/ul>\n<p>&nbsp;<\/p>\n<h4><strong>Qu&rsquo;est-ce que Fincar ?<\/strong><\/h4>\n<p>Fincar 5 mg est un traitement rapide et efficace contre la calvitie masculine. Son principe actif, le <strong>finast\u00e9ride,<\/strong> neutralise l&rsquo;action de l&rsquo;alpha-r\u00e9ductase de type 5, responsable de la conversion de la <strong>testost\u00e9rone en dihydrotestost\u00e9rone<\/strong> (DHT), principal composant responsable de la calvitie. masculina. <\/p>\n<p>La DHT affaiblit les follicules pileux et provoque la chute des cheveux. En r\u00e9duisant son activit\u00e9, Fincar contribue \u00e0 stopper la chute des cheveux et favorise leur croissance en augmentant la testost\u00e9rone disponible dans l&rsquo;organisme. <\/p>\n<h4><strong>Que dois-je discuter avec mon m\u00e9decin avant de prendre Fincar ?<\/strong><\/h4>\n<ul>\n<li>Consultez votre m\u00e9decin si vous avez des ant\u00e9c\u00e9dents de probl\u00e8mes hormonaux, h\u00e9patiques ou sexuels.<\/li>\n<li>Informez-vous si vous prenez d\u2019autres m\u00e9dicaments susceptibles d\u2019interagir avec les traitements hormonaux.<\/li>\n<li><strong>Ce m\u00e9dicament n\u2019est pas indiqu\u00e9 chez les patients p\u00e9diatriques.<\/strong><\/li>\n<li><strong>Les femmes ne doivent pas manipuler de comprim\u00e9s \u00e9cras\u00e9s ou cass\u00e9s, surtout si elles sont enceintes.<\/strong><\/li>\n<\/ul>\n<p>&nbsp;<\/p>\n<h4><strong>Comment dois-je prendre Fincar ?<\/strong><\/h4>\n<ul>\n<li><strong>La dose standard est d\u2019un comprim\u00e9 de 5 mg par jour.<\/strong><\/li>\n<li>Il doit \u00eatre pris avec de l&rsquo;eau pour faciliter sa dissolution.<\/li>\n<li><strong>N&rsquo;augmentez pas la dose sans consulter votre m\u00e9decin.<\/strong><\/li>\n<li>La discipline dans le dosage est essentielle pour obtenir des r\u00e9sultats efficaces.<\/li>\n<\/ul>\n<p>&nbsp;<\/p>\n<h4><strong>Que se passe-t-il si j\u2019oublie de prendre une dose ?<\/strong><\/h4>\n<p>Si vous oubliez une dose de Fincar, prenez-la d\u00e8s que vous vous en rendez compte. Si la dose suivante est proche, sautez la dose oubli\u00e9e. **Ne prenez pas de double dose.**<\/p>\n<h4><strong>Que se passe-t-il en cas de surdose ?<\/strong><\/h4>\n<p><strong>Ne prenez pas plus que ce qui est prescrit.<\/strong> En cas de surdosage, consultez imm\u00e9diatement un m\u00e9decin, car cela peut entra\u00eener des effets secondaires graves li\u00e9s \u00e0 la fonction sexuelle et hormonale.<\/p>\n<h4><strong>Que dois-je \u00e9viter pendant que je prends Fincar ?<\/strong><\/h4>\n<ul>\n<li>\u00c9vitez d\u2019utiliser le m\u00e9dicament pendant une dur\u00e9e plus longue que celle indiqu\u00e9e.<\/li>\n<li><strong>Les femmes ne doivent jamais prendre Fincar ni \u00eatre expos\u00e9es \u00e0 des comprim\u00e9s cass\u00e9s.<\/strong><\/li>\n<\/ul>\n<p>&nbsp;<\/p>\n<h4><strong>Quels sont les effets secondaires possibles de Fincar ?<\/strong><\/h4>\n<h4><strong>Effets graves :<\/strong><\/h4>\n<ul>\n<li>R\u00e9duction du nombre de spermatozo\u00efdes.<\/li>\n<li>\u00c9jaculation pr\u00e9coce.<\/li>\n<li>Baisse de la libido.<\/li>\n<li>Impuissance.<\/li>\n<\/ul>\n<p>&nbsp;<\/p>\n<h4><strong>Effets mineurs :<\/strong><\/h4>\n<ul>\n<li>Mal de t\u00eate.<\/li>\n<li>Douleur testiculaire.<\/li>\n<li>Poitrine sensible ou gonfl\u00e9e.<\/li>\n<li>Ros\u00e9oles.<\/li>\n<li>Respiration anormale.<\/li>\n<li>Gonflement des mains et des pieds.<\/li>\n<li>Douleur abdominale.<\/li>\n<li>Indigestion.<\/li>\n<\/ul>\n<p>Ces effets secondaires sont g\u00e9n\u00e9ralement temporaires et disparaissent avec le temps. S&rsquo;ils persistent ou s&rsquo;aggravent, consultez votre m\u00e9decin. <\/p>\n<h4><strong>Quels m\u00e9dicaments peuvent interagir avec Fincar ?<\/strong><\/h4>\n<p>Informez votre m\u00e9decin de tout autre m\u00e9dicament que vous prenez, y compris les suppl\u00e9ments, les produits \u00e0 base de plantes et les traitements hormonaux, car ils peuvent interf\u00e9rer avec les effets de Fincar.<\/p>\n<p>Consultez toujours votre m\u00e9decin pour confirmer que ce m\u00e9dicament vous convient.<\/p>\n","protected":false},"excerpt":{"rendered":"<p>Fincar (Proscar g\u00e9n\u00e9rique)<\/p>\n<p>Le Finpecia est tr\u00e8s efficace dans le traitement de la chute de cheveux. C&rsquo;est l&rsquo;un des traitements les plus utilis\u00e9s pour pr\u00e9venir la chute des cheveux chez les hommes. Son ingr\u00e9dient cl\u00e9, le finast\u00e9ride, joue un r\u00f4le cl\u00e9 dans la lutte contre la calvitie masculine.  <\/p>\n<ul>\n<li>Arr\u00eate la chute des cheveux.<\/li>\n<li>Arr\u00eate la chute des cheveux.<\/li>\n<li>Traitement pratique et efficace, un seul comprim\u00e9 par jour.<\/li>\n<\/ul>\n","protected":false},"featured_media":4929,"comment_status":"open","ping_status":"closed","template":"","meta":[],"product_brand":[342],"product_cat":[357,359],"product_tag":[],"class_list":{"0":"post-5973","1":"product","2":"type-product","3":"status-publish","4":"has-post-thumbnail","6":"product_brand-cipla","7":"product_cat-soins-capillaires","8":"product_cat-en-vedette","10":"first","11":"instock","12":"taxable","13":"shipping-taxable","14":"purchasable","15":"product-type-variable"},"yoast_head":"<!-- This site is optimized with the Yoast SEO plugin v25.6 - https:\/\/yoast.com\/wordpress\/plugins\/seo\/ -->\n<title>Fincar 5mg - Ge24h<\/title>\n<meta name=\"description\" content=\"Achetez Fincar 5 mg chez GE24h. Obtenez d\u00e8s maintenant les meilleurs m\u00e9dicaments g\u00e9n\u00e9riques au meilleur prix sur notre site web. Achetez des g\u00e9n\u00e9riques.\" \/>\n<meta name=\"robots\" content=\"index, follow, max-snippet:-1, max-image-preview:large, max-video-preview:-1\" \/>\n<link rel=\"canonical\" href=\"https:\/\/ge24h.com\/fr\/producto\/fincar-5mg\/\" \/>\n<meta property=\"og:locale\" content=\"fr_FR\" \/>\n<meta property=\"og:type\" content=\"article\" \/>\n<meta property=\"og:title\" content=\"Fincar 5mg - Ge24h\" \/>\n<meta property=\"og:description\" content=\"Achetez Fincar 5 mg chez GE24h. Obtenez d\u00e8s maintenant les meilleurs m\u00e9dicaments g\u00e9n\u00e9riques au meilleur prix sur notre site web. Achetez des g\u00e9n\u00e9riques.\" \/>\n<meta property=\"og:url\" content=\"https:\/\/ge24h.com\/fr\/producto\/fincar-5mg\/\" \/>\n<meta property=\"og:site_name\" content=\"Ge24h\" \/>\n<meta property=\"article:modified_time\" content=\"2025-07-16T10:17:54+00:00\" \/>\n<meta property=\"og:image\" content=\"https:\/\/ge24h.com\/wp-content\/uploads\/fincar-5mg-1.png\" \/>\n\t<meta property=\"og:image:width\" content=\"800\" \/>\n\t<meta property=\"og:image:height\" content=\"800\" \/>\n\t<meta property=\"og:image:type\" content=\"image\/png\" \/>\n<meta name=\"twitter:card\" content=\"summary_large_image\" \/>\n<meta name=\"twitter:label1\" content=\"Dur\u00e9e de lecture estim\u00e9e\" \/>\n\t<meta name=\"twitter:data1\" content=\"3 minutes\" \/>\n<script type=\"application\/ld+json\" class=\"yoast-schema-graph\">{\"@context\":\"https:\/\/schema.org\",\"@graph\":[{\"@type\":\"WebPage\",\"@id\":\"https:\/\/ge24h.com\/fr\/producto\/fincar-5mg\/\",\"url\":\"https:\/\/ge24h.com\/fr\/producto\/fincar-5mg\/\",\"name\":\"Fincar 5mg - Ge24h\",\"isPartOf\":{\"@id\":\"https:\/\/ge24h.com\/#website\"},\"primaryImageOfPage\":{\"@id\":\"https:\/\/ge24h.com\/fr\/producto\/fincar-5mg\/#primaryimage\"},\"image\":{\"@id\":\"https:\/\/ge24h.com\/fr\/producto\/fincar-5mg\/#primaryimage\"},\"thumbnailUrl\":\"https:\/\/ge24h.com\/wp-content\/uploads\/fincar-5mg-1.png\",\"datePublished\":\"2025-05-22T10:08:16+00:00\",\"dateModified\":\"2025-07-16T10:17:54+00:00\",\"description\":\"Achetez Fincar 5 mg chez GE24h. Obtenez d\u00e8s maintenant les meilleurs m\u00e9dicaments g\u00e9n\u00e9riques au meilleur prix sur notre site web. Achetez des g\u00e9n\u00e9riques.\",\"breadcrumb\":{\"@id\":\"https:\/\/ge24h.com\/fr\/producto\/fincar-5mg\/#breadcrumb\"},\"inLanguage\":\"fr-FR\",\"potentialAction\":[{\"@type\":\"ReadAction\",\"target\":[\"https:\/\/ge24h.com\/fr\/producto\/fincar-5mg\/\"]}]},{\"@type\":\"ImageObject\",\"inLanguage\":\"fr-FR\",\"@id\":\"https:\/\/ge24h.com\/fr\/producto\/fincar-5mg\/#primaryimage\",\"url\":\"https:\/\/ge24h.com\/wp-content\/uploads\/fincar-5mg-1.png\",\"contentUrl\":\"https:\/\/ge24h.com\/wp-content\/uploads\/fincar-5mg-1.png\",\"width\":800,\"height\":800,\"caption\":\"Fincar 5mg\"},{\"@type\":\"BreadcrumbList\",\"@id\":\"https:\/\/ge24h.com\/fr\/producto\/fincar-5mg\/#breadcrumb\",\"itemListElement\":[{\"@type\":\"ListItem\",\"position\":1,\"name\":\"Portada\",\"item\":\"https:\/\/ge24h.com\/fr\/\"},{\"@type\":\"ListItem\",\"position\":2,\"name\":\"boutique\",\"item\":\"https:\/\/ge24h.com\/fr\/boutique\/\"},{\"@type\":\"ListItem\",\"position\":3,\"name\":\"Fincar 5mg\"}]},{\"@type\":\"WebSite\",\"@id\":\"https:\/\/ge24h.com\/#website\",\"url\":\"https:\/\/ge24h.com\/\",\"name\":\"Ge24h\",\"description\":\"Medicamentos Gen\u00e9ricos, Finpecia, Kamagra, Sidenafil, Tadalafil\",\"publisher\":{\"@id\":\"https:\/\/ge24h.com\/#organization\"},\"potentialAction\":[{\"@type\":\"SearchAction\",\"target\":{\"@type\":\"EntryPoint\",\"urlTemplate\":\"https:\/\/ge24h.com\/?s={search_term_string}\"},\"query-input\":{\"@type\":\"PropertyValueSpecification\",\"valueRequired\":true,\"valueName\":\"search_term_string\"}}],\"inLanguage\":\"fr-FR\"},{\"@type\":\"Organization\",\"@id\":\"https:\/\/ge24h.com\/#organization\",\"name\":\"Ge24h\",\"url\":\"https:\/\/ge24h.com\/\",\"logo\":{\"@type\":\"ImageObject\",\"inLanguage\":\"fr-FR\",\"@id\":\"https:\/\/ge24h.com\/#\/schema\/logo\/image\/\",\"url\":\"https:\/\/ge24h.com\/wp-content\/uploads\/logo-1.svg\",\"contentUrl\":\"https:\/\/ge24h.com\/wp-content\/uploads\/logo-1.svg\",\"width\":200,\"height\":58,\"caption\":\"Ge24h\"},\"image\":{\"@id\":\"https:\/\/ge24h.com\/#\/schema\/logo\/image\/\"}}]}<\/script>\n<!-- \/ Yoast SEO plugin. -->","yoast_head_json":{"title":"Fincar 5mg - Ge24h","description":"Achetez Fincar 5 mg chez GE24h. Obtenez d\u00e8s maintenant les meilleurs m\u00e9dicaments g\u00e9n\u00e9riques au meilleur prix sur notre site web. Achetez des g\u00e9n\u00e9riques.","robots":{"index":"index","follow":"follow","max-snippet":"max-snippet:-1","max-image-preview":"max-image-preview:large","max-video-preview":"max-video-preview:-1"},"canonical":"https:\/\/ge24h.com\/fr\/producto\/fincar-5mg\/","og_locale":"fr_FR","og_type":"article","og_title":"Fincar 5mg - Ge24h","og_description":"Achetez Fincar 5 mg chez GE24h. Obtenez d\u00e8s maintenant les meilleurs m\u00e9dicaments g\u00e9n\u00e9riques au meilleur prix sur notre site web. Achetez des g\u00e9n\u00e9riques.","og_url":"https:\/\/ge24h.com\/fr\/producto\/fincar-5mg\/","og_site_name":"Ge24h","article_modified_time":"2025-07-16T10:17:54+00:00","og_image":[{"width":800,"height":800,"url":"https:\/\/ge24h.com\/wp-content\/uploads\/fincar-5mg-1.png","type":"image\/png"}],"twitter_card":"summary_large_image","twitter_misc":{"Dur\u00e9e de lecture estim\u00e9e":"3 minutes"},"schema":{"@context":"https:\/\/schema.org","@graph":[{"@type":"WebPage","@id":"https:\/\/ge24h.com\/fr\/producto\/fincar-5mg\/","url":"https:\/\/ge24h.com\/fr\/producto\/fincar-5mg\/","name":"Fincar 5mg - Ge24h","isPartOf":{"@id":"https:\/\/ge24h.com\/#website"},"primaryImageOfPage":{"@id":"https:\/\/ge24h.com\/fr\/producto\/fincar-5mg\/#primaryimage"},"image":{"@id":"https:\/\/ge24h.com\/fr\/producto\/fincar-5mg\/#primaryimage"},"thumbnailUrl":"https:\/\/ge24h.com\/wp-content\/uploads\/fincar-5mg-1.png","datePublished":"2025-05-22T10:08:16+00:00","dateModified":"2025-07-16T10:17:54+00:00","description":"Achetez Fincar 5 mg chez GE24h. Obtenez d\u00e8s maintenant les meilleurs m\u00e9dicaments g\u00e9n\u00e9riques au meilleur prix sur notre site web. Achetez des g\u00e9n\u00e9riques.","breadcrumb":{"@id":"https:\/\/ge24h.com\/fr\/producto\/fincar-5mg\/#breadcrumb"},"inLanguage":"fr-FR","potentialAction":[{"@type":"ReadAction","target":["https:\/\/ge24h.com\/fr\/producto\/fincar-5mg\/"]}]},{"@type":"ImageObject","inLanguage":"fr-FR","@id":"https:\/\/ge24h.com\/fr\/producto\/fincar-5mg\/#primaryimage","url":"https:\/\/ge24h.com\/wp-content\/uploads\/fincar-5mg-1.png","contentUrl":"https:\/\/ge24h.com\/wp-content\/uploads\/fincar-5mg-1.png","width":800,"height":800,"caption":"Fincar 5mg"},{"@type":"BreadcrumbList","@id":"https:\/\/ge24h.com\/fr\/producto\/fincar-5mg\/#breadcrumb","itemListElement":[{"@type":"ListItem","position":1,"name":"Portada","item":"https:\/\/ge24h.com\/fr\/"},{"@type":"ListItem","position":2,"name":"boutique","item":"https:\/\/ge24h.com\/fr\/boutique\/"},{"@type":"ListItem","position":3,"name":"Fincar 5mg"}]},{"@type":"WebSite","@id":"https:\/\/ge24h.com\/#website","url":"https:\/\/ge24h.com\/","name":"Ge24h","description":"Medicamentos Gen\u00e9ricos, Finpecia, Kamagra, Sidenafil, Tadalafil","publisher":{"@id":"https:\/\/ge24h.com\/#organization"},"potentialAction":[{"@type":"SearchAction","target":{"@type":"EntryPoint","urlTemplate":"https:\/\/ge24h.com\/?s={search_term_string}"},"query-input":{"@type":"PropertyValueSpecification","valueRequired":true,"valueName":"search_term_string"}}],"inLanguage":"fr-FR"},{"@type":"Organization","@id":"https:\/\/ge24h.com\/#organization","name":"Ge24h","url":"https:\/\/ge24h.com\/","logo":{"@type":"ImageObject","inLanguage":"fr-FR","@id":"https:\/\/ge24h.com\/#\/schema\/logo\/image\/","url":"https:\/\/ge24h.com\/wp-content\/uploads\/logo-1.svg","contentUrl":"https:\/\/ge24h.com\/wp-content\/uploads\/logo-1.svg","width":200,"height":58,"caption":"Ge24h"},"image":{"@id":"https:\/\/ge24h.com\/#\/schema\/logo\/image\/"}}]}},"_links":{"self":[{"href":"https:\/\/ge24h.com\/fr\/wp-json\/wp\/v2\/product\/5973","targetHints":{"allow":["GET"]}}],"collection":[{"href":"https:\/\/ge24h.com\/fr\/wp-json\/wp\/v2\/product"}],"about":[{"href":"https:\/\/ge24h.com\/fr\/wp-json\/wp\/v2\/types\/product"}],"replies":[{"embeddable":true,"href":"https:\/\/ge24h.com\/fr\/wp-json\/wp\/v2\/comments?post=5973"}],"wp:featuredmedia":[{"embeddable":true,"href":"https:\/\/ge24h.com\/fr\/wp-json\/wp\/v2\/media\/4929"}],"wp:attachment":[{"href":"https:\/\/ge24h.com\/fr\/wp-json\/wp\/v2\/media?parent=5973"}],"wp:term":[{"taxonomy":"product_brand","embeddable":true,"href":"https:\/\/ge24h.com\/fr\/wp-json\/wp\/v2\/product_brand?post=5973"},{"taxonomy":"product_cat","embeddable":true,"href":"https:\/\/ge24h.com\/fr\/wp-json\/wp\/v2\/product_cat?post=5973"},{"taxonomy":"product_tag","embeddable":true,"href":"https:\/\/ge24h.com\/fr\/wp-json\/wp\/v2\/product_tag?post=5973"}],"curies":[{"name":"wp","href":"https:\/\/api.w.org\/{rel}","templated":true}]}}